{"id":13245,"date":"2015-09-04T09:06:24","date_gmt":"2015-09-04T09:06:24","guid":{"rendered":"https:\/\/seipuntozero-haircare.it\/home\/"},"modified":"2026-03-10T12:30:27","modified_gmt":"2026-03-10T11:30:27","slug":"home","status":"publish","type":"page","link":"https:\/\/seipuntozero-haircare.it\/pt-pt\/","title":{"rendered":"Home"},"content":{"rendered":"<div class=\"wpb-content-wrapper\"><p>[vc_row css=&#8221;.vc_custom_1623068734109{margin-top: 0px !important;margin-bottom: 0px !important;border-top-width: 0px !important;border-bottom-width: 0px !important;padding-top: 0px !important;padding-bottom: 0px !important;}&#8221;][vc_column][vc_row_inner][vc_column_inner offset=&#8221;vc_hidden-xs&#8221;][rev_slider_vc alias=&#8221;home-1&#8243;][\/vc_column_inner][\/vc_row_inner][vc_row_inner][vc_column_inner offset=&#8221;vc_hidden-lg vc_hidden-md vc_hidden-sm&#8221;][rev_slider_vc alias=&#8221;slide_home_mobile&#8221;][\/vc_column_inner][\/vc_row_inner][\/vc_column][\/vc_row][vc_row parallax=&#8221;content-moving&#8221; parallax_image=&#8221;11581&#8243; css=&#8221;.vc_custom_1489484214754{margin-top: 0px !important;border-top-width: 0px !important;padding-top: 0px !important;}&#8221; el_id=&#8221;kromeside&#8221;][vc_column css=&#8221;.vc_custom_1489483859416{margin-top: 0px !important;border-top-width: 0px !important;padding-top: 0px !important;}&#8221;][vc_row_inner][vc_column_inner][vc_empty_space height=&#8221;80px&#8221;][\/vc_column_inner][\/vc_row_inner][vc_row_inner wrap_type=&#8221;in_container&#8221;][vc_column_inner width=&#8221;7\/12&#8243; offset=&#8221;vc_hidden-xs&#8221;][vc_single_image image=&#8221;18588&#8243; img_size=&#8221;full&#8221;][\/vc_column_inner][vc_column_inner width=&#8221;5\/12&#8243; css=&#8221;.vc_custom_1489484063901{padding-top: 20% !important;padding-bottom: 20% !important;}&#8221; offset=&#8221;vc_hidden-xs&#8221;][vc_custom_heading text=&#8221;KROMPURE&#8221; font_container=&#8221;tag:h1|text_align:left|color:%23457cbb&#8221; use_theme_fonts=&#8221;yes&#8221;][vc_column_text]<\/p>\n<p class=\"p1\"><b>Cor pura, servi\u00e7o t\u00e9cnico ultra delicado<\/b><\/p>\n<p class=\"p1\"><b>Krompure: o novo especialista ao servi\u00e7o do colorista<span class=\"Apple-converted-space\">\u00a0<\/span><\/b><\/p>\n<p class=\"p1\">Concebido para oferecer <b>nuances naturais<\/b>, expressivas e ricas em reflexos brilhantes, sem sacrificar o bem-estar da cabeleira, <b>Krompure<\/b> \u00e9 o creme de colora\u00e7\u00e3o delicado <b>sem amon\u00edaco nem PPD<\/b>. \u00c9 enriquecido com <b>queratina, \u00f3leo de tamanu <\/b>e<b> cavalinha<\/b>, com virtudes cosm\u00e9ticas exclusivas. Cobertura m\u00e1xima dos cabelos brancos, sem qualquer risco para a cliente.<\/p>\n<p><span class=\"col col_shortcode\"><a class=\"maxbutton-6 maxbutton maxbutton-kromepure-pt\" href=\"https:\/\/seipuntozero-haircare.it\/pt-pt\/product\/krompure-creme-de-coloracao-delicado-sem-amoniaco-e-sem-ppd\/\"><span class='mb-text'>SAIBA MAIS<\/span><\/a><\/span>[\/vc_column_text][\/vc_column_inner][\/vc_row_inner][vc_row_inner wrap_type=&#8221;in_container&#8221;][vc_column_inner width=&#8221;5\/12&#8243; offset=&#8221;vc_hidden-lg vc_hidden-md vc_hidden-sm&#8221;][vc_custom_heading text=&#8221;KROMPURE&#8221; font_container=&#8221;tag:h1|text_align:left|color:%23457cbb&#8221; use_theme_fonts=&#8221;yes&#8221;][vc_column_text]<\/p>\n<p class=\"p1\"><b>Cor pura, servi\u00e7o t\u00e9cnico ultra delicado<\/b><\/p>\n<p class=\"p1\"><b>Krompure: o novo especialista ao servi\u00e7o do colorista<span class=\"Apple-converted-space\">\u00a0<\/span><\/b><\/p>\n<p class=\"p1\">Concebido para oferecer <b>nuances naturais<\/b>, expressivas e ricas em reflexos brilhantes, sem sacrificar o bem-estar da cabeleira, <b>Krompure<\/b> \u00e9 o creme de colora\u00e7\u00e3o delicado <b>sem amon\u00edaco nem PPD<\/b>. \u00c9 enriquecido com <b>queratina, \u00f3leo de tamanu <\/b>e<b> cavalinha<\/b>, com virtudes cosm\u00e9ticas exclusivas. Cobertura m\u00e1xima dos cabelos brancos, sem qualquer risco para a cliente.<\/p>\n<p><span class=\"col col_shortcode\"><a class=\"maxbutton-6 maxbutton maxbutton-kromepure-pt\" href=\"https:\/\/seipuntozero-haircare.it\/pt-pt\/product\/krompure-creme-de-coloracao-delicado-sem-amoniaco-e-sem-ppd\/\"><span class='mb-text'>SAIBA MAIS<\/span><\/a><\/span>[\/vc_column_text][\/vc_column_inner][vc_column_inner width=&#8221;7\/12&#8243; offset=&#8221;vc_hidden-lg vc_hidden-md vc_hidden-sm&#8221;][vc_single_image image=&#8221;18588&#8243; img_size=&#8221;full&#8221;][\/vc_column_inner][\/vc_row_inner][vc_row_inner][vc_column_inner][vc_empty_space height=&#8221;80px&#8221;][\/vc_column_inner][\/vc_row_inner][\/vc_column][\/vc_row][vc_row parallax=&#8221;content-moving&#8221; parallax_image=&#8221;11599&#8243; css=&#8221;.vc_custom_1489484892060{margin-top: 0px !important;border-top-width: 0px !important;padding-top: 0px !important;background-color: #0a0a0a !important;}&#8221; el_id=&#8221;xy10&#8243;][vc_column css=&#8221;.vc_custom_1489483859416{margin-top: 0px !important;border-top-width: 0px !important;padding-top: 0px !important;}&#8221;][vc_row_inner][vc_column_inner][vc_empty_space height=&#8221;80px&#8221;][\/vc_column_inner][\/vc_row_inner][vc_row_inner wrap_type=&#8221;in_container&#8221;][vc_column_inner width=&#8221;5\/12&#8243; css=&#8221;.vc_custom_1489484063901{padding-top: 20% !important;padding-bottom: 20% !important;}&#8221; offset=&#8221;vc_hidden-xs&#8221;][vc_custom_heading text=&#8221;XY 10&#8243; font_container=&#8221;tag:h1|text_align:left|color:%23948146&#8243; use_theme_fonts=&#8221;yes&#8221;][vc_column_text]<\/p>\n<p class=\"p1\"><span style=\"color: #ffffff;\"><b>A liga\u00e7\u00e3o com a perfei\u00e7\u00e3o<\/b><\/span><\/p>\n<p class=\"p1\"><span style=\"color: #ffffff;\"><b>Connection X10 e Perfection Y10: um toque de luxo para cabelos sublimes<\/b><\/span><\/p>\n<p class=\"p1\"><span style=\"color: #ffffff;\">Gestos delicados e a sinergia dos <b>princ\u00edpios ativos preciosos<\/b> que sublimam a beleza e o bem-estar da cabeleira: <b>Connection X10<\/b>, m\u00e1scara em spray instant\u00e2nea com <b>\u00f3leo de groselha<\/b> e <b>colag\u00e9nio vegetal<\/b>, combina 10 a\u00e7\u00f5es para uma cabeleira sempre nutrida e protegida; <b>Perfection Y10<\/b>, \u00f3leo de brilho e suavidade com <b>\u00f3leo de arg\u00e3o <\/b>e<b> queratina<\/b>, deixa os cabelos perfeitamente desembara\u00e7ados e regenerados.<\/span><\/p>\n<p><span class=\"col col_shortcode\"><a class=\"maxbutton-5 maxbutton maxbutton-xy-10-pt\" href=\"https:\/\/seipuntozero-haircare.it\/pt-pt\/product-cat\/luxury-touch-pt-pt\/\"><span class='mb-text'>SAIBA MAIS<\/span><\/a> <\/span>[\/vc_column_text][\/vc_column_inner][vc_column_inner width=&#8221;7\/12&#8243; offset=&#8221;vc_hidden-xs&#8221;][vc_single_image image=&#8221;24408&#8243; img_size=&#8221;full&#8221; alignment=&#8221;right&#8221; css=&#8221;&#8221;][\/vc_column_inner][\/vc_row_inner][vc_row_inner wrap_type=&#8221;in_container&#8221;][vc_column_inner width=&#8221;5\/12&#8243; offset=&#8221;vc_hidden-lg vc_hidden-md vc_hidden-sm&#8221;][vc_custom_heading text=&#8221;XY 10&#8243; font_container=&#8221;tag:h1|text_align:left|color:%23948146&#8243; use_theme_fonts=&#8221;yes&#8221;][vc_column_text]<\/p>\n<p class=\"p1\"><span style=\"color: #ffffff;\"><b>A liga\u00e7\u00e3o com a perfei\u00e7\u00e3o<\/b><\/span><\/p>\n<p class=\"p1\"><span style=\"color: #ffffff;\"><b>Connection X10 e Perfection Y10: um toque de luxo para cabelos sublimes<\/b><\/span><\/p>\n<p class=\"p1\"><span style=\"color: #ffffff;\">Gestos delicados e a sinergia dos <b>princ\u00edpios ativos preciosos<\/b> que sublimam a beleza e o bem-estar da cabeleira: <b>Connection X10<\/b>, m\u00e1scara em spray instant\u00e2nea com <b>\u00f3leo de groselha<\/b> e <b>colag\u00e9nio vegetal<\/b>, combina 10 a\u00e7\u00f5es para uma cabeleira sempre nutrida e protegida; <b>Perfection Y10<\/b>, \u00f3leo de brilho e suavidade com <b>\u00f3leo de arg\u00e3o <\/b>e<b> queratina<\/b>, deixa os cabelos perfeitamente desembara\u00e7ados e regenerados.<\/span><\/p>\n<p><span class=\"col col_shortcode\"><a class=\"maxbutton-5 maxbutton maxbutton-xy-10-pt\" href=\"https:\/\/seipuntozero-haircare.it\/pt-pt\/product-cat\/luxury-touch-pt-pt\/\"><span class='mb-text'>SAIBA MAIS<\/span><\/a> <\/span>[\/vc_column_text][\/vc_column_inner][vc_column_inner width=&#8221;7\/12&#8243; offset=&#8221;vc_hidden-lg vc_hidden-md vc_hidden-sm&#8221;][vc_single_image image=&#8221;24408&#8243; img_size=&#8221;full&#8221; alignment=&#8221;right&#8221; css=&#8221;&#8221;][\/vc_column_inner][\/vc_row_inner][vc_row_inner][vc_column_inner][vc_empty_space height=&#8221;80px&#8221;][\/vc_column_inner][\/vc_row_inner][\/vc_column][\/vc_row][vc_row parallax=&#8221;content-moving&#8221; parallax_image=&#8221;11615&#8243; css=&#8221;.vc_custom_1489487081199{margin-top: 0px !important;border-top-width: 0px !important;padding-top: 0px !important;}&#8221; el_id=&#8221;heshe&#8221;][vc_column css=&#8221;.vc_custom_1489483859416{margin-top: 0px !important;border-top-width: 0px !important;padding-top: 0px !important;}&#8221;][vc_row_inner][vc_column_inner][vc_empty_space height=&#8221;80px&#8221;][\/vc_column_inner][\/vc_row_inner][vc_row_inner wrap_type=&#8221;in_container&#8221;][vc_column_inner width=&#8221;7\/12&#8243; offset=&#8221;vc_hidden-xs&#8221;][vc_single_image image=&#8221;18576&#8243; img_size=&#8221;full&#8221;][\/vc_column_inner][vc_column_inner width=&#8221;5\/12&#8243; css=&#8221;.vc_custom_1489484063901{padding-top: 20% !important;padding-bottom: 20% !important;}&#8221; offset=&#8221;vc_hidden-xs&#8221;][vc_custom_heading text=&#8221;HE.SHE&#8221; font_container=&#8221;tag:h1|text_align:left|color:%23c7343d&#8221; use_theme_fonts=&#8221;yes&#8221;][vc_column_text]<\/p>\n<p class=\"p1\"><b>Cria o estilo mais criativo<\/b><\/p>\n<p class=\"p1\"><b>He.She: o melhor da forma para homem e mulher<\/b><\/p>\n<p class=\"p1\">Gra\u00e7as \u00e0 linha completa de <b>produtos de acabamento e styling<\/b> He.She pode valorizar o hairstyling, experimentado novos caminhos: gel, creme, cera e spray para cabelos modelam, definem e fixam <b>cada tipo de penteado<\/b>, criando e aperfei\u00e7oando o penteado com que sempre sonhou atrav\u00e9s de um <b>estilo trendy<\/b>, preciso e livre de quaisquer conven\u00e7\u00f5es.<span class=\"Apple-converted-space\">\u00a0<\/span><\/p>\n<p><span class=\"col col_shortcode\"><a class=\"maxbutton-3 maxbutton maxbutton-he-she-pt\" href=\"https:\/\/seipuntozero-haircare.it\/pt-pt\/product-cat\/styling-pt-pt\/\"><span class='mb-text'>SAIBA MAIS<\/span><\/a> <\/span>[\/vc_column_text][\/vc_column_inner][\/vc_row_inner][vc_row_inner wrap_type=&#8221;in_container&#8221;][vc_column_inner width=&#8221;5\/12&#8243; offset=&#8221;vc_hidden-lg vc_hidden-md vc_hidden-sm&#8221;][vc_custom_heading text=&#8221;HE.SHE&#8221; font_container=&#8221;tag:h1|text_align:left|color:%23c7343d&#8221; use_theme_fonts=&#8221;yes&#8221;][vc_column_text]<\/p>\n<p class=\"p1\"><b>Cria o estilo mais criativo<\/b><\/p>\n<p class=\"p1\"><b>He.She: o melhor da forma para homem e mulher<\/b><\/p>\n<p class=\"p1\">Gra\u00e7as \u00e0 linha completa de <b>produtos de acabamento e styling<\/b> He.She pode valorizar o hairstyling, experimentado novos caminhos: gel, creme, cera e spray para cabelos modelam, definem e fixam <b>cada tipo de penteado<\/b>, criando e aperfei\u00e7oando o penteado com que sempre sonhou atrav\u00e9s de um <b>estilo trendy<\/b>, preciso e livre de quaisquer conven\u00e7\u00f5es.<span class=\"Apple-converted-space\">\u00a0<\/span><\/p>\n<p><span class=\"col col_shortcode\"><a class=\"maxbutton-3 maxbutton maxbutton-he-she-pt\" href=\"https:\/\/seipuntozero-haircare.it\/pt-pt\/product-cat\/styling-pt-pt\/\"><span class='mb-text'>SAIBA MAIS<\/span><\/a> <\/span>[\/vc_column_text][\/vc_column_inner][vc_column_inner width=&#8221;7\/12&#8243; offset=&#8221;vc_hidden-lg vc_hidden-md vc_hidden-sm&#8221;][vc_single_image image=&#8221;18576&#8243; img_size=&#8221;full&#8221;][\/vc_column_inner][\/vc_row_inner][vc_row_inner][vc_column_inner][vc_empty_space height=&#8221;80px&#8221;][\/vc_column_inner][\/vc_row_inner][\/vc_column][\/vc_row]<\/p>\n<\/div>","protected":false},"excerpt":{"rendered":"<p>[vc_row css=&#8221;.vc_custom_1623068734109{margin-top: 0px !important;margin-bottom: 0px !important;border-top-width: 0px !important;border-bottom-width: 0px !important;padding-top: 0px !important;padding-bottom: 0px !important;}&#8221;][vc_column][vc_row_inner][vc_column_inner offset=&#8221;vc_hidden-xs&#8221;][rev_slider_vc alias=&#8221;home-1&#8243;][\/vc_column_inner][\/vc_row_inner][vc_row_inner][vc_column_inner offset=&#8221;vc_hidden-lg vc_hidden-md vc_hidden-sm&#8221;][rev_slider_vc alias=&#8221;slide_home_mobile&#8221;][\/vc_column_inner][\/vc_row_inner][\/vc_column][\/vc_row][vc_row parallax=&#8221;content-moving&#8221; parallax_image=&#8221;11581&#8243; css=&#8221;.vc_custom_1489484214754{margin-top: 0px !important;border-top-width: 0px !important;padding-top: 0px !important;}&#8221; el_id=&#8221;kromeside&#8221;][vc_column css=&#8221;.vc_custom_1489483859416{margin-top: 0px !important;border-top-width: 0px !important;padding-top: 0px !important;}&#8221;][vc_row_inner][vc_column_inner][vc_empty_space height=&#8221;80px&#8221;][\/vc_column_inner][\/vc_row_inner][vc_row_inner wrap_type=&#8221;in_container&#8221;][vc_column_inner width=&#8221;7\/12&#8243; offset=&#8221;vc_hidden-xs&#8221;][vc_single_image image=&#8221;18588&#8243; img_size=&#8221;full&#8221;][\/vc_column_inner][vc_column_inner width=&#8221;5\/12&#8243; css=&#8221;.vc_custom_1489484063901{padding-top: 20% !important;padding-bottom: 20% !important;}&#8221; offset=&#8221;vc_hidden-xs&#8221;][vc_custom_heading text=&#8221;KROMPURE&#8221; font_container=&#8221;tag:h1|text_align:left|color:%23457cbb&#8221; use_theme_fonts=&#8221;yes&#8221;][vc_column_text] Cor pura, servi\u00e7o t\u00e9cnico ultra delicado Krompure:&#8230;<\/p>\n","protected":false},"author":1,"featured_media":0,"parent":0,"menu_order":0,"comment_status":"closed","ping_status":"closed","template":"page-full-width.php","meta":{"footnotes":""},"class_list":["post-13245","page","type-page","status-publish","hentry"],"yoast_head":"<!-- This site is optimized with the Yoast SEO plugin v27.1.1 - https:\/\/yoast.com\/product\/yoast-seo-wordpress\/ -->\n<title>Colora\u00e7\u00e3o, Hair Care, Finishing &amp; Styling | 6.Zero - Essential Touch<\/title>\n<meta name=\"description\" content=\"Colora\u00e7\u00f5es profissionais, tratamentos concebidos em busca da beleza e do bem-estar, acabamento e produtos para o styling com padr\u00f5es de qualidade elevados.\" \/>\n<meta name=\"robots\" content=\"index, follow, max-snippet:-1, max-image-preview:large, max-video-preview:-1\" \/>\n<link rel=\"canonical\" href=\"https:\/\/seipuntozero-haircare.it\/pt-pt\/\" \/>\n<meta property=\"og:locale\" content=\"pt_PT\" \/>\n<meta property=\"og:type\" content=\"article\" \/>\n<meta property=\"og:title\" content=\"Colora\u00e7\u00e3o, Hair Care, Finishing &amp; Styling | 6.Zero - Essential Touch\" \/>\n<meta property=\"og:description\" content=\"Colora\u00e7\u00f5es profissionais, tratamentos concebidos em busca da beleza e do bem-estar, acabamento e produtos para o styling com padr\u00f5es de qualidade elevados.\" \/>\n<meta property=\"og:url\" content=\"https:\/\/seipuntozero-haircare.it\/pt-pt\/\" \/>\n<meta property=\"og:site_name\" content=\"6.Zero\" \/>\n<meta property=\"article:modified_time\" content=\"2026-03-10T11:30:27+00:00\" \/>\n<meta name=\"twitter:card\" content=\"summary_large_image\" \/>\n<meta name=\"twitter:label1\" content=\"Tempo estimado de leitura\" \/>\n\t<meta name=\"twitter:data1\" content=\"6 minutos\" \/>\n<script type=\"application\/ld+json\" class=\"yoast-schema-graph\">{\"@context\":\"https:\/\/schema.org\",\"@graph\":[{\"@type\":\"WebPage\",\"@id\":\"https:\/\/seipuntozero-haircare.it\/pt-pt\/\",\"url\":\"https:\/\/seipuntozero-haircare.it\/pt-pt\/\",\"name\":\"Colora\u00e7\u00e3o, Hair Care, Finishing & Styling | 6.Zero - Essential Touch\",\"isPartOf\":{\"@id\":\"https:\/\/seipuntozero-haircare.it\/pt-pt\/#website\"},\"datePublished\":\"2015-09-04T09:06:24+00:00\",\"dateModified\":\"2026-03-10T11:30:27+00:00\",\"description\":\"Colora\u00e7\u00f5es profissionais, tratamentos concebidos em busca da beleza e do bem-estar, acabamento e produtos para o styling com padr\u00f5es de qualidade elevados.\",\"breadcrumb\":{\"@id\":\"https:\/\/seipuntozero-haircare.it\/pt-pt\/#breadcrumb\"},\"inLanguage\":\"pt-PT\",\"potentialAction\":[{\"@type\":\"ReadAction\",\"target\":[\"https:\/\/seipuntozero-haircare.it\/pt-pt\/\"]}]},{\"@type\":\"BreadcrumbList\",\"@id\":\"https:\/\/seipuntozero-haircare.it\/pt-pt\/#breadcrumb\",\"itemListElement\":[{\"@type\":\"ListItem\",\"position\":1,\"name\":\"Home\",\"item\":\"https:\/\/seipuntozero-haircare.it\/pt-pt\/\"},{\"@type\":\"ListItem\",\"position\":2,\"name\":\"Home\"}]},{\"@type\":\"WebSite\",\"@id\":\"https:\/\/seipuntozero-haircare.it\/pt-pt\/#website\",\"url\":\"https:\/\/seipuntozero-haircare.it\/pt-pt\/\",\"name\":\"6.Zero\",\"description\":\"Essential Touch\",\"potentialAction\":[{\"@type\":\"SearchAction\",\"target\":{\"@type\":\"EntryPoint\",\"urlTemplate\":\"https:\/\/seipuntozero-haircare.it\/pt-pt\/?s={search_term_string}\"},\"query-input\":{\"@type\":\"PropertyValueSpecification\",\"valueRequired\":true,\"valueName\":\"search_term_string\"}}],\"inLanguage\":\"pt-PT\"}]}<\/script>\n<!-- \/ Yoast SEO plugin. -->","yoast_head_json":{"title":"Colora\u00e7\u00e3o, Hair Care, Finishing & Styling | 6.Zero - Essential Touch","description":"Colora\u00e7\u00f5es profissionais, tratamentos concebidos em busca da beleza e do bem-estar, acabamento e produtos para o styling com padr\u00f5es de qualidade elevados.","robots":{"index":"index","follow":"follow","max-snippet":"max-snippet:-1","max-image-preview":"max-image-preview:large","max-video-preview":"max-video-preview:-1"},"canonical":"https:\/\/seipuntozero-haircare.it\/pt-pt\/","og_locale":"pt_PT","og_type":"article","og_title":"Colora\u00e7\u00e3o, Hair Care, Finishing & Styling | 6.Zero - Essential Touch","og_description":"Colora\u00e7\u00f5es profissionais, tratamentos concebidos em busca da beleza e do bem-estar, acabamento e produtos para o styling com padr\u00f5es de qualidade elevados.","og_url":"https:\/\/seipuntozero-haircare.it\/pt-pt\/","og_site_name":"6.Zero","article_modified_time":"2026-03-10T11:30:27+00:00","twitter_card":"summary_large_image","twitter_misc":{"Tempo estimado de leitura":"6 minutos"},"schema":{"@context":"https:\/\/schema.org","@graph":[{"@type":"WebPage","@id":"https:\/\/seipuntozero-haircare.it\/pt-pt\/","url":"https:\/\/seipuntozero-haircare.it\/pt-pt\/","name":"Colora\u00e7\u00e3o, Hair Care, Finishing & Styling | 6.Zero - Essential Touch","isPartOf":{"@id":"https:\/\/seipuntozero-haircare.it\/pt-pt\/#website"},"datePublished":"2015-09-04T09:06:24+00:00","dateModified":"2026-03-10T11:30:27+00:00","description":"Colora\u00e7\u00f5es profissionais, tratamentos concebidos em busca da beleza e do bem-estar, acabamento e produtos para o styling com padr\u00f5es de qualidade elevados.","breadcrumb":{"@id":"https:\/\/seipuntozero-haircare.it\/pt-pt\/#breadcrumb"},"inLanguage":"pt-PT","potentialAction":[{"@type":"ReadAction","target":["https:\/\/seipuntozero-haircare.it\/pt-pt\/"]}]},{"@type":"BreadcrumbList","@id":"https:\/\/seipuntozero-haircare.it\/pt-pt\/#breadcrumb","itemListElement":[{"@type":"ListItem","position":1,"name":"Home","item":"https:\/\/seipuntozero-haircare.it\/pt-pt\/"},{"@type":"ListItem","position":2,"name":"Home"}]},{"@type":"WebSite","@id":"https:\/\/seipuntozero-haircare.it\/pt-pt\/#website","url":"https:\/\/seipuntozero-haircare.it\/pt-pt\/","name":"6.Zero","description":"Essential Touch","potentialAction":[{"@type":"SearchAction","target":{"@type":"EntryPoint","urlTemplate":"https:\/\/seipuntozero-haircare.it\/pt-pt\/?s={search_term_string}"},"query-input":{"@type":"PropertyValueSpecification","valueRequired":true,"valueName":"search_term_string"}}],"inLanguage":"pt-PT"}]}},"_links":{"self":[{"href":"https:\/\/seipuntozero-haircare.it\/pt-pt\/wp-json\/wp\/v2\/pages\/13245","targetHints":{"allow":["GET"]}}],"collection":[{"href":"https:\/\/seipuntozero-haircare.it\/pt-pt\/wp-json\/wp\/v2\/pages"}],"about":[{"href":"https:\/\/seipuntozero-haircare.it\/pt-pt\/wp-json\/wp\/v2\/types\/page"}],"author":[{"embeddable":true,"href":"https:\/\/seipuntozero-haircare.it\/pt-pt\/wp-json\/wp\/v2\/users\/1"}],"replies":[{"embeddable":true,"href":"https:\/\/seipuntozero-haircare.it\/pt-pt\/wp-json\/wp\/v2\/comments?post=13245"}],"version-history":[{"count":5,"href":"https:\/\/seipuntozero-haircare.it\/pt-pt\/wp-json\/wp\/v2\/pages\/13245\/revisions"}],"predecessor-version":[{"id":24417,"href":"https:\/\/seipuntozero-haircare.it\/pt-pt\/wp-json\/wp\/v2\/pages\/13245\/revisions\/24417"}],"wp:attachment":[{"href":"https:\/\/seipuntozero-haircare.it\/pt-pt\/wp-json\/wp\/v2\/media?parent=13245"}],"curies":[{"name":"wp","href":"https:\/\/api.w.org\/{rel}","templated":true}]}}