{"id":24434,"date":"2026-04-03T11:41:40","date_gmt":"2026-04-03T09:41:40","guid":{"rendered":"https:\/\/seipuntozero-haircare.it\/?post_type=product&#038;p=24434"},"modified":"2026-04-03T11:55:44","modified_gmt":"2026-04-03T09:55:44","slug":"he-she-lakier-do-wlosow-w-sprayu-o-ekstremalnym-utrwaleniu","status":"publish","type":"product","link":"https:\/\/seipuntozero-haircare.it\/pl\/prodotto\/he-she-lakier-do-wlosow-w-sprayu-o-ekstremalnym-utrwaleniu\/","title":{"rendered":"HE.SHE <br> Lakier do w\u0142os\u00f3w w sprayu o ekstremalnym utrwaleniu"},"content":{"rendered":"<div class=\"wpb-content-wrapper\"><p>[vc_row][vc_column][vc_column_text css=&#8221;&#8221;]\u2022 Bardzo mocne utrwalenie<br \/>\n\u2022 Ultra-drobna mgie\u0142ka<br \/>\n\u2022 Precyzyjna kontrola stylizacji<br \/>\n\u2022 Szybkie schni\u0119cie<br \/>\n\u2022 R\u00f3wnomierne utrwalenie<br \/>\n\u2022 Bez osadu[\/vc_column_text][\/vc_column][\/vc_row]<\/p>\n<\/div>","protected":false},"excerpt":{"rendered":"<p><span style=\"font-weight: 400;\">Profesjonalny lakier do w\u0142os\u00f3w stworzony, aby utrwala\u0107 fryzur\u0119 z precyzj\u0105 i ekstremaln\u0105 trwa\u0142o\u015bci\u0105, zachowuj\u0105c lekko\u015b\u0107 i naturalny ruch.<\/span><\/p>\n<p><span style=\"font-weight: 400;\">HE.SHE to odpowied\u017a na potrzeby strukturyzowanych stylizacji i perfekcyjnych wyko\u0144cze\u0144: lakier, kt\u00f3ry definiuje, utrwala i chroni, nie obci\u0105\u017caj\u0105c w\u0142os\u00f3w i nie pozostawiaj\u0105c osadu.<\/span><span style=\"font-weight: 400;\"><br \/>\n<\/span><span style=\"font-weight: 400;\">Ultra-drobna mgie\u0142ka zapewnia r\u00f3wnomiern\u0105 aplikacj\u0119, a szybkie schni\u0119cie umo\u017cliwia natychmiastow\u0105 kontrol\u0119 stylizacji.<\/span><\/p>\n<p><span style=\"font-weight: 400;\">500 ml<\/span><\/p>\n","protected":false},"featured_media":24425,"template":"","meta":[],"product_brand":[],"product_cat":[1216],"product_tag":[],"class_list":["post-24434","product","type-product","status-publish","has-post-thumbnail","hentry","product_cat-styling-pl"],"yoast_head":"<!-- This site is optimized with the Yoast SEO plugin v27.1.1 - https:\/\/yoast.com\/product\/yoast-seo-wordpress\/ -->\n<title>HE.SHE  Lakier do w\u0142os\u00f3w w sprayu o ekstremalnym utrwaleniu - 6.Zero<\/title>\n<meta name=\"description\" content=\"Profesjonalny lakier do w\u0142os\u00f3w stworzony, aby utrwala\u0107 fryzur\u0119 z precyzj\u0105 i ekstremaln\u0105 trwa\u0142o\u015bci\u0105, zachowuj\u0105c lekko\u015b\u0107 i naturalny ruch.\" \/>\n<meta name=\"robots\" content=\"index, follow, max-snippet:-1, max-image-preview:large, max-video-preview:-1\" \/>\n<link rel=\"canonical\" href=\"https:\/\/seipuntozero-haircare.it\/pl\/prodotto\/he-she-lakier-do-wlosow-w-sprayu-o-ekstremalnym-utrwaleniu\/\" \/>\n<meta property=\"og:locale\" content=\"pl_PL\" \/>\n<meta property=\"og:type\" content=\"article\" \/>\n<meta property=\"og:title\" content=\"HE.SHE  Lakier do w\u0142os\u00f3w w sprayu o ekstremalnym utrwaleniu - 6.Zero\" \/>\n<meta property=\"og:description\" content=\"Profesjonalny lakier do w\u0142os\u00f3w stworzony, aby utrwala\u0107 fryzur\u0119 z precyzj\u0105 i ekstremaln\u0105 trwa\u0142o\u015bci\u0105, zachowuj\u0105c lekko\u015b\u0107 i naturalny ruch.\" \/>\n<meta property=\"og:url\" content=\"https:\/\/seipuntozero-haircare.it\/pl\/prodotto\/he-she-lakier-do-wlosow-w-sprayu-o-ekstremalnym-utrwaleniu\/\" \/>\n<meta property=\"og:site_name\" content=\"6.Zero\" \/>\n<meta property=\"article:modified_time\" content=\"2026-04-03T09:55:44+00:00\" \/>\n<meta property=\"og:image\" content=\"https:\/\/seipuntozero-haircare.it\/wp-content\/uploads\/2026\/03\/lacca-spray-ultra-500ml-sito.png\" \/>\n\t<meta property=\"og:image:width\" content=\"600\" \/>\n\t<meta property=\"og:image:height\" content=\"600\" \/>\n\t<meta property=\"og:image:type\" content=\"image\/png\" \/>\n<meta name=\"twitter:card\" content=\"summary_large_image\" \/>\n<meta name=\"twitter:label1\" content=\"Szacowany czas czytania\" \/>\n\t<meta name=\"twitter:data1\" content=\"1 minuta\" \/>\n<script type=\"application\/ld+json\" class=\"yoast-schema-graph\">{\"@context\":\"https:\/\/schema.org\",\"@graph\":[{\"@type\":\"WebPage\",\"@id\":\"https:\/\/seipuntozero-haircare.it\/pl\/prodotto\/he-she-lakier-do-wlosow-w-sprayu-o-ekstremalnym-utrwaleniu\/\",\"url\":\"https:\/\/seipuntozero-haircare.it\/pl\/prodotto\/he-she-lakier-do-wlosow-w-sprayu-o-ekstremalnym-utrwaleniu\/\",\"name\":\"HE.SHE Lakier do w\u0142os\u00f3w w sprayu o ekstremalnym utrwaleniu - 6.Zero\",\"isPartOf\":{\"@id\":\"https:\/\/seipuntozero-haircare.it\/pl\/#website\"},\"primaryImageOfPage\":{\"@id\":\"https:\/\/seipuntozero-haircare.it\/pl\/prodotto\/he-she-lakier-do-wlosow-w-sprayu-o-ekstremalnym-utrwaleniu\/#primaryimage\"},\"image\":{\"@id\":\"https:\/\/seipuntozero-haircare.it\/pl\/prodotto\/he-she-lakier-do-wlosow-w-sprayu-o-ekstremalnym-utrwaleniu\/#primaryimage\"},\"thumbnailUrl\":\"https:\/\/seipuntozero-haircare.it\/wp-content\/uploads\/2026\/03\/lacca-spray-ultra-500ml-sito.png\",\"datePublished\":\"2026-04-03T09:41:40+00:00\",\"dateModified\":\"2026-04-03T09:55:44+00:00\",\"description\":\"Profesjonalny lakier do w\u0142os\u00f3w stworzony, aby utrwala\u0107 fryzur\u0119 z precyzj\u0105 i ekstremaln\u0105 trwa\u0142o\u015bci\u0105, zachowuj\u0105c lekko\u015b\u0107 i naturalny ruch.\",\"breadcrumb\":{\"@id\":\"https:\/\/seipuntozero-haircare.it\/pl\/prodotto\/he-she-lakier-do-wlosow-w-sprayu-o-ekstremalnym-utrwaleniu\/#breadcrumb\"},\"inLanguage\":\"pl-PL\",\"potentialAction\":[{\"@type\":\"ReadAction\",\"target\":[\"https:\/\/seipuntozero-haircare.it\/pl\/prodotto\/he-she-lakier-do-wlosow-w-sprayu-o-ekstremalnym-utrwaleniu\/\"]}]},{\"@type\":\"ImageObject\",\"inLanguage\":\"pl-PL\",\"@id\":\"https:\/\/seipuntozero-haircare.it\/pl\/prodotto\/he-she-lakier-do-wlosow-w-sprayu-o-ekstremalnym-utrwaleniu\/#primaryimage\",\"url\":\"https:\/\/seipuntozero-haircare.it\/wp-content\/uploads\/2026\/03\/lacca-spray-ultra-500ml-sito.png\",\"contentUrl\":\"https:\/\/seipuntozero-haircare.it\/wp-content\/uploads\/2026\/03\/lacca-spray-ultra-500ml-sito.png\",\"width\":600,\"height\":600},{\"@type\":\"BreadcrumbList\",\"@id\":\"https:\/\/seipuntozero-haircare.it\/pl\/prodotto\/he-she-lakier-do-wlosow-w-sprayu-o-ekstremalnym-utrwaleniu\/#breadcrumb\",\"itemListElement\":[{\"@type\":\"ListItem\",\"position\":1,\"name\":\"Home\",\"item\":\"https:\/\/seipuntozero-haircare.it\/pl\/\"},{\"@type\":\"ListItem\",\"position\":2,\"name\":\"Prodotti\",\"item\":\"https:\/\/seipuntozero-haircare.it\/prodotti\/\"},{\"@type\":\"ListItem\",\"position\":3,\"name\":\"HE.SHE Lakier do w\u0142os\u00f3w w sprayu o ekstremalnym utrwaleniu\"}]},{\"@type\":\"WebSite\",\"@id\":\"https:\/\/seipuntozero-haircare.it\/pl\/#website\",\"url\":\"https:\/\/seipuntozero-haircare.it\/pl\/\",\"name\":\"6.Zero\",\"description\":\"Essential Touch\",\"potentialAction\":[{\"@type\":\"SearchAction\",\"target\":{\"@type\":\"EntryPoint\",\"urlTemplate\":\"https:\/\/seipuntozero-haircare.it\/pl\/?s={search_term_string}\"},\"query-input\":{\"@type\":\"PropertyValueSpecification\",\"valueRequired\":true,\"valueName\":\"search_term_string\"}}],\"inLanguage\":\"pl-PL\"}]}<\/script>\n<!-- \/ Yoast SEO plugin. -->","yoast_head_json":{"title":"HE.SHE  Lakier do w\u0142os\u00f3w w sprayu o ekstremalnym utrwaleniu - 6.Zero","description":"Profesjonalny lakier do w\u0142os\u00f3w stworzony, aby utrwala\u0107 fryzur\u0119 z precyzj\u0105 i ekstremaln\u0105 trwa\u0142o\u015bci\u0105, zachowuj\u0105c lekko\u015b\u0107 i naturalny ruch.","robots":{"index":"index","follow":"follow","max-snippet":"max-snippet:-1","max-image-preview":"max-image-preview:large","max-video-preview":"max-video-preview:-1"},"canonical":"https:\/\/seipuntozero-haircare.it\/pl\/prodotto\/he-she-lakier-do-wlosow-w-sprayu-o-ekstremalnym-utrwaleniu\/","og_locale":"pl_PL","og_type":"article","og_title":"HE.SHE  Lakier do w\u0142os\u00f3w w sprayu o ekstremalnym utrwaleniu - 6.Zero","og_description":"Profesjonalny lakier do w\u0142os\u00f3w stworzony, aby utrwala\u0107 fryzur\u0119 z precyzj\u0105 i ekstremaln\u0105 trwa\u0142o\u015bci\u0105, zachowuj\u0105c lekko\u015b\u0107 i naturalny ruch.","og_url":"https:\/\/seipuntozero-haircare.it\/pl\/prodotto\/he-she-lakier-do-wlosow-w-sprayu-o-ekstremalnym-utrwaleniu\/","og_site_name":"6.Zero","article_modified_time":"2026-04-03T09:55:44+00:00","og_image":[{"width":600,"height":600,"url":"https:\/\/seipuntozero-haircare.it\/wp-content\/uploads\/2026\/03\/lacca-spray-ultra-500ml-sito.png","type":"image\/png"}],"twitter_card":"summary_large_image","twitter_misc":{"Szacowany czas czytania":"1 minuta"},"schema":{"@context":"https:\/\/schema.org","@graph":[{"@type":"WebPage","@id":"https:\/\/seipuntozero-haircare.it\/pl\/prodotto\/he-she-lakier-do-wlosow-w-sprayu-o-ekstremalnym-utrwaleniu\/","url":"https:\/\/seipuntozero-haircare.it\/pl\/prodotto\/he-she-lakier-do-wlosow-w-sprayu-o-ekstremalnym-utrwaleniu\/","name":"HE.SHE Lakier do w\u0142os\u00f3w w sprayu o ekstremalnym utrwaleniu - 6.Zero","isPartOf":{"@id":"https:\/\/seipuntozero-haircare.it\/pl\/#website"},"primaryImageOfPage":{"@id":"https:\/\/seipuntozero-haircare.it\/pl\/prodotto\/he-she-lakier-do-wlosow-w-sprayu-o-ekstremalnym-utrwaleniu\/#primaryimage"},"image":{"@id":"https:\/\/seipuntozero-haircare.it\/pl\/prodotto\/he-she-lakier-do-wlosow-w-sprayu-o-ekstremalnym-utrwaleniu\/#primaryimage"},"thumbnailUrl":"https:\/\/seipuntozero-haircare.it\/wp-content\/uploads\/2026\/03\/lacca-spray-ultra-500ml-sito.png","datePublished":"2026-04-03T09:41:40+00:00","dateModified":"2026-04-03T09:55:44+00:00","description":"Profesjonalny lakier do w\u0142os\u00f3w stworzony, aby utrwala\u0107 fryzur\u0119 z precyzj\u0105 i ekstremaln\u0105 trwa\u0142o\u015bci\u0105, zachowuj\u0105c lekko\u015b\u0107 i naturalny ruch.","breadcrumb":{"@id":"https:\/\/seipuntozero-haircare.it\/pl\/prodotto\/he-she-lakier-do-wlosow-w-sprayu-o-ekstremalnym-utrwaleniu\/#breadcrumb"},"inLanguage":"pl-PL","potentialAction":[{"@type":"ReadAction","target":["https:\/\/seipuntozero-haircare.it\/pl\/prodotto\/he-she-lakier-do-wlosow-w-sprayu-o-ekstremalnym-utrwaleniu\/"]}]},{"@type":"ImageObject","inLanguage":"pl-PL","@id":"https:\/\/seipuntozero-haircare.it\/pl\/prodotto\/he-she-lakier-do-wlosow-w-sprayu-o-ekstremalnym-utrwaleniu\/#primaryimage","url":"https:\/\/seipuntozero-haircare.it\/wp-content\/uploads\/2026\/03\/lacca-spray-ultra-500ml-sito.png","contentUrl":"https:\/\/seipuntozero-haircare.it\/wp-content\/uploads\/2026\/03\/lacca-spray-ultra-500ml-sito.png","width":600,"height":600},{"@type":"BreadcrumbList","@id":"https:\/\/seipuntozero-haircare.it\/pl\/prodotto\/he-she-lakier-do-wlosow-w-sprayu-o-ekstremalnym-utrwaleniu\/#breadcrumb","itemListElement":[{"@type":"ListItem","position":1,"name":"Home","item":"https:\/\/seipuntozero-haircare.it\/pl\/"},{"@type":"ListItem","position":2,"name":"Prodotti","item":"https:\/\/seipuntozero-haircare.it\/prodotti\/"},{"@type":"ListItem","position":3,"name":"HE.SHE Lakier do w\u0142os\u00f3w w sprayu o ekstremalnym utrwaleniu"}]},{"@type":"WebSite","@id":"https:\/\/seipuntozero-haircare.it\/pl\/#website","url":"https:\/\/seipuntozero-haircare.it\/pl\/","name":"6.Zero","description":"Essential Touch","potentialAction":[{"@type":"SearchAction","target":{"@type":"EntryPoint","urlTemplate":"https:\/\/seipuntozero-haircare.it\/pl\/?s={search_term_string}"},"query-input":{"@type":"PropertyValueSpecification","valueRequired":true,"valueName":"search_term_string"}}],"inLanguage":"pl-PL"}]}},"_links":{"self":[{"href":"https:\/\/seipuntozero-haircare.it\/pl\/wp-json\/wp\/v2\/product\/24434","targetHints":{"allow":["GET"]}}],"collection":[{"href":"https:\/\/seipuntozero-haircare.it\/pl\/wp-json\/wp\/v2\/product"}],"about":[{"href":"https:\/\/seipuntozero-haircare.it\/pl\/wp-json\/wp\/v2\/types\/product"}],"wp:featuredmedia":[{"embeddable":true,"href":"https:\/\/seipuntozero-haircare.it\/pl\/wp-json\/wp\/v2\/media\/24425"}],"wp:attachment":[{"href":"https:\/\/seipuntozero-haircare.it\/pl\/wp-json\/wp\/v2\/media?parent=24434"}],"wp:term":[{"taxonomy":"product_brand","embeddable":true,"href":"https:\/\/seipuntozero-haircare.it\/pl\/wp-json\/wp\/v2\/product_brand?post=24434"},{"taxonomy":"product_cat","embeddable":true,"href":"https:\/\/seipuntozero-haircare.it\/pl\/wp-json\/wp\/v2\/product_cat?post=24434"},{"taxonomy":"product_tag","embeddable":true,"href":"https:\/\/seipuntozero-haircare.it\/pl\/wp-json\/wp\/v2\/product_tag?post=24434"}],"curies":[{"name":"wp","href":"https:\/\/api.w.org\/{rel}","templated":true}]}}