{"id":24296,"date":"2025-11-12T08:47:05","date_gmt":"2025-11-12T07:47:05","guid":{"rendered":"https:\/\/seipuntozero-haircare.it\/?post_type=product&#038;p=24296"},"modified":"2025-11-12T09:49:07","modified_gmt":"2025-11-12T08:49:07","slug":"hy-primer","status":"publish","type":"product","link":"https:\/\/seipuntozero-haircare.it\/pl\/prodotto\/hy-primer\/","title":{"rendered":"HY-PRIMER <br>  P\u0142yn przed szamponem do sk\u00f3ry g\u0142owy"},"content":{"rendered":"","protected":false},"excerpt":{"rendered":"<p><em><span style=\"font-weight: 400;\">Najpierw reset, potem budowanie.<\/span><\/em><span style=\"font-weight: 400;\"><br \/>\n<\/span><\/p>\n<p><span style=\"font-weight: 400;\"><strong>HY-PRIMER<\/strong> to p\u0142yn przed szamponem do sk\u00f3ry g\u0142owy, kt\u00f3ry \u201eresetuje\u201d baz\u0119 i uwalnia pe\u0142n\u0105 skuteczno\u015b\u0107 kolejnych zabieg\u00f3w dzi\u0119ki innowacyjnej technologii Reset Technology. Oczyszcza sk\u00f3r\u0119 g\u0142owy i usuwa niewidoczne zanieczyszczenia, staj\u0105c si\u0119 strategicznym krokiem poprawiaj\u0105cym wch\u0142anianie i efektywno\u015b\u0107 rutyny piel\u0119gnacyjnej w\u0142os\u00f3w.<\/span><span style=\"font-weight: 400;\"><br \/>\n<\/span><span style=\"font-weight: 400;\"> Opracowany, aby dzia\u0142a\u0107 w synergii z liniami Take Over, XY i Hairzoe.<\/span><\/p>\n<p><span style=\"font-weight: 400;\">150 ml<\/span><\/p>\n","protected":false},"featured_media":24302,"template":"","meta":[],"product_brand":[],"product_cat":[1204,1205,1206,1207,1208,1209,1210,1211,1212,1213,1214,1215],"product_tag":[],"class_list":["post-24296","product","type-product","status-publish","has-post-thumbnail","hentry","product_cat-hairzoe-pl","product_cat-take-over-absolute-rich-shine-pl","product_cat-take-over-define-curl-pl","product_cat-take-over-full-expand-pl","product_cat-take-over-hydra-detox-pl","product_cat-take-over-out-orange-pl","product_cat-take-over-perfect-smooth-pl","product_cat-take-over-protective-color-pl","product_cat-take-over-pure-silver-pl","product_cat-take-over-sun-deluxe-pl","product_cat-take-over-active-power-pl","product_cat-take-over-active-sheer-pl"],"yoast_head":"<!-- This site is optimized with the Yoast SEO plugin v27.1.1 - https:\/\/yoast.com\/product\/yoast-seo-wordpress\/ -->\n<title>HY-PRIMER \u2013 P\u0142yn przed szamponem do sk\u00f3ry g\u0142owy<\/title>\n<meta name=\"description\" content=\"HY-PRIMER to p\u0142yn przed szamponem do sk\u00f3ry g\u0142owy, kt\u00f3ry \u201eresetuje\u201d baz\u0119 i uwalnia pe\u0142n\u0105 skuteczno\u015b\u0107 kolejnych zabieg\u00f3w dzi\u0119ki innowacyjnej technologii Reset Technology.\" \/>\n<meta name=\"robots\" content=\"index, follow, max-snippet:-1, max-image-preview:large, max-video-preview:-1\" \/>\n<link rel=\"canonical\" href=\"https:\/\/seipuntozero-haircare.it\/pl\/prodotto\/hy-primer\/\" \/>\n<meta property=\"og:locale\" content=\"pl_PL\" \/>\n<meta property=\"og:type\" content=\"article\" \/>\n<meta property=\"og:title\" content=\"HY-PRIMER \u2013 P\u0142yn przed szamponem do sk\u00f3ry g\u0142owy\" \/>\n<meta property=\"og:description\" content=\"HY-PRIMER to p\u0142yn przed szamponem do sk\u00f3ry g\u0142owy, kt\u00f3ry \u201eresetuje\u201d baz\u0119 i uwalnia pe\u0142n\u0105 skuteczno\u015b\u0107 kolejnych zabieg\u00f3w dzi\u0119ki innowacyjnej technologii Reset Technology.\" \/>\n<meta property=\"og:url\" content=\"https:\/\/seipuntozero-haircare.it\/pl\/prodotto\/hy-primer\/\" \/>\n<meta property=\"og:site_name\" content=\"6.Zero\" \/>\n<meta property=\"article:modified_time\" content=\"2025-11-12T08:49:07+00:00\" \/>\n<meta property=\"og:image\" content=\"https:\/\/seipuntozero-haircare.it\/wp-content\/uploads\/2025\/11\/Hy-primer-sito.png\" \/>\n\t<meta property=\"og:image:width\" content=\"800\" \/>\n\t<meta property=\"og:image:height\" content=\"800\" \/>\n\t<meta property=\"og:image:type\" content=\"image\/png\" \/>\n<meta name=\"twitter:card\" content=\"summary_large_image\" \/>\n<meta name=\"twitter:label1\" content=\"Szacowany czas czytania\" \/>\n\t<meta name=\"twitter:data1\" content=\"1 minuta\" \/>\n<script type=\"application\/ld+json\" class=\"yoast-schema-graph\">{\"@context\":\"https:\/\/schema.org\",\"@graph\":[{\"@type\":\"WebPage\",\"@id\":\"https:\/\/seipuntozero-haircare.it\/pl\/prodotto\/hy-primer\/\",\"url\":\"https:\/\/seipuntozero-haircare.it\/pl\/prodotto\/hy-primer\/\",\"name\":\"HY-PRIMER \u2013 P\u0142yn przed szamponem do sk\u00f3ry g\u0142owy\",\"isPartOf\":{\"@id\":\"https:\/\/seipuntozero-haircare.it\/pl\/#website\"},\"primaryImageOfPage\":{\"@id\":\"https:\/\/seipuntozero-haircare.it\/pl\/prodotto\/hy-primer\/#primaryimage\"},\"image\":{\"@id\":\"https:\/\/seipuntozero-haircare.it\/pl\/prodotto\/hy-primer\/#primaryimage\"},\"thumbnailUrl\":\"https:\/\/seipuntozero-haircare.it\/wp-content\/uploads\/2025\/11\/Hy-primer-sito.png\",\"datePublished\":\"2025-11-12T07:47:05+00:00\",\"dateModified\":\"2025-11-12T08:49:07+00:00\",\"description\":\"HY-PRIMER to p\u0142yn przed szamponem do sk\u00f3ry g\u0142owy, kt\u00f3ry \u201eresetuje\u201d baz\u0119 i uwalnia pe\u0142n\u0105 skuteczno\u015b\u0107 kolejnych zabieg\u00f3w dzi\u0119ki innowacyjnej technologii Reset Technology.\",\"breadcrumb\":{\"@id\":\"https:\/\/seipuntozero-haircare.it\/pl\/prodotto\/hy-primer\/#breadcrumb\"},\"inLanguage\":\"pl-PL\",\"potentialAction\":[{\"@type\":\"ReadAction\",\"target\":[\"https:\/\/seipuntozero-haircare.it\/pl\/prodotto\/hy-primer\/\"]}]},{\"@type\":\"ImageObject\",\"inLanguage\":\"pl-PL\",\"@id\":\"https:\/\/seipuntozero-haircare.it\/pl\/prodotto\/hy-primer\/#primaryimage\",\"url\":\"https:\/\/seipuntozero-haircare.it\/wp-content\/uploads\/2025\/11\/Hy-primer-sito.png\",\"contentUrl\":\"https:\/\/seipuntozero-haircare.it\/wp-content\/uploads\/2025\/11\/Hy-primer-sito.png\",\"width\":800,\"height\":800},{\"@type\":\"BreadcrumbList\",\"@id\":\"https:\/\/seipuntozero-haircare.it\/pl\/prodotto\/hy-primer\/#breadcrumb\",\"itemListElement\":[{\"@type\":\"ListItem\",\"position\":1,\"name\":\"Home\",\"item\":\"https:\/\/seipuntozero-haircare.it\/pl\/\"},{\"@type\":\"ListItem\",\"position\":2,\"name\":\"Prodotti\",\"item\":\"https:\/\/seipuntozero-haircare.it\/prodotti\/\"},{\"@type\":\"ListItem\",\"position\":3,\"name\":\"HY-PRIMER P\u0142yn przed szamponem do sk\u00f3ry g\u0142owy\"}]},{\"@type\":\"WebSite\",\"@id\":\"https:\/\/seipuntozero-haircare.it\/pl\/#website\",\"url\":\"https:\/\/seipuntozero-haircare.it\/pl\/\",\"name\":\"6.Zero\",\"description\":\"Essential Touch\",\"potentialAction\":[{\"@type\":\"SearchAction\",\"target\":{\"@type\":\"EntryPoint\",\"urlTemplate\":\"https:\/\/seipuntozero-haircare.it\/pl\/?s={search_term_string}\"},\"query-input\":{\"@type\":\"PropertyValueSpecification\",\"valueRequired\":true,\"valueName\":\"search_term_string\"}}],\"inLanguage\":\"pl-PL\"}]}<\/script>\n<!-- \/ Yoast SEO plugin. -->","yoast_head_json":{"title":"HY-PRIMER \u2013 P\u0142yn przed szamponem do sk\u00f3ry g\u0142owy","description":"HY-PRIMER to p\u0142yn przed szamponem do sk\u00f3ry g\u0142owy, kt\u00f3ry \u201eresetuje\u201d baz\u0119 i uwalnia pe\u0142n\u0105 skuteczno\u015b\u0107 kolejnych zabieg\u00f3w dzi\u0119ki innowacyjnej technologii Reset Technology.","robots":{"index":"index","follow":"follow","max-snippet":"max-snippet:-1","max-image-preview":"max-image-preview:large","max-video-preview":"max-video-preview:-1"},"canonical":"https:\/\/seipuntozero-haircare.it\/pl\/prodotto\/hy-primer\/","og_locale":"pl_PL","og_type":"article","og_title":"HY-PRIMER \u2013 P\u0142yn przed szamponem do sk\u00f3ry g\u0142owy","og_description":"HY-PRIMER to p\u0142yn przed szamponem do sk\u00f3ry g\u0142owy, kt\u00f3ry \u201eresetuje\u201d baz\u0119 i uwalnia pe\u0142n\u0105 skuteczno\u015b\u0107 kolejnych zabieg\u00f3w dzi\u0119ki innowacyjnej technologii Reset Technology.","og_url":"https:\/\/seipuntozero-haircare.it\/pl\/prodotto\/hy-primer\/","og_site_name":"6.Zero","article_modified_time":"2025-11-12T08:49:07+00:00","og_image":[{"width":800,"height":800,"url":"https:\/\/seipuntozero-haircare.it\/wp-content\/uploads\/2025\/11\/Hy-primer-sito.png","type":"image\/png"}],"twitter_card":"summary_large_image","twitter_misc":{"Szacowany czas czytania":"1 minuta"},"schema":{"@context":"https:\/\/schema.org","@graph":[{"@type":"WebPage","@id":"https:\/\/seipuntozero-haircare.it\/pl\/prodotto\/hy-primer\/","url":"https:\/\/seipuntozero-haircare.it\/pl\/prodotto\/hy-primer\/","name":"HY-PRIMER \u2013 P\u0142yn przed szamponem do sk\u00f3ry g\u0142owy","isPartOf":{"@id":"https:\/\/seipuntozero-haircare.it\/pl\/#website"},"primaryImageOfPage":{"@id":"https:\/\/seipuntozero-haircare.it\/pl\/prodotto\/hy-primer\/#primaryimage"},"image":{"@id":"https:\/\/seipuntozero-haircare.it\/pl\/prodotto\/hy-primer\/#primaryimage"},"thumbnailUrl":"https:\/\/seipuntozero-haircare.it\/wp-content\/uploads\/2025\/11\/Hy-primer-sito.png","datePublished":"2025-11-12T07:47:05+00:00","dateModified":"2025-11-12T08:49:07+00:00","description":"HY-PRIMER to p\u0142yn przed szamponem do sk\u00f3ry g\u0142owy, kt\u00f3ry \u201eresetuje\u201d baz\u0119 i uwalnia pe\u0142n\u0105 skuteczno\u015b\u0107 kolejnych zabieg\u00f3w dzi\u0119ki innowacyjnej technologii Reset Technology.","breadcrumb":{"@id":"https:\/\/seipuntozero-haircare.it\/pl\/prodotto\/hy-primer\/#breadcrumb"},"inLanguage":"pl-PL","potentialAction":[{"@type":"ReadAction","target":["https:\/\/seipuntozero-haircare.it\/pl\/prodotto\/hy-primer\/"]}]},{"@type":"ImageObject","inLanguage":"pl-PL","@id":"https:\/\/seipuntozero-haircare.it\/pl\/prodotto\/hy-primer\/#primaryimage","url":"https:\/\/seipuntozero-haircare.it\/wp-content\/uploads\/2025\/11\/Hy-primer-sito.png","contentUrl":"https:\/\/seipuntozero-haircare.it\/wp-content\/uploads\/2025\/11\/Hy-primer-sito.png","width":800,"height":800},{"@type":"BreadcrumbList","@id":"https:\/\/seipuntozero-haircare.it\/pl\/prodotto\/hy-primer\/#breadcrumb","itemListElement":[{"@type":"ListItem","position":1,"name":"Home","item":"https:\/\/seipuntozero-haircare.it\/pl\/"},{"@type":"ListItem","position":2,"name":"Prodotti","item":"https:\/\/seipuntozero-haircare.it\/prodotti\/"},{"@type":"ListItem","position":3,"name":"HY-PRIMER P\u0142yn przed szamponem do sk\u00f3ry g\u0142owy"}]},{"@type":"WebSite","@id":"https:\/\/seipuntozero-haircare.it\/pl\/#website","url":"https:\/\/seipuntozero-haircare.it\/pl\/","name":"6.Zero","description":"Essential Touch","potentialAction":[{"@type":"SearchAction","target":{"@type":"EntryPoint","urlTemplate":"https:\/\/seipuntozero-haircare.it\/pl\/?s={search_term_string}"},"query-input":{"@type":"PropertyValueSpecification","valueRequired":true,"valueName":"search_term_string"}}],"inLanguage":"pl-PL"}]}},"_links":{"self":[{"href":"https:\/\/seipuntozero-haircare.it\/pl\/wp-json\/wp\/v2\/product\/24296","targetHints":{"allow":["GET"]}}],"collection":[{"href":"https:\/\/seipuntozero-haircare.it\/pl\/wp-json\/wp\/v2\/product"}],"about":[{"href":"https:\/\/seipuntozero-haircare.it\/pl\/wp-json\/wp\/v2\/types\/product"}],"wp:featuredmedia":[{"embeddable":true,"href":"https:\/\/seipuntozero-haircare.it\/pl\/wp-json\/wp\/v2\/media\/24302"}],"wp:attachment":[{"href":"https:\/\/seipuntozero-haircare.it\/pl\/wp-json\/wp\/v2\/media?parent=24296"}],"wp:term":[{"taxonomy":"product_brand","embeddable":true,"href":"https:\/\/seipuntozero-haircare.it\/pl\/wp-json\/wp\/v2\/product_brand?post=24296"},{"taxonomy":"product_cat","embeddable":true,"href":"https:\/\/seipuntozero-haircare.it\/pl\/wp-json\/wp\/v2\/product_cat?post=24296"},{"taxonomy":"product_tag","embeddable":true,"href":"https:\/\/seipuntozero-haircare.it\/pl\/wp-json\/wp\/v2\/product_tag?post=24296"}],"curies":[{"name":"wp","href":"https:\/\/api.w.org\/{rel}","templated":true}]}}