{"id":24221,"date":"2025-09-23T08:56:10","date_gmt":"2025-09-23T06:56:10","guid":{"rendered":"https:\/\/seipuntozero-haircare.it\/?post_type=product&#038;p=24221"},"modified":"2025-09-23T09:28:52","modified_gmt":"2025-09-23T07:28:52","slug":"take-over-active-power-tonik-w-sprayu-przeciw-wypadaniu-wlosow","status":"publish","type":"product","link":"https:\/\/seipuntozero-haircare.it\/pl\/prodotto\/take-over-active-power-tonik-w-sprayu-przeciw-wypadaniu-wlosow\/","title":{"rendered":"TAKE OVER \u2013 ACTIVE POWER <br>  Tonik w sprayu przeciw wypadaniu w\u0142os\u00f3w"},"content":{"rendered":"","protected":false},"excerpt":{"rendered":"<p><span style=\"font-weight: 400;\">Tonik w sprayu przeciw wypadaniu w\u0142os\u00f3w <strong>Active Power<\/strong> to codzienny rytua\u0142, kt\u00f3ry przywraca w\u0142osom witalno\u015b\u0107 i si\u0142\u0119. Jego zaawansowana formu\u0142a dzia\u0142a bezpo\u015brednio na sk\u00f3r\u0119 g\u0142owy, reaktywuj\u0105c mikrokr\u0105\u017cenie i poprawiaj\u0105c dotlenienie mieszk\u00f3w w\u0142osowych. Niezast\u0105piony sojusznik w walce z wypadaniem w\u0142os\u00f3w, pozwalaj\u0105cy odzyska\u0107 fryzur\u0119 widocznie g\u0119stsz\u0105 i bardziej odporn\u0105.<\/span><span style=\"font-weight: 400;\"><br \/>\n<\/span><span style=\"font-weight: 400;\"> Skuteczno\u015b\u0107 i tolerancja klinicznie potwierdzone.<\/span><\/p>\n<p><span style=\"font-weight: 400;\">100 ml<\/span><\/p>\n","protected":false},"featured_media":24227,"template":"","meta":[],"product_brand":[],"product_cat":[1214],"product_tag":[],"class_list":["post-24221","product","type-product","status-publish","has-post-thumbnail","hentry","product_cat-take-over-active-power-pl"],"yoast_head":"<!-- This site is optimized with the Yoast SEO plugin v27.1.1 - https:\/\/yoast.com\/product\/yoast-seo-wordpress\/ -->\n<title>TAKE OVER \u2013 ACTIVE POWER | Tonik w sprayu przeciw wypadaniu w\u0142os\u00f3w<\/title>\n<meta name=\"description\" content=\"Tonik w sprayu przeciw wypadaniu w\u0142os\u00f3w Active Power to codzienny rytua\u0142, kt\u00f3ry przywraca w\u0142osom witalno\u015b\u0107 i si\u0142\u0119.\" \/>\n<meta name=\"robots\" content=\"index, follow, max-snippet:-1, max-image-preview:large, max-video-preview:-1\" \/>\n<link rel=\"canonical\" href=\"https:\/\/seipuntozero-haircare.it\/pl\/prodotto\/take-over-active-power-tonik-w-sprayu-przeciw-wypadaniu-wlosow\/\" \/>\n<meta property=\"og:locale\" content=\"pl_PL\" \/>\n<meta property=\"og:type\" content=\"article\" \/>\n<meta property=\"og:title\" content=\"TAKE OVER \u2013 ACTIVE POWER | Tonik w sprayu przeciw wypadaniu w\u0142os\u00f3w\" \/>\n<meta property=\"og:description\" content=\"Tonik w sprayu przeciw wypadaniu w\u0142os\u00f3w Active Power to codzienny rytua\u0142, kt\u00f3ry przywraca w\u0142osom witalno\u015b\u0107 i si\u0142\u0119.\" \/>\n<meta property=\"og:url\" content=\"https:\/\/seipuntozero-haircare.it\/pl\/prodotto\/take-over-active-power-tonik-w-sprayu-przeciw-wypadaniu-wlosow\/\" \/>\n<meta property=\"og:site_name\" content=\"6.Zero\" \/>\n<meta property=\"article:modified_time\" content=\"2025-09-23T07:28:52+00:00\" \/>\n<meta property=\"og:image\" content=\"https:\/\/seipuntozero-haircare.it\/wp-content\/uploads\/2025\/09\/sei_punto_zero_active_power_tonic_100ml.png\" \/>\n\t<meta property=\"og:image:width\" content=\"800\" \/>\n\t<meta property=\"og:image:height\" content=\"800\" \/>\n\t<meta property=\"og:image:type\" content=\"image\/png\" \/>\n<meta name=\"twitter:card\" content=\"summary_large_image\" \/>\n<meta name=\"twitter:label1\" content=\"Szacowany czas czytania\" \/>\n\t<meta name=\"twitter:data1\" content=\"1 minuta\" \/>\n<script type=\"application\/ld+json\" class=\"yoast-schema-graph\">{\"@context\":\"https:\/\/schema.org\",\"@graph\":[{\"@type\":\"WebPage\",\"@id\":\"https:\/\/seipuntozero-haircare.it\/pl\/prodotto\/take-over-active-power-tonik-w-sprayu-przeciw-wypadaniu-wlosow\/\",\"url\":\"https:\/\/seipuntozero-haircare.it\/pl\/prodotto\/take-over-active-power-tonik-w-sprayu-przeciw-wypadaniu-wlosow\/\",\"name\":\"TAKE OVER \u2013 ACTIVE POWER | Tonik w sprayu przeciw wypadaniu w\u0142os\u00f3w\",\"isPartOf\":{\"@id\":\"https:\/\/seipuntozero-haircare.it\/pl\/#website\"},\"primaryImageOfPage\":{\"@id\":\"https:\/\/seipuntozero-haircare.it\/pl\/prodotto\/take-over-active-power-tonik-w-sprayu-przeciw-wypadaniu-wlosow\/#primaryimage\"},\"image\":{\"@id\":\"https:\/\/seipuntozero-haircare.it\/pl\/prodotto\/take-over-active-power-tonik-w-sprayu-przeciw-wypadaniu-wlosow\/#primaryimage\"},\"thumbnailUrl\":\"https:\/\/seipuntozero-haircare.it\/wp-content\/uploads\/2025\/09\/sei_punto_zero_active_power_tonic_100ml.png\",\"datePublished\":\"2025-09-23T06:56:10+00:00\",\"dateModified\":\"2025-09-23T07:28:52+00:00\",\"description\":\"Tonik w sprayu przeciw wypadaniu w\u0142os\u00f3w Active Power to codzienny rytua\u0142, kt\u00f3ry przywraca w\u0142osom witalno\u015b\u0107 i si\u0142\u0119.\",\"breadcrumb\":{\"@id\":\"https:\/\/seipuntozero-haircare.it\/pl\/prodotto\/take-over-active-power-tonik-w-sprayu-przeciw-wypadaniu-wlosow\/#breadcrumb\"},\"inLanguage\":\"pl-PL\",\"potentialAction\":[{\"@type\":\"ReadAction\",\"target\":[\"https:\/\/seipuntozero-haircare.it\/pl\/prodotto\/take-over-active-power-tonik-w-sprayu-przeciw-wypadaniu-wlosow\/\"]}]},{\"@type\":\"ImageObject\",\"inLanguage\":\"pl-PL\",\"@id\":\"https:\/\/seipuntozero-haircare.it\/pl\/prodotto\/take-over-active-power-tonik-w-sprayu-przeciw-wypadaniu-wlosow\/#primaryimage\",\"url\":\"https:\/\/seipuntozero-haircare.it\/wp-content\/uploads\/2025\/09\/sei_punto_zero_active_power_tonic_100ml.png\",\"contentUrl\":\"https:\/\/seipuntozero-haircare.it\/wp-content\/uploads\/2025\/09\/sei_punto_zero_active_power_tonic_100ml.png\",\"width\":800,\"height\":800},{\"@type\":\"BreadcrumbList\",\"@id\":\"https:\/\/seipuntozero-haircare.it\/pl\/prodotto\/take-over-active-power-tonik-w-sprayu-przeciw-wypadaniu-wlosow\/#breadcrumb\",\"itemListElement\":[{\"@type\":\"ListItem\",\"position\":1,\"name\":\"Home\",\"item\":\"https:\/\/seipuntozero-haircare.it\/pl\/\"},{\"@type\":\"ListItem\",\"position\":2,\"name\":\"Prodotti\",\"item\":\"https:\/\/seipuntozero-haircare.it\/prodotti\/\"},{\"@type\":\"ListItem\",\"position\":3,\"name\":\"TAKE OVER \u2013 ACTIVE POWER Tonik w sprayu przeciw wypadaniu w\u0142os\u00f3w\"}]},{\"@type\":\"WebSite\",\"@id\":\"https:\/\/seipuntozero-haircare.it\/pl\/#website\",\"url\":\"https:\/\/seipuntozero-haircare.it\/pl\/\",\"name\":\"6.Zero\",\"description\":\"Essential Touch\",\"potentialAction\":[{\"@type\":\"SearchAction\",\"target\":{\"@type\":\"EntryPoint\",\"urlTemplate\":\"https:\/\/seipuntozero-haircare.it\/pl\/?s={search_term_string}\"},\"query-input\":{\"@type\":\"PropertyValueSpecification\",\"valueRequired\":true,\"valueName\":\"search_term_string\"}}],\"inLanguage\":\"pl-PL\"}]}<\/script>\n<!-- \/ Yoast SEO plugin. -->","yoast_head_json":{"title":"TAKE OVER \u2013 ACTIVE POWER | Tonik w sprayu przeciw wypadaniu w\u0142os\u00f3w","description":"Tonik w sprayu przeciw wypadaniu w\u0142os\u00f3w Active Power to codzienny rytua\u0142, kt\u00f3ry przywraca w\u0142osom witalno\u015b\u0107 i si\u0142\u0119.","robots":{"index":"index","follow":"follow","max-snippet":"max-snippet:-1","max-image-preview":"max-image-preview:large","max-video-preview":"max-video-preview:-1"},"canonical":"https:\/\/seipuntozero-haircare.it\/pl\/prodotto\/take-over-active-power-tonik-w-sprayu-przeciw-wypadaniu-wlosow\/","og_locale":"pl_PL","og_type":"article","og_title":"TAKE OVER \u2013 ACTIVE POWER | Tonik w sprayu przeciw wypadaniu w\u0142os\u00f3w","og_description":"Tonik w sprayu przeciw wypadaniu w\u0142os\u00f3w Active Power to codzienny rytua\u0142, kt\u00f3ry przywraca w\u0142osom witalno\u015b\u0107 i si\u0142\u0119.","og_url":"https:\/\/seipuntozero-haircare.it\/pl\/prodotto\/take-over-active-power-tonik-w-sprayu-przeciw-wypadaniu-wlosow\/","og_site_name":"6.Zero","article_modified_time":"2025-09-23T07:28:52+00:00","og_image":[{"width":800,"height":800,"url":"https:\/\/seipuntozero-haircare.it\/wp-content\/uploads\/2025\/09\/sei_punto_zero_active_power_tonic_100ml.png","type":"image\/png"}],"twitter_card":"summary_large_image","twitter_misc":{"Szacowany czas czytania":"1 minuta"},"schema":{"@context":"https:\/\/schema.org","@graph":[{"@type":"WebPage","@id":"https:\/\/seipuntozero-haircare.it\/pl\/prodotto\/take-over-active-power-tonik-w-sprayu-przeciw-wypadaniu-wlosow\/","url":"https:\/\/seipuntozero-haircare.it\/pl\/prodotto\/take-over-active-power-tonik-w-sprayu-przeciw-wypadaniu-wlosow\/","name":"TAKE OVER \u2013 ACTIVE POWER | Tonik w sprayu przeciw wypadaniu w\u0142os\u00f3w","isPartOf":{"@id":"https:\/\/seipuntozero-haircare.it\/pl\/#website"},"primaryImageOfPage":{"@id":"https:\/\/seipuntozero-haircare.it\/pl\/prodotto\/take-over-active-power-tonik-w-sprayu-przeciw-wypadaniu-wlosow\/#primaryimage"},"image":{"@id":"https:\/\/seipuntozero-haircare.it\/pl\/prodotto\/take-over-active-power-tonik-w-sprayu-przeciw-wypadaniu-wlosow\/#primaryimage"},"thumbnailUrl":"https:\/\/seipuntozero-haircare.it\/wp-content\/uploads\/2025\/09\/sei_punto_zero_active_power_tonic_100ml.png","datePublished":"2025-09-23T06:56:10+00:00","dateModified":"2025-09-23T07:28:52+00:00","description":"Tonik w sprayu przeciw wypadaniu w\u0142os\u00f3w Active Power to codzienny rytua\u0142, kt\u00f3ry przywraca w\u0142osom witalno\u015b\u0107 i si\u0142\u0119.","breadcrumb":{"@id":"https:\/\/seipuntozero-haircare.it\/pl\/prodotto\/take-over-active-power-tonik-w-sprayu-przeciw-wypadaniu-wlosow\/#breadcrumb"},"inLanguage":"pl-PL","potentialAction":[{"@type":"ReadAction","target":["https:\/\/seipuntozero-haircare.it\/pl\/prodotto\/take-over-active-power-tonik-w-sprayu-przeciw-wypadaniu-wlosow\/"]}]},{"@type":"ImageObject","inLanguage":"pl-PL","@id":"https:\/\/seipuntozero-haircare.it\/pl\/prodotto\/take-over-active-power-tonik-w-sprayu-przeciw-wypadaniu-wlosow\/#primaryimage","url":"https:\/\/seipuntozero-haircare.it\/wp-content\/uploads\/2025\/09\/sei_punto_zero_active_power_tonic_100ml.png","contentUrl":"https:\/\/seipuntozero-haircare.it\/wp-content\/uploads\/2025\/09\/sei_punto_zero_active_power_tonic_100ml.png","width":800,"height":800},{"@type":"BreadcrumbList","@id":"https:\/\/seipuntozero-haircare.it\/pl\/prodotto\/take-over-active-power-tonik-w-sprayu-przeciw-wypadaniu-wlosow\/#breadcrumb","itemListElement":[{"@type":"ListItem","position":1,"name":"Home","item":"https:\/\/seipuntozero-haircare.it\/pl\/"},{"@type":"ListItem","position":2,"name":"Prodotti","item":"https:\/\/seipuntozero-haircare.it\/prodotti\/"},{"@type":"ListItem","position":3,"name":"TAKE OVER \u2013 ACTIVE POWER Tonik w sprayu przeciw wypadaniu w\u0142os\u00f3w"}]},{"@type":"WebSite","@id":"https:\/\/seipuntozero-haircare.it\/pl\/#website","url":"https:\/\/seipuntozero-haircare.it\/pl\/","name":"6.Zero","description":"Essential Touch","potentialAction":[{"@type":"SearchAction","target":{"@type":"EntryPoint","urlTemplate":"https:\/\/seipuntozero-haircare.it\/pl\/?s={search_term_string}"},"query-input":{"@type":"PropertyValueSpecification","valueRequired":true,"valueName":"search_term_string"}}],"inLanguage":"pl-PL"}]}},"_links":{"self":[{"href":"https:\/\/seipuntozero-haircare.it\/pl\/wp-json\/wp\/v2\/product\/24221","targetHints":{"allow":["GET"]}}],"collection":[{"href":"https:\/\/seipuntozero-haircare.it\/pl\/wp-json\/wp\/v2\/product"}],"about":[{"href":"https:\/\/seipuntozero-haircare.it\/pl\/wp-json\/wp\/v2\/types\/product"}],"wp:featuredmedia":[{"embeddable":true,"href":"https:\/\/seipuntozero-haircare.it\/pl\/wp-json\/wp\/v2\/media\/24227"}],"wp:attachment":[{"href":"https:\/\/seipuntozero-haircare.it\/pl\/wp-json\/wp\/v2\/media?parent=24221"}],"wp:term":[{"taxonomy":"product_brand","embeddable":true,"href":"https:\/\/seipuntozero-haircare.it\/pl\/wp-json\/wp\/v2\/product_brand?post=24221"},{"taxonomy":"product_cat","embeddable":true,"href":"https:\/\/seipuntozero-haircare.it\/pl\/wp-json\/wp\/v2\/product_cat?post=24221"},{"taxonomy":"product_tag","embeddable":true,"href":"https:\/\/seipuntozero-haircare.it\/pl\/wp-json\/wp\/v2\/product_tag?post=24221"}],"curies":[{"name":"wp","href":"https:\/\/api.w.org\/{rel}","templated":true}]}}