{"id":24054,"date":"2024-10-25T09:10:58","date_gmt":"2024-10-25T07:10:59","guid":{"rendered":"https:\/\/seipuntozero-haircare.it\/?post_type=product&#038;p=24054"},"modified":"2024-10-25T09:35:31","modified_gmt":"2024-10-25T07:35:31","slug":"take-over-protective-color-spray-podtrzymujacy-kolor","status":"publish","type":"product","link":"https:\/\/seipuntozero-haircare.it\/pl\/prodotto\/take-over-protective-color-spray-podtrzymujacy-kolor\/","title":{"rendered":"TAKE OVER &#8211; PROTECTIVE COLOR <br> Spray podtrzymuj\u0105cy kolor"},"content":{"rendered":"<ul>\n<li>Dzi\u0119ki temu produkowi<strong> kolor<\/strong> <strong>jest \u017cywy<\/strong>, <strong>\u015bwietlisty i promienny<\/strong>.<\/li>\n<li>Sprawia, \u017ce <strong>w\u0142osy staj\u0105 si\u0119 mi\u0119kkie<\/strong>, jednocze\u015bnie zwalczaj\u0105c <strong>wilgo\u0107<\/strong> i <strong>puszenie<\/strong>.<\/li>\n<li>Rezultat<strong>utrzymuje si\u0119 <\/strong>do<strong> 3 my\u0107<\/strong>.<\/li>\n<\/ul>\n","protected":false},"excerpt":{"rendered":"<p>Take Over Protective Colour, <strong>spray podtrzymuj\u0105cy kolor<\/strong>. Jest on aktywowany przez <strong>\u017ar\u00f3d\u0142o ciep\u0142a<\/strong> i dzia\u0142a jak <strong>bariera ochronna<\/strong>.<br \/>\n<strong>Uwydatnia<\/strong> <strong>kolor<\/strong>, <strong>podkre\u015bla<\/strong> <strong>jasno\u015b\u0107<\/strong> i <strong>mi\u0119kko\u015b\u0107<\/strong> w\u0142os\u00f3w oraz ma<strong> silne dzia\u0142anie przeciwwilgociowe.<\/strong><\/p>\n<p><strong>Farbowane i piel\u0119gnowane <\/strong>w\u0142osy b\u0119d\u0105 <strong>\u0142atwiej si\u0119 rozczesywa\u0107<\/strong> i <strong>uk\u0142ada\u0107<\/strong>.<\/p>\n<p>Opakowanie o pojemno\u015bci 150 ml<\/p>\n","protected":false},"featured_media":24060,"template":"","meta":[],"product_brand":[],"product_cat":[1211],"product_tag":[],"class_list":["post-24054","product","type-product","status-publish","has-post-thumbnail","hentry","product_cat-take-over-protective-color-pl"],"yoast_head":"<!-- This site is optimized with the Yoast SEO plugin v27.1.1 - https:\/\/yoast.com\/product\/yoast-seo-wordpress\/ -->\n<title>Take Over Protective Color | Spray podtrzymuj\u0105cy kolor<\/title>\n<meta name=\"description\" content=\"Take Over Protective Colour, spray podtrzymuj\u0105cy kolor. Jest on aktywowany przez \u017ar\u00f3d\u0142o ciep\u0142a i dzia\u0142a jak bariera ochronna.\" \/>\n<meta name=\"robots\" content=\"index, follow, max-snippet:-1, max-image-preview:large, max-video-preview:-1\" \/>\n<link rel=\"canonical\" href=\"https:\/\/seipuntozero-haircare.it\/pl\/prodotto\/take-over-protective-color-spray-podtrzymujacy-kolor\/\" \/>\n<meta property=\"og:locale\" content=\"pl_PL\" \/>\n<meta property=\"og:type\" content=\"article\" \/>\n<meta property=\"og:title\" content=\"Take Over Protective Color | Spray podtrzymuj\u0105cy kolor\" \/>\n<meta property=\"og:description\" content=\"Take Over Protective Colour, spray podtrzymuj\u0105cy kolor. Jest on aktywowany przez \u017ar\u00f3d\u0142o ciep\u0142a i dzia\u0142a jak bariera ochronna.\" \/>\n<meta property=\"og:url\" content=\"https:\/\/seipuntozero-haircare.it\/pl\/prodotto\/take-over-protective-color-spray-podtrzymujacy-kolor\/\" \/>\n<meta property=\"og:site_name\" content=\"6.Zero\" \/>\n<meta property=\"article:modified_time\" content=\"2024-10-25T07:35:31+00:00\" \/>\n<meta property=\"og:image\" content=\"https:\/\/seipuntozero-haircare.it\/wp-content\/uploads\/2024\/10\/263486_sei_punto_zero_take_over_protective_color_spray_150ml.png\" \/>\n\t<meta property=\"og:image:width\" content=\"800\" \/>\n\t<meta property=\"og:image:height\" content=\"800\" \/>\n\t<meta property=\"og:image:type\" content=\"image\/png\" \/>\n<meta name=\"twitter:card\" content=\"summary_large_image\" \/>\n<meta name=\"twitter:label1\" content=\"Szacowany czas czytania\" \/>\n\t<meta name=\"twitter:data1\" content=\"1 minuta\" \/>\n<script type=\"application\/ld+json\" class=\"yoast-schema-graph\">{\"@context\":\"https:\/\/schema.org\",\"@graph\":[{\"@type\":\"WebPage\",\"@id\":\"https:\/\/seipuntozero-haircare.it\/pl\/prodotto\/take-over-protective-color-spray-podtrzymujacy-kolor\/\",\"url\":\"https:\/\/seipuntozero-haircare.it\/pl\/prodotto\/take-over-protective-color-spray-podtrzymujacy-kolor\/\",\"name\":\"Take Over Protective Color | Spray podtrzymuj\u0105cy kolor\",\"isPartOf\":{\"@id\":\"https:\/\/seipuntozero-haircare.it\/pl\/#website\"},\"primaryImageOfPage\":{\"@id\":\"https:\/\/seipuntozero-haircare.it\/pl\/prodotto\/take-over-protective-color-spray-podtrzymujacy-kolor\/#primaryimage\"},\"image\":{\"@id\":\"https:\/\/seipuntozero-haircare.it\/pl\/prodotto\/take-over-protective-color-spray-podtrzymujacy-kolor\/#primaryimage\"},\"thumbnailUrl\":\"https:\/\/seipuntozero-haircare.it\/wp-content\/uploads\/2024\/10\/263486_sei_punto_zero_take_over_protective_color_spray_150ml.png\",\"datePublished\":\"2024-10-25T07:10:59+00:00\",\"dateModified\":\"2024-10-25T07:35:31+00:00\",\"description\":\"Take Over Protective Colour, spray podtrzymuj\u0105cy kolor. Jest on aktywowany przez \u017ar\u00f3d\u0142o ciep\u0142a i dzia\u0142a jak bariera ochronna.\",\"breadcrumb\":{\"@id\":\"https:\/\/seipuntozero-haircare.it\/pl\/prodotto\/take-over-protective-color-spray-podtrzymujacy-kolor\/#breadcrumb\"},\"inLanguage\":\"pl-PL\",\"potentialAction\":[{\"@type\":\"ReadAction\",\"target\":[\"https:\/\/seipuntozero-haircare.it\/pl\/prodotto\/take-over-protective-color-spray-podtrzymujacy-kolor\/\"]}]},{\"@type\":\"ImageObject\",\"inLanguage\":\"pl-PL\",\"@id\":\"https:\/\/seipuntozero-haircare.it\/pl\/prodotto\/take-over-protective-color-spray-podtrzymujacy-kolor\/#primaryimage\",\"url\":\"https:\/\/seipuntozero-haircare.it\/wp-content\/uploads\/2024\/10\/263486_sei_punto_zero_take_over_protective_color_spray_150ml.png\",\"contentUrl\":\"https:\/\/seipuntozero-haircare.it\/wp-content\/uploads\/2024\/10\/263486_sei_punto_zero_take_over_protective_color_spray_150ml.png\",\"width\":800,\"height\":800},{\"@type\":\"BreadcrumbList\",\"@id\":\"https:\/\/seipuntozero-haircare.it\/pl\/prodotto\/take-over-protective-color-spray-podtrzymujacy-kolor\/#breadcrumb\",\"itemListElement\":[{\"@type\":\"ListItem\",\"position\":1,\"name\":\"Home\",\"item\":\"https:\/\/seipuntozero-haircare.it\/pl\/\"},{\"@type\":\"ListItem\",\"position\":2,\"name\":\"Prodotti\",\"item\":\"https:\/\/seipuntozero-haircare.it\/prodotti\/\"},{\"@type\":\"ListItem\",\"position\":3,\"name\":\"TAKE OVER &#8211; PROTECTIVE COLOR Spray podtrzymuj\u0105cy kolor\"}]},{\"@type\":\"WebSite\",\"@id\":\"https:\/\/seipuntozero-haircare.it\/pl\/#website\",\"url\":\"https:\/\/seipuntozero-haircare.it\/pl\/\",\"name\":\"6.Zero\",\"description\":\"Essential Touch\",\"potentialAction\":[{\"@type\":\"SearchAction\",\"target\":{\"@type\":\"EntryPoint\",\"urlTemplate\":\"https:\/\/seipuntozero-haircare.it\/pl\/?s={search_term_string}\"},\"query-input\":{\"@type\":\"PropertyValueSpecification\",\"valueRequired\":true,\"valueName\":\"search_term_string\"}}],\"inLanguage\":\"pl-PL\"}]}<\/script>\n<!-- \/ Yoast SEO plugin. -->","yoast_head_json":{"title":"Take Over Protective Color | Spray podtrzymuj\u0105cy kolor","description":"Take Over Protective Colour, spray podtrzymuj\u0105cy kolor. Jest on aktywowany przez \u017ar\u00f3d\u0142o ciep\u0142a i dzia\u0142a jak bariera ochronna.","robots":{"index":"index","follow":"follow","max-snippet":"max-snippet:-1","max-image-preview":"max-image-preview:large","max-video-preview":"max-video-preview:-1"},"canonical":"https:\/\/seipuntozero-haircare.it\/pl\/prodotto\/take-over-protective-color-spray-podtrzymujacy-kolor\/","og_locale":"pl_PL","og_type":"article","og_title":"Take Over Protective Color | Spray podtrzymuj\u0105cy kolor","og_description":"Take Over Protective Colour, spray podtrzymuj\u0105cy kolor. Jest on aktywowany przez \u017ar\u00f3d\u0142o ciep\u0142a i dzia\u0142a jak bariera ochronna.","og_url":"https:\/\/seipuntozero-haircare.it\/pl\/prodotto\/take-over-protective-color-spray-podtrzymujacy-kolor\/","og_site_name":"6.Zero","article_modified_time":"2024-10-25T07:35:31+00:00","og_image":[{"width":800,"height":800,"url":"https:\/\/seipuntozero-haircare.it\/wp-content\/uploads\/2024\/10\/263486_sei_punto_zero_take_over_protective_color_spray_150ml.png","type":"image\/png"}],"twitter_card":"summary_large_image","twitter_misc":{"Szacowany czas czytania":"1 minuta"},"schema":{"@context":"https:\/\/schema.org","@graph":[{"@type":"WebPage","@id":"https:\/\/seipuntozero-haircare.it\/pl\/prodotto\/take-over-protective-color-spray-podtrzymujacy-kolor\/","url":"https:\/\/seipuntozero-haircare.it\/pl\/prodotto\/take-over-protective-color-spray-podtrzymujacy-kolor\/","name":"Take Over Protective Color | Spray podtrzymuj\u0105cy kolor","isPartOf":{"@id":"https:\/\/seipuntozero-haircare.it\/pl\/#website"},"primaryImageOfPage":{"@id":"https:\/\/seipuntozero-haircare.it\/pl\/prodotto\/take-over-protective-color-spray-podtrzymujacy-kolor\/#primaryimage"},"image":{"@id":"https:\/\/seipuntozero-haircare.it\/pl\/prodotto\/take-over-protective-color-spray-podtrzymujacy-kolor\/#primaryimage"},"thumbnailUrl":"https:\/\/seipuntozero-haircare.it\/wp-content\/uploads\/2024\/10\/263486_sei_punto_zero_take_over_protective_color_spray_150ml.png","datePublished":"2024-10-25T07:10:59+00:00","dateModified":"2024-10-25T07:35:31+00:00","description":"Take Over Protective Colour, spray podtrzymuj\u0105cy kolor. Jest on aktywowany przez \u017ar\u00f3d\u0142o ciep\u0142a i dzia\u0142a jak bariera ochronna.","breadcrumb":{"@id":"https:\/\/seipuntozero-haircare.it\/pl\/prodotto\/take-over-protective-color-spray-podtrzymujacy-kolor\/#breadcrumb"},"inLanguage":"pl-PL","potentialAction":[{"@type":"ReadAction","target":["https:\/\/seipuntozero-haircare.it\/pl\/prodotto\/take-over-protective-color-spray-podtrzymujacy-kolor\/"]}]},{"@type":"ImageObject","inLanguage":"pl-PL","@id":"https:\/\/seipuntozero-haircare.it\/pl\/prodotto\/take-over-protective-color-spray-podtrzymujacy-kolor\/#primaryimage","url":"https:\/\/seipuntozero-haircare.it\/wp-content\/uploads\/2024\/10\/263486_sei_punto_zero_take_over_protective_color_spray_150ml.png","contentUrl":"https:\/\/seipuntozero-haircare.it\/wp-content\/uploads\/2024\/10\/263486_sei_punto_zero_take_over_protective_color_spray_150ml.png","width":800,"height":800},{"@type":"BreadcrumbList","@id":"https:\/\/seipuntozero-haircare.it\/pl\/prodotto\/take-over-protective-color-spray-podtrzymujacy-kolor\/#breadcrumb","itemListElement":[{"@type":"ListItem","position":1,"name":"Home","item":"https:\/\/seipuntozero-haircare.it\/pl\/"},{"@type":"ListItem","position":2,"name":"Prodotti","item":"https:\/\/seipuntozero-haircare.it\/prodotti\/"},{"@type":"ListItem","position":3,"name":"TAKE OVER &#8211; PROTECTIVE COLOR Spray podtrzymuj\u0105cy kolor"}]},{"@type":"WebSite","@id":"https:\/\/seipuntozero-haircare.it\/pl\/#website","url":"https:\/\/seipuntozero-haircare.it\/pl\/","name":"6.Zero","description":"Essential Touch","potentialAction":[{"@type":"SearchAction","target":{"@type":"EntryPoint","urlTemplate":"https:\/\/seipuntozero-haircare.it\/pl\/?s={search_term_string}"},"query-input":{"@type":"PropertyValueSpecification","valueRequired":true,"valueName":"search_term_string"}}],"inLanguage":"pl-PL"}]}},"_links":{"self":[{"href":"https:\/\/seipuntozero-haircare.it\/pl\/wp-json\/wp\/v2\/product\/24054","targetHints":{"allow":["GET"]}}],"collection":[{"href":"https:\/\/seipuntozero-haircare.it\/pl\/wp-json\/wp\/v2\/product"}],"about":[{"href":"https:\/\/seipuntozero-haircare.it\/pl\/wp-json\/wp\/v2\/types\/product"}],"wp:featuredmedia":[{"embeddable":true,"href":"https:\/\/seipuntozero-haircare.it\/pl\/wp-json\/wp\/v2\/media\/24060"}],"wp:attachment":[{"href":"https:\/\/seipuntozero-haircare.it\/pl\/wp-json\/wp\/v2\/media?parent=24054"}],"wp:term":[{"taxonomy":"product_brand","embeddable":true,"href":"https:\/\/seipuntozero-haircare.it\/pl\/wp-json\/wp\/v2\/product_brand?post=24054"},{"taxonomy":"product_cat","embeddable":true,"href":"https:\/\/seipuntozero-haircare.it\/pl\/wp-json\/wp\/v2\/product_cat?post=24054"},{"taxonomy":"product_tag","embeddable":true,"href":"https:\/\/seipuntozero-haircare.it\/pl\/wp-json\/wp\/v2\/product_tag?post=24054"}],"curies":[{"name":"wp","href":"https:\/\/api.w.org\/{rel}","templated":true}]}}