{"id":24023,"date":"2024-07-04T17:05:19","date_gmt":"2024-07-04T15:05:20","guid":{"rendered":"https:\/\/seipuntozero-haircare.it\/?post_type=product&#038;p=24023"},"modified":"2024-07-05T09:01:19","modified_gmt":"2024-07-05T07:01:19","slug":"fioletowy-puder-do-dekoloryzacji","status":"publish","type":"product","link":"https:\/\/seipuntozero-haircare.it\/pl\/prodotto\/fioletowy-puder-do-dekoloryzacji\/","title":{"rendered":"Fioletowy Puder do Dekoloryzacji"},"content":{"rendered":"<ul>\n<li>Stopniowe rozja\u015bnianie do <strong>10 poziom\u00f3w<\/strong><\/li>\n<li>\u0141atwe <strong>mieszanie<\/strong><\/li>\n<li>Fioletowe pigmenty, kt\u00f3re <strong>przeciwdzia\u0142aj\u0105 \u017c\u00f3\u0142tym odcieniom<\/strong><\/li>\n<\/ul>\n","protected":false},"excerpt":{"rendered":"<p><strong>Perfumowany fioletowy puder do dekoloryzacji<\/strong>. Dzi\u0119ki zaawansowanej formule stopniowo rozja\u015bnia do <strong>10 poziom\u00f3w<\/strong>, zapewniaj\u0105c <strong>jednolity i profesjonalny <\/strong>rezultat. Profesjonalny produkt idealny do r\u00f3\u017cnych <strong>technik<\/strong>, takich jak cieniowanie, rozja\u015bnianie, balayage lub ca\u0142kowita dekoloryzacja.<\/p>\n<p>Zawarte w formule ekstrakty z <strong>Biotyny <\/strong>i <strong>Makadamii<\/strong> wspomagaj\u0105<strong> nawil\u017cenie <\/strong>w\u0142os\u00f3w, nadaj\u0105c im po\u0142ysk i mi\u0119kko\u015b\u0107 w dotyku.<\/p>\n<p>Do u\u017cytku profesjonalnego<\/p>\n<p>500 g<\/p>\n","protected":false},"featured_media":24014,"template":"","meta":[],"product_brand":[],"product_cat":[1218],"product_tag":[],"class_list":["post-24023","product","type-product","status-publish","has-post-thumbnail","hentry","product_cat-bleaching-pl"],"yoast_head":"<!-- This site is optimized with the Yoast SEO plugin v27.1.1 - https:\/\/yoast.com\/product\/yoast-seo-wordpress\/ -->\n<title>Fioletowy Puder do Dekoloryzacji - 6.Zero<\/title>\n<meta name=\"description\" content=\"Perfumowany fioletowy puder do dekoloryzacji. Dzi\u0119ki zaawansowanej formule stopniowo rozja\u015bnia do 10 poziom\u00f3w\" \/>\n<meta name=\"robots\" content=\"index, follow, max-snippet:-1, max-image-preview:large, max-video-preview:-1\" \/>\n<link rel=\"canonical\" href=\"https:\/\/seipuntozero-haircare.it\/pl\/prodotto\/fioletowy-puder-do-dekoloryzacji\/\" \/>\n<meta property=\"og:locale\" content=\"pl_PL\" \/>\n<meta property=\"og:type\" content=\"article\" \/>\n<meta property=\"og:title\" content=\"Fioletowy Puder do Dekoloryzacji - 6.Zero\" \/>\n<meta property=\"og:description\" content=\"Perfumowany fioletowy puder do dekoloryzacji. Dzi\u0119ki zaawansowanej formule stopniowo rozja\u015bnia do 10 poziom\u00f3w\" \/>\n<meta property=\"og:url\" content=\"https:\/\/seipuntozero-haircare.it\/pl\/prodotto\/fioletowy-puder-do-dekoloryzacji\/\" \/>\n<meta property=\"og:site_name\" content=\"6.Zero\" \/>\n<meta property=\"article:modified_time\" content=\"2024-07-05T07:01:19+00:00\" \/>\n<meta property=\"og:image\" content=\"https:\/\/seipuntozero-haircare.it\/wp-content\/uploads\/2024\/07\/263028_sei_punto_zero_violet_bleaching_powder_500gr.png\" \/>\n\t<meta property=\"og:image:width\" content=\"800\" \/>\n\t<meta property=\"og:image:height\" content=\"800\" \/>\n\t<meta property=\"og:image:type\" content=\"image\/png\" \/>\n<meta name=\"twitter:card\" content=\"summary_large_image\" \/>\n<meta name=\"twitter:label1\" content=\"Szacowany czas czytania\" \/>\n\t<meta name=\"twitter:data1\" content=\"1 minuta\" \/>\n<script type=\"application\/ld+json\" class=\"yoast-schema-graph\">{\"@context\":\"https:\/\/schema.org\",\"@graph\":[{\"@type\":\"WebPage\",\"@id\":\"https:\/\/seipuntozero-haircare.it\/pl\/prodotto\/fioletowy-puder-do-dekoloryzacji\/\",\"url\":\"https:\/\/seipuntozero-haircare.it\/pl\/prodotto\/fioletowy-puder-do-dekoloryzacji\/\",\"name\":\"Fioletowy Puder do Dekoloryzacji - 6.Zero\",\"isPartOf\":{\"@id\":\"https:\/\/seipuntozero-haircare.it\/pl\/#website\"},\"primaryImageOfPage\":{\"@id\":\"https:\/\/seipuntozero-haircare.it\/pl\/prodotto\/fioletowy-puder-do-dekoloryzacji\/#primaryimage\"},\"image\":{\"@id\":\"https:\/\/seipuntozero-haircare.it\/pl\/prodotto\/fioletowy-puder-do-dekoloryzacji\/#primaryimage\"},\"thumbnailUrl\":\"https:\/\/seipuntozero-haircare.it\/wp-content\/uploads\/2024\/07\/263028_sei_punto_zero_violet_bleaching_powder_500gr.png\",\"datePublished\":\"2024-07-04T15:05:20+00:00\",\"dateModified\":\"2024-07-05T07:01:19+00:00\",\"description\":\"Perfumowany fioletowy puder do dekoloryzacji. Dzi\u0119ki zaawansowanej formule stopniowo rozja\u015bnia do 10 poziom\u00f3w\",\"breadcrumb\":{\"@id\":\"https:\/\/seipuntozero-haircare.it\/pl\/prodotto\/fioletowy-puder-do-dekoloryzacji\/#breadcrumb\"},\"inLanguage\":\"pl-PL\",\"potentialAction\":[{\"@type\":\"ReadAction\",\"target\":[\"https:\/\/seipuntozero-haircare.it\/pl\/prodotto\/fioletowy-puder-do-dekoloryzacji\/\"]}]},{\"@type\":\"ImageObject\",\"inLanguage\":\"pl-PL\",\"@id\":\"https:\/\/seipuntozero-haircare.it\/pl\/prodotto\/fioletowy-puder-do-dekoloryzacji\/#primaryimage\",\"url\":\"https:\/\/seipuntozero-haircare.it\/wp-content\/uploads\/2024\/07\/263028_sei_punto_zero_violet_bleaching_powder_500gr.png\",\"contentUrl\":\"https:\/\/seipuntozero-haircare.it\/wp-content\/uploads\/2024\/07\/263028_sei_punto_zero_violet_bleaching_powder_500gr.png\",\"width\":800,\"height\":800},{\"@type\":\"BreadcrumbList\",\"@id\":\"https:\/\/seipuntozero-haircare.it\/pl\/prodotto\/fioletowy-puder-do-dekoloryzacji\/#breadcrumb\",\"itemListElement\":[{\"@type\":\"ListItem\",\"position\":1,\"name\":\"Home\",\"item\":\"https:\/\/seipuntozero-haircare.it\/pl\/\"},{\"@type\":\"ListItem\",\"position\":2,\"name\":\"Prodotti\",\"item\":\"https:\/\/seipuntozero-haircare.it\/prodotti\/\"},{\"@type\":\"ListItem\",\"position\":3,\"name\":\"Fioletowy Puder do Dekoloryzacji\"}]},{\"@type\":\"WebSite\",\"@id\":\"https:\/\/seipuntozero-haircare.it\/pl\/#website\",\"url\":\"https:\/\/seipuntozero-haircare.it\/pl\/\",\"name\":\"6.Zero\",\"description\":\"Essential Touch\",\"potentialAction\":[{\"@type\":\"SearchAction\",\"target\":{\"@type\":\"EntryPoint\",\"urlTemplate\":\"https:\/\/seipuntozero-haircare.it\/pl\/?s={search_term_string}\"},\"query-input\":{\"@type\":\"PropertyValueSpecification\",\"valueRequired\":true,\"valueName\":\"search_term_string\"}}],\"inLanguage\":\"pl-PL\"}]}<\/script>\n<!-- \/ Yoast SEO plugin. -->","yoast_head_json":{"title":"Fioletowy Puder do Dekoloryzacji - 6.Zero","description":"Perfumowany fioletowy puder do dekoloryzacji. Dzi\u0119ki zaawansowanej formule stopniowo rozja\u015bnia do 10 poziom\u00f3w","robots":{"index":"index","follow":"follow","max-snippet":"max-snippet:-1","max-image-preview":"max-image-preview:large","max-video-preview":"max-video-preview:-1"},"canonical":"https:\/\/seipuntozero-haircare.it\/pl\/prodotto\/fioletowy-puder-do-dekoloryzacji\/","og_locale":"pl_PL","og_type":"article","og_title":"Fioletowy Puder do Dekoloryzacji - 6.Zero","og_description":"Perfumowany fioletowy puder do dekoloryzacji. Dzi\u0119ki zaawansowanej formule stopniowo rozja\u015bnia do 10 poziom\u00f3w","og_url":"https:\/\/seipuntozero-haircare.it\/pl\/prodotto\/fioletowy-puder-do-dekoloryzacji\/","og_site_name":"6.Zero","article_modified_time":"2024-07-05T07:01:19+00:00","og_image":[{"width":800,"height":800,"url":"https:\/\/seipuntozero-haircare.it\/wp-content\/uploads\/2024\/07\/263028_sei_punto_zero_violet_bleaching_powder_500gr.png","type":"image\/png"}],"twitter_card":"summary_large_image","twitter_misc":{"Szacowany czas czytania":"1 minuta"},"schema":{"@context":"https:\/\/schema.org","@graph":[{"@type":"WebPage","@id":"https:\/\/seipuntozero-haircare.it\/pl\/prodotto\/fioletowy-puder-do-dekoloryzacji\/","url":"https:\/\/seipuntozero-haircare.it\/pl\/prodotto\/fioletowy-puder-do-dekoloryzacji\/","name":"Fioletowy Puder do Dekoloryzacji - 6.Zero","isPartOf":{"@id":"https:\/\/seipuntozero-haircare.it\/pl\/#website"},"primaryImageOfPage":{"@id":"https:\/\/seipuntozero-haircare.it\/pl\/prodotto\/fioletowy-puder-do-dekoloryzacji\/#primaryimage"},"image":{"@id":"https:\/\/seipuntozero-haircare.it\/pl\/prodotto\/fioletowy-puder-do-dekoloryzacji\/#primaryimage"},"thumbnailUrl":"https:\/\/seipuntozero-haircare.it\/wp-content\/uploads\/2024\/07\/263028_sei_punto_zero_violet_bleaching_powder_500gr.png","datePublished":"2024-07-04T15:05:20+00:00","dateModified":"2024-07-05T07:01:19+00:00","description":"Perfumowany fioletowy puder do dekoloryzacji. Dzi\u0119ki zaawansowanej formule stopniowo rozja\u015bnia do 10 poziom\u00f3w","breadcrumb":{"@id":"https:\/\/seipuntozero-haircare.it\/pl\/prodotto\/fioletowy-puder-do-dekoloryzacji\/#breadcrumb"},"inLanguage":"pl-PL","potentialAction":[{"@type":"ReadAction","target":["https:\/\/seipuntozero-haircare.it\/pl\/prodotto\/fioletowy-puder-do-dekoloryzacji\/"]}]},{"@type":"ImageObject","inLanguage":"pl-PL","@id":"https:\/\/seipuntozero-haircare.it\/pl\/prodotto\/fioletowy-puder-do-dekoloryzacji\/#primaryimage","url":"https:\/\/seipuntozero-haircare.it\/wp-content\/uploads\/2024\/07\/263028_sei_punto_zero_violet_bleaching_powder_500gr.png","contentUrl":"https:\/\/seipuntozero-haircare.it\/wp-content\/uploads\/2024\/07\/263028_sei_punto_zero_violet_bleaching_powder_500gr.png","width":800,"height":800},{"@type":"BreadcrumbList","@id":"https:\/\/seipuntozero-haircare.it\/pl\/prodotto\/fioletowy-puder-do-dekoloryzacji\/#breadcrumb","itemListElement":[{"@type":"ListItem","position":1,"name":"Home","item":"https:\/\/seipuntozero-haircare.it\/pl\/"},{"@type":"ListItem","position":2,"name":"Prodotti","item":"https:\/\/seipuntozero-haircare.it\/prodotti\/"},{"@type":"ListItem","position":3,"name":"Fioletowy Puder do Dekoloryzacji"}]},{"@type":"WebSite","@id":"https:\/\/seipuntozero-haircare.it\/pl\/#website","url":"https:\/\/seipuntozero-haircare.it\/pl\/","name":"6.Zero","description":"Essential Touch","potentialAction":[{"@type":"SearchAction","target":{"@type":"EntryPoint","urlTemplate":"https:\/\/seipuntozero-haircare.it\/pl\/?s={search_term_string}"},"query-input":{"@type":"PropertyValueSpecification","valueRequired":true,"valueName":"search_term_string"}}],"inLanguage":"pl-PL"}]}},"_links":{"self":[{"href":"https:\/\/seipuntozero-haircare.it\/pl\/wp-json\/wp\/v2\/product\/24023","targetHints":{"allow":["GET"]}}],"collection":[{"href":"https:\/\/seipuntozero-haircare.it\/pl\/wp-json\/wp\/v2\/product"}],"about":[{"href":"https:\/\/seipuntozero-haircare.it\/pl\/wp-json\/wp\/v2\/types\/product"}],"wp:featuredmedia":[{"embeddable":true,"href":"https:\/\/seipuntozero-haircare.it\/pl\/wp-json\/wp\/v2\/media\/24014"}],"wp:attachment":[{"href":"https:\/\/seipuntozero-haircare.it\/pl\/wp-json\/wp\/v2\/media?parent=24023"}],"wp:term":[{"taxonomy":"product_brand","embeddable":true,"href":"https:\/\/seipuntozero-haircare.it\/pl\/wp-json\/wp\/v2\/product_brand?post=24023"},{"taxonomy":"product_cat","embeddable":true,"href":"https:\/\/seipuntozero-haircare.it\/pl\/wp-json\/wp\/v2\/product_cat?post=24023"},{"taxonomy":"product_tag","embeddable":true,"href":"https:\/\/seipuntozero-haircare.it\/pl\/wp-json\/wp\/v2\/product_tag?post=24023"}],"curies":[{"name":"wp","href":"https:\/\/api.w.org\/{rel}","templated":true}]}}