{"id":24007,"date":"2024-06-27T09:52:51","date_gmt":"2024-06-27T07:52:52","guid":{"rendered":"https:\/\/seipuntozero-haircare.it\/?post_type=product&#038;p=24007"},"modified":"2024-06-27T11:33:14","modified_gmt":"2024-06-27T09:33:14","slug":"kromlite-radiance-mode-nablyszczacz-rozswietlajacy","status":"publish","type":"product","link":"https:\/\/seipuntozero-haircare.it\/pl\/prodotto\/kromlite-radiance-mode-nablyszczacz-rozswietlajacy\/","title":{"rendered":"KROMLITE <br> Nab\u0142yszczacz Roz\u015bwietlaj\u0105cy"},"content":{"rendered":"<ul>\n<li>Sprawia, \u017ce w\u0142osy <strong>l\u015bni\u0105<\/strong><\/li>\n<li>Przywraca <strong>witalno\u015b\u0107 matowym, pozbawionym blasku w\u0142osom<\/strong>.<\/li>\n<li>Zmniejsza <strong>efekt puszenia si\u0119 w\u0142os\u00f3w<\/strong><\/li>\n<\/ul>\n","protected":false},"excerpt":{"rendered":"<p>Kromlite Clear to roz\u015bwietlaj\u0105cy <strong>nab\u0142yszczacz<\/strong> <strong>opracowany przez ekspert\u00f3w 6.ZERO<\/strong>, kt\u00f3ry <strong>wzbogaca system koloryzacji Kromlite<\/strong>. <strong>Formu\u0142a <\/strong>produktu jest odpowiednia do <strong>wszystkich rodzaj\u00f3w w\u0142os\u00f3w<\/strong> oraz zapewnia<strong> l\u015bnienie<\/strong> i <strong>blask<\/strong>, a tak\u017ce <strong>nieskazitelny efekt<\/strong>.<\/p>\n<p>Wzbogacony <strong>Olejem Makadamia <\/strong>oraz <strong>Wyci\u0105gami z zielonej herbaty i czarnego bzu<\/strong> Kromlite Clear sprawia, \u017ce w\u0142osy staj\u0105 si\u0119 <strong>mi\u0119kkie<\/strong>, a tak\u017ce wspomaga ich <strong>nawil\u017cenie<\/strong>.<\/p>\n<p>&nbsp;<\/p>\n<p>Do u\u017cytku profesjonalnego<\/p>\n<p>Flakon o pojemno\u015bci 60 ml<\/p>\n","protected":false},"featured_media":22486,"template":"","meta":[],"product_brand":[],"product_cat":[1200],"product_tag":[],"class_list":["post-24007","product","type-product","status-publish","has-post-thumbnail","hentry","product_cat-professional-colouring"],"yoast_head":"<!-- This site is optimized with the Yoast SEO plugin v27.1.1 - https:\/\/yoast.com\/product\/yoast-seo-wordpress\/ -->\n<title>KROMLITE Radiance Mode Nab\u0142yszczacz Roz\u015bwietlaj\u0105cy<\/title>\n<meta name=\"description\" content=\"Kromlite Clear to roz\u015bwietlaj\u0105cy nab\u0142yszczacz opracowany przez ekspert\u00f3w 6.ZERO, kt\u00f3ry wzbogaca system koloryzacji Kromlite.\" \/>\n<meta name=\"robots\" content=\"index, follow, max-snippet:-1, max-image-preview:large, max-video-preview:-1\" \/>\n<link rel=\"canonical\" href=\"https:\/\/seipuntozero-haircare.it\/pl\/prodotto\/kromlite-radiance-mode-nablyszczacz-rozswietlajacy\/\" \/>\n<meta property=\"og:locale\" content=\"pl_PL\" \/>\n<meta property=\"og:type\" content=\"article\" \/>\n<meta property=\"og:title\" content=\"KROMLITE Radiance Mode Nab\u0142yszczacz Roz\u015bwietlaj\u0105cy\" \/>\n<meta property=\"og:description\" content=\"Kromlite Clear to roz\u015bwietlaj\u0105cy nab\u0142yszczacz opracowany przez ekspert\u00f3w 6.ZERO, kt\u00f3ry wzbogaca system koloryzacji Kromlite.\" \/>\n<meta property=\"og:url\" content=\"https:\/\/seipuntozero-haircare.it\/pl\/prodotto\/kromlite-radiance-mode-nablyszczacz-rozswietlajacy\/\" \/>\n<meta property=\"og:site_name\" content=\"6.Zero\" \/>\n<meta property=\"article:modified_time\" content=\"2024-06-27T09:33:14+00:00\" \/>\n<meta property=\"og:image\" content=\"https:\/\/seipuntozero-haircare.it\/wp-content\/uploads\/2024\/06\/265428_sei_punto_zero_kromlite_clear_gloss.png\" \/>\n\t<meta property=\"og:image:width\" content=\"800\" \/>\n\t<meta property=\"og:image:height\" content=\"800\" \/>\n\t<meta property=\"og:image:type\" content=\"image\/png\" \/>\n<meta name=\"twitter:card\" content=\"summary_large_image\" \/>\n<meta name=\"twitter:label1\" content=\"Szacowany czas czytania\" \/>\n\t<meta name=\"twitter:data1\" content=\"1 minuta\" \/>\n<script type=\"application\/ld+json\" class=\"yoast-schema-graph\">{\"@context\":\"https:\/\/schema.org\",\"@graph\":[{\"@type\":\"WebPage\",\"@id\":\"https:\/\/seipuntozero-haircare.it\/pl\/prodotto\/kromlite-radiance-mode-nablyszczacz-rozswietlajacy\/\",\"url\":\"https:\/\/seipuntozero-haircare.it\/pl\/prodotto\/kromlite-radiance-mode-nablyszczacz-rozswietlajacy\/\",\"name\":\"KROMLITE Radiance Mode Nab\u0142yszczacz Roz\u015bwietlaj\u0105cy\",\"isPartOf\":{\"@id\":\"https:\/\/seipuntozero-haircare.it\/pl\/#website\"},\"primaryImageOfPage\":{\"@id\":\"https:\/\/seipuntozero-haircare.it\/pl\/prodotto\/kromlite-radiance-mode-nablyszczacz-rozswietlajacy\/#primaryimage\"},\"image\":{\"@id\":\"https:\/\/seipuntozero-haircare.it\/pl\/prodotto\/kromlite-radiance-mode-nablyszczacz-rozswietlajacy\/#primaryimage\"},\"thumbnailUrl\":\"https:\/\/seipuntozero-haircare.it\/wp-content\/uploads\/2024\/06\/265428_sei_punto_zero_kromlite_clear_gloss.png\",\"datePublished\":\"2024-06-27T07:52:52+00:00\",\"dateModified\":\"2024-06-27T09:33:14+00:00\",\"description\":\"Kromlite Clear to roz\u015bwietlaj\u0105cy nab\u0142yszczacz opracowany przez ekspert\u00f3w 6.ZERO, kt\u00f3ry wzbogaca system koloryzacji Kromlite.\",\"breadcrumb\":{\"@id\":\"https:\/\/seipuntozero-haircare.it\/pl\/prodotto\/kromlite-radiance-mode-nablyszczacz-rozswietlajacy\/#breadcrumb\"},\"inLanguage\":\"pl-PL\",\"potentialAction\":[{\"@type\":\"ReadAction\",\"target\":[\"https:\/\/seipuntozero-haircare.it\/pl\/prodotto\/kromlite-radiance-mode-nablyszczacz-rozswietlajacy\/\"]}]},{\"@type\":\"ImageObject\",\"inLanguage\":\"pl-PL\",\"@id\":\"https:\/\/seipuntozero-haircare.it\/pl\/prodotto\/kromlite-radiance-mode-nablyszczacz-rozswietlajacy\/#primaryimage\",\"url\":\"https:\/\/seipuntozero-haircare.it\/wp-content\/uploads\/2024\/06\/265428_sei_punto_zero_kromlite_clear_gloss.png\",\"contentUrl\":\"https:\/\/seipuntozero-haircare.it\/wp-content\/uploads\/2024\/06\/265428_sei_punto_zero_kromlite_clear_gloss.png\",\"width\":800,\"height\":800},{\"@type\":\"BreadcrumbList\",\"@id\":\"https:\/\/seipuntozero-haircare.it\/pl\/prodotto\/kromlite-radiance-mode-nablyszczacz-rozswietlajacy\/#breadcrumb\",\"itemListElement\":[{\"@type\":\"ListItem\",\"position\":1,\"name\":\"Home\",\"item\":\"https:\/\/seipuntozero-haircare.it\/pl\/\"},{\"@type\":\"ListItem\",\"position\":2,\"name\":\"Prodotti\",\"item\":\"https:\/\/seipuntozero-haircare.it\/prodotti\/\"},{\"@type\":\"ListItem\",\"position\":3,\"name\":\"KROMLITE Nab\u0142yszczacz Roz\u015bwietlaj\u0105cy\"}]},{\"@type\":\"WebSite\",\"@id\":\"https:\/\/seipuntozero-haircare.it\/pl\/#website\",\"url\":\"https:\/\/seipuntozero-haircare.it\/pl\/\",\"name\":\"6.Zero\",\"description\":\"Essential Touch\",\"potentialAction\":[{\"@type\":\"SearchAction\",\"target\":{\"@type\":\"EntryPoint\",\"urlTemplate\":\"https:\/\/seipuntozero-haircare.it\/pl\/?s={search_term_string}\"},\"query-input\":{\"@type\":\"PropertyValueSpecification\",\"valueRequired\":true,\"valueName\":\"search_term_string\"}}],\"inLanguage\":\"pl-PL\"}]}<\/script>\n<!-- \/ Yoast SEO plugin. -->","yoast_head_json":{"title":"KROMLITE Radiance Mode Nab\u0142yszczacz Roz\u015bwietlaj\u0105cy","description":"Kromlite Clear to roz\u015bwietlaj\u0105cy nab\u0142yszczacz opracowany przez ekspert\u00f3w 6.ZERO, kt\u00f3ry wzbogaca system koloryzacji Kromlite.","robots":{"index":"index","follow":"follow","max-snippet":"max-snippet:-1","max-image-preview":"max-image-preview:large","max-video-preview":"max-video-preview:-1"},"canonical":"https:\/\/seipuntozero-haircare.it\/pl\/prodotto\/kromlite-radiance-mode-nablyszczacz-rozswietlajacy\/","og_locale":"pl_PL","og_type":"article","og_title":"KROMLITE Radiance Mode Nab\u0142yszczacz Roz\u015bwietlaj\u0105cy","og_description":"Kromlite Clear to roz\u015bwietlaj\u0105cy nab\u0142yszczacz opracowany przez ekspert\u00f3w 6.ZERO, kt\u00f3ry wzbogaca system koloryzacji Kromlite.","og_url":"https:\/\/seipuntozero-haircare.it\/pl\/prodotto\/kromlite-radiance-mode-nablyszczacz-rozswietlajacy\/","og_site_name":"6.Zero","article_modified_time":"2024-06-27T09:33:14+00:00","og_image":[{"width":800,"height":800,"url":"https:\/\/seipuntozero-haircare.it\/wp-content\/uploads\/2024\/06\/265428_sei_punto_zero_kromlite_clear_gloss.png","type":"image\/png"}],"twitter_card":"summary_large_image","twitter_misc":{"Szacowany czas czytania":"1 minuta"},"schema":{"@context":"https:\/\/schema.org","@graph":[{"@type":"WebPage","@id":"https:\/\/seipuntozero-haircare.it\/pl\/prodotto\/kromlite-radiance-mode-nablyszczacz-rozswietlajacy\/","url":"https:\/\/seipuntozero-haircare.it\/pl\/prodotto\/kromlite-radiance-mode-nablyszczacz-rozswietlajacy\/","name":"KROMLITE Radiance Mode Nab\u0142yszczacz Roz\u015bwietlaj\u0105cy","isPartOf":{"@id":"https:\/\/seipuntozero-haircare.it\/pl\/#website"},"primaryImageOfPage":{"@id":"https:\/\/seipuntozero-haircare.it\/pl\/prodotto\/kromlite-radiance-mode-nablyszczacz-rozswietlajacy\/#primaryimage"},"image":{"@id":"https:\/\/seipuntozero-haircare.it\/pl\/prodotto\/kromlite-radiance-mode-nablyszczacz-rozswietlajacy\/#primaryimage"},"thumbnailUrl":"https:\/\/seipuntozero-haircare.it\/wp-content\/uploads\/2024\/06\/265428_sei_punto_zero_kromlite_clear_gloss.png","datePublished":"2024-06-27T07:52:52+00:00","dateModified":"2024-06-27T09:33:14+00:00","description":"Kromlite Clear to roz\u015bwietlaj\u0105cy nab\u0142yszczacz opracowany przez ekspert\u00f3w 6.ZERO, kt\u00f3ry wzbogaca system koloryzacji Kromlite.","breadcrumb":{"@id":"https:\/\/seipuntozero-haircare.it\/pl\/prodotto\/kromlite-radiance-mode-nablyszczacz-rozswietlajacy\/#breadcrumb"},"inLanguage":"pl-PL","potentialAction":[{"@type":"ReadAction","target":["https:\/\/seipuntozero-haircare.it\/pl\/prodotto\/kromlite-radiance-mode-nablyszczacz-rozswietlajacy\/"]}]},{"@type":"ImageObject","inLanguage":"pl-PL","@id":"https:\/\/seipuntozero-haircare.it\/pl\/prodotto\/kromlite-radiance-mode-nablyszczacz-rozswietlajacy\/#primaryimage","url":"https:\/\/seipuntozero-haircare.it\/wp-content\/uploads\/2024\/06\/265428_sei_punto_zero_kromlite_clear_gloss.png","contentUrl":"https:\/\/seipuntozero-haircare.it\/wp-content\/uploads\/2024\/06\/265428_sei_punto_zero_kromlite_clear_gloss.png","width":800,"height":800},{"@type":"BreadcrumbList","@id":"https:\/\/seipuntozero-haircare.it\/pl\/prodotto\/kromlite-radiance-mode-nablyszczacz-rozswietlajacy\/#breadcrumb","itemListElement":[{"@type":"ListItem","position":1,"name":"Home","item":"https:\/\/seipuntozero-haircare.it\/pl\/"},{"@type":"ListItem","position":2,"name":"Prodotti","item":"https:\/\/seipuntozero-haircare.it\/prodotti\/"},{"@type":"ListItem","position":3,"name":"KROMLITE Nab\u0142yszczacz Roz\u015bwietlaj\u0105cy"}]},{"@type":"WebSite","@id":"https:\/\/seipuntozero-haircare.it\/pl\/#website","url":"https:\/\/seipuntozero-haircare.it\/pl\/","name":"6.Zero","description":"Essential Touch","potentialAction":[{"@type":"SearchAction","target":{"@type":"EntryPoint","urlTemplate":"https:\/\/seipuntozero-haircare.it\/pl\/?s={search_term_string}"},"query-input":{"@type":"PropertyValueSpecification","valueRequired":true,"valueName":"search_term_string"}}],"inLanguage":"pl-PL"}]}},"_links":{"self":[{"href":"https:\/\/seipuntozero-haircare.it\/pl\/wp-json\/wp\/v2\/product\/24007","targetHints":{"allow":["GET"]}}],"collection":[{"href":"https:\/\/seipuntozero-haircare.it\/pl\/wp-json\/wp\/v2\/product"}],"about":[{"href":"https:\/\/seipuntozero-haircare.it\/pl\/wp-json\/wp\/v2\/types\/product"}],"wp:featuredmedia":[{"embeddable":true,"href":"https:\/\/seipuntozero-haircare.it\/pl\/wp-json\/wp\/v2\/media\/22486"}],"wp:attachment":[{"href":"https:\/\/seipuntozero-haircare.it\/pl\/wp-json\/wp\/v2\/media?parent=24007"}],"wp:term":[{"taxonomy":"product_brand","embeddable":true,"href":"https:\/\/seipuntozero-haircare.it\/pl\/wp-json\/wp\/v2\/product_brand?post=24007"},{"taxonomy":"product_cat","embeddable":true,"href":"https:\/\/seipuntozero-haircare.it\/pl\/wp-json\/wp\/v2\/product_cat?post=24007"},{"taxonomy":"product_tag","embeddable":true,"href":"https:\/\/seipuntozero-haircare.it\/pl\/wp-json\/wp\/v2\/product_tag?post=24007"}],"curies":[{"name":"wp","href":"https:\/\/api.w.org\/{rel}","templated":true}]}}