{"id":23504,"date":"2024-06-26T12:20:08","date_gmt":"2024-06-26T10:21:43","guid":{"rendered":"https:\/\/seipuntozero-haircare.it\/?post_type=product&#038;p=23504"},"modified":"2024-06-27T11:28:38","modified_gmt":"2024-06-27T09:28:38","slug":"kromlite-double-mode-poltrwala-koloryzacja-bez-amoniaku","status":"publish","type":"product","link":"https:\/\/seipuntozero-haircare.it\/pl\/prodotto\/kromlite-double-mode-poltrwala-koloryzacja-bez-amoniaku\/","title":{"rendered":"KROMLITE <br>  P\u00f3\u0142trwa\u0142a koloryzacja bez amoniaku"},"content":{"rendered":"<ul>\n<li><strong>Kryje<\/strong> siwe w\u0142osy <strong>do 80%<\/strong><\/li>\n<li>Do 3 poziom\u00f3w rozja\u015bnienia<\/li>\n<li>Idealny r\u00f3wnie\u017c do <strong>w\u0142os\u00f3w<\/strong> <strong>zestresowanych i zniszczonych<\/strong>.<\/li>\n<\/ul>\n","protected":false},"excerpt":{"rendered":"<p>Kromlite to <strong>p\u00f3\u0142trwa\u0142a koloryzacja w olejku<\/strong>, bez amoniaku, opracowana w taki spos\u00f3b, aby oferowa\u0107 <strong>dwa rodzaje koloryzacji<\/strong> w jednym produkcie. <strong>Biwalentna formu\u0142a<\/strong> umo\u017cliwia otrzymanie zar\u00f3wno <strong>naturalnego krycia<\/strong>, jak i <strong>koloryzacj\u0119 ton w ton<\/strong>.<\/p>\n<p>Produkt zosta\u0142 wzbogacony <strong>Olejem Makadamia<\/strong> oraz <strong>Wyci\u0105giem z Zielonej Herbaty<\/strong> <strong>i Czarnego Bzu<\/strong>. To sprawia, \u017ce Kromlite zapewnia <strong>intensywne <\/strong>i <strong>niezwykle l\u015bni\u0105ce refleksy<\/strong> oraz <strong>naturalny i d\u0142ugotrwa\u0142y efekt<\/strong>.<\/p>\n<p>&nbsp;<\/p>\n<p>Do u\u017cytku profesjonalnego<\/p>\n<p>Flakon o pojemno\u015bci 60 ml<\/p>\n<p><span style=\"font-weight: 400;\">42 odcieni<\/span><\/p>\n","protected":false},"featured_media":22787,"template":"","meta":[],"product_brand":[],"product_cat":[1200],"product_tag":[],"class_list":["post-23504","product","type-product","status-publish","has-post-thumbnail","hentry","product_cat-professional-colouring"],"yoast_head":"<!-- This site is optimized with the Yoast SEO plugin v27.1.1 - https:\/\/yoast.com\/product\/yoast-seo-wordpress\/ -->\n<title>KROMLITE P\u00f3\u0142trwa\u0142a koloryzacja bez amoniaku<\/title>\n<meta name=\"description\" content=\"Kromlite to p\u00f3\u0142trwa\u0142a koloryzacja w olejku, bez amoniaku, opracowana w taki spos\u00f3b, aby oferowa\u0107 dwa rodzaje koloryzacji w jednym produkcie.\" \/>\n<meta name=\"robots\" content=\"index, follow, max-snippet:-1, max-image-preview:large, max-video-preview:-1\" \/>\n<link rel=\"canonical\" href=\"https:\/\/seipuntozero-haircare.it\/pl\/prodotto\/kromlite-double-mode-poltrwala-koloryzacja-bez-amoniaku\/\" \/>\n<meta property=\"og:locale\" content=\"pl_PL\" \/>\n<meta property=\"og:type\" content=\"article\" \/>\n<meta property=\"og:title\" content=\"KROMLITE P\u00f3\u0142trwa\u0142a koloryzacja bez amoniaku\" \/>\n<meta property=\"og:description\" content=\"Kromlite to p\u00f3\u0142trwa\u0142a koloryzacja w olejku, bez amoniaku, opracowana w taki spos\u00f3b, aby oferowa\u0107 dwa rodzaje koloryzacji w jednym produkcie.\" \/>\n<meta property=\"og:url\" content=\"https:\/\/seipuntozero-haircare.it\/pl\/prodotto\/kromlite-double-mode-poltrwala-koloryzacja-bez-amoniaku\/\" \/>\n<meta property=\"og:site_name\" content=\"6.Zero\" \/>\n<meta property=\"article:modified_time\" content=\"2024-06-27T09:28:38+00:00\" \/>\n<meta property=\"og:image\" content=\"https:\/\/seipuntozero-haircare.it\/wp-content\/uploads\/2024\/06\/265xxx_sei_punto_zero_kromlite.png\" \/>\n\t<meta property=\"og:image:width\" content=\"800\" \/>\n\t<meta property=\"og:image:height\" content=\"800\" \/>\n\t<meta property=\"og:image:type\" content=\"image\/png\" \/>\n<meta name=\"twitter:card\" content=\"summary_large_image\" \/>\n<meta name=\"twitter:label1\" content=\"Szacowany czas czytania\" \/>\n\t<meta name=\"twitter:data1\" content=\"1 minuta\" \/>\n<script type=\"application\/ld+json\" class=\"yoast-schema-graph\">{\"@context\":\"https:\/\/schema.org\",\"@graph\":[{\"@type\":\"WebPage\",\"@id\":\"https:\/\/seipuntozero-haircare.it\/pl\/prodotto\/kromlite-double-mode-poltrwala-koloryzacja-bez-amoniaku\/\",\"url\":\"https:\/\/seipuntozero-haircare.it\/pl\/prodotto\/kromlite-double-mode-poltrwala-koloryzacja-bez-amoniaku\/\",\"name\":\"KROMLITE P\u00f3\u0142trwa\u0142a koloryzacja bez amoniaku\",\"isPartOf\":{\"@id\":\"https:\/\/seipuntozero-haircare.it\/pl\/#website\"},\"primaryImageOfPage\":{\"@id\":\"https:\/\/seipuntozero-haircare.it\/pl\/prodotto\/kromlite-double-mode-poltrwala-koloryzacja-bez-amoniaku\/#primaryimage\"},\"image\":{\"@id\":\"https:\/\/seipuntozero-haircare.it\/pl\/prodotto\/kromlite-double-mode-poltrwala-koloryzacja-bez-amoniaku\/#primaryimage\"},\"thumbnailUrl\":\"https:\/\/seipuntozero-haircare.it\/wp-content\/uploads\/2024\/06\/265xxx_sei_punto_zero_kromlite.png\",\"datePublished\":\"2024-06-26T10:21:43+00:00\",\"dateModified\":\"2024-06-27T09:28:38+00:00\",\"description\":\"Kromlite to p\u00f3\u0142trwa\u0142a koloryzacja w olejku, bez amoniaku, opracowana w taki spos\u00f3b, aby oferowa\u0107 dwa rodzaje koloryzacji w jednym produkcie.\",\"breadcrumb\":{\"@id\":\"https:\/\/seipuntozero-haircare.it\/pl\/prodotto\/kromlite-double-mode-poltrwala-koloryzacja-bez-amoniaku\/#breadcrumb\"},\"inLanguage\":\"pl-PL\",\"potentialAction\":[{\"@type\":\"ReadAction\",\"target\":[\"https:\/\/seipuntozero-haircare.it\/pl\/prodotto\/kromlite-double-mode-poltrwala-koloryzacja-bez-amoniaku\/\"]}]},{\"@type\":\"ImageObject\",\"inLanguage\":\"pl-PL\",\"@id\":\"https:\/\/seipuntozero-haircare.it\/pl\/prodotto\/kromlite-double-mode-poltrwala-koloryzacja-bez-amoniaku\/#primaryimage\",\"url\":\"https:\/\/seipuntozero-haircare.it\/wp-content\/uploads\/2024\/06\/265xxx_sei_punto_zero_kromlite.png\",\"contentUrl\":\"https:\/\/seipuntozero-haircare.it\/wp-content\/uploads\/2024\/06\/265xxx_sei_punto_zero_kromlite.png\",\"width\":800,\"height\":800},{\"@type\":\"BreadcrumbList\",\"@id\":\"https:\/\/seipuntozero-haircare.it\/pl\/prodotto\/kromlite-double-mode-poltrwala-koloryzacja-bez-amoniaku\/#breadcrumb\",\"itemListElement\":[{\"@type\":\"ListItem\",\"position\":1,\"name\":\"Home\",\"item\":\"https:\/\/seipuntozero-haircare.it\/pl\/\"},{\"@type\":\"ListItem\",\"position\":2,\"name\":\"Prodotti\",\"item\":\"https:\/\/seipuntozero-haircare.it\/prodotti\/\"},{\"@type\":\"ListItem\",\"position\":3,\"name\":\"KROMLITE P\u00f3\u0142trwa\u0142a koloryzacja bez amoniaku\"}]},{\"@type\":\"WebSite\",\"@id\":\"https:\/\/seipuntozero-haircare.it\/pl\/#website\",\"url\":\"https:\/\/seipuntozero-haircare.it\/pl\/\",\"name\":\"6.Zero\",\"description\":\"Essential Touch\",\"potentialAction\":[{\"@type\":\"SearchAction\",\"target\":{\"@type\":\"EntryPoint\",\"urlTemplate\":\"https:\/\/seipuntozero-haircare.it\/pl\/?s={search_term_string}\"},\"query-input\":{\"@type\":\"PropertyValueSpecification\",\"valueRequired\":true,\"valueName\":\"search_term_string\"}}],\"inLanguage\":\"pl-PL\"}]}<\/script>\n<!-- \/ Yoast SEO plugin. -->","yoast_head_json":{"title":"KROMLITE P\u00f3\u0142trwa\u0142a koloryzacja bez amoniaku","description":"Kromlite to p\u00f3\u0142trwa\u0142a koloryzacja w olejku, bez amoniaku, opracowana w taki spos\u00f3b, aby oferowa\u0107 dwa rodzaje koloryzacji w jednym produkcie.","robots":{"index":"index","follow":"follow","max-snippet":"max-snippet:-1","max-image-preview":"max-image-preview:large","max-video-preview":"max-video-preview:-1"},"canonical":"https:\/\/seipuntozero-haircare.it\/pl\/prodotto\/kromlite-double-mode-poltrwala-koloryzacja-bez-amoniaku\/","og_locale":"pl_PL","og_type":"article","og_title":"KROMLITE P\u00f3\u0142trwa\u0142a koloryzacja bez amoniaku","og_description":"Kromlite to p\u00f3\u0142trwa\u0142a koloryzacja w olejku, bez amoniaku, opracowana w taki spos\u00f3b, aby oferowa\u0107 dwa rodzaje koloryzacji w jednym produkcie.","og_url":"https:\/\/seipuntozero-haircare.it\/pl\/prodotto\/kromlite-double-mode-poltrwala-koloryzacja-bez-amoniaku\/","og_site_name":"6.Zero","article_modified_time":"2024-06-27T09:28:38+00:00","og_image":[{"width":800,"height":800,"url":"https:\/\/seipuntozero-haircare.it\/wp-content\/uploads\/2024\/06\/265xxx_sei_punto_zero_kromlite.png","type":"image\/png"}],"twitter_card":"summary_large_image","twitter_misc":{"Szacowany czas czytania":"1 minuta"},"schema":{"@context":"https:\/\/schema.org","@graph":[{"@type":"WebPage","@id":"https:\/\/seipuntozero-haircare.it\/pl\/prodotto\/kromlite-double-mode-poltrwala-koloryzacja-bez-amoniaku\/","url":"https:\/\/seipuntozero-haircare.it\/pl\/prodotto\/kromlite-double-mode-poltrwala-koloryzacja-bez-amoniaku\/","name":"KROMLITE P\u00f3\u0142trwa\u0142a koloryzacja bez amoniaku","isPartOf":{"@id":"https:\/\/seipuntozero-haircare.it\/pl\/#website"},"primaryImageOfPage":{"@id":"https:\/\/seipuntozero-haircare.it\/pl\/prodotto\/kromlite-double-mode-poltrwala-koloryzacja-bez-amoniaku\/#primaryimage"},"image":{"@id":"https:\/\/seipuntozero-haircare.it\/pl\/prodotto\/kromlite-double-mode-poltrwala-koloryzacja-bez-amoniaku\/#primaryimage"},"thumbnailUrl":"https:\/\/seipuntozero-haircare.it\/wp-content\/uploads\/2024\/06\/265xxx_sei_punto_zero_kromlite.png","datePublished":"2024-06-26T10:21:43+00:00","dateModified":"2024-06-27T09:28:38+00:00","description":"Kromlite to p\u00f3\u0142trwa\u0142a koloryzacja w olejku, bez amoniaku, opracowana w taki spos\u00f3b, aby oferowa\u0107 dwa rodzaje koloryzacji w jednym produkcie.","breadcrumb":{"@id":"https:\/\/seipuntozero-haircare.it\/pl\/prodotto\/kromlite-double-mode-poltrwala-koloryzacja-bez-amoniaku\/#breadcrumb"},"inLanguage":"pl-PL","potentialAction":[{"@type":"ReadAction","target":["https:\/\/seipuntozero-haircare.it\/pl\/prodotto\/kromlite-double-mode-poltrwala-koloryzacja-bez-amoniaku\/"]}]},{"@type":"ImageObject","inLanguage":"pl-PL","@id":"https:\/\/seipuntozero-haircare.it\/pl\/prodotto\/kromlite-double-mode-poltrwala-koloryzacja-bez-amoniaku\/#primaryimage","url":"https:\/\/seipuntozero-haircare.it\/wp-content\/uploads\/2024\/06\/265xxx_sei_punto_zero_kromlite.png","contentUrl":"https:\/\/seipuntozero-haircare.it\/wp-content\/uploads\/2024\/06\/265xxx_sei_punto_zero_kromlite.png","width":800,"height":800},{"@type":"BreadcrumbList","@id":"https:\/\/seipuntozero-haircare.it\/pl\/prodotto\/kromlite-double-mode-poltrwala-koloryzacja-bez-amoniaku\/#breadcrumb","itemListElement":[{"@type":"ListItem","position":1,"name":"Home","item":"https:\/\/seipuntozero-haircare.it\/pl\/"},{"@type":"ListItem","position":2,"name":"Prodotti","item":"https:\/\/seipuntozero-haircare.it\/prodotti\/"},{"@type":"ListItem","position":3,"name":"KROMLITE P\u00f3\u0142trwa\u0142a koloryzacja bez amoniaku"}]},{"@type":"WebSite","@id":"https:\/\/seipuntozero-haircare.it\/pl\/#website","url":"https:\/\/seipuntozero-haircare.it\/pl\/","name":"6.Zero","description":"Essential Touch","potentialAction":[{"@type":"SearchAction","target":{"@type":"EntryPoint","urlTemplate":"https:\/\/seipuntozero-haircare.it\/pl\/?s={search_term_string}"},"query-input":{"@type":"PropertyValueSpecification","valueRequired":true,"valueName":"search_term_string"}}],"inLanguage":"pl-PL"}]}},"_links":{"self":[{"href":"https:\/\/seipuntozero-haircare.it\/pl\/wp-json\/wp\/v2\/product\/23504","targetHints":{"allow":["GET"]}}],"collection":[{"href":"https:\/\/seipuntozero-haircare.it\/pl\/wp-json\/wp\/v2\/product"}],"about":[{"href":"https:\/\/seipuntozero-haircare.it\/pl\/wp-json\/wp\/v2\/types\/product"}],"wp:featuredmedia":[{"embeddable":true,"href":"https:\/\/seipuntozero-haircare.it\/pl\/wp-json\/wp\/v2\/media\/22787"}],"wp:attachment":[{"href":"https:\/\/seipuntozero-haircare.it\/pl\/wp-json\/wp\/v2\/media?parent=23504"}],"wp:term":[{"taxonomy":"product_brand","embeddable":true,"href":"https:\/\/seipuntozero-haircare.it\/pl\/wp-json\/wp\/v2\/product_brand?post=23504"},{"taxonomy":"product_cat","embeddable":true,"href":"https:\/\/seipuntozero-haircare.it\/pl\/wp-json\/wp\/v2\/product_cat?post=23504"},{"taxonomy":"product_tag","embeddable":true,"href":"https:\/\/seipuntozero-haircare.it\/pl\/wp-json\/wp\/v2\/product_tag?post=23504"}],"curies":[{"name":"wp","href":"https:\/\/api.w.org\/{rel}","templated":true}]}}