{"id":21954,"date":"2017-03-15T15:49:29","date_gmt":"2017-03-15T14:49:29","guid":{"rendered":"https:\/\/seipuntozero-haircare.it\/prodotto\/take-over-perfect-smooth-maska-do-wlosow-prostych-i-niezdyscyplinowanych-2\/"},"modified":"2023-11-20T16:00:55","modified_gmt":"2023-11-20T15:00:55","slug":"take-over-perfect-smooth-maska-do-wlosow-prostych-i-niezdyscyplinowanych-2","status":"publish","type":"product","link":"https:\/\/seipuntozero-haircare.it\/pl\/prodotto\/take-over-perfect-smooth-maska-do-wlosow-prostych-i-niezdyscyplinowanych-2\/","title":{"rendered":"TAKE OVER &#8211; PERFECT SMOOTH <br> Maska do w\u0142os\u00f3w prostych i niezdyscyplinowanych"},"content":{"rendered":"<ul>\n<li style=\"font-weight: 400;\" aria-level=\"1\"><span style=\"font-weight: 400;\">Wyg\u0142adza i dyscyplinuje ka\u017cdy rodzaj w\u0142os\u00f3w<\/span><\/li>\n<li style=\"font-weight: 400;\" aria-level=\"1\"><span style=\"font-weight: 400;\">Wykazuje dzia\u0142anie kondycjonuj\u0105ce i od\u017cywcze<\/span><\/li>\n<li style=\"font-weight: 400;\" aria-level=\"1\"><span style=\"font-weight: 400;\">Nie obci\u0105\u017ca w\u0142os\u00f3w<\/span><\/li>\n<\/ul>\n","protected":false},"excerpt":{"rendered":"<p><span style=\"font-weight: 400;\">Maska do w\u0142os\u00f3w prostych i niezdyscyplinowanych Take Over Perfect Smooth wykazuje intensywne dzia\u0142anie od\u017cywcze i kondycjonuj\u0105ce. Maska dzia\u0142a r\u00f3wnie\u017c rozlu\u017aniaj\u0105co na w\u0142\u00f3kno w\u0142osa oraz wyg\u0142adzaj\u0105co, dzi\u0119ki czemu zapobiega puszeniu. Dzi\u0119ki innowacyjnej formule o aksamitnej konsystencji wzbogaconej Proteinami Jedwabiu i Aminokwasami Keratyny sprawia, \u017ce w\u0142osy staj\u0105 si\u0119 idealnie g\u0142adkie, elastyczne i l\u015bni\u0105ce. Nie obci\u0105\u017ca w\u0142os\u00f3w.<\/span><\/p>\n<p><span style=\"font-weight: 400;\">Opakowanie o pojemno\u015bci 300 ml<\/span><\/p>\n","protected":false},"featured_media":21620,"template":"","meta":[],"product_brand":[],"product_cat":[1210],"product_tag":[],"class_list":["post-21954","product","type-product","status-publish","has-post-thumbnail","hentry","product_cat-take-over-perfect-smooth-pl"],"yoast_head":"<!-- This site is optimized with the Yoast SEO plugin v27.1.1 - https:\/\/yoast.com\/product\/yoast-seo-wordpress\/ -->\n<title>Take Over - Perfect Smooth | Maska do w\u0142os\u00f3w prostych i niezdyscyplinowanych<\/title>\n<meta name=\"description\" content=\"Maska do w\u0142os\u00f3w prostych i niezdyscyplinowanych Take Over Perfect Smooth wykazuje intensywne dzia\u0142anie od\u017cywcze i kondycjonuj\u0105ce.\" \/>\n<meta name=\"robots\" content=\"index, follow, max-snippet:-1, max-image-preview:large, max-video-preview:-1\" \/>\n<link rel=\"canonical\" href=\"https:\/\/seipuntozero-haircare.it\/pl\/prodotto\/take-over-perfect-smooth-maska-do-wlosow-prostych-i-niezdyscyplinowanych-2\/\" \/>\n<meta property=\"og:locale\" content=\"pl_PL\" \/>\n<meta property=\"og:type\" content=\"article\" \/>\n<meta property=\"og:title\" content=\"Take Over - Perfect Smooth | Maska do w\u0142os\u00f3w prostych i niezdyscyplinowanych\" \/>\n<meta property=\"og:description\" content=\"Maska do w\u0142os\u00f3w prostych i niezdyscyplinowanych Take Over Perfect Smooth wykazuje intensywne dzia\u0142anie od\u017cywcze i kondycjonuj\u0105ce.\" \/>\n<meta property=\"og:url\" content=\"https:\/\/seipuntozero-haircare.it\/pl\/prodotto\/take-over-perfect-smooth-maska-do-wlosow-prostych-i-niezdyscyplinowanych-2\/\" \/>\n<meta property=\"og:site_name\" content=\"6.Zero\" \/>\n<meta property=\"article:modified_time\" content=\"2023-11-20T15:00:55+00:00\" \/>\n<meta property=\"og:image\" content=\"https:\/\/seipuntozero-haircare.it\/wp-content\/uploads\/2019\/03\/262243_sei_punto_zero_take_over_perfect_smooth_mask_300ml-1.png\" \/>\n\t<meta property=\"og:image:width\" content=\"800\" \/>\n\t<meta property=\"og:image:height\" content=\"800\" \/>\n\t<meta property=\"og:image:type\" content=\"image\/png\" \/>\n<meta name=\"twitter:card\" content=\"summary_large_image\" \/>\n<meta name=\"twitter:label1\" content=\"Szacowany czas czytania\" \/>\n\t<meta name=\"twitter:data1\" content=\"1 minuta\" \/>\n<script type=\"application\/ld+json\" class=\"yoast-schema-graph\">{\"@context\":\"https:\/\/schema.org\",\"@graph\":[{\"@type\":\"WebPage\",\"@id\":\"https:\/\/seipuntozero-haircare.it\/pl\/prodotto\/take-over-perfect-smooth-maska-do-wlosow-prostych-i-niezdyscyplinowanych-2\/\",\"url\":\"https:\/\/seipuntozero-haircare.it\/pl\/prodotto\/take-over-perfect-smooth-maska-do-wlosow-prostych-i-niezdyscyplinowanych-2\/\",\"name\":\"Take Over - Perfect Smooth | Maska do w\u0142os\u00f3w prostych i niezdyscyplinowanych\",\"isPartOf\":{\"@id\":\"https:\/\/seipuntozero-haircare.it\/pl\/#website\"},\"primaryImageOfPage\":{\"@id\":\"https:\/\/seipuntozero-haircare.it\/pl\/prodotto\/take-over-perfect-smooth-maska-do-wlosow-prostych-i-niezdyscyplinowanych-2\/#primaryimage\"},\"image\":{\"@id\":\"https:\/\/seipuntozero-haircare.it\/pl\/prodotto\/take-over-perfect-smooth-maska-do-wlosow-prostych-i-niezdyscyplinowanych-2\/#primaryimage\"},\"thumbnailUrl\":\"https:\/\/seipuntozero-haircare.it\/wp-content\/uploads\/2019\/03\/262243_sei_punto_zero_take_over_perfect_smooth_mask_300ml-1.png\",\"datePublished\":\"2017-03-15T14:49:29+00:00\",\"dateModified\":\"2023-11-20T15:00:55+00:00\",\"description\":\"Maska do w\u0142os\u00f3w prostych i niezdyscyplinowanych Take Over Perfect Smooth wykazuje intensywne dzia\u0142anie od\u017cywcze i kondycjonuj\u0105ce.\",\"breadcrumb\":{\"@id\":\"https:\/\/seipuntozero-haircare.it\/pl\/prodotto\/take-over-perfect-smooth-maska-do-wlosow-prostych-i-niezdyscyplinowanych-2\/#breadcrumb\"},\"inLanguage\":\"pl-PL\",\"potentialAction\":[{\"@type\":\"ReadAction\",\"target\":[\"https:\/\/seipuntozero-haircare.it\/pl\/prodotto\/take-over-perfect-smooth-maska-do-wlosow-prostych-i-niezdyscyplinowanych-2\/\"]}]},{\"@type\":\"ImageObject\",\"inLanguage\":\"pl-PL\",\"@id\":\"https:\/\/seipuntozero-haircare.it\/pl\/prodotto\/take-over-perfect-smooth-maska-do-wlosow-prostych-i-niezdyscyplinowanych-2\/#primaryimage\",\"url\":\"https:\/\/seipuntozero-haircare.it\/wp-content\/uploads\/2019\/03\/262243_sei_punto_zero_take_over_perfect_smooth_mask_300ml-1.png\",\"contentUrl\":\"https:\/\/seipuntozero-haircare.it\/wp-content\/uploads\/2019\/03\/262243_sei_punto_zero_take_over_perfect_smooth_mask_300ml-1.png\",\"width\":800,\"height\":800},{\"@type\":\"BreadcrumbList\",\"@id\":\"https:\/\/seipuntozero-haircare.it\/pl\/prodotto\/take-over-perfect-smooth-maska-do-wlosow-prostych-i-niezdyscyplinowanych-2\/#breadcrumb\",\"itemListElement\":[{\"@type\":\"ListItem\",\"position\":1,\"name\":\"Home\",\"item\":\"https:\/\/seipuntozero-haircare.it\/pl\/\"},{\"@type\":\"ListItem\",\"position\":2,\"name\":\"Prodotti\",\"item\":\"https:\/\/seipuntozero-haircare.it\/prodotti\/\"},{\"@type\":\"ListItem\",\"position\":3,\"name\":\"TAKE OVER &#8211; PERFECT SMOOTH Maska do w\u0142os\u00f3w prostych i niezdyscyplinowanych\"}]},{\"@type\":\"WebSite\",\"@id\":\"https:\/\/seipuntozero-haircare.it\/pl\/#website\",\"url\":\"https:\/\/seipuntozero-haircare.it\/pl\/\",\"name\":\"6.Zero\",\"description\":\"Essential Touch\",\"potentialAction\":[{\"@type\":\"SearchAction\",\"target\":{\"@type\":\"EntryPoint\",\"urlTemplate\":\"https:\/\/seipuntozero-haircare.it\/pl\/?s={search_term_string}\"},\"query-input\":{\"@type\":\"PropertyValueSpecification\",\"valueRequired\":true,\"valueName\":\"search_term_string\"}}],\"inLanguage\":\"pl-PL\"}]}<\/script>\n<!-- \/ Yoast SEO plugin. -->","yoast_head_json":{"title":"Take Over - Perfect Smooth | Maska do w\u0142os\u00f3w prostych i niezdyscyplinowanych","description":"Maska do w\u0142os\u00f3w prostych i niezdyscyplinowanych Take Over Perfect Smooth wykazuje intensywne dzia\u0142anie od\u017cywcze i kondycjonuj\u0105ce.","robots":{"index":"index","follow":"follow","max-snippet":"max-snippet:-1","max-image-preview":"max-image-preview:large","max-video-preview":"max-video-preview:-1"},"canonical":"https:\/\/seipuntozero-haircare.it\/pl\/prodotto\/take-over-perfect-smooth-maska-do-wlosow-prostych-i-niezdyscyplinowanych-2\/","og_locale":"pl_PL","og_type":"article","og_title":"Take Over - Perfect Smooth | Maska do w\u0142os\u00f3w prostych i niezdyscyplinowanych","og_description":"Maska do w\u0142os\u00f3w prostych i niezdyscyplinowanych Take Over Perfect Smooth wykazuje intensywne dzia\u0142anie od\u017cywcze i kondycjonuj\u0105ce.","og_url":"https:\/\/seipuntozero-haircare.it\/pl\/prodotto\/take-over-perfect-smooth-maska-do-wlosow-prostych-i-niezdyscyplinowanych-2\/","og_site_name":"6.Zero","article_modified_time":"2023-11-20T15:00:55+00:00","og_image":[{"width":800,"height":800,"url":"https:\/\/seipuntozero-haircare.it\/wp-content\/uploads\/2019\/03\/262243_sei_punto_zero_take_over_perfect_smooth_mask_300ml-1.png","type":"image\/png"}],"twitter_card":"summary_large_image","twitter_misc":{"Szacowany czas czytania":"1 minuta"},"schema":{"@context":"https:\/\/schema.org","@graph":[{"@type":"WebPage","@id":"https:\/\/seipuntozero-haircare.it\/pl\/prodotto\/take-over-perfect-smooth-maska-do-wlosow-prostych-i-niezdyscyplinowanych-2\/","url":"https:\/\/seipuntozero-haircare.it\/pl\/prodotto\/take-over-perfect-smooth-maska-do-wlosow-prostych-i-niezdyscyplinowanych-2\/","name":"Take Over - Perfect Smooth | Maska do w\u0142os\u00f3w prostych i niezdyscyplinowanych","isPartOf":{"@id":"https:\/\/seipuntozero-haircare.it\/pl\/#website"},"primaryImageOfPage":{"@id":"https:\/\/seipuntozero-haircare.it\/pl\/prodotto\/take-over-perfect-smooth-maska-do-wlosow-prostych-i-niezdyscyplinowanych-2\/#primaryimage"},"image":{"@id":"https:\/\/seipuntozero-haircare.it\/pl\/prodotto\/take-over-perfect-smooth-maska-do-wlosow-prostych-i-niezdyscyplinowanych-2\/#primaryimage"},"thumbnailUrl":"https:\/\/seipuntozero-haircare.it\/wp-content\/uploads\/2019\/03\/262243_sei_punto_zero_take_over_perfect_smooth_mask_300ml-1.png","datePublished":"2017-03-15T14:49:29+00:00","dateModified":"2023-11-20T15:00:55+00:00","description":"Maska do w\u0142os\u00f3w prostych i niezdyscyplinowanych Take Over Perfect Smooth wykazuje intensywne dzia\u0142anie od\u017cywcze i kondycjonuj\u0105ce.","breadcrumb":{"@id":"https:\/\/seipuntozero-haircare.it\/pl\/prodotto\/take-over-perfect-smooth-maska-do-wlosow-prostych-i-niezdyscyplinowanych-2\/#breadcrumb"},"inLanguage":"pl-PL","potentialAction":[{"@type":"ReadAction","target":["https:\/\/seipuntozero-haircare.it\/pl\/prodotto\/take-over-perfect-smooth-maska-do-wlosow-prostych-i-niezdyscyplinowanych-2\/"]}]},{"@type":"ImageObject","inLanguage":"pl-PL","@id":"https:\/\/seipuntozero-haircare.it\/pl\/prodotto\/take-over-perfect-smooth-maska-do-wlosow-prostych-i-niezdyscyplinowanych-2\/#primaryimage","url":"https:\/\/seipuntozero-haircare.it\/wp-content\/uploads\/2019\/03\/262243_sei_punto_zero_take_over_perfect_smooth_mask_300ml-1.png","contentUrl":"https:\/\/seipuntozero-haircare.it\/wp-content\/uploads\/2019\/03\/262243_sei_punto_zero_take_over_perfect_smooth_mask_300ml-1.png","width":800,"height":800},{"@type":"BreadcrumbList","@id":"https:\/\/seipuntozero-haircare.it\/pl\/prodotto\/take-over-perfect-smooth-maska-do-wlosow-prostych-i-niezdyscyplinowanych-2\/#breadcrumb","itemListElement":[{"@type":"ListItem","position":1,"name":"Home","item":"https:\/\/seipuntozero-haircare.it\/pl\/"},{"@type":"ListItem","position":2,"name":"Prodotti","item":"https:\/\/seipuntozero-haircare.it\/prodotti\/"},{"@type":"ListItem","position":3,"name":"TAKE OVER &#8211; PERFECT SMOOTH Maska do w\u0142os\u00f3w prostych i niezdyscyplinowanych"}]},{"@type":"WebSite","@id":"https:\/\/seipuntozero-haircare.it\/pl\/#website","url":"https:\/\/seipuntozero-haircare.it\/pl\/","name":"6.Zero","description":"Essential Touch","potentialAction":[{"@type":"SearchAction","target":{"@type":"EntryPoint","urlTemplate":"https:\/\/seipuntozero-haircare.it\/pl\/?s={search_term_string}"},"query-input":{"@type":"PropertyValueSpecification","valueRequired":true,"valueName":"search_term_string"}}],"inLanguage":"pl-PL"}]}},"_links":{"self":[{"href":"https:\/\/seipuntozero-haircare.it\/pl\/wp-json\/wp\/v2\/product\/21954","targetHints":{"allow":["GET"]}}],"collection":[{"href":"https:\/\/seipuntozero-haircare.it\/pl\/wp-json\/wp\/v2\/product"}],"about":[{"href":"https:\/\/seipuntozero-haircare.it\/pl\/wp-json\/wp\/v2\/types\/product"}],"wp:featuredmedia":[{"embeddable":true,"href":"https:\/\/seipuntozero-haircare.it\/pl\/wp-json\/wp\/v2\/media\/21620"}],"wp:attachment":[{"href":"https:\/\/seipuntozero-haircare.it\/pl\/wp-json\/wp\/v2\/media?parent=21954"}],"wp:term":[{"taxonomy":"product_brand","embeddable":true,"href":"https:\/\/seipuntozero-haircare.it\/pl\/wp-json\/wp\/v2\/product_brand?post=21954"},{"taxonomy":"product_cat","embeddable":true,"href":"https:\/\/seipuntozero-haircare.it\/pl\/wp-json\/wp\/v2\/product_cat?post=21954"},{"taxonomy":"product_tag","embeddable":true,"href":"https:\/\/seipuntozero-haircare.it\/pl\/wp-json\/wp\/v2\/product_tag?post=21954"}],"curies":[{"name":"wp","href":"https:\/\/api.w.org\/{rel}","templated":true}]}}