{"id":21942,"date":"2019-10-21T11:24:56","date_gmt":"2019-10-21T09:24:56","guid":{"rendered":"https:\/\/seipuntozero-haircare.it\/prodotto\/hairzoe-odbudowujacy-plyn-w-sprayu\/"},"modified":"2023-11-21T10:46:10","modified_gmt":"2023-11-21T09:46:10","slug":"hairzoe-odbudowujacy-plyn-w-sprayu","status":"publish","type":"product","link":"https:\/\/seipuntozero-haircare.it\/pl\/prodotto\/hairzoe-odbudowujacy-plyn-w-sprayu\/","title":{"rendered":"HAIRZOE <br> Odbudowuj\u0105cy p\u0142yn w sprayu"},"content":{"rendered":"<div class=\"wpb-content-wrapper\"><p>[vc_row][vc_column][vc_column_text]<\/p>\n<ul>\n<li style=\"font-weight: 400;\" aria-level=\"1\"><span style=\"font-weight: 400;\">Uszczelnia \u0142usk\u0119 i roz\u015bwietla w\u0142osy<\/span><\/li>\n<li style=\"font-weight: 400;\" aria-level=\"1\"><span style=\"font-weight: 400;\">Przygotowuje w\u0142osy do brushingu<\/span><\/li>\n<li style=\"font-weight: 400;\" aria-level=\"1\"><span style=\"font-weight: 400;\">Uzupe\u0142nia rytua\u0142 przeznaczony dla w\u0142os\u00f3w suchych, \u0142amliwych, zniszczonych i poddanych zabiegom<\/span><\/li>\n<li style=\"font-weight: 400;\" aria-level=\"1\"><span style=\"font-weight: 400;\">Udowodniona skuteczno\u015b\u0107*<\/span><\/li>\n<\/ul>\n<p><span style=\"font-weight: 400;\">\u00a0<\/span><\/p>\n<p><span style=\"font-weight: 400;\">\u00a0<\/span><\/p>\n<p><span style=\"font-weight: 400;\">*Testy in vivo przeprowadzone we w\u0142oskich Instytutach Uniwersyteckich wykaza\u0142y skuteczno\u015b\u0107 kuracji: w\u0142osy s\u0105 widocznie grubsze i pe\u0142niejsze blasku, zauwa\u017calnie odbudowane.<\/span>[\/vc_column_text][\/vc_column][\/vc_row]<\/p>\n<\/div>","protected":false},"excerpt":{"rendered":"<p><span style=\"font-weight: 400;\">P\u0142yn w sprayu Hairzoe dope\u0142nia kuracj\u0119 w Salonie, odbudowuj\u0105c i roz\u015bwietlaj\u0105c w\u0142osy.\u00a0 Uszlachetnia w\u0142osy oraz podkre\u015bla ich blask i si\u0142\u0119.<\/span><\/p>\n<p><span style=\"font-weight: 400;\">Formu\u0142a p\u0142ynu idealnie otula d\u0142ugo\u015bci w\u0142os\u00f3w, uszczelnia \u0142uski i przygotowuje je do brushingu. St\u0119\u017cenie Kwasu Hialuronowego i Kom\u00f3rek Macierzystych Winogron podbija w\u0142a\u015bciwo\u015bci odbudowuj\u0105ce i ochronne zabiegu do w\u0142os\u00f3w suchych, \u0142amliwych i zniszczonych.<\/span><\/p>\n<p><span style=\"font-weight: 400;\">Pojemno\u015b\u0107 150 ml<\/span><\/p>\n","protected":false},"featured_media":21403,"template":"","meta":[],"product_brand":[],"product_cat":[1204],"product_tag":[],"class_list":["post-21942","product","type-product","status-publish","has-post-thumbnail","hentry","product_cat-hairzoe-pl"],"yoast_head":"<!-- This site is optimized with the Yoast SEO plugin v27.1.1 - https:\/\/yoast.com\/product\/yoast-seo-wordpress\/ -->\n<title>Hairzoe | Odbudowuj\u0105cy p\u0142yn w sprayu<\/title>\n<meta name=\"description\" content=\"P\u0142yn w sprayu Hairzoe dope\u0142nia kuracj\u0119 w Salonie, odbudowuj\u0105c i roz\u015bwietlaj\u0105c w\u0142osy.\u00a0 Uszlachetnia w\u0142osy oraz podkre\u015bla ich blask i si\u0142\u0119.\" \/>\n<meta name=\"robots\" content=\"index, follow, max-snippet:-1, max-image-preview:large, max-video-preview:-1\" \/>\n<link rel=\"canonical\" href=\"https:\/\/seipuntozero-haircare.it\/pl\/prodotto\/hairzoe-odbudowujacy-plyn-w-sprayu\/\" \/>\n<meta property=\"og:locale\" content=\"pl_PL\" \/>\n<meta property=\"og:type\" content=\"article\" \/>\n<meta property=\"og:title\" content=\"Hairzoe | Odbudowuj\u0105cy p\u0142yn w sprayu\" \/>\n<meta property=\"og:description\" content=\"P\u0142yn w sprayu Hairzoe dope\u0142nia kuracj\u0119 w Salonie, odbudowuj\u0105c i roz\u015bwietlaj\u0105c w\u0142osy.\u00a0 Uszlachetnia w\u0142osy oraz podkre\u015bla ich blask i si\u0142\u0119.\" \/>\n<meta property=\"og:url\" content=\"https:\/\/seipuntozero-haircare.it\/pl\/prodotto\/hairzoe-odbudowujacy-plyn-w-sprayu\/\" \/>\n<meta property=\"og:site_name\" content=\"6.Zero\" \/>\n<meta property=\"article:modified_time\" content=\"2023-11-21T09:46:10+00:00\" \/>\n<meta property=\"og:image\" content=\"https:\/\/seipuntozero-haircare.it\/wp-content\/uploads\/2020\/01\/263172_sei_punto_zero_hairzoe_restructuring_spray_150ml.png\" \/>\n\t<meta property=\"og:image:width\" content=\"600\" \/>\n\t<meta property=\"og:image:height\" content=\"600\" \/>\n\t<meta property=\"og:image:type\" content=\"image\/png\" \/>\n<meta name=\"twitter:card\" content=\"summary_large_image\" \/>\n<meta name=\"twitter:label1\" content=\"Szacowany czas czytania\" \/>\n\t<meta name=\"twitter:data1\" content=\"1 minuta\" \/>\n<script type=\"application\/ld+json\" class=\"yoast-schema-graph\">{\"@context\":\"https:\/\/schema.org\",\"@graph\":[{\"@type\":\"WebPage\",\"@id\":\"https:\/\/seipuntozero-haircare.it\/pl\/prodotto\/hairzoe-odbudowujacy-plyn-w-sprayu\/\",\"url\":\"https:\/\/seipuntozero-haircare.it\/pl\/prodotto\/hairzoe-odbudowujacy-plyn-w-sprayu\/\",\"name\":\"Hairzoe | Odbudowuj\u0105cy p\u0142yn w sprayu\",\"isPartOf\":{\"@id\":\"https:\/\/seipuntozero-haircare.it\/pl\/#website\"},\"primaryImageOfPage\":{\"@id\":\"https:\/\/seipuntozero-haircare.it\/pl\/prodotto\/hairzoe-odbudowujacy-plyn-w-sprayu\/#primaryimage\"},\"image\":{\"@id\":\"https:\/\/seipuntozero-haircare.it\/pl\/prodotto\/hairzoe-odbudowujacy-plyn-w-sprayu\/#primaryimage\"},\"thumbnailUrl\":\"https:\/\/seipuntozero-haircare.it\/wp-content\/uploads\/2020\/01\/263172_sei_punto_zero_hairzoe_restructuring_spray_150ml.png\",\"datePublished\":\"2019-10-21T09:24:56+00:00\",\"dateModified\":\"2023-11-21T09:46:10+00:00\",\"description\":\"P\u0142yn w sprayu Hairzoe dope\u0142nia kuracj\u0119 w Salonie, odbudowuj\u0105c i roz\u015bwietlaj\u0105c w\u0142osy.\u00a0 Uszlachetnia w\u0142osy oraz podkre\u015bla ich blask i si\u0142\u0119.\",\"breadcrumb\":{\"@id\":\"https:\/\/seipuntozero-haircare.it\/pl\/prodotto\/hairzoe-odbudowujacy-plyn-w-sprayu\/#breadcrumb\"},\"inLanguage\":\"pl-PL\",\"potentialAction\":[{\"@type\":\"ReadAction\",\"target\":[\"https:\/\/seipuntozero-haircare.it\/pl\/prodotto\/hairzoe-odbudowujacy-plyn-w-sprayu\/\"]}]},{\"@type\":\"ImageObject\",\"inLanguage\":\"pl-PL\",\"@id\":\"https:\/\/seipuntozero-haircare.it\/pl\/prodotto\/hairzoe-odbudowujacy-plyn-w-sprayu\/#primaryimage\",\"url\":\"https:\/\/seipuntozero-haircare.it\/wp-content\/uploads\/2020\/01\/263172_sei_punto_zero_hairzoe_restructuring_spray_150ml.png\",\"contentUrl\":\"https:\/\/seipuntozero-haircare.it\/wp-content\/uploads\/2020\/01\/263172_sei_punto_zero_hairzoe_restructuring_spray_150ml.png\",\"width\":600,\"height\":600},{\"@type\":\"BreadcrumbList\",\"@id\":\"https:\/\/seipuntozero-haircare.it\/pl\/prodotto\/hairzoe-odbudowujacy-plyn-w-sprayu\/#breadcrumb\",\"itemListElement\":[{\"@type\":\"ListItem\",\"position\":1,\"name\":\"Home\",\"item\":\"https:\/\/seipuntozero-haircare.it\/pl\/\"},{\"@type\":\"ListItem\",\"position\":2,\"name\":\"Prodotti\",\"item\":\"https:\/\/seipuntozero-haircare.it\/prodotti\/\"},{\"@type\":\"ListItem\",\"position\":3,\"name\":\"HAIRZOE Odbudowuj\u0105cy p\u0142yn w sprayu\"}]},{\"@type\":\"WebSite\",\"@id\":\"https:\/\/seipuntozero-haircare.it\/pl\/#website\",\"url\":\"https:\/\/seipuntozero-haircare.it\/pl\/\",\"name\":\"6.Zero\",\"description\":\"Essential Touch\",\"potentialAction\":[{\"@type\":\"SearchAction\",\"target\":{\"@type\":\"EntryPoint\",\"urlTemplate\":\"https:\/\/seipuntozero-haircare.it\/pl\/?s={search_term_string}\"},\"query-input\":{\"@type\":\"PropertyValueSpecification\",\"valueRequired\":true,\"valueName\":\"search_term_string\"}}],\"inLanguage\":\"pl-PL\"}]}<\/script>\n<!-- \/ Yoast SEO plugin. -->","yoast_head_json":{"title":"Hairzoe | Odbudowuj\u0105cy p\u0142yn w sprayu","description":"P\u0142yn w sprayu Hairzoe dope\u0142nia kuracj\u0119 w Salonie, odbudowuj\u0105c i roz\u015bwietlaj\u0105c w\u0142osy.\u00a0 Uszlachetnia w\u0142osy oraz podkre\u015bla ich blask i si\u0142\u0119.","robots":{"index":"index","follow":"follow","max-snippet":"max-snippet:-1","max-image-preview":"max-image-preview:large","max-video-preview":"max-video-preview:-1"},"canonical":"https:\/\/seipuntozero-haircare.it\/pl\/prodotto\/hairzoe-odbudowujacy-plyn-w-sprayu\/","og_locale":"pl_PL","og_type":"article","og_title":"Hairzoe | Odbudowuj\u0105cy p\u0142yn w sprayu","og_description":"P\u0142yn w sprayu Hairzoe dope\u0142nia kuracj\u0119 w Salonie, odbudowuj\u0105c i roz\u015bwietlaj\u0105c w\u0142osy.\u00a0 Uszlachetnia w\u0142osy oraz podkre\u015bla ich blask i si\u0142\u0119.","og_url":"https:\/\/seipuntozero-haircare.it\/pl\/prodotto\/hairzoe-odbudowujacy-plyn-w-sprayu\/","og_site_name":"6.Zero","article_modified_time":"2023-11-21T09:46:10+00:00","og_image":[{"width":600,"height":600,"url":"https:\/\/seipuntozero-haircare.it\/wp-content\/uploads\/2020\/01\/263172_sei_punto_zero_hairzoe_restructuring_spray_150ml.png","type":"image\/png"}],"twitter_card":"summary_large_image","twitter_misc":{"Szacowany czas czytania":"1 minuta"},"schema":{"@context":"https:\/\/schema.org","@graph":[{"@type":"WebPage","@id":"https:\/\/seipuntozero-haircare.it\/pl\/prodotto\/hairzoe-odbudowujacy-plyn-w-sprayu\/","url":"https:\/\/seipuntozero-haircare.it\/pl\/prodotto\/hairzoe-odbudowujacy-plyn-w-sprayu\/","name":"Hairzoe | Odbudowuj\u0105cy p\u0142yn w sprayu","isPartOf":{"@id":"https:\/\/seipuntozero-haircare.it\/pl\/#website"},"primaryImageOfPage":{"@id":"https:\/\/seipuntozero-haircare.it\/pl\/prodotto\/hairzoe-odbudowujacy-plyn-w-sprayu\/#primaryimage"},"image":{"@id":"https:\/\/seipuntozero-haircare.it\/pl\/prodotto\/hairzoe-odbudowujacy-plyn-w-sprayu\/#primaryimage"},"thumbnailUrl":"https:\/\/seipuntozero-haircare.it\/wp-content\/uploads\/2020\/01\/263172_sei_punto_zero_hairzoe_restructuring_spray_150ml.png","datePublished":"2019-10-21T09:24:56+00:00","dateModified":"2023-11-21T09:46:10+00:00","description":"P\u0142yn w sprayu Hairzoe dope\u0142nia kuracj\u0119 w Salonie, odbudowuj\u0105c i roz\u015bwietlaj\u0105c w\u0142osy.\u00a0 Uszlachetnia w\u0142osy oraz podkre\u015bla ich blask i si\u0142\u0119.","breadcrumb":{"@id":"https:\/\/seipuntozero-haircare.it\/pl\/prodotto\/hairzoe-odbudowujacy-plyn-w-sprayu\/#breadcrumb"},"inLanguage":"pl-PL","potentialAction":[{"@type":"ReadAction","target":["https:\/\/seipuntozero-haircare.it\/pl\/prodotto\/hairzoe-odbudowujacy-plyn-w-sprayu\/"]}]},{"@type":"ImageObject","inLanguage":"pl-PL","@id":"https:\/\/seipuntozero-haircare.it\/pl\/prodotto\/hairzoe-odbudowujacy-plyn-w-sprayu\/#primaryimage","url":"https:\/\/seipuntozero-haircare.it\/wp-content\/uploads\/2020\/01\/263172_sei_punto_zero_hairzoe_restructuring_spray_150ml.png","contentUrl":"https:\/\/seipuntozero-haircare.it\/wp-content\/uploads\/2020\/01\/263172_sei_punto_zero_hairzoe_restructuring_spray_150ml.png","width":600,"height":600},{"@type":"BreadcrumbList","@id":"https:\/\/seipuntozero-haircare.it\/pl\/prodotto\/hairzoe-odbudowujacy-plyn-w-sprayu\/#breadcrumb","itemListElement":[{"@type":"ListItem","position":1,"name":"Home","item":"https:\/\/seipuntozero-haircare.it\/pl\/"},{"@type":"ListItem","position":2,"name":"Prodotti","item":"https:\/\/seipuntozero-haircare.it\/prodotti\/"},{"@type":"ListItem","position":3,"name":"HAIRZOE Odbudowuj\u0105cy p\u0142yn w sprayu"}]},{"@type":"WebSite","@id":"https:\/\/seipuntozero-haircare.it\/pl\/#website","url":"https:\/\/seipuntozero-haircare.it\/pl\/","name":"6.Zero","description":"Essential Touch","potentialAction":[{"@type":"SearchAction","target":{"@type":"EntryPoint","urlTemplate":"https:\/\/seipuntozero-haircare.it\/pl\/?s={search_term_string}"},"query-input":{"@type":"PropertyValueSpecification","valueRequired":true,"valueName":"search_term_string"}}],"inLanguage":"pl-PL"}]}},"_links":{"self":[{"href":"https:\/\/seipuntozero-haircare.it\/pl\/wp-json\/wp\/v2\/product\/21942","targetHints":{"allow":["GET"]}}],"collection":[{"href":"https:\/\/seipuntozero-haircare.it\/pl\/wp-json\/wp\/v2\/product"}],"about":[{"href":"https:\/\/seipuntozero-haircare.it\/pl\/wp-json\/wp\/v2\/types\/product"}],"wp:featuredmedia":[{"embeddable":true,"href":"https:\/\/seipuntozero-haircare.it\/pl\/wp-json\/wp\/v2\/media\/21403"}],"wp:attachment":[{"href":"https:\/\/seipuntozero-haircare.it\/pl\/wp-json\/wp\/v2\/media?parent=21942"}],"wp:term":[{"taxonomy":"product_brand","embeddable":true,"href":"https:\/\/seipuntozero-haircare.it\/pl\/wp-json\/wp\/v2\/product_brand?post=21942"},{"taxonomy":"product_cat","embeddable":true,"href":"https:\/\/seipuntozero-haircare.it\/pl\/wp-json\/wp\/v2\/product_cat?post=21942"},{"taxonomy":"product_tag","embeddable":true,"href":"https:\/\/seipuntozero-haircare.it\/pl\/wp-json\/wp\/v2\/product_tag?post=21942"}],"curies":[{"name":"wp","href":"https:\/\/api.w.org\/{rel}","templated":true}]}}