{"id":21940,"date":"2019-10-21T10:42:22","date_gmt":"2019-10-21T08:42:22","guid":{"rendered":"https:\/\/seipuntozero-haircare.it\/prodotto\/hairzoe-bazowy-krem-odbudowujacy\/"},"modified":"2023-11-21T10:46:12","modified_gmt":"2023-11-21T09:46:12","slug":"hairzoe-bazowy-krem-odbudowujacy","status":"publish","type":"product","link":"https:\/\/seipuntozero-haircare.it\/pl\/prodotto\/hairzoe-bazowy-krem-odbudowujacy\/","title":{"rendered":"HAIRZOE <br> Bazowy Krem Odbudowuj\u0105cy"},"content":{"rendered":"<div class=\"wpb-content-wrapper\"><p>[vc_row][vc_column][vc_column_text]<\/p>\n<ul>\n<li style=\"font-weight: 400;\" aria-level=\"1\"><span style=\"font-weight: 400;\">Od\u017cywia i regeneruje w\u0142\u00f3kno w\u0142osa<\/span><\/li>\n<li style=\"font-weight: 400;\" aria-level=\"1\"><span style=\"font-weight: 400;\">Poprawia struktur\u0119 w\u0142os\u00f3w<\/span><\/li>\n<li style=\"font-weight: 400;\" aria-level=\"1\"><span style=\"font-weight: 400;\">Idealny do w\u0142os\u00f3w suchych, \u0142amliwych, zniszczonych i poddanych zabiegom<\/span><\/li>\n<li style=\"font-weight: 400;\" aria-level=\"1\"><span style=\"font-weight: 400;\">Formu\u0142a uzupe\u0142niaj\u0105ca serum w ampu\u0142kach, kt\u00f3ra dog\u0142\u0119bnie od\u017cywia i regeneruje w\u0142osy<\/span><\/li>\n<li style=\"font-weight: 400;\" aria-level=\"1\"><span style=\"font-weight: 400;\">Udowodniona skuteczno\u015b\u0107*\u00a0<\/span><\/li>\n<\/ul>\n<p><span style=\"font-weight: 400;\">*Testy in vivo przeprowadzone we w\u0142oskich Instytutach Uniwersyteckich wykaza\u0142y skuteczno\u015b\u0107 kuracji: w\u0142osy s\u0105 widocznie grubsze i pe\u0142niejsze blasku, zauwa\u017calnie odbudowane.<\/span>[\/vc_column_text][\/vc_column][\/vc_row]<\/p>\n<\/div>","protected":false},"excerpt":{"rendered":"<p><span style=\"font-weight: 400;\">Najwa\u017cniejszymi elementami zabiegu Hairzoe s\u0105 krem odbudowuj\u0105cy oraz serum booster w ampu\u0142kach. Razem, dzi\u0119ki komplementarno\u015bci formu\u0142, przejawiaj\u0105 niesamowit\u0105 moc regeneracyjn\u0105 rytua\u0142u dla w\u0142os\u00f3w suchych, \u0142amliwych i zniszczonych.<\/span><\/p>\n<p><span style=\"font-weight: 400;\">Bazowy krem Hairzoe dog\u0142\u0119bnie od\u017cywia w\u0142osy i poprawia ich struktur\u0119, wzmacniaj\u0105c w\u0142\u00f3kno dzi\u0119ki koncentracji sk\u0142adnik\u00f3w aktywnych w formule: Kwas Hialuronowy intensywnie nawil\u017ca oraz sprawia, \u017ce w\u0142osy staj\u0105 si\u0119 mocniejsze i grubsze, natomiast Kom\u00f3rki Macierzyste Winogrona przeciwdzia\u0142aj\u0105 wolnym rodnikom i rewitalizuj\u0105 w\u0142osy zniszczone zabiegami chemicznymi i stresem \u015brodowiskowym.<\/span><\/p>\n<p><span style=\"font-weight: 400;\">Pojemno\u015b\u0107 500 ml<\/span><\/p>\n","protected":false},"featured_media":21401,"template":"","meta":[],"product_brand":[],"product_cat":[1204],"product_tag":[],"class_list":["post-21940","product","type-product","status-publish","has-post-thumbnail","hentry","product_cat-hairzoe-pl"],"yoast_head":"<!-- This site is optimized with the Yoast SEO plugin v27.1.1 - https:\/\/yoast.com\/product\/yoast-seo-wordpress\/ -->\n<title>Hairzoe | Bazowy Krem Odbudowuj\u0105cy<\/title>\n<meta name=\"description\" content=\"Najwa\u017cniejszymi elementami zabiegu Hairzoe s\u0105 krem odbudowuj\u0105cy oraz serum booster w ampu\u0142kach.\" \/>\n<meta name=\"robots\" content=\"index, follow, max-snippet:-1, max-image-preview:large, max-video-preview:-1\" \/>\n<link rel=\"canonical\" href=\"https:\/\/seipuntozero-haircare.it\/pl\/prodotto\/hairzoe-bazowy-krem-odbudowujacy\/\" \/>\n<meta property=\"og:locale\" content=\"pl_PL\" \/>\n<meta property=\"og:type\" content=\"article\" \/>\n<meta property=\"og:title\" content=\"Hairzoe | Bazowy Krem Odbudowuj\u0105cy\" \/>\n<meta property=\"og:description\" content=\"Najwa\u017cniejszymi elementami zabiegu Hairzoe s\u0105 krem odbudowuj\u0105cy oraz serum booster w ampu\u0142kach.\" \/>\n<meta property=\"og:url\" content=\"https:\/\/seipuntozero-haircare.it\/pl\/prodotto\/hairzoe-bazowy-krem-odbudowujacy\/\" \/>\n<meta property=\"og:site_name\" content=\"6.Zero\" \/>\n<meta property=\"article:modified_time\" content=\"2023-11-21T09:46:12+00:00\" \/>\n<meta property=\"og:image\" content=\"https:\/\/seipuntozero-haircare.it\/wp-content\/uploads\/2020\/01\/263158_sei_punto_zero_hairzoe_restructuring_base_cream_500ml.png\" \/>\n\t<meta property=\"og:image:width\" content=\"600\" \/>\n\t<meta property=\"og:image:height\" content=\"600\" \/>\n\t<meta property=\"og:image:type\" content=\"image\/png\" \/>\n<meta name=\"twitter:card\" content=\"summary_large_image\" \/>\n<meta name=\"twitter:label1\" content=\"Szacowany czas czytania\" \/>\n\t<meta name=\"twitter:data1\" content=\"1 minuta\" \/>\n<script type=\"application\/ld+json\" class=\"yoast-schema-graph\">{\"@context\":\"https:\/\/schema.org\",\"@graph\":[{\"@type\":\"WebPage\",\"@id\":\"https:\/\/seipuntozero-haircare.it\/pl\/prodotto\/hairzoe-bazowy-krem-odbudowujacy\/\",\"url\":\"https:\/\/seipuntozero-haircare.it\/pl\/prodotto\/hairzoe-bazowy-krem-odbudowujacy\/\",\"name\":\"Hairzoe | Bazowy Krem Odbudowuj\u0105cy\",\"isPartOf\":{\"@id\":\"https:\/\/seipuntozero-haircare.it\/pl\/#website\"},\"primaryImageOfPage\":{\"@id\":\"https:\/\/seipuntozero-haircare.it\/pl\/prodotto\/hairzoe-bazowy-krem-odbudowujacy\/#primaryimage\"},\"image\":{\"@id\":\"https:\/\/seipuntozero-haircare.it\/pl\/prodotto\/hairzoe-bazowy-krem-odbudowujacy\/#primaryimage\"},\"thumbnailUrl\":\"https:\/\/seipuntozero-haircare.it\/wp-content\/uploads\/2020\/01\/263158_sei_punto_zero_hairzoe_restructuring_base_cream_500ml.png\",\"datePublished\":\"2019-10-21T08:42:22+00:00\",\"dateModified\":\"2023-11-21T09:46:12+00:00\",\"description\":\"Najwa\u017cniejszymi elementami zabiegu Hairzoe s\u0105 krem odbudowuj\u0105cy oraz serum booster w ampu\u0142kach.\",\"breadcrumb\":{\"@id\":\"https:\/\/seipuntozero-haircare.it\/pl\/prodotto\/hairzoe-bazowy-krem-odbudowujacy\/#breadcrumb\"},\"inLanguage\":\"pl-PL\",\"potentialAction\":[{\"@type\":\"ReadAction\",\"target\":[\"https:\/\/seipuntozero-haircare.it\/pl\/prodotto\/hairzoe-bazowy-krem-odbudowujacy\/\"]}]},{\"@type\":\"ImageObject\",\"inLanguage\":\"pl-PL\",\"@id\":\"https:\/\/seipuntozero-haircare.it\/pl\/prodotto\/hairzoe-bazowy-krem-odbudowujacy\/#primaryimage\",\"url\":\"https:\/\/seipuntozero-haircare.it\/wp-content\/uploads\/2020\/01\/263158_sei_punto_zero_hairzoe_restructuring_base_cream_500ml.png\",\"contentUrl\":\"https:\/\/seipuntozero-haircare.it\/wp-content\/uploads\/2020\/01\/263158_sei_punto_zero_hairzoe_restructuring_base_cream_500ml.png\",\"width\":600,\"height\":600},{\"@type\":\"BreadcrumbList\",\"@id\":\"https:\/\/seipuntozero-haircare.it\/pl\/prodotto\/hairzoe-bazowy-krem-odbudowujacy\/#breadcrumb\",\"itemListElement\":[{\"@type\":\"ListItem\",\"position\":1,\"name\":\"Home\",\"item\":\"https:\/\/seipuntozero-haircare.it\/pl\/\"},{\"@type\":\"ListItem\",\"position\":2,\"name\":\"Prodotti\",\"item\":\"https:\/\/seipuntozero-haircare.it\/prodotti\/\"},{\"@type\":\"ListItem\",\"position\":3,\"name\":\"HAIRZOE Bazowy Krem Odbudowuj\u0105cy\"}]},{\"@type\":\"WebSite\",\"@id\":\"https:\/\/seipuntozero-haircare.it\/pl\/#website\",\"url\":\"https:\/\/seipuntozero-haircare.it\/pl\/\",\"name\":\"6.Zero\",\"description\":\"Essential Touch\",\"potentialAction\":[{\"@type\":\"SearchAction\",\"target\":{\"@type\":\"EntryPoint\",\"urlTemplate\":\"https:\/\/seipuntozero-haircare.it\/pl\/?s={search_term_string}\"},\"query-input\":{\"@type\":\"PropertyValueSpecification\",\"valueRequired\":true,\"valueName\":\"search_term_string\"}}],\"inLanguage\":\"pl-PL\"}]}<\/script>\n<!-- \/ Yoast SEO plugin. -->","yoast_head_json":{"title":"Hairzoe | Bazowy Krem Odbudowuj\u0105cy","description":"Najwa\u017cniejszymi elementami zabiegu Hairzoe s\u0105 krem odbudowuj\u0105cy oraz serum booster w ampu\u0142kach.","robots":{"index":"index","follow":"follow","max-snippet":"max-snippet:-1","max-image-preview":"max-image-preview:large","max-video-preview":"max-video-preview:-1"},"canonical":"https:\/\/seipuntozero-haircare.it\/pl\/prodotto\/hairzoe-bazowy-krem-odbudowujacy\/","og_locale":"pl_PL","og_type":"article","og_title":"Hairzoe | Bazowy Krem Odbudowuj\u0105cy","og_description":"Najwa\u017cniejszymi elementami zabiegu Hairzoe s\u0105 krem odbudowuj\u0105cy oraz serum booster w ampu\u0142kach.","og_url":"https:\/\/seipuntozero-haircare.it\/pl\/prodotto\/hairzoe-bazowy-krem-odbudowujacy\/","og_site_name":"6.Zero","article_modified_time":"2023-11-21T09:46:12+00:00","og_image":[{"width":600,"height":600,"url":"https:\/\/seipuntozero-haircare.it\/wp-content\/uploads\/2020\/01\/263158_sei_punto_zero_hairzoe_restructuring_base_cream_500ml.png","type":"image\/png"}],"twitter_card":"summary_large_image","twitter_misc":{"Szacowany czas czytania":"1 minuta"},"schema":{"@context":"https:\/\/schema.org","@graph":[{"@type":"WebPage","@id":"https:\/\/seipuntozero-haircare.it\/pl\/prodotto\/hairzoe-bazowy-krem-odbudowujacy\/","url":"https:\/\/seipuntozero-haircare.it\/pl\/prodotto\/hairzoe-bazowy-krem-odbudowujacy\/","name":"Hairzoe | Bazowy Krem Odbudowuj\u0105cy","isPartOf":{"@id":"https:\/\/seipuntozero-haircare.it\/pl\/#website"},"primaryImageOfPage":{"@id":"https:\/\/seipuntozero-haircare.it\/pl\/prodotto\/hairzoe-bazowy-krem-odbudowujacy\/#primaryimage"},"image":{"@id":"https:\/\/seipuntozero-haircare.it\/pl\/prodotto\/hairzoe-bazowy-krem-odbudowujacy\/#primaryimage"},"thumbnailUrl":"https:\/\/seipuntozero-haircare.it\/wp-content\/uploads\/2020\/01\/263158_sei_punto_zero_hairzoe_restructuring_base_cream_500ml.png","datePublished":"2019-10-21T08:42:22+00:00","dateModified":"2023-11-21T09:46:12+00:00","description":"Najwa\u017cniejszymi elementami zabiegu Hairzoe s\u0105 krem odbudowuj\u0105cy oraz serum booster w ampu\u0142kach.","breadcrumb":{"@id":"https:\/\/seipuntozero-haircare.it\/pl\/prodotto\/hairzoe-bazowy-krem-odbudowujacy\/#breadcrumb"},"inLanguage":"pl-PL","potentialAction":[{"@type":"ReadAction","target":["https:\/\/seipuntozero-haircare.it\/pl\/prodotto\/hairzoe-bazowy-krem-odbudowujacy\/"]}]},{"@type":"ImageObject","inLanguage":"pl-PL","@id":"https:\/\/seipuntozero-haircare.it\/pl\/prodotto\/hairzoe-bazowy-krem-odbudowujacy\/#primaryimage","url":"https:\/\/seipuntozero-haircare.it\/wp-content\/uploads\/2020\/01\/263158_sei_punto_zero_hairzoe_restructuring_base_cream_500ml.png","contentUrl":"https:\/\/seipuntozero-haircare.it\/wp-content\/uploads\/2020\/01\/263158_sei_punto_zero_hairzoe_restructuring_base_cream_500ml.png","width":600,"height":600},{"@type":"BreadcrumbList","@id":"https:\/\/seipuntozero-haircare.it\/pl\/prodotto\/hairzoe-bazowy-krem-odbudowujacy\/#breadcrumb","itemListElement":[{"@type":"ListItem","position":1,"name":"Home","item":"https:\/\/seipuntozero-haircare.it\/pl\/"},{"@type":"ListItem","position":2,"name":"Prodotti","item":"https:\/\/seipuntozero-haircare.it\/prodotti\/"},{"@type":"ListItem","position":3,"name":"HAIRZOE Bazowy Krem Odbudowuj\u0105cy"}]},{"@type":"WebSite","@id":"https:\/\/seipuntozero-haircare.it\/pl\/#website","url":"https:\/\/seipuntozero-haircare.it\/pl\/","name":"6.Zero","description":"Essential Touch","potentialAction":[{"@type":"SearchAction","target":{"@type":"EntryPoint","urlTemplate":"https:\/\/seipuntozero-haircare.it\/pl\/?s={search_term_string}"},"query-input":{"@type":"PropertyValueSpecification","valueRequired":true,"valueName":"search_term_string"}}],"inLanguage":"pl-PL"}]}},"_links":{"self":[{"href":"https:\/\/seipuntozero-haircare.it\/pl\/wp-json\/wp\/v2\/product\/21940","targetHints":{"allow":["GET"]}}],"collection":[{"href":"https:\/\/seipuntozero-haircare.it\/pl\/wp-json\/wp\/v2\/product"}],"about":[{"href":"https:\/\/seipuntozero-haircare.it\/pl\/wp-json\/wp\/v2\/types\/product"}],"wp:featuredmedia":[{"embeddable":true,"href":"https:\/\/seipuntozero-haircare.it\/pl\/wp-json\/wp\/v2\/media\/21401"}],"wp:attachment":[{"href":"https:\/\/seipuntozero-haircare.it\/pl\/wp-json\/wp\/v2\/media?parent=21940"}],"wp:term":[{"taxonomy":"product_brand","embeddable":true,"href":"https:\/\/seipuntozero-haircare.it\/pl\/wp-json\/wp\/v2\/product_brand?post=21940"},{"taxonomy":"product_cat","embeddable":true,"href":"https:\/\/seipuntozero-haircare.it\/pl\/wp-json\/wp\/v2\/product_cat?post=21940"},{"taxonomy":"product_tag","embeddable":true,"href":"https:\/\/seipuntozero-haircare.it\/pl\/wp-json\/wp\/v2\/product_tag?post=21940"}],"curies":[{"name":"wp","href":"https:\/\/api.w.org\/{rel}","templated":true}]}}