{"id":21936,"date":"2023-08-29T17:33:00","date_gmt":"2023-08-29T15:33:00","guid":{"rendered":"https:\/\/seipuntozero-haircare.it\/prodotto\/take-over-hydra-detox-odzywka-nawilzajaca-do-czestego-stosowania-2\/"},"modified":"2023-11-20T09:58:58","modified_gmt":"2023-11-20T08:58:58","slug":"take-over-hydra-detox-odzywka-nawilzajaca-do-czestego-stosowania-2","status":"publish","type":"product","link":"https:\/\/seipuntozero-haircare.it\/pl\/prodotto\/take-over-hydra-detox-odzywka-nawilzajaca-do-czestego-stosowania-2\/","title":{"rendered":"TAKE OVER &#8211; HYDRA DETOX <br> Od\u017cywka nawil\u017caj\u0105ca do cz\u0119stego stosowania"},"content":{"rendered":"<ul>\n<li style=\"font-weight: 400;\" aria-level=\"1\"><span style=\"font-weight: 400;\">Lekka formu\u0142a, Paraben Free<\/span><\/li>\n<li style=\"font-weight: 400;\" aria-level=\"1\"><span style=\"font-weight: 400;\">Nie obci\u0105\u017ca w\u0142os\u00f3w<\/span><\/li>\n<li style=\"font-weight: 400;\" aria-level=\"1\"><span style=\"font-weight: 400;\">Ochrona przed zanieczyszczeniami<\/span><\/li>\n<\/ul>\n","protected":false},"excerpt":{"rendered":"<p><span style=\"font-weight: 400;\">Take Over Hydra Detox Conditioner z formu\u0142\u0105 zawieraj\u0105c\u0105 substancje kondycjonuj\u0105ce to od\u017cywka do cz\u0119stego mycia, kt\u00f3ra u\u0142atwia rozczesywanie w\u0142os\u00f3w, przywracaj\u0105c nawil\u017cenie w\u0142\u00f3knu w\u0142osa.\u00a0 Formu\u0142a bez silikon\u00f3w odnawia w\u0142osy oraz nadaje im mi\u0119kko\u015b\u0107 i lekko\u015b\u0107.<\/span><\/p>\n<p><span style=\"font-weight: 400;\">Butelka 200 ml<\/span><\/p>\n","protected":false},"featured_media":21615,"template":"","meta":[],"product_brand":[],"product_cat":[1208],"product_tag":[],"class_list":["post-21936","product","type-product","status-publish","has-post-thumbnail","hentry","product_cat-take-over-hydra-detox-pl"],"yoast_head":"<!-- This site is optimized with the Yoast SEO plugin v27.1.1 - https:\/\/yoast.com\/product\/yoast-seo-wordpress\/ -->\n<title>TAKE OVER - HYDRA DETOX  Od\u017cywka nawil\u017caj\u0105ca do cz\u0119stego stosowania - 6.Zero<\/title>\n<meta name=\"description\" content=\"Take Over Hydra Detox Conditioner z formu\u0142\u0105 zawieraj\u0105c\u0105 substancje kondycjonuj\u0105ce to od\u017cywka do cz\u0119stego mycia\" \/>\n<meta name=\"robots\" content=\"index, follow, max-snippet:-1, max-image-preview:large, max-video-preview:-1\" \/>\n<link rel=\"canonical\" href=\"https:\/\/seipuntozero-haircare.it\/pl\/prodotto\/take-over-hydra-detox-odzywka-nawilzajaca-do-czestego-stosowania-2\/\" \/>\n<meta property=\"og:locale\" content=\"pl_PL\" \/>\n<meta property=\"og:type\" content=\"article\" \/>\n<meta property=\"og:title\" content=\"TAKE OVER - HYDRA DETOX  Od\u017cywka nawil\u017caj\u0105ca do cz\u0119stego stosowania - 6.Zero\" \/>\n<meta property=\"og:description\" content=\"Take Over Hydra Detox Conditioner z formu\u0142\u0105 zawieraj\u0105c\u0105 substancje kondycjonuj\u0105ce to od\u017cywka do cz\u0119stego mycia\" \/>\n<meta property=\"og:url\" content=\"https:\/\/seipuntozero-haircare.it\/pl\/prodotto\/take-over-hydra-detox-odzywka-nawilzajaca-do-czestego-stosowania-2\/\" \/>\n<meta property=\"og:site_name\" content=\"6.Zero\" \/>\n<meta property=\"article:modified_time\" content=\"2023-11-20T08:58:58+00:00\" \/>\n<meta property=\"og:image\" content=\"https:\/\/seipuntozero-haircare.it\/wp-content\/uploads\/2023\/08\/263448_sei_punto_zero_take_over_hydra_detox_conditioner_200ml-1.png\" \/>\n\t<meta property=\"og:image:width\" content=\"800\" \/>\n\t<meta property=\"og:image:height\" content=\"800\" \/>\n\t<meta property=\"og:image:type\" content=\"image\/png\" \/>\n<meta name=\"twitter:card\" content=\"summary_large_image\" \/>\n<meta name=\"twitter:label1\" content=\"Szacowany czas czytania\" \/>\n\t<meta name=\"twitter:data1\" content=\"1 minuta\" \/>\n<script type=\"application\/ld+json\" class=\"yoast-schema-graph\">{\"@context\":\"https:\/\/schema.org\",\"@graph\":[{\"@type\":\"WebPage\",\"@id\":\"https:\/\/seipuntozero-haircare.it\/pl\/prodotto\/take-over-hydra-detox-odzywka-nawilzajaca-do-czestego-stosowania-2\/\",\"url\":\"https:\/\/seipuntozero-haircare.it\/pl\/prodotto\/take-over-hydra-detox-odzywka-nawilzajaca-do-czestego-stosowania-2\/\",\"name\":\"TAKE OVER - HYDRA DETOX Od\u017cywka nawil\u017caj\u0105ca do cz\u0119stego stosowania - 6.Zero\",\"isPartOf\":{\"@id\":\"https:\/\/seipuntozero-haircare.it\/pl\/#website\"},\"primaryImageOfPage\":{\"@id\":\"https:\/\/seipuntozero-haircare.it\/pl\/prodotto\/take-over-hydra-detox-odzywka-nawilzajaca-do-czestego-stosowania-2\/#primaryimage\"},\"image\":{\"@id\":\"https:\/\/seipuntozero-haircare.it\/pl\/prodotto\/take-over-hydra-detox-odzywka-nawilzajaca-do-czestego-stosowania-2\/#primaryimage\"},\"thumbnailUrl\":\"https:\/\/seipuntozero-haircare.it\/wp-content\/uploads\/2023\/08\/263448_sei_punto_zero_take_over_hydra_detox_conditioner_200ml-1.png\",\"datePublished\":\"2023-08-29T15:33:00+00:00\",\"dateModified\":\"2023-11-20T08:58:58+00:00\",\"description\":\"Take Over Hydra Detox Conditioner z formu\u0142\u0105 zawieraj\u0105c\u0105 substancje kondycjonuj\u0105ce to od\u017cywka do cz\u0119stego mycia\",\"breadcrumb\":{\"@id\":\"https:\/\/seipuntozero-haircare.it\/pl\/prodotto\/take-over-hydra-detox-odzywka-nawilzajaca-do-czestego-stosowania-2\/#breadcrumb\"},\"inLanguage\":\"pl-PL\",\"potentialAction\":[{\"@type\":\"ReadAction\",\"target\":[\"https:\/\/seipuntozero-haircare.it\/pl\/prodotto\/take-over-hydra-detox-odzywka-nawilzajaca-do-czestego-stosowania-2\/\"]}]},{\"@type\":\"ImageObject\",\"inLanguage\":\"pl-PL\",\"@id\":\"https:\/\/seipuntozero-haircare.it\/pl\/prodotto\/take-over-hydra-detox-odzywka-nawilzajaca-do-czestego-stosowania-2\/#primaryimage\",\"url\":\"https:\/\/seipuntozero-haircare.it\/wp-content\/uploads\/2023\/08\/263448_sei_punto_zero_take_over_hydra_detox_conditioner_200ml-1.png\",\"contentUrl\":\"https:\/\/seipuntozero-haircare.it\/wp-content\/uploads\/2023\/08\/263448_sei_punto_zero_take_over_hydra_detox_conditioner_200ml-1.png\",\"width\":800,\"height\":800},{\"@type\":\"BreadcrumbList\",\"@id\":\"https:\/\/seipuntozero-haircare.it\/pl\/prodotto\/take-over-hydra-detox-odzywka-nawilzajaca-do-czestego-stosowania-2\/#breadcrumb\",\"itemListElement\":[{\"@type\":\"ListItem\",\"position\":1,\"name\":\"Home\",\"item\":\"https:\/\/seipuntozero-haircare.it\/pl\/\"},{\"@type\":\"ListItem\",\"position\":2,\"name\":\"Prodotti\",\"item\":\"https:\/\/seipuntozero-haircare.it\/prodotti\/\"},{\"@type\":\"ListItem\",\"position\":3,\"name\":\"TAKE OVER &#8211; HYDRA DETOX Od\u017cywka nawil\u017caj\u0105ca do cz\u0119stego stosowania\"}]},{\"@type\":\"WebSite\",\"@id\":\"https:\/\/seipuntozero-haircare.it\/pl\/#website\",\"url\":\"https:\/\/seipuntozero-haircare.it\/pl\/\",\"name\":\"6.Zero\",\"description\":\"Essential Touch\",\"potentialAction\":[{\"@type\":\"SearchAction\",\"target\":{\"@type\":\"EntryPoint\",\"urlTemplate\":\"https:\/\/seipuntozero-haircare.it\/pl\/?s={search_term_string}\"},\"query-input\":{\"@type\":\"PropertyValueSpecification\",\"valueRequired\":true,\"valueName\":\"search_term_string\"}}],\"inLanguage\":\"pl-PL\"}]}<\/script>\n<!-- \/ Yoast SEO plugin. -->","yoast_head_json":{"title":"TAKE OVER - HYDRA DETOX  Od\u017cywka nawil\u017caj\u0105ca do cz\u0119stego stosowania - 6.Zero","description":"Take Over Hydra Detox Conditioner z formu\u0142\u0105 zawieraj\u0105c\u0105 substancje kondycjonuj\u0105ce to od\u017cywka do cz\u0119stego mycia","robots":{"index":"index","follow":"follow","max-snippet":"max-snippet:-1","max-image-preview":"max-image-preview:large","max-video-preview":"max-video-preview:-1"},"canonical":"https:\/\/seipuntozero-haircare.it\/pl\/prodotto\/take-over-hydra-detox-odzywka-nawilzajaca-do-czestego-stosowania-2\/","og_locale":"pl_PL","og_type":"article","og_title":"TAKE OVER - HYDRA DETOX  Od\u017cywka nawil\u017caj\u0105ca do cz\u0119stego stosowania - 6.Zero","og_description":"Take Over Hydra Detox Conditioner z formu\u0142\u0105 zawieraj\u0105c\u0105 substancje kondycjonuj\u0105ce to od\u017cywka do cz\u0119stego mycia","og_url":"https:\/\/seipuntozero-haircare.it\/pl\/prodotto\/take-over-hydra-detox-odzywka-nawilzajaca-do-czestego-stosowania-2\/","og_site_name":"6.Zero","article_modified_time":"2023-11-20T08:58:58+00:00","og_image":[{"width":800,"height":800,"url":"https:\/\/seipuntozero-haircare.it\/wp-content\/uploads\/2023\/08\/263448_sei_punto_zero_take_over_hydra_detox_conditioner_200ml-1.png","type":"image\/png"}],"twitter_card":"summary_large_image","twitter_misc":{"Szacowany czas czytania":"1 minuta"},"schema":{"@context":"https:\/\/schema.org","@graph":[{"@type":"WebPage","@id":"https:\/\/seipuntozero-haircare.it\/pl\/prodotto\/take-over-hydra-detox-odzywka-nawilzajaca-do-czestego-stosowania-2\/","url":"https:\/\/seipuntozero-haircare.it\/pl\/prodotto\/take-over-hydra-detox-odzywka-nawilzajaca-do-czestego-stosowania-2\/","name":"TAKE OVER - HYDRA DETOX Od\u017cywka nawil\u017caj\u0105ca do cz\u0119stego stosowania - 6.Zero","isPartOf":{"@id":"https:\/\/seipuntozero-haircare.it\/pl\/#website"},"primaryImageOfPage":{"@id":"https:\/\/seipuntozero-haircare.it\/pl\/prodotto\/take-over-hydra-detox-odzywka-nawilzajaca-do-czestego-stosowania-2\/#primaryimage"},"image":{"@id":"https:\/\/seipuntozero-haircare.it\/pl\/prodotto\/take-over-hydra-detox-odzywka-nawilzajaca-do-czestego-stosowania-2\/#primaryimage"},"thumbnailUrl":"https:\/\/seipuntozero-haircare.it\/wp-content\/uploads\/2023\/08\/263448_sei_punto_zero_take_over_hydra_detox_conditioner_200ml-1.png","datePublished":"2023-08-29T15:33:00+00:00","dateModified":"2023-11-20T08:58:58+00:00","description":"Take Over Hydra Detox Conditioner z formu\u0142\u0105 zawieraj\u0105c\u0105 substancje kondycjonuj\u0105ce to od\u017cywka do cz\u0119stego mycia","breadcrumb":{"@id":"https:\/\/seipuntozero-haircare.it\/pl\/prodotto\/take-over-hydra-detox-odzywka-nawilzajaca-do-czestego-stosowania-2\/#breadcrumb"},"inLanguage":"pl-PL","potentialAction":[{"@type":"ReadAction","target":["https:\/\/seipuntozero-haircare.it\/pl\/prodotto\/take-over-hydra-detox-odzywka-nawilzajaca-do-czestego-stosowania-2\/"]}]},{"@type":"ImageObject","inLanguage":"pl-PL","@id":"https:\/\/seipuntozero-haircare.it\/pl\/prodotto\/take-over-hydra-detox-odzywka-nawilzajaca-do-czestego-stosowania-2\/#primaryimage","url":"https:\/\/seipuntozero-haircare.it\/wp-content\/uploads\/2023\/08\/263448_sei_punto_zero_take_over_hydra_detox_conditioner_200ml-1.png","contentUrl":"https:\/\/seipuntozero-haircare.it\/wp-content\/uploads\/2023\/08\/263448_sei_punto_zero_take_over_hydra_detox_conditioner_200ml-1.png","width":800,"height":800},{"@type":"BreadcrumbList","@id":"https:\/\/seipuntozero-haircare.it\/pl\/prodotto\/take-over-hydra-detox-odzywka-nawilzajaca-do-czestego-stosowania-2\/#breadcrumb","itemListElement":[{"@type":"ListItem","position":1,"name":"Home","item":"https:\/\/seipuntozero-haircare.it\/pl\/"},{"@type":"ListItem","position":2,"name":"Prodotti","item":"https:\/\/seipuntozero-haircare.it\/prodotti\/"},{"@type":"ListItem","position":3,"name":"TAKE OVER &#8211; HYDRA DETOX Od\u017cywka nawil\u017caj\u0105ca do cz\u0119stego stosowania"}]},{"@type":"WebSite","@id":"https:\/\/seipuntozero-haircare.it\/pl\/#website","url":"https:\/\/seipuntozero-haircare.it\/pl\/","name":"6.Zero","description":"Essential Touch","potentialAction":[{"@type":"SearchAction","target":{"@type":"EntryPoint","urlTemplate":"https:\/\/seipuntozero-haircare.it\/pl\/?s={search_term_string}"},"query-input":{"@type":"PropertyValueSpecification","valueRequired":true,"valueName":"search_term_string"}}],"inLanguage":"pl-PL"}]}},"_links":{"self":[{"href":"https:\/\/seipuntozero-haircare.it\/pl\/wp-json\/wp\/v2\/product\/21936","targetHints":{"allow":["GET"]}}],"collection":[{"href":"https:\/\/seipuntozero-haircare.it\/pl\/wp-json\/wp\/v2\/product"}],"about":[{"href":"https:\/\/seipuntozero-haircare.it\/pl\/wp-json\/wp\/v2\/types\/product"}],"wp:featuredmedia":[{"embeddable":true,"href":"https:\/\/seipuntozero-haircare.it\/pl\/wp-json\/wp\/v2\/media\/21615"}],"wp:attachment":[{"href":"https:\/\/seipuntozero-haircare.it\/pl\/wp-json\/wp\/v2\/media?parent=21936"}],"wp:term":[{"taxonomy":"product_brand","embeddable":true,"href":"https:\/\/seipuntozero-haircare.it\/pl\/wp-json\/wp\/v2\/product_brand?post=21936"},{"taxonomy":"product_cat","embeddable":true,"href":"https:\/\/seipuntozero-haircare.it\/pl\/wp-json\/wp\/v2\/product_cat?post=21936"},{"taxonomy":"product_tag","embeddable":true,"href":"https:\/\/seipuntozero-haircare.it\/pl\/wp-json\/wp\/v2\/product_tag?post=21936"}],"curies":[{"name":"wp","href":"https:\/\/api.w.org\/{rel}","templated":true}]}}