{"id":21933,"date":"2023-08-29T17:09:49","date_gmt":"2023-08-29T15:09:49","guid":{"rendered":"https:\/\/seipuntozero-haircare.it\/prodotto\/take-over-hydra-detox-szampon-nawilzajacy-do-czestego-stosowania\/"},"modified":"2023-11-20T09:56:43","modified_gmt":"2023-11-20T08:56:43","slug":"take-over-hydra-detox-szampon-nawilzajacy-do-czestego-stosowania","status":"publish","type":"product","link":"https:\/\/seipuntozero-haircare.it\/pl\/prodotto\/take-over-hydra-detox-szampon-nawilzajacy-do-czestego-stosowania\/","title":{"rendered":"TAKE OVER &#8211; HYDRA DETOX <br> Szampon nawil\u017caj\u0105cy do cz\u0119stego stosowania"},"content":{"rendered":"<ul>\n<li style=\"font-weight: 400;\" aria-level=\"1\"><span style=\"font-weight: 400;\">Lekka formu\u0142a, nie zawiera SLES i SLS<\/span><\/li>\n<li style=\"font-weight: 400;\" aria-level=\"1\"><span style=\"font-weight: 400;\">Ochrona przed zanieczyszczeniami<\/span><\/li>\n<\/ul>\n","protected":false},"excerpt":{"rendered":"<p><span style=\"font-weight: 400;\">Idealny do cz\u0119stego stosowania, Take Over Hydra Detox to szampon odpowiedni do ka\u017cdego rodzaju w\u0142os\u00f3w. Formu\u0142a bez siarczan\u00f3w zapewnia zauwa\u017calne nawil\u017cenie i skuteczn\u0105 ochron\u0119 przed zanieczyszczeniami.\u00a0<\/span><\/p>\n<p><span style=\"font-weight: 400;\">Sk\u0142adniki aktywne szamponu, Ekstrakt z Moringi oraz Aloes, dok\u0142adnie oczyszczaj\u0105 w\u0142osy oraz dzia\u0142aj\u0105 detoksykuj\u0105co, zapewniaj\u0105c dobr\u0105 kondycj\u0119 w\u0142os\u00f3w i sk\u00f3ry g\u0142owy.<\/span><\/p>\n<p><span style=\"font-weight: 400;\">Butelka 1000 ml<\/span><\/p>\n","protected":false},"featured_media":21616,"template":"","meta":[],"product_brand":[],"product_cat":[1208],"product_tag":[],"class_list":["post-21933","product","type-product","status-publish","has-post-thumbnail","hentry","product_cat-take-over-hydra-detox-pl"],"yoast_head":"<!-- This site is optimized with the Yoast SEO plugin v27.1.1 - https:\/\/yoast.com\/product\/yoast-seo-wordpress\/ -->\n<title>TAKE OVER - HYDRA DETOX  Szampon nawil\u017caj\u0105cy do cz\u0119stego stosowania - 6.Zero<\/title>\n<meta name=\"description\" content=\"Idealny do cz\u0119stego stosowania, Take Over Hydra Detox to szampon odpowiedni do ka\u017cdego rodzaju w\u0142os\u00f3w.\" \/>\n<meta name=\"robots\" content=\"index, follow, max-snippet:-1, max-image-preview:large, max-video-preview:-1\" \/>\n<link rel=\"canonical\" href=\"https:\/\/seipuntozero-haircare.it\/pl\/prodotto\/take-over-hydra-detox-szampon-nawilzajacy-do-czestego-stosowania\/\" \/>\n<meta property=\"og:locale\" content=\"pl_PL\" \/>\n<meta property=\"og:type\" content=\"article\" \/>\n<meta property=\"og:title\" content=\"TAKE OVER - HYDRA DETOX  Szampon nawil\u017caj\u0105cy do cz\u0119stego stosowania - 6.Zero\" \/>\n<meta property=\"og:description\" content=\"Idealny do cz\u0119stego stosowania, Take Over Hydra Detox to szampon odpowiedni do ka\u017cdego rodzaju w\u0142os\u00f3w.\" \/>\n<meta property=\"og:url\" content=\"https:\/\/seipuntozero-haircare.it\/pl\/prodotto\/take-over-hydra-detox-szampon-nawilzajacy-do-czestego-stosowania\/\" \/>\n<meta property=\"og:site_name\" content=\"6.Zero\" \/>\n<meta property=\"article:modified_time\" content=\"2023-11-20T08:56:43+00:00\" \/>\n<meta property=\"og:image\" content=\"https:\/\/seipuntozero-haircare.it\/wp-content\/uploads\/2023\/08\/263417_sei_punto_zero_take_over_hydra_detox_shampoo_1000ml-2.png\" \/>\n\t<meta property=\"og:image:width\" content=\"800\" \/>\n\t<meta property=\"og:image:height\" content=\"800\" \/>\n\t<meta property=\"og:image:type\" content=\"image\/png\" \/>\n<meta name=\"twitter:card\" content=\"summary_large_image\" \/>\n<meta name=\"twitter:label1\" content=\"Szacowany czas czytania\" \/>\n\t<meta name=\"twitter:data1\" content=\"1 minuta\" \/>\n<script type=\"application\/ld+json\" class=\"yoast-schema-graph\">{\"@context\":\"https:\/\/schema.org\",\"@graph\":[{\"@type\":\"WebPage\",\"@id\":\"https:\/\/seipuntozero-haircare.it\/pl\/prodotto\/take-over-hydra-detox-szampon-nawilzajacy-do-czestego-stosowania\/\",\"url\":\"https:\/\/seipuntozero-haircare.it\/pl\/prodotto\/take-over-hydra-detox-szampon-nawilzajacy-do-czestego-stosowania\/\",\"name\":\"TAKE OVER - HYDRA DETOX Szampon nawil\u017caj\u0105cy do cz\u0119stego stosowania - 6.Zero\",\"isPartOf\":{\"@id\":\"https:\/\/seipuntozero-haircare.it\/pl\/#website\"},\"primaryImageOfPage\":{\"@id\":\"https:\/\/seipuntozero-haircare.it\/pl\/prodotto\/take-over-hydra-detox-szampon-nawilzajacy-do-czestego-stosowania\/#primaryimage\"},\"image\":{\"@id\":\"https:\/\/seipuntozero-haircare.it\/pl\/prodotto\/take-over-hydra-detox-szampon-nawilzajacy-do-czestego-stosowania\/#primaryimage\"},\"thumbnailUrl\":\"https:\/\/seipuntozero-haircare.it\/wp-content\/uploads\/2023\/08\/263417_sei_punto_zero_take_over_hydra_detox_shampoo_1000ml-2.png\",\"datePublished\":\"2023-08-29T15:09:49+00:00\",\"dateModified\":\"2023-11-20T08:56:43+00:00\",\"description\":\"Idealny do cz\u0119stego stosowania, Take Over Hydra Detox to szampon odpowiedni do ka\u017cdego rodzaju w\u0142os\u00f3w.\",\"breadcrumb\":{\"@id\":\"https:\/\/seipuntozero-haircare.it\/pl\/prodotto\/take-over-hydra-detox-szampon-nawilzajacy-do-czestego-stosowania\/#breadcrumb\"},\"inLanguage\":\"pl-PL\",\"potentialAction\":[{\"@type\":\"ReadAction\",\"target\":[\"https:\/\/seipuntozero-haircare.it\/pl\/prodotto\/take-over-hydra-detox-szampon-nawilzajacy-do-czestego-stosowania\/\"]}]},{\"@type\":\"ImageObject\",\"inLanguage\":\"pl-PL\",\"@id\":\"https:\/\/seipuntozero-haircare.it\/pl\/prodotto\/take-over-hydra-detox-szampon-nawilzajacy-do-czestego-stosowania\/#primaryimage\",\"url\":\"https:\/\/seipuntozero-haircare.it\/wp-content\/uploads\/2023\/08\/263417_sei_punto_zero_take_over_hydra_detox_shampoo_1000ml-2.png\",\"contentUrl\":\"https:\/\/seipuntozero-haircare.it\/wp-content\/uploads\/2023\/08\/263417_sei_punto_zero_take_over_hydra_detox_shampoo_1000ml-2.png\",\"width\":800,\"height\":800},{\"@type\":\"BreadcrumbList\",\"@id\":\"https:\/\/seipuntozero-haircare.it\/pl\/prodotto\/take-over-hydra-detox-szampon-nawilzajacy-do-czestego-stosowania\/#breadcrumb\",\"itemListElement\":[{\"@type\":\"ListItem\",\"position\":1,\"name\":\"Home\",\"item\":\"https:\/\/seipuntozero-haircare.it\/pl\/\"},{\"@type\":\"ListItem\",\"position\":2,\"name\":\"Prodotti\",\"item\":\"https:\/\/seipuntozero-haircare.it\/prodotti\/\"},{\"@type\":\"ListItem\",\"position\":3,\"name\":\"TAKE OVER &#8211; HYDRA DETOX Szampon nawil\u017caj\u0105cy do cz\u0119stego stosowania\"}]},{\"@type\":\"WebSite\",\"@id\":\"https:\/\/seipuntozero-haircare.it\/pl\/#website\",\"url\":\"https:\/\/seipuntozero-haircare.it\/pl\/\",\"name\":\"6.Zero\",\"description\":\"Essential Touch\",\"potentialAction\":[{\"@type\":\"SearchAction\",\"target\":{\"@type\":\"EntryPoint\",\"urlTemplate\":\"https:\/\/seipuntozero-haircare.it\/pl\/?s={search_term_string}\"},\"query-input\":{\"@type\":\"PropertyValueSpecification\",\"valueRequired\":true,\"valueName\":\"search_term_string\"}}],\"inLanguage\":\"pl-PL\"}]}<\/script>\n<!-- \/ Yoast SEO plugin. -->","yoast_head_json":{"title":"TAKE OVER - HYDRA DETOX  Szampon nawil\u017caj\u0105cy do cz\u0119stego stosowania - 6.Zero","description":"Idealny do cz\u0119stego stosowania, Take Over Hydra Detox to szampon odpowiedni do ka\u017cdego rodzaju w\u0142os\u00f3w.","robots":{"index":"index","follow":"follow","max-snippet":"max-snippet:-1","max-image-preview":"max-image-preview:large","max-video-preview":"max-video-preview:-1"},"canonical":"https:\/\/seipuntozero-haircare.it\/pl\/prodotto\/take-over-hydra-detox-szampon-nawilzajacy-do-czestego-stosowania\/","og_locale":"pl_PL","og_type":"article","og_title":"TAKE OVER - HYDRA DETOX  Szampon nawil\u017caj\u0105cy do cz\u0119stego stosowania - 6.Zero","og_description":"Idealny do cz\u0119stego stosowania, Take Over Hydra Detox to szampon odpowiedni do ka\u017cdego rodzaju w\u0142os\u00f3w.","og_url":"https:\/\/seipuntozero-haircare.it\/pl\/prodotto\/take-over-hydra-detox-szampon-nawilzajacy-do-czestego-stosowania\/","og_site_name":"6.Zero","article_modified_time":"2023-11-20T08:56:43+00:00","og_image":[{"width":800,"height":800,"url":"https:\/\/seipuntozero-haircare.it\/wp-content\/uploads\/2023\/08\/263417_sei_punto_zero_take_over_hydra_detox_shampoo_1000ml-2.png","type":"image\/png"}],"twitter_card":"summary_large_image","twitter_misc":{"Szacowany czas czytania":"1 minuta"},"schema":{"@context":"https:\/\/schema.org","@graph":[{"@type":"WebPage","@id":"https:\/\/seipuntozero-haircare.it\/pl\/prodotto\/take-over-hydra-detox-szampon-nawilzajacy-do-czestego-stosowania\/","url":"https:\/\/seipuntozero-haircare.it\/pl\/prodotto\/take-over-hydra-detox-szampon-nawilzajacy-do-czestego-stosowania\/","name":"TAKE OVER - HYDRA DETOX Szampon nawil\u017caj\u0105cy do cz\u0119stego stosowania - 6.Zero","isPartOf":{"@id":"https:\/\/seipuntozero-haircare.it\/pl\/#website"},"primaryImageOfPage":{"@id":"https:\/\/seipuntozero-haircare.it\/pl\/prodotto\/take-over-hydra-detox-szampon-nawilzajacy-do-czestego-stosowania\/#primaryimage"},"image":{"@id":"https:\/\/seipuntozero-haircare.it\/pl\/prodotto\/take-over-hydra-detox-szampon-nawilzajacy-do-czestego-stosowania\/#primaryimage"},"thumbnailUrl":"https:\/\/seipuntozero-haircare.it\/wp-content\/uploads\/2023\/08\/263417_sei_punto_zero_take_over_hydra_detox_shampoo_1000ml-2.png","datePublished":"2023-08-29T15:09:49+00:00","dateModified":"2023-11-20T08:56:43+00:00","description":"Idealny do cz\u0119stego stosowania, Take Over Hydra Detox to szampon odpowiedni do ka\u017cdego rodzaju w\u0142os\u00f3w.","breadcrumb":{"@id":"https:\/\/seipuntozero-haircare.it\/pl\/prodotto\/take-over-hydra-detox-szampon-nawilzajacy-do-czestego-stosowania\/#breadcrumb"},"inLanguage":"pl-PL","potentialAction":[{"@type":"ReadAction","target":["https:\/\/seipuntozero-haircare.it\/pl\/prodotto\/take-over-hydra-detox-szampon-nawilzajacy-do-czestego-stosowania\/"]}]},{"@type":"ImageObject","inLanguage":"pl-PL","@id":"https:\/\/seipuntozero-haircare.it\/pl\/prodotto\/take-over-hydra-detox-szampon-nawilzajacy-do-czestego-stosowania\/#primaryimage","url":"https:\/\/seipuntozero-haircare.it\/wp-content\/uploads\/2023\/08\/263417_sei_punto_zero_take_over_hydra_detox_shampoo_1000ml-2.png","contentUrl":"https:\/\/seipuntozero-haircare.it\/wp-content\/uploads\/2023\/08\/263417_sei_punto_zero_take_over_hydra_detox_shampoo_1000ml-2.png","width":800,"height":800},{"@type":"BreadcrumbList","@id":"https:\/\/seipuntozero-haircare.it\/pl\/prodotto\/take-over-hydra-detox-szampon-nawilzajacy-do-czestego-stosowania\/#breadcrumb","itemListElement":[{"@type":"ListItem","position":1,"name":"Home","item":"https:\/\/seipuntozero-haircare.it\/pl\/"},{"@type":"ListItem","position":2,"name":"Prodotti","item":"https:\/\/seipuntozero-haircare.it\/prodotti\/"},{"@type":"ListItem","position":3,"name":"TAKE OVER &#8211; HYDRA DETOX Szampon nawil\u017caj\u0105cy do cz\u0119stego stosowania"}]},{"@type":"WebSite","@id":"https:\/\/seipuntozero-haircare.it\/pl\/#website","url":"https:\/\/seipuntozero-haircare.it\/pl\/","name":"6.Zero","description":"Essential Touch","potentialAction":[{"@type":"SearchAction","target":{"@type":"EntryPoint","urlTemplate":"https:\/\/seipuntozero-haircare.it\/pl\/?s={search_term_string}"},"query-input":{"@type":"PropertyValueSpecification","valueRequired":true,"valueName":"search_term_string"}}],"inLanguage":"pl-PL"}]}},"_links":{"self":[{"href":"https:\/\/seipuntozero-haircare.it\/pl\/wp-json\/wp\/v2\/product\/21933","targetHints":{"allow":["GET"]}}],"collection":[{"href":"https:\/\/seipuntozero-haircare.it\/pl\/wp-json\/wp\/v2\/product"}],"about":[{"href":"https:\/\/seipuntozero-haircare.it\/pl\/wp-json\/wp\/v2\/types\/product"}],"wp:featuredmedia":[{"embeddable":true,"href":"https:\/\/seipuntozero-haircare.it\/pl\/wp-json\/wp\/v2\/media\/21616"}],"wp:attachment":[{"href":"https:\/\/seipuntozero-haircare.it\/pl\/wp-json\/wp\/v2\/media?parent=21933"}],"wp:term":[{"taxonomy":"product_brand","embeddable":true,"href":"https:\/\/seipuntozero-haircare.it\/pl\/wp-json\/wp\/v2\/product_brand?post=21933"},{"taxonomy":"product_cat","embeddable":true,"href":"https:\/\/seipuntozero-haircare.it\/pl\/wp-json\/wp\/v2\/product_cat?post=21933"},{"taxonomy":"product_tag","embeddable":true,"href":"https:\/\/seipuntozero-haircare.it\/pl\/wp-json\/wp\/v2\/product_tag?post=21933"}],"curies":[{"name":"wp","href":"https:\/\/api.w.org\/{rel}","templated":true}]}}