{"id":21932,"date":"2021-12-13T09:00:22","date_gmt":"2021-12-13T08:00:22","guid":{"rendered":"https:\/\/seipuntozero-haircare.it\/prodotto\/hy-plex-kit\/"},"modified":"2023-11-20T12:41:35","modified_gmt":"2023-11-20T11:41:35","slug":"hy-plex-kit","status":"publish","type":"product","link":"https:\/\/seipuntozero-haircare.it\/pl\/prodotto\/hy-plex-kit\/","title":{"rendered":"HY-PLEX <br> KIT"},"content":{"rendered":"<ul>\n<li style=\"font-weight: 400;\" aria-level=\"1\"><span style=\"font-weight: 400;\">Rewitalizuje w\u0142osy poddawane zabiegom fryzjerskim<\/span><\/li>\n<li style=\"font-weight: 400;\" aria-level=\"1\"><span style=\"font-weight: 400;\">Sprawia, \u017ce w\u0142osy s\u0105 ekstremalnie mi\u0119kkie i l\u015bni\u0105ce<\/span><\/li>\n<li style=\"font-weight: 400;\" aria-level=\"1\"><span style=\"font-weight: 400;\">Regeneruje \u0142usk\u0119\u00a0<\/span><\/li>\n<li style=\"font-weight: 400;\" aria-level=\"1\"><span style=\"font-weight: 400;\">Zmniejsza \u0142amliwo\u015b\u0107 w\u0142os\u00f3w<\/span><\/li>\n<\/ul>\n","protected":false},"excerpt":{"rendered":"<p><span style=\"font-weight: 400;\">Innowacja zaczyna si\u0119 od wewn\u0105trz: HY-PLEX to ekskluzywny zabieg, kt\u00f3ry rewolucjonizuje podej\u015bcie do us\u0142ug technicznych poprzez rewitalizacj\u0119 w\u0142os\u00f3w zniszczonych zabiegami chemicznymi. Specjalna formu\u0142a z technologi\u0105 HP2 zapewnia w\u0142osom maksymaln\u0105 ochron\u0119 przed i po koloryzacji, dekoloryzacji lub trwa\u0142ej ondulacji. Dla efektu wyj\u0105tkowej mi\u0119kko\u015bci i blasku.<\/span><\/p>\n<p><span style=\"font-weight: 400;\">\u00a0<\/span><\/p>\n<p><span style=\"font-weight: 400;\">Zestaw sk\u0142ada si\u0119 z:<\/span><\/p>\n<p><span style=\"font-weight: 400;\">1 szt. <strong>HY-PLEX N\u00b01<\/strong> (500ml): Dodatek ochronny do us\u0142ug technicznych<\/span><\/p>\n<p><span style=\"font-weight: 400;\">2 szt. <strong>HY-PLEX N\u00b02<\/strong> (500ml): Maska wzmacniaj\u0105ca po zabiegu<\/span><\/p>\n","protected":false},"featured_media":21522,"template":"","meta":[],"product_brand":[],"product_cat":[1219],"product_tag":[],"class_list":["post-21932","product","type-product","status-publish","has-post-thumbnail","hentry","product_cat-hy-plex-pl"],"yoast_head":"<!-- This site is optimized with the Yoast SEO plugin v27.1.1 - https:\/\/yoast.com\/product\/yoast-seo-wordpress\/ -->\n<title>HY-PLEX | KIT<\/title>\n<meta name=\"description\" content=\"HY-PLEX to ekskluzywny zabieg, kt\u00f3ry rewolucjonizuje podej\u015bcie do us\u0142ug technicznych poprzez rewitalizacj\u0119 w\u0142os\u00f3w zniszczonych zabiegami chemicznymi.\" \/>\n<meta name=\"robots\" content=\"index, follow, max-snippet:-1, max-image-preview:large, max-video-preview:-1\" \/>\n<link rel=\"canonical\" href=\"https:\/\/seipuntozero-haircare.it\/pl\/prodotto\/hy-plex-kit\/\" \/>\n<meta property=\"og:locale\" content=\"pl_PL\" \/>\n<meta property=\"og:type\" content=\"article\" \/>\n<meta property=\"og:title\" content=\"HY-PLEX | KIT\" \/>\n<meta property=\"og:description\" content=\"HY-PLEX to ekskluzywny zabieg, kt\u00f3ry rewolucjonizuje podej\u015bcie do us\u0142ug technicznych poprzez rewitalizacj\u0119 w\u0142os\u00f3w zniszczonych zabiegami chemicznymi.\" \/>\n<meta property=\"og:url\" content=\"https:\/\/seipuntozero-haircare.it\/pl\/prodotto\/hy-plex-kit\/\" \/>\n<meta property=\"og:site_name\" content=\"6.Zero\" \/>\n<meta property=\"article:modified_time\" content=\"2023-11-20T11:41:35+00:00\" \/>\n<meta property=\"og:image\" content=\"https:\/\/seipuntozero-haircare.it\/wp-content\/uploads\/2021\/11\/263158_sei_punto_zero_hairzoe_restructuring_base_cream_500ml262991_sei_punto_zero_hy_plex_kit_2.png\" \/>\n\t<meta property=\"og:image:width\" content=\"600\" \/>\n\t<meta property=\"og:image:height\" content=\"600\" \/>\n\t<meta property=\"og:image:type\" content=\"image\/png\" \/>\n<meta name=\"twitter:card\" content=\"summary_large_image\" \/>\n<meta name=\"twitter:label1\" content=\"Szacowany czas czytania\" \/>\n\t<meta name=\"twitter:data1\" content=\"1 minuta\" \/>\n<script type=\"application\/ld+json\" class=\"yoast-schema-graph\">{\"@context\":\"https:\/\/schema.org\",\"@graph\":[{\"@type\":\"WebPage\",\"@id\":\"https:\/\/seipuntozero-haircare.it\/pl\/prodotto\/hy-plex-kit\/\",\"url\":\"https:\/\/seipuntozero-haircare.it\/pl\/prodotto\/hy-plex-kit\/\",\"name\":\"HY-PLEX | KIT\",\"isPartOf\":{\"@id\":\"https:\/\/seipuntozero-haircare.it\/pl\/#website\"},\"primaryImageOfPage\":{\"@id\":\"https:\/\/seipuntozero-haircare.it\/pl\/prodotto\/hy-plex-kit\/#primaryimage\"},\"image\":{\"@id\":\"https:\/\/seipuntozero-haircare.it\/pl\/prodotto\/hy-plex-kit\/#primaryimage\"},\"thumbnailUrl\":\"https:\/\/seipuntozero-haircare.it\/wp-content\/uploads\/2021\/11\/263158_sei_punto_zero_hairzoe_restructuring_base_cream_500ml262991_sei_punto_zero_hy_plex_kit_2.png\",\"datePublished\":\"2021-12-13T08:00:22+00:00\",\"dateModified\":\"2023-11-20T11:41:35+00:00\",\"description\":\"HY-PLEX to ekskluzywny zabieg, kt\u00f3ry rewolucjonizuje podej\u015bcie do us\u0142ug technicznych poprzez rewitalizacj\u0119 w\u0142os\u00f3w zniszczonych zabiegami chemicznymi.\",\"breadcrumb\":{\"@id\":\"https:\/\/seipuntozero-haircare.it\/pl\/prodotto\/hy-plex-kit\/#breadcrumb\"},\"inLanguage\":\"pl-PL\",\"potentialAction\":[{\"@type\":\"ReadAction\",\"target\":[\"https:\/\/seipuntozero-haircare.it\/pl\/prodotto\/hy-plex-kit\/\"]}]},{\"@type\":\"ImageObject\",\"inLanguage\":\"pl-PL\",\"@id\":\"https:\/\/seipuntozero-haircare.it\/pl\/prodotto\/hy-plex-kit\/#primaryimage\",\"url\":\"https:\/\/seipuntozero-haircare.it\/wp-content\/uploads\/2021\/11\/263158_sei_punto_zero_hairzoe_restructuring_base_cream_500ml262991_sei_punto_zero_hy_plex_kit_2.png\",\"contentUrl\":\"https:\/\/seipuntozero-haircare.it\/wp-content\/uploads\/2021\/11\/263158_sei_punto_zero_hairzoe_restructuring_base_cream_500ml262991_sei_punto_zero_hy_plex_kit_2.png\",\"width\":600,\"height\":600},{\"@type\":\"BreadcrumbList\",\"@id\":\"https:\/\/seipuntozero-haircare.it\/pl\/prodotto\/hy-plex-kit\/#breadcrumb\",\"itemListElement\":[{\"@type\":\"ListItem\",\"position\":1,\"name\":\"Home\",\"item\":\"https:\/\/seipuntozero-haircare.it\/pl\/\"},{\"@type\":\"ListItem\",\"position\":2,\"name\":\"Prodotti\",\"item\":\"https:\/\/seipuntozero-haircare.it\/prodotti\/\"},{\"@type\":\"ListItem\",\"position\":3,\"name\":\"HY-PLEX KIT\"}]},{\"@type\":\"WebSite\",\"@id\":\"https:\/\/seipuntozero-haircare.it\/pl\/#website\",\"url\":\"https:\/\/seipuntozero-haircare.it\/pl\/\",\"name\":\"6.Zero\",\"description\":\"Essential Touch\",\"potentialAction\":[{\"@type\":\"SearchAction\",\"target\":{\"@type\":\"EntryPoint\",\"urlTemplate\":\"https:\/\/seipuntozero-haircare.it\/pl\/?s={search_term_string}\"},\"query-input\":{\"@type\":\"PropertyValueSpecification\",\"valueRequired\":true,\"valueName\":\"search_term_string\"}}],\"inLanguage\":\"pl-PL\"}]}<\/script>\n<!-- \/ Yoast SEO plugin. -->","yoast_head_json":{"title":"HY-PLEX | KIT","description":"HY-PLEX to ekskluzywny zabieg, kt\u00f3ry rewolucjonizuje podej\u015bcie do us\u0142ug technicznych poprzez rewitalizacj\u0119 w\u0142os\u00f3w zniszczonych zabiegami chemicznymi.","robots":{"index":"index","follow":"follow","max-snippet":"max-snippet:-1","max-image-preview":"max-image-preview:large","max-video-preview":"max-video-preview:-1"},"canonical":"https:\/\/seipuntozero-haircare.it\/pl\/prodotto\/hy-plex-kit\/","og_locale":"pl_PL","og_type":"article","og_title":"HY-PLEX | KIT","og_description":"HY-PLEX to ekskluzywny zabieg, kt\u00f3ry rewolucjonizuje podej\u015bcie do us\u0142ug technicznych poprzez rewitalizacj\u0119 w\u0142os\u00f3w zniszczonych zabiegami chemicznymi.","og_url":"https:\/\/seipuntozero-haircare.it\/pl\/prodotto\/hy-plex-kit\/","og_site_name":"6.Zero","article_modified_time":"2023-11-20T11:41:35+00:00","og_image":[{"width":600,"height":600,"url":"https:\/\/seipuntozero-haircare.it\/wp-content\/uploads\/2021\/11\/263158_sei_punto_zero_hairzoe_restructuring_base_cream_500ml262991_sei_punto_zero_hy_plex_kit_2.png","type":"image\/png"}],"twitter_card":"summary_large_image","twitter_misc":{"Szacowany czas czytania":"1 minuta"},"schema":{"@context":"https:\/\/schema.org","@graph":[{"@type":"WebPage","@id":"https:\/\/seipuntozero-haircare.it\/pl\/prodotto\/hy-plex-kit\/","url":"https:\/\/seipuntozero-haircare.it\/pl\/prodotto\/hy-plex-kit\/","name":"HY-PLEX | KIT","isPartOf":{"@id":"https:\/\/seipuntozero-haircare.it\/pl\/#website"},"primaryImageOfPage":{"@id":"https:\/\/seipuntozero-haircare.it\/pl\/prodotto\/hy-plex-kit\/#primaryimage"},"image":{"@id":"https:\/\/seipuntozero-haircare.it\/pl\/prodotto\/hy-plex-kit\/#primaryimage"},"thumbnailUrl":"https:\/\/seipuntozero-haircare.it\/wp-content\/uploads\/2021\/11\/263158_sei_punto_zero_hairzoe_restructuring_base_cream_500ml262991_sei_punto_zero_hy_plex_kit_2.png","datePublished":"2021-12-13T08:00:22+00:00","dateModified":"2023-11-20T11:41:35+00:00","description":"HY-PLEX to ekskluzywny zabieg, kt\u00f3ry rewolucjonizuje podej\u015bcie do us\u0142ug technicznych poprzez rewitalizacj\u0119 w\u0142os\u00f3w zniszczonych zabiegami chemicznymi.","breadcrumb":{"@id":"https:\/\/seipuntozero-haircare.it\/pl\/prodotto\/hy-plex-kit\/#breadcrumb"},"inLanguage":"pl-PL","potentialAction":[{"@type":"ReadAction","target":["https:\/\/seipuntozero-haircare.it\/pl\/prodotto\/hy-plex-kit\/"]}]},{"@type":"ImageObject","inLanguage":"pl-PL","@id":"https:\/\/seipuntozero-haircare.it\/pl\/prodotto\/hy-plex-kit\/#primaryimage","url":"https:\/\/seipuntozero-haircare.it\/wp-content\/uploads\/2021\/11\/263158_sei_punto_zero_hairzoe_restructuring_base_cream_500ml262991_sei_punto_zero_hy_plex_kit_2.png","contentUrl":"https:\/\/seipuntozero-haircare.it\/wp-content\/uploads\/2021\/11\/263158_sei_punto_zero_hairzoe_restructuring_base_cream_500ml262991_sei_punto_zero_hy_plex_kit_2.png","width":600,"height":600},{"@type":"BreadcrumbList","@id":"https:\/\/seipuntozero-haircare.it\/pl\/prodotto\/hy-plex-kit\/#breadcrumb","itemListElement":[{"@type":"ListItem","position":1,"name":"Home","item":"https:\/\/seipuntozero-haircare.it\/pl\/"},{"@type":"ListItem","position":2,"name":"Prodotti","item":"https:\/\/seipuntozero-haircare.it\/prodotti\/"},{"@type":"ListItem","position":3,"name":"HY-PLEX KIT"}]},{"@type":"WebSite","@id":"https:\/\/seipuntozero-haircare.it\/pl\/#website","url":"https:\/\/seipuntozero-haircare.it\/pl\/","name":"6.Zero","description":"Essential Touch","potentialAction":[{"@type":"SearchAction","target":{"@type":"EntryPoint","urlTemplate":"https:\/\/seipuntozero-haircare.it\/pl\/?s={search_term_string}"},"query-input":{"@type":"PropertyValueSpecification","valueRequired":true,"valueName":"search_term_string"}}],"inLanguage":"pl-PL"}]}},"_links":{"self":[{"href":"https:\/\/seipuntozero-haircare.it\/pl\/wp-json\/wp\/v2\/product\/21932","targetHints":{"allow":["GET"]}}],"collection":[{"href":"https:\/\/seipuntozero-haircare.it\/pl\/wp-json\/wp\/v2\/product"}],"about":[{"href":"https:\/\/seipuntozero-haircare.it\/pl\/wp-json\/wp\/v2\/types\/product"}],"wp:featuredmedia":[{"embeddable":true,"href":"https:\/\/seipuntozero-haircare.it\/pl\/wp-json\/wp\/v2\/media\/21522"}],"wp:attachment":[{"href":"https:\/\/seipuntozero-haircare.it\/pl\/wp-json\/wp\/v2\/media?parent=21932"}],"wp:term":[{"taxonomy":"product_brand","embeddable":true,"href":"https:\/\/seipuntozero-haircare.it\/pl\/wp-json\/wp\/v2\/product_brand?post=21932"},{"taxonomy":"product_cat","embeddable":true,"href":"https:\/\/seipuntozero-haircare.it\/pl\/wp-json\/wp\/v2\/product_cat?post=21932"},{"taxonomy":"product_tag","embeddable":true,"href":"https:\/\/seipuntozero-haircare.it\/pl\/wp-json\/wp\/v2\/product_tag?post=21932"}],"curies":[{"name":"wp","href":"https:\/\/api.w.org\/{rel}","templated":true}]}}