{"id":21931,"date":"2021-12-13T09:00:59","date_gmt":"2021-12-13T08:00:59","guid":{"rendered":"https:\/\/seipuntozero-haircare.it\/prodotto\/hy-plex-n3-kuracja-wielofunkcyjna-do-wlosow-poddawanych-zabiegom-fryzjerskim\/"},"modified":"2023-11-20T12:36:11","modified_gmt":"2023-11-20T11:36:11","slug":"hy-plex-n3-kuracja-wielofunkcyjna-do-wlosow-poddawanych-zabiegom-fryzjerskim","status":"publish","type":"product","link":"https:\/\/seipuntozero-haircare.it\/pl\/prodotto\/hy-plex-n3-kuracja-wielofunkcyjna-do-wlosow-poddawanych-zabiegom-fryzjerskim\/","title":{"rendered":"HY-PLEX N\u00b03 <br> Kuracja wielofunkcyjna do w\u0142os\u00f3w poddawanych zabiegom fryzjerskim"},"content":{"rendered":"<ul>\n<li style=\"font-weight: 400;\" aria-level=\"1\"><span style=\"font-weight: 400;\">Produkt przydatny do podtrzymania efekt\u00f3w zabiegu przeprowadzonego w salonie<\/span><\/li>\n<li style=\"font-weight: 400;\" aria-level=\"1\"><span style=\"font-weight: 400;\">Pomaga chroni\u0107 \u0142amliwe w\u0142osy przed agresywnymi \u015brodkami chemicznymi<\/span><\/li>\n<li style=\"font-weight: 400;\" aria-level=\"1\"><span style=\"font-weight: 400;\">Odbudowuje i zachowuje wewn\u0119trzn\u0105 struktur\u0119 w\u0142osa<\/span><\/li>\n<li style=\"font-weight: 400;\" aria-level=\"1\"><span style=\"font-weight: 400;\">W\u0142osy odzyskuj\u0105 si\u0142\u0119 i witalno\u015b\u0107<\/span><\/li>\n<\/ul>\n","protected":false},"excerpt":{"rendered":"<p><span style=\"font-weight: 400;\">HY-PLEX N\u00b03 to wielofunkcyjna emulsja do stosowania przed lub po umyciu w\u0142os\u00f3w szamponem, idealna, aby przed\u0142u\u017cy\u0107 efekty zabiegu HY-PLEX wykonanego w salonie. Przeznaczona do w\u0142os\u00f3w os\u0142abionych zabiegami technicznymi, takimi jak koloryzacja, dekoloryzacja czy trwa\u0142a ondulacja, pomaga utrzyma\u0107 wysoki poziom od\u017cywienia w\u0142os\u00f3w, tak\u017ce w domu. Dzi\u0119ki po\u0142\u0105czeniu funkcjonalnych cz\u0105steczek specjalna formu\u0142a z technologi\u0105 HP2 odbudowuje i zachowuje wewn\u0119trzn\u0105 struktur\u0119 w\u0142os\u00f3w.<\/span><\/p>\n<p><span style=\"font-weight: 400;\">Preparat nale\u017cy sp\u0142uka\u0107.<\/span><\/p>\n<p><span style=\"font-weight: 400;\">\u00a0<\/span><\/p>\n<p><span style=\"font-weight: 400;\">Pojemno\u015b\u0107 150 ml<\/span><\/p>\n","protected":false},"featured_media":24069,"template":"","meta":[],"product_brand":[],"product_cat":[1219],"product_tag":[],"class_list":["post-21931","product","type-product","status-publish","has-post-thumbnail","hentry","product_cat-hy-plex-pl"],"yoast_head":"<!-- This site is optimized with the Yoast SEO plugin v27.1.1 - https:\/\/yoast.com\/product\/yoast-seo-wordpress\/ -->\n<title>HY-PLEX N\u00b03 | Kuracja wielofunkcyjna do w\u0142os\u00f3w poddawanych zabiegom fryzjerskim<\/title>\n<meta name=\"description\" content=\"HY-PLEX N\u00b03 to wielofunkcyjna emulsja do stosowania przed lub po umyciu w\u0142os\u00f3w szamponem, idealna, aby przed\u0142u\u017cy\u0107 efekty zabiegu HY-PLEX wykonanego w salonie.\" \/>\n<meta name=\"robots\" content=\"index, follow, max-snippet:-1, max-image-preview:large, max-video-preview:-1\" \/>\n<link rel=\"canonical\" href=\"https:\/\/seipuntozero-haircare.it\/pl\/prodotto\/hy-plex-n3-kuracja-wielofunkcyjna-do-wlosow-poddawanych-zabiegom-fryzjerskim\/\" \/>\n<meta property=\"og:locale\" content=\"pl_PL\" \/>\n<meta property=\"og:type\" content=\"article\" \/>\n<meta property=\"og:title\" content=\"HY-PLEX N\u00b03 | Kuracja wielofunkcyjna do w\u0142os\u00f3w poddawanych zabiegom fryzjerskim\" \/>\n<meta property=\"og:description\" content=\"HY-PLEX N\u00b03 to wielofunkcyjna emulsja do stosowania przed lub po umyciu w\u0142os\u00f3w szamponem, idealna, aby przed\u0142u\u017cy\u0107 efekty zabiegu HY-PLEX wykonanego w salonie.\" \/>\n<meta property=\"og:url\" content=\"https:\/\/seipuntozero-haircare.it\/pl\/prodotto\/hy-plex-n3-kuracja-wielofunkcyjna-do-wlosow-poddawanych-zabiegom-fryzjerskim\/\" \/>\n<meta property=\"og:site_name\" content=\"6.Zero\" \/>\n<meta property=\"article:modified_time\" content=\"2023-11-20T11:36:11+00:00\" \/>\n<meta property=\"og:image\" content=\"https:\/\/seipuntozero-haircare.it\/wp-content\/uploads\/2021\/12\/262984_sei_punto_zero_hy_plex_multifunctional_treatment_3_150ml.png\" \/>\n\t<meta property=\"og:image:width\" content=\"600\" \/>\n\t<meta property=\"og:image:height\" content=\"600\" \/>\n\t<meta property=\"og:image:type\" content=\"image\/png\" \/>\n<meta name=\"twitter:card\" content=\"summary_large_image\" \/>\n<meta name=\"twitter:label1\" content=\"Szacowany czas czytania\" \/>\n\t<meta name=\"twitter:data1\" content=\"1 minuta\" \/>\n<script type=\"application\/ld+json\" class=\"yoast-schema-graph\">{\"@context\":\"https:\/\/schema.org\",\"@graph\":[{\"@type\":\"WebPage\",\"@id\":\"https:\/\/seipuntozero-haircare.it\/pl\/prodotto\/hy-plex-n3-kuracja-wielofunkcyjna-do-wlosow-poddawanych-zabiegom-fryzjerskim\/\",\"url\":\"https:\/\/seipuntozero-haircare.it\/pl\/prodotto\/hy-plex-n3-kuracja-wielofunkcyjna-do-wlosow-poddawanych-zabiegom-fryzjerskim\/\",\"name\":\"HY-PLEX N\u00b03 | Kuracja wielofunkcyjna do w\u0142os\u00f3w poddawanych zabiegom fryzjerskim\",\"isPartOf\":{\"@id\":\"https:\/\/seipuntozero-haircare.it\/pl\/#website\"},\"primaryImageOfPage\":{\"@id\":\"https:\/\/seipuntozero-haircare.it\/pl\/prodotto\/hy-plex-n3-kuracja-wielofunkcyjna-do-wlosow-poddawanych-zabiegom-fryzjerskim\/#primaryimage\"},\"image\":{\"@id\":\"https:\/\/seipuntozero-haircare.it\/pl\/prodotto\/hy-plex-n3-kuracja-wielofunkcyjna-do-wlosow-poddawanych-zabiegom-fryzjerskim\/#primaryimage\"},\"thumbnailUrl\":\"https:\/\/seipuntozero-haircare.it\/wp-content\/uploads\/2021\/12\/262984_sei_punto_zero_hy_plex_multifunctional_treatment_3_150ml.png\",\"datePublished\":\"2021-12-13T08:00:59+00:00\",\"dateModified\":\"2023-11-20T11:36:11+00:00\",\"description\":\"HY-PLEX N\u00b03 to wielofunkcyjna emulsja do stosowania przed lub po umyciu w\u0142os\u00f3w szamponem, idealna, aby przed\u0142u\u017cy\u0107 efekty zabiegu HY-PLEX wykonanego w salonie.\",\"breadcrumb\":{\"@id\":\"https:\/\/seipuntozero-haircare.it\/pl\/prodotto\/hy-plex-n3-kuracja-wielofunkcyjna-do-wlosow-poddawanych-zabiegom-fryzjerskim\/#breadcrumb\"},\"inLanguage\":\"pl-PL\",\"potentialAction\":[{\"@type\":\"ReadAction\",\"target\":[\"https:\/\/seipuntozero-haircare.it\/pl\/prodotto\/hy-plex-n3-kuracja-wielofunkcyjna-do-wlosow-poddawanych-zabiegom-fryzjerskim\/\"]}]},{\"@type\":\"ImageObject\",\"inLanguage\":\"pl-PL\",\"@id\":\"https:\/\/seipuntozero-haircare.it\/pl\/prodotto\/hy-plex-n3-kuracja-wielofunkcyjna-do-wlosow-poddawanych-zabiegom-fryzjerskim\/#primaryimage\",\"url\":\"https:\/\/seipuntozero-haircare.it\/wp-content\/uploads\/2021\/12\/262984_sei_punto_zero_hy_plex_multifunctional_treatment_3_150ml.png\",\"contentUrl\":\"https:\/\/seipuntozero-haircare.it\/wp-content\/uploads\/2021\/12\/262984_sei_punto_zero_hy_plex_multifunctional_treatment_3_150ml.png\",\"width\":600,\"height\":600},{\"@type\":\"BreadcrumbList\",\"@id\":\"https:\/\/seipuntozero-haircare.it\/pl\/prodotto\/hy-plex-n3-kuracja-wielofunkcyjna-do-wlosow-poddawanych-zabiegom-fryzjerskim\/#breadcrumb\",\"itemListElement\":[{\"@type\":\"ListItem\",\"position\":1,\"name\":\"Home\",\"item\":\"https:\/\/seipuntozero-haircare.it\/pl\/\"},{\"@type\":\"ListItem\",\"position\":2,\"name\":\"Prodotti\",\"item\":\"https:\/\/seipuntozero-haircare.it\/prodotti\/\"},{\"@type\":\"ListItem\",\"position\":3,\"name\":\"HY-PLEX N\u00b03 Kuracja wielofunkcyjna do w\u0142os\u00f3w poddawanych zabiegom fryzjerskim\"}]},{\"@type\":\"WebSite\",\"@id\":\"https:\/\/seipuntozero-haircare.it\/pl\/#website\",\"url\":\"https:\/\/seipuntozero-haircare.it\/pl\/\",\"name\":\"6.Zero\",\"description\":\"Essential Touch\",\"potentialAction\":[{\"@type\":\"SearchAction\",\"target\":{\"@type\":\"EntryPoint\",\"urlTemplate\":\"https:\/\/seipuntozero-haircare.it\/pl\/?s={search_term_string}\"},\"query-input\":{\"@type\":\"PropertyValueSpecification\",\"valueRequired\":true,\"valueName\":\"search_term_string\"}}],\"inLanguage\":\"pl-PL\"}]}<\/script>\n<!-- \/ Yoast SEO plugin. -->","yoast_head_json":{"title":"HY-PLEX N\u00b03 | Kuracja wielofunkcyjna do w\u0142os\u00f3w poddawanych zabiegom fryzjerskim","description":"HY-PLEX N\u00b03 to wielofunkcyjna emulsja do stosowania przed lub po umyciu w\u0142os\u00f3w szamponem, idealna, aby przed\u0142u\u017cy\u0107 efekty zabiegu HY-PLEX wykonanego w salonie.","robots":{"index":"index","follow":"follow","max-snippet":"max-snippet:-1","max-image-preview":"max-image-preview:large","max-video-preview":"max-video-preview:-1"},"canonical":"https:\/\/seipuntozero-haircare.it\/pl\/prodotto\/hy-plex-n3-kuracja-wielofunkcyjna-do-wlosow-poddawanych-zabiegom-fryzjerskim\/","og_locale":"pl_PL","og_type":"article","og_title":"HY-PLEX N\u00b03 | Kuracja wielofunkcyjna do w\u0142os\u00f3w poddawanych zabiegom fryzjerskim","og_description":"HY-PLEX N\u00b03 to wielofunkcyjna emulsja do stosowania przed lub po umyciu w\u0142os\u00f3w szamponem, idealna, aby przed\u0142u\u017cy\u0107 efekty zabiegu HY-PLEX wykonanego w salonie.","og_url":"https:\/\/seipuntozero-haircare.it\/pl\/prodotto\/hy-plex-n3-kuracja-wielofunkcyjna-do-wlosow-poddawanych-zabiegom-fryzjerskim\/","og_site_name":"6.Zero","article_modified_time":"2023-11-20T11:36:11+00:00","og_image":[{"width":600,"height":600,"url":"https:\/\/seipuntozero-haircare.it\/wp-content\/uploads\/2021\/12\/262984_sei_punto_zero_hy_plex_multifunctional_treatment_3_150ml.png","type":"image\/png"}],"twitter_card":"summary_large_image","twitter_misc":{"Szacowany czas czytania":"1 minuta"},"schema":{"@context":"https:\/\/schema.org","@graph":[{"@type":"WebPage","@id":"https:\/\/seipuntozero-haircare.it\/pl\/prodotto\/hy-plex-n3-kuracja-wielofunkcyjna-do-wlosow-poddawanych-zabiegom-fryzjerskim\/","url":"https:\/\/seipuntozero-haircare.it\/pl\/prodotto\/hy-plex-n3-kuracja-wielofunkcyjna-do-wlosow-poddawanych-zabiegom-fryzjerskim\/","name":"HY-PLEX N\u00b03 | Kuracja wielofunkcyjna do w\u0142os\u00f3w poddawanych zabiegom fryzjerskim","isPartOf":{"@id":"https:\/\/seipuntozero-haircare.it\/pl\/#website"},"primaryImageOfPage":{"@id":"https:\/\/seipuntozero-haircare.it\/pl\/prodotto\/hy-plex-n3-kuracja-wielofunkcyjna-do-wlosow-poddawanych-zabiegom-fryzjerskim\/#primaryimage"},"image":{"@id":"https:\/\/seipuntozero-haircare.it\/pl\/prodotto\/hy-plex-n3-kuracja-wielofunkcyjna-do-wlosow-poddawanych-zabiegom-fryzjerskim\/#primaryimage"},"thumbnailUrl":"https:\/\/seipuntozero-haircare.it\/wp-content\/uploads\/2021\/12\/262984_sei_punto_zero_hy_plex_multifunctional_treatment_3_150ml.png","datePublished":"2021-12-13T08:00:59+00:00","dateModified":"2023-11-20T11:36:11+00:00","description":"HY-PLEX N\u00b03 to wielofunkcyjna emulsja do stosowania przed lub po umyciu w\u0142os\u00f3w szamponem, idealna, aby przed\u0142u\u017cy\u0107 efekty zabiegu HY-PLEX wykonanego w salonie.","breadcrumb":{"@id":"https:\/\/seipuntozero-haircare.it\/pl\/prodotto\/hy-plex-n3-kuracja-wielofunkcyjna-do-wlosow-poddawanych-zabiegom-fryzjerskim\/#breadcrumb"},"inLanguage":"pl-PL","potentialAction":[{"@type":"ReadAction","target":["https:\/\/seipuntozero-haircare.it\/pl\/prodotto\/hy-plex-n3-kuracja-wielofunkcyjna-do-wlosow-poddawanych-zabiegom-fryzjerskim\/"]}]},{"@type":"ImageObject","inLanguage":"pl-PL","@id":"https:\/\/seipuntozero-haircare.it\/pl\/prodotto\/hy-plex-n3-kuracja-wielofunkcyjna-do-wlosow-poddawanych-zabiegom-fryzjerskim\/#primaryimage","url":"https:\/\/seipuntozero-haircare.it\/wp-content\/uploads\/2021\/12\/262984_sei_punto_zero_hy_plex_multifunctional_treatment_3_150ml.png","contentUrl":"https:\/\/seipuntozero-haircare.it\/wp-content\/uploads\/2021\/12\/262984_sei_punto_zero_hy_plex_multifunctional_treatment_3_150ml.png","width":600,"height":600},{"@type":"BreadcrumbList","@id":"https:\/\/seipuntozero-haircare.it\/pl\/prodotto\/hy-plex-n3-kuracja-wielofunkcyjna-do-wlosow-poddawanych-zabiegom-fryzjerskim\/#breadcrumb","itemListElement":[{"@type":"ListItem","position":1,"name":"Home","item":"https:\/\/seipuntozero-haircare.it\/pl\/"},{"@type":"ListItem","position":2,"name":"Prodotti","item":"https:\/\/seipuntozero-haircare.it\/prodotti\/"},{"@type":"ListItem","position":3,"name":"HY-PLEX N\u00b03 Kuracja wielofunkcyjna do w\u0142os\u00f3w poddawanych zabiegom fryzjerskim"}]},{"@type":"WebSite","@id":"https:\/\/seipuntozero-haircare.it\/pl\/#website","url":"https:\/\/seipuntozero-haircare.it\/pl\/","name":"6.Zero","description":"Essential Touch","potentialAction":[{"@type":"SearchAction","target":{"@type":"EntryPoint","urlTemplate":"https:\/\/seipuntozero-haircare.it\/pl\/?s={search_term_string}"},"query-input":{"@type":"PropertyValueSpecification","valueRequired":true,"valueName":"search_term_string"}}],"inLanguage":"pl-PL"}]}},"_links":{"self":[{"href":"https:\/\/seipuntozero-haircare.it\/pl\/wp-json\/wp\/v2\/product\/21931","targetHints":{"allow":["GET"]}}],"collection":[{"href":"https:\/\/seipuntozero-haircare.it\/pl\/wp-json\/wp\/v2\/product"}],"about":[{"href":"https:\/\/seipuntozero-haircare.it\/pl\/wp-json\/wp\/v2\/types\/product"}],"wp:featuredmedia":[{"embeddable":true,"href":"https:\/\/seipuntozero-haircare.it\/pl\/wp-json\/wp\/v2\/media\/24069"}],"wp:attachment":[{"href":"https:\/\/seipuntozero-haircare.it\/pl\/wp-json\/wp\/v2\/media?parent=21931"}],"wp:term":[{"taxonomy":"product_brand","embeddable":true,"href":"https:\/\/seipuntozero-haircare.it\/pl\/wp-json\/wp\/v2\/product_brand?post=21931"},{"taxonomy":"product_cat","embeddable":true,"href":"https:\/\/seipuntozero-haircare.it\/pl\/wp-json\/wp\/v2\/product_cat?post=21931"},{"taxonomy":"product_tag","embeddable":true,"href":"https:\/\/seipuntozero-haircare.it\/pl\/wp-json\/wp\/v2\/product_tag?post=21931"}],"curies":[{"name":"wp","href":"https:\/\/api.w.org\/{rel}","templated":true}]}}