{"id":21930,"date":"2021-12-13T09:00:48","date_gmt":"2021-12-13T08:00:48","guid":{"rendered":"https:\/\/seipuntozero-haircare.it\/prodotto\/hy-plex-n2-maska-wzmacniajaca-po-zabiegu\/"},"modified":"2023-11-20T12:32:23","modified_gmt":"2023-11-20T11:32:23","slug":"hy-plex-n2-maska-wzmacniajaca-po-zabiegu","status":"publish","type":"product","link":"https:\/\/seipuntozero-haircare.it\/pl\/prodotto\/hy-plex-n2-maska-wzmacniajaca-po-zabiegu\/","title":{"rendered":"HY-PLEX N\u00b02 <br> Maska wzmacniaj\u0105ca po zabiegu"},"content":{"rendered":"<ul>\n<li style=\"font-weight: 400;\" aria-level=\"1\"><span style=\"font-weight: 400;\">Poprawia tekstur\u0119 w\u0142os\u00f3w<\/span><\/li>\n<li style=\"font-weight: 400;\" aria-level=\"1\"><span style=\"font-weight: 400;\">Dzia\u0142a ochronnie na struktur\u0119 w\u0142osa<\/span><\/li>\n<li style=\"font-weight: 400;\" aria-level=\"1\"><span style=\"font-weight: 400;\">Technologia HP2 chroni wi\u0105zania keratynowe<\/span><\/li>\n<li style=\"font-weight: 400;\" aria-level=\"1\"><span style=\"font-weight: 400;\">Pozwala odbudowa\u0107 struktur\u0119 i kondycj\u0119 w\u0142os\u00f3w<\/span><\/li>\n<\/ul>\n","protected":false},"excerpt":{"rendered":"<p><span style=\"font-weight: 400;\">HY-PLEX N\u00b02 to maska wzmacniaj\u0105ca, kt\u00f3ra uzupe\u0142nia dzia\u0142anie produktu HY-PLEX N\u00b01, pomagaj\u0105c zregenerowa\u0107 i wzmocni\u0107 w\u0142osy od wewn\u0105trz po koloryzacji, dekoloryzacji i trwa\u0142ej ondulacji. Technologia stoj\u0105ca za HY-PLEX wykorzystuje dzia\u0142anie wyj\u0105tkowych sk\u0142adnik\u00f3w chemicznych, kt\u00f3re wspomagaj\u0105 ochron\u0119 wewn\u0119trznej struktury w\u0142os\u00f3w i poprawiaj\u0105 ich odporno\u015b\u0107.<\/span><\/p>\n<p><span style=\"font-weight: 400;\">\u00a0<\/span><span style=\"font-weight: 400;\">Pojemno\u015b\u0107 500 ml<\/span><\/p>\n","protected":false},"featured_media":21525,"template":"","meta":[],"product_brand":[],"product_cat":[1219],"product_tag":[],"class_list":["post-21930","product","type-product","status-publish","has-post-thumbnail","hentry","product_cat-hy-plex-pl"],"yoast_head":"<!-- This site is optimized with the Yoast SEO plugin v27.1.1 - https:\/\/yoast.com\/product\/yoast-seo-wordpress\/ -->\n<title>HY-PLEX N\u00b02 | Maska wzmacniaj\u0105ca po zabiegu<\/title>\n<meta name=\"description\" content=\"HY-PLEX N\u00b02 to maska wzmacniaj\u0105ca, kt\u00f3ra uzupe\u0142nia dzia\u0142anie produktu HY-PLEX N\u00b01, pomagaj\u0105c zregenerowa\u0107 i wzmocni\u0107 w\u0142osy od wewn\u0105trz po koloryzacji, dekoloryzacji i trwa\u0142ej ondulacji.\" \/>\n<meta name=\"robots\" content=\"index, follow, max-snippet:-1, max-image-preview:large, max-video-preview:-1\" \/>\n<link rel=\"canonical\" href=\"https:\/\/seipuntozero-haircare.it\/pl\/prodotto\/hy-plex-n2-maska-wzmacniajaca-po-zabiegu\/\" \/>\n<meta property=\"og:locale\" content=\"pl_PL\" \/>\n<meta property=\"og:type\" content=\"article\" \/>\n<meta property=\"og:title\" content=\"HY-PLEX N\u00b02 | Maska wzmacniaj\u0105ca po zabiegu\" \/>\n<meta property=\"og:description\" content=\"HY-PLEX N\u00b02 to maska wzmacniaj\u0105ca, kt\u00f3ra uzupe\u0142nia dzia\u0142anie produktu HY-PLEX N\u00b01, pomagaj\u0105c zregenerowa\u0107 i wzmocni\u0107 w\u0142osy od wewn\u0105trz po koloryzacji, dekoloryzacji i trwa\u0142ej ondulacji.\" \/>\n<meta property=\"og:url\" content=\"https:\/\/seipuntozero-haircare.it\/pl\/prodotto\/hy-plex-n2-maska-wzmacniajaca-po-zabiegu\/\" \/>\n<meta property=\"og:site_name\" content=\"6.Zero\" \/>\n<meta property=\"article:modified_time\" content=\"2023-11-20T11:32:23+00:00\" \/>\n<meta property=\"og:image\" content=\"https:\/\/seipuntozero-haircare.it\/wp-content\/uploads\/2021\/11\/262977_sei_punto_zero_hy_plex_mask_2_500ml.png\" \/>\n\t<meta property=\"og:image:width\" content=\"600\" \/>\n\t<meta property=\"og:image:height\" content=\"600\" \/>\n\t<meta property=\"og:image:type\" content=\"image\/png\" \/>\n<meta name=\"twitter:card\" content=\"summary_large_image\" \/>\n<meta name=\"twitter:label1\" content=\"Szacowany czas czytania\" \/>\n\t<meta name=\"twitter:data1\" content=\"1 minuta\" \/>\n<script type=\"application\/ld+json\" class=\"yoast-schema-graph\">{\"@context\":\"https:\/\/schema.org\",\"@graph\":[{\"@type\":\"WebPage\",\"@id\":\"https:\/\/seipuntozero-haircare.it\/pl\/prodotto\/hy-plex-n2-maska-wzmacniajaca-po-zabiegu\/\",\"url\":\"https:\/\/seipuntozero-haircare.it\/pl\/prodotto\/hy-plex-n2-maska-wzmacniajaca-po-zabiegu\/\",\"name\":\"HY-PLEX N\u00b02 | Maska wzmacniaj\u0105ca po zabiegu\",\"isPartOf\":{\"@id\":\"https:\/\/seipuntozero-haircare.it\/pl\/#website\"},\"primaryImageOfPage\":{\"@id\":\"https:\/\/seipuntozero-haircare.it\/pl\/prodotto\/hy-plex-n2-maska-wzmacniajaca-po-zabiegu\/#primaryimage\"},\"image\":{\"@id\":\"https:\/\/seipuntozero-haircare.it\/pl\/prodotto\/hy-plex-n2-maska-wzmacniajaca-po-zabiegu\/#primaryimage\"},\"thumbnailUrl\":\"https:\/\/seipuntozero-haircare.it\/wp-content\/uploads\/2021\/11\/262977_sei_punto_zero_hy_plex_mask_2_500ml.png\",\"datePublished\":\"2021-12-13T08:00:48+00:00\",\"dateModified\":\"2023-11-20T11:32:23+00:00\",\"description\":\"HY-PLEX N\u00b02 to maska wzmacniaj\u0105ca, kt\u00f3ra uzupe\u0142nia dzia\u0142anie produktu HY-PLEX N\u00b01, pomagaj\u0105c zregenerowa\u0107 i wzmocni\u0107 w\u0142osy od wewn\u0105trz po koloryzacji, dekoloryzacji i trwa\u0142ej ondulacji.\",\"breadcrumb\":{\"@id\":\"https:\/\/seipuntozero-haircare.it\/pl\/prodotto\/hy-plex-n2-maska-wzmacniajaca-po-zabiegu\/#breadcrumb\"},\"inLanguage\":\"pl-PL\",\"potentialAction\":[{\"@type\":\"ReadAction\",\"target\":[\"https:\/\/seipuntozero-haircare.it\/pl\/prodotto\/hy-plex-n2-maska-wzmacniajaca-po-zabiegu\/\"]}]},{\"@type\":\"ImageObject\",\"inLanguage\":\"pl-PL\",\"@id\":\"https:\/\/seipuntozero-haircare.it\/pl\/prodotto\/hy-plex-n2-maska-wzmacniajaca-po-zabiegu\/#primaryimage\",\"url\":\"https:\/\/seipuntozero-haircare.it\/wp-content\/uploads\/2021\/11\/262977_sei_punto_zero_hy_plex_mask_2_500ml.png\",\"contentUrl\":\"https:\/\/seipuntozero-haircare.it\/wp-content\/uploads\/2021\/11\/262977_sei_punto_zero_hy_plex_mask_2_500ml.png\",\"width\":600,\"height\":600},{\"@type\":\"BreadcrumbList\",\"@id\":\"https:\/\/seipuntozero-haircare.it\/pl\/prodotto\/hy-plex-n2-maska-wzmacniajaca-po-zabiegu\/#breadcrumb\",\"itemListElement\":[{\"@type\":\"ListItem\",\"position\":1,\"name\":\"Home\",\"item\":\"https:\/\/seipuntozero-haircare.it\/pl\/\"},{\"@type\":\"ListItem\",\"position\":2,\"name\":\"Prodotti\",\"item\":\"https:\/\/seipuntozero-haircare.it\/prodotti\/\"},{\"@type\":\"ListItem\",\"position\":3,\"name\":\"HY-PLEX N\u00b02 Maska wzmacniaj\u0105ca po zabiegu\"}]},{\"@type\":\"WebSite\",\"@id\":\"https:\/\/seipuntozero-haircare.it\/pl\/#website\",\"url\":\"https:\/\/seipuntozero-haircare.it\/pl\/\",\"name\":\"6.Zero\",\"description\":\"Essential Touch\",\"potentialAction\":[{\"@type\":\"SearchAction\",\"target\":{\"@type\":\"EntryPoint\",\"urlTemplate\":\"https:\/\/seipuntozero-haircare.it\/pl\/?s={search_term_string}\"},\"query-input\":{\"@type\":\"PropertyValueSpecification\",\"valueRequired\":true,\"valueName\":\"search_term_string\"}}],\"inLanguage\":\"pl-PL\"}]}<\/script>\n<!-- \/ Yoast SEO plugin. -->","yoast_head_json":{"title":"HY-PLEX N\u00b02 | Maska wzmacniaj\u0105ca po zabiegu","description":"HY-PLEX N\u00b02 to maska wzmacniaj\u0105ca, kt\u00f3ra uzupe\u0142nia dzia\u0142anie produktu HY-PLEX N\u00b01, pomagaj\u0105c zregenerowa\u0107 i wzmocni\u0107 w\u0142osy od wewn\u0105trz po koloryzacji, dekoloryzacji i trwa\u0142ej ondulacji.","robots":{"index":"index","follow":"follow","max-snippet":"max-snippet:-1","max-image-preview":"max-image-preview:large","max-video-preview":"max-video-preview:-1"},"canonical":"https:\/\/seipuntozero-haircare.it\/pl\/prodotto\/hy-plex-n2-maska-wzmacniajaca-po-zabiegu\/","og_locale":"pl_PL","og_type":"article","og_title":"HY-PLEX N\u00b02 | Maska wzmacniaj\u0105ca po zabiegu","og_description":"HY-PLEX N\u00b02 to maska wzmacniaj\u0105ca, kt\u00f3ra uzupe\u0142nia dzia\u0142anie produktu HY-PLEX N\u00b01, pomagaj\u0105c zregenerowa\u0107 i wzmocni\u0107 w\u0142osy od wewn\u0105trz po koloryzacji, dekoloryzacji i trwa\u0142ej ondulacji.","og_url":"https:\/\/seipuntozero-haircare.it\/pl\/prodotto\/hy-plex-n2-maska-wzmacniajaca-po-zabiegu\/","og_site_name":"6.Zero","article_modified_time":"2023-11-20T11:32:23+00:00","og_image":[{"width":600,"height":600,"url":"https:\/\/seipuntozero-haircare.it\/wp-content\/uploads\/2021\/11\/262977_sei_punto_zero_hy_plex_mask_2_500ml.png","type":"image\/png"}],"twitter_card":"summary_large_image","twitter_misc":{"Szacowany czas czytania":"1 minuta"},"schema":{"@context":"https:\/\/schema.org","@graph":[{"@type":"WebPage","@id":"https:\/\/seipuntozero-haircare.it\/pl\/prodotto\/hy-plex-n2-maska-wzmacniajaca-po-zabiegu\/","url":"https:\/\/seipuntozero-haircare.it\/pl\/prodotto\/hy-plex-n2-maska-wzmacniajaca-po-zabiegu\/","name":"HY-PLEX N\u00b02 | Maska wzmacniaj\u0105ca po zabiegu","isPartOf":{"@id":"https:\/\/seipuntozero-haircare.it\/pl\/#website"},"primaryImageOfPage":{"@id":"https:\/\/seipuntozero-haircare.it\/pl\/prodotto\/hy-plex-n2-maska-wzmacniajaca-po-zabiegu\/#primaryimage"},"image":{"@id":"https:\/\/seipuntozero-haircare.it\/pl\/prodotto\/hy-plex-n2-maska-wzmacniajaca-po-zabiegu\/#primaryimage"},"thumbnailUrl":"https:\/\/seipuntozero-haircare.it\/wp-content\/uploads\/2021\/11\/262977_sei_punto_zero_hy_plex_mask_2_500ml.png","datePublished":"2021-12-13T08:00:48+00:00","dateModified":"2023-11-20T11:32:23+00:00","description":"HY-PLEX N\u00b02 to maska wzmacniaj\u0105ca, kt\u00f3ra uzupe\u0142nia dzia\u0142anie produktu HY-PLEX N\u00b01, pomagaj\u0105c zregenerowa\u0107 i wzmocni\u0107 w\u0142osy od wewn\u0105trz po koloryzacji, dekoloryzacji i trwa\u0142ej ondulacji.","breadcrumb":{"@id":"https:\/\/seipuntozero-haircare.it\/pl\/prodotto\/hy-plex-n2-maska-wzmacniajaca-po-zabiegu\/#breadcrumb"},"inLanguage":"pl-PL","potentialAction":[{"@type":"ReadAction","target":["https:\/\/seipuntozero-haircare.it\/pl\/prodotto\/hy-plex-n2-maska-wzmacniajaca-po-zabiegu\/"]}]},{"@type":"ImageObject","inLanguage":"pl-PL","@id":"https:\/\/seipuntozero-haircare.it\/pl\/prodotto\/hy-plex-n2-maska-wzmacniajaca-po-zabiegu\/#primaryimage","url":"https:\/\/seipuntozero-haircare.it\/wp-content\/uploads\/2021\/11\/262977_sei_punto_zero_hy_plex_mask_2_500ml.png","contentUrl":"https:\/\/seipuntozero-haircare.it\/wp-content\/uploads\/2021\/11\/262977_sei_punto_zero_hy_plex_mask_2_500ml.png","width":600,"height":600},{"@type":"BreadcrumbList","@id":"https:\/\/seipuntozero-haircare.it\/pl\/prodotto\/hy-plex-n2-maska-wzmacniajaca-po-zabiegu\/#breadcrumb","itemListElement":[{"@type":"ListItem","position":1,"name":"Home","item":"https:\/\/seipuntozero-haircare.it\/pl\/"},{"@type":"ListItem","position":2,"name":"Prodotti","item":"https:\/\/seipuntozero-haircare.it\/prodotti\/"},{"@type":"ListItem","position":3,"name":"HY-PLEX N\u00b02 Maska wzmacniaj\u0105ca po zabiegu"}]},{"@type":"WebSite","@id":"https:\/\/seipuntozero-haircare.it\/pl\/#website","url":"https:\/\/seipuntozero-haircare.it\/pl\/","name":"6.Zero","description":"Essential Touch","potentialAction":[{"@type":"SearchAction","target":{"@type":"EntryPoint","urlTemplate":"https:\/\/seipuntozero-haircare.it\/pl\/?s={search_term_string}"},"query-input":{"@type":"PropertyValueSpecification","valueRequired":true,"valueName":"search_term_string"}}],"inLanguage":"pl-PL"}]}},"_links":{"self":[{"href":"https:\/\/seipuntozero-haircare.it\/pl\/wp-json\/wp\/v2\/product\/21930","targetHints":{"allow":["GET"]}}],"collection":[{"href":"https:\/\/seipuntozero-haircare.it\/pl\/wp-json\/wp\/v2\/product"}],"about":[{"href":"https:\/\/seipuntozero-haircare.it\/pl\/wp-json\/wp\/v2\/types\/product"}],"wp:featuredmedia":[{"embeddable":true,"href":"https:\/\/seipuntozero-haircare.it\/pl\/wp-json\/wp\/v2\/media\/21525"}],"wp:attachment":[{"href":"https:\/\/seipuntozero-haircare.it\/pl\/wp-json\/wp\/v2\/media?parent=21930"}],"wp:term":[{"taxonomy":"product_brand","embeddable":true,"href":"https:\/\/seipuntozero-haircare.it\/pl\/wp-json\/wp\/v2\/product_brand?post=21930"},{"taxonomy":"product_cat","embeddable":true,"href":"https:\/\/seipuntozero-haircare.it\/pl\/wp-json\/wp\/v2\/product_cat?post=21930"},{"taxonomy":"product_tag","embeddable":true,"href":"https:\/\/seipuntozero-haircare.it\/pl\/wp-json\/wp\/v2\/product_tag?post=21930"}],"curies":[{"name":"wp","href":"https:\/\/api.w.org\/{rel}","templated":true}]}}