{"id":21929,"date":"2021-12-13T09:00:54","date_gmt":"2021-12-13T08:00:54","guid":{"rendered":"https:\/\/seipuntozero-haircare.it\/prodotto\/hy-plex-n1-dodatek-ochronny-do-uslug-technicznych\/"},"modified":"2023-11-20T12:28:11","modified_gmt":"2023-11-20T11:28:11","slug":"hy-plex-n1-dodatek-ochronny-do-uslug-technicznych","status":"publish","type":"product","link":"https:\/\/seipuntozero-haircare.it\/pl\/prodotto\/hy-plex-n1-dodatek-ochronny-do-uslug-technicznych\/","title":{"rendered":"HY-PLEX N\u00b01 <br> Dodatek ochronny do us\u0142ug technicznych"},"content":{"rendered":"<ul>\n<li style=\"font-weight: 400;\" aria-level=\"1\"><span style=\"font-weight: 400;\">Pomaga chroni\u0107 w\u0142osy przed agresywnymi zabiegami chemicznymi<\/span><\/li>\n<li style=\"font-weight: 400;\" aria-level=\"1\"><span style=\"font-weight: 400;\">Uodparnia w\u0142osy i uszczelnia ich najbardziej zewn\u0119trzn\u0105 cz\u0119\u015b\u0107\u00a0<\/span><\/li>\n<li style=\"font-weight: 400;\" aria-level=\"1\"><span style=\"font-weight: 400;\">Wzmacnia w\u0142\u00f3kno w\u0142osa<\/span><\/li>\n<li style=\"font-weight: 400;\" aria-level=\"1\"><span style=\"font-weight: 400;\">Pozostawia w\u0142osy mi\u0119kkie i b\u0142yszcz\u0105ce<\/span><\/li>\n<\/ul>\n","protected":false},"excerpt":{"rendered":"<p><span style=\"font-weight: 400;\">Mocne i chronione w\u0142osy dzi\u0119ki HY-PLEX N\u00b01: p\u0142yn ochronny, kt\u00f3ry dodaje si\u0119 do produktu technicznego w celu przeprowadzenia koloryzacji, dekoloryzacji lub trwa\u0142ej ondulacji. Pierwszy krok HY-PLEX przywraca w\u0142osom witalno\u015b\u0107 i obj\u0119to\u015b\u0107 oraz poprawia efekt kosmetyczny zabiegu technicznego. Rewolucyjna HP2-Technology dzia\u0142a na w\u0142\u00f3kno w\u0142osa i pomaga zachowa\u0107 wewn\u0119trzne wi\u0105zania, zapobiegaj\u0105c \u0142amaniu si\u0119 w\u0142os\u00f3w.<\/span><\/p>\n<p><span style=\"font-weight: 400;\">\u00a0<\/span><\/p>\n<p><span style=\"font-weight: 400;\">Pojemno\u015b\u0107 500 ml<\/span><\/p>\n","protected":false},"featured_media":21526,"template":"","meta":[],"product_brand":[],"product_cat":[1219],"product_tag":[],"class_list":["post-21929","product","type-product","status-publish","has-post-thumbnail","hentry","product_cat-hy-plex-pl"],"yoast_head":"<!-- This site is optimized with the Yoast SEO plugin v27.1.1 - https:\/\/yoast.com\/product\/yoast-seo-wordpress\/ -->\n<title>HY-PLEX N\u00b01 | Dodatek ochronny do us\u0142ug technicznych<\/title>\n<meta name=\"description\" content=\"Mocne i chronione w\u0142osy dzi\u0119ki HY-PLEX N\u00b01: p\u0142yn ochronny, kt\u00f3ry dodaje si\u0119 do produktu technicznego w celu przeprowadzenia koloryzacji, dekoloryzacji lub trwa\u0142ej ondulacji.\" \/>\n<meta name=\"robots\" content=\"index, follow, max-snippet:-1, max-image-preview:large, max-video-preview:-1\" \/>\n<link rel=\"canonical\" href=\"https:\/\/seipuntozero-haircare.it\/pl\/prodotto\/hy-plex-n1-dodatek-ochronny-do-uslug-technicznych\/\" \/>\n<meta property=\"og:locale\" content=\"pl_PL\" \/>\n<meta property=\"og:type\" content=\"article\" \/>\n<meta property=\"og:title\" content=\"HY-PLEX N\u00b01 | Dodatek ochronny do us\u0142ug technicznych\" \/>\n<meta property=\"og:description\" content=\"Mocne i chronione w\u0142osy dzi\u0119ki HY-PLEX N\u00b01: p\u0142yn ochronny, kt\u00f3ry dodaje si\u0119 do produktu technicznego w celu przeprowadzenia koloryzacji, dekoloryzacji lub trwa\u0142ej ondulacji.\" \/>\n<meta property=\"og:url\" content=\"https:\/\/seipuntozero-haircare.it\/pl\/prodotto\/hy-plex-n1-dodatek-ochronny-do-uslug-technicznych\/\" \/>\n<meta property=\"og:site_name\" content=\"6.Zero\" \/>\n<meta property=\"article:modified_time\" content=\"2023-11-20T11:28:11+00:00\" \/>\n<meta property=\"og:image\" content=\"https:\/\/seipuntozero-haircare.it\/wp-content\/uploads\/2021\/11\/262960_sei_punto_zero_hy_plex_defense_additive_1_500ml.png\" \/>\n\t<meta property=\"og:image:width\" content=\"600\" \/>\n\t<meta property=\"og:image:height\" content=\"600\" \/>\n\t<meta property=\"og:image:type\" content=\"image\/png\" \/>\n<meta name=\"twitter:card\" content=\"summary_large_image\" \/>\n<meta name=\"twitter:label1\" content=\"Szacowany czas czytania\" \/>\n\t<meta name=\"twitter:data1\" content=\"1 minuta\" \/>\n<script type=\"application\/ld+json\" class=\"yoast-schema-graph\">{\"@context\":\"https:\/\/schema.org\",\"@graph\":[{\"@type\":\"WebPage\",\"@id\":\"https:\/\/seipuntozero-haircare.it\/pl\/prodotto\/hy-plex-n1-dodatek-ochronny-do-uslug-technicznych\/\",\"url\":\"https:\/\/seipuntozero-haircare.it\/pl\/prodotto\/hy-plex-n1-dodatek-ochronny-do-uslug-technicznych\/\",\"name\":\"HY-PLEX N\u00b01 | Dodatek ochronny do us\u0142ug technicznych\",\"isPartOf\":{\"@id\":\"https:\/\/seipuntozero-haircare.it\/pl\/#website\"},\"primaryImageOfPage\":{\"@id\":\"https:\/\/seipuntozero-haircare.it\/pl\/prodotto\/hy-plex-n1-dodatek-ochronny-do-uslug-technicznych\/#primaryimage\"},\"image\":{\"@id\":\"https:\/\/seipuntozero-haircare.it\/pl\/prodotto\/hy-plex-n1-dodatek-ochronny-do-uslug-technicznych\/#primaryimage\"},\"thumbnailUrl\":\"https:\/\/seipuntozero-haircare.it\/wp-content\/uploads\/2021\/11\/262960_sei_punto_zero_hy_plex_defense_additive_1_500ml.png\",\"datePublished\":\"2021-12-13T08:00:54+00:00\",\"dateModified\":\"2023-11-20T11:28:11+00:00\",\"description\":\"Mocne i chronione w\u0142osy dzi\u0119ki HY-PLEX N\u00b01: p\u0142yn ochronny, kt\u00f3ry dodaje si\u0119 do produktu technicznego w celu przeprowadzenia koloryzacji, dekoloryzacji lub trwa\u0142ej ondulacji.\",\"breadcrumb\":{\"@id\":\"https:\/\/seipuntozero-haircare.it\/pl\/prodotto\/hy-plex-n1-dodatek-ochronny-do-uslug-technicznych\/#breadcrumb\"},\"inLanguage\":\"pl-PL\",\"potentialAction\":[{\"@type\":\"ReadAction\",\"target\":[\"https:\/\/seipuntozero-haircare.it\/pl\/prodotto\/hy-plex-n1-dodatek-ochronny-do-uslug-technicznych\/\"]}]},{\"@type\":\"ImageObject\",\"inLanguage\":\"pl-PL\",\"@id\":\"https:\/\/seipuntozero-haircare.it\/pl\/prodotto\/hy-plex-n1-dodatek-ochronny-do-uslug-technicznych\/#primaryimage\",\"url\":\"https:\/\/seipuntozero-haircare.it\/wp-content\/uploads\/2021\/11\/262960_sei_punto_zero_hy_plex_defense_additive_1_500ml.png\",\"contentUrl\":\"https:\/\/seipuntozero-haircare.it\/wp-content\/uploads\/2021\/11\/262960_sei_punto_zero_hy_plex_defense_additive_1_500ml.png\",\"width\":600,\"height\":600},{\"@type\":\"BreadcrumbList\",\"@id\":\"https:\/\/seipuntozero-haircare.it\/pl\/prodotto\/hy-plex-n1-dodatek-ochronny-do-uslug-technicznych\/#breadcrumb\",\"itemListElement\":[{\"@type\":\"ListItem\",\"position\":1,\"name\":\"Home\",\"item\":\"https:\/\/seipuntozero-haircare.it\/pl\/\"},{\"@type\":\"ListItem\",\"position\":2,\"name\":\"Prodotti\",\"item\":\"https:\/\/seipuntozero-haircare.it\/prodotti\/\"},{\"@type\":\"ListItem\",\"position\":3,\"name\":\"HY-PLEX N\u00b01 Dodatek ochronny do us\u0142ug technicznych\"}]},{\"@type\":\"WebSite\",\"@id\":\"https:\/\/seipuntozero-haircare.it\/pl\/#website\",\"url\":\"https:\/\/seipuntozero-haircare.it\/pl\/\",\"name\":\"6.Zero\",\"description\":\"Essential Touch\",\"potentialAction\":[{\"@type\":\"SearchAction\",\"target\":{\"@type\":\"EntryPoint\",\"urlTemplate\":\"https:\/\/seipuntozero-haircare.it\/pl\/?s={search_term_string}\"},\"query-input\":{\"@type\":\"PropertyValueSpecification\",\"valueRequired\":true,\"valueName\":\"search_term_string\"}}],\"inLanguage\":\"pl-PL\"}]}<\/script>\n<!-- \/ Yoast SEO plugin. -->","yoast_head_json":{"title":"HY-PLEX N\u00b01 | Dodatek ochronny do us\u0142ug technicznych","description":"Mocne i chronione w\u0142osy dzi\u0119ki HY-PLEX N\u00b01: p\u0142yn ochronny, kt\u00f3ry dodaje si\u0119 do produktu technicznego w celu przeprowadzenia koloryzacji, dekoloryzacji lub trwa\u0142ej ondulacji.","robots":{"index":"index","follow":"follow","max-snippet":"max-snippet:-1","max-image-preview":"max-image-preview:large","max-video-preview":"max-video-preview:-1"},"canonical":"https:\/\/seipuntozero-haircare.it\/pl\/prodotto\/hy-plex-n1-dodatek-ochronny-do-uslug-technicznych\/","og_locale":"pl_PL","og_type":"article","og_title":"HY-PLEX N\u00b01 | Dodatek ochronny do us\u0142ug technicznych","og_description":"Mocne i chronione w\u0142osy dzi\u0119ki HY-PLEX N\u00b01: p\u0142yn ochronny, kt\u00f3ry dodaje si\u0119 do produktu technicznego w celu przeprowadzenia koloryzacji, dekoloryzacji lub trwa\u0142ej ondulacji.","og_url":"https:\/\/seipuntozero-haircare.it\/pl\/prodotto\/hy-plex-n1-dodatek-ochronny-do-uslug-technicznych\/","og_site_name":"6.Zero","article_modified_time":"2023-11-20T11:28:11+00:00","og_image":[{"width":600,"height":600,"url":"https:\/\/seipuntozero-haircare.it\/wp-content\/uploads\/2021\/11\/262960_sei_punto_zero_hy_plex_defense_additive_1_500ml.png","type":"image\/png"}],"twitter_card":"summary_large_image","twitter_misc":{"Szacowany czas czytania":"1 minuta"},"schema":{"@context":"https:\/\/schema.org","@graph":[{"@type":"WebPage","@id":"https:\/\/seipuntozero-haircare.it\/pl\/prodotto\/hy-plex-n1-dodatek-ochronny-do-uslug-technicznych\/","url":"https:\/\/seipuntozero-haircare.it\/pl\/prodotto\/hy-plex-n1-dodatek-ochronny-do-uslug-technicznych\/","name":"HY-PLEX N\u00b01 | Dodatek ochronny do us\u0142ug technicznych","isPartOf":{"@id":"https:\/\/seipuntozero-haircare.it\/pl\/#website"},"primaryImageOfPage":{"@id":"https:\/\/seipuntozero-haircare.it\/pl\/prodotto\/hy-plex-n1-dodatek-ochronny-do-uslug-technicznych\/#primaryimage"},"image":{"@id":"https:\/\/seipuntozero-haircare.it\/pl\/prodotto\/hy-plex-n1-dodatek-ochronny-do-uslug-technicznych\/#primaryimage"},"thumbnailUrl":"https:\/\/seipuntozero-haircare.it\/wp-content\/uploads\/2021\/11\/262960_sei_punto_zero_hy_plex_defense_additive_1_500ml.png","datePublished":"2021-12-13T08:00:54+00:00","dateModified":"2023-11-20T11:28:11+00:00","description":"Mocne i chronione w\u0142osy dzi\u0119ki HY-PLEX N\u00b01: p\u0142yn ochronny, kt\u00f3ry dodaje si\u0119 do produktu technicznego w celu przeprowadzenia koloryzacji, dekoloryzacji lub trwa\u0142ej ondulacji.","breadcrumb":{"@id":"https:\/\/seipuntozero-haircare.it\/pl\/prodotto\/hy-plex-n1-dodatek-ochronny-do-uslug-technicznych\/#breadcrumb"},"inLanguage":"pl-PL","potentialAction":[{"@type":"ReadAction","target":["https:\/\/seipuntozero-haircare.it\/pl\/prodotto\/hy-plex-n1-dodatek-ochronny-do-uslug-technicznych\/"]}]},{"@type":"ImageObject","inLanguage":"pl-PL","@id":"https:\/\/seipuntozero-haircare.it\/pl\/prodotto\/hy-plex-n1-dodatek-ochronny-do-uslug-technicznych\/#primaryimage","url":"https:\/\/seipuntozero-haircare.it\/wp-content\/uploads\/2021\/11\/262960_sei_punto_zero_hy_plex_defense_additive_1_500ml.png","contentUrl":"https:\/\/seipuntozero-haircare.it\/wp-content\/uploads\/2021\/11\/262960_sei_punto_zero_hy_plex_defense_additive_1_500ml.png","width":600,"height":600},{"@type":"BreadcrumbList","@id":"https:\/\/seipuntozero-haircare.it\/pl\/prodotto\/hy-plex-n1-dodatek-ochronny-do-uslug-technicznych\/#breadcrumb","itemListElement":[{"@type":"ListItem","position":1,"name":"Home","item":"https:\/\/seipuntozero-haircare.it\/pl\/"},{"@type":"ListItem","position":2,"name":"Prodotti","item":"https:\/\/seipuntozero-haircare.it\/prodotti\/"},{"@type":"ListItem","position":3,"name":"HY-PLEX N\u00b01 Dodatek ochronny do us\u0142ug technicznych"}]},{"@type":"WebSite","@id":"https:\/\/seipuntozero-haircare.it\/pl\/#website","url":"https:\/\/seipuntozero-haircare.it\/pl\/","name":"6.Zero","description":"Essential Touch","potentialAction":[{"@type":"SearchAction","target":{"@type":"EntryPoint","urlTemplate":"https:\/\/seipuntozero-haircare.it\/pl\/?s={search_term_string}"},"query-input":{"@type":"PropertyValueSpecification","valueRequired":true,"valueName":"search_term_string"}}],"inLanguage":"pl-PL"}]}},"_links":{"self":[{"href":"https:\/\/seipuntozero-haircare.it\/pl\/wp-json\/wp\/v2\/product\/21929","targetHints":{"allow":["GET"]}}],"collection":[{"href":"https:\/\/seipuntozero-haircare.it\/pl\/wp-json\/wp\/v2\/product"}],"about":[{"href":"https:\/\/seipuntozero-haircare.it\/pl\/wp-json\/wp\/v2\/types\/product"}],"wp:featuredmedia":[{"embeddable":true,"href":"https:\/\/seipuntozero-haircare.it\/pl\/wp-json\/wp\/v2\/media\/21526"}],"wp:attachment":[{"href":"https:\/\/seipuntozero-haircare.it\/pl\/wp-json\/wp\/v2\/media?parent=21929"}],"wp:term":[{"taxonomy":"product_brand","embeddable":true,"href":"https:\/\/seipuntozero-haircare.it\/pl\/wp-json\/wp\/v2\/product_brand?post=21929"},{"taxonomy":"product_cat","embeddable":true,"href":"https:\/\/seipuntozero-haircare.it\/pl\/wp-json\/wp\/v2\/product_cat?post=21929"},{"taxonomy":"product_tag","embeddable":true,"href":"https:\/\/seipuntozero-haircare.it\/pl\/wp-json\/wp\/v2\/product_tag?post=21929"}],"curies":[{"name":"wp","href":"https:\/\/api.w.org\/{rel}","templated":true}]}}