{"id":21927,"date":"2021-05-24T09:00:57","date_gmt":"2021-05-24T07:00:57","guid":{"rendered":"https:\/\/seipuntozero-haircare.it\/prodotto\/take-over-sun-deluxe-ochronno-rozswietlajaca-maska-po-opalaniu\/"},"modified":"2023-11-20T09:43:46","modified_gmt":"2023-11-20T08:43:46","slug":"take-over-sun-deluxe-ochronno-rozswietlajaca-maska-po-opalaniu","status":"publish","type":"product","link":"https:\/\/seipuntozero-haircare.it\/pl\/prodotto\/take-over-sun-deluxe-ochronno-rozswietlajaca-maska-po-opalaniu\/","title":{"rendered":"TAKE OVER &#8211; SUN DELUXE <br> Ochronno-roz\u015bwietlaj\u0105ca maska po opalaniu"},"content":{"rendered":"<ul>\n<li style=\"font-weight: 400;\" aria-level=\"1\"><span style=\"font-weight: 400;\">Nadaje w\u0142osom witalno\u015b\u0107 i blask<\/span><\/li>\n<li style=\"font-weight: 400;\" aria-level=\"1\"><span style=\"font-weight: 400;\">Zapobiega wysuszeniu i sucho\u015bci wynikaj\u0105cym z ekspozycji na promienie UV, s\u00f3l i chlor<\/span><\/li>\n<li style=\"font-weight: 400;\" aria-level=\"1\"><span style=\"font-weight: 400;\">Sprawia, \u017ce w\u0142osy s\u0105 jedwabiste i \u0142atwe w rozczesywaniu<\/span><\/li>\n<\/ul>\n","protected":false},"excerpt":{"rendered":"<p><span style=\"font-weight: 400;\">Take Over Sun Deluxe, ochronno-roz\u015bwietlaj\u0105ca maska po opalaniu. Delikatnie od\u017cywia oraz nawil\u017ca sk\u00f3r\u0119 i w\u0142osy, przeciwdzia\u0142aj\u0105c efektowi wysuszenia wynikaj\u0105cy z ekspozycji na \u015bwiat\u0142o s\u0142oneczne, s\u00f3l i chlor. Wzbogacona olejkiem Tsubaki, nadaje w\u0142osom witalno\u015b\u0107, si\u0142\u0119 i po\u0142ysk, czyni\u0105c je jedwabistymi i \u0142atwiejszymi w rozczesywaniu.<\/span><\/p>\n<p><span style=\"font-weight: 400;\">300 ml<\/span><\/p>\n","protected":false},"featured_media":21562,"template":"","meta":[],"product_brand":[],"product_cat":[1213],"product_tag":[],"class_list":["post-21927","product","type-product","status-publish","has-post-thumbnail","hentry","product_cat-take-over-sun-deluxe-pl"],"yoast_head":"<!-- This site is optimized with the Yoast SEO plugin v27.1.1 - https:\/\/yoast.com\/product\/yoast-seo-wordpress\/ -->\n<title>Take Over Sun Deluxe - Ochronno-roz\u015bwietlaj\u0105ca maska po opalaniu<\/title>\n<meta name=\"description\" content=\"Take Over Sun Deluxe, ochronno-roz\u015bwietlaj\u0105ca maska po opalaniu.\" \/>\n<meta name=\"robots\" content=\"index, follow, max-snippet:-1, max-image-preview:large, max-video-preview:-1\" \/>\n<link rel=\"canonical\" href=\"https:\/\/seipuntozero-haircare.it\/pl\/prodotto\/take-over-sun-deluxe-ochronno-rozswietlajaca-maska-po-opalaniu\/\" \/>\n<meta property=\"og:locale\" content=\"pl_PL\" \/>\n<meta property=\"og:type\" content=\"article\" \/>\n<meta property=\"og:title\" content=\"Take Over Sun Deluxe - Ochronno-roz\u015bwietlaj\u0105ca maska po opalaniu\" \/>\n<meta property=\"og:description\" content=\"Take Over Sun Deluxe, ochronno-roz\u015bwietlaj\u0105ca maska po opalaniu.\" \/>\n<meta property=\"og:url\" content=\"https:\/\/seipuntozero-haircare.it\/pl\/prodotto\/take-over-sun-deluxe-ochronno-rozswietlajaca-maska-po-opalaniu\/\" \/>\n<meta property=\"og:site_name\" content=\"6.Zero\" \/>\n<meta property=\"article:modified_time\" content=\"2023-11-20T08:43:46+00:00\" \/>\n<meta property=\"og:image\" content=\"https:\/\/seipuntozero-haircare.it\/wp-content\/uploads\/2023\/05\/263233_sei_punto_zero_take_over_sun_deluxe_mask_300ml.png\" \/>\n\t<meta property=\"og:image:width\" content=\"600\" \/>\n\t<meta property=\"og:image:height\" content=\"600\" \/>\n\t<meta property=\"og:image:type\" content=\"image\/png\" \/>\n<meta name=\"twitter:card\" content=\"summary_large_image\" \/>\n<meta name=\"twitter:label1\" content=\"Szacowany czas czytania\" \/>\n\t<meta name=\"twitter:data1\" content=\"1 minuta\" \/>\n<script type=\"application\/ld+json\" class=\"yoast-schema-graph\">{\"@context\":\"https:\/\/schema.org\",\"@graph\":[{\"@type\":\"WebPage\",\"@id\":\"https:\/\/seipuntozero-haircare.it\/pl\/prodotto\/take-over-sun-deluxe-ochronno-rozswietlajaca-maska-po-opalaniu\/\",\"url\":\"https:\/\/seipuntozero-haircare.it\/pl\/prodotto\/take-over-sun-deluxe-ochronno-rozswietlajaca-maska-po-opalaniu\/\",\"name\":\"Take Over Sun Deluxe - Ochronno-roz\u015bwietlaj\u0105ca maska po opalaniu\",\"isPartOf\":{\"@id\":\"https:\/\/seipuntozero-haircare.it\/pl\/#website\"},\"primaryImageOfPage\":{\"@id\":\"https:\/\/seipuntozero-haircare.it\/pl\/prodotto\/take-over-sun-deluxe-ochronno-rozswietlajaca-maska-po-opalaniu\/#primaryimage\"},\"image\":{\"@id\":\"https:\/\/seipuntozero-haircare.it\/pl\/prodotto\/take-over-sun-deluxe-ochronno-rozswietlajaca-maska-po-opalaniu\/#primaryimage\"},\"thumbnailUrl\":\"https:\/\/seipuntozero-haircare.it\/wp-content\/uploads\/2023\/05\/263233_sei_punto_zero_take_over_sun_deluxe_mask_300ml.png\",\"datePublished\":\"2021-05-24T07:00:57+00:00\",\"dateModified\":\"2023-11-20T08:43:46+00:00\",\"description\":\"Take Over Sun Deluxe, ochronno-roz\u015bwietlaj\u0105ca maska po opalaniu.\",\"breadcrumb\":{\"@id\":\"https:\/\/seipuntozero-haircare.it\/pl\/prodotto\/take-over-sun-deluxe-ochronno-rozswietlajaca-maska-po-opalaniu\/#breadcrumb\"},\"inLanguage\":\"pl-PL\",\"potentialAction\":[{\"@type\":\"ReadAction\",\"target\":[\"https:\/\/seipuntozero-haircare.it\/pl\/prodotto\/take-over-sun-deluxe-ochronno-rozswietlajaca-maska-po-opalaniu\/\"]}]},{\"@type\":\"ImageObject\",\"inLanguage\":\"pl-PL\",\"@id\":\"https:\/\/seipuntozero-haircare.it\/pl\/prodotto\/take-over-sun-deluxe-ochronno-rozswietlajaca-maska-po-opalaniu\/#primaryimage\",\"url\":\"https:\/\/seipuntozero-haircare.it\/wp-content\/uploads\/2023\/05\/263233_sei_punto_zero_take_over_sun_deluxe_mask_300ml.png\",\"contentUrl\":\"https:\/\/seipuntozero-haircare.it\/wp-content\/uploads\/2023\/05\/263233_sei_punto_zero_take_over_sun_deluxe_mask_300ml.png\",\"width\":600,\"height\":600},{\"@type\":\"BreadcrumbList\",\"@id\":\"https:\/\/seipuntozero-haircare.it\/pl\/prodotto\/take-over-sun-deluxe-ochronno-rozswietlajaca-maska-po-opalaniu\/#breadcrumb\",\"itemListElement\":[{\"@type\":\"ListItem\",\"position\":1,\"name\":\"Home\",\"item\":\"https:\/\/seipuntozero-haircare.it\/pl\/\"},{\"@type\":\"ListItem\",\"position\":2,\"name\":\"Prodotti\",\"item\":\"https:\/\/seipuntozero-haircare.it\/prodotti\/\"},{\"@type\":\"ListItem\",\"position\":3,\"name\":\"TAKE OVER &#8211; SUN DELUXE Ochronno-roz\u015bwietlaj\u0105ca maska po opalaniu\"}]},{\"@type\":\"WebSite\",\"@id\":\"https:\/\/seipuntozero-haircare.it\/pl\/#website\",\"url\":\"https:\/\/seipuntozero-haircare.it\/pl\/\",\"name\":\"6.Zero\",\"description\":\"Essential Touch\",\"potentialAction\":[{\"@type\":\"SearchAction\",\"target\":{\"@type\":\"EntryPoint\",\"urlTemplate\":\"https:\/\/seipuntozero-haircare.it\/pl\/?s={search_term_string}\"},\"query-input\":{\"@type\":\"PropertyValueSpecification\",\"valueRequired\":true,\"valueName\":\"search_term_string\"}}],\"inLanguage\":\"pl-PL\"}]}<\/script>\n<!-- \/ Yoast SEO plugin. -->","yoast_head_json":{"title":"Take Over Sun Deluxe - Ochronno-roz\u015bwietlaj\u0105ca maska po opalaniu","description":"Take Over Sun Deluxe, ochronno-roz\u015bwietlaj\u0105ca maska po opalaniu.","robots":{"index":"index","follow":"follow","max-snippet":"max-snippet:-1","max-image-preview":"max-image-preview:large","max-video-preview":"max-video-preview:-1"},"canonical":"https:\/\/seipuntozero-haircare.it\/pl\/prodotto\/take-over-sun-deluxe-ochronno-rozswietlajaca-maska-po-opalaniu\/","og_locale":"pl_PL","og_type":"article","og_title":"Take Over Sun Deluxe - Ochronno-roz\u015bwietlaj\u0105ca maska po opalaniu","og_description":"Take Over Sun Deluxe, ochronno-roz\u015bwietlaj\u0105ca maska po opalaniu.","og_url":"https:\/\/seipuntozero-haircare.it\/pl\/prodotto\/take-over-sun-deluxe-ochronno-rozswietlajaca-maska-po-opalaniu\/","og_site_name":"6.Zero","article_modified_time":"2023-11-20T08:43:46+00:00","og_image":[{"width":600,"height":600,"url":"https:\/\/seipuntozero-haircare.it\/wp-content\/uploads\/2023\/05\/263233_sei_punto_zero_take_over_sun_deluxe_mask_300ml.png","type":"image\/png"}],"twitter_card":"summary_large_image","twitter_misc":{"Szacowany czas czytania":"1 minuta"},"schema":{"@context":"https:\/\/schema.org","@graph":[{"@type":"WebPage","@id":"https:\/\/seipuntozero-haircare.it\/pl\/prodotto\/take-over-sun-deluxe-ochronno-rozswietlajaca-maska-po-opalaniu\/","url":"https:\/\/seipuntozero-haircare.it\/pl\/prodotto\/take-over-sun-deluxe-ochronno-rozswietlajaca-maska-po-opalaniu\/","name":"Take Over Sun Deluxe - Ochronno-roz\u015bwietlaj\u0105ca maska po opalaniu","isPartOf":{"@id":"https:\/\/seipuntozero-haircare.it\/pl\/#website"},"primaryImageOfPage":{"@id":"https:\/\/seipuntozero-haircare.it\/pl\/prodotto\/take-over-sun-deluxe-ochronno-rozswietlajaca-maska-po-opalaniu\/#primaryimage"},"image":{"@id":"https:\/\/seipuntozero-haircare.it\/pl\/prodotto\/take-over-sun-deluxe-ochronno-rozswietlajaca-maska-po-opalaniu\/#primaryimage"},"thumbnailUrl":"https:\/\/seipuntozero-haircare.it\/wp-content\/uploads\/2023\/05\/263233_sei_punto_zero_take_over_sun_deluxe_mask_300ml.png","datePublished":"2021-05-24T07:00:57+00:00","dateModified":"2023-11-20T08:43:46+00:00","description":"Take Over Sun Deluxe, ochronno-roz\u015bwietlaj\u0105ca maska po opalaniu.","breadcrumb":{"@id":"https:\/\/seipuntozero-haircare.it\/pl\/prodotto\/take-over-sun-deluxe-ochronno-rozswietlajaca-maska-po-opalaniu\/#breadcrumb"},"inLanguage":"pl-PL","potentialAction":[{"@type":"ReadAction","target":["https:\/\/seipuntozero-haircare.it\/pl\/prodotto\/take-over-sun-deluxe-ochronno-rozswietlajaca-maska-po-opalaniu\/"]}]},{"@type":"ImageObject","inLanguage":"pl-PL","@id":"https:\/\/seipuntozero-haircare.it\/pl\/prodotto\/take-over-sun-deluxe-ochronno-rozswietlajaca-maska-po-opalaniu\/#primaryimage","url":"https:\/\/seipuntozero-haircare.it\/wp-content\/uploads\/2023\/05\/263233_sei_punto_zero_take_over_sun_deluxe_mask_300ml.png","contentUrl":"https:\/\/seipuntozero-haircare.it\/wp-content\/uploads\/2023\/05\/263233_sei_punto_zero_take_over_sun_deluxe_mask_300ml.png","width":600,"height":600},{"@type":"BreadcrumbList","@id":"https:\/\/seipuntozero-haircare.it\/pl\/prodotto\/take-over-sun-deluxe-ochronno-rozswietlajaca-maska-po-opalaniu\/#breadcrumb","itemListElement":[{"@type":"ListItem","position":1,"name":"Home","item":"https:\/\/seipuntozero-haircare.it\/pl\/"},{"@type":"ListItem","position":2,"name":"Prodotti","item":"https:\/\/seipuntozero-haircare.it\/prodotti\/"},{"@type":"ListItem","position":3,"name":"TAKE OVER &#8211; SUN DELUXE Ochronno-roz\u015bwietlaj\u0105ca maska po opalaniu"}]},{"@type":"WebSite","@id":"https:\/\/seipuntozero-haircare.it\/pl\/#website","url":"https:\/\/seipuntozero-haircare.it\/pl\/","name":"6.Zero","description":"Essential Touch","potentialAction":[{"@type":"SearchAction","target":{"@type":"EntryPoint","urlTemplate":"https:\/\/seipuntozero-haircare.it\/pl\/?s={search_term_string}"},"query-input":{"@type":"PropertyValueSpecification","valueRequired":true,"valueName":"search_term_string"}}],"inLanguage":"pl-PL"}]}},"_links":{"self":[{"href":"https:\/\/seipuntozero-haircare.it\/pl\/wp-json\/wp\/v2\/product\/21927","targetHints":{"allow":["GET"]}}],"collection":[{"href":"https:\/\/seipuntozero-haircare.it\/pl\/wp-json\/wp\/v2\/product"}],"about":[{"href":"https:\/\/seipuntozero-haircare.it\/pl\/wp-json\/wp\/v2\/types\/product"}],"wp:featuredmedia":[{"embeddable":true,"href":"https:\/\/seipuntozero-haircare.it\/pl\/wp-json\/wp\/v2\/media\/21562"}],"wp:attachment":[{"href":"https:\/\/seipuntozero-haircare.it\/pl\/wp-json\/wp\/v2\/media?parent=21927"}],"wp:term":[{"taxonomy":"product_brand","embeddable":true,"href":"https:\/\/seipuntozero-haircare.it\/pl\/wp-json\/wp\/v2\/product_brand?post=21927"},{"taxonomy":"product_cat","embeddable":true,"href":"https:\/\/seipuntozero-haircare.it\/pl\/wp-json\/wp\/v2\/product_cat?post=21927"},{"taxonomy":"product_tag","embeddable":true,"href":"https:\/\/seipuntozero-haircare.it\/pl\/wp-json\/wp\/v2\/product_tag?post=21927"}],"curies":[{"name":"wp","href":"https:\/\/api.w.org\/{rel}","templated":true}]}}