{"id":21925,"date":"2020-05-29T09:40:45","date_gmt":"2020-05-29T07:40:45","guid":{"rendered":"https:\/\/seipuntozero-haircare.it\/prodotto\/take-over-out-orange-szampon-przeciw-pomaranczowym-refleksom-do-wlosow-o-ciemnej-tonacji\/"},"modified":"2023-11-20T09:37:39","modified_gmt":"2023-11-20T08:37:39","slug":"take-over-out-orange-szampon-przeciw-pomaranczowym-refleksom-do-wlosow-o-ciemnej-tonacji","status":"publish","type":"product","link":"https:\/\/seipuntozero-haircare.it\/pl\/prodotto\/take-over-out-orange-szampon-przeciw-pomaranczowym-refleksom-do-wlosow-o-ciemnej-tonacji\/","title":{"rendered":"TAKE OVER &#8211; OUT ORANGE <br> Szampon przeciw pomara\u0144czowym refleksom do w\u0142os\u00f3w o ciemnej tonacji"},"content":{"rendered":"<ul>\n<li style=\"font-weight: 400;\" aria-level=\"1\"><span style=\"font-weight: 400;\">Delikatnie oczyszcza w\u0142osy<\/span><\/li>\n<li style=\"font-weight: 400;\" aria-level=\"1\"><span style=\"font-weight: 400;\">Nawil\u017ca i dodaje blasku<\/span><\/li>\n<li style=\"font-weight: 400;\" aria-level=\"1\"><span style=\"font-weight: 400;\">Gasi niechciane miedziane\/czerwone refleksy<\/span><\/li>\n<\/ul>\n","protected":false},"excerpt":{"rendered":"<p><span style=\"font-weight: 400;\">Szampon Take Over Out Orange gasi pomara\u0144czowe refleksy, kt\u00f3re mog\u0105 pojawi\u0107 si\u0119 na w\u0142osach w ciemnych tonacjach. Zapewnia delikatne oczyszczenie i intensywne dzia\u0142anie nawil\u017caj\u0105ce, a jednocze\u015bnie skutecznie neutralizuje ciep\u0142e odcienie miedzi i czerwieni.<\/span><\/p>\n<p><span style=\"font-weight: 400;\">W\u0142osy nabieraj\u0105 blasku, ciemne odcienie staj\u0105 si\u0119 g\u0142\u0119bsze. Szampon przeciw pomara\u0144czowym refleksom to niezast\u0105piony sprzymierzeniec w zachowaniu naturalnego pi\u0119kna naturalnego lub kosmetycznego koloru.<\/span><\/p>\n<p><span style=\"font-weight: 400;\">500 ml<\/span><\/p>\n","protected":false},"featured_media":21619,"template":"","meta":[],"product_brand":[],"product_cat":[1209],"product_tag":[],"class_list":["post-21925","product","type-product","status-publish","has-post-thumbnail","hentry","product_cat-take-over-out-orange-pl"],"yoast_head":"<!-- This site is optimized with the Yoast SEO plugin v27.1.1 - https:\/\/yoast.com\/product\/yoast-seo-wordpress\/ -->\n<title>Take Over - Out Orange | Szampon przeciw pomara\u0144czowym refleksom do w\u0142os\u00f3w o ciemnej tonacji<\/title>\n<meta name=\"description\" content=\"Szampon Take Over Out Orange gasi pomara\u0144czowe refleksy, kt\u00f3re mog\u0105 pojawi\u0107 si\u0119 na w\u0142osach w ciemnych tonacjach.\" \/>\n<meta name=\"robots\" content=\"index, follow, max-snippet:-1, max-image-preview:large, max-video-preview:-1\" \/>\n<link rel=\"canonical\" href=\"https:\/\/seipuntozero-haircare.it\/pl\/prodotto\/take-over-out-orange-szampon-przeciw-pomaranczowym-refleksom-do-wlosow-o-ciemnej-tonacji\/\" \/>\n<meta property=\"og:locale\" content=\"pl_PL\" \/>\n<meta property=\"og:type\" content=\"article\" \/>\n<meta property=\"og:title\" content=\"Take Over - Out Orange | Szampon przeciw pomara\u0144czowym refleksom do w\u0142os\u00f3w o ciemnej tonacji\" \/>\n<meta property=\"og:description\" content=\"Szampon Take Over Out Orange gasi pomara\u0144czowe refleksy, kt\u00f3re mog\u0105 pojawi\u0107 si\u0119 na w\u0142osach w ciemnych tonacjach.\" \/>\n<meta property=\"og:url\" content=\"https:\/\/seipuntozero-haircare.it\/pl\/prodotto\/take-over-out-orange-szampon-przeciw-pomaranczowym-refleksom-do-wlosow-o-ciemnej-tonacji\/\" \/>\n<meta property=\"og:site_name\" content=\"6.Zero\" \/>\n<meta property=\"article:modified_time\" content=\"2023-11-20T08:37:39+00:00\" \/>\n<meta property=\"og:image\" content=\"https:\/\/seipuntozero-haircare.it\/wp-content\/uploads\/2020\/05\/262670_sei_punto_zero_take_over_out_orange_shampoo_500ml-1.png\" \/>\n\t<meta property=\"og:image:width\" content=\"800\" \/>\n\t<meta property=\"og:image:height\" content=\"800\" \/>\n\t<meta property=\"og:image:type\" content=\"image\/png\" \/>\n<meta name=\"twitter:card\" content=\"summary_large_image\" \/>\n<meta name=\"twitter:label1\" content=\"Szacowany czas czytania\" \/>\n\t<meta name=\"twitter:data1\" content=\"1 minuta\" \/>\n<script type=\"application\/ld+json\" class=\"yoast-schema-graph\">{\"@context\":\"https:\/\/schema.org\",\"@graph\":[{\"@type\":\"WebPage\",\"@id\":\"https:\/\/seipuntozero-haircare.it\/pl\/prodotto\/take-over-out-orange-szampon-przeciw-pomaranczowym-refleksom-do-wlosow-o-ciemnej-tonacji\/\",\"url\":\"https:\/\/seipuntozero-haircare.it\/pl\/prodotto\/take-over-out-orange-szampon-przeciw-pomaranczowym-refleksom-do-wlosow-o-ciemnej-tonacji\/\",\"name\":\"Take Over - Out Orange | Szampon przeciw pomara\u0144czowym refleksom do w\u0142os\u00f3w o ciemnej tonacji\",\"isPartOf\":{\"@id\":\"https:\/\/seipuntozero-haircare.it\/pl\/#website\"},\"primaryImageOfPage\":{\"@id\":\"https:\/\/seipuntozero-haircare.it\/pl\/prodotto\/take-over-out-orange-szampon-przeciw-pomaranczowym-refleksom-do-wlosow-o-ciemnej-tonacji\/#primaryimage\"},\"image\":{\"@id\":\"https:\/\/seipuntozero-haircare.it\/pl\/prodotto\/take-over-out-orange-szampon-przeciw-pomaranczowym-refleksom-do-wlosow-o-ciemnej-tonacji\/#primaryimage\"},\"thumbnailUrl\":\"https:\/\/seipuntozero-haircare.it\/wp-content\/uploads\/2020\/05\/262670_sei_punto_zero_take_over_out_orange_shampoo_500ml-1.png\",\"datePublished\":\"2020-05-29T07:40:45+00:00\",\"dateModified\":\"2023-11-20T08:37:39+00:00\",\"description\":\"Szampon Take Over Out Orange gasi pomara\u0144czowe refleksy, kt\u00f3re mog\u0105 pojawi\u0107 si\u0119 na w\u0142osach w ciemnych tonacjach.\",\"breadcrumb\":{\"@id\":\"https:\/\/seipuntozero-haircare.it\/pl\/prodotto\/take-over-out-orange-szampon-przeciw-pomaranczowym-refleksom-do-wlosow-o-ciemnej-tonacji\/#breadcrumb\"},\"inLanguage\":\"pl-PL\",\"potentialAction\":[{\"@type\":\"ReadAction\",\"target\":[\"https:\/\/seipuntozero-haircare.it\/pl\/prodotto\/take-over-out-orange-szampon-przeciw-pomaranczowym-refleksom-do-wlosow-o-ciemnej-tonacji\/\"]}]},{\"@type\":\"ImageObject\",\"inLanguage\":\"pl-PL\",\"@id\":\"https:\/\/seipuntozero-haircare.it\/pl\/prodotto\/take-over-out-orange-szampon-przeciw-pomaranczowym-refleksom-do-wlosow-o-ciemnej-tonacji\/#primaryimage\",\"url\":\"https:\/\/seipuntozero-haircare.it\/wp-content\/uploads\/2020\/05\/262670_sei_punto_zero_take_over_out_orange_shampoo_500ml-1.png\",\"contentUrl\":\"https:\/\/seipuntozero-haircare.it\/wp-content\/uploads\/2020\/05\/262670_sei_punto_zero_take_over_out_orange_shampoo_500ml-1.png\",\"width\":800,\"height\":800},{\"@type\":\"BreadcrumbList\",\"@id\":\"https:\/\/seipuntozero-haircare.it\/pl\/prodotto\/take-over-out-orange-szampon-przeciw-pomaranczowym-refleksom-do-wlosow-o-ciemnej-tonacji\/#breadcrumb\",\"itemListElement\":[{\"@type\":\"ListItem\",\"position\":1,\"name\":\"Home\",\"item\":\"https:\/\/seipuntozero-haircare.it\/pl\/\"},{\"@type\":\"ListItem\",\"position\":2,\"name\":\"Prodotti\",\"item\":\"https:\/\/seipuntozero-haircare.it\/prodotti\/\"},{\"@type\":\"ListItem\",\"position\":3,\"name\":\"TAKE OVER &#8211; OUT ORANGE Szampon przeciw pomara\u0144czowym refleksom do w\u0142os\u00f3w o ciemnej tonacji\"}]},{\"@type\":\"WebSite\",\"@id\":\"https:\/\/seipuntozero-haircare.it\/pl\/#website\",\"url\":\"https:\/\/seipuntozero-haircare.it\/pl\/\",\"name\":\"6.Zero\",\"description\":\"Essential Touch\",\"potentialAction\":[{\"@type\":\"SearchAction\",\"target\":{\"@type\":\"EntryPoint\",\"urlTemplate\":\"https:\/\/seipuntozero-haircare.it\/pl\/?s={search_term_string}\"},\"query-input\":{\"@type\":\"PropertyValueSpecification\",\"valueRequired\":true,\"valueName\":\"search_term_string\"}}],\"inLanguage\":\"pl-PL\"}]}<\/script>\n<!-- \/ Yoast SEO plugin. -->","yoast_head_json":{"title":"Take Over - Out Orange | Szampon przeciw pomara\u0144czowym refleksom do w\u0142os\u00f3w o ciemnej tonacji","description":"Szampon Take Over Out Orange gasi pomara\u0144czowe refleksy, kt\u00f3re mog\u0105 pojawi\u0107 si\u0119 na w\u0142osach w ciemnych tonacjach.","robots":{"index":"index","follow":"follow","max-snippet":"max-snippet:-1","max-image-preview":"max-image-preview:large","max-video-preview":"max-video-preview:-1"},"canonical":"https:\/\/seipuntozero-haircare.it\/pl\/prodotto\/take-over-out-orange-szampon-przeciw-pomaranczowym-refleksom-do-wlosow-o-ciemnej-tonacji\/","og_locale":"pl_PL","og_type":"article","og_title":"Take Over - Out Orange | Szampon przeciw pomara\u0144czowym refleksom do w\u0142os\u00f3w o ciemnej tonacji","og_description":"Szampon Take Over Out Orange gasi pomara\u0144czowe refleksy, kt\u00f3re mog\u0105 pojawi\u0107 si\u0119 na w\u0142osach w ciemnych tonacjach.","og_url":"https:\/\/seipuntozero-haircare.it\/pl\/prodotto\/take-over-out-orange-szampon-przeciw-pomaranczowym-refleksom-do-wlosow-o-ciemnej-tonacji\/","og_site_name":"6.Zero","article_modified_time":"2023-11-20T08:37:39+00:00","og_image":[{"width":800,"height":800,"url":"https:\/\/seipuntozero-haircare.it\/wp-content\/uploads\/2020\/05\/262670_sei_punto_zero_take_over_out_orange_shampoo_500ml-1.png","type":"image\/png"}],"twitter_card":"summary_large_image","twitter_misc":{"Szacowany czas czytania":"1 minuta"},"schema":{"@context":"https:\/\/schema.org","@graph":[{"@type":"WebPage","@id":"https:\/\/seipuntozero-haircare.it\/pl\/prodotto\/take-over-out-orange-szampon-przeciw-pomaranczowym-refleksom-do-wlosow-o-ciemnej-tonacji\/","url":"https:\/\/seipuntozero-haircare.it\/pl\/prodotto\/take-over-out-orange-szampon-przeciw-pomaranczowym-refleksom-do-wlosow-o-ciemnej-tonacji\/","name":"Take Over - Out Orange | Szampon przeciw pomara\u0144czowym refleksom do w\u0142os\u00f3w o ciemnej tonacji","isPartOf":{"@id":"https:\/\/seipuntozero-haircare.it\/pl\/#website"},"primaryImageOfPage":{"@id":"https:\/\/seipuntozero-haircare.it\/pl\/prodotto\/take-over-out-orange-szampon-przeciw-pomaranczowym-refleksom-do-wlosow-o-ciemnej-tonacji\/#primaryimage"},"image":{"@id":"https:\/\/seipuntozero-haircare.it\/pl\/prodotto\/take-over-out-orange-szampon-przeciw-pomaranczowym-refleksom-do-wlosow-o-ciemnej-tonacji\/#primaryimage"},"thumbnailUrl":"https:\/\/seipuntozero-haircare.it\/wp-content\/uploads\/2020\/05\/262670_sei_punto_zero_take_over_out_orange_shampoo_500ml-1.png","datePublished":"2020-05-29T07:40:45+00:00","dateModified":"2023-11-20T08:37:39+00:00","description":"Szampon Take Over Out Orange gasi pomara\u0144czowe refleksy, kt\u00f3re mog\u0105 pojawi\u0107 si\u0119 na w\u0142osach w ciemnych tonacjach.","breadcrumb":{"@id":"https:\/\/seipuntozero-haircare.it\/pl\/prodotto\/take-over-out-orange-szampon-przeciw-pomaranczowym-refleksom-do-wlosow-o-ciemnej-tonacji\/#breadcrumb"},"inLanguage":"pl-PL","potentialAction":[{"@type":"ReadAction","target":["https:\/\/seipuntozero-haircare.it\/pl\/prodotto\/take-over-out-orange-szampon-przeciw-pomaranczowym-refleksom-do-wlosow-o-ciemnej-tonacji\/"]}]},{"@type":"ImageObject","inLanguage":"pl-PL","@id":"https:\/\/seipuntozero-haircare.it\/pl\/prodotto\/take-over-out-orange-szampon-przeciw-pomaranczowym-refleksom-do-wlosow-o-ciemnej-tonacji\/#primaryimage","url":"https:\/\/seipuntozero-haircare.it\/wp-content\/uploads\/2020\/05\/262670_sei_punto_zero_take_over_out_orange_shampoo_500ml-1.png","contentUrl":"https:\/\/seipuntozero-haircare.it\/wp-content\/uploads\/2020\/05\/262670_sei_punto_zero_take_over_out_orange_shampoo_500ml-1.png","width":800,"height":800},{"@type":"BreadcrumbList","@id":"https:\/\/seipuntozero-haircare.it\/pl\/prodotto\/take-over-out-orange-szampon-przeciw-pomaranczowym-refleksom-do-wlosow-o-ciemnej-tonacji\/#breadcrumb","itemListElement":[{"@type":"ListItem","position":1,"name":"Home","item":"https:\/\/seipuntozero-haircare.it\/pl\/"},{"@type":"ListItem","position":2,"name":"Prodotti","item":"https:\/\/seipuntozero-haircare.it\/prodotti\/"},{"@type":"ListItem","position":3,"name":"TAKE OVER &#8211; OUT ORANGE Szampon przeciw pomara\u0144czowym refleksom do w\u0142os\u00f3w o ciemnej tonacji"}]},{"@type":"WebSite","@id":"https:\/\/seipuntozero-haircare.it\/pl\/#website","url":"https:\/\/seipuntozero-haircare.it\/pl\/","name":"6.Zero","description":"Essential Touch","potentialAction":[{"@type":"SearchAction","target":{"@type":"EntryPoint","urlTemplate":"https:\/\/seipuntozero-haircare.it\/pl\/?s={search_term_string}"},"query-input":{"@type":"PropertyValueSpecification","valueRequired":true,"valueName":"search_term_string"}}],"inLanguage":"pl-PL"}]}},"_links":{"self":[{"href":"https:\/\/seipuntozero-haircare.it\/pl\/wp-json\/wp\/v2\/product\/21925","targetHints":{"allow":["GET"]}}],"collection":[{"href":"https:\/\/seipuntozero-haircare.it\/pl\/wp-json\/wp\/v2\/product"}],"about":[{"href":"https:\/\/seipuntozero-haircare.it\/pl\/wp-json\/wp\/v2\/types\/product"}],"wp:featuredmedia":[{"embeddable":true,"href":"https:\/\/seipuntozero-haircare.it\/pl\/wp-json\/wp\/v2\/media\/21619"}],"wp:attachment":[{"href":"https:\/\/seipuntozero-haircare.it\/pl\/wp-json\/wp\/v2\/media?parent=21925"}],"wp:term":[{"taxonomy":"product_brand","embeddable":true,"href":"https:\/\/seipuntozero-haircare.it\/pl\/wp-json\/wp\/v2\/product_brand?post=21925"},{"taxonomy":"product_cat","embeddable":true,"href":"https:\/\/seipuntozero-haircare.it\/pl\/wp-json\/wp\/v2\/product_cat?post=21925"},{"taxonomy":"product_tag","embeddable":true,"href":"https:\/\/seipuntozero-haircare.it\/pl\/wp-json\/wp\/v2\/product_tag?post=21925"}],"curies":[{"name":"wp","href":"https:\/\/api.w.org\/{rel}","templated":true}]}}