{"id":21924,"date":"2019-09-26T09:00:56","date_gmt":"2019-09-26T07:00:56","guid":{"rendered":"https:\/\/seipuntozero-haircare.it\/prodotto\/take-over-active-sheer-dwufunkcyjny-tonik-w-plynie\/"},"modified":"2023-11-17T17:14:59","modified_gmt":"2023-11-17T16:14:59","slug":"take-over-active-sheer-dwufunkcyjny-tonik-w-plynie","status":"publish","type":"product","link":"https:\/\/seipuntozero-haircare.it\/pl\/prodotto\/take-over-active-sheer-dwufunkcyjny-tonik-w-plynie\/","title":{"rendered":"TAKE OVER &#8211; ACTIVE SHEER <br> Dwufunkcyjny tonik w p\u0142ynie"},"content":{"rendered":"<ul>\n<li style=\"font-weight: 400;\" aria-level=\"1\"><span style=\"font-weight: 400;\">Zwalcza \u0142upie\u017c<\/span><\/li>\n<li style=\"font-weight: 400;\" aria-level=\"1\"><span style=\"font-weight: 400;\">Reguluje wydzielanie sebum<\/span><\/li>\n<li style=\"font-weight: 400;\" aria-level=\"1\"><span style=\"font-weight: 400;\">Od\u015bwie\u017ca i oczyszcza sk\u00f3r\u0119 g\u0142owy<\/span><\/li>\n<li style=\"font-weight: 400;\" aria-level=\"1\"><span style=\"font-weight: 400;\">Nie obci\u0105\u017ca w\u0142os\u00f3w<\/span><\/li>\n<\/ul>\n<p>&nbsp;<\/p>\n","protected":false},"excerpt":{"rendered":"<p><span style=\"font-weight: 400;\">Dwufunkcyjny tonik w p\u0142ynie do sk\u00f3ry t\u0142ustej, z \u0142upie\u017cem oraz z suchymi d\u0142ugo\u015bciami w\u0142os\u00f3w uzupe\u0142nia zabieg Active Sheer. Produkt zosta\u0142 opracowany, aby przywr\u00f3ci\u0107 r\u00f3wnowag\u0119 sk\u00f3rze g\u0142owy. Pomaga w walce z \u0142upie\u017cem oraz normalizuje nadmierne wydzielanie sebum, dzia\u0142a od\u015bwie\u017caj\u0105co i regeneruj\u0105co na sk\u00f3r\u0119 g\u0142owy i w\u0142osy. Dzi\u0119ki dzia\u0142niu p\u0142ynu 6.Zero reguluj\u0105cemu wydzielanie sebum i przeciw\u0142upie\u017cowemu w\u0142osy staj\u0105 si\u0119 nawil\u017cone, mocne oraz d\u0142u\u017cej pozostaj\u0105 czyste. Dzie\u0144 po dniu sk\u00f3ra odnajduje naturaln\u0105 r\u00f3wnowag\u0119 i do\u015bwiadcza niespotykanego dot\u0105d uczucia \u015bwie\u017co\u015bci.<\/span><\/p>\n<p><span style=\"font-weight: 400;\">Pojemno\u015b\u0107 150 ml<\/span><\/p>\n","protected":false},"featured_media":21599,"template":"","meta":[],"product_brand":[],"product_cat":[1215],"product_tag":[],"class_list":["post-21924","product","type-product","status-publish","has-post-thumbnail","hentry","product_cat-take-over-active-sheer-pl"],"yoast_head":"<!-- This site is optimized with the Yoast SEO plugin v27.1.1 - https:\/\/yoast.com\/product\/yoast-seo-wordpress\/ -->\n<title>Take Over - Active Sheer | Dwufunkcyjny tonik w p\u0142ynie<\/title>\n<meta name=\"description\" content=\"Dwufunkcyjny tonik w p\u0142ynie do sk\u00f3ry t\u0142ustej, z \u0142upie\u017cem oraz z suchymi d\u0142ugo\u015bciami w\u0142os\u00f3w uzupe\u0142nia zabieg Active Sheer.\" \/>\n<meta name=\"robots\" content=\"index, follow, max-snippet:-1, max-image-preview:large, max-video-preview:-1\" \/>\n<link rel=\"canonical\" href=\"https:\/\/seipuntozero-haircare.it\/pl\/prodotto\/take-over-active-sheer-dwufunkcyjny-tonik-w-plynie\/\" \/>\n<meta property=\"og:locale\" content=\"pl_PL\" \/>\n<meta property=\"og:type\" content=\"article\" \/>\n<meta property=\"og:title\" content=\"Take Over - Active Sheer | Dwufunkcyjny tonik w p\u0142ynie\" \/>\n<meta property=\"og:description\" content=\"Dwufunkcyjny tonik w p\u0142ynie do sk\u00f3ry t\u0142ustej, z \u0142upie\u017cem oraz z suchymi d\u0142ugo\u015bciami w\u0142os\u00f3w uzupe\u0142nia zabieg Active Sheer.\" \/>\n<meta property=\"og:url\" content=\"https:\/\/seipuntozero-haircare.it\/pl\/prodotto\/take-over-active-sheer-dwufunkcyjny-tonik-w-plynie\/\" \/>\n<meta property=\"og:site_name\" content=\"6.Zero\" \/>\n<meta property=\"article:modified_time\" content=\"2023-11-17T16:14:59+00:00\" \/>\n<meta property=\"og:image\" content=\"https:\/\/seipuntozero-haircare.it\/wp-content\/uploads\/2019\/09\/262663_sei_punto_zero_take_active_sheer_bivalent_lotion_150ml-1.png\" \/>\n\t<meta property=\"og:image:width\" content=\"800\" \/>\n\t<meta property=\"og:image:height\" content=\"800\" \/>\n\t<meta property=\"og:image:type\" content=\"image\/png\" \/>\n<meta name=\"twitter:card\" content=\"summary_large_image\" \/>\n<meta name=\"twitter:label1\" content=\"Szacowany czas czytania\" \/>\n\t<meta name=\"twitter:data1\" content=\"1 minuta\" \/>\n<script type=\"application\/ld+json\" class=\"yoast-schema-graph\">{\"@context\":\"https:\/\/schema.org\",\"@graph\":[{\"@type\":\"WebPage\",\"@id\":\"https:\/\/seipuntozero-haircare.it\/pl\/prodotto\/take-over-active-sheer-dwufunkcyjny-tonik-w-plynie\/\",\"url\":\"https:\/\/seipuntozero-haircare.it\/pl\/prodotto\/take-over-active-sheer-dwufunkcyjny-tonik-w-plynie\/\",\"name\":\"Take Over - Active Sheer | Dwufunkcyjny tonik w p\u0142ynie\",\"isPartOf\":{\"@id\":\"https:\/\/seipuntozero-haircare.it\/pl\/#website\"},\"primaryImageOfPage\":{\"@id\":\"https:\/\/seipuntozero-haircare.it\/pl\/prodotto\/take-over-active-sheer-dwufunkcyjny-tonik-w-plynie\/#primaryimage\"},\"image\":{\"@id\":\"https:\/\/seipuntozero-haircare.it\/pl\/prodotto\/take-over-active-sheer-dwufunkcyjny-tonik-w-plynie\/#primaryimage\"},\"thumbnailUrl\":\"https:\/\/seipuntozero-haircare.it\/wp-content\/uploads\/2019\/09\/262663_sei_punto_zero_take_active_sheer_bivalent_lotion_150ml-1.png\",\"datePublished\":\"2019-09-26T07:00:56+00:00\",\"dateModified\":\"2023-11-17T16:14:59+00:00\",\"description\":\"Dwufunkcyjny tonik w p\u0142ynie do sk\u00f3ry t\u0142ustej, z \u0142upie\u017cem oraz z suchymi d\u0142ugo\u015bciami w\u0142os\u00f3w uzupe\u0142nia zabieg Active Sheer.\",\"breadcrumb\":{\"@id\":\"https:\/\/seipuntozero-haircare.it\/pl\/prodotto\/take-over-active-sheer-dwufunkcyjny-tonik-w-plynie\/#breadcrumb\"},\"inLanguage\":\"pl-PL\",\"potentialAction\":[{\"@type\":\"ReadAction\",\"target\":[\"https:\/\/seipuntozero-haircare.it\/pl\/prodotto\/take-over-active-sheer-dwufunkcyjny-tonik-w-plynie\/\"]}]},{\"@type\":\"ImageObject\",\"inLanguage\":\"pl-PL\",\"@id\":\"https:\/\/seipuntozero-haircare.it\/pl\/prodotto\/take-over-active-sheer-dwufunkcyjny-tonik-w-plynie\/#primaryimage\",\"url\":\"https:\/\/seipuntozero-haircare.it\/wp-content\/uploads\/2019\/09\/262663_sei_punto_zero_take_active_sheer_bivalent_lotion_150ml-1.png\",\"contentUrl\":\"https:\/\/seipuntozero-haircare.it\/wp-content\/uploads\/2019\/09\/262663_sei_punto_zero_take_active_sheer_bivalent_lotion_150ml-1.png\",\"width\":800,\"height\":800},{\"@type\":\"BreadcrumbList\",\"@id\":\"https:\/\/seipuntozero-haircare.it\/pl\/prodotto\/take-over-active-sheer-dwufunkcyjny-tonik-w-plynie\/#breadcrumb\",\"itemListElement\":[{\"@type\":\"ListItem\",\"position\":1,\"name\":\"Home\",\"item\":\"https:\/\/seipuntozero-haircare.it\/pl\/\"},{\"@type\":\"ListItem\",\"position\":2,\"name\":\"Prodotti\",\"item\":\"https:\/\/seipuntozero-haircare.it\/prodotti\/\"},{\"@type\":\"ListItem\",\"position\":3,\"name\":\"TAKE OVER &#8211; ACTIVE SHEER Dwufunkcyjny tonik w p\u0142ynie\"}]},{\"@type\":\"WebSite\",\"@id\":\"https:\/\/seipuntozero-haircare.it\/pl\/#website\",\"url\":\"https:\/\/seipuntozero-haircare.it\/pl\/\",\"name\":\"6.Zero\",\"description\":\"Essential Touch\",\"potentialAction\":[{\"@type\":\"SearchAction\",\"target\":{\"@type\":\"EntryPoint\",\"urlTemplate\":\"https:\/\/seipuntozero-haircare.it\/pl\/?s={search_term_string}\"},\"query-input\":{\"@type\":\"PropertyValueSpecification\",\"valueRequired\":true,\"valueName\":\"search_term_string\"}}],\"inLanguage\":\"pl-PL\"}]}<\/script>\n<!-- \/ Yoast SEO plugin. -->","yoast_head_json":{"title":"Take Over - Active Sheer | Dwufunkcyjny tonik w p\u0142ynie","description":"Dwufunkcyjny tonik w p\u0142ynie do sk\u00f3ry t\u0142ustej, z \u0142upie\u017cem oraz z suchymi d\u0142ugo\u015bciami w\u0142os\u00f3w uzupe\u0142nia zabieg Active Sheer.","robots":{"index":"index","follow":"follow","max-snippet":"max-snippet:-1","max-image-preview":"max-image-preview:large","max-video-preview":"max-video-preview:-1"},"canonical":"https:\/\/seipuntozero-haircare.it\/pl\/prodotto\/take-over-active-sheer-dwufunkcyjny-tonik-w-plynie\/","og_locale":"pl_PL","og_type":"article","og_title":"Take Over - Active Sheer | Dwufunkcyjny tonik w p\u0142ynie","og_description":"Dwufunkcyjny tonik w p\u0142ynie do sk\u00f3ry t\u0142ustej, z \u0142upie\u017cem oraz z suchymi d\u0142ugo\u015bciami w\u0142os\u00f3w uzupe\u0142nia zabieg Active Sheer.","og_url":"https:\/\/seipuntozero-haircare.it\/pl\/prodotto\/take-over-active-sheer-dwufunkcyjny-tonik-w-plynie\/","og_site_name":"6.Zero","article_modified_time":"2023-11-17T16:14:59+00:00","og_image":[{"width":800,"height":800,"url":"https:\/\/seipuntozero-haircare.it\/wp-content\/uploads\/2019\/09\/262663_sei_punto_zero_take_active_sheer_bivalent_lotion_150ml-1.png","type":"image\/png"}],"twitter_card":"summary_large_image","twitter_misc":{"Szacowany czas czytania":"1 minuta"},"schema":{"@context":"https:\/\/schema.org","@graph":[{"@type":"WebPage","@id":"https:\/\/seipuntozero-haircare.it\/pl\/prodotto\/take-over-active-sheer-dwufunkcyjny-tonik-w-plynie\/","url":"https:\/\/seipuntozero-haircare.it\/pl\/prodotto\/take-over-active-sheer-dwufunkcyjny-tonik-w-plynie\/","name":"Take Over - Active Sheer | Dwufunkcyjny tonik w p\u0142ynie","isPartOf":{"@id":"https:\/\/seipuntozero-haircare.it\/pl\/#website"},"primaryImageOfPage":{"@id":"https:\/\/seipuntozero-haircare.it\/pl\/prodotto\/take-over-active-sheer-dwufunkcyjny-tonik-w-plynie\/#primaryimage"},"image":{"@id":"https:\/\/seipuntozero-haircare.it\/pl\/prodotto\/take-over-active-sheer-dwufunkcyjny-tonik-w-plynie\/#primaryimage"},"thumbnailUrl":"https:\/\/seipuntozero-haircare.it\/wp-content\/uploads\/2019\/09\/262663_sei_punto_zero_take_active_sheer_bivalent_lotion_150ml-1.png","datePublished":"2019-09-26T07:00:56+00:00","dateModified":"2023-11-17T16:14:59+00:00","description":"Dwufunkcyjny tonik w p\u0142ynie do sk\u00f3ry t\u0142ustej, z \u0142upie\u017cem oraz z suchymi d\u0142ugo\u015bciami w\u0142os\u00f3w uzupe\u0142nia zabieg Active Sheer.","breadcrumb":{"@id":"https:\/\/seipuntozero-haircare.it\/pl\/prodotto\/take-over-active-sheer-dwufunkcyjny-tonik-w-plynie\/#breadcrumb"},"inLanguage":"pl-PL","potentialAction":[{"@type":"ReadAction","target":["https:\/\/seipuntozero-haircare.it\/pl\/prodotto\/take-over-active-sheer-dwufunkcyjny-tonik-w-plynie\/"]}]},{"@type":"ImageObject","inLanguage":"pl-PL","@id":"https:\/\/seipuntozero-haircare.it\/pl\/prodotto\/take-over-active-sheer-dwufunkcyjny-tonik-w-plynie\/#primaryimage","url":"https:\/\/seipuntozero-haircare.it\/wp-content\/uploads\/2019\/09\/262663_sei_punto_zero_take_active_sheer_bivalent_lotion_150ml-1.png","contentUrl":"https:\/\/seipuntozero-haircare.it\/wp-content\/uploads\/2019\/09\/262663_sei_punto_zero_take_active_sheer_bivalent_lotion_150ml-1.png","width":800,"height":800},{"@type":"BreadcrumbList","@id":"https:\/\/seipuntozero-haircare.it\/pl\/prodotto\/take-over-active-sheer-dwufunkcyjny-tonik-w-plynie\/#breadcrumb","itemListElement":[{"@type":"ListItem","position":1,"name":"Home","item":"https:\/\/seipuntozero-haircare.it\/pl\/"},{"@type":"ListItem","position":2,"name":"Prodotti","item":"https:\/\/seipuntozero-haircare.it\/prodotti\/"},{"@type":"ListItem","position":3,"name":"TAKE OVER &#8211; ACTIVE SHEER Dwufunkcyjny tonik w p\u0142ynie"}]},{"@type":"WebSite","@id":"https:\/\/seipuntozero-haircare.it\/pl\/#website","url":"https:\/\/seipuntozero-haircare.it\/pl\/","name":"6.Zero","description":"Essential Touch","potentialAction":[{"@type":"SearchAction","target":{"@type":"EntryPoint","urlTemplate":"https:\/\/seipuntozero-haircare.it\/pl\/?s={search_term_string}"},"query-input":{"@type":"PropertyValueSpecification","valueRequired":true,"valueName":"search_term_string"}}],"inLanguage":"pl-PL"}]}},"_links":{"self":[{"href":"https:\/\/seipuntozero-haircare.it\/pl\/wp-json\/wp\/v2\/product\/21924","targetHints":{"allow":["GET"]}}],"collection":[{"href":"https:\/\/seipuntozero-haircare.it\/pl\/wp-json\/wp\/v2\/product"}],"about":[{"href":"https:\/\/seipuntozero-haircare.it\/pl\/wp-json\/wp\/v2\/types\/product"}],"wp:featuredmedia":[{"embeddable":true,"href":"https:\/\/seipuntozero-haircare.it\/pl\/wp-json\/wp\/v2\/media\/21599"}],"wp:attachment":[{"href":"https:\/\/seipuntozero-haircare.it\/pl\/wp-json\/wp\/v2\/media?parent=21924"}],"wp:term":[{"taxonomy":"product_brand","embeddable":true,"href":"https:\/\/seipuntozero-haircare.it\/pl\/wp-json\/wp\/v2\/product_brand?post=21924"},{"taxonomy":"product_cat","embeddable":true,"href":"https:\/\/seipuntozero-haircare.it\/pl\/wp-json\/wp\/v2\/product_cat?post=21924"},{"taxonomy":"product_tag","embeddable":true,"href":"https:\/\/seipuntozero-haircare.it\/pl\/wp-json\/wp\/v2\/product_tag?post=21924"}],"curies":[{"name":"wp","href":"https:\/\/api.w.org\/{rel}","templated":true}]}}