{"id":21919,"date":"2017-09-28T10:09:31","date_gmt":"2017-09-28T08:09:31","guid":{"rendered":"https:\/\/seipuntozero-haircare.it\/prodotto\/take-over-active-power-kuracja-zapobiegajaca-wypadaniu-wlosow-w-ampulkach\/"},"modified":"2023-11-21T10:09:56","modified_gmt":"2023-11-21T09:09:56","slug":"take-over-active-power-kuracja-zapobiegajaca-wypadaniu-wlosow-w-ampulkach","status":"publish","type":"product","link":"https:\/\/seipuntozero-haircare.it\/pl\/prodotto\/take-over-active-power-kuracja-zapobiegajaca-wypadaniu-wlosow-w-ampulkach\/","title":{"rendered":"TAKE OVER \u2013 ACTIVE POWER <br> Kuracja zapobiegaj\u0105ca wypadaniu w\u0142os\u00f3w w ampu\u0142kach"},"content":{"rendered":"<ul>\n<li style=\"font-weight: 400;\" aria-level=\"1\"><span style=\"font-weight: 400;\">Skutecznie przeciwdzia\u0142a os\u0142abieniu i wypadaniu w\u0142os\u00f3w<\/span><\/li>\n<li style=\"font-weight: 400;\" aria-level=\"1\"><span style=\"font-weight: 400;\">Formu\u0142a bogata w sk\u0142adniki aktywne energetyzuj\u0105ce i przeciwutleniaj\u0105ce<\/span><\/li>\n<li style=\"font-weight: 400;\" aria-level=\"1\"><span style=\"font-weight: 400;\">Wzmacnia cebulk\u0119 i aktywuje mikrokr\u0105\u017cenie<\/span><\/li>\n<\/ul>\n","protected":false},"excerpt":{"rendered":"<p><span style=\"font-weight: 400;\">Kuracja zapobiegaj\u0105ca wypadaniu w\u0142os\u00f3w w ampu\u0142kach, do w\u0142os\u00f3w s\u0142abych i \u0142amliwych. Formu\u0142a zosta\u0142a wzbogacona o substancje funkcjonalne pochodzenia ro\u015blinnego, kompleksy witaminowe oraz specjalny kompleks aminokwas\u00f3w o dzia\u0142aniu antyoksydacyjnym i energetyzuj\u0105cym, kt\u00f3ry pomaga przeciwdzia\u0142a\u0107 os\u0142abieniu oraz wypadaniu w\u0142os\u00f3w. Ponadto sk\u0142adniki aktywne kuracji przeciw wypadaniu w\u0142os\u00f3w, dzi\u0119ki swoim w\u0142a\u015bciwo\u015bciom od\u017cywczym i rewitalizuj\u0105cym, wspomagaj\u0105 aktywacj\u0119 mikrokr\u0105\u017cenia w sk\u00f3rze g\u0142owy, wzmacniaj\u0105c cebulk\u0119 w\u0142osa.<\/span><\/p>\n<p><span style=\"font-weight: 400;\">Opakowanie 10 ampu\u0142ek<\/span><\/p>\n","protected":false},"featured_media":21596,"template":"","meta":[],"product_brand":[],"product_cat":[1214],"product_tag":[],"class_list":["post-21919","product","type-product","status-publish","has-post-thumbnail","hentry","product_cat-take-over-active-power-pl"],"yoast_head":"<!-- This site is optimized with the Yoast SEO plugin v27.1.1 - https:\/\/yoast.com\/product\/yoast-seo-wordpress\/ -->\n<title>TAKE OVER \u2013 ACTIVE POWER | Kuracja zapobiegaj\u0105ca wypadaniu w\u0142os\u00f3w w ampu\u0142kach<\/title>\n<meta name=\"description\" content=\"Kuracja zapobiegaj\u0105ca wypadaniu w\u0142os\u00f3w w ampu\u0142kach, do w\u0142os\u00f3w s\u0142abych i \u0142amliwych.\" \/>\n<meta name=\"robots\" content=\"index, follow, max-snippet:-1, max-image-preview:large, max-video-preview:-1\" \/>\n<link rel=\"canonical\" href=\"https:\/\/seipuntozero-haircare.it\/pl\/prodotto\/take-over-active-power-kuracja-zapobiegajaca-wypadaniu-wlosow-w-ampulkach\/\" \/>\n<meta property=\"og:locale\" content=\"pl_PL\" \/>\n<meta property=\"og:type\" content=\"article\" \/>\n<meta property=\"og:title\" content=\"TAKE OVER \u2013 ACTIVE POWER | Kuracja zapobiegaj\u0105ca wypadaniu w\u0142os\u00f3w w ampu\u0142kach\" \/>\n<meta property=\"og:description\" content=\"Kuracja zapobiegaj\u0105ca wypadaniu w\u0142os\u00f3w w ampu\u0142kach, do w\u0142os\u00f3w s\u0142abych i \u0142amliwych.\" \/>\n<meta property=\"og:url\" content=\"https:\/\/seipuntozero-haircare.it\/pl\/prodotto\/take-over-active-power-kuracja-zapobiegajaca-wypadaniu-wlosow-w-ampulkach\/\" \/>\n<meta property=\"og:site_name\" content=\"6.Zero\" \/>\n<meta property=\"article:modified_time\" content=\"2023-11-21T09:09:56+00:00\" \/>\n<meta property=\"og:image\" content=\"https:\/\/seipuntozero-haircare.it\/wp-content\/uploads\/2017\/09\/262496_sei_punto_zero_take_over_active_power_hair_loss_prevention_treatment-1.png\" \/>\n\t<meta property=\"og:image:width\" content=\"600\" \/>\n\t<meta property=\"og:image:height\" content=\"600\" \/>\n\t<meta property=\"og:image:type\" content=\"image\/png\" \/>\n<meta name=\"twitter:card\" content=\"summary_large_image\" \/>\n<meta name=\"twitter:label1\" content=\"Szacowany czas czytania\" \/>\n\t<meta name=\"twitter:data1\" content=\"1 minuta\" \/>\n<script type=\"application\/ld+json\" class=\"yoast-schema-graph\">{\"@context\":\"https:\/\/schema.org\",\"@graph\":[{\"@type\":\"WebPage\",\"@id\":\"https:\/\/seipuntozero-haircare.it\/pl\/prodotto\/take-over-active-power-kuracja-zapobiegajaca-wypadaniu-wlosow-w-ampulkach\/\",\"url\":\"https:\/\/seipuntozero-haircare.it\/pl\/prodotto\/take-over-active-power-kuracja-zapobiegajaca-wypadaniu-wlosow-w-ampulkach\/\",\"name\":\"TAKE OVER \u2013 ACTIVE POWER | Kuracja zapobiegaj\u0105ca wypadaniu w\u0142os\u00f3w w ampu\u0142kach\",\"isPartOf\":{\"@id\":\"https:\/\/seipuntozero-haircare.it\/pl\/#website\"},\"primaryImageOfPage\":{\"@id\":\"https:\/\/seipuntozero-haircare.it\/pl\/prodotto\/take-over-active-power-kuracja-zapobiegajaca-wypadaniu-wlosow-w-ampulkach\/#primaryimage\"},\"image\":{\"@id\":\"https:\/\/seipuntozero-haircare.it\/pl\/prodotto\/take-over-active-power-kuracja-zapobiegajaca-wypadaniu-wlosow-w-ampulkach\/#primaryimage\"},\"thumbnailUrl\":\"https:\/\/seipuntozero-haircare.it\/wp-content\/uploads\/2017\/09\/262496_sei_punto_zero_take_over_active_power_hair_loss_prevention_treatment-1.png\",\"datePublished\":\"2017-09-28T08:09:31+00:00\",\"dateModified\":\"2023-11-21T09:09:56+00:00\",\"description\":\"Kuracja zapobiegaj\u0105ca wypadaniu w\u0142os\u00f3w w ampu\u0142kach, do w\u0142os\u00f3w s\u0142abych i \u0142amliwych.\",\"breadcrumb\":{\"@id\":\"https:\/\/seipuntozero-haircare.it\/pl\/prodotto\/take-over-active-power-kuracja-zapobiegajaca-wypadaniu-wlosow-w-ampulkach\/#breadcrumb\"},\"inLanguage\":\"pl-PL\",\"potentialAction\":[{\"@type\":\"ReadAction\",\"target\":[\"https:\/\/seipuntozero-haircare.it\/pl\/prodotto\/take-over-active-power-kuracja-zapobiegajaca-wypadaniu-wlosow-w-ampulkach\/\"]}]},{\"@type\":\"ImageObject\",\"inLanguage\":\"pl-PL\",\"@id\":\"https:\/\/seipuntozero-haircare.it\/pl\/prodotto\/take-over-active-power-kuracja-zapobiegajaca-wypadaniu-wlosow-w-ampulkach\/#primaryimage\",\"url\":\"https:\/\/seipuntozero-haircare.it\/wp-content\/uploads\/2017\/09\/262496_sei_punto_zero_take_over_active_power_hair_loss_prevention_treatment-1.png\",\"contentUrl\":\"https:\/\/seipuntozero-haircare.it\/wp-content\/uploads\/2017\/09\/262496_sei_punto_zero_take_over_active_power_hair_loss_prevention_treatment-1.png\",\"width\":600,\"height\":600},{\"@type\":\"BreadcrumbList\",\"@id\":\"https:\/\/seipuntozero-haircare.it\/pl\/prodotto\/take-over-active-power-kuracja-zapobiegajaca-wypadaniu-wlosow-w-ampulkach\/#breadcrumb\",\"itemListElement\":[{\"@type\":\"ListItem\",\"position\":1,\"name\":\"Home\",\"item\":\"https:\/\/seipuntozero-haircare.it\/pl\/\"},{\"@type\":\"ListItem\",\"position\":2,\"name\":\"Prodotti\",\"item\":\"https:\/\/seipuntozero-haircare.it\/prodotti\/\"},{\"@type\":\"ListItem\",\"position\":3,\"name\":\"TAKE OVER \u2013 ACTIVE POWER Kuracja zapobiegaj\u0105ca wypadaniu w\u0142os\u00f3w w ampu\u0142kach\"}]},{\"@type\":\"WebSite\",\"@id\":\"https:\/\/seipuntozero-haircare.it\/pl\/#website\",\"url\":\"https:\/\/seipuntozero-haircare.it\/pl\/\",\"name\":\"6.Zero\",\"description\":\"Essential Touch\",\"potentialAction\":[{\"@type\":\"SearchAction\",\"target\":{\"@type\":\"EntryPoint\",\"urlTemplate\":\"https:\/\/seipuntozero-haircare.it\/pl\/?s={search_term_string}\"},\"query-input\":{\"@type\":\"PropertyValueSpecification\",\"valueRequired\":true,\"valueName\":\"search_term_string\"}}],\"inLanguage\":\"pl-PL\"}]}<\/script>\n<!-- \/ Yoast SEO plugin. -->","yoast_head_json":{"title":"TAKE OVER \u2013 ACTIVE POWER | Kuracja zapobiegaj\u0105ca wypadaniu w\u0142os\u00f3w w ampu\u0142kach","description":"Kuracja zapobiegaj\u0105ca wypadaniu w\u0142os\u00f3w w ampu\u0142kach, do w\u0142os\u00f3w s\u0142abych i \u0142amliwych.","robots":{"index":"index","follow":"follow","max-snippet":"max-snippet:-1","max-image-preview":"max-image-preview:large","max-video-preview":"max-video-preview:-1"},"canonical":"https:\/\/seipuntozero-haircare.it\/pl\/prodotto\/take-over-active-power-kuracja-zapobiegajaca-wypadaniu-wlosow-w-ampulkach\/","og_locale":"pl_PL","og_type":"article","og_title":"TAKE OVER \u2013 ACTIVE POWER | Kuracja zapobiegaj\u0105ca wypadaniu w\u0142os\u00f3w w ampu\u0142kach","og_description":"Kuracja zapobiegaj\u0105ca wypadaniu w\u0142os\u00f3w w ampu\u0142kach, do w\u0142os\u00f3w s\u0142abych i \u0142amliwych.","og_url":"https:\/\/seipuntozero-haircare.it\/pl\/prodotto\/take-over-active-power-kuracja-zapobiegajaca-wypadaniu-wlosow-w-ampulkach\/","og_site_name":"6.Zero","article_modified_time":"2023-11-21T09:09:56+00:00","og_image":[{"width":600,"height":600,"url":"https:\/\/seipuntozero-haircare.it\/wp-content\/uploads\/2017\/09\/262496_sei_punto_zero_take_over_active_power_hair_loss_prevention_treatment-1.png","type":"image\/png"}],"twitter_card":"summary_large_image","twitter_misc":{"Szacowany czas czytania":"1 minuta"},"schema":{"@context":"https:\/\/schema.org","@graph":[{"@type":"WebPage","@id":"https:\/\/seipuntozero-haircare.it\/pl\/prodotto\/take-over-active-power-kuracja-zapobiegajaca-wypadaniu-wlosow-w-ampulkach\/","url":"https:\/\/seipuntozero-haircare.it\/pl\/prodotto\/take-over-active-power-kuracja-zapobiegajaca-wypadaniu-wlosow-w-ampulkach\/","name":"TAKE OVER \u2013 ACTIVE POWER | Kuracja zapobiegaj\u0105ca wypadaniu w\u0142os\u00f3w w ampu\u0142kach","isPartOf":{"@id":"https:\/\/seipuntozero-haircare.it\/pl\/#website"},"primaryImageOfPage":{"@id":"https:\/\/seipuntozero-haircare.it\/pl\/prodotto\/take-over-active-power-kuracja-zapobiegajaca-wypadaniu-wlosow-w-ampulkach\/#primaryimage"},"image":{"@id":"https:\/\/seipuntozero-haircare.it\/pl\/prodotto\/take-over-active-power-kuracja-zapobiegajaca-wypadaniu-wlosow-w-ampulkach\/#primaryimage"},"thumbnailUrl":"https:\/\/seipuntozero-haircare.it\/wp-content\/uploads\/2017\/09\/262496_sei_punto_zero_take_over_active_power_hair_loss_prevention_treatment-1.png","datePublished":"2017-09-28T08:09:31+00:00","dateModified":"2023-11-21T09:09:56+00:00","description":"Kuracja zapobiegaj\u0105ca wypadaniu w\u0142os\u00f3w w ampu\u0142kach, do w\u0142os\u00f3w s\u0142abych i \u0142amliwych.","breadcrumb":{"@id":"https:\/\/seipuntozero-haircare.it\/pl\/prodotto\/take-over-active-power-kuracja-zapobiegajaca-wypadaniu-wlosow-w-ampulkach\/#breadcrumb"},"inLanguage":"pl-PL","potentialAction":[{"@type":"ReadAction","target":["https:\/\/seipuntozero-haircare.it\/pl\/prodotto\/take-over-active-power-kuracja-zapobiegajaca-wypadaniu-wlosow-w-ampulkach\/"]}]},{"@type":"ImageObject","inLanguage":"pl-PL","@id":"https:\/\/seipuntozero-haircare.it\/pl\/prodotto\/take-over-active-power-kuracja-zapobiegajaca-wypadaniu-wlosow-w-ampulkach\/#primaryimage","url":"https:\/\/seipuntozero-haircare.it\/wp-content\/uploads\/2017\/09\/262496_sei_punto_zero_take_over_active_power_hair_loss_prevention_treatment-1.png","contentUrl":"https:\/\/seipuntozero-haircare.it\/wp-content\/uploads\/2017\/09\/262496_sei_punto_zero_take_over_active_power_hair_loss_prevention_treatment-1.png","width":600,"height":600},{"@type":"BreadcrumbList","@id":"https:\/\/seipuntozero-haircare.it\/pl\/prodotto\/take-over-active-power-kuracja-zapobiegajaca-wypadaniu-wlosow-w-ampulkach\/#breadcrumb","itemListElement":[{"@type":"ListItem","position":1,"name":"Home","item":"https:\/\/seipuntozero-haircare.it\/pl\/"},{"@type":"ListItem","position":2,"name":"Prodotti","item":"https:\/\/seipuntozero-haircare.it\/prodotti\/"},{"@type":"ListItem","position":3,"name":"TAKE OVER \u2013 ACTIVE POWER Kuracja zapobiegaj\u0105ca wypadaniu w\u0142os\u00f3w w ampu\u0142kach"}]},{"@type":"WebSite","@id":"https:\/\/seipuntozero-haircare.it\/pl\/#website","url":"https:\/\/seipuntozero-haircare.it\/pl\/","name":"6.Zero","description":"Essential Touch","potentialAction":[{"@type":"SearchAction","target":{"@type":"EntryPoint","urlTemplate":"https:\/\/seipuntozero-haircare.it\/pl\/?s={search_term_string}"},"query-input":{"@type":"PropertyValueSpecification","valueRequired":true,"valueName":"search_term_string"}}],"inLanguage":"pl-PL"}]}},"_links":{"self":[{"href":"https:\/\/seipuntozero-haircare.it\/pl\/wp-json\/wp\/v2\/product\/21919","targetHints":{"allow":["GET"]}}],"collection":[{"href":"https:\/\/seipuntozero-haircare.it\/pl\/wp-json\/wp\/v2\/product"}],"about":[{"href":"https:\/\/seipuntozero-haircare.it\/pl\/wp-json\/wp\/v2\/types\/product"}],"wp:featuredmedia":[{"embeddable":true,"href":"https:\/\/seipuntozero-haircare.it\/pl\/wp-json\/wp\/v2\/media\/21596"}],"wp:attachment":[{"href":"https:\/\/seipuntozero-haircare.it\/pl\/wp-json\/wp\/v2\/media?parent=21919"}],"wp:term":[{"taxonomy":"product_brand","embeddable":true,"href":"https:\/\/seipuntozero-haircare.it\/pl\/wp-json\/wp\/v2\/product_brand?post=21919"},{"taxonomy":"product_cat","embeddable":true,"href":"https:\/\/seipuntozero-haircare.it\/pl\/wp-json\/wp\/v2\/product_cat?post=21919"},{"taxonomy":"product_tag","embeddable":true,"href":"https:\/\/seipuntozero-haircare.it\/pl\/wp-json\/wp\/v2\/product_tag?post=21919"}],"curies":[{"name":"wp","href":"https:\/\/api.w.org\/{rel}","templated":true}]}}