{"id":21918,"date":"2017-09-28T10:04:15","date_gmt":"2017-09-28T08:04:15","guid":{"rendered":"https:\/\/seipuntozero-haircare.it\/prodotto\/take-over-active-power-szampon-przeciw-wypadaniu-wlosow\/"},"modified":"2023-11-21T10:12:47","modified_gmt":"2023-11-21T09:12:47","slug":"take-over-active-power-szampon-przeciw-wypadaniu-wlosow","status":"publish","type":"product","link":"https:\/\/seipuntozero-haircare.it\/pl\/prodotto\/take-over-active-power-szampon-przeciw-wypadaniu-wlosow\/","title":{"rendered":"TAKE OVER \u2013 ACTIVE POWER <br> Szampon przeciw wypadaniu w\u0142os\u00f3w"},"content":{"rendered":"<ul>\n<li style=\"font-weight: 400;\" aria-level=\"1\"><span style=\"font-weight: 400;\">Delikatnie oczyszcza wra\u017cliw\u0105 sk\u00f3r\u0119 g\u0142owy i w\u0142osy<\/span><\/li>\n<li style=\"font-weight: 400;\" aria-level=\"1\"><span style=\"font-weight: 400;\">Kondycjonuje w\u0142osy<\/span><\/li>\n<li style=\"font-weight: 400;\" aria-level=\"1\"><span style=\"font-weight: 400;\">W\u0142osy odzyskuj\u0105 wigor oraz zdrowszy wygl\u0105d pe\u0142en blasku<\/span><\/li>\n<\/ul>\n","protected":false},"excerpt":{"rendered":"<p><span style=\"font-weight: 400;\">Nowy szampon zapobiegaj\u0105cy wypadaniu do w\u0142os\u00f3w delikatnych i s\u0142abych delikatnie oczyszcza sk\u00f3r\u0119 g\u0142owy oraz w\u0142osy. Szampon o wszechstronnym dzia\u0142aniu, kt\u00f3re dog\u0142\u0119bnie wzmacnia cebulk\u0119 w\u0142osa. Zawarte w formule ekstrakty ro\u015blinne i witaminy maj\u0105 w\u0142a\u015bciwo\u015bci tonizuj\u0105ce i stymuluj\u0105ce, kt\u00f3re piel\u0119gnuj\u0105 w\u0142osy, a tak\u017ce nadaj\u0105 im zdrowy wygl\u0105d pe\u0142en blasku.<\/span><\/p>\n<p><span style=\"font-weight: 400;\">Buteleczka o pojemno\u015bci 300 ml<\/span><\/p>\n","protected":false},"featured_media":21595,"template":"","meta":[],"product_brand":[],"product_cat":[1214],"product_tag":[],"class_list":["post-21918","product","type-product","status-publish","has-post-thumbnail","hentry","product_cat-take-over-active-power-pl"],"yoast_head":"<!-- This site is optimized with the Yoast SEO plugin v27.1.1 - https:\/\/yoast.com\/product\/yoast-seo-wordpress\/ -->\n<title>TAKE OVER \u2013 ACTIVE POWER | Szampon przeciw wypadaniu w\u0142os\u00f3w<\/title>\n<meta name=\"description\" content=\"Nowy szampon zapobiegaj\u0105cy wypadaniu do w\u0142os\u00f3w delikatnych i s\u0142abych delikatnie oczyszcza sk\u00f3r\u0119 g\u0142owy oraz w\u0142osy.\" \/>\n<meta name=\"robots\" content=\"index, follow, max-snippet:-1, max-image-preview:large, max-video-preview:-1\" \/>\n<link rel=\"canonical\" href=\"https:\/\/seipuntozero-haircare.it\/pl\/prodotto\/take-over-active-power-szampon-przeciw-wypadaniu-wlosow\/\" \/>\n<meta property=\"og:locale\" content=\"pl_PL\" \/>\n<meta property=\"og:type\" content=\"article\" \/>\n<meta property=\"og:title\" content=\"TAKE OVER \u2013 ACTIVE POWER | Szampon przeciw wypadaniu w\u0142os\u00f3w\" \/>\n<meta property=\"og:description\" content=\"Nowy szampon zapobiegaj\u0105cy wypadaniu do w\u0142os\u00f3w delikatnych i s\u0142abych delikatnie oczyszcza sk\u00f3r\u0119 g\u0142owy oraz w\u0142osy.\" \/>\n<meta property=\"og:url\" content=\"https:\/\/seipuntozero-haircare.it\/pl\/prodotto\/take-over-active-power-szampon-przeciw-wypadaniu-wlosow\/\" \/>\n<meta property=\"og:site_name\" content=\"6.Zero\" \/>\n<meta property=\"article:modified_time\" content=\"2023-11-21T09:12:47+00:00\" \/>\n<meta property=\"og:image\" content=\"https:\/\/seipuntozero-haircare.it\/wp-content\/uploads\/2017\/09\/263257_sei_punto_zero_take_over_active_power_shampoo_300ml-1.png\" \/>\n\t<meta property=\"og:image:width\" content=\"800\" \/>\n\t<meta property=\"og:image:height\" content=\"800\" \/>\n\t<meta property=\"og:image:type\" content=\"image\/png\" \/>\n<meta name=\"twitter:card\" content=\"summary_large_image\" \/>\n<meta name=\"twitter:label1\" content=\"Szacowany czas czytania\" \/>\n\t<meta name=\"twitter:data1\" content=\"1 minuta\" \/>\n<script type=\"application\/ld+json\" class=\"yoast-schema-graph\">{\"@context\":\"https:\/\/schema.org\",\"@graph\":[{\"@type\":\"WebPage\",\"@id\":\"https:\/\/seipuntozero-haircare.it\/pl\/prodotto\/take-over-active-power-szampon-przeciw-wypadaniu-wlosow\/\",\"url\":\"https:\/\/seipuntozero-haircare.it\/pl\/prodotto\/take-over-active-power-szampon-przeciw-wypadaniu-wlosow\/\",\"name\":\"TAKE OVER \u2013 ACTIVE POWER | Szampon przeciw wypadaniu w\u0142os\u00f3w\",\"isPartOf\":{\"@id\":\"https:\/\/seipuntozero-haircare.it\/pl\/#website\"},\"primaryImageOfPage\":{\"@id\":\"https:\/\/seipuntozero-haircare.it\/pl\/prodotto\/take-over-active-power-szampon-przeciw-wypadaniu-wlosow\/#primaryimage\"},\"image\":{\"@id\":\"https:\/\/seipuntozero-haircare.it\/pl\/prodotto\/take-over-active-power-szampon-przeciw-wypadaniu-wlosow\/#primaryimage\"},\"thumbnailUrl\":\"https:\/\/seipuntozero-haircare.it\/wp-content\/uploads\/2017\/09\/263257_sei_punto_zero_take_over_active_power_shampoo_300ml-1.png\",\"datePublished\":\"2017-09-28T08:04:15+00:00\",\"dateModified\":\"2023-11-21T09:12:47+00:00\",\"description\":\"Nowy szampon zapobiegaj\u0105cy wypadaniu do w\u0142os\u00f3w delikatnych i s\u0142abych delikatnie oczyszcza sk\u00f3r\u0119 g\u0142owy oraz w\u0142osy.\",\"breadcrumb\":{\"@id\":\"https:\/\/seipuntozero-haircare.it\/pl\/prodotto\/take-over-active-power-szampon-przeciw-wypadaniu-wlosow\/#breadcrumb\"},\"inLanguage\":\"pl-PL\",\"potentialAction\":[{\"@type\":\"ReadAction\",\"target\":[\"https:\/\/seipuntozero-haircare.it\/pl\/prodotto\/take-over-active-power-szampon-przeciw-wypadaniu-wlosow\/\"]}]},{\"@type\":\"ImageObject\",\"inLanguage\":\"pl-PL\",\"@id\":\"https:\/\/seipuntozero-haircare.it\/pl\/prodotto\/take-over-active-power-szampon-przeciw-wypadaniu-wlosow\/#primaryimage\",\"url\":\"https:\/\/seipuntozero-haircare.it\/wp-content\/uploads\/2017\/09\/263257_sei_punto_zero_take_over_active_power_shampoo_300ml-1.png\",\"contentUrl\":\"https:\/\/seipuntozero-haircare.it\/wp-content\/uploads\/2017\/09\/263257_sei_punto_zero_take_over_active_power_shampoo_300ml-1.png\",\"width\":800,\"height\":800},{\"@type\":\"BreadcrumbList\",\"@id\":\"https:\/\/seipuntozero-haircare.it\/pl\/prodotto\/take-over-active-power-szampon-przeciw-wypadaniu-wlosow\/#breadcrumb\",\"itemListElement\":[{\"@type\":\"ListItem\",\"position\":1,\"name\":\"Home\",\"item\":\"https:\/\/seipuntozero-haircare.it\/pl\/\"},{\"@type\":\"ListItem\",\"position\":2,\"name\":\"Prodotti\",\"item\":\"https:\/\/seipuntozero-haircare.it\/prodotti\/\"},{\"@type\":\"ListItem\",\"position\":3,\"name\":\"TAKE OVER \u2013 ACTIVE POWER Szampon przeciw wypadaniu w\u0142os\u00f3w\"}]},{\"@type\":\"WebSite\",\"@id\":\"https:\/\/seipuntozero-haircare.it\/pl\/#website\",\"url\":\"https:\/\/seipuntozero-haircare.it\/pl\/\",\"name\":\"6.Zero\",\"description\":\"Essential Touch\",\"potentialAction\":[{\"@type\":\"SearchAction\",\"target\":{\"@type\":\"EntryPoint\",\"urlTemplate\":\"https:\/\/seipuntozero-haircare.it\/pl\/?s={search_term_string}\"},\"query-input\":{\"@type\":\"PropertyValueSpecification\",\"valueRequired\":true,\"valueName\":\"search_term_string\"}}],\"inLanguage\":\"pl-PL\"}]}<\/script>\n<!-- \/ Yoast SEO plugin. -->","yoast_head_json":{"title":"TAKE OVER \u2013 ACTIVE POWER | Szampon przeciw wypadaniu w\u0142os\u00f3w","description":"Nowy szampon zapobiegaj\u0105cy wypadaniu do w\u0142os\u00f3w delikatnych i s\u0142abych delikatnie oczyszcza sk\u00f3r\u0119 g\u0142owy oraz w\u0142osy.","robots":{"index":"index","follow":"follow","max-snippet":"max-snippet:-1","max-image-preview":"max-image-preview:large","max-video-preview":"max-video-preview:-1"},"canonical":"https:\/\/seipuntozero-haircare.it\/pl\/prodotto\/take-over-active-power-szampon-przeciw-wypadaniu-wlosow\/","og_locale":"pl_PL","og_type":"article","og_title":"TAKE OVER \u2013 ACTIVE POWER | Szampon przeciw wypadaniu w\u0142os\u00f3w","og_description":"Nowy szampon zapobiegaj\u0105cy wypadaniu do w\u0142os\u00f3w delikatnych i s\u0142abych delikatnie oczyszcza sk\u00f3r\u0119 g\u0142owy oraz w\u0142osy.","og_url":"https:\/\/seipuntozero-haircare.it\/pl\/prodotto\/take-over-active-power-szampon-przeciw-wypadaniu-wlosow\/","og_site_name":"6.Zero","article_modified_time":"2023-11-21T09:12:47+00:00","og_image":[{"width":800,"height":800,"url":"https:\/\/seipuntozero-haircare.it\/wp-content\/uploads\/2017\/09\/263257_sei_punto_zero_take_over_active_power_shampoo_300ml-1.png","type":"image\/png"}],"twitter_card":"summary_large_image","twitter_misc":{"Szacowany czas czytania":"1 minuta"},"schema":{"@context":"https:\/\/schema.org","@graph":[{"@type":"WebPage","@id":"https:\/\/seipuntozero-haircare.it\/pl\/prodotto\/take-over-active-power-szampon-przeciw-wypadaniu-wlosow\/","url":"https:\/\/seipuntozero-haircare.it\/pl\/prodotto\/take-over-active-power-szampon-przeciw-wypadaniu-wlosow\/","name":"TAKE OVER \u2013 ACTIVE POWER | Szampon przeciw wypadaniu w\u0142os\u00f3w","isPartOf":{"@id":"https:\/\/seipuntozero-haircare.it\/pl\/#website"},"primaryImageOfPage":{"@id":"https:\/\/seipuntozero-haircare.it\/pl\/prodotto\/take-over-active-power-szampon-przeciw-wypadaniu-wlosow\/#primaryimage"},"image":{"@id":"https:\/\/seipuntozero-haircare.it\/pl\/prodotto\/take-over-active-power-szampon-przeciw-wypadaniu-wlosow\/#primaryimage"},"thumbnailUrl":"https:\/\/seipuntozero-haircare.it\/wp-content\/uploads\/2017\/09\/263257_sei_punto_zero_take_over_active_power_shampoo_300ml-1.png","datePublished":"2017-09-28T08:04:15+00:00","dateModified":"2023-11-21T09:12:47+00:00","description":"Nowy szampon zapobiegaj\u0105cy wypadaniu do w\u0142os\u00f3w delikatnych i s\u0142abych delikatnie oczyszcza sk\u00f3r\u0119 g\u0142owy oraz w\u0142osy.","breadcrumb":{"@id":"https:\/\/seipuntozero-haircare.it\/pl\/prodotto\/take-over-active-power-szampon-przeciw-wypadaniu-wlosow\/#breadcrumb"},"inLanguage":"pl-PL","potentialAction":[{"@type":"ReadAction","target":["https:\/\/seipuntozero-haircare.it\/pl\/prodotto\/take-over-active-power-szampon-przeciw-wypadaniu-wlosow\/"]}]},{"@type":"ImageObject","inLanguage":"pl-PL","@id":"https:\/\/seipuntozero-haircare.it\/pl\/prodotto\/take-over-active-power-szampon-przeciw-wypadaniu-wlosow\/#primaryimage","url":"https:\/\/seipuntozero-haircare.it\/wp-content\/uploads\/2017\/09\/263257_sei_punto_zero_take_over_active_power_shampoo_300ml-1.png","contentUrl":"https:\/\/seipuntozero-haircare.it\/wp-content\/uploads\/2017\/09\/263257_sei_punto_zero_take_over_active_power_shampoo_300ml-1.png","width":800,"height":800},{"@type":"BreadcrumbList","@id":"https:\/\/seipuntozero-haircare.it\/pl\/prodotto\/take-over-active-power-szampon-przeciw-wypadaniu-wlosow\/#breadcrumb","itemListElement":[{"@type":"ListItem","position":1,"name":"Home","item":"https:\/\/seipuntozero-haircare.it\/pl\/"},{"@type":"ListItem","position":2,"name":"Prodotti","item":"https:\/\/seipuntozero-haircare.it\/prodotti\/"},{"@type":"ListItem","position":3,"name":"TAKE OVER \u2013 ACTIVE POWER Szampon przeciw wypadaniu w\u0142os\u00f3w"}]},{"@type":"WebSite","@id":"https:\/\/seipuntozero-haircare.it\/pl\/#website","url":"https:\/\/seipuntozero-haircare.it\/pl\/","name":"6.Zero","description":"Essential Touch","potentialAction":[{"@type":"SearchAction","target":{"@type":"EntryPoint","urlTemplate":"https:\/\/seipuntozero-haircare.it\/pl\/?s={search_term_string}"},"query-input":{"@type":"PropertyValueSpecification","valueRequired":true,"valueName":"search_term_string"}}],"inLanguage":"pl-PL"}]}},"_links":{"self":[{"href":"https:\/\/seipuntozero-haircare.it\/pl\/wp-json\/wp\/v2\/product\/21918","targetHints":{"allow":["GET"]}}],"collection":[{"href":"https:\/\/seipuntozero-haircare.it\/pl\/wp-json\/wp\/v2\/product"}],"about":[{"href":"https:\/\/seipuntozero-haircare.it\/pl\/wp-json\/wp\/v2\/types\/product"}],"wp:featuredmedia":[{"embeddable":true,"href":"https:\/\/seipuntozero-haircare.it\/pl\/wp-json\/wp\/v2\/media\/21595"}],"wp:attachment":[{"href":"https:\/\/seipuntozero-haircare.it\/pl\/wp-json\/wp\/v2\/media?parent=21918"}],"wp:term":[{"taxonomy":"product_brand","embeddable":true,"href":"https:\/\/seipuntozero-haircare.it\/pl\/wp-json\/wp\/v2\/product_brand?post=21918"},{"taxonomy":"product_cat","embeddable":true,"href":"https:\/\/seipuntozero-haircare.it\/pl\/wp-json\/wp\/v2\/product_cat?post=21918"},{"taxonomy":"product_tag","embeddable":true,"href":"https:\/\/seipuntozero-haircare.it\/pl\/wp-json\/wp\/v2\/product_tag?post=21918"}],"curies":[{"name":"wp","href":"https:\/\/api.w.org\/{rel}","templated":true}]}}