{"id":21917,"date":"2021-09-29T16:37:29","date_gmt":"2021-09-29T14:37:29","guid":{"rendered":"https:\/\/seipuntozero-haircare.it\/prodotto\/take-over-active-power-zestaw-zapobiegajacy-wypadaniu-wlosow-skladajacy-sie-z-szamponu-i-ampulek\/"},"modified":"2023-11-21T10:14:45","modified_gmt":"2023-11-21T09:14:45","slug":"take-over-active-power-zestaw-zapobiegajacy-wypadaniu-wlosow-skladajacy-sie-z-szamponu-i-ampulek","status":"publish","type":"product","link":"https:\/\/seipuntozero-haircare.it\/pl\/prodotto\/take-over-active-power-zestaw-zapobiegajacy-wypadaniu-wlosow-skladajacy-sie-z-szamponu-i-ampulek\/","title":{"rendered":"TAKE OVER \u2013 ACTIVE POWER <br> Zestaw zapobiegaj\u0105cy wypadaniu w\u0142os\u00f3w sk\u0142adaj\u0105cy si\u0119 z Szamponu i Ampu\u0142ek"},"content":{"rendered":"<ul>\n<li style=\"font-weight: 400;\" aria-level=\"1\"><span style=\"font-weight: 400;\">Idealny do w\u0142os\u00f3w ze sk\u0142onno\u015bci\u0105 do wypadania<\/span><\/li>\n<li style=\"font-weight: 400;\" aria-level=\"1\"><span style=\"font-weight: 400;\">Tonizuje i chroni sk\u00f3r\u0119\u00a0<\/span><\/li>\n<li style=\"font-weight: 400;\" aria-level=\"1\"><span style=\"font-weight: 400;\">Nadaje w\u0142osom zdrowy i l\u015bni\u0105cy wygl\u0105d\u00a0<\/span><\/li>\n<\/ul>\n","protected":false},"excerpt":{"rendered":"<p><span style=\"font-weight: 400;\">Stres, agresywne zabiegi kosmetyczne oraz zanieczyszczenia \u015brodowiska to czynniki os\u0142abiaj\u0105ce w\u0142osy od wewn\u0105trz i zwi\u0119kszaj\u0105ce ryzyko ich wypadania. Szampon Active Power oraz Zabieg w ampu\u0142kach wzmacniaj\u0105 delikatne w\u0142osy dzi\u0119ki dzia\u0142aniu ochronnemu i przeciwutleniaj\u0105cemu, zapobiegaj\u0105c wypadaniu w\u0142os\u00f3w. Zawarte w formule ekstrakty ro\u015blinne i witaminy wykazuj\u0105 w\u0142a\u015bciwo\u015bci tonizuj\u0105ce i stymuluj\u0105ce, kt\u00f3re piel\u0119gnuj\u0105 w\u0142osy oraz nadaj\u0105 im zdrowy wygl\u0105d pe\u0142en blasku.\u00a0<\/span><\/p>\n<p><span style=\"font-weight: 400;\">Zestaw sk\u0142ada si\u0119 z Szamponu Pomocniczego o pojemno\u015bci 300 ml, pude\u0142ka z 10 fiolkami o pojemno\u015bci 8 ml i urz\u0105dzenia do masa\u017cu sk\u00f3ry g\u0142owy, kt\u00f3rego zadaniem jest reaktywacja mikrokr\u0105\u017cenia oraz pobudzenie porostu w\u0142os\u00f3w.<\/span><\/p>\n","protected":false},"featured_media":21597,"template":"","meta":[],"product_brand":[],"product_cat":[1214],"product_tag":[],"class_list":["post-21917","product","type-product","status-publish","has-post-thumbnail","hentry","product_cat-take-over-active-power-pl"],"yoast_head":"<!-- This site is optimized with the Yoast SEO plugin v27.1.1 - https:\/\/yoast.com\/product\/yoast-seo-wordpress\/ -->\n<title>Zestaw zapobiegaj\u0105cy wypadaniu w\u0142os\u00f3w sk\u0142adaj\u0105cy si\u0119 z Szamponu i Ampu\u0142ek<\/title>\n<meta name=\"description\" content=\"Szampon Active Power oraz Zabieg w ampu\u0142kach wzmacniaj\u0105 delikatne w\u0142osy dzi\u0119ki dzia\u0142aniu ochronnemu i przeciwutleniaj\u0105cemu, zapobiegaj\u0105c wypadaniu w\u0142os\u00f3w.\" \/>\n<meta name=\"robots\" content=\"index, follow, max-snippet:-1, max-image-preview:large, max-video-preview:-1\" \/>\n<link rel=\"canonical\" href=\"https:\/\/seipuntozero-haircare.it\/pl\/prodotto\/take-over-active-power-zestaw-zapobiegajacy-wypadaniu-wlosow-skladajacy-sie-z-szamponu-i-ampulek\/\" \/>\n<meta property=\"og:locale\" content=\"pl_PL\" \/>\n<meta property=\"og:type\" content=\"article\" \/>\n<meta property=\"og:title\" content=\"Zestaw zapobiegaj\u0105cy wypadaniu w\u0142os\u00f3w sk\u0142adaj\u0105cy si\u0119 z Szamponu i Ampu\u0142ek\" \/>\n<meta property=\"og:description\" content=\"Szampon Active Power oraz Zabieg w ampu\u0142kach wzmacniaj\u0105 delikatne w\u0142osy dzi\u0119ki dzia\u0142aniu ochronnemu i przeciwutleniaj\u0105cemu, zapobiegaj\u0105c wypadaniu w\u0142os\u00f3w.\" \/>\n<meta property=\"og:url\" content=\"https:\/\/seipuntozero-haircare.it\/pl\/prodotto\/take-over-active-power-zestaw-zapobiegajacy-wypadaniu-wlosow-skladajacy-sie-z-szamponu-i-ampulek\/\" \/>\n<meta property=\"og:site_name\" content=\"6.Zero\" \/>\n<meta property=\"article:modified_time\" content=\"2023-11-21T09:14:45+00:00\" \/>\n<meta property=\"og:image\" content=\"https:\/\/seipuntozero-haircare.it\/wp-content\/uploads\/2021\/09\/sei_punto_zero_take_over_kit_active_power_massaggiatore.png\" \/>\n\t<meta property=\"og:image:width\" content=\"600\" \/>\n\t<meta property=\"og:image:height\" content=\"600\" \/>\n\t<meta property=\"og:image:type\" content=\"image\/png\" \/>\n<meta name=\"twitter:card\" content=\"summary_large_image\" \/>\n<meta name=\"twitter:label1\" content=\"Szacowany czas czytania\" \/>\n\t<meta name=\"twitter:data1\" content=\"1 minuta\" \/>\n<script type=\"application\/ld+json\" class=\"yoast-schema-graph\">{\"@context\":\"https:\/\/schema.org\",\"@graph\":[{\"@type\":\"WebPage\",\"@id\":\"https:\/\/seipuntozero-haircare.it\/pl\/prodotto\/take-over-active-power-zestaw-zapobiegajacy-wypadaniu-wlosow-skladajacy-sie-z-szamponu-i-ampulek\/\",\"url\":\"https:\/\/seipuntozero-haircare.it\/pl\/prodotto\/take-over-active-power-zestaw-zapobiegajacy-wypadaniu-wlosow-skladajacy-sie-z-szamponu-i-ampulek\/\",\"name\":\"Zestaw zapobiegaj\u0105cy wypadaniu w\u0142os\u00f3w sk\u0142adaj\u0105cy si\u0119 z Szamponu i Ampu\u0142ek\",\"isPartOf\":{\"@id\":\"https:\/\/seipuntozero-haircare.it\/pl\/#website\"},\"primaryImageOfPage\":{\"@id\":\"https:\/\/seipuntozero-haircare.it\/pl\/prodotto\/take-over-active-power-zestaw-zapobiegajacy-wypadaniu-wlosow-skladajacy-sie-z-szamponu-i-ampulek\/#primaryimage\"},\"image\":{\"@id\":\"https:\/\/seipuntozero-haircare.it\/pl\/prodotto\/take-over-active-power-zestaw-zapobiegajacy-wypadaniu-wlosow-skladajacy-sie-z-szamponu-i-ampulek\/#primaryimage\"},\"thumbnailUrl\":\"https:\/\/seipuntozero-haircare.it\/wp-content\/uploads\/2021\/09\/sei_punto_zero_take_over_kit_active_power_massaggiatore.png\",\"datePublished\":\"2021-09-29T14:37:29+00:00\",\"dateModified\":\"2023-11-21T09:14:45+00:00\",\"description\":\"Szampon Active Power oraz Zabieg w ampu\u0142kach wzmacniaj\u0105 delikatne w\u0142osy dzi\u0119ki dzia\u0142aniu ochronnemu i przeciwutleniaj\u0105cemu, zapobiegaj\u0105c wypadaniu w\u0142os\u00f3w.\",\"breadcrumb\":{\"@id\":\"https:\/\/seipuntozero-haircare.it\/pl\/prodotto\/take-over-active-power-zestaw-zapobiegajacy-wypadaniu-wlosow-skladajacy-sie-z-szamponu-i-ampulek\/#breadcrumb\"},\"inLanguage\":\"pl-PL\",\"potentialAction\":[{\"@type\":\"ReadAction\",\"target\":[\"https:\/\/seipuntozero-haircare.it\/pl\/prodotto\/take-over-active-power-zestaw-zapobiegajacy-wypadaniu-wlosow-skladajacy-sie-z-szamponu-i-ampulek\/\"]}]},{\"@type\":\"ImageObject\",\"inLanguage\":\"pl-PL\",\"@id\":\"https:\/\/seipuntozero-haircare.it\/pl\/prodotto\/take-over-active-power-zestaw-zapobiegajacy-wypadaniu-wlosow-skladajacy-sie-z-szamponu-i-ampulek\/#primaryimage\",\"url\":\"https:\/\/seipuntozero-haircare.it\/wp-content\/uploads\/2021\/09\/sei_punto_zero_take_over_kit_active_power_massaggiatore.png\",\"contentUrl\":\"https:\/\/seipuntozero-haircare.it\/wp-content\/uploads\/2021\/09\/sei_punto_zero_take_over_kit_active_power_massaggiatore.png\",\"width\":600,\"height\":600},{\"@type\":\"BreadcrumbList\",\"@id\":\"https:\/\/seipuntozero-haircare.it\/pl\/prodotto\/take-over-active-power-zestaw-zapobiegajacy-wypadaniu-wlosow-skladajacy-sie-z-szamponu-i-ampulek\/#breadcrumb\",\"itemListElement\":[{\"@type\":\"ListItem\",\"position\":1,\"name\":\"Home\",\"item\":\"https:\/\/seipuntozero-haircare.it\/pl\/\"},{\"@type\":\"ListItem\",\"position\":2,\"name\":\"Prodotti\",\"item\":\"https:\/\/seipuntozero-haircare.it\/prodotti\/\"},{\"@type\":\"ListItem\",\"position\":3,\"name\":\"TAKE OVER \u2013 ACTIVE POWER Zestaw zapobiegaj\u0105cy wypadaniu w\u0142os\u00f3w sk\u0142adaj\u0105cy si\u0119 z Szamponu i Ampu\u0142ek\"}]},{\"@type\":\"WebSite\",\"@id\":\"https:\/\/seipuntozero-haircare.it\/pl\/#website\",\"url\":\"https:\/\/seipuntozero-haircare.it\/pl\/\",\"name\":\"6.Zero\",\"description\":\"Essential Touch\",\"potentialAction\":[{\"@type\":\"SearchAction\",\"target\":{\"@type\":\"EntryPoint\",\"urlTemplate\":\"https:\/\/seipuntozero-haircare.it\/pl\/?s={search_term_string}\"},\"query-input\":{\"@type\":\"PropertyValueSpecification\",\"valueRequired\":true,\"valueName\":\"search_term_string\"}}],\"inLanguage\":\"pl-PL\"}]}<\/script>\n<!-- \/ Yoast SEO plugin. -->","yoast_head_json":{"title":"Zestaw zapobiegaj\u0105cy wypadaniu w\u0142os\u00f3w sk\u0142adaj\u0105cy si\u0119 z Szamponu i Ampu\u0142ek","description":"Szampon Active Power oraz Zabieg w ampu\u0142kach wzmacniaj\u0105 delikatne w\u0142osy dzi\u0119ki dzia\u0142aniu ochronnemu i przeciwutleniaj\u0105cemu, zapobiegaj\u0105c wypadaniu w\u0142os\u00f3w.","robots":{"index":"index","follow":"follow","max-snippet":"max-snippet:-1","max-image-preview":"max-image-preview:large","max-video-preview":"max-video-preview:-1"},"canonical":"https:\/\/seipuntozero-haircare.it\/pl\/prodotto\/take-over-active-power-zestaw-zapobiegajacy-wypadaniu-wlosow-skladajacy-sie-z-szamponu-i-ampulek\/","og_locale":"pl_PL","og_type":"article","og_title":"Zestaw zapobiegaj\u0105cy wypadaniu w\u0142os\u00f3w sk\u0142adaj\u0105cy si\u0119 z Szamponu i Ampu\u0142ek","og_description":"Szampon Active Power oraz Zabieg w ampu\u0142kach wzmacniaj\u0105 delikatne w\u0142osy dzi\u0119ki dzia\u0142aniu ochronnemu i przeciwutleniaj\u0105cemu, zapobiegaj\u0105c wypadaniu w\u0142os\u00f3w.","og_url":"https:\/\/seipuntozero-haircare.it\/pl\/prodotto\/take-over-active-power-zestaw-zapobiegajacy-wypadaniu-wlosow-skladajacy-sie-z-szamponu-i-ampulek\/","og_site_name":"6.Zero","article_modified_time":"2023-11-21T09:14:45+00:00","og_image":[{"width":600,"height":600,"url":"https:\/\/seipuntozero-haircare.it\/wp-content\/uploads\/2021\/09\/sei_punto_zero_take_over_kit_active_power_massaggiatore.png","type":"image\/png"}],"twitter_card":"summary_large_image","twitter_misc":{"Szacowany czas czytania":"1 minuta"},"schema":{"@context":"https:\/\/schema.org","@graph":[{"@type":"WebPage","@id":"https:\/\/seipuntozero-haircare.it\/pl\/prodotto\/take-over-active-power-zestaw-zapobiegajacy-wypadaniu-wlosow-skladajacy-sie-z-szamponu-i-ampulek\/","url":"https:\/\/seipuntozero-haircare.it\/pl\/prodotto\/take-over-active-power-zestaw-zapobiegajacy-wypadaniu-wlosow-skladajacy-sie-z-szamponu-i-ampulek\/","name":"Zestaw zapobiegaj\u0105cy wypadaniu w\u0142os\u00f3w sk\u0142adaj\u0105cy si\u0119 z Szamponu i Ampu\u0142ek","isPartOf":{"@id":"https:\/\/seipuntozero-haircare.it\/pl\/#website"},"primaryImageOfPage":{"@id":"https:\/\/seipuntozero-haircare.it\/pl\/prodotto\/take-over-active-power-zestaw-zapobiegajacy-wypadaniu-wlosow-skladajacy-sie-z-szamponu-i-ampulek\/#primaryimage"},"image":{"@id":"https:\/\/seipuntozero-haircare.it\/pl\/prodotto\/take-over-active-power-zestaw-zapobiegajacy-wypadaniu-wlosow-skladajacy-sie-z-szamponu-i-ampulek\/#primaryimage"},"thumbnailUrl":"https:\/\/seipuntozero-haircare.it\/wp-content\/uploads\/2021\/09\/sei_punto_zero_take_over_kit_active_power_massaggiatore.png","datePublished":"2021-09-29T14:37:29+00:00","dateModified":"2023-11-21T09:14:45+00:00","description":"Szampon Active Power oraz Zabieg w ampu\u0142kach wzmacniaj\u0105 delikatne w\u0142osy dzi\u0119ki dzia\u0142aniu ochronnemu i przeciwutleniaj\u0105cemu, zapobiegaj\u0105c wypadaniu w\u0142os\u00f3w.","breadcrumb":{"@id":"https:\/\/seipuntozero-haircare.it\/pl\/prodotto\/take-over-active-power-zestaw-zapobiegajacy-wypadaniu-wlosow-skladajacy-sie-z-szamponu-i-ampulek\/#breadcrumb"},"inLanguage":"pl-PL","potentialAction":[{"@type":"ReadAction","target":["https:\/\/seipuntozero-haircare.it\/pl\/prodotto\/take-over-active-power-zestaw-zapobiegajacy-wypadaniu-wlosow-skladajacy-sie-z-szamponu-i-ampulek\/"]}]},{"@type":"ImageObject","inLanguage":"pl-PL","@id":"https:\/\/seipuntozero-haircare.it\/pl\/prodotto\/take-over-active-power-zestaw-zapobiegajacy-wypadaniu-wlosow-skladajacy-sie-z-szamponu-i-ampulek\/#primaryimage","url":"https:\/\/seipuntozero-haircare.it\/wp-content\/uploads\/2021\/09\/sei_punto_zero_take_over_kit_active_power_massaggiatore.png","contentUrl":"https:\/\/seipuntozero-haircare.it\/wp-content\/uploads\/2021\/09\/sei_punto_zero_take_over_kit_active_power_massaggiatore.png","width":600,"height":600},{"@type":"BreadcrumbList","@id":"https:\/\/seipuntozero-haircare.it\/pl\/prodotto\/take-over-active-power-zestaw-zapobiegajacy-wypadaniu-wlosow-skladajacy-sie-z-szamponu-i-ampulek\/#breadcrumb","itemListElement":[{"@type":"ListItem","position":1,"name":"Home","item":"https:\/\/seipuntozero-haircare.it\/pl\/"},{"@type":"ListItem","position":2,"name":"Prodotti","item":"https:\/\/seipuntozero-haircare.it\/prodotti\/"},{"@type":"ListItem","position":3,"name":"TAKE OVER \u2013 ACTIVE POWER Zestaw zapobiegaj\u0105cy wypadaniu w\u0142os\u00f3w sk\u0142adaj\u0105cy si\u0119 z Szamponu i Ampu\u0142ek"}]},{"@type":"WebSite","@id":"https:\/\/seipuntozero-haircare.it\/pl\/#website","url":"https:\/\/seipuntozero-haircare.it\/pl\/","name":"6.Zero","description":"Essential Touch","potentialAction":[{"@type":"SearchAction","target":{"@type":"EntryPoint","urlTemplate":"https:\/\/seipuntozero-haircare.it\/pl\/?s={search_term_string}"},"query-input":{"@type":"PropertyValueSpecification","valueRequired":true,"valueName":"search_term_string"}}],"inLanguage":"pl-PL"}]}},"_links":{"self":[{"href":"https:\/\/seipuntozero-haircare.it\/pl\/wp-json\/wp\/v2\/product\/21917","targetHints":{"allow":["GET"]}}],"collection":[{"href":"https:\/\/seipuntozero-haircare.it\/pl\/wp-json\/wp\/v2\/product"}],"about":[{"href":"https:\/\/seipuntozero-haircare.it\/pl\/wp-json\/wp\/v2\/types\/product"}],"wp:featuredmedia":[{"embeddable":true,"href":"https:\/\/seipuntozero-haircare.it\/pl\/wp-json\/wp\/v2\/media\/21597"}],"wp:attachment":[{"href":"https:\/\/seipuntozero-haircare.it\/pl\/wp-json\/wp\/v2\/media?parent=21917"}],"wp:term":[{"taxonomy":"product_brand","embeddable":true,"href":"https:\/\/seipuntozero-haircare.it\/pl\/wp-json\/wp\/v2\/product_brand?post=21917"},{"taxonomy":"product_cat","embeddable":true,"href":"https:\/\/seipuntozero-haircare.it\/pl\/wp-json\/wp\/v2\/product_cat?post=21917"},{"taxonomy":"product_tag","embeddable":true,"href":"https:\/\/seipuntozero-haircare.it\/pl\/wp-json\/wp\/v2\/product_tag?post=21917"}],"curies":[{"name":"wp","href":"https:\/\/api.w.org\/{rel}","templated":true}]}}