{"id":21910,"date":"2022-05-25T09:56:59","date_gmt":"2022-05-25T07:56:59","guid":{"rendered":"https:\/\/seipuntozero-haircare.it\/prodotto\/take-over-pure-silver-szampon-przeciw-zoltym-refleksom\/"},"modified":"2023-11-17T16:50:19","modified_gmt":"2023-11-17T15:50:19","slug":"take-over-pure-silver-szampon-przeciw-zoltym-refleksom","status":"publish","type":"product","link":"https:\/\/seipuntozero-haircare.it\/pl\/prodotto\/take-over-pure-silver-szampon-przeciw-zoltym-refleksom\/","title":{"rendered":"TAKE OVER &#8211; PURE SILVER <br> Szampon przeciw \u017c\u00f3\u0142tym refleksom"},"content":{"rendered":"<ul>\n<li style=\"font-weight: 400;\" aria-level=\"1\"><span style=\"font-weight: 400;\">Neutralizuje niepo\u017c\u0105dane \u017c\u00f3\u0142tawe refleksy<\/span><\/li>\n<li style=\"font-weight: 400;\" aria-level=\"1\"><span style=\"font-weight: 400;\">Nadaje intensywny i l\u015bni\u0105cy kolor<\/span><\/li>\n<li style=\"font-weight: 400;\" aria-level=\"1\"><span style=\"font-weight: 400;\">Delikatnie oczyszcza, nie obci\u0105\u017caj\u0105c w\u0142os\u00f3w<\/span><\/li>\n<\/ul>\n","protected":false},"excerpt":{"rendered":"<p><span style=\"font-weight: 400;\">Take Over Pure Silver, szampon przeciw \u017c\u00f3\u0142tym refleksom do w\u0142os\u00f3w bia\u0142ych i siwych. Dzi\u0119ki sk\u0142adnikom zawartym w szamponie oczyszcza, przeciwdzia\u0142a niepo\u017c\u0105danym \u017c\u00f3\u0142tawym refleksom oraz stabilizuje kolor, czyni\u0105c go pe\u0142nym blasku i \u017cywym. Idealny do w\u0142os\u00f3w bia\u0142ych i blond, z pasemkami i sombre, Pure Silver zapobiega \u017c\u00f3\u0142kni\u0119ciu w\u0142os\u00f3w, nadaj\u0105c im mi\u0119kko\u015b\u0107 i blask.<\/span><\/p>\n<p><span style=\"font-weight: 400;\">Butelka 1000 ml<\/span><\/p>\n","protected":false},"featured_media":21631,"template":"","meta":[],"product_brand":[],"product_cat":[1212],"product_tag":[],"class_list":["post-21910","product","type-product","status-publish","has-post-thumbnail","hentry","product_cat-take-over-pure-silver-pl"],"yoast_head":"<!-- This site is optimized with the Yoast SEO plugin v27.1.1 - https:\/\/yoast.com\/product\/yoast-seo-wordpress\/ -->\n<title>TAKE OVER - PURE SILVER  Szampon przeciw \u017c\u00f3\u0142tym refleksom - 6.Zero<\/title>\n<meta name=\"description\" content=\"Take Over Pure Silver, szampon przeciw \u017c\u00f3\u0142tym refleksom do w\u0142os\u00f3w bia\u0142ych i siwych.\" \/>\n<meta name=\"robots\" content=\"index, follow, max-snippet:-1, max-image-preview:large, max-video-preview:-1\" \/>\n<link rel=\"canonical\" href=\"https:\/\/seipuntozero-haircare.it\/pl\/prodotto\/take-over-pure-silver-szampon-przeciw-zoltym-refleksom\/\" \/>\n<meta property=\"og:locale\" content=\"pl_PL\" \/>\n<meta property=\"og:type\" content=\"article\" \/>\n<meta property=\"og:title\" content=\"TAKE OVER - PURE SILVER  Szampon przeciw \u017c\u00f3\u0142tym refleksom - 6.Zero\" \/>\n<meta property=\"og:description\" content=\"Take Over Pure Silver, szampon przeciw \u017c\u00f3\u0142tym refleksom do w\u0142os\u00f3w bia\u0142ych i siwych.\" \/>\n<meta property=\"og:url\" content=\"https:\/\/seipuntozero-haircare.it\/pl\/prodotto\/take-over-pure-silver-szampon-przeciw-zoltym-refleksom\/\" \/>\n<meta property=\"og:site_name\" content=\"6.Zero\" \/>\n<meta property=\"article:modified_time\" content=\"2023-11-17T15:50:19+00:00\" \/>\n<meta property=\"og:image\" content=\"https:\/\/seipuntozero-haircare.it\/wp-content\/uploads\/2022\/05\/263387_sei_punto_zero_take_over_pure_silver_shampoo_1000ml-1.png\" \/>\n\t<meta property=\"og:image:width\" content=\"800\" \/>\n\t<meta property=\"og:image:height\" content=\"800\" \/>\n\t<meta property=\"og:image:type\" content=\"image\/png\" \/>\n<meta name=\"twitter:card\" content=\"summary_large_image\" \/>\n<meta name=\"twitter:label1\" content=\"Szacowany czas czytania\" \/>\n\t<meta name=\"twitter:data1\" content=\"1 minuta\" \/>\n<script type=\"application\/ld+json\" class=\"yoast-schema-graph\">{\"@context\":\"https:\/\/schema.org\",\"@graph\":[{\"@type\":\"WebPage\",\"@id\":\"https:\/\/seipuntozero-haircare.it\/pl\/prodotto\/take-over-pure-silver-szampon-przeciw-zoltym-refleksom\/\",\"url\":\"https:\/\/seipuntozero-haircare.it\/pl\/prodotto\/take-over-pure-silver-szampon-przeciw-zoltym-refleksom\/\",\"name\":\"TAKE OVER - PURE SILVER Szampon przeciw \u017c\u00f3\u0142tym refleksom - 6.Zero\",\"isPartOf\":{\"@id\":\"https:\/\/seipuntozero-haircare.it\/pl\/#website\"},\"primaryImageOfPage\":{\"@id\":\"https:\/\/seipuntozero-haircare.it\/pl\/prodotto\/take-over-pure-silver-szampon-przeciw-zoltym-refleksom\/#primaryimage\"},\"image\":{\"@id\":\"https:\/\/seipuntozero-haircare.it\/pl\/prodotto\/take-over-pure-silver-szampon-przeciw-zoltym-refleksom\/#primaryimage\"},\"thumbnailUrl\":\"https:\/\/seipuntozero-haircare.it\/wp-content\/uploads\/2022\/05\/263387_sei_punto_zero_take_over_pure_silver_shampoo_1000ml-1.png\",\"datePublished\":\"2022-05-25T07:56:59+00:00\",\"dateModified\":\"2023-11-17T15:50:19+00:00\",\"description\":\"Take Over Pure Silver, szampon przeciw \u017c\u00f3\u0142tym refleksom do w\u0142os\u00f3w bia\u0142ych i siwych.\",\"breadcrumb\":{\"@id\":\"https:\/\/seipuntozero-haircare.it\/pl\/prodotto\/take-over-pure-silver-szampon-przeciw-zoltym-refleksom\/#breadcrumb\"},\"inLanguage\":\"pl-PL\",\"potentialAction\":[{\"@type\":\"ReadAction\",\"target\":[\"https:\/\/seipuntozero-haircare.it\/pl\/prodotto\/take-over-pure-silver-szampon-przeciw-zoltym-refleksom\/\"]}]},{\"@type\":\"ImageObject\",\"inLanguage\":\"pl-PL\",\"@id\":\"https:\/\/seipuntozero-haircare.it\/pl\/prodotto\/take-over-pure-silver-szampon-przeciw-zoltym-refleksom\/#primaryimage\",\"url\":\"https:\/\/seipuntozero-haircare.it\/wp-content\/uploads\/2022\/05\/263387_sei_punto_zero_take_over_pure_silver_shampoo_1000ml-1.png\",\"contentUrl\":\"https:\/\/seipuntozero-haircare.it\/wp-content\/uploads\/2022\/05\/263387_sei_punto_zero_take_over_pure_silver_shampoo_1000ml-1.png\",\"width\":800,\"height\":800},{\"@type\":\"BreadcrumbList\",\"@id\":\"https:\/\/seipuntozero-haircare.it\/pl\/prodotto\/take-over-pure-silver-szampon-przeciw-zoltym-refleksom\/#breadcrumb\",\"itemListElement\":[{\"@type\":\"ListItem\",\"position\":1,\"name\":\"Home\",\"item\":\"https:\/\/seipuntozero-haircare.it\/pl\/\"},{\"@type\":\"ListItem\",\"position\":2,\"name\":\"Prodotti\",\"item\":\"https:\/\/seipuntozero-haircare.it\/prodotti\/\"},{\"@type\":\"ListItem\",\"position\":3,\"name\":\"TAKE OVER &#8211; PURE SILVER Szampon przeciw \u017c\u00f3\u0142tym refleksom\"}]},{\"@type\":\"WebSite\",\"@id\":\"https:\/\/seipuntozero-haircare.it\/pl\/#website\",\"url\":\"https:\/\/seipuntozero-haircare.it\/pl\/\",\"name\":\"6.Zero\",\"description\":\"Essential Touch\",\"potentialAction\":[{\"@type\":\"SearchAction\",\"target\":{\"@type\":\"EntryPoint\",\"urlTemplate\":\"https:\/\/seipuntozero-haircare.it\/pl\/?s={search_term_string}\"},\"query-input\":{\"@type\":\"PropertyValueSpecification\",\"valueRequired\":true,\"valueName\":\"search_term_string\"}}],\"inLanguage\":\"pl-PL\"}]}<\/script>\n<!-- \/ Yoast SEO plugin. -->","yoast_head_json":{"title":"TAKE OVER - PURE SILVER  Szampon przeciw \u017c\u00f3\u0142tym refleksom - 6.Zero","description":"Take Over Pure Silver, szampon przeciw \u017c\u00f3\u0142tym refleksom do w\u0142os\u00f3w bia\u0142ych i siwych.","robots":{"index":"index","follow":"follow","max-snippet":"max-snippet:-1","max-image-preview":"max-image-preview:large","max-video-preview":"max-video-preview:-1"},"canonical":"https:\/\/seipuntozero-haircare.it\/pl\/prodotto\/take-over-pure-silver-szampon-przeciw-zoltym-refleksom\/","og_locale":"pl_PL","og_type":"article","og_title":"TAKE OVER - PURE SILVER  Szampon przeciw \u017c\u00f3\u0142tym refleksom - 6.Zero","og_description":"Take Over Pure Silver, szampon przeciw \u017c\u00f3\u0142tym refleksom do w\u0142os\u00f3w bia\u0142ych i siwych.","og_url":"https:\/\/seipuntozero-haircare.it\/pl\/prodotto\/take-over-pure-silver-szampon-przeciw-zoltym-refleksom\/","og_site_name":"6.Zero","article_modified_time":"2023-11-17T15:50:19+00:00","og_image":[{"width":800,"height":800,"url":"https:\/\/seipuntozero-haircare.it\/wp-content\/uploads\/2022\/05\/263387_sei_punto_zero_take_over_pure_silver_shampoo_1000ml-1.png","type":"image\/png"}],"twitter_card":"summary_large_image","twitter_misc":{"Szacowany czas czytania":"1 minuta"},"schema":{"@context":"https:\/\/schema.org","@graph":[{"@type":"WebPage","@id":"https:\/\/seipuntozero-haircare.it\/pl\/prodotto\/take-over-pure-silver-szampon-przeciw-zoltym-refleksom\/","url":"https:\/\/seipuntozero-haircare.it\/pl\/prodotto\/take-over-pure-silver-szampon-przeciw-zoltym-refleksom\/","name":"TAKE OVER - PURE SILVER Szampon przeciw \u017c\u00f3\u0142tym refleksom - 6.Zero","isPartOf":{"@id":"https:\/\/seipuntozero-haircare.it\/pl\/#website"},"primaryImageOfPage":{"@id":"https:\/\/seipuntozero-haircare.it\/pl\/prodotto\/take-over-pure-silver-szampon-przeciw-zoltym-refleksom\/#primaryimage"},"image":{"@id":"https:\/\/seipuntozero-haircare.it\/pl\/prodotto\/take-over-pure-silver-szampon-przeciw-zoltym-refleksom\/#primaryimage"},"thumbnailUrl":"https:\/\/seipuntozero-haircare.it\/wp-content\/uploads\/2022\/05\/263387_sei_punto_zero_take_over_pure_silver_shampoo_1000ml-1.png","datePublished":"2022-05-25T07:56:59+00:00","dateModified":"2023-11-17T15:50:19+00:00","description":"Take Over Pure Silver, szampon przeciw \u017c\u00f3\u0142tym refleksom do w\u0142os\u00f3w bia\u0142ych i siwych.","breadcrumb":{"@id":"https:\/\/seipuntozero-haircare.it\/pl\/prodotto\/take-over-pure-silver-szampon-przeciw-zoltym-refleksom\/#breadcrumb"},"inLanguage":"pl-PL","potentialAction":[{"@type":"ReadAction","target":["https:\/\/seipuntozero-haircare.it\/pl\/prodotto\/take-over-pure-silver-szampon-przeciw-zoltym-refleksom\/"]}]},{"@type":"ImageObject","inLanguage":"pl-PL","@id":"https:\/\/seipuntozero-haircare.it\/pl\/prodotto\/take-over-pure-silver-szampon-przeciw-zoltym-refleksom\/#primaryimage","url":"https:\/\/seipuntozero-haircare.it\/wp-content\/uploads\/2022\/05\/263387_sei_punto_zero_take_over_pure_silver_shampoo_1000ml-1.png","contentUrl":"https:\/\/seipuntozero-haircare.it\/wp-content\/uploads\/2022\/05\/263387_sei_punto_zero_take_over_pure_silver_shampoo_1000ml-1.png","width":800,"height":800},{"@type":"BreadcrumbList","@id":"https:\/\/seipuntozero-haircare.it\/pl\/prodotto\/take-over-pure-silver-szampon-przeciw-zoltym-refleksom\/#breadcrumb","itemListElement":[{"@type":"ListItem","position":1,"name":"Home","item":"https:\/\/seipuntozero-haircare.it\/pl\/"},{"@type":"ListItem","position":2,"name":"Prodotti","item":"https:\/\/seipuntozero-haircare.it\/prodotti\/"},{"@type":"ListItem","position":3,"name":"TAKE OVER &#8211; PURE SILVER Szampon przeciw \u017c\u00f3\u0142tym refleksom"}]},{"@type":"WebSite","@id":"https:\/\/seipuntozero-haircare.it\/pl\/#website","url":"https:\/\/seipuntozero-haircare.it\/pl\/","name":"6.Zero","description":"Essential Touch","potentialAction":[{"@type":"SearchAction","target":{"@type":"EntryPoint","urlTemplate":"https:\/\/seipuntozero-haircare.it\/pl\/?s={search_term_string}"},"query-input":{"@type":"PropertyValueSpecification","valueRequired":true,"valueName":"search_term_string"}}],"inLanguage":"pl-PL"}]}},"_links":{"self":[{"href":"https:\/\/seipuntozero-haircare.it\/pl\/wp-json\/wp\/v2\/product\/21910","targetHints":{"allow":["GET"]}}],"collection":[{"href":"https:\/\/seipuntozero-haircare.it\/pl\/wp-json\/wp\/v2\/product"}],"about":[{"href":"https:\/\/seipuntozero-haircare.it\/pl\/wp-json\/wp\/v2\/types\/product"}],"wp:featuredmedia":[{"embeddable":true,"href":"https:\/\/seipuntozero-haircare.it\/pl\/wp-json\/wp\/v2\/media\/21631"}],"wp:attachment":[{"href":"https:\/\/seipuntozero-haircare.it\/pl\/wp-json\/wp\/v2\/media?parent=21910"}],"wp:term":[{"taxonomy":"product_brand","embeddable":true,"href":"https:\/\/seipuntozero-haircare.it\/pl\/wp-json\/wp\/v2\/product_brand?post=21910"},{"taxonomy":"product_cat","embeddable":true,"href":"https:\/\/seipuntozero-haircare.it\/pl\/wp-json\/wp\/v2\/product_cat?post=21910"},{"taxonomy":"product_tag","embeddable":true,"href":"https:\/\/seipuntozero-haircare.it\/pl\/wp-json\/wp\/v2\/product_tag?post=21910"}],"curies":[{"name":"wp","href":"https:\/\/api.w.org\/{rel}","templated":true}]}}