{"id":21908,"date":"2019-03-14T18:00:19","date_gmt":"2019-03-14T17:00:19","guid":{"rendered":"https:\/\/seipuntozero-haircare.it\/prodotto\/take-over-protective-color-maska-do-wlosow-farbowanych-i-z-pasemkami\/"},"modified":"2023-11-17T15:46:11","modified_gmt":"2023-11-17T14:46:11","slug":"take-over-protective-color-maska-do-wlosow-farbowanych-i-z-pasemkami","status":"publish","type":"product","link":"https:\/\/seipuntozero-haircare.it\/pl\/prodotto\/take-over-protective-color-maska-do-wlosow-farbowanych-i-z-pasemkami\/","title":{"rendered":"TAKE OVER &#8211; PROTECTIVE COLOR <br> Maska do w\u0142os\u00f3w farbowanych i z pasemkami"},"content":{"rendered":"<ul>\n<li><span style=\"font-weight: 400;\">Przed\u0142u\u017ca intensywno\u015b\u0107 koloru<\/span><\/li>\n<li style=\"font-weight: 400;\" aria-level=\"1\"><span style=\"font-weight: 400;\">W\u0142osy farbowane i z pasemkami s\u0105 od\u017cywione i chronione<\/span><\/li>\n<li style=\"font-weight: 400;\" aria-level=\"1\"><span style=\"font-weight: 400;\">W\u0142osy l\u015bni\u0105 nowym blaskiem<\/span><\/li>\n<\/ul>\n","protected":false},"excerpt":{"rendered":"<p><span style=\"font-weight: 400;\">Take Over Protective Color, maska do w\u0142os\u00f3w farbowanych i z pasemkami o kremowej i lekkiej konsystencji. Wyr\u00f3\u017cnia si\u0119 intensywnym dzia\u0142aniem od\u017cywczym i fotoochronnym. Pokrywa w\u0142osy niewidocznym filmem, kt\u00f3ry piel\u0119gnuje i przed\u0142u\u017ca trwa\u0142o\u015b\u0107 oraz blask koloru, wzmacniaj\u0105c jego intensywno\u015b\u0107 dzi\u0119ki specjalnemu kompleksowi chroni\u0105cemu kolor, kt\u00f3ry dzia\u0142a wraz z Olejem Arganowym i Ekstraktem z Granatu.<\/span><\/p>\n<p><span style=\"font-weight: 400;\">Opakowanie o pojemno\u015bci 500 ml<\/span><\/p>\n","protected":false},"featured_media":21626,"template":"","meta":[],"product_brand":[],"product_cat":[1211],"product_tag":[],"class_list":["post-21908","product","type-product","status-publish","has-post-thumbnail","hentry","product_cat-take-over-protective-color-pl"],"yoast_head":"<!-- This site is optimized with the Yoast SEO plugin v27.1.1 - https:\/\/yoast.com\/product\/yoast-seo-wordpress\/ -->\n<title>Take Over Protective Color | Maska do w\u0142os\u00f3w farbowanych i z pasemkami<\/title>\n<meta name=\"description\" content=\"Take Over Protective Color, maska do w\u0142os\u00f3w farbowanych i z pasemkami o kremowej i lekkiej konsystencji.\" \/>\n<meta name=\"robots\" content=\"index, follow, max-snippet:-1, max-image-preview:large, max-video-preview:-1\" \/>\n<link rel=\"canonical\" href=\"https:\/\/seipuntozero-haircare.it\/pl\/prodotto\/take-over-protective-color-maska-do-wlosow-farbowanych-i-z-pasemkami\/\" \/>\n<meta property=\"og:locale\" content=\"pl_PL\" \/>\n<meta property=\"og:type\" content=\"article\" \/>\n<meta property=\"og:title\" content=\"Take Over Protective Color | Maska do w\u0142os\u00f3w farbowanych i z pasemkami\" \/>\n<meta property=\"og:description\" content=\"Take Over Protective Color, maska do w\u0142os\u00f3w farbowanych i z pasemkami o kremowej i lekkiej konsystencji.\" \/>\n<meta property=\"og:url\" content=\"https:\/\/seipuntozero-haircare.it\/pl\/prodotto\/take-over-protective-color-maska-do-wlosow-farbowanych-i-z-pasemkami\/\" \/>\n<meta property=\"og:site_name\" content=\"6.Zero\" \/>\n<meta property=\"article:modified_time\" content=\"2023-11-17T14:46:11+00:00\" \/>\n<meta property=\"og:image\" content=\"https:\/\/seipuntozero-haircare.it\/wp-content\/uploads\/2019\/03\/262571_sei_punto_zero_take_over_protective_color_mask_500ml-1.png\" \/>\n\t<meta property=\"og:image:width\" content=\"800\" \/>\n\t<meta property=\"og:image:height\" content=\"800\" \/>\n\t<meta property=\"og:image:type\" content=\"image\/png\" \/>\n<meta name=\"twitter:card\" content=\"summary_large_image\" \/>\n<meta name=\"twitter:label1\" content=\"Szacowany czas czytania\" \/>\n\t<meta name=\"twitter:data1\" content=\"1 minuta\" \/>\n<script type=\"application\/ld+json\" class=\"yoast-schema-graph\">{\"@context\":\"https:\/\/schema.org\",\"@graph\":[{\"@type\":\"WebPage\",\"@id\":\"https:\/\/seipuntozero-haircare.it\/pl\/prodotto\/take-over-protective-color-maska-do-wlosow-farbowanych-i-z-pasemkami\/\",\"url\":\"https:\/\/seipuntozero-haircare.it\/pl\/prodotto\/take-over-protective-color-maska-do-wlosow-farbowanych-i-z-pasemkami\/\",\"name\":\"Take Over Protective Color | Maska do w\u0142os\u00f3w farbowanych i z pasemkami\",\"isPartOf\":{\"@id\":\"https:\/\/seipuntozero-haircare.it\/pl\/#website\"},\"primaryImageOfPage\":{\"@id\":\"https:\/\/seipuntozero-haircare.it\/pl\/prodotto\/take-over-protective-color-maska-do-wlosow-farbowanych-i-z-pasemkami\/#primaryimage\"},\"image\":{\"@id\":\"https:\/\/seipuntozero-haircare.it\/pl\/prodotto\/take-over-protective-color-maska-do-wlosow-farbowanych-i-z-pasemkami\/#primaryimage\"},\"thumbnailUrl\":\"https:\/\/seipuntozero-haircare.it\/wp-content\/uploads\/2019\/03\/262571_sei_punto_zero_take_over_protective_color_mask_500ml-1.png\",\"datePublished\":\"2019-03-14T17:00:19+00:00\",\"dateModified\":\"2023-11-17T14:46:11+00:00\",\"description\":\"Take Over Protective Color, maska do w\u0142os\u00f3w farbowanych i z pasemkami o kremowej i lekkiej konsystencji.\",\"breadcrumb\":{\"@id\":\"https:\/\/seipuntozero-haircare.it\/pl\/prodotto\/take-over-protective-color-maska-do-wlosow-farbowanych-i-z-pasemkami\/#breadcrumb\"},\"inLanguage\":\"pl-PL\",\"potentialAction\":[{\"@type\":\"ReadAction\",\"target\":[\"https:\/\/seipuntozero-haircare.it\/pl\/prodotto\/take-over-protective-color-maska-do-wlosow-farbowanych-i-z-pasemkami\/\"]}]},{\"@type\":\"ImageObject\",\"inLanguage\":\"pl-PL\",\"@id\":\"https:\/\/seipuntozero-haircare.it\/pl\/prodotto\/take-over-protective-color-maska-do-wlosow-farbowanych-i-z-pasemkami\/#primaryimage\",\"url\":\"https:\/\/seipuntozero-haircare.it\/wp-content\/uploads\/2019\/03\/262571_sei_punto_zero_take_over_protective_color_mask_500ml-1.png\",\"contentUrl\":\"https:\/\/seipuntozero-haircare.it\/wp-content\/uploads\/2019\/03\/262571_sei_punto_zero_take_over_protective_color_mask_500ml-1.png\",\"width\":800,\"height\":800},{\"@type\":\"BreadcrumbList\",\"@id\":\"https:\/\/seipuntozero-haircare.it\/pl\/prodotto\/take-over-protective-color-maska-do-wlosow-farbowanych-i-z-pasemkami\/#breadcrumb\",\"itemListElement\":[{\"@type\":\"ListItem\",\"position\":1,\"name\":\"Home\",\"item\":\"https:\/\/seipuntozero-haircare.it\/pl\/\"},{\"@type\":\"ListItem\",\"position\":2,\"name\":\"Prodotti\",\"item\":\"https:\/\/seipuntozero-haircare.it\/prodotti\/\"},{\"@type\":\"ListItem\",\"position\":3,\"name\":\"TAKE OVER &#8211; PROTECTIVE COLOR Maska do w\u0142os\u00f3w farbowanych i z pasemkami\"}]},{\"@type\":\"WebSite\",\"@id\":\"https:\/\/seipuntozero-haircare.it\/pl\/#website\",\"url\":\"https:\/\/seipuntozero-haircare.it\/pl\/\",\"name\":\"6.Zero\",\"description\":\"Essential Touch\",\"potentialAction\":[{\"@type\":\"SearchAction\",\"target\":{\"@type\":\"EntryPoint\",\"urlTemplate\":\"https:\/\/seipuntozero-haircare.it\/pl\/?s={search_term_string}\"},\"query-input\":{\"@type\":\"PropertyValueSpecification\",\"valueRequired\":true,\"valueName\":\"search_term_string\"}}],\"inLanguage\":\"pl-PL\"}]}<\/script>\n<!-- \/ Yoast SEO plugin. -->","yoast_head_json":{"title":"Take Over Protective Color | Maska do w\u0142os\u00f3w farbowanych i z pasemkami","description":"Take Over Protective Color, maska do w\u0142os\u00f3w farbowanych i z pasemkami o kremowej i lekkiej konsystencji.","robots":{"index":"index","follow":"follow","max-snippet":"max-snippet:-1","max-image-preview":"max-image-preview:large","max-video-preview":"max-video-preview:-1"},"canonical":"https:\/\/seipuntozero-haircare.it\/pl\/prodotto\/take-over-protective-color-maska-do-wlosow-farbowanych-i-z-pasemkami\/","og_locale":"pl_PL","og_type":"article","og_title":"Take Over Protective Color | Maska do w\u0142os\u00f3w farbowanych i z pasemkami","og_description":"Take Over Protective Color, maska do w\u0142os\u00f3w farbowanych i z pasemkami o kremowej i lekkiej konsystencji.","og_url":"https:\/\/seipuntozero-haircare.it\/pl\/prodotto\/take-over-protective-color-maska-do-wlosow-farbowanych-i-z-pasemkami\/","og_site_name":"6.Zero","article_modified_time":"2023-11-17T14:46:11+00:00","og_image":[{"width":800,"height":800,"url":"https:\/\/seipuntozero-haircare.it\/wp-content\/uploads\/2019\/03\/262571_sei_punto_zero_take_over_protective_color_mask_500ml-1.png","type":"image\/png"}],"twitter_card":"summary_large_image","twitter_misc":{"Szacowany czas czytania":"1 minuta"},"schema":{"@context":"https:\/\/schema.org","@graph":[{"@type":"WebPage","@id":"https:\/\/seipuntozero-haircare.it\/pl\/prodotto\/take-over-protective-color-maska-do-wlosow-farbowanych-i-z-pasemkami\/","url":"https:\/\/seipuntozero-haircare.it\/pl\/prodotto\/take-over-protective-color-maska-do-wlosow-farbowanych-i-z-pasemkami\/","name":"Take Over Protective Color | Maska do w\u0142os\u00f3w farbowanych i z pasemkami","isPartOf":{"@id":"https:\/\/seipuntozero-haircare.it\/pl\/#website"},"primaryImageOfPage":{"@id":"https:\/\/seipuntozero-haircare.it\/pl\/prodotto\/take-over-protective-color-maska-do-wlosow-farbowanych-i-z-pasemkami\/#primaryimage"},"image":{"@id":"https:\/\/seipuntozero-haircare.it\/pl\/prodotto\/take-over-protective-color-maska-do-wlosow-farbowanych-i-z-pasemkami\/#primaryimage"},"thumbnailUrl":"https:\/\/seipuntozero-haircare.it\/wp-content\/uploads\/2019\/03\/262571_sei_punto_zero_take_over_protective_color_mask_500ml-1.png","datePublished":"2019-03-14T17:00:19+00:00","dateModified":"2023-11-17T14:46:11+00:00","description":"Take Over Protective Color, maska do w\u0142os\u00f3w farbowanych i z pasemkami o kremowej i lekkiej konsystencji.","breadcrumb":{"@id":"https:\/\/seipuntozero-haircare.it\/pl\/prodotto\/take-over-protective-color-maska-do-wlosow-farbowanych-i-z-pasemkami\/#breadcrumb"},"inLanguage":"pl-PL","potentialAction":[{"@type":"ReadAction","target":["https:\/\/seipuntozero-haircare.it\/pl\/prodotto\/take-over-protective-color-maska-do-wlosow-farbowanych-i-z-pasemkami\/"]}]},{"@type":"ImageObject","inLanguage":"pl-PL","@id":"https:\/\/seipuntozero-haircare.it\/pl\/prodotto\/take-over-protective-color-maska-do-wlosow-farbowanych-i-z-pasemkami\/#primaryimage","url":"https:\/\/seipuntozero-haircare.it\/wp-content\/uploads\/2019\/03\/262571_sei_punto_zero_take_over_protective_color_mask_500ml-1.png","contentUrl":"https:\/\/seipuntozero-haircare.it\/wp-content\/uploads\/2019\/03\/262571_sei_punto_zero_take_over_protective_color_mask_500ml-1.png","width":800,"height":800},{"@type":"BreadcrumbList","@id":"https:\/\/seipuntozero-haircare.it\/pl\/prodotto\/take-over-protective-color-maska-do-wlosow-farbowanych-i-z-pasemkami\/#breadcrumb","itemListElement":[{"@type":"ListItem","position":1,"name":"Home","item":"https:\/\/seipuntozero-haircare.it\/pl\/"},{"@type":"ListItem","position":2,"name":"Prodotti","item":"https:\/\/seipuntozero-haircare.it\/prodotti\/"},{"@type":"ListItem","position":3,"name":"TAKE OVER &#8211; PROTECTIVE COLOR Maska do w\u0142os\u00f3w farbowanych i z pasemkami"}]},{"@type":"WebSite","@id":"https:\/\/seipuntozero-haircare.it\/pl\/#website","url":"https:\/\/seipuntozero-haircare.it\/pl\/","name":"6.Zero","description":"Essential Touch","potentialAction":[{"@type":"SearchAction","target":{"@type":"EntryPoint","urlTemplate":"https:\/\/seipuntozero-haircare.it\/pl\/?s={search_term_string}"},"query-input":{"@type":"PropertyValueSpecification","valueRequired":true,"valueName":"search_term_string"}}],"inLanguage":"pl-PL"}]}},"_links":{"self":[{"href":"https:\/\/seipuntozero-haircare.it\/pl\/wp-json\/wp\/v2\/product\/21908","targetHints":{"allow":["GET"]}}],"collection":[{"href":"https:\/\/seipuntozero-haircare.it\/pl\/wp-json\/wp\/v2\/product"}],"about":[{"href":"https:\/\/seipuntozero-haircare.it\/pl\/wp-json\/wp\/v2\/types\/product"}],"wp:featuredmedia":[{"embeddable":true,"href":"https:\/\/seipuntozero-haircare.it\/pl\/wp-json\/wp\/v2\/media\/21626"}],"wp:attachment":[{"href":"https:\/\/seipuntozero-haircare.it\/pl\/wp-json\/wp\/v2\/media?parent=21908"}],"wp:term":[{"taxonomy":"product_brand","embeddable":true,"href":"https:\/\/seipuntozero-haircare.it\/pl\/wp-json\/wp\/v2\/product_brand?post=21908"},{"taxonomy":"product_cat","embeddable":true,"href":"https:\/\/seipuntozero-haircare.it\/pl\/wp-json\/wp\/v2\/product_cat?post=21908"},{"taxonomy":"product_tag","embeddable":true,"href":"https:\/\/seipuntozero-haircare.it\/pl\/wp-json\/wp\/v2\/product_tag?post=21908"}],"curies":[{"name":"wp","href":"https:\/\/api.w.org\/{rel}","templated":true}]}}