{"id":21906,"date":"2018-03-16T09:50:22","date_gmt":"2018-03-16T08:50:22","guid":{"rendered":"https:\/\/seipuntozero-haircare.it\/prodotto\/take-over-protective-color-szampon-do-wlosow-farbowanych-i-z-pasemkami\/"},"modified":"2023-11-17T15:44:30","modified_gmt":"2023-11-17T14:44:30","slug":"take-over-protective-color-szampon-do-wlosow-farbowanych-i-z-pasemkami","status":"publish","type":"product","link":"https:\/\/seipuntozero-haircare.it\/pl\/prodotto\/take-over-protective-color-szampon-do-wlosow-farbowanych-i-z-pasemkami\/","title":{"rendered":"TAKE OVER &#8211; PROTECTIVE COLOR <br> Szampon do w\u0142os\u00f3w farbowanych i z pasemkami"},"content":{"rendered":"<ul>\n<li style=\"font-weight: 400;\" aria-level=\"1\"><span style=\"font-weight: 400;\">Przed\u0142u\u017ca intensywno\u015b\u0107 koloru<\/span><\/li>\n<li style=\"font-weight: 400;\" aria-level=\"1\"><span style=\"font-weight: 400;\">Dok\u0142adne oczyszczenie, ochrona i nawil\u017cenie w\u0142os\u00f3w farbowanych i z pasemkami<\/span><\/li>\n<\/ul>\n","protected":false},"excerpt":{"rendered":"<p><span style=\"font-weight: 400;\">Take Over Protective Color, szampon do w\u0142os\u00f3w farbowanych i z pasemkami Delikatnie oczyszcza sk\u00f3r\u0119 g\u0142owy i w\u0142osy, od\u017cywia, wzmacnia i roz\u015bwietla w\u0142osy: idealna synergia Olejku Arganowego i Ekstraktu z Granatu w po\u0142\u0105czeniu ze specjalnym ochronnych kompleksem ro\u015blinnym pozwala na d\u0142ugo zachowa\u0107 intensywno\u015b\u0107 koloryzacji, kt\u00f3rej poddawane s\u0105 w\u0142osy.<\/span><\/p>\n<p><span style=\"font-weight: 400;\">Butelka 1000 ml<\/span><\/p>\n","protected":false},"featured_media":21625,"template":"","meta":[],"product_brand":[],"product_cat":[1211],"product_tag":[],"class_list":["post-21906","product","type-product","status-publish","has-post-thumbnail","hentry","product_cat-take-over-protective-color-pl"],"yoast_head":"<!-- This site is optimized with the Yoast SEO plugin v27.1.1 - https:\/\/yoast.com\/product\/yoast-seo-wordpress\/ -->\n<title>Take Over Protective Color | Szampon do w\u0142os\u00f3w farbowanych i z pasemkami<\/title>\n<meta name=\"description\" content=\"Take Over Protective Color, szampon do w\u0142os\u00f3w farbowanych i z pasemkami Delikatnie oczyszcza sk\u00f3r\u0119 g\u0142owy i w\u0142osy, od\u017cywia, wzmacnia i roz\u015bwietla w\u0142osy\" \/>\n<meta name=\"robots\" content=\"index, follow, max-snippet:-1, max-image-preview:large, max-video-preview:-1\" \/>\n<link rel=\"canonical\" href=\"https:\/\/seipuntozero-haircare.it\/pl\/prodotto\/take-over-protective-color-szampon-do-wlosow-farbowanych-i-z-pasemkami\/\" \/>\n<meta property=\"og:locale\" content=\"pl_PL\" \/>\n<meta property=\"og:type\" content=\"article\" \/>\n<meta property=\"og:title\" content=\"Take Over Protective Color | Szampon do w\u0142os\u00f3w farbowanych i z pasemkami\" \/>\n<meta property=\"og:description\" content=\"Take Over Protective Color, szampon do w\u0142os\u00f3w farbowanych i z pasemkami Delikatnie oczyszcza sk\u00f3r\u0119 g\u0142owy i w\u0142osy, od\u017cywia, wzmacnia i roz\u015bwietla w\u0142osy\" \/>\n<meta property=\"og:url\" content=\"https:\/\/seipuntozero-haircare.it\/pl\/prodotto\/take-over-protective-color-szampon-do-wlosow-farbowanych-i-z-pasemkami\/\" \/>\n<meta property=\"og:site_name\" content=\"6.Zero\" \/>\n<meta property=\"article:modified_time\" content=\"2023-11-17T14:44:30+00:00\" \/>\n<meta property=\"og:image\" content=\"https:\/\/seipuntozero-haircare.it\/wp-content\/uploads\/2019\/03\/262526_sei_punto_zero_take_over_protective_color_shampoo_1000ml-1.png\" \/>\n\t<meta property=\"og:image:width\" content=\"800\" \/>\n\t<meta property=\"og:image:height\" content=\"800\" \/>\n\t<meta property=\"og:image:type\" content=\"image\/png\" \/>\n<meta name=\"twitter:card\" content=\"summary_large_image\" \/>\n<meta name=\"twitter:label1\" content=\"Szacowany czas czytania\" \/>\n\t<meta name=\"twitter:data1\" content=\"1 minuta\" \/>\n<script type=\"application\/ld+json\" class=\"yoast-schema-graph\">{\"@context\":\"https:\/\/schema.org\",\"@graph\":[{\"@type\":\"WebPage\",\"@id\":\"https:\/\/seipuntozero-haircare.it\/pl\/prodotto\/take-over-protective-color-szampon-do-wlosow-farbowanych-i-z-pasemkami\/\",\"url\":\"https:\/\/seipuntozero-haircare.it\/pl\/prodotto\/take-over-protective-color-szampon-do-wlosow-farbowanych-i-z-pasemkami\/\",\"name\":\"Take Over Protective Color | Szampon do w\u0142os\u00f3w farbowanych i z pasemkami\",\"isPartOf\":{\"@id\":\"https:\/\/seipuntozero-haircare.it\/pl\/#website\"},\"primaryImageOfPage\":{\"@id\":\"https:\/\/seipuntozero-haircare.it\/pl\/prodotto\/take-over-protective-color-szampon-do-wlosow-farbowanych-i-z-pasemkami\/#primaryimage\"},\"image\":{\"@id\":\"https:\/\/seipuntozero-haircare.it\/pl\/prodotto\/take-over-protective-color-szampon-do-wlosow-farbowanych-i-z-pasemkami\/#primaryimage\"},\"thumbnailUrl\":\"https:\/\/seipuntozero-haircare.it\/wp-content\/uploads\/2019\/03\/262526_sei_punto_zero_take_over_protective_color_shampoo_1000ml-1.png\",\"datePublished\":\"2018-03-16T08:50:22+00:00\",\"dateModified\":\"2023-11-17T14:44:30+00:00\",\"description\":\"Take Over Protective Color, szampon do w\u0142os\u00f3w farbowanych i z pasemkami Delikatnie oczyszcza sk\u00f3r\u0119 g\u0142owy i w\u0142osy, od\u017cywia, wzmacnia i roz\u015bwietla w\u0142osy\",\"breadcrumb\":{\"@id\":\"https:\/\/seipuntozero-haircare.it\/pl\/prodotto\/take-over-protective-color-szampon-do-wlosow-farbowanych-i-z-pasemkami\/#breadcrumb\"},\"inLanguage\":\"pl-PL\",\"potentialAction\":[{\"@type\":\"ReadAction\",\"target\":[\"https:\/\/seipuntozero-haircare.it\/pl\/prodotto\/take-over-protective-color-szampon-do-wlosow-farbowanych-i-z-pasemkami\/\"]}]},{\"@type\":\"ImageObject\",\"inLanguage\":\"pl-PL\",\"@id\":\"https:\/\/seipuntozero-haircare.it\/pl\/prodotto\/take-over-protective-color-szampon-do-wlosow-farbowanych-i-z-pasemkami\/#primaryimage\",\"url\":\"https:\/\/seipuntozero-haircare.it\/wp-content\/uploads\/2019\/03\/262526_sei_punto_zero_take_over_protective_color_shampoo_1000ml-1.png\",\"contentUrl\":\"https:\/\/seipuntozero-haircare.it\/wp-content\/uploads\/2019\/03\/262526_sei_punto_zero_take_over_protective_color_shampoo_1000ml-1.png\",\"width\":800,\"height\":800},{\"@type\":\"BreadcrumbList\",\"@id\":\"https:\/\/seipuntozero-haircare.it\/pl\/prodotto\/take-over-protective-color-szampon-do-wlosow-farbowanych-i-z-pasemkami\/#breadcrumb\",\"itemListElement\":[{\"@type\":\"ListItem\",\"position\":1,\"name\":\"Home\",\"item\":\"https:\/\/seipuntozero-haircare.it\/pl\/\"},{\"@type\":\"ListItem\",\"position\":2,\"name\":\"Prodotti\",\"item\":\"https:\/\/seipuntozero-haircare.it\/prodotti\/\"},{\"@type\":\"ListItem\",\"position\":3,\"name\":\"TAKE OVER &#8211; PROTECTIVE COLOR Szampon do w\u0142os\u00f3w farbowanych i z pasemkami\"}]},{\"@type\":\"WebSite\",\"@id\":\"https:\/\/seipuntozero-haircare.it\/pl\/#website\",\"url\":\"https:\/\/seipuntozero-haircare.it\/pl\/\",\"name\":\"6.Zero\",\"description\":\"Essential Touch\",\"potentialAction\":[{\"@type\":\"SearchAction\",\"target\":{\"@type\":\"EntryPoint\",\"urlTemplate\":\"https:\/\/seipuntozero-haircare.it\/pl\/?s={search_term_string}\"},\"query-input\":{\"@type\":\"PropertyValueSpecification\",\"valueRequired\":true,\"valueName\":\"search_term_string\"}}],\"inLanguage\":\"pl-PL\"}]}<\/script>\n<!-- \/ Yoast SEO plugin. -->","yoast_head_json":{"title":"Take Over Protective Color | Szampon do w\u0142os\u00f3w farbowanych i z pasemkami","description":"Take Over Protective Color, szampon do w\u0142os\u00f3w farbowanych i z pasemkami Delikatnie oczyszcza sk\u00f3r\u0119 g\u0142owy i w\u0142osy, od\u017cywia, wzmacnia i roz\u015bwietla w\u0142osy","robots":{"index":"index","follow":"follow","max-snippet":"max-snippet:-1","max-image-preview":"max-image-preview:large","max-video-preview":"max-video-preview:-1"},"canonical":"https:\/\/seipuntozero-haircare.it\/pl\/prodotto\/take-over-protective-color-szampon-do-wlosow-farbowanych-i-z-pasemkami\/","og_locale":"pl_PL","og_type":"article","og_title":"Take Over Protective Color | Szampon do w\u0142os\u00f3w farbowanych i z pasemkami","og_description":"Take Over Protective Color, szampon do w\u0142os\u00f3w farbowanych i z pasemkami Delikatnie oczyszcza sk\u00f3r\u0119 g\u0142owy i w\u0142osy, od\u017cywia, wzmacnia i roz\u015bwietla w\u0142osy","og_url":"https:\/\/seipuntozero-haircare.it\/pl\/prodotto\/take-over-protective-color-szampon-do-wlosow-farbowanych-i-z-pasemkami\/","og_site_name":"6.Zero","article_modified_time":"2023-11-17T14:44:30+00:00","og_image":[{"width":800,"height":800,"url":"https:\/\/seipuntozero-haircare.it\/wp-content\/uploads\/2019\/03\/262526_sei_punto_zero_take_over_protective_color_shampoo_1000ml-1.png","type":"image\/png"}],"twitter_card":"summary_large_image","twitter_misc":{"Szacowany czas czytania":"1 minuta"},"schema":{"@context":"https:\/\/schema.org","@graph":[{"@type":"WebPage","@id":"https:\/\/seipuntozero-haircare.it\/pl\/prodotto\/take-over-protective-color-szampon-do-wlosow-farbowanych-i-z-pasemkami\/","url":"https:\/\/seipuntozero-haircare.it\/pl\/prodotto\/take-over-protective-color-szampon-do-wlosow-farbowanych-i-z-pasemkami\/","name":"Take Over Protective Color | Szampon do w\u0142os\u00f3w farbowanych i z pasemkami","isPartOf":{"@id":"https:\/\/seipuntozero-haircare.it\/pl\/#website"},"primaryImageOfPage":{"@id":"https:\/\/seipuntozero-haircare.it\/pl\/prodotto\/take-over-protective-color-szampon-do-wlosow-farbowanych-i-z-pasemkami\/#primaryimage"},"image":{"@id":"https:\/\/seipuntozero-haircare.it\/pl\/prodotto\/take-over-protective-color-szampon-do-wlosow-farbowanych-i-z-pasemkami\/#primaryimage"},"thumbnailUrl":"https:\/\/seipuntozero-haircare.it\/wp-content\/uploads\/2019\/03\/262526_sei_punto_zero_take_over_protective_color_shampoo_1000ml-1.png","datePublished":"2018-03-16T08:50:22+00:00","dateModified":"2023-11-17T14:44:30+00:00","description":"Take Over Protective Color, szampon do w\u0142os\u00f3w farbowanych i z pasemkami Delikatnie oczyszcza sk\u00f3r\u0119 g\u0142owy i w\u0142osy, od\u017cywia, wzmacnia i roz\u015bwietla w\u0142osy","breadcrumb":{"@id":"https:\/\/seipuntozero-haircare.it\/pl\/prodotto\/take-over-protective-color-szampon-do-wlosow-farbowanych-i-z-pasemkami\/#breadcrumb"},"inLanguage":"pl-PL","potentialAction":[{"@type":"ReadAction","target":["https:\/\/seipuntozero-haircare.it\/pl\/prodotto\/take-over-protective-color-szampon-do-wlosow-farbowanych-i-z-pasemkami\/"]}]},{"@type":"ImageObject","inLanguage":"pl-PL","@id":"https:\/\/seipuntozero-haircare.it\/pl\/prodotto\/take-over-protective-color-szampon-do-wlosow-farbowanych-i-z-pasemkami\/#primaryimage","url":"https:\/\/seipuntozero-haircare.it\/wp-content\/uploads\/2019\/03\/262526_sei_punto_zero_take_over_protective_color_shampoo_1000ml-1.png","contentUrl":"https:\/\/seipuntozero-haircare.it\/wp-content\/uploads\/2019\/03\/262526_sei_punto_zero_take_over_protective_color_shampoo_1000ml-1.png","width":800,"height":800},{"@type":"BreadcrumbList","@id":"https:\/\/seipuntozero-haircare.it\/pl\/prodotto\/take-over-protective-color-szampon-do-wlosow-farbowanych-i-z-pasemkami\/#breadcrumb","itemListElement":[{"@type":"ListItem","position":1,"name":"Home","item":"https:\/\/seipuntozero-haircare.it\/pl\/"},{"@type":"ListItem","position":2,"name":"Prodotti","item":"https:\/\/seipuntozero-haircare.it\/prodotti\/"},{"@type":"ListItem","position":3,"name":"TAKE OVER &#8211; PROTECTIVE COLOR Szampon do w\u0142os\u00f3w farbowanych i z pasemkami"}]},{"@type":"WebSite","@id":"https:\/\/seipuntozero-haircare.it\/pl\/#website","url":"https:\/\/seipuntozero-haircare.it\/pl\/","name":"6.Zero","description":"Essential Touch","potentialAction":[{"@type":"SearchAction","target":{"@type":"EntryPoint","urlTemplate":"https:\/\/seipuntozero-haircare.it\/pl\/?s={search_term_string}"},"query-input":{"@type":"PropertyValueSpecification","valueRequired":true,"valueName":"search_term_string"}}],"inLanguage":"pl-PL"}]}},"_links":{"self":[{"href":"https:\/\/seipuntozero-haircare.it\/pl\/wp-json\/wp\/v2\/product\/21906","targetHints":{"allow":["GET"]}}],"collection":[{"href":"https:\/\/seipuntozero-haircare.it\/pl\/wp-json\/wp\/v2\/product"}],"about":[{"href":"https:\/\/seipuntozero-haircare.it\/pl\/wp-json\/wp\/v2\/types\/product"}],"wp:featuredmedia":[{"embeddable":true,"href":"https:\/\/seipuntozero-haircare.it\/pl\/wp-json\/wp\/v2\/media\/21625"}],"wp:attachment":[{"href":"https:\/\/seipuntozero-haircare.it\/pl\/wp-json\/wp\/v2\/media?parent=21906"}],"wp:term":[{"taxonomy":"product_brand","embeddable":true,"href":"https:\/\/seipuntozero-haircare.it\/pl\/wp-json\/wp\/v2\/product_brand?post=21906"},{"taxonomy":"product_cat","embeddable":true,"href":"https:\/\/seipuntozero-haircare.it\/pl\/wp-json\/wp\/v2\/product_cat?post=21906"},{"taxonomy":"product_tag","embeddable":true,"href":"https:\/\/seipuntozero-haircare.it\/pl\/wp-json\/wp\/v2\/product_tag?post=21906"}],"curies":[{"name":"wp","href":"https:\/\/api.w.org\/{rel}","templated":true}]}}