{"id":21904,"date":"2019-03-14T18:00:51","date_gmt":"2019-03-14T17:00:51","guid":{"rendered":"https:\/\/seipuntozero-haircare.it\/prodotto\/take-over-absolute-rich-shine-ampulki-olejek-mineralizujacy\/"},"modified":"2023-11-17T15:39:17","modified_gmt":"2023-11-17T14:39:17","slug":"take-over-absolute-rich-shine-ampulki-olejek-mineralizujacy","status":"publish","type":"product","link":"https:\/\/seipuntozero-haircare.it\/pl\/prodotto\/take-over-absolute-rich-shine-ampulki-olejek-mineralizujacy\/","title":{"rendered":"TAKE OVER &#8211; ABSOLUTE RICH &#038; SHINE <br> Ampu\u0142ki Olejek Mineralizuj\u0105cy"},"content":{"rendered":"<ul>\n<li style=\"font-weight: 400;\" aria-level=\"1\"><span style=\"font-weight: 400;\">Dzia\u0142anie rewitalizuj\u0105ce i ultra od\u017cywcze<\/span><\/li>\n<li style=\"font-weight: 400;\" aria-level=\"1\"><span style=\"font-weight: 400;\">Formu\u0142a wzbogacona o Pantenol<\/span><\/li>\n<li style=\"font-weight: 400;\" aria-level=\"1\"><span style=\"font-weight: 400;\">Przeciwdzia\u0142a przesuszeniu matowych w\u0142os\u00f3w<\/span><\/li>\n<\/ul>\n","protected":false},"excerpt":{"rendered":"<p><span style=\"font-weight: 400;\">Olejek Mineralizuj\u0105cy w ampu\u0142kach Take Over Absolute Rich &amp; Shine wykazuje natychmiastowe dzia\u0142anie rewitalizuj\u0105ce na w\u0142\u00f3kno w\u0142osa, u\u0142atwiaj\u0105c rozczesywanie. Bogaty w witamin\u0119 B5 (Pantenol) olejek do w\u0142os\u00f3w suchych i matowych od\u017cywia oraz przywraca im naturalny blask, dzi\u0119ki swoim niespotykanym w\u0142a\u015bciwo\u015bciom nawil\u017caj\u0105cym. Sprawia, \u017ce w\u0142osy s\u0105 witalne, mi\u0119kkie i l\u015bni\u0105ce<\/span><\/p>\n<p><span style=\"font-weight: 400;\">Pude\u0142ko 10 ampu\u0142ek z pojedyncz\u0105 dawk\u0105 10 ml<\/span><\/p>\n","protected":false},"featured_media":21409,"template":"","meta":[],"product_brand":[],"product_cat":[1205],"product_tag":[],"class_list":["post-21904","product","type-product","status-publish","has-post-thumbnail","hentry","product_cat-take-over-absolute-rich-shine-pl"],"yoast_head":"<!-- This site is optimized with the Yoast SEO plugin v27.1.1 - https:\/\/yoast.com\/product\/yoast-seo-wordpress\/ -->\n<title>Take Over - Absolute Rich &amp; Shine | Ampu\u0142ki Olejek Mineralizuj\u0105cy<\/title>\n<meta name=\"description\" content=\"Olejek Mineralizuj\u0105cy w ampu\u0142kach Take Over Absolute Rich &amp; Shine wykazuje natychmiastowe dzia\u0142anie rewitalizuj\u0105ce na w\u0142\u00f3kno w\u0142osa\" \/>\n<meta name=\"robots\" content=\"index, follow, max-snippet:-1, max-image-preview:large, max-video-preview:-1\" \/>\n<link rel=\"canonical\" href=\"https:\/\/seipuntozero-haircare.it\/pl\/prodotto\/take-over-absolute-rich-shine-ampulki-olejek-mineralizujacy\/\" \/>\n<meta property=\"og:locale\" content=\"pl_PL\" \/>\n<meta property=\"og:type\" content=\"article\" \/>\n<meta property=\"og:title\" content=\"Take Over - Absolute Rich &amp; Shine | Ampu\u0142ki Olejek Mineralizuj\u0105cy\" \/>\n<meta property=\"og:description\" content=\"Olejek Mineralizuj\u0105cy w ampu\u0142kach Take Over Absolute Rich &amp; Shine wykazuje natychmiastowe dzia\u0142anie rewitalizuj\u0105ce na w\u0142\u00f3kno w\u0142osa\" \/>\n<meta property=\"og:url\" content=\"https:\/\/seipuntozero-haircare.it\/pl\/prodotto\/take-over-absolute-rich-shine-ampulki-olejek-mineralizujacy\/\" \/>\n<meta property=\"og:site_name\" content=\"6.Zero\" \/>\n<meta property=\"article:modified_time\" content=\"2023-11-17T14:39:17+00:00\" \/>\n<meta property=\"og:image\" content=\"https:\/\/seipuntozero-haircare.it\/wp-content\/uploads\/2019\/03\/sei_punto_zero_take_over_absolute_rich_shine_olio_mineralizzante.png\" \/>\n\t<meta property=\"og:image:width\" content=\"600\" \/>\n\t<meta property=\"og:image:height\" content=\"600\" \/>\n\t<meta property=\"og:image:type\" content=\"image\/png\" \/>\n<meta name=\"twitter:card\" content=\"summary_large_image\" \/>\n<meta name=\"twitter:label1\" content=\"Szacowany czas czytania\" \/>\n\t<meta name=\"twitter:data1\" content=\"1 minuta\" \/>\n<script type=\"application\/ld+json\" class=\"yoast-schema-graph\">{\"@context\":\"https:\/\/schema.org\",\"@graph\":[{\"@type\":\"WebPage\",\"@id\":\"https:\/\/seipuntozero-haircare.it\/pl\/prodotto\/take-over-absolute-rich-shine-ampulki-olejek-mineralizujacy\/\",\"url\":\"https:\/\/seipuntozero-haircare.it\/pl\/prodotto\/take-over-absolute-rich-shine-ampulki-olejek-mineralizujacy\/\",\"name\":\"Take Over - Absolute Rich & Shine | Ampu\u0142ki Olejek Mineralizuj\u0105cy\",\"isPartOf\":{\"@id\":\"https:\/\/seipuntozero-haircare.it\/pl\/#website\"},\"primaryImageOfPage\":{\"@id\":\"https:\/\/seipuntozero-haircare.it\/pl\/prodotto\/take-over-absolute-rich-shine-ampulki-olejek-mineralizujacy\/#primaryimage\"},\"image\":{\"@id\":\"https:\/\/seipuntozero-haircare.it\/pl\/prodotto\/take-over-absolute-rich-shine-ampulki-olejek-mineralizujacy\/#primaryimage\"},\"thumbnailUrl\":\"https:\/\/seipuntozero-haircare.it\/wp-content\/uploads\/2019\/03\/sei_punto_zero_take_over_absolute_rich_shine_olio_mineralizzante.png\",\"datePublished\":\"2019-03-14T17:00:51+00:00\",\"dateModified\":\"2023-11-17T14:39:17+00:00\",\"description\":\"Olejek Mineralizuj\u0105cy w ampu\u0142kach Take Over Absolute Rich & Shine wykazuje natychmiastowe dzia\u0142anie rewitalizuj\u0105ce na w\u0142\u00f3kno w\u0142osa\",\"breadcrumb\":{\"@id\":\"https:\/\/seipuntozero-haircare.it\/pl\/prodotto\/take-over-absolute-rich-shine-ampulki-olejek-mineralizujacy\/#breadcrumb\"},\"inLanguage\":\"pl-PL\",\"potentialAction\":[{\"@type\":\"ReadAction\",\"target\":[\"https:\/\/seipuntozero-haircare.it\/pl\/prodotto\/take-over-absolute-rich-shine-ampulki-olejek-mineralizujacy\/\"]}]},{\"@type\":\"ImageObject\",\"inLanguage\":\"pl-PL\",\"@id\":\"https:\/\/seipuntozero-haircare.it\/pl\/prodotto\/take-over-absolute-rich-shine-ampulki-olejek-mineralizujacy\/#primaryimage\",\"url\":\"https:\/\/seipuntozero-haircare.it\/wp-content\/uploads\/2019\/03\/sei_punto_zero_take_over_absolute_rich_shine_olio_mineralizzante.png\",\"contentUrl\":\"https:\/\/seipuntozero-haircare.it\/wp-content\/uploads\/2019\/03\/sei_punto_zero_take_over_absolute_rich_shine_olio_mineralizzante.png\",\"width\":600,\"height\":600},{\"@type\":\"BreadcrumbList\",\"@id\":\"https:\/\/seipuntozero-haircare.it\/pl\/prodotto\/take-over-absolute-rich-shine-ampulki-olejek-mineralizujacy\/#breadcrumb\",\"itemListElement\":[{\"@type\":\"ListItem\",\"position\":1,\"name\":\"Home\",\"item\":\"https:\/\/seipuntozero-haircare.it\/pl\/\"},{\"@type\":\"ListItem\",\"position\":2,\"name\":\"Prodotti\",\"item\":\"https:\/\/seipuntozero-haircare.it\/prodotti\/\"},{\"@type\":\"ListItem\",\"position\":3,\"name\":\"TAKE OVER &#8211; ABSOLUTE RICH &#038; SHINE Ampu\u0142ki Olejek Mineralizuj\u0105cy\"}]},{\"@type\":\"WebSite\",\"@id\":\"https:\/\/seipuntozero-haircare.it\/pl\/#website\",\"url\":\"https:\/\/seipuntozero-haircare.it\/pl\/\",\"name\":\"6.Zero\",\"description\":\"Essential Touch\",\"potentialAction\":[{\"@type\":\"SearchAction\",\"target\":{\"@type\":\"EntryPoint\",\"urlTemplate\":\"https:\/\/seipuntozero-haircare.it\/pl\/?s={search_term_string}\"},\"query-input\":{\"@type\":\"PropertyValueSpecification\",\"valueRequired\":true,\"valueName\":\"search_term_string\"}}],\"inLanguage\":\"pl-PL\"}]}<\/script>\n<!-- \/ Yoast SEO plugin. -->","yoast_head_json":{"title":"Take Over - Absolute Rich & Shine | Ampu\u0142ki Olejek Mineralizuj\u0105cy","description":"Olejek Mineralizuj\u0105cy w ampu\u0142kach Take Over Absolute Rich & Shine wykazuje natychmiastowe dzia\u0142anie rewitalizuj\u0105ce na w\u0142\u00f3kno w\u0142osa","robots":{"index":"index","follow":"follow","max-snippet":"max-snippet:-1","max-image-preview":"max-image-preview:large","max-video-preview":"max-video-preview:-1"},"canonical":"https:\/\/seipuntozero-haircare.it\/pl\/prodotto\/take-over-absolute-rich-shine-ampulki-olejek-mineralizujacy\/","og_locale":"pl_PL","og_type":"article","og_title":"Take Over - Absolute Rich & Shine | Ampu\u0142ki Olejek Mineralizuj\u0105cy","og_description":"Olejek Mineralizuj\u0105cy w ampu\u0142kach Take Over Absolute Rich & Shine wykazuje natychmiastowe dzia\u0142anie rewitalizuj\u0105ce na w\u0142\u00f3kno w\u0142osa","og_url":"https:\/\/seipuntozero-haircare.it\/pl\/prodotto\/take-over-absolute-rich-shine-ampulki-olejek-mineralizujacy\/","og_site_name":"6.Zero","article_modified_time":"2023-11-17T14:39:17+00:00","og_image":[{"width":600,"height":600,"url":"https:\/\/seipuntozero-haircare.it\/wp-content\/uploads\/2019\/03\/sei_punto_zero_take_over_absolute_rich_shine_olio_mineralizzante.png","type":"image\/png"}],"twitter_card":"summary_large_image","twitter_misc":{"Szacowany czas czytania":"1 minuta"},"schema":{"@context":"https:\/\/schema.org","@graph":[{"@type":"WebPage","@id":"https:\/\/seipuntozero-haircare.it\/pl\/prodotto\/take-over-absolute-rich-shine-ampulki-olejek-mineralizujacy\/","url":"https:\/\/seipuntozero-haircare.it\/pl\/prodotto\/take-over-absolute-rich-shine-ampulki-olejek-mineralizujacy\/","name":"Take Over - Absolute Rich & Shine | Ampu\u0142ki Olejek Mineralizuj\u0105cy","isPartOf":{"@id":"https:\/\/seipuntozero-haircare.it\/pl\/#website"},"primaryImageOfPage":{"@id":"https:\/\/seipuntozero-haircare.it\/pl\/prodotto\/take-over-absolute-rich-shine-ampulki-olejek-mineralizujacy\/#primaryimage"},"image":{"@id":"https:\/\/seipuntozero-haircare.it\/pl\/prodotto\/take-over-absolute-rich-shine-ampulki-olejek-mineralizujacy\/#primaryimage"},"thumbnailUrl":"https:\/\/seipuntozero-haircare.it\/wp-content\/uploads\/2019\/03\/sei_punto_zero_take_over_absolute_rich_shine_olio_mineralizzante.png","datePublished":"2019-03-14T17:00:51+00:00","dateModified":"2023-11-17T14:39:17+00:00","description":"Olejek Mineralizuj\u0105cy w ampu\u0142kach Take Over Absolute Rich & Shine wykazuje natychmiastowe dzia\u0142anie rewitalizuj\u0105ce na w\u0142\u00f3kno w\u0142osa","breadcrumb":{"@id":"https:\/\/seipuntozero-haircare.it\/pl\/prodotto\/take-over-absolute-rich-shine-ampulki-olejek-mineralizujacy\/#breadcrumb"},"inLanguage":"pl-PL","potentialAction":[{"@type":"ReadAction","target":["https:\/\/seipuntozero-haircare.it\/pl\/prodotto\/take-over-absolute-rich-shine-ampulki-olejek-mineralizujacy\/"]}]},{"@type":"ImageObject","inLanguage":"pl-PL","@id":"https:\/\/seipuntozero-haircare.it\/pl\/prodotto\/take-over-absolute-rich-shine-ampulki-olejek-mineralizujacy\/#primaryimage","url":"https:\/\/seipuntozero-haircare.it\/wp-content\/uploads\/2019\/03\/sei_punto_zero_take_over_absolute_rich_shine_olio_mineralizzante.png","contentUrl":"https:\/\/seipuntozero-haircare.it\/wp-content\/uploads\/2019\/03\/sei_punto_zero_take_over_absolute_rich_shine_olio_mineralizzante.png","width":600,"height":600},{"@type":"BreadcrumbList","@id":"https:\/\/seipuntozero-haircare.it\/pl\/prodotto\/take-over-absolute-rich-shine-ampulki-olejek-mineralizujacy\/#breadcrumb","itemListElement":[{"@type":"ListItem","position":1,"name":"Home","item":"https:\/\/seipuntozero-haircare.it\/pl\/"},{"@type":"ListItem","position":2,"name":"Prodotti","item":"https:\/\/seipuntozero-haircare.it\/prodotti\/"},{"@type":"ListItem","position":3,"name":"TAKE OVER &#8211; ABSOLUTE RICH &#038; SHINE Ampu\u0142ki Olejek Mineralizuj\u0105cy"}]},{"@type":"WebSite","@id":"https:\/\/seipuntozero-haircare.it\/pl\/#website","url":"https:\/\/seipuntozero-haircare.it\/pl\/","name":"6.Zero","description":"Essential Touch","potentialAction":[{"@type":"SearchAction","target":{"@type":"EntryPoint","urlTemplate":"https:\/\/seipuntozero-haircare.it\/pl\/?s={search_term_string}"},"query-input":{"@type":"PropertyValueSpecification","valueRequired":true,"valueName":"search_term_string"}}],"inLanguage":"pl-PL"}]}},"_links":{"self":[{"href":"https:\/\/seipuntozero-haircare.it\/pl\/wp-json\/wp\/v2\/product\/21904","targetHints":{"allow":["GET"]}}],"collection":[{"href":"https:\/\/seipuntozero-haircare.it\/pl\/wp-json\/wp\/v2\/product"}],"about":[{"href":"https:\/\/seipuntozero-haircare.it\/pl\/wp-json\/wp\/v2\/types\/product"}],"wp:featuredmedia":[{"embeddable":true,"href":"https:\/\/seipuntozero-haircare.it\/pl\/wp-json\/wp\/v2\/media\/21409"}],"wp:attachment":[{"href":"https:\/\/seipuntozero-haircare.it\/pl\/wp-json\/wp\/v2\/media?parent=21904"}],"wp:term":[{"taxonomy":"product_brand","embeddable":true,"href":"https:\/\/seipuntozero-haircare.it\/pl\/wp-json\/wp\/v2\/product_brand?post=21904"},{"taxonomy":"product_cat","embeddable":true,"href":"https:\/\/seipuntozero-haircare.it\/pl\/wp-json\/wp\/v2\/product_cat?post=21904"},{"taxonomy":"product_tag","embeddable":true,"href":"https:\/\/seipuntozero-haircare.it\/pl\/wp-json\/wp\/v2\/product_tag?post=21904"}],"curies":[{"name":"wp","href":"https:\/\/api.w.org\/{rel}","templated":true}]}}