{"id":21902,"date":"2019-03-14T18:00:29","date_gmt":"2019-03-14T17:00:29","guid":{"rendered":"https:\/\/seipuntozero-haircare.it\/prodotto\/take-over-absolute-rich-shine-maska-do-wlosow-suchych-i-matowych\/"},"modified":"2023-11-17T15:36:16","modified_gmt":"2023-11-17T14:36:16","slug":"take-over-absolute-rich-shine-maska-do-wlosow-suchych-i-matowych","status":"publish","type":"product","link":"https:\/\/seipuntozero-haircare.it\/pl\/prodotto\/take-over-absolute-rich-shine-maska-do-wlosow-suchych-i-matowych\/","title":{"rendered":"TAKE OVER &#8211; ABSOLUTE RICH &#038; SHINE <br> Maska do w\u0142os\u00f3w suchych i matowych"},"content":{"rendered":"<ul>\n<li style=\"font-weight: 400;\" aria-level=\"1\"><span style=\"font-weight: 400;\">Od\u017cywia i nawil\u017ca w\u0142\u00f3kno w\u0142osa, nat\u0142uszcza i chroni w\u0142osy<\/span><\/li>\n<li style=\"font-weight: 400;\" aria-level=\"1\"><span style=\"font-weight: 400;\">Przeciwdzia\u0142a matowieniu i przesuszeniu w\u0142os\u00f3w<\/span><\/li>\n<\/ul>\n","protected":false},"excerpt":{"rendered":"<p><span style=\"font-weight: 400;\">Take Over Absolute Rich &amp; Shine, maska do w\u0142os\u00f3w suchych i matowych wzbogacona witamin\u0105 B5. Zabieg od\u017cywczo-kondycjonuj\u0105cy, przywracaj\u0105cy blask i mi\u0119kko\u015b\u0107, o dzia\u0142aniu od\u017cywczym i nat\u0142uszczaj\u0105cym. Maska Absolute Rich &amp; Shine sprawia, \u017ce w\u0142osy staj\u0105 si\u0119 jedwabiste, mi\u0119kkie w dotyku i niezwykle l\u015bni\u0105ce, od nasady a\u017c po same ko\u0144ce.<\/span><\/p>\n<p><span style=\"font-weight: 400;\">Opakowanie o pojemno\u015bci 500 ml<\/span><\/p>\n","protected":false},"featured_media":21594,"template":"","meta":[],"product_brand":[],"product_cat":[1205],"product_tag":[],"class_list":["post-21902","product","type-product","status-publish","has-post-thumbnail","hentry","product_cat-take-over-absolute-rich-shine-pl"],"yoast_head":"<!-- This site is optimized with the Yoast SEO plugin v27.1.1 - https:\/\/yoast.com\/product\/yoast-seo-wordpress\/ -->\n<title>Take Over Absolute Rich &amp; Shine | Maska do w\u0142os\u00f3w suchych i matowych<\/title>\n<meta name=\"description\" content=\"Take Over Absolute Rich &amp; Shine, maska do w\u0142os\u00f3w suchych i matowych wzbogacona witamin\u0105 B5.\" \/>\n<meta name=\"robots\" content=\"index, follow, max-snippet:-1, max-image-preview:large, max-video-preview:-1\" \/>\n<link rel=\"canonical\" href=\"https:\/\/seipuntozero-haircare.it\/pl\/prodotto\/take-over-absolute-rich-shine-maska-do-wlosow-suchych-i-matowych\/\" \/>\n<meta property=\"og:locale\" content=\"pl_PL\" \/>\n<meta property=\"og:type\" content=\"article\" \/>\n<meta property=\"og:title\" content=\"Take Over Absolute Rich &amp; Shine | Maska do w\u0142os\u00f3w suchych i matowych\" \/>\n<meta property=\"og:description\" content=\"Take Over Absolute Rich &amp; Shine, maska do w\u0142os\u00f3w suchych i matowych wzbogacona witamin\u0105 B5.\" \/>\n<meta property=\"og:url\" content=\"https:\/\/seipuntozero-haircare.it\/pl\/prodotto\/take-over-absolute-rich-shine-maska-do-wlosow-suchych-i-matowych\/\" \/>\n<meta property=\"og:site_name\" content=\"6.Zero\" \/>\n<meta property=\"article:modified_time\" content=\"2023-11-17T14:36:16+00:00\" \/>\n<meta property=\"og:image\" content=\"https:\/\/seipuntozero-haircare.it\/wp-content\/uploads\/2019\/03\/262601_sei_punto_zero_take_over_absolute_rich_shine_mask_500ml-1.png\" \/>\n\t<meta property=\"og:image:width\" content=\"800\" \/>\n\t<meta property=\"og:image:height\" content=\"800\" \/>\n\t<meta property=\"og:image:type\" content=\"image\/png\" \/>\n<meta name=\"twitter:card\" content=\"summary_large_image\" \/>\n<meta name=\"twitter:label1\" content=\"Szacowany czas czytania\" \/>\n\t<meta name=\"twitter:data1\" content=\"1 minuta\" \/>\n<script type=\"application\/ld+json\" class=\"yoast-schema-graph\">{\"@context\":\"https:\/\/schema.org\",\"@graph\":[{\"@type\":\"WebPage\",\"@id\":\"https:\/\/seipuntozero-haircare.it\/pl\/prodotto\/take-over-absolute-rich-shine-maska-do-wlosow-suchych-i-matowych\/\",\"url\":\"https:\/\/seipuntozero-haircare.it\/pl\/prodotto\/take-over-absolute-rich-shine-maska-do-wlosow-suchych-i-matowych\/\",\"name\":\"Take Over Absolute Rich & Shine | Maska do w\u0142os\u00f3w suchych i matowych\",\"isPartOf\":{\"@id\":\"https:\/\/seipuntozero-haircare.it\/pl\/#website\"},\"primaryImageOfPage\":{\"@id\":\"https:\/\/seipuntozero-haircare.it\/pl\/prodotto\/take-over-absolute-rich-shine-maska-do-wlosow-suchych-i-matowych\/#primaryimage\"},\"image\":{\"@id\":\"https:\/\/seipuntozero-haircare.it\/pl\/prodotto\/take-over-absolute-rich-shine-maska-do-wlosow-suchych-i-matowych\/#primaryimage\"},\"thumbnailUrl\":\"https:\/\/seipuntozero-haircare.it\/wp-content\/uploads\/2019\/03\/262601_sei_punto_zero_take_over_absolute_rich_shine_mask_500ml-1.png\",\"datePublished\":\"2019-03-14T17:00:29+00:00\",\"dateModified\":\"2023-11-17T14:36:16+00:00\",\"description\":\"Take Over Absolute Rich & Shine, maska do w\u0142os\u00f3w suchych i matowych wzbogacona witamin\u0105 B5.\",\"breadcrumb\":{\"@id\":\"https:\/\/seipuntozero-haircare.it\/pl\/prodotto\/take-over-absolute-rich-shine-maska-do-wlosow-suchych-i-matowych\/#breadcrumb\"},\"inLanguage\":\"pl-PL\",\"potentialAction\":[{\"@type\":\"ReadAction\",\"target\":[\"https:\/\/seipuntozero-haircare.it\/pl\/prodotto\/take-over-absolute-rich-shine-maska-do-wlosow-suchych-i-matowych\/\"]}]},{\"@type\":\"ImageObject\",\"inLanguage\":\"pl-PL\",\"@id\":\"https:\/\/seipuntozero-haircare.it\/pl\/prodotto\/take-over-absolute-rich-shine-maska-do-wlosow-suchych-i-matowych\/#primaryimage\",\"url\":\"https:\/\/seipuntozero-haircare.it\/wp-content\/uploads\/2019\/03\/262601_sei_punto_zero_take_over_absolute_rich_shine_mask_500ml-1.png\",\"contentUrl\":\"https:\/\/seipuntozero-haircare.it\/wp-content\/uploads\/2019\/03\/262601_sei_punto_zero_take_over_absolute_rich_shine_mask_500ml-1.png\",\"width\":800,\"height\":800},{\"@type\":\"BreadcrumbList\",\"@id\":\"https:\/\/seipuntozero-haircare.it\/pl\/prodotto\/take-over-absolute-rich-shine-maska-do-wlosow-suchych-i-matowych\/#breadcrumb\",\"itemListElement\":[{\"@type\":\"ListItem\",\"position\":1,\"name\":\"Home\",\"item\":\"https:\/\/seipuntozero-haircare.it\/pl\/\"},{\"@type\":\"ListItem\",\"position\":2,\"name\":\"Prodotti\",\"item\":\"https:\/\/seipuntozero-haircare.it\/prodotti\/\"},{\"@type\":\"ListItem\",\"position\":3,\"name\":\"TAKE OVER &#8211; ABSOLUTE RICH &#038; SHINE Maska do w\u0142os\u00f3w suchych i matowych\"}]},{\"@type\":\"WebSite\",\"@id\":\"https:\/\/seipuntozero-haircare.it\/pl\/#website\",\"url\":\"https:\/\/seipuntozero-haircare.it\/pl\/\",\"name\":\"6.Zero\",\"description\":\"Essential Touch\",\"potentialAction\":[{\"@type\":\"SearchAction\",\"target\":{\"@type\":\"EntryPoint\",\"urlTemplate\":\"https:\/\/seipuntozero-haircare.it\/pl\/?s={search_term_string}\"},\"query-input\":{\"@type\":\"PropertyValueSpecification\",\"valueRequired\":true,\"valueName\":\"search_term_string\"}}],\"inLanguage\":\"pl-PL\"}]}<\/script>\n<!-- \/ Yoast SEO plugin. -->","yoast_head_json":{"title":"Take Over Absolute Rich & Shine | Maska do w\u0142os\u00f3w suchych i matowych","description":"Take Over Absolute Rich & Shine, maska do w\u0142os\u00f3w suchych i matowych wzbogacona witamin\u0105 B5.","robots":{"index":"index","follow":"follow","max-snippet":"max-snippet:-1","max-image-preview":"max-image-preview:large","max-video-preview":"max-video-preview:-1"},"canonical":"https:\/\/seipuntozero-haircare.it\/pl\/prodotto\/take-over-absolute-rich-shine-maska-do-wlosow-suchych-i-matowych\/","og_locale":"pl_PL","og_type":"article","og_title":"Take Over Absolute Rich & Shine | Maska do w\u0142os\u00f3w suchych i matowych","og_description":"Take Over Absolute Rich & Shine, maska do w\u0142os\u00f3w suchych i matowych wzbogacona witamin\u0105 B5.","og_url":"https:\/\/seipuntozero-haircare.it\/pl\/prodotto\/take-over-absolute-rich-shine-maska-do-wlosow-suchych-i-matowych\/","og_site_name":"6.Zero","article_modified_time":"2023-11-17T14:36:16+00:00","og_image":[{"width":800,"height":800,"url":"https:\/\/seipuntozero-haircare.it\/wp-content\/uploads\/2019\/03\/262601_sei_punto_zero_take_over_absolute_rich_shine_mask_500ml-1.png","type":"image\/png"}],"twitter_card":"summary_large_image","twitter_misc":{"Szacowany czas czytania":"1 minuta"},"schema":{"@context":"https:\/\/schema.org","@graph":[{"@type":"WebPage","@id":"https:\/\/seipuntozero-haircare.it\/pl\/prodotto\/take-over-absolute-rich-shine-maska-do-wlosow-suchych-i-matowych\/","url":"https:\/\/seipuntozero-haircare.it\/pl\/prodotto\/take-over-absolute-rich-shine-maska-do-wlosow-suchych-i-matowych\/","name":"Take Over Absolute Rich & Shine | Maska do w\u0142os\u00f3w suchych i matowych","isPartOf":{"@id":"https:\/\/seipuntozero-haircare.it\/pl\/#website"},"primaryImageOfPage":{"@id":"https:\/\/seipuntozero-haircare.it\/pl\/prodotto\/take-over-absolute-rich-shine-maska-do-wlosow-suchych-i-matowych\/#primaryimage"},"image":{"@id":"https:\/\/seipuntozero-haircare.it\/pl\/prodotto\/take-over-absolute-rich-shine-maska-do-wlosow-suchych-i-matowych\/#primaryimage"},"thumbnailUrl":"https:\/\/seipuntozero-haircare.it\/wp-content\/uploads\/2019\/03\/262601_sei_punto_zero_take_over_absolute_rich_shine_mask_500ml-1.png","datePublished":"2019-03-14T17:00:29+00:00","dateModified":"2023-11-17T14:36:16+00:00","description":"Take Over Absolute Rich & Shine, maska do w\u0142os\u00f3w suchych i matowych wzbogacona witamin\u0105 B5.","breadcrumb":{"@id":"https:\/\/seipuntozero-haircare.it\/pl\/prodotto\/take-over-absolute-rich-shine-maska-do-wlosow-suchych-i-matowych\/#breadcrumb"},"inLanguage":"pl-PL","potentialAction":[{"@type":"ReadAction","target":["https:\/\/seipuntozero-haircare.it\/pl\/prodotto\/take-over-absolute-rich-shine-maska-do-wlosow-suchych-i-matowych\/"]}]},{"@type":"ImageObject","inLanguage":"pl-PL","@id":"https:\/\/seipuntozero-haircare.it\/pl\/prodotto\/take-over-absolute-rich-shine-maska-do-wlosow-suchych-i-matowych\/#primaryimage","url":"https:\/\/seipuntozero-haircare.it\/wp-content\/uploads\/2019\/03\/262601_sei_punto_zero_take_over_absolute_rich_shine_mask_500ml-1.png","contentUrl":"https:\/\/seipuntozero-haircare.it\/wp-content\/uploads\/2019\/03\/262601_sei_punto_zero_take_over_absolute_rich_shine_mask_500ml-1.png","width":800,"height":800},{"@type":"BreadcrumbList","@id":"https:\/\/seipuntozero-haircare.it\/pl\/prodotto\/take-over-absolute-rich-shine-maska-do-wlosow-suchych-i-matowych\/#breadcrumb","itemListElement":[{"@type":"ListItem","position":1,"name":"Home","item":"https:\/\/seipuntozero-haircare.it\/pl\/"},{"@type":"ListItem","position":2,"name":"Prodotti","item":"https:\/\/seipuntozero-haircare.it\/prodotti\/"},{"@type":"ListItem","position":3,"name":"TAKE OVER &#8211; ABSOLUTE RICH &#038; SHINE Maska do w\u0142os\u00f3w suchych i matowych"}]},{"@type":"WebSite","@id":"https:\/\/seipuntozero-haircare.it\/pl\/#website","url":"https:\/\/seipuntozero-haircare.it\/pl\/","name":"6.Zero","description":"Essential Touch","potentialAction":[{"@type":"SearchAction","target":{"@type":"EntryPoint","urlTemplate":"https:\/\/seipuntozero-haircare.it\/pl\/?s={search_term_string}"},"query-input":{"@type":"PropertyValueSpecification","valueRequired":true,"valueName":"search_term_string"}}],"inLanguage":"pl-PL"}]}},"_links":{"self":[{"href":"https:\/\/seipuntozero-haircare.it\/pl\/wp-json\/wp\/v2\/product\/21902","targetHints":{"allow":["GET"]}}],"collection":[{"href":"https:\/\/seipuntozero-haircare.it\/pl\/wp-json\/wp\/v2\/product"}],"about":[{"href":"https:\/\/seipuntozero-haircare.it\/pl\/wp-json\/wp\/v2\/types\/product"}],"wp:featuredmedia":[{"embeddable":true,"href":"https:\/\/seipuntozero-haircare.it\/pl\/wp-json\/wp\/v2\/media\/21594"}],"wp:attachment":[{"href":"https:\/\/seipuntozero-haircare.it\/pl\/wp-json\/wp\/v2\/media?parent=21902"}],"wp:term":[{"taxonomy":"product_brand","embeddable":true,"href":"https:\/\/seipuntozero-haircare.it\/pl\/wp-json\/wp\/v2\/product_brand?post=21902"},{"taxonomy":"product_cat","embeddable":true,"href":"https:\/\/seipuntozero-haircare.it\/pl\/wp-json\/wp\/v2\/product_cat?post=21902"},{"taxonomy":"product_tag","embeddable":true,"href":"https:\/\/seipuntozero-haircare.it\/pl\/wp-json\/wp\/v2\/product_tag?post=21902"}],"curies":[{"name":"wp","href":"https:\/\/api.w.org\/{rel}","templated":true}]}}