{"id":21894,"date":"2017-03-15T16:19:15","date_gmt":"2017-03-15T15:19:15","guid":{"rendered":"https:\/\/seipuntozero-haircare.it\/prodotto\/take-over-full-expand-szampon-do-wlosow-cienkich-2\/"},"modified":"2023-11-17T15:17:37","modified_gmt":"2023-11-17T14:17:37","slug":"take-over-full-expand-szampon-do-wlosow-cienkich-2","status":"publish","type":"product","link":"https:\/\/seipuntozero-haircare.it\/pl\/prodotto\/take-over-full-expand-szampon-do-wlosow-cienkich-2\/","title":{"rendered":"TAKE OVER &#8211; FULL EXPAND <br> Szampon do w\u0142os\u00f3w cienkich"},"content":{"rendered":"<ul>\n<li style=\"font-weight: 400;\" aria-level=\"1\"><span style=\"font-weight: 400;\">Cienkie w\u0142osy zyskuj\u0105 obj\u0119to\u015b\u0107 i grubo\u015b\u0107<\/span><\/li>\n<li style=\"font-weight: 400;\" aria-level=\"1\"><span style=\"font-weight: 400;\">Przywraca nawil\u017cenie i ton<\/span><\/li>\n<\/ul>\n","protected":false},"excerpt":{"rendered":"<p><span style=\"font-weight: 400;\">Take Over Full Expand, szampon do w\u0142os\u00f3w cienkich i pozbawionych obj\u0119to\u015bci. Idealny do delikatnego oczyszczania, pomaga przywr\u00f3ci\u0107 odpowiedni poziom nawil\u017cenia i tonu. Dzi\u0119ki zawarto\u015bci Czarnego Owsa oraz Sk\u0142adnik\u00f3w Aktywnych zawartych w formule w\u0142osy nabieraj\u0105 lekko\u015bci i obj\u0119to\u015bci. Z ka\u017cdym myciem w\u0142osy staj\u0105 si\u0119 grubsze i zyskuj\u0105 wi\u0119ksz\u0105 obj\u0119to\u015b\u0107.<\/span><\/p>\n<p><span style=\"font-weight: 400;\">Butelka 300 ml<\/span><\/p>\n","protected":false},"featured_media":21609,"template":"","meta":[],"product_brand":[],"product_cat":[1207],"product_tag":[],"class_list":["post-21894","product","type-product","status-publish","has-post-thumbnail","hentry","product_cat-take-over-full-expand-pl"],"yoast_head":"<!-- This site is optimized with the Yoast SEO plugin v27.1.1 - https:\/\/yoast.com\/product\/yoast-seo-wordpress\/ -->\n<title>TAKE OVER - FULL EXPAND  Szampon do w\u0142os\u00f3w cienkich - 6.Zero<\/title>\n<meta name=\"description\" content=\"Take Over Full Expand, szampon do w\u0142os\u00f3w cienkich i pozbawionych obj\u0119to\u015bci.\" \/>\n<meta name=\"robots\" content=\"index, follow, max-snippet:-1, max-image-preview:large, max-video-preview:-1\" \/>\n<link rel=\"canonical\" href=\"https:\/\/seipuntozero-haircare.it\/pl\/prodotto\/take-over-full-expand-szampon-do-wlosow-cienkich-2\/\" \/>\n<meta property=\"og:locale\" content=\"pl_PL\" \/>\n<meta property=\"og:type\" content=\"article\" \/>\n<meta property=\"og:title\" content=\"TAKE OVER - FULL EXPAND  Szampon do w\u0142os\u00f3w cienkich - 6.Zero\" \/>\n<meta property=\"og:description\" content=\"Take Over Full Expand, szampon do w\u0142os\u00f3w cienkich i pozbawionych obj\u0119to\u015bci.\" \/>\n<meta property=\"og:url\" content=\"https:\/\/seipuntozero-haircare.it\/pl\/prodotto\/take-over-full-expand-szampon-do-wlosow-cienkich-2\/\" \/>\n<meta property=\"og:site_name\" content=\"6.Zero\" \/>\n<meta property=\"article:modified_time\" content=\"2023-11-17T14:17:37+00:00\" \/>\n<meta property=\"og:image\" content=\"https:\/\/seipuntozero-haircare.it\/wp-content\/uploads\/2017\/03\/263288_sei_punto_zero_take_over_full_expand_shampoo_300ml.png\" \/>\n\t<meta property=\"og:image:width\" content=\"800\" \/>\n\t<meta property=\"og:image:height\" content=\"800\" \/>\n\t<meta property=\"og:image:type\" content=\"image\/png\" \/>\n<meta name=\"twitter:card\" content=\"summary_large_image\" \/>\n<meta name=\"twitter:label1\" content=\"Szacowany czas czytania\" \/>\n\t<meta name=\"twitter:data1\" content=\"1 minuta\" \/>\n<script type=\"application\/ld+json\" class=\"yoast-schema-graph\">{\"@context\":\"https:\/\/schema.org\",\"@graph\":[{\"@type\":\"WebPage\",\"@id\":\"https:\/\/seipuntozero-haircare.it\/pl\/prodotto\/take-over-full-expand-szampon-do-wlosow-cienkich-2\/\",\"url\":\"https:\/\/seipuntozero-haircare.it\/pl\/prodotto\/take-over-full-expand-szampon-do-wlosow-cienkich-2\/\",\"name\":\"TAKE OVER - FULL EXPAND Szampon do w\u0142os\u00f3w cienkich - 6.Zero\",\"isPartOf\":{\"@id\":\"https:\/\/seipuntozero-haircare.it\/pl\/#website\"},\"primaryImageOfPage\":{\"@id\":\"https:\/\/seipuntozero-haircare.it\/pl\/prodotto\/take-over-full-expand-szampon-do-wlosow-cienkich-2\/#primaryimage\"},\"image\":{\"@id\":\"https:\/\/seipuntozero-haircare.it\/pl\/prodotto\/take-over-full-expand-szampon-do-wlosow-cienkich-2\/#primaryimage\"},\"thumbnailUrl\":\"https:\/\/seipuntozero-haircare.it\/wp-content\/uploads\/2017\/03\/263288_sei_punto_zero_take_over_full_expand_shampoo_300ml.png\",\"datePublished\":\"2017-03-15T15:19:15+00:00\",\"dateModified\":\"2023-11-17T14:17:37+00:00\",\"description\":\"Take Over Full Expand, szampon do w\u0142os\u00f3w cienkich i pozbawionych obj\u0119to\u015bci.\",\"breadcrumb\":{\"@id\":\"https:\/\/seipuntozero-haircare.it\/pl\/prodotto\/take-over-full-expand-szampon-do-wlosow-cienkich-2\/#breadcrumb\"},\"inLanguage\":\"pl-PL\",\"potentialAction\":[{\"@type\":\"ReadAction\",\"target\":[\"https:\/\/seipuntozero-haircare.it\/pl\/prodotto\/take-over-full-expand-szampon-do-wlosow-cienkich-2\/\"]}]},{\"@type\":\"ImageObject\",\"inLanguage\":\"pl-PL\",\"@id\":\"https:\/\/seipuntozero-haircare.it\/pl\/prodotto\/take-over-full-expand-szampon-do-wlosow-cienkich-2\/#primaryimage\",\"url\":\"https:\/\/seipuntozero-haircare.it\/wp-content\/uploads\/2017\/03\/263288_sei_punto_zero_take_over_full_expand_shampoo_300ml.png\",\"contentUrl\":\"https:\/\/seipuntozero-haircare.it\/wp-content\/uploads\/2017\/03\/263288_sei_punto_zero_take_over_full_expand_shampoo_300ml.png\",\"width\":800,\"height\":800},{\"@type\":\"BreadcrumbList\",\"@id\":\"https:\/\/seipuntozero-haircare.it\/pl\/prodotto\/take-over-full-expand-szampon-do-wlosow-cienkich-2\/#breadcrumb\",\"itemListElement\":[{\"@type\":\"ListItem\",\"position\":1,\"name\":\"Home\",\"item\":\"https:\/\/seipuntozero-haircare.it\/pl\/\"},{\"@type\":\"ListItem\",\"position\":2,\"name\":\"Prodotti\",\"item\":\"https:\/\/seipuntozero-haircare.it\/prodotti\/\"},{\"@type\":\"ListItem\",\"position\":3,\"name\":\"TAKE OVER &#8211; FULL EXPAND Szampon do w\u0142os\u00f3w cienkich\"}]},{\"@type\":\"WebSite\",\"@id\":\"https:\/\/seipuntozero-haircare.it\/pl\/#website\",\"url\":\"https:\/\/seipuntozero-haircare.it\/pl\/\",\"name\":\"6.Zero\",\"description\":\"Essential Touch\",\"potentialAction\":[{\"@type\":\"SearchAction\",\"target\":{\"@type\":\"EntryPoint\",\"urlTemplate\":\"https:\/\/seipuntozero-haircare.it\/pl\/?s={search_term_string}\"},\"query-input\":{\"@type\":\"PropertyValueSpecification\",\"valueRequired\":true,\"valueName\":\"search_term_string\"}}],\"inLanguage\":\"pl-PL\"}]}<\/script>\n<!-- \/ Yoast SEO plugin. -->","yoast_head_json":{"title":"TAKE OVER - FULL EXPAND  Szampon do w\u0142os\u00f3w cienkich - 6.Zero","description":"Take Over Full Expand, szampon do w\u0142os\u00f3w cienkich i pozbawionych obj\u0119to\u015bci.","robots":{"index":"index","follow":"follow","max-snippet":"max-snippet:-1","max-image-preview":"max-image-preview:large","max-video-preview":"max-video-preview:-1"},"canonical":"https:\/\/seipuntozero-haircare.it\/pl\/prodotto\/take-over-full-expand-szampon-do-wlosow-cienkich-2\/","og_locale":"pl_PL","og_type":"article","og_title":"TAKE OVER - FULL EXPAND  Szampon do w\u0142os\u00f3w cienkich - 6.Zero","og_description":"Take Over Full Expand, szampon do w\u0142os\u00f3w cienkich i pozbawionych obj\u0119to\u015bci.","og_url":"https:\/\/seipuntozero-haircare.it\/pl\/prodotto\/take-over-full-expand-szampon-do-wlosow-cienkich-2\/","og_site_name":"6.Zero","article_modified_time":"2023-11-17T14:17:37+00:00","og_image":[{"width":800,"height":800,"url":"https:\/\/seipuntozero-haircare.it\/wp-content\/uploads\/2017\/03\/263288_sei_punto_zero_take_over_full_expand_shampoo_300ml.png","type":"image\/png"}],"twitter_card":"summary_large_image","twitter_misc":{"Szacowany czas czytania":"1 minuta"},"schema":{"@context":"https:\/\/schema.org","@graph":[{"@type":"WebPage","@id":"https:\/\/seipuntozero-haircare.it\/pl\/prodotto\/take-over-full-expand-szampon-do-wlosow-cienkich-2\/","url":"https:\/\/seipuntozero-haircare.it\/pl\/prodotto\/take-over-full-expand-szampon-do-wlosow-cienkich-2\/","name":"TAKE OVER - FULL EXPAND Szampon do w\u0142os\u00f3w cienkich - 6.Zero","isPartOf":{"@id":"https:\/\/seipuntozero-haircare.it\/pl\/#website"},"primaryImageOfPage":{"@id":"https:\/\/seipuntozero-haircare.it\/pl\/prodotto\/take-over-full-expand-szampon-do-wlosow-cienkich-2\/#primaryimage"},"image":{"@id":"https:\/\/seipuntozero-haircare.it\/pl\/prodotto\/take-over-full-expand-szampon-do-wlosow-cienkich-2\/#primaryimage"},"thumbnailUrl":"https:\/\/seipuntozero-haircare.it\/wp-content\/uploads\/2017\/03\/263288_sei_punto_zero_take_over_full_expand_shampoo_300ml.png","datePublished":"2017-03-15T15:19:15+00:00","dateModified":"2023-11-17T14:17:37+00:00","description":"Take Over Full Expand, szampon do w\u0142os\u00f3w cienkich i pozbawionych obj\u0119to\u015bci.","breadcrumb":{"@id":"https:\/\/seipuntozero-haircare.it\/pl\/prodotto\/take-over-full-expand-szampon-do-wlosow-cienkich-2\/#breadcrumb"},"inLanguage":"pl-PL","potentialAction":[{"@type":"ReadAction","target":["https:\/\/seipuntozero-haircare.it\/pl\/prodotto\/take-over-full-expand-szampon-do-wlosow-cienkich-2\/"]}]},{"@type":"ImageObject","inLanguage":"pl-PL","@id":"https:\/\/seipuntozero-haircare.it\/pl\/prodotto\/take-over-full-expand-szampon-do-wlosow-cienkich-2\/#primaryimage","url":"https:\/\/seipuntozero-haircare.it\/wp-content\/uploads\/2017\/03\/263288_sei_punto_zero_take_over_full_expand_shampoo_300ml.png","contentUrl":"https:\/\/seipuntozero-haircare.it\/wp-content\/uploads\/2017\/03\/263288_sei_punto_zero_take_over_full_expand_shampoo_300ml.png","width":800,"height":800},{"@type":"BreadcrumbList","@id":"https:\/\/seipuntozero-haircare.it\/pl\/prodotto\/take-over-full-expand-szampon-do-wlosow-cienkich-2\/#breadcrumb","itemListElement":[{"@type":"ListItem","position":1,"name":"Home","item":"https:\/\/seipuntozero-haircare.it\/pl\/"},{"@type":"ListItem","position":2,"name":"Prodotti","item":"https:\/\/seipuntozero-haircare.it\/prodotti\/"},{"@type":"ListItem","position":3,"name":"TAKE OVER &#8211; FULL EXPAND Szampon do w\u0142os\u00f3w cienkich"}]},{"@type":"WebSite","@id":"https:\/\/seipuntozero-haircare.it\/pl\/#website","url":"https:\/\/seipuntozero-haircare.it\/pl\/","name":"6.Zero","description":"Essential Touch","potentialAction":[{"@type":"SearchAction","target":{"@type":"EntryPoint","urlTemplate":"https:\/\/seipuntozero-haircare.it\/pl\/?s={search_term_string}"},"query-input":{"@type":"PropertyValueSpecification","valueRequired":true,"valueName":"search_term_string"}}],"inLanguage":"pl-PL"}]}},"_links":{"self":[{"href":"https:\/\/seipuntozero-haircare.it\/pl\/wp-json\/wp\/v2\/product\/21894","targetHints":{"allow":["GET"]}}],"collection":[{"href":"https:\/\/seipuntozero-haircare.it\/pl\/wp-json\/wp\/v2\/product"}],"about":[{"href":"https:\/\/seipuntozero-haircare.it\/pl\/wp-json\/wp\/v2\/types\/product"}],"wp:featuredmedia":[{"embeddable":true,"href":"https:\/\/seipuntozero-haircare.it\/pl\/wp-json\/wp\/v2\/media\/21609"}],"wp:attachment":[{"href":"https:\/\/seipuntozero-haircare.it\/pl\/wp-json\/wp\/v2\/media?parent=21894"}],"wp:term":[{"taxonomy":"product_brand","embeddable":true,"href":"https:\/\/seipuntozero-haircare.it\/pl\/wp-json\/wp\/v2\/product_brand?post=21894"},{"taxonomy":"product_cat","embeddable":true,"href":"https:\/\/seipuntozero-haircare.it\/pl\/wp-json\/wp\/v2\/product_cat?post=21894"},{"taxonomy":"product_tag","embeddable":true,"href":"https:\/\/seipuntozero-haircare.it\/pl\/wp-json\/wp\/v2\/product_tag?post=21894"}],"curies":[{"name":"wp","href":"https:\/\/api.w.org\/{rel}","templated":true}]}}