{"id":21889,"date":"2017-03-15T16:14:01","date_gmt":"2017-03-15T15:14:01","guid":{"rendered":"https:\/\/seipuntozero-haircare.it\/prodotto\/take-over-define-curl-szampon-do-wlosow-falowanych-i-kreconych-2\/"},"modified":"2023-11-17T15:09:08","modified_gmt":"2023-11-17T14:09:08","slug":"take-over-define-curl-szampon-do-wlosow-falowanych-i-kreconych-2","status":"publish","type":"product","link":"https:\/\/seipuntozero-haircare.it\/pl\/prodotto\/take-over-define-curl-szampon-do-wlosow-falowanych-i-kreconych-2\/","title":{"rendered":"TAKE OVER &#8211; DEFINE CURL <br> Szampon do w\u0142os\u00f3w falowanych i kr\u0119conych"},"content":{"rendered":"<ul>\n<li style=\"font-weight: 400;\" aria-level=\"1\"><span style=\"font-weight: 400;\">W\u0142osy falowane i kr\u0119cone s\u0105 lekkie i pe\u0142ne obj\u0119to\u015bci<\/span><\/li>\n<li style=\"font-weight: 400;\" aria-level=\"1\"><span style=\"font-weight: 400;\">Kontroluje puszenie<\/span><\/li>\n<li style=\"font-weight: 400;\" aria-level=\"1\"><span style=\"font-weight: 400;\">Wykazuje dzia\u0142anie kondycjonuj\u0105ce<\/span><\/li>\n<\/ul>\n","protected":false},"excerpt":{"rendered":"<p><span style=\"font-weight: 400;\">Take Over Define Curl, szampon do w\u0142os\u00f3w falowanych i kr\u0119conych z Kaszmirow\u0105 Keratyn\u0105 delikatnie oczyszcza w\u0142osy i nadaje im wyj\u0105tkow\u0105 elastyczno\u015b\u0107. Szampon sprawia, \u017ce w\u0142osy staj\u0105 si\u0119 bardziej mi\u0119kkie, l\u017cejsze i zyskuj\u0105 wi\u0119ksz\u0105 obj\u0119to\u015b\u0107. Pomaga kontrolowa\u0107 nawet najgrubsze loki i eliminuje efekt elektrostatyczny, b\u0119d\u0105cy przyczyn\u0105 nieestetycznego puszenia.<\/span><\/p>\n<p><span style=\"font-weight: 400;\">Butelka 300 ml<\/span><\/p>\n","protected":false},"featured_media":21604,"template":"","meta":[],"product_brand":[],"product_cat":[1206],"product_tag":[],"class_list":["post-21889","product","type-product","status-publish","has-post-thumbnail","hentry","product_cat-take-over-define-curl-pl"],"yoast_head":"<!-- This site is optimized with the Yoast SEO plugin v27.1.1 - https:\/\/yoast.com\/product\/yoast-seo-wordpress\/ -->\n<title>TAKE OVER - DEFINE CURL | Szampon do w\u0142os\u00f3w falowanych i kr\u0119conych<\/title>\n<meta name=\"description\" content=\"Take Over Define Curl, szampon do w\u0142os\u00f3w falowanych i kr\u0119conych z Kaszmirow\u0105 Keratyn\u0105 delikatnie oczyszcza w\u0142osy i nadaje im wyj\u0105tkow\u0105 elastyczno\u015b\u0107.\" \/>\n<meta name=\"robots\" content=\"index, follow, max-snippet:-1, max-image-preview:large, max-video-preview:-1\" \/>\n<link rel=\"canonical\" href=\"https:\/\/seipuntozero-haircare.it\/pl\/prodotto\/take-over-define-curl-szampon-do-wlosow-falowanych-i-kreconych-2\/\" \/>\n<meta property=\"og:locale\" content=\"pl_PL\" \/>\n<meta property=\"og:type\" content=\"article\" \/>\n<meta property=\"og:title\" content=\"TAKE OVER - DEFINE CURL | Szampon do w\u0142os\u00f3w falowanych i kr\u0119conych\" \/>\n<meta property=\"og:description\" content=\"Take Over Define Curl, szampon do w\u0142os\u00f3w falowanych i kr\u0119conych z Kaszmirow\u0105 Keratyn\u0105 delikatnie oczyszcza w\u0142osy i nadaje im wyj\u0105tkow\u0105 elastyczno\u015b\u0107.\" \/>\n<meta property=\"og:url\" content=\"https:\/\/seipuntozero-haircare.it\/pl\/prodotto\/take-over-define-curl-szampon-do-wlosow-falowanych-i-kreconych-2\/\" \/>\n<meta property=\"og:site_name\" content=\"6.Zero\" \/>\n<meta property=\"article:modified_time\" content=\"2023-11-17T14:09:08+00:00\" \/>\n<meta property=\"og:image\" content=\"https:\/\/seipuntozero-haircare.it\/wp-content\/uploads\/2019\/03\/263271_sei_punto_zero_take_over_define_curl_shampoo_300ml.png\" \/>\n\t<meta property=\"og:image:width\" content=\"800\" \/>\n\t<meta property=\"og:image:height\" content=\"800\" \/>\n\t<meta property=\"og:image:type\" content=\"image\/png\" \/>\n<meta name=\"twitter:card\" content=\"summary_large_image\" \/>\n<meta name=\"twitter:label1\" content=\"Szacowany czas czytania\" \/>\n\t<meta name=\"twitter:data1\" content=\"1 minuta\" \/>\n<script type=\"application\/ld+json\" class=\"yoast-schema-graph\">{\"@context\":\"https:\/\/schema.org\",\"@graph\":[{\"@type\":\"WebPage\",\"@id\":\"https:\/\/seipuntozero-haircare.it\/pl\/prodotto\/take-over-define-curl-szampon-do-wlosow-falowanych-i-kreconych-2\/\",\"url\":\"https:\/\/seipuntozero-haircare.it\/pl\/prodotto\/take-over-define-curl-szampon-do-wlosow-falowanych-i-kreconych-2\/\",\"name\":\"TAKE OVER - DEFINE CURL | Szampon do w\u0142os\u00f3w falowanych i kr\u0119conych\",\"isPartOf\":{\"@id\":\"https:\/\/seipuntozero-haircare.it\/pl\/#website\"},\"primaryImageOfPage\":{\"@id\":\"https:\/\/seipuntozero-haircare.it\/pl\/prodotto\/take-over-define-curl-szampon-do-wlosow-falowanych-i-kreconych-2\/#primaryimage\"},\"image\":{\"@id\":\"https:\/\/seipuntozero-haircare.it\/pl\/prodotto\/take-over-define-curl-szampon-do-wlosow-falowanych-i-kreconych-2\/#primaryimage\"},\"thumbnailUrl\":\"https:\/\/seipuntozero-haircare.it\/wp-content\/uploads\/2019\/03\/263271_sei_punto_zero_take_over_define_curl_shampoo_300ml.png\",\"datePublished\":\"2017-03-15T15:14:01+00:00\",\"dateModified\":\"2023-11-17T14:09:08+00:00\",\"description\":\"Take Over Define Curl, szampon do w\u0142os\u00f3w falowanych i kr\u0119conych z Kaszmirow\u0105 Keratyn\u0105 delikatnie oczyszcza w\u0142osy i nadaje im wyj\u0105tkow\u0105 elastyczno\u015b\u0107.\",\"breadcrumb\":{\"@id\":\"https:\/\/seipuntozero-haircare.it\/pl\/prodotto\/take-over-define-curl-szampon-do-wlosow-falowanych-i-kreconych-2\/#breadcrumb\"},\"inLanguage\":\"pl-PL\",\"potentialAction\":[{\"@type\":\"ReadAction\",\"target\":[\"https:\/\/seipuntozero-haircare.it\/pl\/prodotto\/take-over-define-curl-szampon-do-wlosow-falowanych-i-kreconych-2\/\"]}]},{\"@type\":\"ImageObject\",\"inLanguage\":\"pl-PL\",\"@id\":\"https:\/\/seipuntozero-haircare.it\/pl\/prodotto\/take-over-define-curl-szampon-do-wlosow-falowanych-i-kreconych-2\/#primaryimage\",\"url\":\"https:\/\/seipuntozero-haircare.it\/wp-content\/uploads\/2019\/03\/263271_sei_punto_zero_take_over_define_curl_shampoo_300ml.png\",\"contentUrl\":\"https:\/\/seipuntozero-haircare.it\/wp-content\/uploads\/2019\/03\/263271_sei_punto_zero_take_over_define_curl_shampoo_300ml.png\",\"width\":800,\"height\":800},{\"@type\":\"BreadcrumbList\",\"@id\":\"https:\/\/seipuntozero-haircare.it\/pl\/prodotto\/take-over-define-curl-szampon-do-wlosow-falowanych-i-kreconych-2\/#breadcrumb\",\"itemListElement\":[{\"@type\":\"ListItem\",\"position\":1,\"name\":\"Home\",\"item\":\"https:\/\/seipuntozero-haircare.it\/pl\/\"},{\"@type\":\"ListItem\",\"position\":2,\"name\":\"Prodotti\",\"item\":\"https:\/\/seipuntozero-haircare.it\/prodotti\/\"},{\"@type\":\"ListItem\",\"position\":3,\"name\":\"TAKE OVER &#8211; DEFINE CURL Szampon do w\u0142os\u00f3w falowanych i kr\u0119conych\"}]},{\"@type\":\"WebSite\",\"@id\":\"https:\/\/seipuntozero-haircare.it\/pl\/#website\",\"url\":\"https:\/\/seipuntozero-haircare.it\/pl\/\",\"name\":\"6.Zero\",\"description\":\"Essential Touch\",\"potentialAction\":[{\"@type\":\"SearchAction\",\"target\":{\"@type\":\"EntryPoint\",\"urlTemplate\":\"https:\/\/seipuntozero-haircare.it\/pl\/?s={search_term_string}\"},\"query-input\":{\"@type\":\"PropertyValueSpecification\",\"valueRequired\":true,\"valueName\":\"search_term_string\"}}],\"inLanguage\":\"pl-PL\"}]}<\/script>\n<!-- \/ Yoast SEO plugin. -->","yoast_head_json":{"title":"TAKE OVER - DEFINE CURL | Szampon do w\u0142os\u00f3w falowanych i kr\u0119conych","description":"Take Over Define Curl, szampon do w\u0142os\u00f3w falowanych i kr\u0119conych z Kaszmirow\u0105 Keratyn\u0105 delikatnie oczyszcza w\u0142osy i nadaje im wyj\u0105tkow\u0105 elastyczno\u015b\u0107.","robots":{"index":"index","follow":"follow","max-snippet":"max-snippet:-1","max-image-preview":"max-image-preview:large","max-video-preview":"max-video-preview:-1"},"canonical":"https:\/\/seipuntozero-haircare.it\/pl\/prodotto\/take-over-define-curl-szampon-do-wlosow-falowanych-i-kreconych-2\/","og_locale":"pl_PL","og_type":"article","og_title":"TAKE OVER - DEFINE CURL | Szampon do w\u0142os\u00f3w falowanych i kr\u0119conych","og_description":"Take Over Define Curl, szampon do w\u0142os\u00f3w falowanych i kr\u0119conych z Kaszmirow\u0105 Keratyn\u0105 delikatnie oczyszcza w\u0142osy i nadaje im wyj\u0105tkow\u0105 elastyczno\u015b\u0107.","og_url":"https:\/\/seipuntozero-haircare.it\/pl\/prodotto\/take-over-define-curl-szampon-do-wlosow-falowanych-i-kreconych-2\/","og_site_name":"6.Zero","article_modified_time":"2023-11-17T14:09:08+00:00","og_image":[{"width":800,"height":800,"url":"https:\/\/seipuntozero-haircare.it\/wp-content\/uploads\/2019\/03\/263271_sei_punto_zero_take_over_define_curl_shampoo_300ml.png","type":"image\/png"}],"twitter_card":"summary_large_image","twitter_misc":{"Szacowany czas czytania":"1 minuta"},"schema":{"@context":"https:\/\/schema.org","@graph":[{"@type":"WebPage","@id":"https:\/\/seipuntozero-haircare.it\/pl\/prodotto\/take-over-define-curl-szampon-do-wlosow-falowanych-i-kreconych-2\/","url":"https:\/\/seipuntozero-haircare.it\/pl\/prodotto\/take-over-define-curl-szampon-do-wlosow-falowanych-i-kreconych-2\/","name":"TAKE OVER - DEFINE CURL | Szampon do w\u0142os\u00f3w falowanych i kr\u0119conych","isPartOf":{"@id":"https:\/\/seipuntozero-haircare.it\/pl\/#website"},"primaryImageOfPage":{"@id":"https:\/\/seipuntozero-haircare.it\/pl\/prodotto\/take-over-define-curl-szampon-do-wlosow-falowanych-i-kreconych-2\/#primaryimage"},"image":{"@id":"https:\/\/seipuntozero-haircare.it\/pl\/prodotto\/take-over-define-curl-szampon-do-wlosow-falowanych-i-kreconych-2\/#primaryimage"},"thumbnailUrl":"https:\/\/seipuntozero-haircare.it\/wp-content\/uploads\/2019\/03\/263271_sei_punto_zero_take_over_define_curl_shampoo_300ml.png","datePublished":"2017-03-15T15:14:01+00:00","dateModified":"2023-11-17T14:09:08+00:00","description":"Take Over Define Curl, szampon do w\u0142os\u00f3w falowanych i kr\u0119conych z Kaszmirow\u0105 Keratyn\u0105 delikatnie oczyszcza w\u0142osy i nadaje im wyj\u0105tkow\u0105 elastyczno\u015b\u0107.","breadcrumb":{"@id":"https:\/\/seipuntozero-haircare.it\/pl\/prodotto\/take-over-define-curl-szampon-do-wlosow-falowanych-i-kreconych-2\/#breadcrumb"},"inLanguage":"pl-PL","potentialAction":[{"@type":"ReadAction","target":["https:\/\/seipuntozero-haircare.it\/pl\/prodotto\/take-over-define-curl-szampon-do-wlosow-falowanych-i-kreconych-2\/"]}]},{"@type":"ImageObject","inLanguage":"pl-PL","@id":"https:\/\/seipuntozero-haircare.it\/pl\/prodotto\/take-over-define-curl-szampon-do-wlosow-falowanych-i-kreconych-2\/#primaryimage","url":"https:\/\/seipuntozero-haircare.it\/wp-content\/uploads\/2019\/03\/263271_sei_punto_zero_take_over_define_curl_shampoo_300ml.png","contentUrl":"https:\/\/seipuntozero-haircare.it\/wp-content\/uploads\/2019\/03\/263271_sei_punto_zero_take_over_define_curl_shampoo_300ml.png","width":800,"height":800},{"@type":"BreadcrumbList","@id":"https:\/\/seipuntozero-haircare.it\/pl\/prodotto\/take-over-define-curl-szampon-do-wlosow-falowanych-i-kreconych-2\/#breadcrumb","itemListElement":[{"@type":"ListItem","position":1,"name":"Home","item":"https:\/\/seipuntozero-haircare.it\/pl\/"},{"@type":"ListItem","position":2,"name":"Prodotti","item":"https:\/\/seipuntozero-haircare.it\/prodotti\/"},{"@type":"ListItem","position":3,"name":"TAKE OVER &#8211; DEFINE CURL Szampon do w\u0142os\u00f3w falowanych i kr\u0119conych"}]},{"@type":"WebSite","@id":"https:\/\/seipuntozero-haircare.it\/pl\/#website","url":"https:\/\/seipuntozero-haircare.it\/pl\/","name":"6.Zero","description":"Essential Touch","potentialAction":[{"@type":"SearchAction","target":{"@type":"EntryPoint","urlTemplate":"https:\/\/seipuntozero-haircare.it\/pl\/?s={search_term_string}"},"query-input":{"@type":"PropertyValueSpecification","valueRequired":true,"valueName":"search_term_string"}}],"inLanguage":"pl-PL"}]}},"_links":{"self":[{"href":"https:\/\/seipuntozero-haircare.it\/pl\/wp-json\/wp\/v2\/product\/21889","targetHints":{"allow":["GET"]}}],"collection":[{"href":"https:\/\/seipuntozero-haircare.it\/pl\/wp-json\/wp\/v2\/product"}],"about":[{"href":"https:\/\/seipuntozero-haircare.it\/pl\/wp-json\/wp\/v2\/types\/product"}],"wp:featuredmedia":[{"embeddable":true,"href":"https:\/\/seipuntozero-haircare.it\/pl\/wp-json\/wp\/v2\/media\/21604"}],"wp:attachment":[{"href":"https:\/\/seipuntozero-haircare.it\/pl\/wp-json\/wp\/v2\/media?parent=21889"}],"wp:term":[{"taxonomy":"product_brand","embeddable":true,"href":"https:\/\/seipuntozero-haircare.it\/pl\/wp-json\/wp\/v2\/product_brand?post=21889"},{"taxonomy":"product_cat","embeddable":true,"href":"https:\/\/seipuntozero-haircare.it\/pl\/wp-json\/wp\/v2\/product_cat?post=21889"},{"taxonomy":"product_tag","embeddable":true,"href":"https:\/\/seipuntozero-haircare.it\/pl\/wp-json\/wp\/v2\/product_tag?post=21889"}],"curies":[{"name":"wp","href":"https:\/\/api.w.org\/{rel}","templated":true}]}}