{"id":21879,"date":"2020-09-24T11:49:47","date_gmt":"2020-09-24T09:49:47","guid":{"rendered":"https:\/\/seipuntozero-haircare.it\/prodotto\/perfumowana-emulsja-utleniajaca-5\/"},"modified":"2023-11-17T14:58:08","modified_gmt":"2023-11-17T13:58:08","slug":"perfumowana-emulsja-utleniajaca-5","status":"publish","type":"product","link":"https:\/\/seipuntozero-haircare.it\/pl\/prodotto\/perfumowana-emulsja-utleniajaca-5\/","title":{"rendered":"Perfumowana emulsja utleniaj\u0105ca 5 Vol."},"content":{"rendered":"<ul>\n<li style=\"font-weight: 400;\" aria-level=\"1\"><span style=\"font-weight: 400;\">Niezast\u0105piony produkt przy koloryzacji lub dekoloryzacji<\/span><\/li>\n<li style=\"font-weight: 400;\" aria-level=\"1\"><span style=\"font-weight: 400;\">Wysoce stabilna formu\u0142a<\/span><\/li>\n<li style=\"font-weight: 400;\" aria-level=\"1\"><span style=\"font-weight: 400;\">Zachowuje nawil\u017cenie i po\u0142ysk w\u0142os\u00f3w<\/span><\/li>\n<\/ul>\n","protected":false},"excerpt":{"rendered":"<p><span style=\"font-weight: 400;\">Kremowa i delikatnie pachn\u0105ca emulsja utleniaj\u0105ca stanowi idealne uzupe\u0142nienie farb marki 6.Zero. Wzmacnia ich w\u0142a\u015bciwo\u015bci oraz wykazuje dzia\u0142anie kondycjonuj\u0105ce i ochronne, dbaj\u0105c o nawil\u017cenie i blask w\u0142os\u00f3w podczas zabieg\u00f3w. Charakteryzuj\u0105ca si\u0119 wysok\u0105 stabilno\u015bci\u0105 emulsja utleniaj\u0105ca 6.Zero umo\u017cliwia swobodn\u0105 koloryzacj\u0119 lub dekoloryzacj\u0119, dbaj\u0105c jednocze\u015bnie o w\u0142\u00f3kna w\u0142osa.<\/span><\/p>\n<p><span style=\"font-weight: 400;\">Do u\u017cytku profesjonalnego<\/span><\/p>\n<p><span style=\"font-weight: 400;\">5 vol.<\/span><\/p>\n<p><span style=\"font-weight: 400;\">Butelka 1000 ml<\/span><\/p>\n","protected":false},"featured_media":21376,"template":"","meta":[],"product_brand":[],"product_cat":[1220],"product_tag":[],"class_list":["post-21879","product","type-product","status-publish","has-post-thumbnail","hentry","product_cat-oxidation-pl"],"yoast_head":"<!-- This site is optimized with the Yoast SEO plugin v27.1.1 - https:\/\/yoast.com\/product\/yoast-seo-wordpress\/ -->\n<title>Perfumowana emulsja utleniaj\u0105ca 5 Vol.<\/title>\n<meta name=\"description\" content=\"Kremowa i delikatnie pachn\u0105ca emulsja utleniaj\u0105ca stanowi idealne uzupe\u0142nienie farb marki 6.Zero.\" \/>\n<meta name=\"robots\" content=\"index, follow, max-snippet:-1, max-image-preview:large, max-video-preview:-1\" \/>\n<link rel=\"canonical\" href=\"https:\/\/seipuntozero-haircare.it\/pl\/prodotto\/perfumowana-emulsja-utleniajaca-5\/\" \/>\n<meta property=\"og:locale\" content=\"pl_PL\" \/>\n<meta property=\"og:type\" content=\"article\" \/>\n<meta property=\"og:title\" content=\"Perfumowana emulsja utleniaj\u0105ca 5 Vol.\" \/>\n<meta property=\"og:description\" content=\"Kremowa i delikatnie pachn\u0105ca emulsja utleniaj\u0105ca stanowi idealne uzupe\u0142nienie farb marki 6.Zero.\" \/>\n<meta property=\"og:url\" content=\"https:\/\/seipuntozero-haircare.it\/pl\/prodotto\/perfumowana-emulsja-utleniajaca-5\/\" \/>\n<meta property=\"og:site_name\" content=\"6.Zero\" \/>\n<meta property=\"article:modified_time\" content=\"2023-11-17T13:58:08+00:00\" \/>\n<meta property=\"og:image\" content=\"https:\/\/seipuntozero-haircare.it\/wp-content\/uploads\/2020\/09\/263202_sei_punto_zero_oxidizing_emulsion_5vol_1000ml-1.png\" \/>\n\t<meta property=\"og:image:width\" content=\"600\" \/>\n\t<meta property=\"og:image:height\" content=\"600\" \/>\n\t<meta property=\"og:image:type\" content=\"image\/png\" \/>\n<meta name=\"twitter:card\" content=\"summary_large_image\" \/>\n<meta name=\"twitter:label1\" content=\"Szacowany czas czytania\" \/>\n\t<meta name=\"twitter:data1\" content=\"1 minuta\" \/>\n<script type=\"application\/ld+json\" class=\"yoast-schema-graph\">{\"@context\":\"https:\/\/schema.org\",\"@graph\":[{\"@type\":\"WebPage\",\"@id\":\"https:\/\/seipuntozero-haircare.it\/pl\/prodotto\/perfumowana-emulsja-utleniajaca-5\/\",\"url\":\"https:\/\/seipuntozero-haircare.it\/pl\/prodotto\/perfumowana-emulsja-utleniajaca-5\/\",\"name\":\"Perfumowana emulsja utleniaj\u0105ca 5 Vol.\",\"isPartOf\":{\"@id\":\"https:\/\/seipuntozero-haircare.it\/pl\/#website\"},\"primaryImageOfPage\":{\"@id\":\"https:\/\/seipuntozero-haircare.it\/pl\/prodotto\/perfumowana-emulsja-utleniajaca-5\/#primaryimage\"},\"image\":{\"@id\":\"https:\/\/seipuntozero-haircare.it\/pl\/prodotto\/perfumowana-emulsja-utleniajaca-5\/#primaryimage\"},\"thumbnailUrl\":\"https:\/\/seipuntozero-haircare.it\/wp-content\/uploads\/2020\/09\/263202_sei_punto_zero_oxidizing_emulsion_5vol_1000ml-1.png\",\"datePublished\":\"2020-09-24T09:49:47+00:00\",\"dateModified\":\"2023-11-17T13:58:08+00:00\",\"description\":\"Kremowa i delikatnie pachn\u0105ca emulsja utleniaj\u0105ca stanowi idealne uzupe\u0142nienie farb marki 6.Zero.\",\"breadcrumb\":{\"@id\":\"https:\/\/seipuntozero-haircare.it\/pl\/prodotto\/perfumowana-emulsja-utleniajaca-5\/#breadcrumb\"},\"inLanguage\":\"pl-PL\",\"potentialAction\":[{\"@type\":\"ReadAction\",\"target\":[\"https:\/\/seipuntozero-haircare.it\/pl\/prodotto\/perfumowana-emulsja-utleniajaca-5\/\"]}]},{\"@type\":\"ImageObject\",\"inLanguage\":\"pl-PL\",\"@id\":\"https:\/\/seipuntozero-haircare.it\/pl\/prodotto\/perfumowana-emulsja-utleniajaca-5\/#primaryimage\",\"url\":\"https:\/\/seipuntozero-haircare.it\/wp-content\/uploads\/2020\/09\/263202_sei_punto_zero_oxidizing_emulsion_5vol_1000ml-1.png\",\"contentUrl\":\"https:\/\/seipuntozero-haircare.it\/wp-content\/uploads\/2020\/09\/263202_sei_punto_zero_oxidizing_emulsion_5vol_1000ml-1.png\",\"width\":600,\"height\":600},{\"@type\":\"BreadcrumbList\",\"@id\":\"https:\/\/seipuntozero-haircare.it\/pl\/prodotto\/perfumowana-emulsja-utleniajaca-5\/#breadcrumb\",\"itemListElement\":[{\"@type\":\"ListItem\",\"position\":1,\"name\":\"Home\",\"item\":\"https:\/\/seipuntozero-haircare.it\/pl\/\"},{\"@type\":\"ListItem\",\"position\":2,\"name\":\"Prodotti\",\"item\":\"https:\/\/seipuntozero-haircare.it\/prodotti\/\"},{\"@type\":\"ListItem\",\"position\":3,\"name\":\"Perfumowana emulsja utleniaj\u0105ca 5 Vol.\"}]},{\"@type\":\"WebSite\",\"@id\":\"https:\/\/seipuntozero-haircare.it\/pl\/#website\",\"url\":\"https:\/\/seipuntozero-haircare.it\/pl\/\",\"name\":\"6.Zero\",\"description\":\"Essential Touch\",\"potentialAction\":[{\"@type\":\"SearchAction\",\"target\":{\"@type\":\"EntryPoint\",\"urlTemplate\":\"https:\/\/seipuntozero-haircare.it\/pl\/?s={search_term_string}\"},\"query-input\":{\"@type\":\"PropertyValueSpecification\",\"valueRequired\":true,\"valueName\":\"search_term_string\"}}],\"inLanguage\":\"pl-PL\"}]}<\/script>\n<!-- \/ Yoast SEO plugin. -->","yoast_head_json":{"title":"Perfumowana emulsja utleniaj\u0105ca 5 Vol.","description":"Kremowa i delikatnie pachn\u0105ca emulsja utleniaj\u0105ca stanowi idealne uzupe\u0142nienie farb marki 6.Zero.","robots":{"index":"index","follow":"follow","max-snippet":"max-snippet:-1","max-image-preview":"max-image-preview:large","max-video-preview":"max-video-preview:-1"},"canonical":"https:\/\/seipuntozero-haircare.it\/pl\/prodotto\/perfumowana-emulsja-utleniajaca-5\/","og_locale":"pl_PL","og_type":"article","og_title":"Perfumowana emulsja utleniaj\u0105ca 5 Vol.","og_description":"Kremowa i delikatnie pachn\u0105ca emulsja utleniaj\u0105ca stanowi idealne uzupe\u0142nienie farb marki 6.Zero.","og_url":"https:\/\/seipuntozero-haircare.it\/pl\/prodotto\/perfumowana-emulsja-utleniajaca-5\/","og_site_name":"6.Zero","article_modified_time":"2023-11-17T13:58:08+00:00","og_image":[{"width":600,"height":600,"url":"https:\/\/seipuntozero-haircare.it\/wp-content\/uploads\/2020\/09\/263202_sei_punto_zero_oxidizing_emulsion_5vol_1000ml-1.png","type":"image\/png"}],"twitter_card":"summary_large_image","twitter_misc":{"Szacowany czas czytania":"1 minuta"},"schema":{"@context":"https:\/\/schema.org","@graph":[{"@type":"WebPage","@id":"https:\/\/seipuntozero-haircare.it\/pl\/prodotto\/perfumowana-emulsja-utleniajaca-5\/","url":"https:\/\/seipuntozero-haircare.it\/pl\/prodotto\/perfumowana-emulsja-utleniajaca-5\/","name":"Perfumowana emulsja utleniaj\u0105ca 5 Vol.","isPartOf":{"@id":"https:\/\/seipuntozero-haircare.it\/pl\/#website"},"primaryImageOfPage":{"@id":"https:\/\/seipuntozero-haircare.it\/pl\/prodotto\/perfumowana-emulsja-utleniajaca-5\/#primaryimage"},"image":{"@id":"https:\/\/seipuntozero-haircare.it\/pl\/prodotto\/perfumowana-emulsja-utleniajaca-5\/#primaryimage"},"thumbnailUrl":"https:\/\/seipuntozero-haircare.it\/wp-content\/uploads\/2020\/09\/263202_sei_punto_zero_oxidizing_emulsion_5vol_1000ml-1.png","datePublished":"2020-09-24T09:49:47+00:00","dateModified":"2023-11-17T13:58:08+00:00","description":"Kremowa i delikatnie pachn\u0105ca emulsja utleniaj\u0105ca stanowi idealne uzupe\u0142nienie farb marki 6.Zero.","breadcrumb":{"@id":"https:\/\/seipuntozero-haircare.it\/pl\/prodotto\/perfumowana-emulsja-utleniajaca-5\/#breadcrumb"},"inLanguage":"pl-PL","potentialAction":[{"@type":"ReadAction","target":["https:\/\/seipuntozero-haircare.it\/pl\/prodotto\/perfumowana-emulsja-utleniajaca-5\/"]}]},{"@type":"ImageObject","inLanguage":"pl-PL","@id":"https:\/\/seipuntozero-haircare.it\/pl\/prodotto\/perfumowana-emulsja-utleniajaca-5\/#primaryimage","url":"https:\/\/seipuntozero-haircare.it\/wp-content\/uploads\/2020\/09\/263202_sei_punto_zero_oxidizing_emulsion_5vol_1000ml-1.png","contentUrl":"https:\/\/seipuntozero-haircare.it\/wp-content\/uploads\/2020\/09\/263202_sei_punto_zero_oxidizing_emulsion_5vol_1000ml-1.png","width":600,"height":600},{"@type":"BreadcrumbList","@id":"https:\/\/seipuntozero-haircare.it\/pl\/prodotto\/perfumowana-emulsja-utleniajaca-5\/#breadcrumb","itemListElement":[{"@type":"ListItem","position":1,"name":"Home","item":"https:\/\/seipuntozero-haircare.it\/pl\/"},{"@type":"ListItem","position":2,"name":"Prodotti","item":"https:\/\/seipuntozero-haircare.it\/prodotti\/"},{"@type":"ListItem","position":3,"name":"Perfumowana emulsja utleniaj\u0105ca 5 Vol."}]},{"@type":"WebSite","@id":"https:\/\/seipuntozero-haircare.it\/pl\/#website","url":"https:\/\/seipuntozero-haircare.it\/pl\/","name":"6.Zero","description":"Essential Touch","potentialAction":[{"@type":"SearchAction","target":{"@type":"EntryPoint","urlTemplate":"https:\/\/seipuntozero-haircare.it\/pl\/?s={search_term_string}"},"query-input":{"@type":"PropertyValueSpecification","valueRequired":true,"valueName":"search_term_string"}}],"inLanguage":"pl-PL"}]}},"_links":{"self":[{"href":"https:\/\/seipuntozero-haircare.it\/pl\/wp-json\/wp\/v2\/product\/21879","targetHints":{"allow":["GET"]}}],"collection":[{"href":"https:\/\/seipuntozero-haircare.it\/pl\/wp-json\/wp\/v2\/product"}],"about":[{"href":"https:\/\/seipuntozero-haircare.it\/pl\/wp-json\/wp\/v2\/types\/product"}],"wp:featuredmedia":[{"embeddable":true,"href":"https:\/\/seipuntozero-haircare.it\/pl\/wp-json\/wp\/v2\/media\/21376"}],"wp:attachment":[{"href":"https:\/\/seipuntozero-haircare.it\/pl\/wp-json\/wp\/v2\/media?parent=21879"}],"wp:term":[{"taxonomy":"product_brand","embeddable":true,"href":"https:\/\/seipuntozero-haircare.it\/pl\/wp-json\/wp\/v2\/product_brand?post=21879"},{"taxonomy":"product_cat","embeddable":true,"href":"https:\/\/seipuntozero-haircare.it\/pl\/wp-json\/wp\/v2\/product_cat?post=21879"},{"taxonomy":"product_tag","embeddable":true,"href":"https:\/\/seipuntozero-haircare.it\/pl\/wp-json\/wp\/v2\/product_tag?post=21879"}],"curies":[{"name":"wp","href":"https:\/\/api.w.org\/{rel}","templated":true}]}}