{"id":21878,"date":"2017-03-15T14:42:05","date_gmt":"2017-03-15T13:42:05","guid":{"rendered":"https:\/\/seipuntozero-haircare.it\/prodotto\/niebieski-kompaktowy-puder-do-dekoloryzacji\/"},"modified":"2023-11-21T12:19:03","modified_gmt":"2023-11-21T11:19:03","slug":"niebieski-kompaktowy-puder-do-dekoloryzacji","status":"publish","type":"product","link":"https:\/\/seipuntozero-haircare.it\/pl\/prodotto\/niebieski-kompaktowy-puder-do-dekoloryzacji\/","title":{"rendered":"Niebieski kompaktowy puder do dekoloryzacji"},"content":{"rendered":"<ul>\n<li style=\"font-weight: 400;\" aria-level=\"1\"><span style=\"font-weight: 400;\">Jednolita i precyzyjna dekoloryzacja do 6-7 ton\u00f3w<\/span><\/li>\n<li style=\"font-weight: 400;\" aria-level=\"1\"><span style=\"font-weight: 400;\">Wysoka wydajno\u015b\u0107 dzi\u0119ki nielotnej formule<\/span><\/li>\n<li style=\"font-weight: 400;\" aria-level=\"1\"><span style=\"font-weight: 400;\">Puder nadaje si\u0119 do wielu technik rozja\u015bniania<\/span><\/li>\n<\/ul>\n","protected":false},"excerpt":{"rendered":"<p><span style=\"font-weight: 400;\">Perfumowany niebieski kompaktowy puder do dekoloryzacji. Produkt profesjonalny odpowiedni do wszystkich technik pracy (sombre, baleja\u017c, pasemka), zapewnia r\u00f3wnomierne i precyzyjne rozja\u015bnienie, a\u017c do 6-7 ton\u00f3w. Nielotna formu\u0142a gwarantuje doskona\u0142e rezultaty, dbaj\u0105c r\u00f3wnocze\u015bnie o bezpiecze\u0144stwo klienta i kolorysty.<\/span><\/p>\n<p><span style=\"font-weight: 400;\">Do u\u017cytku profesjonalnego<\/span><\/p>\n<p><span style=\"font-weight: 400;\">500 g<\/span><\/p>\n","protected":false},"featured_media":21571,"template":"","meta":[],"product_brand":[],"product_cat":[1218],"product_tag":[],"class_list":["post-21878","product","type-product","status-publish","has-post-thumbnail","hentry","product_cat-bleaching-pl"],"yoast_head":"<!-- This site is optimized with the Yoast SEO plugin v27.1.1 - https:\/\/yoast.com\/product\/yoast-seo-wordpress\/ -->\n<title>Niebieski kompaktowy puder do dekoloryzacji - 6.Zero<\/title>\n<meta name=\"description\" content=\"Perfumowany niebieski kompaktowy puder do dekoloryzacji.\" \/>\n<meta name=\"robots\" content=\"index, follow, max-snippet:-1, max-image-preview:large, max-video-preview:-1\" \/>\n<link rel=\"canonical\" href=\"https:\/\/seipuntozero-haircare.it\/pl\/prodotto\/niebieski-kompaktowy-puder-do-dekoloryzacji\/\" \/>\n<meta property=\"og:locale\" content=\"pl_PL\" \/>\n<meta property=\"og:type\" content=\"article\" \/>\n<meta property=\"og:title\" content=\"Niebieski kompaktowy puder do dekoloryzacji - 6.Zero\" \/>\n<meta property=\"og:description\" content=\"Perfumowany niebieski kompaktowy puder do dekoloryzacji.\" \/>\n<meta property=\"og:url\" content=\"https:\/\/seipuntozero-haircare.it\/pl\/prodotto\/niebieski-kompaktowy-puder-do-dekoloryzacji\/\" \/>\n<meta property=\"og:site_name\" content=\"6.Zero\" \/>\n<meta property=\"article:modified_time\" content=\"2023-11-21T11:19:03+00:00\" \/>\n<meta property=\"og:image\" content=\"https:\/\/seipuntozero-haircare.it\/wp-content\/uploads\/2023\/07\/263004_sei_punto_zero_blue_bleaching_powder_500gr.png\" \/>\n\t<meta property=\"og:image:width\" content=\"600\" \/>\n\t<meta property=\"og:image:height\" content=\"600\" \/>\n\t<meta property=\"og:image:type\" content=\"image\/png\" \/>\n<meta name=\"twitter:card\" content=\"summary_large_image\" \/>\n<meta name=\"twitter:label1\" content=\"Szacowany czas czytania\" \/>\n\t<meta name=\"twitter:data1\" content=\"1 minuta\" \/>\n<script type=\"application\/ld+json\" class=\"yoast-schema-graph\">{\"@context\":\"https:\/\/schema.org\",\"@graph\":[{\"@type\":\"WebPage\",\"@id\":\"https:\/\/seipuntozero-haircare.it\/pl\/prodotto\/niebieski-kompaktowy-puder-do-dekoloryzacji\/\",\"url\":\"https:\/\/seipuntozero-haircare.it\/pl\/prodotto\/niebieski-kompaktowy-puder-do-dekoloryzacji\/\",\"name\":\"Niebieski kompaktowy puder do dekoloryzacji - 6.Zero\",\"isPartOf\":{\"@id\":\"https:\/\/seipuntozero-haircare.it\/pl\/#website\"},\"primaryImageOfPage\":{\"@id\":\"https:\/\/seipuntozero-haircare.it\/pl\/prodotto\/niebieski-kompaktowy-puder-do-dekoloryzacji\/#primaryimage\"},\"image\":{\"@id\":\"https:\/\/seipuntozero-haircare.it\/pl\/prodotto\/niebieski-kompaktowy-puder-do-dekoloryzacji\/#primaryimage\"},\"thumbnailUrl\":\"https:\/\/seipuntozero-haircare.it\/wp-content\/uploads\/2023\/07\/263004_sei_punto_zero_blue_bleaching_powder_500gr.png\",\"datePublished\":\"2017-03-15T13:42:05+00:00\",\"dateModified\":\"2023-11-21T11:19:03+00:00\",\"description\":\"Perfumowany niebieski kompaktowy puder do dekoloryzacji.\",\"breadcrumb\":{\"@id\":\"https:\/\/seipuntozero-haircare.it\/pl\/prodotto\/niebieski-kompaktowy-puder-do-dekoloryzacji\/#breadcrumb\"},\"inLanguage\":\"pl-PL\",\"potentialAction\":[{\"@type\":\"ReadAction\",\"target\":[\"https:\/\/seipuntozero-haircare.it\/pl\/prodotto\/niebieski-kompaktowy-puder-do-dekoloryzacji\/\"]}]},{\"@type\":\"ImageObject\",\"inLanguage\":\"pl-PL\",\"@id\":\"https:\/\/seipuntozero-haircare.it\/pl\/prodotto\/niebieski-kompaktowy-puder-do-dekoloryzacji\/#primaryimage\",\"url\":\"https:\/\/seipuntozero-haircare.it\/wp-content\/uploads\/2023\/07\/263004_sei_punto_zero_blue_bleaching_powder_500gr.png\",\"contentUrl\":\"https:\/\/seipuntozero-haircare.it\/wp-content\/uploads\/2023\/07\/263004_sei_punto_zero_blue_bleaching_powder_500gr.png\",\"width\":600,\"height\":600},{\"@type\":\"BreadcrumbList\",\"@id\":\"https:\/\/seipuntozero-haircare.it\/pl\/prodotto\/niebieski-kompaktowy-puder-do-dekoloryzacji\/#breadcrumb\",\"itemListElement\":[{\"@type\":\"ListItem\",\"position\":1,\"name\":\"Home\",\"item\":\"https:\/\/seipuntozero-haircare.it\/pl\/\"},{\"@type\":\"ListItem\",\"position\":2,\"name\":\"Prodotti\",\"item\":\"https:\/\/seipuntozero-haircare.it\/prodotti\/\"},{\"@type\":\"ListItem\",\"position\":3,\"name\":\"Niebieski kompaktowy puder do dekoloryzacji\"}]},{\"@type\":\"WebSite\",\"@id\":\"https:\/\/seipuntozero-haircare.it\/pl\/#website\",\"url\":\"https:\/\/seipuntozero-haircare.it\/pl\/\",\"name\":\"6.Zero\",\"description\":\"Essential Touch\",\"potentialAction\":[{\"@type\":\"SearchAction\",\"target\":{\"@type\":\"EntryPoint\",\"urlTemplate\":\"https:\/\/seipuntozero-haircare.it\/pl\/?s={search_term_string}\"},\"query-input\":{\"@type\":\"PropertyValueSpecification\",\"valueRequired\":true,\"valueName\":\"search_term_string\"}}],\"inLanguage\":\"pl-PL\"}]}<\/script>\n<!-- \/ Yoast SEO plugin. -->","yoast_head_json":{"title":"Niebieski kompaktowy puder do dekoloryzacji - 6.Zero","description":"Perfumowany niebieski kompaktowy puder do dekoloryzacji.","robots":{"index":"index","follow":"follow","max-snippet":"max-snippet:-1","max-image-preview":"max-image-preview:large","max-video-preview":"max-video-preview:-1"},"canonical":"https:\/\/seipuntozero-haircare.it\/pl\/prodotto\/niebieski-kompaktowy-puder-do-dekoloryzacji\/","og_locale":"pl_PL","og_type":"article","og_title":"Niebieski kompaktowy puder do dekoloryzacji - 6.Zero","og_description":"Perfumowany niebieski kompaktowy puder do dekoloryzacji.","og_url":"https:\/\/seipuntozero-haircare.it\/pl\/prodotto\/niebieski-kompaktowy-puder-do-dekoloryzacji\/","og_site_name":"6.Zero","article_modified_time":"2023-11-21T11:19:03+00:00","og_image":[{"width":600,"height":600,"url":"https:\/\/seipuntozero-haircare.it\/wp-content\/uploads\/2023\/07\/263004_sei_punto_zero_blue_bleaching_powder_500gr.png","type":"image\/png"}],"twitter_card":"summary_large_image","twitter_misc":{"Szacowany czas czytania":"1 minuta"},"schema":{"@context":"https:\/\/schema.org","@graph":[{"@type":"WebPage","@id":"https:\/\/seipuntozero-haircare.it\/pl\/prodotto\/niebieski-kompaktowy-puder-do-dekoloryzacji\/","url":"https:\/\/seipuntozero-haircare.it\/pl\/prodotto\/niebieski-kompaktowy-puder-do-dekoloryzacji\/","name":"Niebieski kompaktowy puder do dekoloryzacji - 6.Zero","isPartOf":{"@id":"https:\/\/seipuntozero-haircare.it\/pl\/#website"},"primaryImageOfPage":{"@id":"https:\/\/seipuntozero-haircare.it\/pl\/prodotto\/niebieski-kompaktowy-puder-do-dekoloryzacji\/#primaryimage"},"image":{"@id":"https:\/\/seipuntozero-haircare.it\/pl\/prodotto\/niebieski-kompaktowy-puder-do-dekoloryzacji\/#primaryimage"},"thumbnailUrl":"https:\/\/seipuntozero-haircare.it\/wp-content\/uploads\/2023\/07\/263004_sei_punto_zero_blue_bleaching_powder_500gr.png","datePublished":"2017-03-15T13:42:05+00:00","dateModified":"2023-11-21T11:19:03+00:00","description":"Perfumowany niebieski kompaktowy puder do dekoloryzacji.","breadcrumb":{"@id":"https:\/\/seipuntozero-haircare.it\/pl\/prodotto\/niebieski-kompaktowy-puder-do-dekoloryzacji\/#breadcrumb"},"inLanguage":"pl-PL","potentialAction":[{"@type":"ReadAction","target":["https:\/\/seipuntozero-haircare.it\/pl\/prodotto\/niebieski-kompaktowy-puder-do-dekoloryzacji\/"]}]},{"@type":"ImageObject","inLanguage":"pl-PL","@id":"https:\/\/seipuntozero-haircare.it\/pl\/prodotto\/niebieski-kompaktowy-puder-do-dekoloryzacji\/#primaryimage","url":"https:\/\/seipuntozero-haircare.it\/wp-content\/uploads\/2023\/07\/263004_sei_punto_zero_blue_bleaching_powder_500gr.png","contentUrl":"https:\/\/seipuntozero-haircare.it\/wp-content\/uploads\/2023\/07\/263004_sei_punto_zero_blue_bleaching_powder_500gr.png","width":600,"height":600},{"@type":"BreadcrumbList","@id":"https:\/\/seipuntozero-haircare.it\/pl\/prodotto\/niebieski-kompaktowy-puder-do-dekoloryzacji\/#breadcrumb","itemListElement":[{"@type":"ListItem","position":1,"name":"Home","item":"https:\/\/seipuntozero-haircare.it\/pl\/"},{"@type":"ListItem","position":2,"name":"Prodotti","item":"https:\/\/seipuntozero-haircare.it\/prodotti\/"},{"@type":"ListItem","position":3,"name":"Niebieski kompaktowy puder do dekoloryzacji"}]},{"@type":"WebSite","@id":"https:\/\/seipuntozero-haircare.it\/pl\/#website","url":"https:\/\/seipuntozero-haircare.it\/pl\/","name":"6.Zero","description":"Essential Touch","potentialAction":[{"@type":"SearchAction","target":{"@type":"EntryPoint","urlTemplate":"https:\/\/seipuntozero-haircare.it\/pl\/?s={search_term_string}"},"query-input":{"@type":"PropertyValueSpecification","valueRequired":true,"valueName":"search_term_string"}}],"inLanguage":"pl-PL"}]}},"_links":{"self":[{"href":"https:\/\/seipuntozero-haircare.it\/pl\/wp-json\/wp\/v2\/product\/21878","targetHints":{"allow":["GET"]}}],"collection":[{"href":"https:\/\/seipuntozero-haircare.it\/pl\/wp-json\/wp\/v2\/product"}],"about":[{"href":"https:\/\/seipuntozero-haircare.it\/pl\/wp-json\/wp\/v2\/types\/product"}],"wp:featuredmedia":[{"embeddable":true,"href":"https:\/\/seipuntozero-haircare.it\/pl\/wp-json\/wp\/v2\/media\/21571"}],"wp:attachment":[{"href":"https:\/\/seipuntozero-haircare.it\/pl\/wp-json\/wp\/v2\/media?parent=21878"}],"wp:term":[{"taxonomy":"product_brand","embeddable":true,"href":"https:\/\/seipuntozero-haircare.it\/pl\/wp-json\/wp\/v2\/product_brand?post=21878"},{"taxonomy":"product_cat","embeddable":true,"href":"https:\/\/seipuntozero-haircare.it\/pl\/wp-json\/wp\/v2\/product_cat?post=21878"},{"taxonomy":"product_tag","embeddable":true,"href":"https:\/\/seipuntozero-haircare.it\/pl\/wp-json\/wp\/v2\/product_tag?post=21878"}],"curies":[{"name":"wp","href":"https:\/\/api.w.org\/{rel}","templated":true}]}}