{"id":21876,"date":"2017-03-15T14:35:34","date_gmt":"2017-03-15T13:35:34","guid":{"rendered":"https:\/\/seipuntozero-haircare.it\/prodotto\/kosmetyczny-preparat-neutralizujacy-trwale-utrwalenie\/"},"modified":"2023-11-17T14:46:45","modified_gmt":"2023-11-17T13:46:45","slug":"kosmetyczny-preparat-neutralizujacy-trwale-utrwalenie","status":"publish","type":"product","link":"https:\/\/seipuntozero-haircare.it\/pl\/prodotto\/kosmetyczny-preparat-neutralizujacy-trwale-utrwalenie\/","title":{"rendered":"Kosmetyczny preparat neutralizuj\u0105cy trwa\u0142e utrwalenie"},"content":{"rendered":"<ul>\n<li style=\"font-weight: 400;\" aria-level=\"1\"><span style=\"font-weight: 400;\">Umo\u017cliwia utrwalenie ondulacji<\/span><\/li>\n<li style=\"font-weight: 400;\" aria-level=\"1\"><span style=\"font-weight: 400;\">Zapewnia zdefiniowane i pe\u0142ne loki niezale\u017cnie od rodzaju w\u0142os\u00f3w<\/span><\/li>\n<\/ul>\n<p>&nbsp;<\/p>\n","protected":false},"excerpt":{"rendered":"<p><span style=\"font-weight: 400;\">Kosmetyczny preparat neutralizuj\u0105cy przeznaczony do utrwalania trwa\u0142ej ondulacji. P\u0142yn 6.Zero optymalnie stabilizuje ondulacj\u0119 i skutecznie neutralizuje zasadowe pozosta\u0142o\u015bci trwa\u0142ej ondulacji. Proteiny zawarte w formule utrwalacza dla systemu ondulacji 6.Zero zapewniaj\u0105 ochron\u0119 i nawil\u017cenie, zachowuj\u0105c struktur\u0119 w\u0142os\u00f3w.<\/span><\/p>\n<p><span style=\"font-weight: 400;\">Do u\u017cytku profesjonalnego<\/span><\/p>\n<p><span style=\"font-weight: 400;\">Butelka 1000 ml<\/span><\/p>\n","protected":false},"featured_media":21387,"template":"","meta":[],"product_brand":[],"product_cat":[1221],"product_tag":[],"class_list":["post-21876","product","type-product","status-publish","has-post-thumbnail","hentry","product_cat-texture-pl"],"yoast_head":"<!-- This site is optimized with the Yoast SEO plugin v27.1.1 - https:\/\/yoast.com\/product\/yoast-seo-wordpress\/ -->\n<title>Kosmetyczny preparat neutralizuj\u0105cy trwa\u0142e utrwalenie - 6.Zero<\/title>\n<meta name=\"description\" content=\"Kosmetyczny preparat neutralizuj\u0105cy przeznaczony do utrwalania trwa\u0142ej ondulacji.\" \/>\n<meta name=\"robots\" content=\"index, follow, max-snippet:-1, max-image-preview:large, max-video-preview:-1\" \/>\n<link rel=\"canonical\" href=\"https:\/\/seipuntozero-haircare.it\/pl\/prodotto\/kosmetyczny-preparat-neutralizujacy-trwale-utrwalenie\/\" \/>\n<meta property=\"og:locale\" content=\"pl_PL\" \/>\n<meta property=\"og:type\" content=\"article\" \/>\n<meta property=\"og:title\" content=\"Kosmetyczny preparat neutralizuj\u0105cy trwa\u0142e utrwalenie - 6.Zero\" \/>\n<meta property=\"og:description\" content=\"Kosmetyczny preparat neutralizuj\u0105cy przeznaczony do utrwalania trwa\u0142ej ondulacji.\" \/>\n<meta property=\"og:url\" content=\"https:\/\/seipuntozero-haircare.it\/pl\/prodotto\/kosmetyczny-preparat-neutralizujacy-trwale-utrwalenie\/\" \/>\n<meta property=\"og:site_name\" content=\"6.Zero\" \/>\n<meta property=\"article:modified_time\" content=\"2023-11-17T13:46:45+00:00\" \/>\n<meta property=\"og:image\" content=\"https:\/\/seipuntozero-haircare.it\/wp-content\/uploads\/2021\/09\/262038_sei_punto_zero_cosmetic_neutraliser_for_perm_fixing_1000ml.png\" \/>\n\t<meta property=\"og:image:width\" content=\"600\" \/>\n\t<meta property=\"og:image:height\" content=\"600\" \/>\n\t<meta property=\"og:image:type\" content=\"image\/png\" \/>\n<meta name=\"twitter:card\" content=\"summary_large_image\" \/>\n<meta name=\"twitter:label1\" content=\"Szacowany czas czytania\" \/>\n\t<meta name=\"twitter:data1\" content=\"1 minuta\" \/>\n<script type=\"application\/ld+json\" class=\"yoast-schema-graph\">{\"@context\":\"https:\/\/schema.org\",\"@graph\":[{\"@type\":\"WebPage\",\"@id\":\"https:\/\/seipuntozero-haircare.it\/pl\/prodotto\/kosmetyczny-preparat-neutralizujacy-trwale-utrwalenie\/\",\"url\":\"https:\/\/seipuntozero-haircare.it\/pl\/prodotto\/kosmetyczny-preparat-neutralizujacy-trwale-utrwalenie\/\",\"name\":\"Kosmetyczny preparat neutralizuj\u0105cy trwa\u0142e utrwalenie - 6.Zero\",\"isPartOf\":{\"@id\":\"https:\/\/seipuntozero-haircare.it\/pl\/#website\"},\"primaryImageOfPage\":{\"@id\":\"https:\/\/seipuntozero-haircare.it\/pl\/prodotto\/kosmetyczny-preparat-neutralizujacy-trwale-utrwalenie\/#primaryimage\"},\"image\":{\"@id\":\"https:\/\/seipuntozero-haircare.it\/pl\/prodotto\/kosmetyczny-preparat-neutralizujacy-trwale-utrwalenie\/#primaryimage\"},\"thumbnailUrl\":\"https:\/\/seipuntozero-haircare.it\/wp-content\/uploads\/2021\/09\/262038_sei_punto_zero_cosmetic_neutraliser_for_perm_fixing_1000ml.png\",\"datePublished\":\"2017-03-15T13:35:34+00:00\",\"dateModified\":\"2023-11-17T13:46:45+00:00\",\"description\":\"Kosmetyczny preparat neutralizuj\u0105cy przeznaczony do utrwalania trwa\u0142ej ondulacji.\",\"breadcrumb\":{\"@id\":\"https:\/\/seipuntozero-haircare.it\/pl\/prodotto\/kosmetyczny-preparat-neutralizujacy-trwale-utrwalenie\/#breadcrumb\"},\"inLanguage\":\"pl-PL\",\"potentialAction\":[{\"@type\":\"ReadAction\",\"target\":[\"https:\/\/seipuntozero-haircare.it\/pl\/prodotto\/kosmetyczny-preparat-neutralizujacy-trwale-utrwalenie\/\"]}]},{\"@type\":\"ImageObject\",\"inLanguage\":\"pl-PL\",\"@id\":\"https:\/\/seipuntozero-haircare.it\/pl\/prodotto\/kosmetyczny-preparat-neutralizujacy-trwale-utrwalenie\/#primaryimage\",\"url\":\"https:\/\/seipuntozero-haircare.it\/wp-content\/uploads\/2021\/09\/262038_sei_punto_zero_cosmetic_neutraliser_for_perm_fixing_1000ml.png\",\"contentUrl\":\"https:\/\/seipuntozero-haircare.it\/wp-content\/uploads\/2021\/09\/262038_sei_punto_zero_cosmetic_neutraliser_for_perm_fixing_1000ml.png\",\"width\":600,\"height\":600},{\"@type\":\"BreadcrumbList\",\"@id\":\"https:\/\/seipuntozero-haircare.it\/pl\/prodotto\/kosmetyczny-preparat-neutralizujacy-trwale-utrwalenie\/#breadcrumb\",\"itemListElement\":[{\"@type\":\"ListItem\",\"position\":1,\"name\":\"Home\",\"item\":\"https:\/\/seipuntozero-haircare.it\/pl\/\"},{\"@type\":\"ListItem\",\"position\":2,\"name\":\"Prodotti\",\"item\":\"https:\/\/seipuntozero-haircare.it\/prodotti\/\"},{\"@type\":\"ListItem\",\"position\":3,\"name\":\"Kosmetyczny preparat neutralizuj\u0105cy trwa\u0142e utrwalenie\"}]},{\"@type\":\"WebSite\",\"@id\":\"https:\/\/seipuntozero-haircare.it\/pl\/#website\",\"url\":\"https:\/\/seipuntozero-haircare.it\/pl\/\",\"name\":\"6.Zero\",\"description\":\"Essential Touch\",\"potentialAction\":[{\"@type\":\"SearchAction\",\"target\":{\"@type\":\"EntryPoint\",\"urlTemplate\":\"https:\/\/seipuntozero-haircare.it\/pl\/?s={search_term_string}\"},\"query-input\":{\"@type\":\"PropertyValueSpecification\",\"valueRequired\":true,\"valueName\":\"search_term_string\"}}],\"inLanguage\":\"pl-PL\"}]}<\/script>\n<!-- \/ Yoast SEO plugin. -->","yoast_head_json":{"title":"Kosmetyczny preparat neutralizuj\u0105cy trwa\u0142e utrwalenie - 6.Zero","description":"Kosmetyczny preparat neutralizuj\u0105cy przeznaczony do utrwalania trwa\u0142ej ondulacji.","robots":{"index":"index","follow":"follow","max-snippet":"max-snippet:-1","max-image-preview":"max-image-preview:large","max-video-preview":"max-video-preview:-1"},"canonical":"https:\/\/seipuntozero-haircare.it\/pl\/prodotto\/kosmetyczny-preparat-neutralizujacy-trwale-utrwalenie\/","og_locale":"pl_PL","og_type":"article","og_title":"Kosmetyczny preparat neutralizuj\u0105cy trwa\u0142e utrwalenie - 6.Zero","og_description":"Kosmetyczny preparat neutralizuj\u0105cy przeznaczony do utrwalania trwa\u0142ej ondulacji.","og_url":"https:\/\/seipuntozero-haircare.it\/pl\/prodotto\/kosmetyczny-preparat-neutralizujacy-trwale-utrwalenie\/","og_site_name":"6.Zero","article_modified_time":"2023-11-17T13:46:45+00:00","og_image":[{"width":600,"height":600,"url":"https:\/\/seipuntozero-haircare.it\/wp-content\/uploads\/2021\/09\/262038_sei_punto_zero_cosmetic_neutraliser_for_perm_fixing_1000ml.png","type":"image\/png"}],"twitter_card":"summary_large_image","twitter_misc":{"Szacowany czas czytania":"1 minuta"},"schema":{"@context":"https:\/\/schema.org","@graph":[{"@type":"WebPage","@id":"https:\/\/seipuntozero-haircare.it\/pl\/prodotto\/kosmetyczny-preparat-neutralizujacy-trwale-utrwalenie\/","url":"https:\/\/seipuntozero-haircare.it\/pl\/prodotto\/kosmetyczny-preparat-neutralizujacy-trwale-utrwalenie\/","name":"Kosmetyczny preparat neutralizuj\u0105cy trwa\u0142e utrwalenie - 6.Zero","isPartOf":{"@id":"https:\/\/seipuntozero-haircare.it\/pl\/#website"},"primaryImageOfPage":{"@id":"https:\/\/seipuntozero-haircare.it\/pl\/prodotto\/kosmetyczny-preparat-neutralizujacy-trwale-utrwalenie\/#primaryimage"},"image":{"@id":"https:\/\/seipuntozero-haircare.it\/pl\/prodotto\/kosmetyczny-preparat-neutralizujacy-trwale-utrwalenie\/#primaryimage"},"thumbnailUrl":"https:\/\/seipuntozero-haircare.it\/wp-content\/uploads\/2021\/09\/262038_sei_punto_zero_cosmetic_neutraliser_for_perm_fixing_1000ml.png","datePublished":"2017-03-15T13:35:34+00:00","dateModified":"2023-11-17T13:46:45+00:00","description":"Kosmetyczny preparat neutralizuj\u0105cy przeznaczony do utrwalania trwa\u0142ej ondulacji.","breadcrumb":{"@id":"https:\/\/seipuntozero-haircare.it\/pl\/prodotto\/kosmetyczny-preparat-neutralizujacy-trwale-utrwalenie\/#breadcrumb"},"inLanguage":"pl-PL","potentialAction":[{"@type":"ReadAction","target":["https:\/\/seipuntozero-haircare.it\/pl\/prodotto\/kosmetyczny-preparat-neutralizujacy-trwale-utrwalenie\/"]}]},{"@type":"ImageObject","inLanguage":"pl-PL","@id":"https:\/\/seipuntozero-haircare.it\/pl\/prodotto\/kosmetyczny-preparat-neutralizujacy-trwale-utrwalenie\/#primaryimage","url":"https:\/\/seipuntozero-haircare.it\/wp-content\/uploads\/2021\/09\/262038_sei_punto_zero_cosmetic_neutraliser_for_perm_fixing_1000ml.png","contentUrl":"https:\/\/seipuntozero-haircare.it\/wp-content\/uploads\/2021\/09\/262038_sei_punto_zero_cosmetic_neutraliser_for_perm_fixing_1000ml.png","width":600,"height":600},{"@type":"BreadcrumbList","@id":"https:\/\/seipuntozero-haircare.it\/pl\/prodotto\/kosmetyczny-preparat-neutralizujacy-trwale-utrwalenie\/#breadcrumb","itemListElement":[{"@type":"ListItem","position":1,"name":"Home","item":"https:\/\/seipuntozero-haircare.it\/pl\/"},{"@type":"ListItem","position":2,"name":"Prodotti","item":"https:\/\/seipuntozero-haircare.it\/prodotti\/"},{"@type":"ListItem","position":3,"name":"Kosmetyczny preparat neutralizuj\u0105cy trwa\u0142e utrwalenie"}]},{"@type":"WebSite","@id":"https:\/\/seipuntozero-haircare.it\/pl\/#website","url":"https:\/\/seipuntozero-haircare.it\/pl\/","name":"6.Zero","description":"Essential Touch","potentialAction":[{"@type":"SearchAction","target":{"@type":"EntryPoint","urlTemplate":"https:\/\/seipuntozero-haircare.it\/pl\/?s={search_term_string}"},"query-input":{"@type":"PropertyValueSpecification","valueRequired":true,"valueName":"search_term_string"}}],"inLanguage":"pl-PL"}]}},"_links":{"self":[{"href":"https:\/\/seipuntozero-haircare.it\/pl\/wp-json\/wp\/v2\/product\/21876","targetHints":{"allow":["GET"]}}],"collection":[{"href":"https:\/\/seipuntozero-haircare.it\/pl\/wp-json\/wp\/v2\/product"}],"about":[{"href":"https:\/\/seipuntozero-haircare.it\/pl\/wp-json\/wp\/v2\/types\/product"}],"wp:featuredmedia":[{"embeddable":true,"href":"https:\/\/seipuntozero-haircare.it\/pl\/wp-json\/wp\/v2\/media\/21387"}],"wp:attachment":[{"href":"https:\/\/seipuntozero-haircare.it\/pl\/wp-json\/wp\/v2\/media?parent=21876"}],"wp:term":[{"taxonomy":"product_brand","embeddable":true,"href":"https:\/\/seipuntozero-haircare.it\/pl\/wp-json\/wp\/v2\/product_brand?post=21876"},{"taxonomy":"product_cat","embeddable":true,"href":"https:\/\/seipuntozero-haircare.it\/pl\/wp-json\/wp\/v2\/product_cat?post=21876"},{"taxonomy":"product_tag","embeddable":true,"href":"https:\/\/seipuntozero-haircare.it\/pl\/wp-json\/wp\/v2\/product_tag?post=21876"}],"curies":[{"name":"wp","href":"https:\/\/api.w.org\/{rel}","templated":true}]}}