{"id":21873,"date":"2017-03-15T17:05:59","date_gmt":"2017-03-15T16:05:59","guid":{"rendered":"https:\/\/seipuntozero-haircare.it\/prodotto\/he-she-wyjatkowo-mocny-zel-do-grubosc-i-utrwalenie\/"},"modified":"2023-11-17T12:57:28","modified_gmt":"2023-11-17T11:57:28","slug":"he-she-wyjatkowo-mocny-zel-do-grubosc-i-utrwalenie","status":"publish","type":"product","link":"https:\/\/seipuntozero-haircare.it\/pl\/prodotto\/he-she-wyjatkowo-mocny-zel-do-grubosc-i-utrwalenie\/","title":{"rendered":"HE.SHE <br> Wyj\u0105tkowo mocny \u017cel do grubo\u015b\u0107 i utrwalenie"},"content":{"rendered":"<ul>\n<li style=\"font-weight: 400;\" aria-level=\"1\"><span style=\"font-weight: 400;\">Utrwala w\u0142osy, bez ich obci\u0105\u017cania<\/span><\/li>\n<li style=\"font-weight: 400;\" aria-level=\"1\"><span style=\"font-weight: 400;\">Formu\u0142a zwi\u0119kszaj\u0105ca obj\u0119to\u015b\u0107, nadaj\u0105ca w\u0142osom ton i wsparcie<\/span><\/li>\n<li style=\"font-weight: 400;\" aria-level=\"1\"><span style=\"font-weight: 400;\">Maksymalna definicja, obj\u0119to\u015b\u0107 i utrwalenie<\/span><\/li>\n<\/ul>\n<p>&nbsp;<\/p>\n","protected":false},"excerpt":{"rendered":"<p><span style=\"font-weight: 400;\">He.She Mousse wyj\u0105tkowa grubo\u015b\u0107 i ekstremalne utrwalenie dzi\u0119ki specjalnej formule zwi\u0119kszaj\u0105cej obj\u0119to\u015b\u0107, kt\u00f3ra nadaje ton i wsparcie nawet najcie\u0144szym w\u0142osom. Utrwala wszystkie rodzaje fryzur przez d\u0142ugi czas, nie obci\u0105\u017caj\u0105c ich, pozostawiaj\u0105c w\u0142osy pe\u0142ne obj\u0119to\u015bci i blasku, zapewniaj\u0105c wyj\u0105tkow\u0105 definicj\u0119 i tekstur\u0119. Wyj\u0105tkowo mocna pianka utrwala ruch, tworz\u0105c niewidoczn\u0105 pow\u0142ok\u0119 wok\u00f3\u0142 w\u0142os\u00f3w, kt\u00f3ra sprawia, \u017ce stylizacja jest perfekcyjna. Chroni w\u0142osy przed czynnikami zewn\u0119trznymi.<\/span><\/p>\n<p><span style=\"font-weight: 400;\">Butelka o pojemno\u015bci 300 ml<\/span><\/p>\n","protected":false},"featured_media":21453,"template":"","meta":[],"product_brand":[],"product_cat":[1216],"product_tag":[],"class_list":["post-21873","product","type-product","status-publish","has-post-thumbnail","hentry","product_cat-styling-pl"],"yoast_head":"<!-- This site is optimized with the Yoast SEO plugin v27.1.1 - https:\/\/yoast.com\/product\/yoast-seo-wordpress\/ -->\n<title>HE.SHE  Wyj\u0105tkowo mocny \u017cel do grubo\u015b\u0107 i utrwalenie - 6.Zero<\/title>\n<meta name=\"description\" content=\"He.She Mousse wyj\u0105tkowa grubo\u015b\u0107 i ekstremalne utrwalenie dzi\u0119ki specjalnej formule zwi\u0119kszaj\u0105cej obj\u0119to\u015b\u0107, kt\u00f3ra nadaje ton i wsparcie nawet najcie\u0144szym w\u0142osom.\" \/>\n<meta name=\"robots\" content=\"index, follow, max-snippet:-1, max-image-preview:large, max-video-preview:-1\" \/>\n<link rel=\"canonical\" href=\"https:\/\/seipuntozero-haircare.it\/pl\/prodotto\/he-she-wyjatkowo-mocny-zel-do-grubosc-i-utrwalenie\/\" \/>\n<meta property=\"og:locale\" content=\"pl_PL\" \/>\n<meta property=\"og:type\" content=\"article\" \/>\n<meta property=\"og:title\" content=\"HE.SHE  Wyj\u0105tkowo mocny \u017cel do grubo\u015b\u0107 i utrwalenie - 6.Zero\" \/>\n<meta property=\"og:description\" content=\"He.She Mousse wyj\u0105tkowa grubo\u015b\u0107 i ekstremalne utrwalenie dzi\u0119ki specjalnej formule zwi\u0119kszaj\u0105cej obj\u0119to\u015b\u0107, kt\u00f3ra nadaje ton i wsparcie nawet najcie\u0144szym w\u0142osom.\" \/>\n<meta property=\"og:url\" content=\"https:\/\/seipuntozero-haircare.it\/pl\/prodotto\/he-she-wyjatkowo-mocny-zel-do-grubosc-i-utrwalenie\/\" \/>\n<meta property=\"og:site_name\" content=\"6.Zero\" \/>\n<meta property=\"article:modified_time\" content=\"2023-11-17T11:57:28+00:00\" \/>\n<meta property=\"og:image\" content=\"https:\/\/seipuntozero-haircare.it\/wp-content\/uploads\/2017\/03\/262458_sei_punto_zero_heshe_mousse_extra_strong_300ml.png\" \/>\n\t<meta property=\"og:image:width\" content=\"600\" \/>\n\t<meta property=\"og:image:height\" content=\"600\" \/>\n\t<meta property=\"og:image:type\" content=\"image\/png\" \/>\n<meta name=\"twitter:card\" content=\"summary_large_image\" \/>\n<meta name=\"twitter:label1\" content=\"Szacowany czas czytania\" \/>\n\t<meta name=\"twitter:data1\" content=\"1 minuta\" \/>\n<script type=\"application\/ld+json\" class=\"yoast-schema-graph\">{\"@context\":\"https:\/\/schema.org\",\"@graph\":[{\"@type\":\"WebPage\",\"@id\":\"https:\/\/seipuntozero-haircare.it\/pl\/prodotto\/he-she-wyjatkowo-mocny-zel-do-grubosc-i-utrwalenie\/\",\"url\":\"https:\/\/seipuntozero-haircare.it\/pl\/prodotto\/he-she-wyjatkowo-mocny-zel-do-grubosc-i-utrwalenie\/\",\"name\":\"HE.SHE Wyj\u0105tkowo mocny \u017cel do grubo\u015b\u0107 i utrwalenie - 6.Zero\",\"isPartOf\":{\"@id\":\"https:\/\/seipuntozero-haircare.it\/pl\/#website\"},\"primaryImageOfPage\":{\"@id\":\"https:\/\/seipuntozero-haircare.it\/pl\/prodotto\/he-she-wyjatkowo-mocny-zel-do-grubosc-i-utrwalenie\/#primaryimage\"},\"image\":{\"@id\":\"https:\/\/seipuntozero-haircare.it\/pl\/prodotto\/he-she-wyjatkowo-mocny-zel-do-grubosc-i-utrwalenie\/#primaryimage\"},\"thumbnailUrl\":\"https:\/\/seipuntozero-haircare.it\/wp-content\/uploads\/2017\/03\/262458_sei_punto_zero_heshe_mousse_extra_strong_300ml.png\",\"datePublished\":\"2017-03-15T16:05:59+00:00\",\"dateModified\":\"2023-11-17T11:57:28+00:00\",\"description\":\"He.She Mousse wyj\u0105tkowa grubo\u015b\u0107 i ekstremalne utrwalenie dzi\u0119ki specjalnej formule zwi\u0119kszaj\u0105cej obj\u0119to\u015b\u0107, kt\u00f3ra nadaje ton i wsparcie nawet najcie\u0144szym w\u0142osom.\",\"breadcrumb\":{\"@id\":\"https:\/\/seipuntozero-haircare.it\/pl\/prodotto\/he-she-wyjatkowo-mocny-zel-do-grubosc-i-utrwalenie\/#breadcrumb\"},\"inLanguage\":\"pl-PL\",\"potentialAction\":[{\"@type\":\"ReadAction\",\"target\":[\"https:\/\/seipuntozero-haircare.it\/pl\/prodotto\/he-she-wyjatkowo-mocny-zel-do-grubosc-i-utrwalenie\/\"]}]},{\"@type\":\"ImageObject\",\"inLanguage\":\"pl-PL\",\"@id\":\"https:\/\/seipuntozero-haircare.it\/pl\/prodotto\/he-she-wyjatkowo-mocny-zel-do-grubosc-i-utrwalenie\/#primaryimage\",\"url\":\"https:\/\/seipuntozero-haircare.it\/wp-content\/uploads\/2017\/03\/262458_sei_punto_zero_heshe_mousse_extra_strong_300ml.png\",\"contentUrl\":\"https:\/\/seipuntozero-haircare.it\/wp-content\/uploads\/2017\/03\/262458_sei_punto_zero_heshe_mousse_extra_strong_300ml.png\",\"width\":600,\"height\":600},{\"@type\":\"BreadcrumbList\",\"@id\":\"https:\/\/seipuntozero-haircare.it\/pl\/prodotto\/he-she-wyjatkowo-mocny-zel-do-grubosc-i-utrwalenie\/#breadcrumb\",\"itemListElement\":[{\"@type\":\"ListItem\",\"position\":1,\"name\":\"Home\",\"item\":\"https:\/\/seipuntozero-haircare.it\/pl\/\"},{\"@type\":\"ListItem\",\"position\":2,\"name\":\"Prodotti\",\"item\":\"https:\/\/seipuntozero-haircare.it\/prodotti\/\"},{\"@type\":\"ListItem\",\"position\":3,\"name\":\"HE.SHE Wyj\u0105tkowo mocny \u017cel do grubo\u015b\u0107 i utrwalenie\"}]},{\"@type\":\"WebSite\",\"@id\":\"https:\/\/seipuntozero-haircare.it\/pl\/#website\",\"url\":\"https:\/\/seipuntozero-haircare.it\/pl\/\",\"name\":\"6.Zero\",\"description\":\"Essential Touch\",\"potentialAction\":[{\"@type\":\"SearchAction\",\"target\":{\"@type\":\"EntryPoint\",\"urlTemplate\":\"https:\/\/seipuntozero-haircare.it\/pl\/?s={search_term_string}\"},\"query-input\":{\"@type\":\"PropertyValueSpecification\",\"valueRequired\":true,\"valueName\":\"search_term_string\"}}],\"inLanguage\":\"pl-PL\"}]}<\/script>\n<!-- \/ Yoast SEO plugin. -->","yoast_head_json":{"title":"HE.SHE  Wyj\u0105tkowo mocny \u017cel do grubo\u015b\u0107 i utrwalenie - 6.Zero","description":"He.She Mousse wyj\u0105tkowa grubo\u015b\u0107 i ekstremalne utrwalenie dzi\u0119ki specjalnej formule zwi\u0119kszaj\u0105cej obj\u0119to\u015b\u0107, kt\u00f3ra nadaje ton i wsparcie nawet najcie\u0144szym w\u0142osom.","robots":{"index":"index","follow":"follow","max-snippet":"max-snippet:-1","max-image-preview":"max-image-preview:large","max-video-preview":"max-video-preview:-1"},"canonical":"https:\/\/seipuntozero-haircare.it\/pl\/prodotto\/he-she-wyjatkowo-mocny-zel-do-grubosc-i-utrwalenie\/","og_locale":"pl_PL","og_type":"article","og_title":"HE.SHE  Wyj\u0105tkowo mocny \u017cel do grubo\u015b\u0107 i utrwalenie - 6.Zero","og_description":"He.She Mousse wyj\u0105tkowa grubo\u015b\u0107 i ekstremalne utrwalenie dzi\u0119ki specjalnej formule zwi\u0119kszaj\u0105cej obj\u0119to\u015b\u0107, kt\u00f3ra nadaje ton i wsparcie nawet najcie\u0144szym w\u0142osom.","og_url":"https:\/\/seipuntozero-haircare.it\/pl\/prodotto\/he-she-wyjatkowo-mocny-zel-do-grubosc-i-utrwalenie\/","og_site_name":"6.Zero","article_modified_time":"2023-11-17T11:57:28+00:00","og_image":[{"width":600,"height":600,"url":"https:\/\/seipuntozero-haircare.it\/wp-content\/uploads\/2017\/03\/262458_sei_punto_zero_heshe_mousse_extra_strong_300ml.png","type":"image\/png"}],"twitter_card":"summary_large_image","twitter_misc":{"Szacowany czas czytania":"1 minuta"},"schema":{"@context":"https:\/\/schema.org","@graph":[{"@type":"WebPage","@id":"https:\/\/seipuntozero-haircare.it\/pl\/prodotto\/he-she-wyjatkowo-mocny-zel-do-grubosc-i-utrwalenie\/","url":"https:\/\/seipuntozero-haircare.it\/pl\/prodotto\/he-she-wyjatkowo-mocny-zel-do-grubosc-i-utrwalenie\/","name":"HE.SHE Wyj\u0105tkowo mocny \u017cel do grubo\u015b\u0107 i utrwalenie - 6.Zero","isPartOf":{"@id":"https:\/\/seipuntozero-haircare.it\/pl\/#website"},"primaryImageOfPage":{"@id":"https:\/\/seipuntozero-haircare.it\/pl\/prodotto\/he-she-wyjatkowo-mocny-zel-do-grubosc-i-utrwalenie\/#primaryimage"},"image":{"@id":"https:\/\/seipuntozero-haircare.it\/pl\/prodotto\/he-she-wyjatkowo-mocny-zel-do-grubosc-i-utrwalenie\/#primaryimage"},"thumbnailUrl":"https:\/\/seipuntozero-haircare.it\/wp-content\/uploads\/2017\/03\/262458_sei_punto_zero_heshe_mousse_extra_strong_300ml.png","datePublished":"2017-03-15T16:05:59+00:00","dateModified":"2023-11-17T11:57:28+00:00","description":"He.She Mousse wyj\u0105tkowa grubo\u015b\u0107 i ekstremalne utrwalenie dzi\u0119ki specjalnej formule zwi\u0119kszaj\u0105cej obj\u0119to\u015b\u0107, kt\u00f3ra nadaje ton i wsparcie nawet najcie\u0144szym w\u0142osom.","breadcrumb":{"@id":"https:\/\/seipuntozero-haircare.it\/pl\/prodotto\/he-she-wyjatkowo-mocny-zel-do-grubosc-i-utrwalenie\/#breadcrumb"},"inLanguage":"pl-PL","potentialAction":[{"@type":"ReadAction","target":["https:\/\/seipuntozero-haircare.it\/pl\/prodotto\/he-she-wyjatkowo-mocny-zel-do-grubosc-i-utrwalenie\/"]}]},{"@type":"ImageObject","inLanguage":"pl-PL","@id":"https:\/\/seipuntozero-haircare.it\/pl\/prodotto\/he-she-wyjatkowo-mocny-zel-do-grubosc-i-utrwalenie\/#primaryimage","url":"https:\/\/seipuntozero-haircare.it\/wp-content\/uploads\/2017\/03\/262458_sei_punto_zero_heshe_mousse_extra_strong_300ml.png","contentUrl":"https:\/\/seipuntozero-haircare.it\/wp-content\/uploads\/2017\/03\/262458_sei_punto_zero_heshe_mousse_extra_strong_300ml.png","width":600,"height":600},{"@type":"BreadcrumbList","@id":"https:\/\/seipuntozero-haircare.it\/pl\/prodotto\/he-she-wyjatkowo-mocny-zel-do-grubosc-i-utrwalenie\/#breadcrumb","itemListElement":[{"@type":"ListItem","position":1,"name":"Home","item":"https:\/\/seipuntozero-haircare.it\/pl\/"},{"@type":"ListItem","position":2,"name":"Prodotti","item":"https:\/\/seipuntozero-haircare.it\/prodotti\/"},{"@type":"ListItem","position":3,"name":"HE.SHE Wyj\u0105tkowo mocny \u017cel do grubo\u015b\u0107 i utrwalenie"}]},{"@type":"WebSite","@id":"https:\/\/seipuntozero-haircare.it\/pl\/#website","url":"https:\/\/seipuntozero-haircare.it\/pl\/","name":"6.Zero","description":"Essential Touch","potentialAction":[{"@type":"SearchAction","target":{"@type":"EntryPoint","urlTemplate":"https:\/\/seipuntozero-haircare.it\/pl\/?s={search_term_string}"},"query-input":{"@type":"PropertyValueSpecification","valueRequired":true,"valueName":"search_term_string"}}],"inLanguage":"pl-PL"}]}},"_links":{"self":[{"href":"https:\/\/seipuntozero-haircare.it\/pl\/wp-json\/wp\/v2\/product\/21873","targetHints":{"allow":["GET"]}}],"collection":[{"href":"https:\/\/seipuntozero-haircare.it\/pl\/wp-json\/wp\/v2\/product"}],"about":[{"href":"https:\/\/seipuntozero-haircare.it\/pl\/wp-json\/wp\/v2\/types\/product"}],"wp:featuredmedia":[{"embeddable":true,"href":"https:\/\/seipuntozero-haircare.it\/pl\/wp-json\/wp\/v2\/media\/21453"}],"wp:attachment":[{"href":"https:\/\/seipuntozero-haircare.it\/pl\/wp-json\/wp\/v2\/media?parent=21873"}],"wp:term":[{"taxonomy":"product_brand","embeddable":true,"href":"https:\/\/seipuntozero-haircare.it\/pl\/wp-json\/wp\/v2\/product_brand?post=21873"},{"taxonomy":"product_cat","embeddable":true,"href":"https:\/\/seipuntozero-haircare.it\/pl\/wp-json\/wp\/v2\/product_cat?post=21873"},{"taxonomy":"product_tag","embeddable":true,"href":"https:\/\/seipuntozero-haircare.it\/pl\/wp-json\/wp\/v2\/product_tag?post=21873"}],"curies":[{"name":"wp","href":"https:\/\/api.w.org\/{rel}","templated":true}]}}