{"id":21871,"date":"2017-03-15T17:02:51","date_gmt":"2017-03-15T16:02:51","guid":{"rendered":"https:\/\/seipuntozero-haircare.it\/prodotto\/he-she-precyzyjny-spray-o-silnym-dzialaniu-utrwalajacym\/"},"modified":"2023-11-17T12:59:30","modified_gmt":"2023-11-17T11:59:30","slug":"he-she-precyzyjny-spray-o-silnym-dzialaniu-utrwalajacym","status":"publish","type":"product","link":"https:\/\/seipuntozero-haircare.it\/pl\/prodotto\/he-she-precyzyjny-spray-o-silnym-dzialaniu-utrwalajacym\/","title":{"rendered":"HE.SHE <br> Precyzyjny spray o silnym dzia\u0142aniu utrwalaj\u0105cym"},"content":{"rendered":"<ul>\n<li style=\"font-weight: 400;\" aria-level=\"1\"><span style=\"font-weight: 400;\">Modeluje w\u0142osy, nadaj\u0105c im definicj\u0119 i kszta\u0142t<\/span><\/li>\n<li style=\"font-weight: 400;\" aria-level=\"1\"><span style=\"font-weight: 400;\">Chroni w\u0142osy przed czynnikami zewn\u0119trznymi<\/span><\/li>\n<li style=\"font-weight: 400;\" aria-level=\"1\"><span style=\"font-weight: 400;\">D\u0142ugotrwa\u0142e utrwalenie fryzury<\/span><\/li>\n<\/ul>\n","protected":false},"excerpt":{"rendered":"<p><span style=\"font-weight: 400;\">He.She Silnie utrwalaj\u0105cy precyzyjny spray bez gazu. Idealny do fryzur strukturalnych, pozwala na kszta\u0142towanie w\u0142os\u00f3w wed\u0142ug w\u0142asnych upodoba\u0144, nadaj\u0105c im definicj\u0119 i kszta\u0142t. Chroni w\u0142osy przed czynnikami atmosferycznymi i mo\u017cna go \u0142atwo usun\u0105\u0107 kilkoma poci\u0105gni\u0119ciami szczotki. Rozpylenie precyzyjnego sprayu elastycznie utrwala w\u0142osy, zapewniaj\u0105c d\u0142ugotrwa\u0142e utrwalenie, dla fryzury pe\u0142nej energii i wigoru.<\/span><\/p>\n<p><span style=\"font-weight: 400;\">Butelka o pojemno\u015bci 400 ml<\/span><\/p>\n","protected":false},"featured_media":24332,"template":"","meta":[],"product_brand":[],"product_cat":[1216],"product_tag":[],"class_list":["post-21871","product","type-product","status-publish","has-post-thumbnail","hentry","product_cat-styling-pl"],"yoast_head":"<!-- This site is optimized with the Yoast SEO plugin v27.1.1 - https:\/\/yoast.com\/product\/yoast-seo-wordpress\/ -->\n<title>HE.SHE  Precyzyjny spray o silnym dzia\u0142aniu utrwalaj\u0105cym - 6.Zero<\/title>\n<meta name=\"description\" content=\"He.She - Precyzyjny spray o silnym dzia\u0142aniu utrwalaj\u0105cym\" \/>\n<meta name=\"robots\" content=\"index, follow, max-snippet:-1, max-image-preview:large, max-video-preview:-1\" \/>\n<link rel=\"canonical\" href=\"https:\/\/seipuntozero-haircare.it\/pl\/prodotto\/he-she-precyzyjny-spray-o-silnym-dzialaniu-utrwalajacym\/\" \/>\n<meta property=\"og:locale\" content=\"pl_PL\" \/>\n<meta property=\"og:type\" content=\"article\" \/>\n<meta property=\"og:title\" content=\"HE.SHE  Precyzyjny spray o silnym dzia\u0142aniu utrwalaj\u0105cym - 6.Zero\" \/>\n<meta property=\"og:description\" content=\"He.She - Precyzyjny spray o silnym dzia\u0142aniu utrwalaj\u0105cym\" \/>\n<meta property=\"og:url\" content=\"https:\/\/seipuntozero-haircare.it\/pl\/prodotto\/he-she-precyzyjny-spray-o-silnym-dzialaniu-utrwalajacym\/\" \/>\n<meta property=\"og:site_name\" content=\"6.Zero\" \/>\n<meta property=\"article:modified_time\" content=\"2023-11-17T11:59:30+00:00\" \/>\n<meta property=\"og:image\" content=\"https:\/\/seipuntozero-haircare.it\/wp-content\/uploads\/2017\/03\/spray-direzionale-400-ml.png\" \/>\n\t<meta property=\"og:image:width\" content=\"600\" \/>\n\t<meta property=\"og:image:height\" content=\"600\" \/>\n\t<meta property=\"og:image:type\" content=\"image\/png\" \/>\n<meta name=\"twitter:card\" content=\"summary_large_image\" \/>\n<meta name=\"twitter:label1\" content=\"Szacowany czas czytania\" \/>\n\t<meta name=\"twitter:data1\" content=\"1 minuta\" \/>\n<script type=\"application\/ld+json\" class=\"yoast-schema-graph\">{\"@context\":\"https:\/\/schema.org\",\"@graph\":[{\"@type\":\"WebPage\",\"@id\":\"https:\/\/seipuntozero-haircare.it\/pl\/prodotto\/he-she-precyzyjny-spray-o-silnym-dzialaniu-utrwalajacym\/\",\"url\":\"https:\/\/seipuntozero-haircare.it\/pl\/prodotto\/he-she-precyzyjny-spray-o-silnym-dzialaniu-utrwalajacym\/\",\"name\":\"HE.SHE Precyzyjny spray o silnym dzia\u0142aniu utrwalaj\u0105cym - 6.Zero\",\"isPartOf\":{\"@id\":\"https:\/\/seipuntozero-haircare.it\/pl\/#website\"},\"primaryImageOfPage\":{\"@id\":\"https:\/\/seipuntozero-haircare.it\/pl\/prodotto\/he-she-precyzyjny-spray-o-silnym-dzialaniu-utrwalajacym\/#primaryimage\"},\"image\":{\"@id\":\"https:\/\/seipuntozero-haircare.it\/pl\/prodotto\/he-she-precyzyjny-spray-o-silnym-dzialaniu-utrwalajacym\/#primaryimage\"},\"thumbnailUrl\":\"https:\/\/seipuntozero-haircare.it\/wp-content\/uploads\/2017\/03\/spray-direzionale-400-ml.png\",\"datePublished\":\"2017-03-15T16:02:51+00:00\",\"dateModified\":\"2023-11-17T11:59:30+00:00\",\"description\":\"He.She - Precyzyjny spray o silnym dzia\u0142aniu utrwalaj\u0105cym\",\"breadcrumb\":{\"@id\":\"https:\/\/seipuntozero-haircare.it\/pl\/prodotto\/he-she-precyzyjny-spray-o-silnym-dzialaniu-utrwalajacym\/#breadcrumb\"},\"inLanguage\":\"pl-PL\",\"potentialAction\":[{\"@type\":\"ReadAction\",\"target\":[\"https:\/\/seipuntozero-haircare.it\/pl\/prodotto\/he-she-precyzyjny-spray-o-silnym-dzialaniu-utrwalajacym\/\"]}]},{\"@type\":\"ImageObject\",\"inLanguage\":\"pl-PL\",\"@id\":\"https:\/\/seipuntozero-haircare.it\/pl\/prodotto\/he-she-precyzyjny-spray-o-silnym-dzialaniu-utrwalajacym\/#primaryimage\",\"url\":\"https:\/\/seipuntozero-haircare.it\/wp-content\/uploads\/2017\/03\/spray-direzionale-400-ml.png\",\"contentUrl\":\"https:\/\/seipuntozero-haircare.it\/wp-content\/uploads\/2017\/03\/spray-direzionale-400-ml.png\",\"width\":600,\"height\":600},{\"@type\":\"BreadcrumbList\",\"@id\":\"https:\/\/seipuntozero-haircare.it\/pl\/prodotto\/he-she-precyzyjny-spray-o-silnym-dzialaniu-utrwalajacym\/#breadcrumb\",\"itemListElement\":[{\"@type\":\"ListItem\",\"position\":1,\"name\":\"Home\",\"item\":\"https:\/\/seipuntozero-haircare.it\/pl\/\"},{\"@type\":\"ListItem\",\"position\":2,\"name\":\"Prodotti\",\"item\":\"https:\/\/seipuntozero-haircare.it\/prodotti\/\"},{\"@type\":\"ListItem\",\"position\":3,\"name\":\"HE.SHE Precyzyjny spray o silnym dzia\u0142aniu utrwalaj\u0105cym\"}]},{\"@type\":\"WebSite\",\"@id\":\"https:\/\/seipuntozero-haircare.it\/pl\/#website\",\"url\":\"https:\/\/seipuntozero-haircare.it\/pl\/\",\"name\":\"6.Zero\",\"description\":\"Essential Touch\",\"potentialAction\":[{\"@type\":\"SearchAction\",\"target\":{\"@type\":\"EntryPoint\",\"urlTemplate\":\"https:\/\/seipuntozero-haircare.it\/pl\/?s={search_term_string}\"},\"query-input\":{\"@type\":\"PropertyValueSpecification\",\"valueRequired\":true,\"valueName\":\"search_term_string\"}}],\"inLanguage\":\"pl-PL\"}]}<\/script>\n<!-- \/ Yoast SEO plugin. -->","yoast_head_json":{"title":"HE.SHE  Precyzyjny spray o silnym dzia\u0142aniu utrwalaj\u0105cym - 6.Zero","description":"He.She - Precyzyjny spray o silnym dzia\u0142aniu utrwalaj\u0105cym","robots":{"index":"index","follow":"follow","max-snippet":"max-snippet:-1","max-image-preview":"max-image-preview:large","max-video-preview":"max-video-preview:-1"},"canonical":"https:\/\/seipuntozero-haircare.it\/pl\/prodotto\/he-she-precyzyjny-spray-o-silnym-dzialaniu-utrwalajacym\/","og_locale":"pl_PL","og_type":"article","og_title":"HE.SHE  Precyzyjny spray o silnym dzia\u0142aniu utrwalaj\u0105cym - 6.Zero","og_description":"He.She - Precyzyjny spray o silnym dzia\u0142aniu utrwalaj\u0105cym","og_url":"https:\/\/seipuntozero-haircare.it\/pl\/prodotto\/he-she-precyzyjny-spray-o-silnym-dzialaniu-utrwalajacym\/","og_site_name":"6.Zero","article_modified_time":"2023-11-17T11:59:30+00:00","og_image":[{"width":600,"height":600,"url":"https:\/\/seipuntozero-haircare.it\/wp-content\/uploads\/2017\/03\/spray-direzionale-400-ml.png","type":"image\/png"}],"twitter_card":"summary_large_image","twitter_misc":{"Szacowany czas czytania":"1 minuta"},"schema":{"@context":"https:\/\/schema.org","@graph":[{"@type":"WebPage","@id":"https:\/\/seipuntozero-haircare.it\/pl\/prodotto\/he-she-precyzyjny-spray-o-silnym-dzialaniu-utrwalajacym\/","url":"https:\/\/seipuntozero-haircare.it\/pl\/prodotto\/he-she-precyzyjny-spray-o-silnym-dzialaniu-utrwalajacym\/","name":"HE.SHE Precyzyjny spray o silnym dzia\u0142aniu utrwalaj\u0105cym - 6.Zero","isPartOf":{"@id":"https:\/\/seipuntozero-haircare.it\/pl\/#website"},"primaryImageOfPage":{"@id":"https:\/\/seipuntozero-haircare.it\/pl\/prodotto\/he-she-precyzyjny-spray-o-silnym-dzialaniu-utrwalajacym\/#primaryimage"},"image":{"@id":"https:\/\/seipuntozero-haircare.it\/pl\/prodotto\/he-she-precyzyjny-spray-o-silnym-dzialaniu-utrwalajacym\/#primaryimage"},"thumbnailUrl":"https:\/\/seipuntozero-haircare.it\/wp-content\/uploads\/2017\/03\/spray-direzionale-400-ml.png","datePublished":"2017-03-15T16:02:51+00:00","dateModified":"2023-11-17T11:59:30+00:00","description":"He.She - Precyzyjny spray o silnym dzia\u0142aniu utrwalaj\u0105cym","breadcrumb":{"@id":"https:\/\/seipuntozero-haircare.it\/pl\/prodotto\/he-she-precyzyjny-spray-o-silnym-dzialaniu-utrwalajacym\/#breadcrumb"},"inLanguage":"pl-PL","potentialAction":[{"@type":"ReadAction","target":["https:\/\/seipuntozero-haircare.it\/pl\/prodotto\/he-she-precyzyjny-spray-o-silnym-dzialaniu-utrwalajacym\/"]}]},{"@type":"ImageObject","inLanguage":"pl-PL","@id":"https:\/\/seipuntozero-haircare.it\/pl\/prodotto\/he-she-precyzyjny-spray-o-silnym-dzialaniu-utrwalajacym\/#primaryimage","url":"https:\/\/seipuntozero-haircare.it\/wp-content\/uploads\/2017\/03\/spray-direzionale-400-ml.png","contentUrl":"https:\/\/seipuntozero-haircare.it\/wp-content\/uploads\/2017\/03\/spray-direzionale-400-ml.png","width":600,"height":600},{"@type":"BreadcrumbList","@id":"https:\/\/seipuntozero-haircare.it\/pl\/prodotto\/he-she-precyzyjny-spray-o-silnym-dzialaniu-utrwalajacym\/#breadcrumb","itemListElement":[{"@type":"ListItem","position":1,"name":"Home","item":"https:\/\/seipuntozero-haircare.it\/pl\/"},{"@type":"ListItem","position":2,"name":"Prodotti","item":"https:\/\/seipuntozero-haircare.it\/prodotti\/"},{"@type":"ListItem","position":3,"name":"HE.SHE Precyzyjny spray o silnym dzia\u0142aniu utrwalaj\u0105cym"}]},{"@type":"WebSite","@id":"https:\/\/seipuntozero-haircare.it\/pl\/#website","url":"https:\/\/seipuntozero-haircare.it\/pl\/","name":"6.Zero","description":"Essential Touch","potentialAction":[{"@type":"SearchAction","target":{"@type":"EntryPoint","urlTemplate":"https:\/\/seipuntozero-haircare.it\/pl\/?s={search_term_string}"},"query-input":{"@type":"PropertyValueSpecification","valueRequired":true,"valueName":"search_term_string"}}],"inLanguage":"pl-PL"}]}},"_links":{"self":[{"href":"https:\/\/seipuntozero-haircare.it\/pl\/wp-json\/wp\/v2\/product\/21871","targetHints":{"allow":["GET"]}}],"collection":[{"href":"https:\/\/seipuntozero-haircare.it\/pl\/wp-json\/wp\/v2\/product"}],"about":[{"href":"https:\/\/seipuntozero-haircare.it\/pl\/wp-json\/wp\/v2\/types\/product"}],"wp:featuredmedia":[{"embeddable":true,"href":"https:\/\/seipuntozero-haircare.it\/pl\/wp-json\/wp\/v2\/media\/24332"}],"wp:attachment":[{"href":"https:\/\/seipuntozero-haircare.it\/pl\/wp-json\/wp\/v2\/media?parent=21871"}],"wp:term":[{"taxonomy":"product_brand","embeddable":true,"href":"https:\/\/seipuntozero-haircare.it\/pl\/wp-json\/wp\/v2\/product_brand?post=21871"},{"taxonomy":"product_cat","embeddable":true,"href":"https:\/\/seipuntozero-haircare.it\/pl\/wp-json\/wp\/v2\/product_cat?post=21871"},{"taxonomy":"product_tag","embeddable":true,"href":"https:\/\/seipuntozero-haircare.it\/pl\/wp-json\/wp\/v2\/product_tag?post=21871"}],"curies":[{"name":"wp","href":"https:\/\/api.w.org\/{rel}","templated":true}]}}