{"id":21867,"date":"2017-03-15T17:07:50","date_gmt":"2017-03-15T16:07:50","guid":{"rendered":"https:\/\/seipuntozero-haircare.it\/prodotto\/he-she-spray-gloss-efekt-rozswietlenia-i-przeciw-puszeniu-sie\/"},"modified":"2023-11-17T12:54:34","modified_gmt":"2023-11-17T11:54:34","slug":"he-she-spray-gloss-efekt-rozswietlenia-i-przeciw-puszeniu-sie","status":"publish","type":"product","link":"https:\/\/seipuntozero-haircare.it\/pl\/prodotto\/he-she-spray-gloss-efekt-rozswietlenia-i-przeciw-puszeniu-sie\/","title":{"rendered":"HE.SHE <br> Spray Gloss efekt roz\u015bwietlenia i przeciw puszeniu si\u0119"},"content":{"rendered":"<ul>\n<li style=\"font-weight: 400;\" aria-level=\"1\"><span style=\"font-weight: 400;\">Zmniejsza efekt puszenia si\u0119 w\u0142os\u00f3w<\/span><\/li>\n<li style=\"font-weight: 400;\" aria-level=\"1\"><span style=\"font-weight: 400;\">Nadaje wyko\u0144czenie pe\u0142ne blasku i roz\u015bwietla fryzur\u0119<\/span><\/li>\n<li style=\"font-weight: 400;\" aria-level=\"1\"><span style=\"font-weight: 400;\">Chroni w\u0142osy przed wilgoci\u0105<\/span><\/li>\n<\/ul>\n<p>&nbsp;<\/p>\n","protected":false},"excerpt":{"rendered":"<p><span style=\"font-weight: 400;\">He.She Spray Gloss efekt roz\u015bwietlenia, dzi\u0119ki specjalnej formule zapobiegaj\u0105cej puszeniu si\u0119, chroni w\u0142osy przed wilgoci\u0105 i nadaje wyj\u0105tkowo b\u0142yszcz\u0105ce wyko\u0144czenie, podkre\u015blaj\u0105c pi\u0119kno w\u0142os\u00f3w. W\u0142osy staj\u0105 mi\u0119kkie i niezwykle b\u0142yszcz\u0105ce. Spray, kt\u00f3ry nie obci\u0105\u017ca i nie nat\u0142uszcza w\u0142os\u00f3w, wyr\u00f3\u017cnia si\u0119 wyj\u0105tkowymi w\u0142a\u015bciwo\u015bciami roz\u015bwietlaj\u0105cymi i ochronnymi przed czynnikami zewn\u0119trznymi, zapewniaj\u0105c efekt anti-frizz, kt\u00f3ry nie dopuszcza do tego, aby wilgo\u0107 doprowadzi\u0142a do puszenia si\u0119 \u0142usek w\u0142os\u00f3w.<\/span><\/p>\n<p><span style=\"font-weight: 400;\">Butelka o pojemno\u015bci 300 ml<\/span><\/p>\n","protected":false},"featured_media":21452,"template":"","meta":[],"product_brand":[],"product_cat":[1216],"product_tag":[],"class_list":["post-21867","product","type-product","status-publish","has-post-thumbnail","hentry","product_cat-styling-pl"],"yoast_head":"<!-- This site is optimized with the Yoast SEO plugin v27.1.1 - https:\/\/yoast.com\/product\/yoast-seo-wordpress\/ -->\n<title>HE.SHE  Spray Gloss efekt roz\u015bwietlenia i przeciw puszeniu si\u0119 - 6.Zero<\/title>\n<meta name=\"description\" content=\"He.She Spray Gloss efekt roz\u015bwietlenia, dzi\u0119ki specjalnej formule zapobiegaj\u0105cej puszeniu si\u0119\" \/>\n<meta name=\"robots\" content=\"index, follow, max-snippet:-1, max-image-preview:large, max-video-preview:-1\" \/>\n<link rel=\"canonical\" href=\"https:\/\/seipuntozero-haircare.it\/pl\/prodotto\/he-she-spray-gloss-efekt-rozswietlenia-i-przeciw-puszeniu-sie\/\" \/>\n<meta property=\"og:locale\" content=\"pl_PL\" \/>\n<meta property=\"og:type\" content=\"article\" \/>\n<meta property=\"og:title\" content=\"HE.SHE  Spray Gloss efekt roz\u015bwietlenia i przeciw puszeniu si\u0119 - 6.Zero\" \/>\n<meta property=\"og:description\" content=\"He.She Spray Gloss efekt roz\u015bwietlenia, dzi\u0119ki specjalnej formule zapobiegaj\u0105cej puszeniu si\u0119\" \/>\n<meta property=\"og:url\" content=\"https:\/\/seipuntozero-haircare.it\/pl\/prodotto\/he-she-spray-gloss-efekt-rozswietlenia-i-przeciw-puszeniu-sie\/\" \/>\n<meta property=\"og:site_name\" content=\"6.Zero\" \/>\n<meta property=\"article:modified_time\" content=\"2023-11-17T11:54:34+00:00\" \/>\n<meta property=\"og:image\" content=\"https:\/\/seipuntozero-haircare.it\/wp-content\/uploads\/2017\/03\/262465_sei_punto_zero_heshe_spray_gloss_shining_300ml.png\" \/>\n\t<meta property=\"og:image:width\" content=\"600\" \/>\n\t<meta property=\"og:image:height\" content=\"600\" \/>\n\t<meta property=\"og:image:type\" content=\"image\/png\" \/>\n<meta name=\"twitter:card\" content=\"summary_large_image\" \/>\n<meta name=\"twitter:label1\" content=\"Szacowany czas czytania\" \/>\n\t<meta name=\"twitter:data1\" content=\"1 minuta\" \/>\n<script type=\"application\/ld+json\" class=\"yoast-schema-graph\">{\"@context\":\"https:\/\/schema.org\",\"@graph\":[{\"@type\":\"WebPage\",\"@id\":\"https:\/\/seipuntozero-haircare.it\/pl\/prodotto\/he-she-spray-gloss-efekt-rozswietlenia-i-przeciw-puszeniu-sie\/\",\"url\":\"https:\/\/seipuntozero-haircare.it\/pl\/prodotto\/he-she-spray-gloss-efekt-rozswietlenia-i-przeciw-puszeniu-sie\/\",\"name\":\"HE.SHE Spray Gloss efekt roz\u015bwietlenia i przeciw puszeniu si\u0119 - 6.Zero\",\"isPartOf\":{\"@id\":\"https:\/\/seipuntozero-haircare.it\/pl\/#website\"},\"primaryImageOfPage\":{\"@id\":\"https:\/\/seipuntozero-haircare.it\/pl\/prodotto\/he-she-spray-gloss-efekt-rozswietlenia-i-przeciw-puszeniu-sie\/#primaryimage\"},\"image\":{\"@id\":\"https:\/\/seipuntozero-haircare.it\/pl\/prodotto\/he-she-spray-gloss-efekt-rozswietlenia-i-przeciw-puszeniu-sie\/#primaryimage\"},\"thumbnailUrl\":\"https:\/\/seipuntozero-haircare.it\/wp-content\/uploads\/2017\/03\/262465_sei_punto_zero_heshe_spray_gloss_shining_300ml.png\",\"datePublished\":\"2017-03-15T16:07:50+00:00\",\"dateModified\":\"2023-11-17T11:54:34+00:00\",\"description\":\"He.She Spray Gloss efekt roz\u015bwietlenia, dzi\u0119ki specjalnej formule zapobiegaj\u0105cej puszeniu si\u0119\",\"breadcrumb\":{\"@id\":\"https:\/\/seipuntozero-haircare.it\/pl\/prodotto\/he-she-spray-gloss-efekt-rozswietlenia-i-przeciw-puszeniu-sie\/#breadcrumb\"},\"inLanguage\":\"pl-PL\",\"potentialAction\":[{\"@type\":\"ReadAction\",\"target\":[\"https:\/\/seipuntozero-haircare.it\/pl\/prodotto\/he-she-spray-gloss-efekt-rozswietlenia-i-przeciw-puszeniu-sie\/\"]}]},{\"@type\":\"ImageObject\",\"inLanguage\":\"pl-PL\",\"@id\":\"https:\/\/seipuntozero-haircare.it\/pl\/prodotto\/he-she-spray-gloss-efekt-rozswietlenia-i-przeciw-puszeniu-sie\/#primaryimage\",\"url\":\"https:\/\/seipuntozero-haircare.it\/wp-content\/uploads\/2017\/03\/262465_sei_punto_zero_heshe_spray_gloss_shining_300ml.png\",\"contentUrl\":\"https:\/\/seipuntozero-haircare.it\/wp-content\/uploads\/2017\/03\/262465_sei_punto_zero_heshe_spray_gloss_shining_300ml.png\",\"width\":600,\"height\":600},{\"@type\":\"BreadcrumbList\",\"@id\":\"https:\/\/seipuntozero-haircare.it\/pl\/prodotto\/he-she-spray-gloss-efekt-rozswietlenia-i-przeciw-puszeniu-sie\/#breadcrumb\",\"itemListElement\":[{\"@type\":\"ListItem\",\"position\":1,\"name\":\"Home\",\"item\":\"https:\/\/seipuntozero-haircare.it\/pl\/\"},{\"@type\":\"ListItem\",\"position\":2,\"name\":\"Prodotti\",\"item\":\"https:\/\/seipuntozero-haircare.it\/prodotti\/\"},{\"@type\":\"ListItem\",\"position\":3,\"name\":\"HE.SHE Spray Gloss efekt roz\u015bwietlenia i przeciw puszeniu si\u0119\"}]},{\"@type\":\"WebSite\",\"@id\":\"https:\/\/seipuntozero-haircare.it\/pl\/#website\",\"url\":\"https:\/\/seipuntozero-haircare.it\/pl\/\",\"name\":\"6.Zero\",\"description\":\"Essential Touch\",\"potentialAction\":[{\"@type\":\"SearchAction\",\"target\":{\"@type\":\"EntryPoint\",\"urlTemplate\":\"https:\/\/seipuntozero-haircare.it\/pl\/?s={search_term_string}\"},\"query-input\":{\"@type\":\"PropertyValueSpecification\",\"valueRequired\":true,\"valueName\":\"search_term_string\"}}],\"inLanguage\":\"pl-PL\"}]}<\/script>\n<!-- \/ Yoast SEO plugin. -->","yoast_head_json":{"title":"HE.SHE  Spray Gloss efekt roz\u015bwietlenia i przeciw puszeniu si\u0119 - 6.Zero","description":"He.She Spray Gloss efekt roz\u015bwietlenia, dzi\u0119ki specjalnej formule zapobiegaj\u0105cej puszeniu si\u0119","robots":{"index":"index","follow":"follow","max-snippet":"max-snippet:-1","max-image-preview":"max-image-preview:large","max-video-preview":"max-video-preview:-1"},"canonical":"https:\/\/seipuntozero-haircare.it\/pl\/prodotto\/he-she-spray-gloss-efekt-rozswietlenia-i-przeciw-puszeniu-sie\/","og_locale":"pl_PL","og_type":"article","og_title":"HE.SHE  Spray Gloss efekt roz\u015bwietlenia i przeciw puszeniu si\u0119 - 6.Zero","og_description":"He.She Spray Gloss efekt roz\u015bwietlenia, dzi\u0119ki specjalnej formule zapobiegaj\u0105cej puszeniu si\u0119","og_url":"https:\/\/seipuntozero-haircare.it\/pl\/prodotto\/he-she-spray-gloss-efekt-rozswietlenia-i-przeciw-puszeniu-sie\/","og_site_name":"6.Zero","article_modified_time":"2023-11-17T11:54:34+00:00","og_image":[{"width":600,"height":600,"url":"https:\/\/seipuntozero-haircare.it\/wp-content\/uploads\/2017\/03\/262465_sei_punto_zero_heshe_spray_gloss_shining_300ml.png","type":"image\/png"}],"twitter_card":"summary_large_image","twitter_misc":{"Szacowany czas czytania":"1 minuta"},"schema":{"@context":"https:\/\/schema.org","@graph":[{"@type":"WebPage","@id":"https:\/\/seipuntozero-haircare.it\/pl\/prodotto\/he-she-spray-gloss-efekt-rozswietlenia-i-przeciw-puszeniu-sie\/","url":"https:\/\/seipuntozero-haircare.it\/pl\/prodotto\/he-she-spray-gloss-efekt-rozswietlenia-i-przeciw-puszeniu-sie\/","name":"HE.SHE Spray Gloss efekt roz\u015bwietlenia i przeciw puszeniu si\u0119 - 6.Zero","isPartOf":{"@id":"https:\/\/seipuntozero-haircare.it\/pl\/#website"},"primaryImageOfPage":{"@id":"https:\/\/seipuntozero-haircare.it\/pl\/prodotto\/he-she-spray-gloss-efekt-rozswietlenia-i-przeciw-puszeniu-sie\/#primaryimage"},"image":{"@id":"https:\/\/seipuntozero-haircare.it\/pl\/prodotto\/he-she-spray-gloss-efekt-rozswietlenia-i-przeciw-puszeniu-sie\/#primaryimage"},"thumbnailUrl":"https:\/\/seipuntozero-haircare.it\/wp-content\/uploads\/2017\/03\/262465_sei_punto_zero_heshe_spray_gloss_shining_300ml.png","datePublished":"2017-03-15T16:07:50+00:00","dateModified":"2023-11-17T11:54:34+00:00","description":"He.She Spray Gloss efekt roz\u015bwietlenia, dzi\u0119ki specjalnej formule zapobiegaj\u0105cej puszeniu si\u0119","breadcrumb":{"@id":"https:\/\/seipuntozero-haircare.it\/pl\/prodotto\/he-she-spray-gloss-efekt-rozswietlenia-i-przeciw-puszeniu-sie\/#breadcrumb"},"inLanguage":"pl-PL","potentialAction":[{"@type":"ReadAction","target":["https:\/\/seipuntozero-haircare.it\/pl\/prodotto\/he-she-spray-gloss-efekt-rozswietlenia-i-przeciw-puszeniu-sie\/"]}]},{"@type":"ImageObject","inLanguage":"pl-PL","@id":"https:\/\/seipuntozero-haircare.it\/pl\/prodotto\/he-she-spray-gloss-efekt-rozswietlenia-i-przeciw-puszeniu-sie\/#primaryimage","url":"https:\/\/seipuntozero-haircare.it\/wp-content\/uploads\/2017\/03\/262465_sei_punto_zero_heshe_spray_gloss_shining_300ml.png","contentUrl":"https:\/\/seipuntozero-haircare.it\/wp-content\/uploads\/2017\/03\/262465_sei_punto_zero_heshe_spray_gloss_shining_300ml.png","width":600,"height":600},{"@type":"BreadcrumbList","@id":"https:\/\/seipuntozero-haircare.it\/pl\/prodotto\/he-she-spray-gloss-efekt-rozswietlenia-i-przeciw-puszeniu-sie\/#breadcrumb","itemListElement":[{"@type":"ListItem","position":1,"name":"Home","item":"https:\/\/seipuntozero-haircare.it\/pl\/"},{"@type":"ListItem","position":2,"name":"Prodotti","item":"https:\/\/seipuntozero-haircare.it\/prodotti\/"},{"@type":"ListItem","position":3,"name":"HE.SHE Spray Gloss efekt roz\u015bwietlenia i przeciw puszeniu si\u0119"}]},{"@type":"WebSite","@id":"https:\/\/seipuntozero-haircare.it\/pl\/#website","url":"https:\/\/seipuntozero-haircare.it\/pl\/","name":"6.Zero","description":"Essential Touch","potentialAction":[{"@type":"SearchAction","target":{"@type":"EntryPoint","urlTemplate":"https:\/\/seipuntozero-haircare.it\/pl\/?s={search_term_string}"},"query-input":{"@type":"PropertyValueSpecification","valueRequired":true,"valueName":"search_term_string"}}],"inLanguage":"pl-PL"}]}},"_links":{"self":[{"href":"https:\/\/seipuntozero-haircare.it\/pl\/wp-json\/wp\/v2\/product\/21867","targetHints":{"allow":["GET"]}}],"collection":[{"href":"https:\/\/seipuntozero-haircare.it\/pl\/wp-json\/wp\/v2\/product"}],"about":[{"href":"https:\/\/seipuntozero-haircare.it\/pl\/wp-json\/wp\/v2\/types\/product"}],"wp:featuredmedia":[{"embeddable":true,"href":"https:\/\/seipuntozero-haircare.it\/pl\/wp-json\/wp\/v2\/media\/21452"}],"wp:attachment":[{"href":"https:\/\/seipuntozero-haircare.it\/pl\/wp-json\/wp\/v2\/media?parent=21867"}],"wp:term":[{"taxonomy":"product_brand","embeddable":true,"href":"https:\/\/seipuntozero-haircare.it\/pl\/wp-json\/wp\/v2\/product_brand?post=21867"},{"taxonomy":"product_cat","embeddable":true,"href":"https:\/\/seipuntozero-haircare.it\/pl\/wp-json\/wp\/v2\/product_cat?post=21867"},{"taxonomy":"product_tag","embeddable":true,"href":"https:\/\/seipuntozero-haircare.it\/pl\/wp-json\/wp\/v2\/product_tag?post=21867"}],"curies":[{"name":"wp","href":"https:\/\/api.w.org\/{rel}","templated":true}]}}