{"id":21865,"date":"2017-03-15T16:44:24","date_gmt":"2017-03-15T15:44:24","guid":{"rendered":"https:\/\/seipuntozero-haircare.it\/prodotto\/he-she-wet-gel-bardzo-mocny-zel-efekt-mokrych-wlosow\/"},"modified":"2023-11-17T14:38:55","modified_gmt":"2023-11-17T13:38:55","slug":"he-she-wet-gel-bardzo-mocny-zel-efekt-mokrych-wlosow","status":"publish","type":"product","link":"https:\/\/seipuntozero-haircare.it\/pl\/prodotto\/he-she-wet-gel-bardzo-mocny-zel-efekt-mokrych-wlosow\/","title":{"rendered":"HE.SHE \u2013 WET GEL <br> Bardzo mocny \u017cel efekt mokrych w\u0142os\u00f3w"},"content":{"rendered":"<ul>\n<li style=\"font-weight: 400;\" aria-level=\"1\"><span style=\"font-weight: 400;\">Ekstra mocne utrwalenie<\/span><\/li>\n<li style=\"font-weight: 400;\" aria-level=\"1\"><span style=\"font-weight: 400;\">Nadaje fryzurze d\u0142ugotrwa\u0142y efekt mokrych w\u0142os\u00f3w<\/span><\/li>\n<li style=\"font-weight: 400;\" aria-level=\"1\"><span style=\"font-weight: 400;\">Nie skleja w\u0142os\u00f3w i nie pozostawia \u015blad\u00f3w<\/span><\/li>\n<\/ul>\n<p>&nbsp;<\/p>\n","protected":false},"excerpt":{"rendered":"<p><span style=\"font-weight: 400;\">He.She Wet Gel Ekstra mocny, daj\u0105cy efekt mokrych w\u0142os\u00f3w, idealny do ka\u017cdego rodzaju fryzury, nadaje w\u0142osom elastyczno\u015b\u0107 i ekstremalny blask, nie obci\u0105\u017caj\u0105c stylizacji i nie sklejaj\u0105c w\u0142os\u00f3w. Dzi\u0119ki mi\u0119kkiej i lekkiej konsystencji nie wysusza, nie utwardza i nie przet\u0142uszcza w\u0142os\u00f3w, pozwalaj\u0105c na uzyskanie d\u0142ugotrwa\u0142ego efektu mokrych w\u0142os\u00f3w. Trwa\u0142e utrwalenie na d\u0142ugo pozwala na maksymaln\u0105 definicj\u0119 i kontrol\u0119 w tworzeniu po\u017c\u0105danej fryzury.<\/span><\/p>\n<p><span style=\"font-weight: 400;\">Opakowanie o pojemno\u015bci 500 ml<\/span><\/p>\n","protected":false},"featured_media":21464,"template":"","meta":[],"product_brand":[],"product_cat":[1216],"product_tag":[],"class_list":["post-21865","product","type-product","status-publish","has-post-thumbnail","hentry","product_cat-styling-pl"],"yoast_head":"<!-- This site is optimized with the Yoast SEO plugin v27.1.1 - https:\/\/yoast.com\/product\/yoast-seo-wordpress\/ -->\n<title>HE.SHE \u2013 WET GEL  Bardzo mocny \u017cel efekt mokrych w\u0142os\u00f3w - 6.Zero<\/title>\n<meta name=\"description\" content=\"He.She Wet Gel Ekstra mocny, daj\u0105cy efekt mokrych w\u0142os\u00f3w, idealny do ka\u017cdego rodzaju fryzury, nadaje w\u0142osom elastyczno\u015b\u0107 i ekstremalny blask, nie obci\u0105\u017caj\u0105c stylizacji i nie sklejaj\u0105c w\u0142os\u00f3w.\" \/>\n<meta name=\"robots\" content=\"index, follow, max-snippet:-1, max-image-preview:large, max-video-preview:-1\" \/>\n<link rel=\"canonical\" href=\"https:\/\/seipuntozero-haircare.it\/pl\/prodotto\/he-she-wet-gel-bardzo-mocny-zel-efekt-mokrych-wlosow\/\" \/>\n<meta property=\"og:locale\" content=\"pl_PL\" \/>\n<meta property=\"og:type\" content=\"article\" \/>\n<meta property=\"og:title\" content=\"HE.SHE \u2013 WET GEL  Bardzo mocny \u017cel efekt mokrych w\u0142os\u00f3w - 6.Zero\" \/>\n<meta property=\"og:description\" content=\"He.She Wet Gel Ekstra mocny, daj\u0105cy efekt mokrych w\u0142os\u00f3w, idealny do ka\u017cdego rodzaju fryzury, nadaje w\u0142osom elastyczno\u015b\u0107 i ekstremalny blask, nie obci\u0105\u017caj\u0105c stylizacji i nie sklejaj\u0105c w\u0142os\u00f3w.\" \/>\n<meta property=\"og:url\" content=\"https:\/\/seipuntozero-haircare.it\/pl\/prodotto\/he-she-wet-gel-bardzo-mocny-zel-efekt-mokrych-wlosow\/\" \/>\n<meta property=\"og:site_name\" content=\"6.Zero\" \/>\n<meta property=\"article:modified_time\" content=\"2023-11-17T13:38:55+00:00\" \/>\n<meta property=\"og:image\" content=\"https:\/\/seipuntozero-haircare.it\/wp-content\/uploads\/2017\/03\/262342_sei_punto_zero_heshe_wet_gel_extra_strong_500ml.png\" \/>\n\t<meta property=\"og:image:width\" content=\"600\" \/>\n\t<meta property=\"og:image:height\" content=\"600\" \/>\n\t<meta property=\"og:image:type\" content=\"image\/png\" \/>\n<meta name=\"twitter:card\" content=\"summary_large_image\" \/>\n<meta name=\"twitter:label1\" content=\"Szacowany czas czytania\" \/>\n\t<meta name=\"twitter:data1\" content=\"1 minuta\" \/>\n<script type=\"application\/ld+json\" class=\"yoast-schema-graph\">{\"@context\":\"https:\/\/schema.org\",\"@graph\":[{\"@type\":\"WebPage\",\"@id\":\"https:\/\/seipuntozero-haircare.it\/pl\/prodotto\/he-she-wet-gel-bardzo-mocny-zel-efekt-mokrych-wlosow\/\",\"url\":\"https:\/\/seipuntozero-haircare.it\/pl\/prodotto\/he-she-wet-gel-bardzo-mocny-zel-efekt-mokrych-wlosow\/\",\"name\":\"HE.SHE \u2013 WET GEL Bardzo mocny \u017cel efekt mokrych w\u0142os\u00f3w - 6.Zero\",\"isPartOf\":{\"@id\":\"https:\/\/seipuntozero-haircare.it\/pl\/#website\"},\"primaryImageOfPage\":{\"@id\":\"https:\/\/seipuntozero-haircare.it\/pl\/prodotto\/he-she-wet-gel-bardzo-mocny-zel-efekt-mokrych-wlosow\/#primaryimage\"},\"image\":{\"@id\":\"https:\/\/seipuntozero-haircare.it\/pl\/prodotto\/he-she-wet-gel-bardzo-mocny-zel-efekt-mokrych-wlosow\/#primaryimage\"},\"thumbnailUrl\":\"https:\/\/seipuntozero-haircare.it\/wp-content\/uploads\/2017\/03\/262342_sei_punto_zero_heshe_wet_gel_extra_strong_500ml.png\",\"datePublished\":\"2017-03-15T15:44:24+00:00\",\"dateModified\":\"2023-11-17T13:38:55+00:00\",\"description\":\"He.She Wet Gel Ekstra mocny, daj\u0105cy efekt mokrych w\u0142os\u00f3w, idealny do ka\u017cdego rodzaju fryzury, nadaje w\u0142osom elastyczno\u015b\u0107 i ekstremalny blask, nie obci\u0105\u017caj\u0105c stylizacji i nie sklejaj\u0105c w\u0142os\u00f3w.\",\"breadcrumb\":{\"@id\":\"https:\/\/seipuntozero-haircare.it\/pl\/prodotto\/he-she-wet-gel-bardzo-mocny-zel-efekt-mokrych-wlosow\/#breadcrumb\"},\"inLanguage\":\"pl-PL\",\"potentialAction\":[{\"@type\":\"ReadAction\",\"target\":[\"https:\/\/seipuntozero-haircare.it\/pl\/prodotto\/he-she-wet-gel-bardzo-mocny-zel-efekt-mokrych-wlosow\/\"]}]},{\"@type\":\"ImageObject\",\"inLanguage\":\"pl-PL\",\"@id\":\"https:\/\/seipuntozero-haircare.it\/pl\/prodotto\/he-she-wet-gel-bardzo-mocny-zel-efekt-mokrych-wlosow\/#primaryimage\",\"url\":\"https:\/\/seipuntozero-haircare.it\/wp-content\/uploads\/2017\/03\/262342_sei_punto_zero_heshe_wet_gel_extra_strong_500ml.png\",\"contentUrl\":\"https:\/\/seipuntozero-haircare.it\/wp-content\/uploads\/2017\/03\/262342_sei_punto_zero_heshe_wet_gel_extra_strong_500ml.png\",\"width\":600,\"height\":600},{\"@type\":\"BreadcrumbList\",\"@id\":\"https:\/\/seipuntozero-haircare.it\/pl\/prodotto\/he-she-wet-gel-bardzo-mocny-zel-efekt-mokrych-wlosow\/#breadcrumb\",\"itemListElement\":[{\"@type\":\"ListItem\",\"position\":1,\"name\":\"Home\",\"item\":\"https:\/\/seipuntozero-haircare.it\/pl\/\"},{\"@type\":\"ListItem\",\"position\":2,\"name\":\"Prodotti\",\"item\":\"https:\/\/seipuntozero-haircare.it\/prodotti\/\"},{\"@type\":\"ListItem\",\"position\":3,\"name\":\"HE.SHE \u2013 WET GEL Bardzo mocny \u017cel efekt mokrych w\u0142os\u00f3w\"}]},{\"@type\":\"WebSite\",\"@id\":\"https:\/\/seipuntozero-haircare.it\/pl\/#website\",\"url\":\"https:\/\/seipuntozero-haircare.it\/pl\/\",\"name\":\"6.Zero\",\"description\":\"Essential Touch\",\"potentialAction\":[{\"@type\":\"SearchAction\",\"target\":{\"@type\":\"EntryPoint\",\"urlTemplate\":\"https:\/\/seipuntozero-haircare.it\/pl\/?s={search_term_string}\"},\"query-input\":{\"@type\":\"PropertyValueSpecification\",\"valueRequired\":true,\"valueName\":\"search_term_string\"}}],\"inLanguage\":\"pl-PL\"}]}<\/script>\n<!-- \/ Yoast SEO plugin. -->","yoast_head_json":{"title":"HE.SHE \u2013 WET GEL  Bardzo mocny \u017cel efekt mokrych w\u0142os\u00f3w - 6.Zero","description":"He.She Wet Gel Ekstra mocny, daj\u0105cy efekt mokrych w\u0142os\u00f3w, idealny do ka\u017cdego rodzaju fryzury, nadaje w\u0142osom elastyczno\u015b\u0107 i ekstremalny blask, nie obci\u0105\u017caj\u0105c stylizacji i nie sklejaj\u0105c w\u0142os\u00f3w.","robots":{"index":"index","follow":"follow","max-snippet":"max-snippet:-1","max-image-preview":"max-image-preview:large","max-video-preview":"max-video-preview:-1"},"canonical":"https:\/\/seipuntozero-haircare.it\/pl\/prodotto\/he-she-wet-gel-bardzo-mocny-zel-efekt-mokrych-wlosow\/","og_locale":"pl_PL","og_type":"article","og_title":"HE.SHE \u2013 WET GEL  Bardzo mocny \u017cel efekt mokrych w\u0142os\u00f3w - 6.Zero","og_description":"He.She Wet Gel Ekstra mocny, daj\u0105cy efekt mokrych w\u0142os\u00f3w, idealny do ka\u017cdego rodzaju fryzury, nadaje w\u0142osom elastyczno\u015b\u0107 i ekstremalny blask, nie obci\u0105\u017caj\u0105c stylizacji i nie sklejaj\u0105c w\u0142os\u00f3w.","og_url":"https:\/\/seipuntozero-haircare.it\/pl\/prodotto\/he-she-wet-gel-bardzo-mocny-zel-efekt-mokrych-wlosow\/","og_site_name":"6.Zero","article_modified_time":"2023-11-17T13:38:55+00:00","og_image":[{"width":600,"height":600,"url":"https:\/\/seipuntozero-haircare.it\/wp-content\/uploads\/2017\/03\/262342_sei_punto_zero_heshe_wet_gel_extra_strong_500ml.png","type":"image\/png"}],"twitter_card":"summary_large_image","twitter_misc":{"Szacowany czas czytania":"1 minuta"},"schema":{"@context":"https:\/\/schema.org","@graph":[{"@type":"WebPage","@id":"https:\/\/seipuntozero-haircare.it\/pl\/prodotto\/he-she-wet-gel-bardzo-mocny-zel-efekt-mokrych-wlosow\/","url":"https:\/\/seipuntozero-haircare.it\/pl\/prodotto\/he-she-wet-gel-bardzo-mocny-zel-efekt-mokrych-wlosow\/","name":"HE.SHE \u2013 WET GEL Bardzo mocny \u017cel efekt mokrych w\u0142os\u00f3w - 6.Zero","isPartOf":{"@id":"https:\/\/seipuntozero-haircare.it\/pl\/#website"},"primaryImageOfPage":{"@id":"https:\/\/seipuntozero-haircare.it\/pl\/prodotto\/he-she-wet-gel-bardzo-mocny-zel-efekt-mokrych-wlosow\/#primaryimage"},"image":{"@id":"https:\/\/seipuntozero-haircare.it\/pl\/prodotto\/he-she-wet-gel-bardzo-mocny-zel-efekt-mokrych-wlosow\/#primaryimage"},"thumbnailUrl":"https:\/\/seipuntozero-haircare.it\/wp-content\/uploads\/2017\/03\/262342_sei_punto_zero_heshe_wet_gel_extra_strong_500ml.png","datePublished":"2017-03-15T15:44:24+00:00","dateModified":"2023-11-17T13:38:55+00:00","description":"He.She Wet Gel Ekstra mocny, daj\u0105cy efekt mokrych w\u0142os\u00f3w, idealny do ka\u017cdego rodzaju fryzury, nadaje w\u0142osom elastyczno\u015b\u0107 i ekstremalny blask, nie obci\u0105\u017caj\u0105c stylizacji i nie sklejaj\u0105c w\u0142os\u00f3w.","breadcrumb":{"@id":"https:\/\/seipuntozero-haircare.it\/pl\/prodotto\/he-she-wet-gel-bardzo-mocny-zel-efekt-mokrych-wlosow\/#breadcrumb"},"inLanguage":"pl-PL","potentialAction":[{"@type":"ReadAction","target":["https:\/\/seipuntozero-haircare.it\/pl\/prodotto\/he-she-wet-gel-bardzo-mocny-zel-efekt-mokrych-wlosow\/"]}]},{"@type":"ImageObject","inLanguage":"pl-PL","@id":"https:\/\/seipuntozero-haircare.it\/pl\/prodotto\/he-she-wet-gel-bardzo-mocny-zel-efekt-mokrych-wlosow\/#primaryimage","url":"https:\/\/seipuntozero-haircare.it\/wp-content\/uploads\/2017\/03\/262342_sei_punto_zero_heshe_wet_gel_extra_strong_500ml.png","contentUrl":"https:\/\/seipuntozero-haircare.it\/wp-content\/uploads\/2017\/03\/262342_sei_punto_zero_heshe_wet_gel_extra_strong_500ml.png","width":600,"height":600},{"@type":"BreadcrumbList","@id":"https:\/\/seipuntozero-haircare.it\/pl\/prodotto\/he-she-wet-gel-bardzo-mocny-zel-efekt-mokrych-wlosow\/#breadcrumb","itemListElement":[{"@type":"ListItem","position":1,"name":"Home","item":"https:\/\/seipuntozero-haircare.it\/pl\/"},{"@type":"ListItem","position":2,"name":"Prodotti","item":"https:\/\/seipuntozero-haircare.it\/prodotti\/"},{"@type":"ListItem","position":3,"name":"HE.SHE \u2013 WET GEL Bardzo mocny \u017cel efekt mokrych w\u0142os\u00f3w"}]},{"@type":"WebSite","@id":"https:\/\/seipuntozero-haircare.it\/pl\/#website","url":"https:\/\/seipuntozero-haircare.it\/pl\/","name":"6.Zero","description":"Essential Touch","potentialAction":[{"@type":"SearchAction","target":{"@type":"EntryPoint","urlTemplate":"https:\/\/seipuntozero-haircare.it\/pl\/?s={search_term_string}"},"query-input":{"@type":"PropertyValueSpecification","valueRequired":true,"valueName":"search_term_string"}}],"inLanguage":"pl-PL"}]}},"_links":{"self":[{"href":"https:\/\/seipuntozero-haircare.it\/pl\/wp-json\/wp\/v2\/product\/21865","targetHints":{"allow":["GET"]}}],"collection":[{"href":"https:\/\/seipuntozero-haircare.it\/pl\/wp-json\/wp\/v2\/product"}],"about":[{"href":"https:\/\/seipuntozero-haircare.it\/pl\/wp-json\/wp\/v2\/types\/product"}],"wp:featuredmedia":[{"embeddable":true,"href":"https:\/\/seipuntozero-haircare.it\/pl\/wp-json\/wp\/v2\/media\/21464"}],"wp:attachment":[{"href":"https:\/\/seipuntozero-haircare.it\/pl\/wp-json\/wp\/v2\/media?parent=21865"}],"wp:term":[{"taxonomy":"product_brand","embeddable":true,"href":"https:\/\/seipuntozero-haircare.it\/pl\/wp-json\/wp\/v2\/product_brand?post=21865"},{"taxonomy":"product_cat","embeddable":true,"href":"https:\/\/seipuntozero-haircare.it\/pl\/wp-json\/wp\/v2\/product_cat?post=21865"},{"taxonomy":"product_tag","embeddable":true,"href":"https:\/\/seipuntozero-haircare.it\/pl\/wp-json\/wp\/v2\/product_tag?post=21865"}],"curies":[{"name":"wp","href":"https:\/\/api.w.org\/{rel}","templated":true}]}}