{"id":21864,"date":"2017-03-15T16:53:53","date_gmt":"2017-03-15T15:53:53","guid":{"rendered":"https:\/\/seipuntozero-haircare.it\/prodotto\/he-she-dwufazowy-spray-hydro-odzywczy\/"},"modified":"2023-11-17T14:36:31","modified_gmt":"2023-11-17T13:36:31","slug":"he-she-dwufazowy-spray-hydro-odzywczy","status":"publish","type":"product","link":"https:\/\/seipuntozero-haircare.it\/pl\/prodotto\/he-she-dwufazowy-spray-hydro-odzywczy\/","title":{"rendered":"HE.SHE <br> Dwufazowy spray hydro-od\u017cywczy"},"content":{"rendered":"<ul>\n<li style=\"font-weight: 400;\" aria-level=\"1\"><span style=\"font-weight: 400;\">Wielofunkcyjny spray, kt\u00f3ry nawil\u017ca, od\u017cywia i chroni w\u0142osy<\/span><\/li>\n<li style=\"font-weight: 400;\" aria-level=\"1\"><span style=\"font-weight: 400;\">Kondycjonuje i dyscyplinuje w\u0142osy<\/span><\/li>\n<li style=\"font-weight: 400;\" aria-level=\"1\"><span style=\"font-weight: 400;\">Wzbogacony Proteinami Jedwabiu i Aminokwasami Keratyny<\/span><\/li>\n<li style=\"font-weight: 400;\" aria-level=\"1\"><span style=\"font-weight: 400;\">Niezast\u0105piony w przygotowaniu w\u0142os\u00f3w do suszenia<\/span><\/li>\n<\/ul>\n<p>&nbsp;<\/p>\n","protected":false},"excerpt":{"rendered":"<p><span style=\"font-weight: 400;\">He.She dwufazowy spray hydro-od\u017cywczy i ochronny nadaje w\u0142osom blask, mi\u0119kko\u015b\u0107 i nawil\u017cenie. Chroni w\u0142osy przed dzia\u0142aniem czynnik\u00f3w zewn\u0119trznych (atmosferycznych lub chemicznych), uwalniaj\u0105c niespotykane dot\u0105d w\u0142a\u015bciwo\u015bci kondycjonuj\u0105ce i dyscyplinuj\u0105ce. Wielofunkcyjny charakter sprayu He.She jest mo\u017cliwy dzi\u0119ki zawarto\u015bci Protein Jedwabiu i Aminokwas\u00f3w Keratyny: zmi\u0119kczaj\u0105c i od\u017cywiaj\u0105c w\u0142osy, u\u0142atwia rozczesywanie, przygotowuj\u0105c je do suszenia.<\/span><\/p>\n<p><span style=\"font-weight: 400;\">Buteleczka o pojemno\u015bci 200 ml<\/span><\/p>\n","protected":false},"featured_media":21459,"template":"","meta":[],"product_brand":[],"product_cat":[1216],"product_tag":[],"class_list":["post-21864","product","type-product","status-publish","has-post-thumbnail","hentry","product_cat-styling-pl"],"yoast_head":"<!-- This site is optimized with the Yoast SEO plugin v27.1.1 - https:\/\/yoast.com\/product\/yoast-seo-wordpress\/ -->\n<title>HE.SHE  Dwufazowy spray hydro-od\u017cywczy - 6.Zero<\/title>\n<meta name=\"description\" content=\"He.She dwufazowy spray hydro-od\u017cywczy i ochronny nadaje w\u0142osom blask, mi\u0119kko\u015b\u0107 i nawil\u017cenie.\" \/>\n<meta name=\"robots\" content=\"index, follow, max-snippet:-1, max-image-preview:large, max-video-preview:-1\" \/>\n<link rel=\"canonical\" href=\"https:\/\/seipuntozero-haircare.it\/pl\/prodotto\/he-she-dwufazowy-spray-hydro-odzywczy\/\" \/>\n<meta property=\"og:locale\" content=\"pl_PL\" \/>\n<meta property=\"og:type\" content=\"article\" \/>\n<meta property=\"og:title\" content=\"HE.SHE  Dwufazowy spray hydro-od\u017cywczy - 6.Zero\" \/>\n<meta property=\"og:description\" content=\"He.She dwufazowy spray hydro-od\u017cywczy i ochronny nadaje w\u0142osom blask, mi\u0119kko\u015b\u0107 i nawil\u017cenie.\" \/>\n<meta property=\"og:url\" content=\"https:\/\/seipuntozero-haircare.it\/pl\/prodotto\/he-she-dwufazowy-spray-hydro-odzywczy\/\" \/>\n<meta property=\"og:site_name\" content=\"6.Zero\" \/>\n<meta property=\"article:modified_time\" content=\"2023-11-17T13:36:31+00:00\" \/>\n<meta property=\"og:image\" content=\"https:\/\/seipuntozero-haircare.it\/wp-content\/uploads\/2017\/03\/262397_sei_punto_zero_finish_styling_heshe_spray_bifasico_200ml.png\" \/>\n\t<meta property=\"og:image:width\" content=\"600\" \/>\n\t<meta property=\"og:image:height\" content=\"600\" \/>\n\t<meta property=\"og:image:type\" content=\"image\/png\" \/>\n<meta name=\"twitter:card\" content=\"summary_large_image\" \/>\n<meta name=\"twitter:label1\" content=\"Szacowany czas czytania\" \/>\n\t<meta name=\"twitter:data1\" content=\"1 minuta\" \/>\n<script type=\"application\/ld+json\" class=\"yoast-schema-graph\">{\"@context\":\"https:\/\/schema.org\",\"@graph\":[{\"@type\":\"WebPage\",\"@id\":\"https:\/\/seipuntozero-haircare.it\/pl\/prodotto\/he-she-dwufazowy-spray-hydro-odzywczy\/\",\"url\":\"https:\/\/seipuntozero-haircare.it\/pl\/prodotto\/he-she-dwufazowy-spray-hydro-odzywczy\/\",\"name\":\"HE.SHE Dwufazowy spray hydro-od\u017cywczy - 6.Zero\",\"isPartOf\":{\"@id\":\"https:\/\/seipuntozero-haircare.it\/pl\/#website\"},\"primaryImageOfPage\":{\"@id\":\"https:\/\/seipuntozero-haircare.it\/pl\/prodotto\/he-she-dwufazowy-spray-hydro-odzywczy\/#primaryimage\"},\"image\":{\"@id\":\"https:\/\/seipuntozero-haircare.it\/pl\/prodotto\/he-she-dwufazowy-spray-hydro-odzywczy\/#primaryimage\"},\"thumbnailUrl\":\"https:\/\/seipuntozero-haircare.it\/wp-content\/uploads\/2017\/03\/262397_sei_punto_zero_finish_styling_heshe_spray_bifasico_200ml.png\",\"datePublished\":\"2017-03-15T15:53:53+00:00\",\"dateModified\":\"2023-11-17T13:36:31+00:00\",\"description\":\"He.She dwufazowy spray hydro-od\u017cywczy i ochronny nadaje w\u0142osom blask, mi\u0119kko\u015b\u0107 i nawil\u017cenie.\",\"breadcrumb\":{\"@id\":\"https:\/\/seipuntozero-haircare.it\/pl\/prodotto\/he-she-dwufazowy-spray-hydro-odzywczy\/#breadcrumb\"},\"inLanguage\":\"pl-PL\",\"potentialAction\":[{\"@type\":\"ReadAction\",\"target\":[\"https:\/\/seipuntozero-haircare.it\/pl\/prodotto\/he-she-dwufazowy-spray-hydro-odzywczy\/\"]}]},{\"@type\":\"ImageObject\",\"inLanguage\":\"pl-PL\",\"@id\":\"https:\/\/seipuntozero-haircare.it\/pl\/prodotto\/he-she-dwufazowy-spray-hydro-odzywczy\/#primaryimage\",\"url\":\"https:\/\/seipuntozero-haircare.it\/wp-content\/uploads\/2017\/03\/262397_sei_punto_zero_finish_styling_heshe_spray_bifasico_200ml.png\",\"contentUrl\":\"https:\/\/seipuntozero-haircare.it\/wp-content\/uploads\/2017\/03\/262397_sei_punto_zero_finish_styling_heshe_spray_bifasico_200ml.png\",\"width\":600,\"height\":600},{\"@type\":\"BreadcrumbList\",\"@id\":\"https:\/\/seipuntozero-haircare.it\/pl\/prodotto\/he-she-dwufazowy-spray-hydro-odzywczy\/#breadcrumb\",\"itemListElement\":[{\"@type\":\"ListItem\",\"position\":1,\"name\":\"Home\",\"item\":\"https:\/\/seipuntozero-haircare.it\/pl\/\"},{\"@type\":\"ListItem\",\"position\":2,\"name\":\"Prodotti\",\"item\":\"https:\/\/seipuntozero-haircare.it\/prodotti\/\"},{\"@type\":\"ListItem\",\"position\":3,\"name\":\"HE.SHE Dwufazowy spray hydro-od\u017cywczy\"}]},{\"@type\":\"WebSite\",\"@id\":\"https:\/\/seipuntozero-haircare.it\/pl\/#website\",\"url\":\"https:\/\/seipuntozero-haircare.it\/pl\/\",\"name\":\"6.Zero\",\"description\":\"Essential Touch\",\"potentialAction\":[{\"@type\":\"SearchAction\",\"target\":{\"@type\":\"EntryPoint\",\"urlTemplate\":\"https:\/\/seipuntozero-haircare.it\/pl\/?s={search_term_string}\"},\"query-input\":{\"@type\":\"PropertyValueSpecification\",\"valueRequired\":true,\"valueName\":\"search_term_string\"}}],\"inLanguage\":\"pl-PL\"}]}<\/script>\n<!-- \/ Yoast SEO plugin. -->","yoast_head_json":{"title":"HE.SHE  Dwufazowy spray hydro-od\u017cywczy - 6.Zero","description":"He.She dwufazowy spray hydro-od\u017cywczy i ochronny nadaje w\u0142osom blask, mi\u0119kko\u015b\u0107 i nawil\u017cenie.","robots":{"index":"index","follow":"follow","max-snippet":"max-snippet:-1","max-image-preview":"max-image-preview:large","max-video-preview":"max-video-preview:-1"},"canonical":"https:\/\/seipuntozero-haircare.it\/pl\/prodotto\/he-she-dwufazowy-spray-hydro-odzywczy\/","og_locale":"pl_PL","og_type":"article","og_title":"HE.SHE  Dwufazowy spray hydro-od\u017cywczy - 6.Zero","og_description":"He.She dwufazowy spray hydro-od\u017cywczy i ochronny nadaje w\u0142osom blask, mi\u0119kko\u015b\u0107 i nawil\u017cenie.","og_url":"https:\/\/seipuntozero-haircare.it\/pl\/prodotto\/he-she-dwufazowy-spray-hydro-odzywczy\/","og_site_name":"6.Zero","article_modified_time":"2023-11-17T13:36:31+00:00","og_image":[{"width":600,"height":600,"url":"https:\/\/seipuntozero-haircare.it\/wp-content\/uploads\/2017\/03\/262397_sei_punto_zero_finish_styling_heshe_spray_bifasico_200ml.png","type":"image\/png"}],"twitter_card":"summary_large_image","twitter_misc":{"Szacowany czas czytania":"1 minuta"},"schema":{"@context":"https:\/\/schema.org","@graph":[{"@type":"WebPage","@id":"https:\/\/seipuntozero-haircare.it\/pl\/prodotto\/he-she-dwufazowy-spray-hydro-odzywczy\/","url":"https:\/\/seipuntozero-haircare.it\/pl\/prodotto\/he-she-dwufazowy-spray-hydro-odzywczy\/","name":"HE.SHE Dwufazowy spray hydro-od\u017cywczy - 6.Zero","isPartOf":{"@id":"https:\/\/seipuntozero-haircare.it\/pl\/#website"},"primaryImageOfPage":{"@id":"https:\/\/seipuntozero-haircare.it\/pl\/prodotto\/he-she-dwufazowy-spray-hydro-odzywczy\/#primaryimage"},"image":{"@id":"https:\/\/seipuntozero-haircare.it\/pl\/prodotto\/he-she-dwufazowy-spray-hydro-odzywczy\/#primaryimage"},"thumbnailUrl":"https:\/\/seipuntozero-haircare.it\/wp-content\/uploads\/2017\/03\/262397_sei_punto_zero_finish_styling_heshe_spray_bifasico_200ml.png","datePublished":"2017-03-15T15:53:53+00:00","dateModified":"2023-11-17T13:36:31+00:00","description":"He.She dwufazowy spray hydro-od\u017cywczy i ochronny nadaje w\u0142osom blask, mi\u0119kko\u015b\u0107 i nawil\u017cenie.","breadcrumb":{"@id":"https:\/\/seipuntozero-haircare.it\/pl\/prodotto\/he-she-dwufazowy-spray-hydro-odzywczy\/#breadcrumb"},"inLanguage":"pl-PL","potentialAction":[{"@type":"ReadAction","target":["https:\/\/seipuntozero-haircare.it\/pl\/prodotto\/he-she-dwufazowy-spray-hydro-odzywczy\/"]}]},{"@type":"ImageObject","inLanguage":"pl-PL","@id":"https:\/\/seipuntozero-haircare.it\/pl\/prodotto\/he-she-dwufazowy-spray-hydro-odzywczy\/#primaryimage","url":"https:\/\/seipuntozero-haircare.it\/wp-content\/uploads\/2017\/03\/262397_sei_punto_zero_finish_styling_heshe_spray_bifasico_200ml.png","contentUrl":"https:\/\/seipuntozero-haircare.it\/wp-content\/uploads\/2017\/03\/262397_sei_punto_zero_finish_styling_heshe_spray_bifasico_200ml.png","width":600,"height":600},{"@type":"BreadcrumbList","@id":"https:\/\/seipuntozero-haircare.it\/pl\/prodotto\/he-she-dwufazowy-spray-hydro-odzywczy\/#breadcrumb","itemListElement":[{"@type":"ListItem","position":1,"name":"Home","item":"https:\/\/seipuntozero-haircare.it\/pl\/"},{"@type":"ListItem","position":2,"name":"Prodotti","item":"https:\/\/seipuntozero-haircare.it\/prodotti\/"},{"@type":"ListItem","position":3,"name":"HE.SHE Dwufazowy spray hydro-od\u017cywczy"}]},{"@type":"WebSite","@id":"https:\/\/seipuntozero-haircare.it\/pl\/#website","url":"https:\/\/seipuntozero-haircare.it\/pl\/","name":"6.Zero","description":"Essential Touch","potentialAction":[{"@type":"SearchAction","target":{"@type":"EntryPoint","urlTemplate":"https:\/\/seipuntozero-haircare.it\/pl\/?s={search_term_string}"},"query-input":{"@type":"PropertyValueSpecification","valueRequired":true,"valueName":"search_term_string"}}],"inLanguage":"pl-PL"}]}},"_links":{"self":[{"href":"https:\/\/seipuntozero-haircare.it\/pl\/wp-json\/wp\/v2\/product\/21864","targetHints":{"allow":["GET"]}}],"collection":[{"href":"https:\/\/seipuntozero-haircare.it\/pl\/wp-json\/wp\/v2\/product"}],"about":[{"href":"https:\/\/seipuntozero-haircare.it\/pl\/wp-json\/wp\/v2\/types\/product"}],"wp:featuredmedia":[{"embeddable":true,"href":"https:\/\/seipuntozero-haircare.it\/pl\/wp-json\/wp\/v2\/media\/21459"}],"wp:attachment":[{"href":"https:\/\/seipuntozero-haircare.it\/pl\/wp-json\/wp\/v2\/media?parent=21864"}],"wp:term":[{"taxonomy":"product_brand","embeddable":true,"href":"https:\/\/seipuntozero-haircare.it\/pl\/wp-json\/wp\/v2\/product_brand?post=21864"},{"taxonomy":"product_cat","embeddable":true,"href":"https:\/\/seipuntozero-haircare.it\/pl\/wp-json\/wp\/v2\/product_cat?post=21864"},{"taxonomy":"product_tag","embeddable":true,"href":"https:\/\/seipuntozero-haircare.it\/pl\/wp-json\/wp\/v2\/product_tag?post=21864"}],"curies":[{"name":"wp","href":"https:\/\/api.w.org\/{rel}","templated":true}]}}