{"id":21863,"date":"2017-03-15T16:46:15","date_gmt":"2017-03-15T15:46:15","guid":{"rendered":"https:\/\/seipuntozero-haircare.it\/prodotto\/he-she-matt-wax-wosk-do-wlosow-matowy-efekt\/"},"modified":"2023-11-17T14:38:30","modified_gmt":"2023-11-17T13:38:30","slug":"he-she-matt-wax-wosk-do-wlosow-matowy-efekt","status":"publish","type":"product","link":"https:\/\/seipuntozero-haircare.it\/pl\/prodotto\/he-she-matt-wax-wosk-do-wlosow-matowy-efekt\/","title":{"rendered":"HE.SHE \u2013 MATT WAX <br> Wosk do w\u0142os\u00f3w matowy efekt"},"content":{"rendered":"<ul>\n<li style=\"font-weight: 400;\" aria-level=\"1\"><span style=\"font-weight: 400;\">Nadaje fryzurze matowy efekt<\/span><\/li>\n<li style=\"font-weight: 400;\" aria-level=\"1\"><span style=\"font-weight: 400;\">Umo\u017cliwia dowolne modelowanie stylizacji<\/span><\/li>\n<li style=\"font-weight: 400;\" aria-level=\"1\"><span style=\"font-weight: 400;\">Daje wsparcie bez obci\u0105\u017cania, zwil\u017cania i sklejania w\u0142os\u00f3w<\/span><\/li>\n<\/ul>\n<p>&nbsp;<\/p>\n","protected":false},"excerpt":{"rendered":"<p><span style=\"font-weight: 400;\">He.She Matt Wax Definer, to wosk, kt\u00f3ry tworzy na w\u0142osach matowy efekt.\u00a0 Stabilnie wspiera i modeluje fryzur\u0119, zapewniaj\u0105c satynowe wyko\u0144czenie, nie zwil\u017caj\u0105c fryzury. Definiuje styl, tworz\u0105c wszechstronne stylizacje dla niego i dla niej dzi\u0119ki mi\u0119kkiej formule, kt\u00f3r\u0105 \u0142atwo modelowa\u0107. Naturalna stylizacja, lekkie utrwalenie.<\/span><\/p>\n<p><span style=\"font-weight: 400;\">Opakowanie o pojemno\u015bci 100 ml<\/span><\/p>\n","protected":false},"featured_media":21463,"template":"","meta":[],"product_brand":[],"product_cat":[1216],"product_tag":[],"class_list":["post-21863","product","type-product","status-publish","has-post-thumbnail","hentry","product_cat-styling-pl"],"yoast_head":"<!-- This site is optimized with the Yoast SEO plugin v27.1.1 - https:\/\/yoast.com\/product\/yoast-seo-wordpress\/ -->\n<title>He.She - Wosk do w\u0142os\u00f3w matowy efekt<\/title>\n<meta name=\"description\" content=\"He.She Matt Wax Definer, to wosk, kt\u00f3ry tworzy na w\u0142osach matowy efekt.\u00a0\" \/>\n<meta name=\"robots\" content=\"index, follow, max-snippet:-1, max-image-preview:large, max-video-preview:-1\" \/>\n<link rel=\"canonical\" href=\"https:\/\/seipuntozero-haircare.it\/pl\/prodotto\/he-she-matt-wax-wosk-do-wlosow-matowy-efekt\/\" \/>\n<meta property=\"og:locale\" content=\"pl_PL\" \/>\n<meta property=\"og:type\" content=\"article\" \/>\n<meta property=\"og:title\" content=\"He.She - Wosk do w\u0142os\u00f3w matowy efekt\" \/>\n<meta property=\"og:description\" content=\"He.She Matt Wax Definer, to wosk, kt\u00f3ry tworzy na w\u0142osach matowy efekt.\u00a0\" \/>\n<meta property=\"og:url\" content=\"https:\/\/seipuntozero-haircare.it\/pl\/prodotto\/he-she-matt-wax-wosk-do-wlosow-matowy-efekt\/\" \/>\n<meta property=\"og:site_name\" content=\"6.Zero\" \/>\n<meta property=\"article:modified_time\" content=\"2023-11-17T13:38:30+00:00\" \/>\n<meta property=\"og:image\" content=\"https:\/\/seipuntozero-haircare.it\/wp-content\/uploads\/2017\/03\/262359_sei_punto_zero_heshe_matt_wax_100ml.png\" \/>\n\t<meta property=\"og:image:width\" content=\"600\" \/>\n\t<meta property=\"og:image:height\" content=\"600\" \/>\n\t<meta property=\"og:image:type\" content=\"image\/png\" \/>\n<meta name=\"twitter:card\" content=\"summary_large_image\" \/>\n<meta name=\"twitter:label1\" content=\"Szacowany czas czytania\" \/>\n\t<meta name=\"twitter:data1\" content=\"1 minuta\" \/>\n<script type=\"application\/ld+json\" class=\"yoast-schema-graph\">{\"@context\":\"https:\/\/schema.org\",\"@graph\":[{\"@type\":\"WebPage\",\"@id\":\"https:\/\/seipuntozero-haircare.it\/pl\/prodotto\/he-she-matt-wax-wosk-do-wlosow-matowy-efekt\/\",\"url\":\"https:\/\/seipuntozero-haircare.it\/pl\/prodotto\/he-she-matt-wax-wosk-do-wlosow-matowy-efekt\/\",\"name\":\"He.She - Wosk do w\u0142os\u00f3w matowy efekt\",\"isPartOf\":{\"@id\":\"https:\/\/seipuntozero-haircare.it\/pl\/#website\"},\"primaryImageOfPage\":{\"@id\":\"https:\/\/seipuntozero-haircare.it\/pl\/prodotto\/he-she-matt-wax-wosk-do-wlosow-matowy-efekt\/#primaryimage\"},\"image\":{\"@id\":\"https:\/\/seipuntozero-haircare.it\/pl\/prodotto\/he-she-matt-wax-wosk-do-wlosow-matowy-efekt\/#primaryimage\"},\"thumbnailUrl\":\"https:\/\/seipuntozero-haircare.it\/wp-content\/uploads\/2017\/03\/262359_sei_punto_zero_heshe_matt_wax_100ml.png\",\"datePublished\":\"2017-03-15T15:46:15+00:00\",\"dateModified\":\"2023-11-17T13:38:30+00:00\",\"description\":\"He.She Matt Wax Definer, to wosk, kt\u00f3ry tworzy na w\u0142osach matowy efekt.\u00a0\",\"breadcrumb\":{\"@id\":\"https:\/\/seipuntozero-haircare.it\/pl\/prodotto\/he-she-matt-wax-wosk-do-wlosow-matowy-efekt\/#breadcrumb\"},\"inLanguage\":\"pl-PL\",\"potentialAction\":[{\"@type\":\"ReadAction\",\"target\":[\"https:\/\/seipuntozero-haircare.it\/pl\/prodotto\/he-she-matt-wax-wosk-do-wlosow-matowy-efekt\/\"]}]},{\"@type\":\"ImageObject\",\"inLanguage\":\"pl-PL\",\"@id\":\"https:\/\/seipuntozero-haircare.it\/pl\/prodotto\/he-she-matt-wax-wosk-do-wlosow-matowy-efekt\/#primaryimage\",\"url\":\"https:\/\/seipuntozero-haircare.it\/wp-content\/uploads\/2017\/03\/262359_sei_punto_zero_heshe_matt_wax_100ml.png\",\"contentUrl\":\"https:\/\/seipuntozero-haircare.it\/wp-content\/uploads\/2017\/03\/262359_sei_punto_zero_heshe_matt_wax_100ml.png\",\"width\":600,\"height\":600},{\"@type\":\"BreadcrumbList\",\"@id\":\"https:\/\/seipuntozero-haircare.it\/pl\/prodotto\/he-she-matt-wax-wosk-do-wlosow-matowy-efekt\/#breadcrumb\",\"itemListElement\":[{\"@type\":\"ListItem\",\"position\":1,\"name\":\"Home\",\"item\":\"https:\/\/seipuntozero-haircare.it\/pl\/\"},{\"@type\":\"ListItem\",\"position\":2,\"name\":\"Prodotti\",\"item\":\"https:\/\/seipuntozero-haircare.it\/prodotti\/\"},{\"@type\":\"ListItem\",\"position\":3,\"name\":\"HE.SHE \u2013 MATT WAX Wosk do w\u0142os\u00f3w matowy efekt\"}]},{\"@type\":\"WebSite\",\"@id\":\"https:\/\/seipuntozero-haircare.it\/pl\/#website\",\"url\":\"https:\/\/seipuntozero-haircare.it\/pl\/\",\"name\":\"6.Zero\",\"description\":\"Essential Touch\",\"potentialAction\":[{\"@type\":\"SearchAction\",\"target\":{\"@type\":\"EntryPoint\",\"urlTemplate\":\"https:\/\/seipuntozero-haircare.it\/pl\/?s={search_term_string}\"},\"query-input\":{\"@type\":\"PropertyValueSpecification\",\"valueRequired\":true,\"valueName\":\"search_term_string\"}}],\"inLanguage\":\"pl-PL\"}]}<\/script>\n<!-- \/ Yoast SEO plugin. -->","yoast_head_json":{"title":"He.She - Wosk do w\u0142os\u00f3w matowy efekt","description":"He.She Matt Wax Definer, to wosk, kt\u00f3ry tworzy na w\u0142osach matowy efekt.\u00a0","robots":{"index":"index","follow":"follow","max-snippet":"max-snippet:-1","max-image-preview":"max-image-preview:large","max-video-preview":"max-video-preview:-1"},"canonical":"https:\/\/seipuntozero-haircare.it\/pl\/prodotto\/he-she-matt-wax-wosk-do-wlosow-matowy-efekt\/","og_locale":"pl_PL","og_type":"article","og_title":"He.She - Wosk do w\u0142os\u00f3w matowy efekt","og_description":"He.She Matt Wax Definer, to wosk, kt\u00f3ry tworzy na w\u0142osach matowy efekt.\u00a0","og_url":"https:\/\/seipuntozero-haircare.it\/pl\/prodotto\/he-she-matt-wax-wosk-do-wlosow-matowy-efekt\/","og_site_name":"6.Zero","article_modified_time":"2023-11-17T13:38:30+00:00","og_image":[{"width":600,"height":600,"url":"https:\/\/seipuntozero-haircare.it\/wp-content\/uploads\/2017\/03\/262359_sei_punto_zero_heshe_matt_wax_100ml.png","type":"image\/png"}],"twitter_card":"summary_large_image","twitter_misc":{"Szacowany czas czytania":"1 minuta"},"schema":{"@context":"https:\/\/schema.org","@graph":[{"@type":"WebPage","@id":"https:\/\/seipuntozero-haircare.it\/pl\/prodotto\/he-she-matt-wax-wosk-do-wlosow-matowy-efekt\/","url":"https:\/\/seipuntozero-haircare.it\/pl\/prodotto\/he-she-matt-wax-wosk-do-wlosow-matowy-efekt\/","name":"He.She - Wosk do w\u0142os\u00f3w matowy efekt","isPartOf":{"@id":"https:\/\/seipuntozero-haircare.it\/pl\/#website"},"primaryImageOfPage":{"@id":"https:\/\/seipuntozero-haircare.it\/pl\/prodotto\/he-she-matt-wax-wosk-do-wlosow-matowy-efekt\/#primaryimage"},"image":{"@id":"https:\/\/seipuntozero-haircare.it\/pl\/prodotto\/he-she-matt-wax-wosk-do-wlosow-matowy-efekt\/#primaryimage"},"thumbnailUrl":"https:\/\/seipuntozero-haircare.it\/wp-content\/uploads\/2017\/03\/262359_sei_punto_zero_heshe_matt_wax_100ml.png","datePublished":"2017-03-15T15:46:15+00:00","dateModified":"2023-11-17T13:38:30+00:00","description":"He.She Matt Wax Definer, to wosk, kt\u00f3ry tworzy na w\u0142osach matowy efekt.\u00a0","breadcrumb":{"@id":"https:\/\/seipuntozero-haircare.it\/pl\/prodotto\/he-she-matt-wax-wosk-do-wlosow-matowy-efekt\/#breadcrumb"},"inLanguage":"pl-PL","potentialAction":[{"@type":"ReadAction","target":["https:\/\/seipuntozero-haircare.it\/pl\/prodotto\/he-she-matt-wax-wosk-do-wlosow-matowy-efekt\/"]}]},{"@type":"ImageObject","inLanguage":"pl-PL","@id":"https:\/\/seipuntozero-haircare.it\/pl\/prodotto\/he-she-matt-wax-wosk-do-wlosow-matowy-efekt\/#primaryimage","url":"https:\/\/seipuntozero-haircare.it\/wp-content\/uploads\/2017\/03\/262359_sei_punto_zero_heshe_matt_wax_100ml.png","contentUrl":"https:\/\/seipuntozero-haircare.it\/wp-content\/uploads\/2017\/03\/262359_sei_punto_zero_heshe_matt_wax_100ml.png","width":600,"height":600},{"@type":"BreadcrumbList","@id":"https:\/\/seipuntozero-haircare.it\/pl\/prodotto\/he-she-matt-wax-wosk-do-wlosow-matowy-efekt\/#breadcrumb","itemListElement":[{"@type":"ListItem","position":1,"name":"Home","item":"https:\/\/seipuntozero-haircare.it\/pl\/"},{"@type":"ListItem","position":2,"name":"Prodotti","item":"https:\/\/seipuntozero-haircare.it\/prodotti\/"},{"@type":"ListItem","position":3,"name":"HE.SHE \u2013 MATT WAX Wosk do w\u0142os\u00f3w matowy efekt"}]},{"@type":"WebSite","@id":"https:\/\/seipuntozero-haircare.it\/pl\/#website","url":"https:\/\/seipuntozero-haircare.it\/pl\/","name":"6.Zero","description":"Essential Touch","potentialAction":[{"@type":"SearchAction","target":{"@type":"EntryPoint","urlTemplate":"https:\/\/seipuntozero-haircare.it\/pl\/?s={search_term_string}"},"query-input":{"@type":"PropertyValueSpecification","valueRequired":true,"valueName":"search_term_string"}}],"inLanguage":"pl-PL"}]}},"_links":{"self":[{"href":"https:\/\/seipuntozero-haircare.it\/pl\/wp-json\/wp\/v2\/product\/21863","targetHints":{"allow":["GET"]}}],"collection":[{"href":"https:\/\/seipuntozero-haircare.it\/pl\/wp-json\/wp\/v2\/product"}],"about":[{"href":"https:\/\/seipuntozero-haircare.it\/pl\/wp-json\/wp\/v2\/types\/product"}],"wp:featuredmedia":[{"embeddable":true,"href":"https:\/\/seipuntozero-haircare.it\/pl\/wp-json\/wp\/v2\/media\/21463"}],"wp:attachment":[{"href":"https:\/\/seipuntozero-haircare.it\/pl\/wp-json\/wp\/v2\/media?parent=21863"}],"wp:term":[{"taxonomy":"product_brand","embeddable":true,"href":"https:\/\/seipuntozero-haircare.it\/pl\/wp-json\/wp\/v2\/product_brand?post=21863"},{"taxonomy":"product_cat","embeddable":true,"href":"https:\/\/seipuntozero-haircare.it\/pl\/wp-json\/wp\/v2\/product_cat?post=21863"},{"taxonomy":"product_tag","embeddable":true,"href":"https:\/\/seipuntozero-haircare.it\/pl\/wp-json\/wp\/v2\/product_tag?post=21863"}],"curies":[{"name":"wp","href":"https:\/\/api.w.org\/{rel}","templated":true}]}}