{"id":21860,"date":"2017-03-15T16:51:49","date_gmt":"2017-03-15T15:51:49","guid":{"rendered":"https:\/\/seipuntozero-haircare.it\/prodotto\/he-she-oil-non-oil-ochronny-olejek-przeciw-puszeniu-i-nadajacy-blask\/"},"modified":"2023-11-17T14:36:49","modified_gmt":"2023-11-17T13:36:49","slug":"he-she-oil-non-oil-ochronny-olejek-przeciw-puszeniu-i-nadajacy-blask","status":"publish","type":"product","link":"https:\/\/seipuntozero-haircare.it\/pl\/prodotto\/he-she-oil-non-oil-ochronny-olejek-przeciw-puszeniu-i-nadajacy-blask\/","title":{"rendered":"HE.SHE \u2013 OIL NON OIL <br> Ochronny olejek przeciw puszeniu i nadaj\u0105cy blask"},"content":{"rendered":"<ul>\n<li style=\"font-weight: 400;\" aria-level=\"1\"><span style=\"font-weight: 400;\">Roz\u015bwietla w\u0142osy, nie obci\u0105\u017caj\u0105c ich<\/span><\/li>\n<li style=\"font-weight: 400;\" aria-level=\"1\"><span style=\"font-weight: 400;\">Zapobiega puszeniu si\u0119 w\u0142os\u00f3w<\/span><\/li>\n<li style=\"font-weight: 400;\" aria-level=\"1\"><span style=\"font-weight: 400;\">Od\u017cywia, nawil\u017ca i chroni w\u0142osy przed czynnikami zewn\u0119trznymi<\/span><\/li>\n<\/ul>\n<p>&nbsp;<\/p>\n","protected":false},"excerpt":{"rendered":"<p><span style=\"font-weight: 400;\">He.She Oil non Oil, ochronny olejek przeciw puszeniu i nadaj\u0105cy blask, jest idealny do w\u0142os\u00f3w zniszczonych, suchych i matowych. P\u0142yn o w\u0142a\u015bciwo\u015bciach regeneruj\u0105cych i nab\u0142yszczaj\u0105cych neutralizuje puszenie si\u0119 i nadaje w\u0142osom nowy blask: od\u017cywienie, nawil\u017cenie i ochron\u0119 przed czynnikami zewn\u0119trznymi zapewnia lekka i kosmetyczna konsystencja, kt\u00f3ra nie jest t\u0142usta i nie obci\u0105\u017ca w\u0142os\u00f3w, natychmiast u\u0142atwiaj\u0105c ich czesanie oraz dodaj\u0105c im blasku.<\/span><\/p>\n<p><span style=\"font-weight: 400;\">Buteleczka o pojemno\u015bci 200 ml<\/span><\/p>\n","protected":false},"featured_media":21460,"template":"","meta":[],"product_brand":[],"product_cat":[1216],"product_tag":[],"class_list":["post-21860","product","type-product","status-publish","has-post-thumbnail","hentry","product_cat-styling-pl"],"yoast_head":"<!-- This site is optimized with the Yoast SEO plugin v27.1.1 - https:\/\/yoast.com\/product\/yoast-seo-wordpress\/ -->\n<title>Oil non Oil - Ochronny olejek przeciw puszeniu i nadaj\u0105cy blask<\/title>\n<meta name=\"description\" content=\"He.She Oil non Oil, ochronny olejek przeciw puszeniu i nadaj\u0105cy blask, jest idealny do w\u0142os\u00f3w zniszczonych, suchych i matowych.\" \/>\n<meta name=\"robots\" content=\"index, follow, max-snippet:-1, max-image-preview:large, max-video-preview:-1\" \/>\n<link rel=\"canonical\" href=\"https:\/\/seipuntozero-haircare.it\/pl\/prodotto\/he-she-oil-non-oil-ochronny-olejek-przeciw-puszeniu-i-nadajacy-blask\/\" \/>\n<meta property=\"og:locale\" content=\"pl_PL\" \/>\n<meta property=\"og:type\" content=\"article\" \/>\n<meta property=\"og:title\" content=\"Oil non Oil - Ochronny olejek przeciw puszeniu i nadaj\u0105cy blask\" \/>\n<meta property=\"og:description\" content=\"He.She Oil non Oil, ochronny olejek przeciw puszeniu i nadaj\u0105cy blask, jest idealny do w\u0142os\u00f3w zniszczonych, suchych i matowych.\" \/>\n<meta property=\"og:url\" content=\"https:\/\/seipuntozero-haircare.it\/pl\/prodotto\/he-she-oil-non-oil-ochronny-olejek-przeciw-puszeniu-i-nadajacy-blask\/\" \/>\n<meta property=\"og:site_name\" content=\"6.Zero\" \/>\n<meta property=\"article:modified_time\" content=\"2023-11-17T13:36:49+00:00\" \/>\n<meta property=\"og:image\" content=\"https:\/\/seipuntozero-haircare.it\/wp-content\/uploads\/2017\/03\/262380_sei_punto_zero_finish_styling_heshe_oil_non_oil_200ml.png\" \/>\n\t<meta property=\"og:image:width\" content=\"600\" \/>\n\t<meta property=\"og:image:height\" content=\"600\" \/>\n\t<meta property=\"og:image:type\" content=\"image\/png\" \/>\n<meta name=\"twitter:card\" content=\"summary_large_image\" \/>\n<meta name=\"twitter:label1\" content=\"Szacowany czas czytania\" \/>\n\t<meta name=\"twitter:data1\" content=\"1 minuta\" \/>\n<script type=\"application\/ld+json\" class=\"yoast-schema-graph\">{\"@context\":\"https:\/\/schema.org\",\"@graph\":[{\"@type\":\"WebPage\",\"@id\":\"https:\/\/seipuntozero-haircare.it\/pl\/prodotto\/he-she-oil-non-oil-ochronny-olejek-przeciw-puszeniu-i-nadajacy-blask\/\",\"url\":\"https:\/\/seipuntozero-haircare.it\/pl\/prodotto\/he-she-oil-non-oil-ochronny-olejek-przeciw-puszeniu-i-nadajacy-blask\/\",\"name\":\"Oil non Oil - Ochronny olejek przeciw puszeniu i nadaj\u0105cy blask\",\"isPartOf\":{\"@id\":\"https:\/\/seipuntozero-haircare.it\/pl\/#website\"},\"primaryImageOfPage\":{\"@id\":\"https:\/\/seipuntozero-haircare.it\/pl\/prodotto\/he-she-oil-non-oil-ochronny-olejek-przeciw-puszeniu-i-nadajacy-blask\/#primaryimage\"},\"image\":{\"@id\":\"https:\/\/seipuntozero-haircare.it\/pl\/prodotto\/he-she-oil-non-oil-ochronny-olejek-przeciw-puszeniu-i-nadajacy-blask\/#primaryimage\"},\"thumbnailUrl\":\"https:\/\/seipuntozero-haircare.it\/wp-content\/uploads\/2017\/03\/262380_sei_punto_zero_finish_styling_heshe_oil_non_oil_200ml.png\",\"datePublished\":\"2017-03-15T15:51:49+00:00\",\"dateModified\":\"2023-11-17T13:36:49+00:00\",\"description\":\"He.She Oil non Oil, ochronny olejek przeciw puszeniu i nadaj\u0105cy blask, jest idealny do w\u0142os\u00f3w zniszczonych, suchych i matowych.\",\"breadcrumb\":{\"@id\":\"https:\/\/seipuntozero-haircare.it\/pl\/prodotto\/he-she-oil-non-oil-ochronny-olejek-przeciw-puszeniu-i-nadajacy-blask\/#breadcrumb\"},\"inLanguage\":\"pl-PL\",\"potentialAction\":[{\"@type\":\"ReadAction\",\"target\":[\"https:\/\/seipuntozero-haircare.it\/pl\/prodotto\/he-she-oil-non-oil-ochronny-olejek-przeciw-puszeniu-i-nadajacy-blask\/\"]}]},{\"@type\":\"ImageObject\",\"inLanguage\":\"pl-PL\",\"@id\":\"https:\/\/seipuntozero-haircare.it\/pl\/prodotto\/he-she-oil-non-oil-ochronny-olejek-przeciw-puszeniu-i-nadajacy-blask\/#primaryimage\",\"url\":\"https:\/\/seipuntozero-haircare.it\/wp-content\/uploads\/2017\/03\/262380_sei_punto_zero_finish_styling_heshe_oil_non_oil_200ml.png\",\"contentUrl\":\"https:\/\/seipuntozero-haircare.it\/wp-content\/uploads\/2017\/03\/262380_sei_punto_zero_finish_styling_heshe_oil_non_oil_200ml.png\",\"width\":600,\"height\":600},{\"@type\":\"BreadcrumbList\",\"@id\":\"https:\/\/seipuntozero-haircare.it\/pl\/prodotto\/he-she-oil-non-oil-ochronny-olejek-przeciw-puszeniu-i-nadajacy-blask\/#breadcrumb\",\"itemListElement\":[{\"@type\":\"ListItem\",\"position\":1,\"name\":\"Home\",\"item\":\"https:\/\/seipuntozero-haircare.it\/pl\/\"},{\"@type\":\"ListItem\",\"position\":2,\"name\":\"Prodotti\",\"item\":\"https:\/\/seipuntozero-haircare.it\/prodotti\/\"},{\"@type\":\"ListItem\",\"position\":3,\"name\":\"HE.SHE \u2013 OIL NON OIL Ochronny olejek przeciw puszeniu i nadaj\u0105cy blask\"}]},{\"@type\":\"WebSite\",\"@id\":\"https:\/\/seipuntozero-haircare.it\/pl\/#website\",\"url\":\"https:\/\/seipuntozero-haircare.it\/pl\/\",\"name\":\"6.Zero\",\"description\":\"Essential Touch\",\"potentialAction\":[{\"@type\":\"SearchAction\",\"target\":{\"@type\":\"EntryPoint\",\"urlTemplate\":\"https:\/\/seipuntozero-haircare.it\/pl\/?s={search_term_string}\"},\"query-input\":{\"@type\":\"PropertyValueSpecification\",\"valueRequired\":true,\"valueName\":\"search_term_string\"}}],\"inLanguage\":\"pl-PL\"}]}<\/script>\n<!-- \/ Yoast SEO plugin. -->","yoast_head_json":{"title":"Oil non Oil - Ochronny olejek przeciw puszeniu i nadaj\u0105cy blask","description":"He.She Oil non Oil, ochronny olejek przeciw puszeniu i nadaj\u0105cy blask, jest idealny do w\u0142os\u00f3w zniszczonych, suchych i matowych.","robots":{"index":"index","follow":"follow","max-snippet":"max-snippet:-1","max-image-preview":"max-image-preview:large","max-video-preview":"max-video-preview:-1"},"canonical":"https:\/\/seipuntozero-haircare.it\/pl\/prodotto\/he-she-oil-non-oil-ochronny-olejek-przeciw-puszeniu-i-nadajacy-blask\/","og_locale":"pl_PL","og_type":"article","og_title":"Oil non Oil - Ochronny olejek przeciw puszeniu i nadaj\u0105cy blask","og_description":"He.She Oil non Oil, ochronny olejek przeciw puszeniu i nadaj\u0105cy blask, jest idealny do w\u0142os\u00f3w zniszczonych, suchych i matowych.","og_url":"https:\/\/seipuntozero-haircare.it\/pl\/prodotto\/he-she-oil-non-oil-ochronny-olejek-przeciw-puszeniu-i-nadajacy-blask\/","og_site_name":"6.Zero","article_modified_time":"2023-11-17T13:36:49+00:00","og_image":[{"width":600,"height":600,"url":"https:\/\/seipuntozero-haircare.it\/wp-content\/uploads\/2017\/03\/262380_sei_punto_zero_finish_styling_heshe_oil_non_oil_200ml.png","type":"image\/png"}],"twitter_card":"summary_large_image","twitter_misc":{"Szacowany czas czytania":"1 minuta"},"schema":{"@context":"https:\/\/schema.org","@graph":[{"@type":"WebPage","@id":"https:\/\/seipuntozero-haircare.it\/pl\/prodotto\/he-she-oil-non-oil-ochronny-olejek-przeciw-puszeniu-i-nadajacy-blask\/","url":"https:\/\/seipuntozero-haircare.it\/pl\/prodotto\/he-she-oil-non-oil-ochronny-olejek-przeciw-puszeniu-i-nadajacy-blask\/","name":"Oil non Oil - Ochronny olejek przeciw puszeniu i nadaj\u0105cy blask","isPartOf":{"@id":"https:\/\/seipuntozero-haircare.it\/pl\/#website"},"primaryImageOfPage":{"@id":"https:\/\/seipuntozero-haircare.it\/pl\/prodotto\/he-she-oil-non-oil-ochronny-olejek-przeciw-puszeniu-i-nadajacy-blask\/#primaryimage"},"image":{"@id":"https:\/\/seipuntozero-haircare.it\/pl\/prodotto\/he-she-oil-non-oil-ochronny-olejek-przeciw-puszeniu-i-nadajacy-blask\/#primaryimage"},"thumbnailUrl":"https:\/\/seipuntozero-haircare.it\/wp-content\/uploads\/2017\/03\/262380_sei_punto_zero_finish_styling_heshe_oil_non_oil_200ml.png","datePublished":"2017-03-15T15:51:49+00:00","dateModified":"2023-11-17T13:36:49+00:00","description":"He.She Oil non Oil, ochronny olejek przeciw puszeniu i nadaj\u0105cy blask, jest idealny do w\u0142os\u00f3w zniszczonych, suchych i matowych.","breadcrumb":{"@id":"https:\/\/seipuntozero-haircare.it\/pl\/prodotto\/he-she-oil-non-oil-ochronny-olejek-przeciw-puszeniu-i-nadajacy-blask\/#breadcrumb"},"inLanguage":"pl-PL","potentialAction":[{"@type":"ReadAction","target":["https:\/\/seipuntozero-haircare.it\/pl\/prodotto\/he-she-oil-non-oil-ochronny-olejek-przeciw-puszeniu-i-nadajacy-blask\/"]}]},{"@type":"ImageObject","inLanguage":"pl-PL","@id":"https:\/\/seipuntozero-haircare.it\/pl\/prodotto\/he-she-oil-non-oil-ochronny-olejek-przeciw-puszeniu-i-nadajacy-blask\/#primaryimage","url":"https:\/\/seipuntozero-haircare.it\/wp-content\/uploads\/2017\/03\/262380_sei_punto_zero_finish_styling_heshe_oil_non_oil_200ml.png","contentUrl":"https:\/\/seipuntozero-haircare.it\/wp-content\/uploads\/2017\/03\/262380_sei_punto_zero_finish_styling_heshe_oil_non_oil_200ml.png","width":600,"height":600},{"@type":"BreadcrumbList","@id":"https:\/\/seipuntozero-haircare.it\/pl\/prodotto\/he-she-oil-non-oil-ochronny-olejek-przeciw-puszeniu-i-nadajacy-blask\/#breadcrumb","itemListElement":[{"@type":"ListItem","position":1,"name":"Home","item":"https:\/\/seipuntozero-haircare.it\/pl\/"},{"@type":"ListItem","position":2,"name":"Prodotti","item":"https:\/\/seipuntozero-haircare.it\/prodotti\/"},{"@type":"ListItem","position":3,"name":"HE.SHE \u2013 OIL NON OIL Ochronny olejek przeciw puszeniu i nadaj\u0105cy blask"}]},{"@type":"WebSite","@id":"https:\/\/seipuntozero-haircare.it\/pl\/#website","url":"https:\/\/seipuntozero-haircare.it\/pl\/","name":"6.Zero","description":"Essential Touch","potentialAction":[{"@type":"SearchAction","target":{"@type":"EntryPoint","urlTemplate":"https:\/\/seipuntozero-haircare.it\/pl\/?s={search_term_string}"},"query-input":{"@type":"PropertyValueSpecification","valueRequired":true,"valueName":"search_term_string"}}],"inLanguage":"pl-PL"}]}},"_links":{"self":[{"href":"https:\/\/seipuntozero-haircare.it\/pl\/wp-json\/wp\/v2\/product\/21860","targetHints":{"allow":["GET"]}}],"collection":[{"href":"https:\/\/seipuntozero-haircare.it\/pl\/wp-json\/wp\/v2\/product"}],"about":[{"href":"https:\/\/seipuntozero-haircare.it\/pl\/wp-json\/wp\/v2\/types\/product"}],"wp:featuredmedia":[{"embeddable":true,"href":"https:\/\/seipuntozero-haircare.it\/pl\/wp-json\/wp\/v2\/media\/21460"}],"wp:attachment":[{"href":"https:\/\/seipuntozero-haircare.it\/pl\/wp-json\/wp\/v2\/media?parent=21860"}],"wp:term":[{"taxonomy":"product_brand","embeddable":true,"href":"https:\/\/seipuntozero-haircare.it\/pl\/wp-json\/wp\/v2\/product_brand?post=21860"},{"taxonomy":"product_cat","embeddable":true,"href":"https:\/\/seipuntozero-haircare.it\/pl\/wp-json\/wp\/v2\/product_cat?post=21860"},{"taxonomy":"product_tag","embeddable":true,"href":"https:\/\/seipuntozero-haircare.it\/pl\/wp-json\/wp\/v2\/product_tag?post=21860"}],"curies":[{"name":"wp","href":"https:\/\/api.w.org\/{rel}","templated":true}]}}