{"id":21859,"date":"2017-03-15T16:38:06","date_gmt":"2017-03-15T15:38:06","guid":{"rendered":"https:\/\/seipuntozero-haircare.it\/prodotto\/he-she-sea-salt-morski-spray-do-wlosow-efekt-plazy\/"},"modified":"2023-11-17T14:40:04","modified_gmt":"2023-11-17T13:40:04","slug":"he-she-sea-salt-morski-spray-do-wlosow-efekt-plazy","status":"publish","type":"product","link":"https:\/\/seipuntozero-haircare.it\/pl\/prodotto\/he-she-sea-salt-morski-spray-do-wlosow-efekt-plazy\/","title":{"rendered":"HE.SHE \u2013 SEA SALT <br> Morski spray do w\u0142os\u00f3w efekt pla\u017cy"},"content":{"rendered":"<ul>\n<li style=\"font-weight: 400;\" aria-level=\"1\"><span style=\"font-weight: 400;\">Modeluje i nadaje tekstur\u0119<\/span><\/li>\n<li style=\"font-weight: 400;\" aria-level=\"1\"><span style=\"font-weight: 400;\">Pozwala stworzy\u0107 look z efektem pla\u017cy<\/span><\/li>\n<li style=\"font-weight: 400;\" aria-level=\"1\"><span style=\"font-weight: 400;\">Dodaje stylizacji grubo\u015bci i obj\u0119to\u015bci<\/span><\/li>\n<\/ul>\n<p>&nbsp;<\/p>\n","protected":false},"excerpt":{"rendered":"<p><span style=\"font-weight: 400;\">He.She Sea Salt, morski spray do w\u0142os\u00f3w. Efekt pla\u017cy sprawia, \u017ce w\u0142osy zyskuj\u0105 elastyczny i naturalny wygl\u0105d. Dzi\u0119ki formule nadaj\u0105cej tekstur\u0119 sprawia, \u017ce w\u0142osy zyskuj\u0105 nie tylko tekstur\u0119, ale i obj\u0119to\u015b\u0107. Umo\u017cliwia otrzymywanie niezwyk\u0142ych efekt\u00f3w modelowania. Naturalne fale i stylizacje z tekstur\u0105, z efektem lekkiego utrwalenia, kt\u00f3re jednak utrzyma nawet najbardziej ekstremalne obj\u0119to\u015bci. Solna esencja sprayu Sea Salt pozwala z \u0142atwo\u015bci\u0105 odtworzy\u0107 wspania\u0142e \u201ebeach waves\u201d, zapewniaj\u0105c pla\u017cowy wygl\u0105d przez ca\u0142y rok.<\/span><\/p>\n<p><span style=\"font-weight: 400;\">Buteleczka o pojemno\u015bci 200 ml<\/span><\/p>\n","protected":false},"featured_media":21466,"template":"","meta":[],"product_brand":[],"product_cat":[1216],"product_tag":[],"class_list":["post-21859","product","type-product","status-publish","has-post-thumbnail","hentry","product_cat-styling-pl"],"yoast_head":"<!-- This site is optimized with the Yoast SEO plugin v27.1.1 - https:\/\/yoast.com\/product\/yoast-seo-wordpress\/ -->\n<title>He.She - Morski spray do w\u0142os\u00f3w efekt pla\u017cy<\/title>\n<meta name=\"description\" content=\"He.She Sea Salt, morski spray do w\u0142os\u00f3w. Efekt pla\u017cy sprawia, \u017ce w\u0142osy zyskuj\u0105 elastyczny i naturalny wygl\u0105d.\" \/>\n<meta name=\"robots\" content=\"index, follow, max-snippet:-1, max-image-preview:large, max-video-preview:-1\" \/>\n<link rel=\"canonical\" href=\"https:\/\/seipuntozero-haircare.it\/pl\/prodotto\/he-she-sea-salt-morski-spray-do-wlosow-efekt-plazy\/\" \/>\n<meta property=\"og:locale\" content=\"pl_PL\" \/>\n<meta property=\"og:type\" content=\"article\" \/>\n<meta property=\"og:title\" content=\"He.She - Morski spray do w\u0142os\u00f3w efekt pla\u017cy\" \/>\n<meta property=\"og:description\" content=\"He.She Sea Salt, morski spray do w\u0142os\u00f3w. Efekt pla\u017cy sprawia, \u017ce w\u0142osy zyskuj\u0105 elastyczny i naturalny wygl\u0105d.\" \/>\n<meta property=\"og:url\" content=\"https:\/\/seipuntozero-haircare.it\/pl\/prodotto\/he-she-sea-salt-morski-spray-do-wlosow-efekt-plazy\/\" \/>\n<meta property=\"og:site_name\" content=\"6.Zero\" \/>\n<meta property=\"article:modified_time\" content=\"2023-11-17T13:40:04+00:00\" \/>\n<meta property=\"og:image\" content=\"https:\/\/seipuntozero-haircare.it\/wp-content\/uploads\/2017\/03\/262328_sei_punto_zero_heshe_sea_salt_marine_spray_200ml.png\" \/>\n\t<meta property=\"og:image:width\" content=\"600\" \/>\n\t<meta property=\"og:image:height\" content=\"600\" \/>\n\t<meta property=\"og:image:type\" content=\"image\/png\" \/>\n<meta name=\"twitter:card\" content=\"summary_large_image\" \/>\n<meta name=\"twitter:label1\" content=\"Szacowany czas czytania\" \/>\n\t<meta name=\"twitter:data1\" content=\"1 minuta\" \/>\n<script type=\"application\/ld+json\" class=\"yoast-schema-graph\">{\"@context\":\"https:\/\/schema.org\",\"@graph\":[{\"@type\":\"WebPage\",\"@id\":\"https:\/\/seipuntozero-haircare.it\/pl\/prodotto\/he-she-sea-salt-morski-spray-do-wlosow-efekt-plazy\/\",\"url\":\"https:\/\/seipuntozero-haircare.it\/pl\/prodotto\/he-she-sea-salt-morski-spray-do-wlosow-efekt-plazy\/\",\"name\":\"He.She - Morski spray do w\u0142os\u00f3w efekt pla\u017cy\",\"isPartOf\":{\"@id\":\"https:\/\/seipuntozero-haircare.it\/pl\/#website\"},\"primaryImageOfPage\":{\"@id\":\"https:\/\/seipuntozero-haircare.it\/pl\/prodotto\/he-she-sea-salt-morski-spray-do-wlosow-efekt-plazy\/#primaryimage\"},\"image\":{\"@id\":\"https:\/\/seipuntozero-haircare.it\/pl\/prodotto\/he-she-sea-salt-morski-spray-do-wlosow-efekt-plazy\/#primaryimage\"},\"thumbnailUrl\":\"https:\/\/seipuntozero-haircare.it\/wp-content\/uploads\/2017\/03\/262328_sei_punto_zero_heshe_sea_salt_marine_spray_200ml.png\",\"datePublished\":\"2017-03-15T15:38:06+00:00\",\"dateModified\":\"2023-11-17T13:40:04+00:00\",\"description\":\"He.She Sea Salt, morski spray do w\u0142os\u00f3w. Efekt pla\u017cy sprawia, \u017ce w\u0142osy zyskuj\u0105 elastyczny i naturalny wygl\u0105d.\",\"breadcrumb\":{\"@id\":\"https:\/\/seipuntozero-haircare.it\/pl\/prodotto\/he-she-sea-salt-morski-spray-do-wlosow-efekt-plazy\/#breadcrumb\"},\"inLanguage\":\"pl-PL\",\"potentialAction\":[{\"@type\":\"ReadAction\",\"target\":[\"https:\/\/seipuntozero-haircare.it\/pl\/prodotto\/he-she-sea-salt-morski-spray-do-wlosow-efekt-plazy\/\"]}]},{\"@type\":\"ImageObject\",\"inLanguage\":\"pl-PL\",\"@id\":\"https:\/\/seipuntozero-haircare.it\/pl\/prodotto\/he-she-sea-salt-morski-spray-do-wlosow-efekt-plazy\/#primaryimage\",\"url\":\"https:\/\/seipuntozero-haircare.it\/wp-content\/uploads\/2017\/03\/262328_sei_punto_zero_heshe_sea_salt_marine_spray_200ml.png\",\"contentUrl\":\"https:\/\/seipuntozero-haircare.it\/wp-content\/uploads\/2017\/03\/262328_sei_punto_zero_heshe_sea_salt_marine_spray_200ml.png\",\"width\":600,\"height\":600},{\"@type\":\"BreadcrumbList\",\"@id\":\"https:\/\/seipuntozero-haircare.it\/pl\/prodotto\/he-she-sea-salt-morski-spray-do-wlosow-efekt-plazy\/#breadcrumb\",\"itemListElement\":[{\"@type\":\"ListItem\",\"position\":1,\"name\":\"Home\",\"item\":\"https:\/\/seipuntozero-haircare.it\/pl\/\"},{\"@type\":\"ListItem\",\"position\":2,\"name\":\"Prodotti\",\"item\":\"https:\/\/seipuntozero-haircare.it\/prodotti\/\"},{\"@type\":\"ListItem\",\"position\":3,\"name\":\"HE.SHE \u2013 SEA SALT Morski spray do w\u0142os\u00f3w efekt pla\u017cy\"}]},{\"@type\":\"WebSite\",\"@id\":\"https:\/\/seipuntozero-haircare.it\/pl\/#website\",\"url\":\"https:\/\/seipuntozero-haircare.it\/pl\/\",\"name\":\"6.Zero\",\"description\":\"Essential Touch\",\"potentialAction\":[{\"@type\":\"SearchAction\",\"target\":{\"@type\":\"EntryPoint\",\"urlTemplate\":\"https:\/\/seipuntozero-haircare.it\/pl\/?s={search_term_string}\"},\"query-input\":{\"@type\":\"PropertyValueSpecification\",\"valueRequired\":true,\"valueName\":\"search_term_string\"}}],\"inLanguage\":\"pl-PL\"}]}<\/script>\n<!-- \/ Yoast SEO plugin. -->","yoast_head_json":{"title":"He.She - Morski spray do w\u0142os\u00f3w efekt pla\u017cy","description":"He.She Sea Salt, morski spray do w\u0142os\u00f3w. Efekt pla\u017cy sprawia, \u017ce w\u0142osy zyskuj\u0105 elastyczny i naturalny wygl\u0105d.","robots":{"index":"index","follow":"follow","max-snippet":"max-snippet:-1","max-image-preview":"max-image-preview:large","max-video-preview":"max-video-preview:-1"},"canonical":"https:\/\/seipuntozero-haircare.it\/pl\/prodotto\/he-she-sea-salt-morski-spray-do-wlosow-efekt-plazy\/","og_locale":"pl_PL","og_type":"article","og_title":"He.She - Morski spray do w\u0142os\u00f3w efekt pla\u017cy","og_description":"He.She Sea Salt, morski spray do w\u0142os\u00f3w. Efekt pla\u017cy sprawia, \u017ce w\u0142osy zyskuj\u0105 elastyczny i naturalny wygl\u0105d.","og_url":"https:\/\/seipuntozero-haircare.it\/pl\/prodotto\/he-she-sea-salt-morski-spray-do-wlosow-efekt-plazy\/","og_site_name":"6.Zero","article_modified_time":"2023-11-17T13:40:04+00:00","og_image":[{"width":600,"height":600,"url":"https:\/\/seipuntozero-haircare.it\/wp-content\/uploads\/2017\/03\/262328_sei_punto_zero_heshe_sea_salt_marine_spray_200ml.png","type":"image\/png"}],"twitter_card":"summary_large_image","twitter_misc":{"Szacowany czas czytania":"1 minuta"},"schema":{"@context":"https:\/\/schema.org","@graph":[{"@type":"WebPage","@id":"https:\/\/seipuntozero-haircare.it\/pl\/prodotto\/he-she-sea-salt-morski-spray-do-wlosow-efekt-plazy\/","url":"https:\/\/seipuntozero-haircare.it\/pl\/prodotto\/he-she-sea-salt-morski-spray-do-wlosow-efekt-plazy\/","name":"He.She - Morski spray do w\u0142os\u00f3w efekt pla\u017cy","isPartOf":{"@id":"https:\/\/seipuntozero-haircare.it\/pl\/#website"},"primaryImageOfPage":{"@id":"https:\/\/seipuntozero-haircare.it\/pl\/prodotto\/he-she-sea-salt-morski-spray-do-wlosow-efekt-plazy\/#primaryimage"},"image":{"@id":"https:\/\/seipuntozero-haircare.it\/pl\/prodotto\/he-she-sea-salt-morski-spray-do-wlosow-efekt-plazy\/#primaryimage"},"thumbnailUrl":"https:\/\/seipuntozero-haircare.it\/wp-content\/uploads\/2017\/03\/262328_sei_punto_zero_heshe_sea_salt_marine_spray_200ml.png","datePublished":"2017-03-15T15:38:06+00:00","dateModified":"2023-11-17T13:40:04+00:00","description":"He.She Sea Salt, morski spray do w\u0142os\u00f3w. Efekt pla\u017cy sprawia, \u017ce w\u0142osy zyskuj\u0105 elastyczny i naturalny wygl\u0105d.","breadcrumb":{"@id":"https:\/\/seipuntozero-haircare.it\/pl\/prodotto\/he-she-sea-salt-morski-spray-do-wlosow-efekt-plazy\/#breadcrumb"},"inLanguage":"pl-PL","potentialAction":[{"@type":"ReadAction","target":["https:\/\/seipuntozero-haircare.it\/pl\/prodotto\/he-she-sea-salt-morski-spray-do-wlosow-efekt-plazy\/"]}]},{"@type":"ImageObject","inLanguage":"pl-PL","@id":"https:\/\/seipuntozero-haircare.it\/pl\/prodotto\/he-she-sea-salt-morski-spray-do-wlosow-efekt-plazy\/#primaryimage","url":"https:\/\/seipuntozero-haircare.it\/wp-content\/uploads\/2017\/03\/262328_sei_punto_zero_heshe_sea_salt_marine_spray_200ml.png","contentUrl":"https:\/\/seipuntozero-haircare.it\/wp-content\/uploads\/2017\/03\/262328_sei_punto_zero_heshe_sea_salt_marine_spray_200ml.png","width":600,"height":600},{"@type":"BreadcrumbList","@id":"https:\/\/seipuntozero-haircare.it\/pl\/prodotto\/he-she-sea-salt-morski-spray-do-wlosow-efekt-plazy\/#breadcrumb","itemListElement":[{"@type":"ListItem","position":1,"name":"Home","item":"https:\/\/seipuntozero-haircare.it\/pl\/"},{"@type":"ListItem","position":2,"name":"Prodotti","item":"https:\/\/seipuntozero-haircare.it\/prodotti\/"},{"@type":"ListItem","position":3,"name":"HE.SHE \u2013 SEA SALT Morski spray do w\u0142os\u00f3w efekt pla\u017cy"}]},{"@type":"WebSite","@id":"https:\/\/seipuntozero-haircare.it\/pl\/#website","url":"https:\/\/seipuntozero-haircare.it\/pl\/","name":"6.Zero","description":"Essential Touch","potentialAction":[{"@type":"SearchAction","target":{"@type":"EntryPoint","urlTemplate":"https:\/\/seipuntozero-haircare.it\/pl\/?s={search_term_string}"},"query-input":{"@type":"PropertyValueSpecification","valueRequired":true,"valueName":"search_term_string"}}],"inLanguage":"pl-PL"}]}},"_links":{"self":[{"href":"https:\/\/seipuntozero-haircare.it\/pl\/wp-json\/wp\/v2\/product\/21859","targetHints":{"allow":["GET"]}}],"collection":[{"href":"https:\/\/seipuntozero-haircare.it\/pl\/wp-json\/wp\/v2\/product"}],"about":[{"href":"https:\/\/seipuntozero-haircare.it\/pl\/wp-json\/wp\/v2\/types\/product"}],"wp:featuredmedia":[{"embeddable":true,"href":"https:\/\/seipuntozero-haircare.it\/pl\/wp-json\/wp\/v2\/media\/21466"}],"wp:attachment":[{"href":"https:\/\/seipuntozero-haircare.it\/pl\/wp-json\/wp\/v2\/media?parent=21859"}],"wp:term":[{"taxonomy":"product_brand","embeddable":true,"href":"https:\/\/seipuntozero-haircare.it\/pl\/wp-json\/wp\/v2\/product_brand?post=21859"},{"taxonomy":"product_cat","embeddable":true,"href":"https:\/\/seipuntozero-haircare.it\/pl\/wp-json\/wp\/v2\/product_cat?post=21859"},{"taxonomy":"product_tag","embeddable":true,"href":"https:\/\/seipuntozero-haircare.it\/pl\/wp-json\/wp\/v2\/product_tag?post=21859"}],"curies":[{"name":"wp","href":"https:\/\/api.w.org\/{rel}","templated":true}]}}