{"id":21858,"date":"2018-03-16T09:00:16","date_gmt":"2018-03-16T08:00:16","guid":{"rendered":"https:\/\/seipuntozero-haircare.it\/prodotto\/he-she-dust-up-puder-nadajacy-teksture-i-objetosc\/"},"modified":"2023-11-17T12:54:16","modified_gmt":"2023-11-17T11:54:16","slug":"he-she-dust-up-puder-nadajacy-teksture-i-objetosc","status":"publish","type":"product","link":"https:\/\/seipuntozero-haircare.it\/pl\/prodotto\/he-she-dust-up-puder-nadajacy-teksture-i-objetosc\/","title":{"rendered":"HE.SHE \u2013 DUST UP <br> Puder nadaj\u0105cy tekstur\u0119 i obj\u0119to\u015b\u0107"},"content":{"rendered":"<ul>\n<li style=\"font-weight: 400;\" aria-level=\"1\"><span style=\"font-weight: 400;\">Zwi\u0119ksza obj\u0119to\u015b\u0107 ka\u017cdego rodzaju w\u0142os\u00f3w<\/span><\/li>\n<li style=\"font-weight: 400;\" aria-level=\"1\"><span style=\"font-weight: 400;\">Nadaje struktur\u0119 i grubo\u015b\u0107<\/span><\/li>\n<li style=\"font-weight: 400;\" aria-level=\"1\"><span style=\"font-weight: 400;\">Dzia\u0142a na korzenie w\u0142os\u00f3w, nie obci\u0105\u017caj\u0105c ich<\/span><\/li>\n<li style=\"font-weight: 400;\" aria-level=\"1\"><span style=\"font-weight: 400;\">Nadaje si\u0119 do stylizacji o du\u017cej obj\u0119to\u015bci<\/span><\/li>\n<\/ul>\n<p>&nbsp;<\/p>\n","protected":false},"excerpt":{"rendered":"<p><span style=\"font-weight: 400;\">Puder nadaj\u0105cy tekstur\u0119 6.Zero sprawdzi si\u0119 idealnie do nadawania w\u0142osom obj\u0119to\u015bci. Puder, kt\u00f3ry dodaje grubo\u015bci dzia\u0142a na cebulki, unosz\u0105c je, jednocze\u015bnie nie obci\u0105\u017caj\u0105c struktury w\u0142osa. Idealny do cienkich w\u0142os\u00f3w pozbawionych obj\u0119to\u015bci, daje niespotykany dot\u0105d efekt grubo\u015bci: puder zwi\u0119kszaj\u0105cy obj\u0119to\u015b\u0107 zag\u0119szcza w\u0142osy, nadaj\u0105c im obj\u0119to\u015b\u0107 i nowy kszta\u0142t, dzi\u0119ki czemu fryzura zyskuje d\u0142ugotrwa\u0142\u0105 struktur\u0119.<\/span><\/p>\n<p><span style=\"font-weight: 400;\">Butelka o pojemno\u015bci 7 g<\/span><\/p>\n","protected":false},"featured_media":21451,"template":"","meta":[],"product_brand":[],"product_cat":[1216],"product_tag":[],"class_list":["post-21858","product","type-product","status-publish","has-post-thumbnail","hentry","product_cat-styling-pl"],"yoast_head":"<!-- This site is optimized with the Yoast SEO plugin v27.1.1 - https:\/\/yoast.com\/product\/yoast-seo-wordpress\/ -->\n<title>He.She - Puder nadaj\u0105cy tekstur\u0119 i obj\u0119to\u015b\u0107<\/title>\n<meta name=\"description\" content=\"Puder nadaj\u0105cy tekstur\u0119 6.Zero sprawdzi si\u0119 idealnie do nadawania w\u0142osom obj\u0119to\u015bci.\" \/>\n<meta name=\"robots\" content=\"index, follow, max-snippet:-1, max-image-preview:large, max-video-preview:-1\" \/>\n<link rel=\"canonical\" href=\"https:\/\/seipuntozero-haircare.it\/pl\/prodotto\/he-she-dust-up-puder-nadajacy-teksture-i-objetosc\/\" \/>\n<meta property=\"og:locale\" content=\"pl_PL\" \/>\n<meta property=\"og:type\" content=\"article\" \/>\n<meta property=\"og:title\" content=\"He.She - Puder nadaj\u0105cy tekstur\u0119 i obj\u0119to\u015b\u0107\" \/>\n<meta property=\"og:description\" content=\"Puder nadaj\u0105cy tekstur\u0119 6.Zero sprawdzi si\u0119 idealnie do nadawania w\u0142osom obj\u0119to\u015bci.\" \/>\n<meta property=\"og:url\" content=\"https:\/\/seipuntozero-haircare.it\/pl\/prodotto\/he-she-dust-up-puder-nadajacy-teksture-i-objetosc\/\" \/>\n<meta property=\"og:site_name\" content=\"6.Zero\" \/>\n<meta property=\"article:modified_time\" content=\"2023-11-17T11:54:16+00:00\" \/>\n<meta property=\"og:image\" content=\"https:\/\/seipuntozero-haircare.it\/wp-content\/uploads\/2018\/03\/262519_sei_punto_zero_dust_up_7g.png\" \/>\n\t<meta property=\"og:image:width\" content=\"600\" \/>\n\t<meta property=\"og:image:height\" content=\"600\" \/>\n\t<meta property=\"og:image:type\" content=\"image\/png\" \/>\n<meta name=\"twitter:card\" content=\"summary_large_image\" \/>\n<meta name=\"twitter:label1\" content=\"Szacowany czas czytania\" \/>\n\t<meta name=\"twitter:data1\" content=\"1 minuta\" \/>\n<script type=\"application\/ld+json\" class=\"yoast-schema-graph\">{\"@context\":\"https:\/\/schema.org\",\"@graph\":[{\"@type\":\"WebPage\",\"@id\":\"https:\/\/seipuntozero-haircare.it\/pl\/prodotto\/he-she-dust-up-puder-nadajacy-teksture-i-objetosc\/\",\"url\":\"https:\/\/seipuntozero-haircare.it\/pl\/prodotto\/he-she-dust-up-puder-nadajacy-teksture-i-objetosc\/\",\"name\":\"He.She - Puder nadaj\u0105cy tekstur\u0119 i obj\u0119to\u015b\u0107\",\"isPartOf\":{\"@id\":\"https:\/\/seipuntozero-haircare.it\/pl\/#website\"},\"primaryImageOfPage\":{\"@id\":\"https:\/\/seipuntozero-haircare.it\/pl\/prodotto\/he-she-dust-up-puder-nadajacy-teksture-i-objetosc\/#primaryimage\"},\"image\":{\"@id\":\"https:\/\/seipuntozero-haircare.it\/pl\/prodotto\/he-she-dust-up-puder-nadajacy-teksture-i-objetosc\/#primaryimage\"},\"thumbnailUrl\":\"https:\/\/seipuntozero-haircare.it\/wp-content\/uploads\/2018\/03\/262519_sei_punto_zero_dust_up_7g.png\",\"datePublished\":\"2018-03-16T08:00:16+00:00\",\"dateModified\":\"2023-11-17T11:54:16+00:00\",\"description\":\"Puder nadaj\u0105cy tekstur\u0119 6.Zero sprawdzi si\u0119 idealnie do nadawania w\u0142osom obj\u0119to\u015bci.\",\"breadcrumb\":{\"@id\":\"https:\/\/seipuntozero-haircare.it\/pl\/prodotto\/he-she-dust-up-puder-nadajacy-teksture-i-objetosc\/#breadcrumb\"},\"inLanguage\":\"pl-PL\",\"potentialAction\":[{\"@type\":\"ReadAction\",\"target\":[\"https:\/\/seipuntozero-haircare.it\/pl\/prodotto\/he-she-dust-up-puder-nadajacy-teksture-i-objetosc\/\"]}]},{\"@type\":\"ImageObject\",\"inLanguage\":\"pl-PL\",\"@id\":\"https:\/\/seipuntozero-haircare.it\/pl\/prodotto\/he-she-dust-up-puder-nadajacy-teksture-i-objetosc\/#primaryimage\",\"url\":\"https:\/\/seipuntozero-haircare.it\/wp-content\/uploads\/2018\/03\/262519_sei_punto_zero_dust_up_7g.png\",\"contentUrl\":\"https:\/\/seipuntozero-haircare.it\/wp-content\/uploads\/2018\/03\/262519_sei_punto_zero_dust_up_7g.png\",\"width\":600,\"height\":600},{\"@type\":\"BreadcrumbList\",\"@id\":\"https:\/\/seipuntozero-haircare.it\/pl\/prodotto\/he-she-dust-up-puder-nadajacy-teksture-i-objetosc\/#breadcrumb\",\"itemListElement\":[{\"@type\":\"ListItem\",\"position\":1,\"name\":\"Home\",\"item\":\"https:\/\/seipuntozero-haircare.it\/pl\/\"},{\"@type\":\"ListItem\",\"position\":2,\"name\":\"Prodotti\",\"item\":\"https:\/\/seipuntozero-haircare.it\/prodotti\/\"},{\"@type\":\"ListItem\",\"position\":3,\"name\":\"HE.SHE \u2013 DUST UP Puder nadaj\u0105cy tekstur\u0119 i obj\u0119to\u015b\u0107\"}]},{\"@type\":\"WebSite\",\"@id\":\"https:\/\/seipuntozero-haircare.it\/pl\/#website\",\"url\":\"https:\/\/seipuntozero-haircare.it\/pl\/\",\"name\":\"6.Zero\",\"description\":\"Essential Touch\",\"potentialAction\":[{\"@type\":\"SearchAction\",\"target\":{\"@type\":\"EntryPoint\",\"urlTemplate\":\"https:\/\/seipuntozero-haircare.it\/pl\/?s={search_term_string}\"},\"query-input\":{\"@type\":\"PropertyValueSpecification\",\"valueRequired\":true,\"valueName\":\"search_term_string\"}}],\"inLanguage\":\"pl-PL\"}]}<\/script>\n<!-- \/ Yoast SEO plugin. -->","yoast_head_json":{"title":"He.She - Puder nadaj\u0105cy tekstur\u0119 i obj\u0119to\u015b\u0107","description":"Puder nadaj\u0105cy tekstur\u0119 6.Zero sprawdzi si\u0119 idealnie do nadawania w\u0142osom obj\u0119to\u015bci.","robots":{"index":"index","follow":"follow","max-snippet":"max-snippet:-1","max-image-preview":"max-image-preview:large","max-video-preview":"max-video-preview:-1"},"canonical":"https:\/\/seipuntozero-haircare.it\/pl\/prodotto\/he-she-dust-up-puder-nadajacy-teksture-i-objetosc\/","og_locale":"pl_PL","og_type":"article","og_title":"He.She - Puder nadaj\u0105cy tekstur\u0119 i obj\u0119to\u015b\u0107","og_description":"Puder nadaj\u0105cy tekstur\u0119 6.Zero sprawdzi si\u0119 idealnie do nadawania w\u0142osom obj\u0119to\u015bci.","og_url":"https:\/\/seipuntozero-haircare.it\/pl\/prodotto\/he-she-dust-up-puder-nadajacy-teksture-i-objetosc\/","og_site_name":"6.Zero","article_modified_time":"2023-11-17T11:54:16+00:00","og_image":[{"width":600,"height":600,"url":"https:\/\/seipuntozero-haircare.it\/wp-content\/uploads\/2018\/03\/262519_sei_punto_zero_dust_up_7g.png","type":"image\/png"}],"twitter_card":"summary_large_image","twitter_misc":{"Szacowany czas czytania":"1 minuta"},"schema":{"@context":"https:\/\/schema.org","@graph":[{"@type":"WebPage","@id":"https:\/\/seipuntozero-haircare.it\/pl\/prodotto\/he-she-dust-up-puder-nadajacy-teksture-i-objetosc\/","url":"https:\/\/seipuntozero-haircare.it\/pl\/prodotto\/he-she-dust-up-puder-nadajacy-teksture-i-objetosc\/","name":"He.She - Puder nadaj\u0105cy tekstur\u0119 i obj\u0119to\u015b\u0107","isPartOf":{"@id":"https:\/\/seipuntozero-haircare.it\/pl\/#website"},"primaryImageOfPage":{"@id":"https:\/\/seipuntozero-haircare.it\/pl\/prodotto\/he-she-dust-up-puder-nadajacy-teksture-i-objetosc\/#primaryimage"},"image":{"@id":"https:\/\/seipuntozero-haircare.it\/pl\/prodotto\/he-she-dust-up-puder-nadajacy-teksture-i-objetosc\/#primaryimage"},"thumbnailUrl":"https:\/\/seipuntozero-haircare.it\/wp-content\/uploads\/2018\/03\/262519_sei_punto_zero_dust_up_7g.png","datePublished":"2018-03-16T08:00:16+00:00","dateModified":"2023-11-17T11:54:16+00:00","description":"Puder nadaj\u0105cy tekstur\u0119 6.Zero sprawdzi si\u0119 idealnie do nadawania w\u0142osom obj\u0119to\u015bci.","breadcrumb":{"@id":"https:\/\/seipuntozero-haircare.it\/pl\/prodotto\/he-she-dust-up-puder-nadajacy-teksture-i-objetosc\/#breadcrumb"},"inLanguage":"pl-PL","potentialAction":[{"@type":"ReadAction","target":["https:\/\/seipuntozero-haircare.it\/pl\/prodotto\/he-she-dust-up-puder-nadajacy-teksture-i-objetosc\/"]}]},{"@type":"ImageObject","inLanguage":"pl-PL","@id":"https:\/\/seipuntozero-haircare.it\/pl\/prodotto\/he-she-dust-up-puder-nadajacy-teksture-i-objetosc\/#primaryimage","url":"https:\/\/seipuntozero-haircare.it\/wp-content\/uploads\/2018\/03\/262519_sei_punto_zero_dust_up_7g.png","contentUrl":"https:\/\/seipuntozero-haircare.it\/wp-content\/uploads\/2018\/03\/262519_sei_punto_zero_dust_up_7g.png","width":600,"height":600},{"@type":"BreadcrumbList","@id":"https:\/\/seipuntozero-haircare.it\/pl\/prodotto\/he-she-dust-up-puder-nadajacy-teksture-i-objetosc\/#breadcrumb","itemListElement":[{"@type":"ListItem","position":1,"name":"Home","item":"https:\/\/seipuntozero-haircare.it\/pl\/"},{"@type":"ListItem","position":2,"name":"Prodotti","item":"https:\/\/seipuntozero-haircare.it\/prodotti\/"},{"@type":"ListItem","position":3,"name":"HE.SHE \u2013 DUST UP Puder nadaj\u0105cy tekstur\u0119 i obj\u0119to\u015b\u0107"}]},{"@type":"WebSite","@id":"https:\/\/seipuntozero-haircare.it\/pl\/#website","url":"https:\/\/seipuntozero-haircare.it\/pl\/","name":"6.Zero","description":"Essential Touch","potentialAction":[{"@type":"SearchAction","target":{"@type":"EntryPoint","urlTemplate":"https:\/\/seipuntozero-haircare.it\/pl\/?s={search_term_string}"},"query-input":{"@type":"PropertyValueSpecification","valueRequired":true,"valueName":"search_term_string"}}],"inLanguage":"pl-PL"}]}},"_links":{"self":[{"href":"https:\/\/seipuntozero-haircare.it\/pl\/wp-json\/wp\/v2\/product\/21858","targetHints":{"allow":["GET"]}}],"collection":[{"href":"https:\/\/seipuntozero-haircare.it\/pl\/wp-json\/wp\/v2\/product"}],"about":[{"href":"https:\/\/seipuntozero-haircare.it\/pl\/wp-json\/wp\/v2\/types\/product"}],"wp:featuredmedia":[{"embeddable":true,"href":"https:\/\/seipuntozero-haircare.it\/pl\/wp-json\/wp\/v2\/media\/21451"}],"wp:attachment":[{"href":"https:\/\/seipuntozero-haircare.it\/pl\/wp-json\/wp\/v2\/media?parent=21858"}],"wp:term":[{"taxonomy":"product_brand","embeddable":true,"href":"https:\/\/seipuntozero-haircare.it\/pl\/wp-json\/wp\/v2\/product_brand?post=21858"},{"taxonomy":"product_cat","embeddable":true,"href":"https:\/\/seipuntozero-haircare.it\/pl\/wp-json\/wp\/v2\/product_cat?post=21858"},{"taxonomy":"product_tag","embeddable":true,"href":"https:\/\/seipuntozero-haircare.it\/pl\/wp-json\/wp\/v2\/product_tag?post=21858"}],"curies":[{"name":"wp","href":"https:\/\/api.w.org\/{rel}","templated":true}]}}