{"id":21857,"date":"2019-07-29T09:26:26","date_gmt":"2019-07-29T07:26:26","guid":{"rendered":"https:\/\/seipuntozero-haircare.it\/prodotto\/he-she-therm-screen-spray-wygladzajacy-chroniacy-przed-wysoka-temperatura\/"},"modified":"2023-11-17T12:53:37","modified_gmt":"2023-11-17T11:53:37","slug":"he-she-therm-screen-spray-wygladzajacy-chroniacy-przed-wysoka-temperatura","status":"publish","type":"product","link":"https:\/\/seipuntozero-haircare.it\/pl\/prodotto\/he-she-therm-screen-spray-wygladzajacy-chroniacy-przed-wysoka-temperatura\/","title":{"rendered":"HE.SHE \u2013 THERM SCREEN <br> Spray wyg\u0142adzaj\u0105cy chroni\u0105cy przed wysok\u0105 temperatur\u0105"},"content":{"rendered":"<ul>\n<li style=\"font-weight: 400;\" aria-level=\"1\"><span style=\"font-weight: 400;\">Chroni w\u0142osy podczas suszenia prostownic\u0105 i suszark\u0105 do w\u0142os\u00f3w<\/span><\/li>\n<li style=\"font-weight: 400;\" aria-level=\"1\"><span style=\"font-weight: 400;\">Efekt jedwabiu i d\u0142ugotrwa\u0142e dzia\u0142anie wyg\u0142adzaj\u0105ce<\/span><\/li>\n<li style=\"font-weight: 400;\" aria-level=\"1\"><span style=\"font-weight: 400;\">Wzbogacony Kwasem Hialuronowym<\/span><\/li>\n<\/ul>\n","protected":false},"excerpt":{"rendered":"<p><span style=\"font-weight: 400;\">Therm Screen, termoochronny spray wyg\u0142adzaj\u0105cy w\u0142osy. Chroni przed \u017ar\u00f3d\u0142ami ciep\u0142a i minimalizuje uszkodzenia spowodowane wysokimi temperaturami. Dzi\u0119ki Kwasowi Hialuronowemu w\u0142osy zachowuj\u0105 nawil\u017cenie, po\u0142ysk i mi\u0119kko\u015b\u0107: spray 6.Zero tworzy skuteczny ekran ochronny, chroni\u0105c w\u0142osy podczas suszenia prostownic\u0105 lub suszark\u0105 do w\u0142os\u00f3w oraz nadaje w\u0142osom niesamowity jedwabisty efekt.<\/span><\/p>\n<p><span style=\"font-weight: 400;\">Opakowanie 200 ml<\/span><\/p>\n","protected":false},"featured_media":21450,"template":"","meta":[],"product_brand":[],"product_cat":[1216],"product_tag":[],"class_list":["post-21857","product","type-product","status-publish","has-post-thumbnail","hentry","product_cat-styling-pl"],"yoast_head":"<!-- This site is optimized with the Yoast SEO plugin v27.1.1 - https:\/\/yoast.com\/product\/yoast-seo-wordpress\/ -->\n<title>Therm Screen | Spray wyg\u0142adzaj\u0105cy chroni\u0105cy przed wysok\u0105 temperatur\u0105<\/title>\n<meta name=\"description\" content=\"Therm Screen, termoochronny spray wyg\u0142adzaj\u0105cy w\u0142osy. Chroni przed \u017ar\u00f3d\u0142ami ciep\u0142a i minimalizuje uszkodzenia spowodowane wysokimi temperaturami.\" \/>\n<meta name=\"robots\" content=\"index, follow, max-snippet:-1, max-image-preview:large, max-video-preview:-1\" \/>\n<link rel=\"canonical\" href=\"https:\/\/seipuntozero-haircare.it\/pl\/prodotto\/he-she-therm-screen-spray-wygladzajacy-chroniacy-przed-wysoka-temperatura\/\" \/>\n<meta property=\"og:locale\" content=\"pl_PL\" \/>\n<meta property=\"og:type\" content=\"article\" \/>\n<meta property=\"og:title\" content=\"Therm Screen | Spray wyg\u0142adzaj\u0105cy chroni\u0105cy przed wysok\u0105 temperatur\u0105\" \/>\n<meta property=\"og:description\" content=\"Therm Screen, termoochronny spray wyg\u0142adzaj\u0105cy w\u0142osy. Chroni przed \u017ar\u00f3d\u0142ami ciep\u0142a i minimalizuje uszkodzenia spowodowane wysokimi temperaturami.\" \/>\n<meta property=\"og:url\" content=\"https:\/\/seipuntozero-haircare.it\/pl\/prodotto\/he-she-therm-screen-spray-wygladzajacy-chroniacy-przed-wysoka-temperatura\/\" \/>\n<meta property=\"og:site_name\" content=\"6.Zero\" \/>\n<meta property=\"article:modified_time\" content=\"2023-11-17T11:53:37+00:00\" \/>\n<meta property=\"og:image\" content=\"https:\/\/seipuntozero-haircare.it\/wp-content\/uploads\/2019\/07\/262656_sei_punto_zero_heshe_therm_screen_smoothing_spray_200ml.png\" \/>\n\t<meta property=\"og:image:width\" content=\"600\" \/>\n\t<meta property=\"og:image:height\" content=\"600\" \/>\n\t<meta property=\"og:image:type\" content=\"image\/png\" \/>\n<meta name=\"twitter:card\" content=\"summary_large_image\" \/>\n<meta name=\"twitter:label1\" content=\"Szacowany czas czytania\" \/>\n\t<meta name=\"twitter:data1\" content=\"1 minuta\" \/>\n<script type=\"application\/ld+json\" class=\"yoast-schema-graph\">{\"@context\":\"https:\/\/schema.org\",\"@graph\":[{\"@type\":\"WebPage\",\"@id\":\"https:\/\/seipuntozero-haircare.it\/pl\/prodotto\/he-she-therm-screen-spray-wygladzajacy-chroniacy-przed-wysoka-temperatura\/\",\"url\":\"https:\/\/seipuntozero-haircare.it\/pl\/prodotto\/he-she-therm-screen-spray-wygladzajacy-chroniacy-przed-wysoka-temperatura\/\",\"name\":\"Therm Screen | Spray wyg\u0142adzaj\u0105cy chroni\u0105cy przed wysok\u0105 temperatur\u0105\",\"isPartOf\":{\"@id\":\"https:\/\/seipuntozero-haircare.it\/pl\/#website\"},\"primaryImageOfPage\":{\"@id\":\"https:\/\/seipuntozero-haircare.it\/pl\/prodotto\/he-she-therm-screen-spray-wygladzajacy-chroniacy-przed-wysoka-temperatura\/#primaryimage\"},\"image\":{\"@id\":\"https:\/\/seipuntozero-haircare.it\/pl\/prodotto\/he-she-therm-screen-spray-wygladzajacy-chroniacy-przed-wysoka-temperatura\/#primaryimage\"},\"thumbnailUrl\":\"https:\/\/seipuntozero-haircare.it\/wp-content\/uploads\/2019\/07\/262656_sei_punto_zero_heshe_therm_screen_smoothing_spray_200ml.png\",\"datePublished\":\"2019-07-29T07:26:26+00:00\",\"dateModified\":\"2023-11-17T11:53:37+00:00\",\"description\":\"Therm Screen, termoochronny spray wyg\u0142adzaj\u0105cy w\u0142osy. Chroni przed \u017ar\u00f3d\u0142ami ciep\u0142a i minimalizuje uszkodzenia spowodowane wysokimi temperaturami.\",\"breadcrumb\":{\"@id\":\"https:\/\/seipuntozero-haircare.it\/pl\/prodotto\/he-she-therm-screen-spray-wygladzajacy-chroniacy-przed-wysoka-temperatura\/#breadcrumb\"},\"inLanguage\":\"pl-PL\",\"potentialAction\":[{\"@type\":\"ReadAction\",\"target\":[\"https:\/\/seipuntozero-haircare.it\/pl\/prodotto\/he-she-therm-screen-spray-wygladzajacy-chroniacy-przed-wysoka-temperatura\/\"]}]},{\"@type\":\"ImageObject\",\"inLanguage\":\"pl-PL\",\"@id\":\"https:\/\/seipuntozero-haircare.it\/pl\/prodotto\/he-she-therm-screen-spray-wygladzajacy-chroniacy-przed-wysoka-temperatura\/#primaryimage\",\"url\":\"https:\/\/seipuntozero-haircare.it\/wp-content\/uploads\/2019\/07\/262656_sei_punto_zero_heshe_therm_screen_smoothing_spray_200ml.png\",\"contentUrl\":\"https:\/\/seipuntozero-haircare.it\/wp-content\/uploads\/2019\/07\/262656_sei_punto_zero_heshe_therm_screen_smoothing_spray_200ml.png\",\"width\":600,\"height\":600},{\"@type\":\"BreadcrumbList\",\"@id\":\"https:\/\/seipuntozero-haircare.it\/pl\/prodotto\/he-she-therm-screen-spray-wygladzajacy-chroniacy-przed-wysoka-temperatura\/#breadcrumb\",\"itemListElement\":[{\"@type\":\"ListItem\",\"position\":1,\"name\":\"Home\",\"item\":\"https:\/\/seipuntozero-haircare.it\/pl\/\"},{\"@type\":\"ListItem\",\"position\":2,\"name\":\"Prodotti\",\"item\":\"https:\/\/seipuntozero-haircare.it\/prodotti\/\"},{\"@type\":\"ListItem\",\"position\":3,\"name\":\"HE.SHE \u2013 THERM SCREEN Spray wyg\u0142adzaj\u0105cy chroni\u0105cy przed wysok\u0105 temperatur\u0105\"}]},{\"@type\":\"WebSite\",\"@id\":\"https:\/\/seipuntozero-haircare.it\/pl\/#website\",\"url\":\"https:\/\/seipuntozero-haircare.it\/pl\/\",\"name\":\"6.Zero\",\"description\":\"Essential Touch\",\"potentialAction\":[{\"@type\":\"SearchAction\",\"target\":{\"@type\":\"EntryPoint\",\"urlTemplate\":\"https:\/\/seipuntozero-haircare.it\/pl\/?s={search_term_string}\"},\"query-input\":{\"@type\":\"PropertyValueSpecification\",\"valueRequired\":true,\"valueName\":\"search_term_string\"}}],\"inLanguage\":\"pl-PL\"}]}<\/script>\n<!-- \/ Yoast SEO plugin. -->","yoast_head_json":{"title":"Therm Screen | Spray wyg\u0142adzaj\u0105cy chroni\u0105cy przed wysok\u0105 temperatur\u0105","description":"Therm Screen, termoochronny spray wyg\u0142adzaj\u0105cy w\u0142osy. Chroni przed \u017ar\u00f3d\u0142ami ciep\u0142a i minimalizuje uszkodzenia spowodowane wysokimi temperaturami.","robots":{"index":"index","follow":"follow","max-snippet":"max-snippet:-1","max-image-preview":"max-image-preview:large","max-video-preview":"max-video-preview:-1"},"canonical":"https:\/\/seipuntozero-haircare.it\/pl\/prodotto\/he-she-therm-screen-spray-wygladzajacy-chroniacy-przed-wysoka-temperatura\/","og_locale":"pl_PL","og_type":"article","og_title":"Therm Screen | Spray wyg\u0142adzaj\u0105cy chroni\u0105cy przed wysok\u0105 temperatur\u0105","og_description":"Therm Screen, termoochronny spray wyg\u0142adzaj\u0105cy w\u0142osy. Chroni przed \u017ar\u00f3d\u0142ami ciep\u0142a i minimalizuje uszkodzenia spowodowane wysokimi temperaturami.","og_url":"https:\/\/seipuntozero-haircare.it\/pl\/prodotto\/he-she-therm-screen-spray-wygladzajacy-chroniacy-przed-wysoka-temperatura\/","og_site_name":"6.Zero","article_modified_time":"2023-11-17T11:53:37+00:00","og_image":[{"width":600,"height":600,"url":"https:\/\/seipuntozero-haircare.it\/wp-content\/uploads\/2019\/07\/262656_sei_punto_zero_heshe_therm_screen_smoothing_spray_200ml.png","type":"image\/png"}],"twitter_card":"summary_large_image","twitter_misc":{"Szacowany czas czytania":"1 minuta"},"schema":{"@context":"https:\/\/schema.org","@graph":[{"@type":"WebPage","@id":"https:\/\/seipuntozero-haircare.it\/pl\/prodotto\/he-she-therm-screen-spray-wygladzajacy-chroniacy-przed-wysoka-temperatura\/","url":"https:\/\/seipuntozero-haircare.it\/pl\/prodotto\/he-she-therm-screen-spray-wygladzajacy-chroniacy-przed-wysoka-temperatura\/","name":"Therm Screen | Spray wyg\u0142adzaj\u0105cy chroni\u0105cy przed wysok\u0105 temperatur\u0105","isPartOf":{"@id":"https:\/\/seipuntozero-haircare.it\/pl\/#website"},"primaryImageOfPage":{"@id":"https:\/\/seipuntozero-haircare.it\/pl\/prodotto\/he-she-therm-screen-spray-wygladzajacy-chroniacy-przed-wysoka-temperatura\/#primaryimage"},"image":{"@id":"https:\/\/seipuntozero-haircare.it\/pl\/prodotto\/he-she-therm-screen-spray-wygladzajacy-chroniacy-przed-wysoka-temperatura\/#primaryimage"},"thumbnailUrl":"https:\/\/seipuntozero-haircare.it\/wp-content\/uploads\/2019\/07\/262656_sei_punto_zero_heshe_therm_screen_smoothing_spray_200ml.png","datePublished":"2019-07-29T07:26:26+00:00","dateModified":"2023-11-17T11:53:37+00:00","description":"Therm Screen, termoochronny spray wyg\u0142adzaj\u0105cy w\u0142osy. Chroni przed \u017ar\u00f3d\u0142ami ciep\u0142a i minimalizuje uszkodzenia spowodowane wysokimi temperaturami.","breadcrumb":{"@id":"https:\/\/seipuntozero-haircare.it\/pl\/prodotto\/he-she-therm-screen-spray-wygladzajacy-chroniacy-przed-wysoka-temperatura\/#breadcrumb"},"inLanguage":"pl-PL","potentialAction":[{"@type":"ReadAction","target":["https:\/\/seipuntozero-haircare.it\/pl\/prodotto\/he-she-therm-screen-spray-wygladzajacy-chroniacy-przed-wysoka-temperatura\/"]}]},{"@type":"ImageObject","inLanguage":"pl-PL","@id":"https:\/\/seipuntozero-haircare.it\/pl\/prodotto\/he-she-therm-screen-spray-wygladzajacy-chroniacy-przed-wysoka-temperatura\/#primaryimage","url":"https:\/\/seipuntozero-haircare.it\/wp-content\/uploads\/2019\/07\/262656_sei_punto_zero_heshe_therm_screen_smoothing_spray_200ml.png","contentUrl":"https:\/\/seipuntozero-haircare.it\/wp-content\/uploads\/2019\/07\/262656_sei_punto_zero_heshe_therm_screen_smoothing_spray_200ml.png","width":600,"height":600},{"@type":"BreadcrumbList","@id":"https:\/\/seipuntozero-haircare.it\/pl\/prodotto\/he-she-therm-screen-spray-wygladzajacy-chroniacy-przed-wysoka-temperatura\/#breadcrumb","itemListElement":[{"@type":"ListItem","position":1,"name":"Home","item":"https:\/\/seipuntozero-haircare.it\/pl\/"},{"@type":"ListItem","position":2,"name":"Prodotti","item":"https:\/\/seipuntozero-haircare.it\/prodotti\/"},{"@type":"ListItem","position":3,"name":"HE.SHE \u2013 THERM SCREEN Spray wyg\u0142adzaj\u0105cy chroni\u0105cy przed wysok\u0105 temperatur\u0105"}]},{"@type":"WebSite","@id":"https:\/\/seipuntozero-haircare.it\/pl\/#website","url":"https:\/\/seipuntozero-haircare.it\/pl\/","name":"6.Zero","description":"Essential Touch","potentialAction":[{"@type":"SearchAction","target":{"@type":"EntryPoint","urlTemplate":"https:\/\/seipuntozero-haircare.it\/pl\/?s={search_term_string}"},"query-input":{"@type":"PropertyValueSpecification","valueRequired":true,"valueName":"search_term_string"}}],"inLanguage":"pl-PL"}]}},"_links":{"self":[{"href":"https:\/\/seipuntozero-haircare.it\/pl\/wp-json\/wp\/v2\/product\/21857","targetHints":{"allow":["GET"]}}],"collection":[{"href":"https:\/\/seipuntozero-haircare.it\/pl\/wp-json\/wp\/v2\/product"}],"about":[{"href":"https:\/\/seipuntozero-haircare.it\/pl\/wp-json\/wp\/v2\/types\/product"}],"wp:featuredmedia":[{"embeddable":true,"href":"https:\/\/seipuntozero-haircare.it\/pl\/wp-json\/wp\/v2\/media\/21450"}],"wp:attachment":[{"href":"https:\/\/seipuntozero-haircare.it\/pl\/wp-json\/wp\/v2\/media?parent=21857"}],"wp:term":[{"taxonomy":"product_brand","embeddable":true,"href":"https:\/\/seipuntozero-haircare.it\/pl\/wp-json\/wp\/v2\/product_brand?post=21857"},{"taxonomy":"product_cat","embeddable":true,"href":"https:\/\/seipuntozero-haircare.it\/pl\/wp-json\/wp\/v2\/product_cat?post=21857"},{"taxonomy":"product_tag","embeddable":true,"href":"https:\/\/seipuntozero-haircare.it\/pl\/wp-json\/wp\/v2\/product_tag?post=21857"}],"curies":[{"name":"wp","href":"https:\/\/api.w.org\/{rel}","templated":true}]}}