{"id":21853,"date":"2017-03-15T15:42:47","date_gmt":"2017-03-15T14:42:47","guid":{"rendered":"https:\/\/seipuntozero-haircare.it\/prodotto\/olejek-do-wlosow-zniszczonych-blask-i-miekkosc\/"},"modified":"2023-11-21T12:46:36","modified_gmt":"2023-11-21T11:46:36","slug":"olejek-do-wlosow-zniszczonych-blask-i-miekkosc","status":"publish","type":"product","link":"https:\/\/seipuntozero-haircare.it\/pl\/prodotto\/olejek-do-wlosow-zniszczonych-blask-i-miekkosc\/","title":{"rendered":"PERFECTION Y10 <br>  Olejek do w\u0142os\u00f3w zniszczonych blask i mi\u0119kko\u015b\u0107"},"content":{"rendered":"<ul>\n<li style=\"font-weight: 400;\" aria-level=\"1\"><span style=\"font-weight: 400;\">Roz\u015bwietla i u\u0142atwia rozczesywanie w\u0142os\u00f3w<\/span><\/li>\n<li style=\"font-weight: 400;\" aria-level=\"1\"><span style=\"font-weight: 400;\">Nadaje mi\u0119kko\u015b\u0107 i jedwabisto\u015b\u0107<\/span><\/li>\n<li style=\"font-weight: 400;\" aria-level=\"1\"><span style=\"font-weight: 400;\">Odbudowuje zniszczone w\u0142osy<\/span><\/li>\n<\/ul>\n","protected":false},"excerpt":{"rendered":"<p><span style=\"font-weight: 400;\">Olejek do w\u0142os\u00f3w zniszczonych Perfection Y10 o dzia\u0142aniu odbudowuj\u0105cym i u\u0142atwiaj\u0105cym rozczesywanie. Formu\u0142a z Olejkiem Arganowym i Keratyn\u0105 nadaje w\u0142osom intensywn\u0105 mi\u0119kko\u015b\u0107 i niezwyk\u0142y blask, nie obci\u0105\u017caj\u0105c i nie przet\u0142uszczaj\u0105c ich. Zapewnia nawil\u017cenie i daje now\u0105 si\u0142\u0119 os\u0142abionym w\u0142osom.<\/span><\/p>\n<p><span style=\"font-weight: 400;\">Butelka 100 ml<\/span><\/p>\n","protected":false},"featured_media":24358,"template":"","meta":[],"product_brand":[],"product_cat":[1201],"product_tag":[],"class_list":["post-21853","product","type-product","status-publish","has-post-thumbnail","hentry","product_cat-luxury-touch-pl"],"yoast_head":"<!-- This site is optimized with the Yoast SEO plugin v27.1.1 - https:\/\/yoast.com\/product\/yoast-seo-wordpress\/ -->\n<title>Perfection Y10 | Olejek do w\u0142os\u00f3w zniszczonych blask i mi\u0119kko\u015b\u0107<\/title>\n<meta name=\"description\" content=\"Olejek do w\u0142os\u00f3w zniszczonych Perfection Y10 o dzia\u0142aniu odbudowuj\u0105cym i u\u0142atwiaj\u0105cym rozczesywanie.\" \/>\n<meta name=\"robots\" content=\"index, follow, max-snippet:-1, max-image-preview:large, max-video-preview:-1\" \/>\n<link rel=\"canonical\" href=\"https:\/\/seipuntozero-haircare.it\/pl\/prodotto\/olejek-do-wlosow-zniszczonych-blask-i-miekkosc\/\" \/>\n<meta property=\"og:locale\" content=\"pl_PL\" \/>\n<meta property=\"og:type\" content=\"article\" \/>\n<meta property=\"og:title\" content=\"Perfection Y10 | Olejek do w\u0142os\u00f3w zniszczonych blask i mi\u0119kko\u015b\u0107\" \/>\n<meta property=\"og:description\" content=\"Olejek do w\u0142os\u00f3w zniszczonych Perfection Y10 o dzia\u0142aniu odbudowuj\u0105cym i u\u0142atwiaj\u0105cym rozczesywanie.\" \/>\n<meta property=\"og:url\" content=\"https:\/\/seipuntozero-haircare.it\/pl\/prodotto\/olejek-do-wlosow-zniszczonych-blask-i-miekkosc\/\" \/>\n<meta property=\"og:site_name\" content=\"6.Zero\" \/>\n<meta property=\"article:modified_time\" content=\"2023-11-21T11:46:36+00:00\" \/>\n<meta property=\"og:image\" content=\"https:\/\/seipuntozero-haircare.it\/wp-content\/uploads\/2026\/03\/262205-sei-punto-zero-perfection-y10-intense-oil-100ml.png\" \/>\n\t<meta property=\"og:image:width\" content=\"800\" \/>\n\t<meta property=\"og:image:height\" content=\"800\" \/>\n\t<meta property=\"og:image:type\" content=\"image\/png\" \/>\n<meta name=\"twitter:card\" content=\"summary_large_image\" \/>\n<meta name=\"twitter:label1\" content=\"Szacowany czas czytania\" \/>\n\t<meta name=\"twitter:data1\" content=\"1 minuta\" \/>\n<script type=\"application\/ld+json\" class=\"yoast-schema-graph\">{\"@context\":\"https:\/\/schema.org\",\"@graph\":[{\"@type\":\"WebPage\",\"@id\":\"https:\/\/seipuntozero-haircare.it\/pl\/prodotto\/olejek-do-wlosow-zniszczonych-blask-i-miekkosc\/\",\"url\":\"https:\/\/seipuntozero-haircare.it\/pl\/prodotto\/olejek-do-wlosow-zniszczonych-blask-i-miekkosc\/\",\"name\":\"Perfection Y10 | Olejek do w\u0142os\u00f3w zniszczonych blask i mi\u0119kko\u015b\u0107\",\"isPartOf\":{\"@id\":\"https:\/\/seipuntozero-haircare.it\/pl\/#website\"},\"primaryImageOfPage\":{\"@id\":\"https:\/\/seipuntozero-haircare.it\/pl\/prodotto\/olejek-do-wlosow-zniszczonych-blask-i-miekkosc\/#primaryimage\"},\"image\":{\"@id\":\"https:\/\/seipuntozero-haircare.it\/pl\/prodotto\/olejek-do-wlosow-zniszczonych-blask-i-miekkosc\/#primaryimage\"},\"thumbnailUrl\":\"https:\/\/seipuntozero-haircare.it\/wp-content\/uploads\/2026\/03\/262205-sei-punto-zero-perfection-y10-intense-oil-100ml.png\",\"datePublished\":\"2017-03-15T14:42:47+00:00\",\"dateModified\":\"2023-11-21T11:46:36+00:00\",\"description\":\"Olejek do w\u0142os\u00f3w zniszczonych Perfection Y10 o dzia\u0142aniu odbudowuj\u0105cym i u\u0142atwiaj\u0105cym rozczesywanie.\",\"breadcrumb\":{\"@id\":\"https:\/\/seipuntozero-haircare.it\/pl\/prodotto\/olejek-do-wlosow-zniszczonych-blask-i-miekkosc\/#breadcrumb\"},\"inLanguage\":\"pl-PL\",\"potentialAction\":[{\"@type\":\"ReadAction\",\"target\":[\"https:\/\/seipuntozero-haircare.it\/pl\/prodotto\/olejek-do-wlosow-zniszczonych-blask-i-miekkosc\/\"]}]},{\"@type\":\"ImageObject\",\"inLanguage\":\"pl-PL\",\"@id\":\"https:\/\/seipuntozero-haircare.it\/pl\/prodotto\/olejek-do-wlosow-zniszczonych-blask-i-miekkosc\/#primaryimage\",\"url\":\"https:\/\/seipuntozero-haircare.it\/wp-content\/uploads\/2026\/03\/262205-sei-punto-zero-perfection-y10-intense-oil-100ml.png\",\"contentUrl\":\"https:\/\/seipuntozero-haircare.it\/wp-content\/uploads\/2026\/03\/262205-sei-punto-zero-perfection-y10-intense-oil-100ml.png\",\"width\":800,\"height\":800},{\"@type\":\"BreadcrumbList\",\"@id\":\"https:\/\/seipuntozero-haircare.it\/pl\/prodotto\/olejek-do-wlosow-zniszczonych-blask-i-miekkosc\/#breadcrumb\",\"itemListElement\":[{\"@type\":\"ListItem\",\"position\":1,\"name\":\"Home\",\"item\":\"https:\/\/seipuntozero-haircare.it\/pl\/\"},{\"@type\":\"ListItem\",\"position\":2,\"name\":\"Prodotti\",\"item\":\"https:\/\/seipuntozero-haircare.it\/prodotti\/\"},{\"@type\":\"ListItem\",\"position\":3,\"name\":\"PERFECTION Y10 Olejek do w\u0142os\u00f3w zniszczonych blask i mi\u0119kko\u015b\u0107\"}]},{\"@type\":\"WebSite\",\"@id\":\"https:\/\/seipuntozero-haircare.it\/pl\/#website\",\"url\":\"https:\/\/seipuntozero-haircare.it\/pl\/\",\"name\":\"6.Zero\",\"description\":\"Essential Touch\",\"potentialAction\":[{\"@type\":\"SearchAction\",\"target\":{\"@type\":\"EntryPoint\",\"urlTemplate\":\"https:\/\/seipuntozero-haircare.it\/pl\/?s={search_term_string}\"},\"query-input\":{\"@type\":\"PropertyValueSpecification\",\"valueRequired\":true,\"valueName\":\"search_term_string\"}}],\"inLanguage\":\"pl-PL\"}]}<\/script>\n<!-- \/ Yoast SEO plugin. -->","yoast_head_json":{"title":"Perfection Y10 | Olejek do w\u0142os\u00f3w zniszczonych blask i mi\u0119kko\u015b\u0107","description":"Olejek do w\u0142os\u00f3w zniszczonych Perfection Y10 o dzia\u0142aniu odbudowuj\u0105cym i u\u0142atwiaj\u0105cym rozczesywanie.","robots":{"index":"index","follow":"follow","max-snippet":"max-snippet:-1","max-image-preview":"max-image-preview:large","max-video-preview":"max-video-preview:-1"},"canonical":"https:\/\/seipuntozero-haircare.it\/pl\/prodotto\/olejek-do-wlosow-zniszczonych-blask-i-miekkosc\/","og_locale":"pl_PL","og_type":"article","og_title":"Perfection Y10 | Olejek do w\u0142os\u00f3w zniszczonych blask i mi\u0119kko\u015b\u0107","og_description":"Olejek do w\u0142os\u00f3w zniszczonych Perfection Y10 o dzia\u0142aniu odbudowuj\u0105cym i u\u0142atwiaj\u0105cym rozczesywanie.","og_url":"https:\/\/seipuntozero-haircare.it\/pl\/prodotto\/olejek-do-wlosow-zniszczonych-blask-i-miekkosc\/","og_site_name":"6.Zero","article_modified_time":"2023-11-21T11:46:36+00:00","og_image":[{"width":800,"height":800,"url":"https:\/\/seipuntozero-haircare.it\/wp-content\/uploads\/2026\/03\/262205-sei-punto-zero-perfection-y10-intense-oil-100ml.png","type":"image\/png"}],"twitter_card":"summary_large_image","twitter_misc":{"Szacowany czas czytania":"1 minuta"},"schema":{"@context":"https:\/\/schema.org","@graph":[{"@type":"WebPage","@id":"https:\/\/seipuntozero-haircare.it\/pl\/prodotto\/olejek-do-wlosow-zniszczonych-blask-i-miekkosc\/","url":"https:\/\/seipuntozero-haircare.it\/pl\/prodotto\/olejek-do-wlosow-zniszczonych-blask-i-miekkosc\/","name":"Perfection Y10 | Olejek do w\u0142os\u00f3w zniszczonych blask i mi\u0119kko\u015b\u0107","isPartOf":{"@id":"https:\/\/seipuntozero-haircare.it\/pl\/#website"},"primaryImageOfPage":{"@id":"https:\/\/seipuntozero-haircare.it\/pl\/prodotto\/olejek-do-wlosow-zniszczonych-blask-i-miekkosc\/#primaryimage"},"image":{"@id":"https:\/\/seipuntozero-haircare.it\/pl\/prodotto\/olejek-do-wlosow-zniszczonych-blask-i-miekkosc\/#primaryimage"},"thumbnailUrl":"https:\/\/seipuntozero-haircare.it\/wp-content\/uploads\/2026\/03\/262205-sei-punto-zero-perfection-y10-intense-oil-100ml.png","datePublished":"2017-03-15T14:42:47+00:00","dateModified":"2023-11-21T11:46:36+00:00","description":"Olejek do w\u0142os\u00f3w zniszczonych Perfection Y10 o dzia\u0142aniu odbudowuj\u0105cym i u\u0142atwiaj\u0105cym rozczesywanie.","breadcrumb":{"@id":"https:\/\/seipuntozero-haircare.it\/pl\/prodotto\/olejek-do-wlosow-zniszczonych-blask-i-miekkosc\/#breadcrumb"},"inLanguage":"pl-PL","potentialAction":[{"@type":"ReadAction","target":["https:\/\/seipuntozero-haircare.it\/pl\/prodotto\/olejek-do-wlosow-zniszczonych-blask-i-miekkosc\/"]}]},{"@type":"ImageObject","inLanguage":"pl-PL","@id":"https:\/\/seipuntozero-haircare.it\/pl\/prodotto\/olejek-do-wlosow-zniszczonych-blask-i-miekkosc\/#primaryimage","url":"https:\/\/seipuntozero-haircare.it\/wp-content\/uploads\/2026\/03\/262205-sei-punto-zero-perfection-y10-intense-oil-100ml.png","contentUrl":"https:\/\/seipuntozero-haircare.it\/wp-content\/uploads\/2026\/03\/262205-sei-punto-zero-perfection-y10-intense-oil-100ml.png","width":800,"height":800},{"@type":"BreadcrumbList","@id":"https:\/\/seipuntozero-haircare.it\/pl\/prodotto\/olejek-do-wlosow-zniszczonych-blask-i-miekkosc\/#breadcrumb","itemListElement":[{"@type":"ListItem","position":1,"name":"Home","item":"https:\/\/seipuntozero-haircare.it\/pl\/"},{"@type":"ListItem","position":2,"name":"Prodotti","item":"https:\/\/seipuntozero-haircare.it\/prodotti\/"},{"@type":"ListItem","position":3,"name":"PERFECTION Y10 Olejek do w\u0142os\u00f3w zniszczonych blask i mi\u0119kko\u015b\u0107"}]},{"@type":"WebSite","@id":"https:\/\/seipuntozero-haircare.it\/pl\/#website","url":"https:\/\/seipuntozero-haircare.it\/pl\/","name":"6.Zero","description":"Essential Touch","potentialAction":[{"@type":"SearchAction","target":{"@type":"EntryPoint","urlTemplate":"https:\/\/seipuntozero-haircare.it\/pl\/?s={search_term_string}"},"query-input":{"@type":"PropertyValueSpecification","valueRequired":true,"valueName":"search_term_string"}}],"inLanguage":"pl-PL"}]}},"_links":{"self":[{"href":"https:\/\/seipuntozero-haircare.it\/pl\/wp-json\/wp\/v2\/product\/21853","targetHints":{"allow":["GET"]}}],"collection":[{"href":"https:\/\/seipuntozero-haircare.it\/pl\/wp-json\/wp\/v2\/product"}],"about":[{"href":"https:\/\/seipuntozero-haircare.it\/pl\/wp-json\/wp\/v2\/types\/product"}],"wp:featuredmedia":[{"embeddable":true,"href":"https:\/\/seipuntozero-haircare.it\/pl\/wp-json\/wp\/v2\/media\/24358"}],"wp:attachment":[{"href":"https:\/\/seipuntozero-haircare.it\/pl\/wp-json\/wp\/v2\/media?parent=21853"}],"wp:term":[{"taxonomy":"product_brand","embeddable":true,"href":"https:\/\/seipuntozero-haircare.it\/pl\/wp-json\/wp\/v2\/product_brand?post=21853"},{"taxonomy":"product_cat","embeddable":true,"href":"https:\/\/seipuntozero-haircare.it\/pl\/wp-json\/wp\/v2\/product_cat?post=21853"},{"taxonomy":"product_tag","embeddable":true,"href":"https:\/\/seipuntozero-haircare.it\/pl\/wp-json\/wp\/v2\/product_tag?post=21853"}],"curies":[{"name":"wp","href":"https:\/\/api.w.org\/{rel}","templated":true}]}}