{"id":21851,"date":"2023-10-10T16:41:13","date_gmt":"2023-10-10T14:41:13","guid":{"rendered":"https:\/\/seipuntozero-haircare.it\/prodotto\/connection-x10-natychmiastowa-wielofunkcyjna-maska-w-sprayu\/"},"modified":"2023-11-17T12:19:53","modified_gmt":"2023-11-17T11:19:53","slug":"connection-x10-natychmiastowa-wielofunkcyjna-maska-w-sprayu","status":"publish","type":"product","link":"https:\/\/seipuntozero-haircare.it\/pl\/prodotto\/connection-x10-natychmiastowa-wielofunkcyjna-maska-w-sprayu\/","title":{"rendered":"CONNECTION X10 <br> Natychmiastowa wielofunkcyjna maska w sprayu"},"content":{"rendered":"<ul>\n<li style=\"font-weight: 400;\" aria-level=\"1\"><span style=\"font-weight: 400;\">Od\u017cywia i naprawia w\u0142\u00f3kna w\u0142os\u00f3w<\/span><\/li>\n<li style=\"font-weight: 400;\" aria-level=\"1\"><span style=\"font-weight: 400;\">Zapobiega rozdwajaniu si\u0119 ko\u0144c\u00f3wek i eliminuje puszenie<\/span><\/li>\n<li style=\"font-weight: 400;\" aria-level=\"1\"><span style=\"font-weight: 400;\">Nadaje tekstur\u0119, roz\u015bwietla i zmi\u0119kcza w\u0142osy<\/span><\/li>\n<li style=\"font-weight: 400;\" aria-level=\"1\"><span style=\"font-weight: 400;\">Chroni przed dzia\u0142aniem ciep\u0142a<\/span><\/li>\n<li style=\"font-weight: 400;\" aria-level=\"1\"><span style=\"font-weight: 400;\">U\u0142atwia stylizacj\u0119 i przed\u0142u\u017ca jej efekty<\/span><\/li>\n<\/ul>\n","protected":false},"excerpt":{"rendered":"<p><span style=\"font-weight: 400;\">Connection X10, maska w sprayu bez sp\u0142ukiwania. Formu\u0142a na bazie Oleju z Czarnej Porzeczki i Kolagenu Ro\u015blinnego oferuje natychmiastowe wielofunkcyjne dzia\u0142anie, kt\u00f3re zapewnia w\u0142osom dziesi\u0119\u0107 niesamowitych korzy\u015bci: od\u017cywia, u\u0142atwia rozczesywanie i naprawia, zapobiega rozdwajaniu si\u0119 ko\u0144c\u00f3wek, dzia\u0142a przeciw puszeniu, nadaje tekstur\u0119, po\u0142ysk i mi\u0119kko\u015b\u0107, chroni przed ciep\u0142em, u\u0142atwia stylizacj\u0119 i przed\u0142u\u017ca jej trwa\u0142o\u015b\u0107.<\/span><\/p>\n<p><span style=\"font-weight: 400;\">Buteleczka o pojemno\u015bci 30 ml<\/span><\/p>\n","protected":false},"featured_media":24400,"template":"","meta":[],"product_brand":[],"product_cat":[1201],"product_tag":[],"class_list":["post-21851","product","type-product","status-publish","has-post-thumbnail","hentry","product_cat-luxury-touch-pl"],"yoast_head":"<!-- This site is optimized with the Yoast SEO plugin v27.1.1 - https:\/\/yoast.com\/product\/yoast-seo-wordpress\/ -->\n<title>CONNECTION X10 - Natychmiastowa wielofunkcyjna maska w sprayu<\/title>\n<meta name=\"description\" content=\"Connection X10, maska w sprayu bez sp\u0142ukiwania. Formu\u0142a na bazie Oleju z Czarnej Porzeczki i Kolagenu Ro\u015blinnego oferuje natychmiastowe wielofunkcyjne dzia\u0142anie\" \/>\n<meta name=\"robots\" content=\"index, follow, max-snippet:-1, max-image-preview:large, max-video-preview:-1\" \/>\n<link rel=\"canonical\" href=\"https:\/\/seipuntozero-haircare.it\/pl\/prodotto\/connection-x10-natychmiastowa-wielofunkcyjna-maska-w-sprayu\/\" \/>\n<meta property=\"og:locale\" content=\"pl_PL\" \/>\n<meta property=\"og:type\" content=\"article\" \/>\n<meta property=\"og:title\" content=\"CONNECTION X10 - Natychmiastowa wielofunkcyjna maska w sprayu\" \/>\n<meta property=\"og:description\" content=\"Connection X10, maska w sprayu bez sp\u0142ukiwania. Formu\u0142a na bazie Oleju z Czarnej Porzeczki i Kolagenu Ro\u015blinnego oferuje natychmiastowe wielofunkcyjne dzia\u0142anie\" \/>\n<meta property=\"og:url\" content=\"https:\/\/seipuntozero-haircare.it\/pl\/prodotto\/connection-x10-natychmiastowa-wielofunkcyjna-maska-w-sprayu\/\" \/>\n<meta property=\"og:site_name\" content=\"6.Zero\" \/>\n<meta property=\"article:modified_time\" content=\"2023-11-17T11:19:53+00:00\" \/>\n<meta property=\"og:image\" content=\"https:\/\/seipuntozero-haircare.it\/wp-content\/uploads\/2026\/03\/269693-sei-punto-zero-connection-x10-multiaction-instant-spray-mask-30ml.png\" \/>\n\t<meta property=\"og:image:width\" content=\"800\" \/>\n\t<meta property=\"og:image:height\" content=\"800\" \/>\n\t<meta property=\"og:image:type\" content=\"image\/png\" \/>\n<meta name=\"twitter:card\" content=\"summary_large_image\" \/>\n<meta name=\"twitter:label1\" content=\"Szacowany czas czytania\" \/>\n\t<meta name=\"twitter:data1\" content=\"1 minuta\" \/>\n<script type=\"application\/ld+json\" class=\"yoast-schema-graph\">{\"@context\":\"https:\/\/schema.org\",\"@graph\":[{\"@type\":\"WebPage\",\"@id\":\"https:\/\/seipuntozero-haircare.it\/pl\/prodotto\/connection-x10-natychmiastowa-wielofunkcyjna-maska-w-sprayu\/\",\"url\":\"https:\/\/seipuntozero-haircare.it\/pl\/prodotto\/connection-x10-natychmiastowa-wielofunkcyjna-maska-w-sprayu\/\",\"name\":\"CONNECTION X10 - Natychmiastowa wielofunkcyjna maska w sprayu\",\"isPartOf\":{\"@id\":\"https:\/\/seipuntozero-haircare.it\/pl\/#website\"},\"primaryImageOfPage\":{\"@id\":\"https:\/\/seipuntozero-haircare.it\/pl\/prodotto\/connection-x10-natychmiastowa-wielofunkcyjna-maska-w-sprayu\/#primaryimage\"},\"image\":{\"@id\":\"https:\/\/seipuntozero-haircare.it\/pl\/prodotto\/connection-x10-natychmiastowa-wielofunkcyjna-maska-w-sprayu\/#primaryimage\"},\"thumbnailUrl\":\"https:\/\/seipuntozero-haircare.it\/wp-content\/uploads\/2026\/03\/269693-sei-punto-zero-connection-x10-multiaction-instant-spray-mask-30ml.png\",\"datePublished\":\"2023-10-10T14:41:13+00:00\",\"dateModified\":\"2023-11-17T11:19:53+00:00\",\"description\":\"Connection X10, maska w sprayu bez sp\u0142ukiwania. Formu\u0142a na bazie Oleju z Czarnej Porzeczki i Kolagenu Ro\u015blinnego oferuje natychmiastowe wielofunkcyjne dzia\u0142anie\",\"breadcrumb\":{\"@id\":\"https:\/\/seipuntozero-haircare.it\/pl\/prodotto\/connection-x10-natychmiastowa-wielofunkcyjna-maska-w-sprayu\/#breadcrumb\"},\"inLanguage\":\"pl-PL\",\"potentialAction\":[{\"@type\":\"ReadAction\",\"target\":[\"https:\/\/seipuntozero-haircare.it\/pl\/prodotto\/connection-x10-natychmiastowa-wielofunkcyjna-maska-w-sprayu\/\"]}]},{\"@type\":\"ImageObject\",\"inLanguage\":\"pl-PL\",\"@id\":\"https:\/\/seipuntozero-haircare.it\/pl\/prodotto\/connection-x10-natychmiastowa-wielofunkcyjna-maska-w-sprayu\/#primaryimage\",\"url\":\"https:\/\/seipuntozero-haircare.it\/wp-content\/uploads\/2026\/03\/269693-sei-punto-zero-connection-x10-multiaction-instant-spray-mask-30ml.png\",\"contentUrl\":\"https:\/\/seipuntozero-haircare.it\/wp-content\/uploads\/2026\/03\/269693-sei-punto-zero-connection-x10-multiaction-instant-spray-mask-30ml.png\",\"width\":800,\"height\":800},{\"@type\":\"BreadcrumbList\",\"@id\":\"https:\/\/seipuntozero-haircare.it\/pl\/prodotto\/connection-x10-natychmiastowa-wielofunkcyjna-maska-w-sprayu\/#breadcrumb\",\"itemListElement\":[{\"@type\":\"ListItem\",\"position\":1,\"name\":\"Home\",\"item\":\"https:\/\/seipuntozero-haircare.it\/pl\/\"},{\"@type\":\"ListItem\",\"position\":2,\"name\":\"Prodotti\",\"item\":\"https:\/\/seipuntozero-haircare.it\/prodotti\/\"},{\"@type\":\"ListItem\",\"position\":3,\"name\":\"CONNECTION X10 Natychmiastowa wielofunkcyjna maska w sprayu\"}]},{\"@type\":\"WebSite\",\"@id\":\"https:\/\/seipuntozero-haircare.it\/pl\/#website\",\"url\":\"https:\/\/seipuntozero-haircare.it\/pl\/\",\"name\":\"6.Zero\",\"description\":\"Essential Touch\",\"potentialAction\":[{\"@type\":\"SearchAction\",\"target\":{\"@type\":\"EntryPoint\",\"urlTemplate\":\"https:\/\/seipuntozero-haircare.it\/pl\/?s={search_term_string}\"},\"query-input\":{\"@type\":\"PropertyValueSpecification\",\"valueRequired\":true,\"valueName\":\"search_term_string\"}}],\"inLanguage\":\"pl-PL\"}]}<\/script>\n<!-- \/ Yoast SEO plugin. -->","yoast_head_json":{"title":"CONNECTION X10 - Natychmiastowa wielofunkcyjna maska w sprayu","description":"Connection X10, maska w sprayu bez sp\u0142ukiwania. Formu\u0142a na bazie Oleju z Czarnej Porzeczki i Kolagenu Ro\u015blinnego oferuje natychmiastowe wielofunkcyjne dzia\u0142anie","robots":{"index":"index","follow":"follow","max-snippet":"max-snippet:-1","max-image-preview":"max-image-preview:large","max-video-preview":"max-video-preview:-1"},"canonical":"https:\/\/seipuntozero-haircare.it\/pl\/prodotto\/connection-x10-natychmiastowa-wielofunkcyjna-maska-w-sprayu\/","og_locale":"pl_PL","og_type":"article","og_title":"CONNECTION X10 - Natychmiastowa wielofunkcyjna maska w sprayu","og_description":"Connection X10, maska w sprayu bez sp\u0142ukiwania. Formu\u0142a na bazie Oleju z Czarnej Porzeczki i Kolagenu Ro\u015blinnego oferuje natychmiastowe wielofunkcyjne dzia\u0142anie","og_url":"https:\/\/seipuntozero-haircare.it\/pl\/prodotto\/connection-x10-natychmiastowa-wielofunkcyjna-maska-w-sprayu\/","og_site_name":"6.Zero","article_modified_time":"2023-11-17T11:19:53+00:00","og_image":[{"width":800,"height":800,"url":"https:\/\/seipuntozero-haircare.it\/wp-content\/uploads\/2026\/03\/269693-sei-punto-zero-connection-x10-multiaction-instant-spray-mask-30ml.png","type":"image\/png"}],"twitter_card":"summary_large_image","twitter_misc":{"Szacowany czas czytania":"1 minuta"},"schema":{"@context":"https:\/\/schema.org","@graph":[{"@type":"WebPage","@id":"https:\/\/seipuntozero-haircare.it\/pl\/prodotto\/connection-x10-natychmiastowa-wielofunkcyjna-maska-w-sprayu\/","url":"https:\/\/seipuntozero-haircare.it\/pl\/prodotto\/connection-x10-natychmiastowa-wielofunkcyjna-maska-w-sprayu\/","name":"CONNECTION X10 - Natychmiastowa wielofunkcyjna maska w sprayu","isPartOf":{"@id":"https:\/\/seipuntozero-haircare.it\/pl\/#website"},"primaryImageOfPage":{"@id":"https:\/\/seipuntozero-haircare.it\/pl\/prodotto\/connection-x10-natychmiastowa-wielofunkcyjna-maska-w-sprayu\/#primaryimage"},"image":{"@id":"https:\/\/seipuntozero-haircare.it\/pl\/prodotto\/connection-x10-natychmiastowa-wielofunkcyjna-maska-w-sprayu\/#primaryimage"},"thumbnailUrl":"https:\/\/seipuntozero-haircare.it\/wp-content\/uploads\/2026\/03\/269693-sei-punto-zero-connection-x10-multiaction-instant-spray-mask-30ml.png","datePublished":"2023-10-10T14:41:13+00:00","dateModified":"2023-11-17T11:19:53+00:00","description":"Connection X10, maska w sprayu bez sp\u0142ukiwania. Formu\u0142a na bazie Oleju z Czarnej Porzeczki i Kolagenu Ro\u015blinnego oferuje natychmiastowe wielofunkcyjne dzia\u0142anie","breadcrumb":{"@id":"https:\/\/seipuntozero-haircare.it\/pl\/prodotto\/connection-x10-natychmiastowa-wielofunkcyjna-maska-w-sprayu\/#breadcrumb"},"inLanguage":"pl-PL","potentialAction":[{"@type":"ReadAction","target":["https:\/\/seipuntozero-haircare.it\/pl\/prodotto\/connection-x10-natychmiastowa-wielofunkcyjna-maska-w-sprayu\/"]}]},{"@type":"ImageObject","inLanguage":"pl-PL","@id":"https:\/\/seipuntozero-haircare.it\/pl\/prodotto\/connection-x10-natychmiastowa-wielofunkcyjna-maska-w-sprayu\/#primaryimage","url":"https:\/\/seipuntozero-haircare.it\/wp-content\/uploads\/2026\/03\/269693-sei-punto-zero-connection-x10-multiaction-instant-spray-mask-30ml.png","contentUrl":"https:\/\/seipuntozero-haircare.it\/wp-content\/uploads\/2026\/03\/269693-sei-punto-zero-connection-x10-multiaction-instant-spray-mask-30ml.png","width":800,"height":800},{"@type":"BreadcrumbList","@id":"https:\/\/seipuntozero-haircare.it\/pl\/prodotto\/connection-x10-natychmiastowa-wielofunkcyjna-maska-w-sprayu\/#breadcrumb","itemListElement":[{"@type":"ListItem","position":1,"name":"Home","item":"https:\/\/seipuntozero-haircare.it\/pl\/"},{"@type":"ListItem","position":2,"name":"Prodotti","item":"https:\/\/seipuntozero-haircare.it\/prodotti\/"},{"@type":"ListItem","position":3,"name":"CONNECTION X10 Natychmiastowa wielofunkcyjna maska w sprayu"}]},{"@type":"WebSite","@id":"https:\/\/seipuntozero-haircare.it\/pl\/#website","url":"https:\/\/seipuntozero-haircare.it\/pl\/","name":"6.Zero","description":"Essential Touch","potentialAction":[{"@type":"SearchAction","target":{"@type":"EntryPoint","urlTemplate":"https:\/\/seipuntozero-haircare.it\/pl\/?s={search_term_string}"},"query-input":{"@type":"PropertyValueSpecification","valueRequired":true,"valueName":"search_term_string"}}],"inLanguage":"pl-PL"}]}},"_links":{"self":[{"href":"https:\/\/seipuntozero-haircare.it\/pl\/wp-json\/wp\/v2\/product\/21851","targetHints":{"allow":["GET"]}}],"collection":[{"href":"https:\/\/seipuntozero-haircare.it\/pl\/wp-json\/wp\/v2\/product"}],"about":[{"href":"https:\/\/seipuntozero-haircare.it\/pl\/wp-json\/wp\/v2\/types\/product"}],"wp:featuredmedia":[{"embeddable":true,"href":"https:\/\/seipuntozero-haircare.it\/pl\/wp-json\/wp\/v2\/media\/24400"}],"wp:attachment":[{"href":"https:\/\/seipuntozero-haircare.it\/pl\/wp-json\/wp\/v2\/media?parent=21851"}],"wp:term":[{"taxonomy":"product_brand","embeddable":true,"href":"https:\/\/seipuntozero-haircare.it\/pl\/wp-json\/wp\/v2\/product_brand?post=21851"},{"taxonomy":"product_cat","embeddable":true,"href":"https:\/\/seipuntozero-haircare.it\/pl\/wp-json\/wp\/v2\/product_cat?post=21851"},{"taxonomy":"product_tag","embeddable":true,"href":"https:\/\/seipuntozero-haircare.it\/pl\/wp-json\/wp\/v2\/product_tag?post=21851"}],"curies":[{"name":"wp","href":"https:\/\/api.w.org\/{rel}","templated":true}]}}