{"id":21850,"date":"2021-09-29T11:43:13","date_gmt":"2021-09-29T09:43:13","guid":{"rendered":"https:\/\/seipuntozero-haircare.it\/prodotto\/selection-xy-szampon-do-wlosow-zniszczonych\/"},"modified":"2023-11-17T12:23:07","modified_gmt":"2023-11-17T11:23:07","slug":"selection-xy-szampon-do-wlosow-zniszczonych","status":"publish","type":"product","link":"https:\/\/seipuntozero-haircare.it\/pl\/prodotto\/selection-xy-szampon-do-wlosow-zniszczonych\/","title":{"rendered":"SELECTION XY <br> Szampon do W\u0142os\u00f3w Zniszczonych"},"content":{"rendered":"<ul>\n<li style=\"font-weight: 400;\" aria-level=\"1\"><span style=\"font-weight: 400;\">Delikatnie oczyszcza zniszczone w\u0142osy, g\u0142\u0119boko je nawil\u017caj\u0105c<\/span><\/li>\n<li style=\"font-weight: 400;\" aria-level=\"1\"><span style=\"font-weight: 400;\">W\u0142osy odzyskuj\u0105 mi\u0119kko\u015b\u0107 i elastyczno\u015b\u0107<\/span><\/li>\n<\/ul>\n","protected":false},"excerpt":{"rendered":"<p><span style=\"font-weight: 400;\">Szampon zosta\u0142 opracowany z my\u015bl\u0105 o prawdziwie luksusowym oczyszczaniu: przeznaczony do w\u0142os\u00f3w zniszczonych szampon Selection XY oferuje nowe doznania dla w\u0142os\u00f3w, dzi\u0119ki perfekcyjnemu po\u0142\u0105czeniu od\u017cywienia i nawil\u017cenia. W\u0142osy staj\u0105 si\u0119 mi\u0119kkie i l\u015bni\u0105 pi\u0119knem. Formu\u0142a oczyszczaj\u0105ca zosta\u0142a wzbogacona sk\u0142adnikami aktywnymi, Olejkiem Aarganowym i Keratyn\u0105, kt\u00f3re pomagaj\u0105 zachowa\u0107 elastyczno\u015b\u0107 i g\u0142\u0119bokie nawil\u017cenie w\u0142\u00f3kien w\u0142os\u00f3w.<\/span><\/p>\n<p><span style=\"font-weight: 400;\">Pojemno\u015b\u0107 1000 ml<\/span><\/p>\n","protected":false},"featured_media":24365,"template":"","meta":[],"product_brand":[],"product_cat":[1201],"product_tag":[],"class_list":["post-21850","product","type-product","status-publish","has-post-thumbnail","hentry","product_cat-luxury-touch-pl"],"yoast_head":"<!-- This site is optimized with the Yoast SEO plugin v27.1.1 - https:\/\/yoast.com\/product\/yoast-seo-wordpress\/ -->\n<title>SELECTION XY - Szampon do W\u0142os\u00f3w Zniszczonych<\/title>\n<meta name=\"robots\" content=\"index, follow, max-snippet:-1, max-image-preview:large, max-video-preview:-1\" \/>\n<link rel=\"canonical\" href=\"https:\/\/seipuntozero-haircare.it\/pl\/prodotto\/selection-xy-szampon-do-wlosow-zniszczonych\/\" \/>\n<meta property=\"og:locale\" content=\"pl_PL\" \/>\n<meta property=\"og:type\" content=\"article\" \/>\n<meta property=\"og:title\" content=\"SELECTION XY - Szampon do W\u0142os\u00f3w Zniszczonych\" \/>\n<meta property=\"og:description\" content=\"Szampon zosta\u0142 opracowany z my\u015bl\u0105 o prawdziwie luksusowym oczyszczaniu: przeznaczony do w\u0142os\u00f3w zniszczonych szampon Selection XY oferuje nowe doznania dla w\u0142os\u00f3w, dzi\u0119ki perfekcyjnemu po\u0142\u0105czeniu od\u017cywienia i nawil\u017cenia. W\u0142osy staj\u0105 si\u0119 mi\u0119kkie i l\u015bni\u0105 pi\u0119knem. Formu\u0142a oczyszczaj\u0105ca zosta\u0142a wzbogacona sk\u0142adnikami aktywnymi, Olejkiem Aarganowym i Keratyn\u0105, kt\u00f3re pomagaj\u0105 zachowa\u0107 elastyczno\u015b\u0107 i g\u0142\u0119bokie nawil\u017cenie w\u0142\u00f3kien w\u0142os\u00f3w.  Pojemno\u015b\u0107 1000 ml\" \/>\n<meta property=\"og:url\" content=\"https:\/\/seipuntozero-haircare.it\/pl\/prodotto\/selection-xy-szampon-do-wlosow-zniszczonych\/\" \/>\n<meta property=\"og:site_name\" content=\"6.Zero\" \/>\n<meta property=\"article:modified_time\" content=\"2023-11-17T11:23:07+00:00\" \/>\n<meta property=\"og:image\" content=\"https:\/\/seipuntozero-haircare.it\/wp-content\/uploads\/2026\/03\/263332-sei-punto-zero-selection-xy-shampoo-1000ml.png\" \/>\n\t<meta property=\"og:image:width\" content=\"800\" \/>\n\t<meta property=\"og:image:height\" content=\"800\" \/>\n\t<meta property=\"og:image:type\" content=\"image\/png\" \/>\n<meta name=\"twitter:card\" content=\"summary_large_image\" \/>\n<meta name=\"twitter:label1\" content=\"Szacowany czas czytania\" \/>\n\t<meta name=\"twitter:data1\" content=\"1 minuta\" \/>\n<script type=\"application\/ld+json\" class=\"yoast-schema-graph\">{\"@context\":\"https:\/\/schema.org\",\"@graph\":[{\"@type\":\"WebPage\",\"@id\":\"https:\/\/seipuntozero-haircare.it\/pl\/prodotto\/selection-xy-szampon-do-wlosow-zniszczonych\/\",\"url\":\"https:\/\/seipuntozero-haircare.it\/pl\/prodotto\/selection-xy-szampon-do-wlosow-zniszczonych\/\",\"name\":\"SELECTION XY - Szampon do W\u0142os\u00f3w Zniszczonych\",\"isPartOf\":{\"@id\":\"https:\/\/seipuntozero-haircare.it\/pl\/#website\"},\"primaryImageOfPage\":{\"@id\":\"https:\/\/seipuntozero-haircare.it\/pl\/prodotto\/selection-xy-szampon-do-wlosow-zniszczonych\/#primaryimage\"},\"image\":{\"@id\":\"https:\/\/seipuntozero-haircare.it\/pl\/prodotto\/selection-xy-szampon-do-wlosow-zniszczonych\/#primaryimage\"},\"thumbnailUrl\":\"https:\/\/seipuntozero-haircare.it\/wp-content\/uploads\/2026\/03\/263332-sei-punto-zero-selection-xy-shampoo-1000ml.png\",\"datePublished\":\"2021-09-29T09:43:13+00:00\",\"dateModified\":\"2023-11-17T11:23:07+00:00\",\"breadcrumb\":{\"@id\":\"https:\/\/seipuntozero-haircare.it\/pl\/prodotto\/selection-xy-szampon-do-wlosow-zniszczonych\/#breadcrumb\"},\"inLanguage\":\"pl-PL\",\"potentialAction\":[{\"@type\":\"ReadAction\",\"target\":[\"https:\/\/seipuntozero-haircare.it\/pl\/prodotto\/selection-xy-szampon-do-wlosow-zniszczonych\/\"]}]},{\"@type\":\"ImageObject\",\"inLanguage\":\"pl-PL\",\"@id\":\"https:\/\/seipuntozero-haircare.it\/pl\/prodotto\/selection-xy-szampon-do-wlosow-zniszczonych\/#primaryimage\",\"url\":\"https:\/\/seipuntozero-haircare.it\/wp-content\/uploads\/2026\/03\/263332-sei-punto-zero-selection-xy-shampoo-1000ml.png\",\"contentUrl\":\"https:\/\/seipuntozero-haircare.it\/wp-content\/uploads\/2026\/03\/263332-sei-punto-zero-selection-xy-shampoo-1000ml.png\",\"width\":800,\"height\":800},{\"@type\":\"BreadcrumbList\",\"@id\":\"https:\/\/seipuntozero-haircare.it\/pl\/prodotto\/selection-xy-szampon-do-wlosow-zniszczonych\/#breadcrumb\",\"itemListElement\":[{\"@type\":\"ListItem\",\"position\":1,\"name\":\"Home\",\"item\":\"https:\/\/seipuntozero-haircare.it\/pl\/\"},{\"@type\":\"ListItem\",\"position\":2,\"name\":\"Prodotti\",\"item\":\"https:\/\/seipuntozero-haircare.it\/prodotti\/\"},{\"@type\":\"ListItem\",\"position\":3,\"name\":\"SELECTION XY Szampon do W\u0142os\u00f3w Zniszczonych\"}]},{\"@type\":\"WebSite\",\"@id\":\"https:\/\/seipuntozero-haircare.it\/pl\/#website\",\"url\":\"https:\/\/seipuntozero-haircare.it\/pl\/\",\"name\":\"6.Zero\",\"description\":\"Essential Touch\",\"potentialAction\":[{\"@type\":\"SearchAction\",\"target\":{\"@type\":\"EntryPoint\",\"urlTemplate\":\"https:\/\/seipuntozero-haircare.it\/pl\/?s={search_term_string}\"},\"query-input\":{\"@type\":\"PropertyValueSpecification\",\"valueRequired\":true,\"valueName\":\"search_term_string\"}}],\"inLanguage\":\"pl-PL\"}]}<\/script>\n<!-- \/ Yoast SEO plugin. -->","yoast_head_json":{"title":"SELECTION XY - Szampon do W\u0142os\u00f3w Zniszczonych","robots":{"index":"index","follow":"follow","max-snippet":"max-snippet:-1","max-image-preview":"max-image-preview:large","max-video-preview":"max-video-preview:-1"},"canonical":"https:\/\/seipuntozero-haircare.it\/pl\/prodotto\/selection-xy-szampon-do-wlosow-zniszczonych\/","og_locale":"pl_PL","og_type":"article","og_title":"SELECTION XY - Szampon do W\u0142os\u00f3w Zniszczonych","og_description":"Szampon zosta\u0142 opracowany z my\u015bl\u0105 o prawdziwie luksusowym oczyszczaniu: przeznaczony do w\u0142os\u00f3w zniszczonych szampon Selection XY oferuje nowe doznania dla w\u0142os\u00f3w, dzi\u0119ki perfekcyjnemu po\u0142\u0105czeniu od\u017cywienia i nawil\u017cenia. W\u0142osy staj\u0105 si\u0119 mi\u0119kkie i l\u015bni\u0105 pi\u0119knem. Formu\u0142a oczyszczaj\u0105ca zosta\u0142a wzbogacona sk\u0142adnikami aktywnymi, Olejkiem Aarganowym i Keratyn\u0105, kt\u00f3re pomagaj\u0105 zachowa\u0107 elastyczno\u015b\u0107 i g\u0142\u0119bokie nawil\u017cenie w\u0142\u00f3kien w\u0142os\u00f3w.  Pojemno\u015b\u0107 1000 ml","og_url":"https:\/\/seipuntozero-haircare.it\/pl\/prodotto\/selection-xy-szampon-do-wlosow-zniszczonych\/","og_site_name":"6.Zero","article_modified_time":"2023-11-17T11:23:07+00:00","og_image":[{"width":800,"height":800,"url":"https:\/\/seipuntozero-haircare.it\/wp-content\/uploads\/2026\/03\/263332-sei-punto-zero-selection-xy-shampoo-1000ml.png","type":"image\/png"}],"twitter_card":"summary_large_image","twitter_misc":{"Szacowany czas czytania":"1 minuta"},"schema":{"@context":"https:\/\/schema.org","@graph":[{"@type":"WebPage","@id":"https:\/\/seipuntozero-haircare.it\/pl\/prodotto\/selection-xy-szampon-do-wlosow-zniszczonych\/","url":"https:\/\/seipuntozero-haircare.it\/pl\/prodotto\/selection-xy-szampon-do-wlosow-zniszczonych\/","name":"SELECTION XY - Szampon do W\u0142os\u00f3w Zniszczonych","isPartOf":{"@id":"https:\/\/seipuntozero-haircare.it\/pl\/#website"},"primaryImageOfPage":{"@id":"https:\/\/seipuntozero-haircare.it\/pl\/prodotto\/selection-xy-szampon-do-wlosow-zniszczonych\/#primaryimage"},"image":{"@id":"https:\/\/seipuntozero-haircare.it\/pl\/prodotto\/selection-xy-szampon-do-wlosow-zniszczonych\/#primaryimage"},"thumbnailUrl":"https:\/\/seipuntozero-haircare.it\/wp-content\/uploads\/2026\/03\/263332-sei-punto-zero-selection-xy-shampoo-1000ml.png","datePublished":"2021-09-29T09:43:13+00:00","dateModified":"2023-11-17T11:23:07+00:00","breadcrumb":{"@id":"https:\/\/seipuntozero-haircare.it\/pl\/prodotto\/selection-xy-szampon-do-wlosow-zniszczonych\/#breadcrumb"},"inLanguage":"pl-PL","potentialAction":[{"@type":"ReadAction","target":["https:\/\/seipuntozero-haircare.it\/pl\/prodotto\/selection-xy-szampon-do-wlosow-zniszczonych\/"]}]},{"@type":"ImageObject","inLanguage":"pl-PL","@id":"https:\/\/seipuntozero-haircare.it\/pl\/prodotto\/selection-xy-szampon-do-wlosow-zniszczonych\/#primaryimage","url":"https:\/\/seipuntozero-haircare.it\/wp-content\/uploads\/2026\/03\/263332-sei-punto-zero-selection-xy-shampoo-1000ml.png","contentUrl":"https:\/\/seipuntozero-haircare.it\/wp-content\/uploads\/2026\/03\/263332-sei-punto-zero-selection-xy-shampoo-1000ml.png","width":800,"height":800},{"@type":"BreadcrumbList","@id":"https:\/\/seipuntozero-haircare.it\/pl\/prodotto\/selection-xy-szampon-do-wlosow-zniszczonych\/#breadcrumb","itemListElement":[{"@type":"ListItem","position":1,"name":"Home","item":"https:\/\/seipuntozero-haircare.it\/pl\/"},{"@type":"ListItem","position":2,"name":"Prodotti","item":"https:\/\/seipuntozero-haircare.it\/prodotti\/"},{"@type":"ListItem","position":3,"name":"SELECTION XY Szampon do W\u0142os\u00f3w Zniszczonych"}]},{"@type":"WebSite","@id":"https:\/\/seipuntozero-haircare.it\/pl\/#website","url":"https:\/\/seipuntozero-haircare.it\/pl\/","name":"6.Zero","description":"Essential Touch","potentialAction":[{"@type":"SearchAction","target":{"@type":"EntryPoint","urlTemplate":"https:\/\/seipuntozero-haircare.it\/pl\/?s={search_term_string}"},"query-input":{"@type":"PropertyValueSpecification","valueRequired":true,"valueName":"search_term_string"}}],"inLanguage":"pl-PL"}]}},"_links":{"self":[{"href":"https:\/\/seipuntozero-haircare.it\/pl\/wp-json\/wp\/v2\/product\/21850","targetHints":{"allow":["GET"]}}],"collection":[{"href":"https:\/\/seipuntozero-haircare.it\/pl\/wp-json\/wp\/v2\/product"}],"about":[{"href":"https:\/\/seipuntozero-haircare.it\/pl\/wp-json\/wp\/v2\/types\/product"}],"wp:featuredmedia":[{"embeddable":true,"href":"https:\/\/seipuntozero-haircare.it\/pl\/wp-json\/wp\/v2\/media\/24365"}],"wp:attachment":[{"href":"https:\/\/seipuntozero-haircare.it\/pl\/wp-json\/wp\/v2\/media?parent=21850"}],"wp:term":[{"taxonomy":"product_brand","embeddable":true,"href":"https:\/\/seipuntozero-haircare.it\/pl\/wp-json\/wp\/v2\/product_brand?post=21850"},{"taxonomy":"product_cat","embeddable":true,"href":"https:\/\/seipuntozero-haircare.it\/pl\/wp-json\/wp\/v2\/product_cat?post=21850"},{"taxonomy":"product_tag","embeddable":true,"href":"https:\/\/seipuntozero-haircare.it\/pl\/wp-json\/wp\/v2\/product_tag?post=21850"}],"curies":[{"name":"wp","href":"https:\/\/api.w.org\/{rel}","templated":true}]}}