{"id":21848,"date":"2019-03-14T18:00:13","date_gmt":"2019-03-14T17:00:13","guid":{"rendered":"https:\/\/seipuntozero-haircare.it\/prodotto\/maska-do-wlosow-zniszczonych\/"},"modified":"2023-11-17T12:21:51","modified_gmt":"2023-11-17T11:21:51","slug":"maska-do-wlosow-zniszczonych","status":"publish","type":"product","link":"https:\/\/seipuntozero-haircare.it\/pl\/prodotto\/maska-do-wlosow-zniszczonych\/","title":{"rendered":"SELECTION XY <br> Maska do W\u0142os\u00f3w Zniszczonych"},"content":{"rendered":"<ul>\n<li style=\"font-weight: 400;\" aria-level=\"1\"><span style=\"font-weight: 400;\">Zabieg upi\u0119kszaj\u0105cy o dzia\u0142aniu silnie od\u017cywczym i odbudowuj\u0105cym<\/span><\/li>\n<li style=\"font-weight: 400;\" aria-level=\"1\"><span style=\"font-weight: 400;\">W\u0142osy odzyskuj\u0105 naturalny blask, mi\u0119kko\u015b\u0107 i witalno\u015b\u0107<\/span><\/li>\n<\/ul>\n","protected":false},"excerpt":{"rendered":"<p><span style=\"font-weight: 400;\">Zmys\u0142owy b\u0142ysk i fantastyczna mi\u0119kko\u015b\u0107 dzi\u0119ki zabiegowi, kt\u00f3ry jest prawdziw\u0105 terapi\u0105 upi\u0119kszaj\u0105c\u0105 dla zniszczonych w\u0142os\u00f3w: maska Selection XY rewitalizuje w\u0142osy, pozostawiaj\u0105c je luksusowo jedwabiste w dotyku. Maska 6.Zero \u0142\u0105czy w sobie cenne w\u0142a\u015bciwo\u015bci Olejku Arganowego oraz Keratyny z bogat\u0105 konsystencj\u0105, oraz odurzaj\u0105cym zapachem. Dzi\u0119ki od\u017cywczemu i odbudowuj\u0105cemu dzia\u0142aniu sk\u0142adnik\u00f3w aktywnych formu\u0142y w\u0142osy odzyskuj\u0105 naturalny blask, mi\u0119kko\u015b\u0107 i witalno\u015b\u0107.<\/span><\/p>\n<p><span style=\"font-weight: 400;\">Pojemno\u015b\u0107 300 ml<\/span><\/p>\n","protected":false},"featured_media":24386,"template":"","meta":[],"product_brand":[],"product_cat":[1201],"product_tag":[],"class_list":["post-21848","product","type-product","status-publish","has-post-thumbnail","hentry","product_cat-luxury-touch-pl"],"yoast_head":"<!-- This site is optimized with the Yoast SEO plugin v27.1.1 - https:\/\/yoast.com\/product\/yoast-seo-wordpress\/ -->\n<title>SELECTION XY - Maska do W\u0142os\u00f3w Zniszczonych<\/title>\n<meta name=\"description\" content=\"maska Selection XY rewitalizuje w\u0142osy, pozostawiaj\u0105c je luksusowo jedwabiste w dotyku\" \/>\n<meta name=\"robots\" content=\"index, follow, max-snippet:-1, max-image-preview:large, max-video-preview:-1\" \/>\n<link rel=\"canonical\" href=\"https:\/\/seipuntozero-haircare.it\/pl\/prodotto\/maska-do-wlosow-zniszczonych\/\" \/>\n<meta property=\"og:locale\" content=\"pl_PL\" \/>\n<meta property=\"og:type\" content=\"article\" \/>\n<meta property=\"og:title\" content=\"SELECTION XY - Maska do W\u0142os\u00f3w Zniszczonych\" \/>\n<meta property=\"og:description\" content=\"maska Selection XY rewitalizuje w\u0142osy, pozostawiaj\u0105c je luksusowo jedwabiste w dotyku\" \/>\n<meta property=\"og:url\" content=\"https:\/\/seipuntozero-haircare.it\/pl\/prodotto\/maska-do-wlosow-zniszczonych\/\" \/>\n<meta property=\"og:site_name\" content=\"6.Zero\" \/>\n<meta property=\"article:modified_time\" content=\"2023-11-17T11:21:51+00:00\" \/>\n<meta property=\"og:image\" content=\"https:\/\/seipuntozero-haircare.it\/wp-content\/uploads\/2026\/03\/263356-sei-punto-zero-selection-xy-mask-300ml.png\" \/>\n\t<meta property=\"og:image:width\" content=\"800\" \/>\n\t<meta property=\"og:image:height\" content=\"800\" \/>\n\t<meta property=\"og:image:type\" content=\"image\/png\" \/>\n<meta name=\"twitter:card\" content=\"summary_large_image\" \/>\n<meta name=\"twitter:label1\" content=\"Szacowany czas czytania\" \/>\n\t<meta name=\"twitter:data1\" content=\"1 minuta\" \/>\n<script type=\"application\/ld+json\" class=\"yoast-schema-graph\">{\"@context\":\"https:\/\/schema.org\",\"@graph\":[{\"@type\":\"WebPage\",\"@id\":\"https:\/\/seipuntozero-haircare.it\/pl\/prodotto\/maska-do-wlosow-zniszczonych\/\",\"url\":\"https:\/\/seipuntozero-haircare.it\/pl\/prodotto\/maska-do-wlosow-zniszczonych\/\",\"name\":\"SELECTION XY - Maska do W\u0142os\u00f3w Zniszczonych\",\"isPartOf\":{\"@id\":\"https:\/\/seipuntozero-haircare.it\/pl\/#website\"},\"primaryImageOfPage\":{\"@id\":\"https:\/\/seipuntozero-haircare.it\/pl\/prodotto\/maska-do-wlosow-zniszczonych\/#primaryimage\"},\"image\":{\"@id\":\"https:\/\/seipuntozero-haircare.it\/pl\/prodotto\/maska-do-wlosow-zniszczonych\/#primaryimage\"},\"thumbnailUrl\":\"https:\/\/seipuntozero-haircare.it\/wp-content\/uploads\/2026\/03\/263356-sei-punto-zero-selection-xy-mask-300ml.png\",\"datePublished\":\"2019-03-14T17:00:13+00:00\",\"dateModified\":\"2023-11-17T11:21:51+00:00\",\"description\":\"maska Selection XY rewitalizuje w\u0142osy, pozostawiaj\u0105c je luksusowo jedwabiste w dotyku\",\"breadcrumb\":{\"@id\":\"https:\/\/seipuntozero-haircare.it\/pl\/prodotto\/maska-do-wlosow-zniszczonych\/#breadcrumb\"},\"inLanguage\":\"pl-PL\",\"potentialAction\":[{\"@type\":\"ReadAction\",\"target\":[\"https:\/\/seipuntozero-haircare.it\/pl\/prodotto\/maska-do-wlosow-zniszczonych\/\"]}]},{\"@type\":\"ImageObject\",\"inLanguage\":\"pl-PL\",\"@id\":\"https:\/\/seipuntozero-haircare.it\/pl\/prodotto\/maska-do-wlosow-zniszczonych\/#primaryimage\",\"url\":\"https:\/\/seipuntozero-haircare.it\/wp-content\/uploads\/2026\/03\/263356-sei-punto-zero-selection-xy-mask-300ml.png\",\"contentUrl\":\"https:\/\/seipuntozero-haircare.it\/wp-content\/uploads\/2026\/03\/263356-sei-punto-zero-selection-xy-mask-300ml.png\",\"width\":800,\"height\":800},{\"@type\":\"BreadcrumbList\",\"@id\":\"https:\/\/seipuntozero-haircare.it\/pl\/prodotto\/maska-do-wlosow-zniszczonych\/#breadcrumb\",\"itemListElement\":[{\"@type\":\"ListItem\",\"position\":1,\"name\":\"Home\",\"item\":\"https:\/\/seipuntozero-haircare.it\/pl\/\"},{\"@type\":\"ListItem\",\"position\":2,\"name\":\"Prodotti\",\"item\":\"https:\/\/seipuntozero-haircare.it\/prodotti\/\"},{\"@type\":\"ListItem\",\"position\":3,\"name\":\"SELECTION XY Maska do W\u0142os\u00f3w Zniszczonych\"}]},{\"@type\":\"WebSite\",\"@id\":\"https:\/\/seipuntozero-haircare.it\/pl\/#website\",\"url\":\"https:\/\/seipuntozero-haircare.it\/pl\/\",\"name\":\"6.Zero\",\"description\":\"Essential Touch\",\"potentialAction\":[{\"@type\":\"SearchAction\",\"target\":{\"@type\":\"EntryPoint\",\"urlTemplate\":\"https:\/\/seipuntozero-haircare.it\/pl\/?s={search_term_string}\"},\"query-input\":{\"@type\":\"PropertyValueSpecification\",\"valueRequired\":true,\"valueName\":\"search_term_string\"}}],\"inLanguage\":\"pl-PL\"}]}<\/script>\n<!-- \/ Yoast SEO plugin. -->","yoast_head_json":{"title":"SELECTION XY - Maska do W\u0142os\u00f3w Zniszczonych","description":"maska Selection XY rewitalizuje w\u0142osy, pozostawiaj\u0105c je luksusowo jedwabiste w dotyku","robots":{"index":"index","follow":"follow","max-snippet":"max-snippet:-1","max-image-preview":"max-image-preview:large","max-video-preview":"max-video-preview:-1"},"canonical":"https:\/\/seipuntozero-haircare.it\/pl\/prodotto\/maska-do-wlosow-zniszczonych\/","og_locale":"pl_PL","og_type":"article","og_title":"SELECTION XY - Maska do W\u0142os\u00f3w Zniszczonych","og_description":"maska Selection XY rewitalizuje w\u0142osy, pozostawiaj\u0105c je luksusowo jedwabiste w dotyku","og_url":"https:\/\/seipuntozero-haircare.it\/pl\/prodotto\/maska-do-wlosow-zniszczonych\/","og_site_name":"6.Zero","article_modified_time":"2023-11-17T11:21:51+00:00","og_image":[{"width":800,"height":800,"url":"https:\/\/seipuntozero-haircare.it\/wp-content\/uploads\/2026\/03\/263356-sei-punto-zero-selection-xy-mask-300ml.png","type":"image\/png"}],"twitter_card":"summary_large_image","twitter_misc":{"Szacowany czas czytania":"1 minuta"},"schema":{"@context":"https:\/\/schema.org","@graph":[{"@type":"WebPage","@id":"https:\/\/seipuntozero-haircare.it\/pl\/prodotto\/maska-do-wlosow-zniszczonych\/","url":"https:\/\/seipuntozero-haircare.it\/pl\/prodotto\/maska-do-wlosow-zniszczonych\/","name":"SELECTION XY - Maska do W\u0142os\u00f3w Zniszczonych","isPartOf":{"@id":"https:\/\/seipuntozero-haircare.it\/pl\/#website"},"primaryImageOfPage":{"@id":"https:\/\/seipuntozero-haircare.it\/pl\/prodotto\/maska-do-wlosow-zniszczonych\/#primaryimage"},"image":{"@id":"https:\/\/seipuntozero-haircare.it\/pl\/prodotto\/maska-do-wlosow-zniszczonych\/#primaryimage"},"thumbnailUrl":"https:\/\/seipuntozero-haircare.it\/wp-content\/uploads\/2026\/03\/263356-sei-punto-zero-selection-xy-mask-300ml.png","datePublished":"2019-03-14T17:00:13+00:00","dateModified":"2023-11-17T11:21:51+00:00","description":"maska Selection XY rewitalizuje w\u0142osy, pozostawiaj\u0105c je luksusowo jedwabiste w dotyku","breadcrumb":{"@id":"https:\/\/seipuntozero-haircare.it\/pl\/prodotto\/maska-do-wlosow-zniszczonych\/#breadcrumb"},"inLanguage":"pl-PL","potentialAction":[{"@type":"ReadAction","target":["https:\/\/seipuntozero-haircare.it\/pl\/prodotto\/maska-do-wlosow-zniszczonych\/"]}]},{"@type":"ImageObject","inLanguage":"pl-PL","@id":"https:\/\/seipuntozero-haircare.it\/pl\/prodotto\/maska-do-wlosow-zniszczonych\/#primaryimage","url":"https:\/\/seipuntozero-haircare.it\/wp-content\/uploads\/2026\/03\/263356-sei-punto-zero-selection-xy-mask-300ml.png","contentUrl":"https:\/\/seipuntozero-haircare.it\/wp-content\/uploads\/2026\/03\/263356-sei-punto-zero-selection-xy-mask-300ml.png","width":800,"height":800},{"@type":"BreadcrumbList","@id":"https:\/\/seipuntozero-haircare.it\/pl\/prodotto\/maska-do-wlosow-zniszczonych\/#breadcrumb","itemListElement":[{"@type":"ListItem","position":1,"name":"Home","item":"https:\/\/seipuntozero-haircare.it\/pl\/"},{"@type":"ListItem","position":2,"name":"Prodotti","item":"https:\/\/seipuntozero-haircare.it\/prodotti\/"},{"@type":"ListItem","position":3,"name":"SELECTION XY Maska do W\u0142os\u00f3w Zniszczonych"}]},{"@type":"WebSite","@id":"https:\/\/seipuntozero-haircare.it\/pl\/#website","url":"https:\/\/seipuntozero-haircare.it\/pl\/","name":"6.Zero","description":"Essential Touch","potentialAction":[{"@type":"SearchAction","target":{"@type":"EntryPoint","urlTemplate":"https:\/\/seipuntozero-haircare.it\/pl\/?s={search_term_string}"},"query-input":{"@type":"PropertyValueSpecification","valueRequired":true,"valueName":"search_term_string"}}],"inLanguage":"pl-PL"}]}},"_links":{"self":[{"href":"https:\/\/seipuntozero-haircare.it\/pl\/wp-json\/wp\/v2\/product\/21848","targetHints":{"allow":["GET"]}}],"collection":[{"href":"https:\/\/seipuntozero-haircare.it\/pl\/wp-json\/wp\/v2\/product"}],"about":[{"href":"https:\/\/seipuntozero-haircare.it\/pl\/wp-json\/wp\/v2\/types\/product"}],"wp:featuredmedia":[{"embeddable":true,"href":"https:\/\/seipuntozero-haircare.it\/pl\/wp-json\/wp\/v2\/media\/24386"}],"wp:attachment":[{"href":"https:\/\/seipuntozero-haircare.it\/pl\/wp-json\/wp\/v2\/media?parent=21848"}],"wp:term":[{"taxonomy":"product_brand","embeddable":true,"href":"https:\/\/seipuntozero-haircare.it\/pl\/wp-json\/wp\/v2\/product_brand?post=21848"},{"taxonomy":"product_cat","embeddable":true,"href":"https:\/\/seipuntozero-haircare.it\/pl\/wp-json\/wp\/v2\/product_cat?post=21848"},{"taxonomy":"product_tag","embeddable":true,"href":"https:\/\/seipuntozero-haircare.it\/pl\/wp-json\/wp\/v2\/product_tag?post=21848"}],"curies":[{"name":"wp","href":"https:\/\/api.w.org\/{rel}","templated":true}]}}