{"id":21842,"date":"2017-03-15T15:33:27","date_gmt":"2017-03-15T14:33:27","guid":{"rendered":"https:\/\/seipuntozero-haircare.it\/prodotto\/almond-karite-treatment-odzywcza-maska-do-wlosow-poddanych-zabiegom-i-farbowanych\/"},"modified":"2023-11-17T12:03:22","modified_gmt":"2023-11-17T11:03:22","slug":"almond-karite-treatment-odzywcza-maska-do-wlosow-poddanych-zabiegom-i-farbowanych","status":"publish","type":"product","link":"https:\/\/seipuntozero-haircare.it\/pl\/prodotto\/almond-karite-treatment-odzywcza-maska-do-wlosow-poddanych-zabiegom-i-farbowanych\/","title":{"rendered":"ALMOND &#038; KARIT\u00c9 TREATMENT <br> Od\u017cywcza maska do w\u0142os\u00f3w poddanych zabiegom i farbowanych"},"content":{"rendered":"<ul>\n<li style=\"font-weight: 400;\" aria-level=\"1\"><span style=\"font-weight: 400;\">Od\u017cywia i chroni w\u0142osy poddane zabiegom i farbowane<\/span><\/li>\n<li style=\"font-weight: 400;\" aria-level=\"1\"><span style=\"font-weight: 400;\">Nadaje w\u0142osom nowy ton i obj\u0119to\u015b\u0107<\/span><\/li>\n<\/ul>\n","protected":false},"excerpt":{"rendered":"<p><span style=\"font-weight: 400;\">Almond &amp; Karit\u00e9 Treatment, od\u017cywcza maska do w\u0142os\u00f3w poddanych zabiegom i farbowanych. Maska jest bogata w witaminy, a jej formu\u0142a z Mas\u0142em Shea i Migda\u0142ami regeneruje, od\u017cywia i chroni, nadaj\u0105c w\u0142osom j\u0119drno\u015b\u0107 i elastyczno\u015b\u0107. W\u0142osy staj\u0105 si\u0119 mi\u0119kkie i zdrowe ju\u017c od pierwszego zastosowania maski, dzi\u0119ki dzia\u0142aniu regeneruj\u0105cemu, kt\u00f3re przywraca w\u0142osom naturaln\u0105 witalno\u015b\u0107.<\/span><\/p>\n<p><span style=\"font-weight: 400;\">Do u\u017cytku profesjonalnego<\/span><\/p>\n<p><span style=\"font-weight: 400;\">Opakowanie o pojemno\u015bci 1000 ml<\/span><\/p>\n","protected":false},"featured_media":21394,"template":"","meta":[],"product_brand":[],"product_cat":[1202],"product_tag":[],"class_list":["post-21842","product","type-product","status-publish","has-post-thumbnail","hentry","product_cat-salon-treatments-pl"],"yoast_head":"<!-- This site is optimized with the Yoast SEO plugin v27.1.1 - https:\/\/yoast.com\/product\/yoast-seo-wordpress\/ -->\n<title>Almond &amp; Karit\u00e9 Treatment<\/title>\n<meta name=\"description\" content=\"Almond &amp; Karit\u00e9 Treatment, od\u017cywcza maska do w\u0142os\u00f3w poddanych zabiegom i farbowanych.\" \/>\n<meta name=\"robots\" content=\"index, follow, max-snippet:-1, max-image-preview:large, max-video-preview:-1\" \/>\n<link rel=\"canonical\" href=\"https:\/\/seipuntozero-haircare.it\/pl\/prodotto\/almond-karite-treatment-odzywcza-maska-do-wlosow-poddanych-zabiegom-i-farbowanych\/\" \/>\n<meta property=\"og:locale\" content=\"pl_PL\" \/>\n<meta property=\"og:type\" content=\"article\" \/>\n<meta property=\"og:title\" content=\"Almond &amp; Karit\u00e9 Treatment\" \/>\n<meta property=\"og:description\" content=\"Almond &amp; Karit\u00e9 Treatment, od\u017cywcza maska do w\u0142os\u00f3w poddanych zabiegom i farbowanych.\" \/>\n<meta property=\"og:url\" content=\"https:\/\/seipuntozero-haircare.it\/pl\/prodotto\/almond-karite-treatment-odzywcza-maska-do-wlosow-poddanych-zabiegom-i-farbowanych\/\" \/>\n<meta property=\"og:site_name\" content=\"6.Zero\" \/>\n<meta property=\"article:modified_time\" content=\"2023-11-17T11:03:22+00:00\" \/>\n<meta property=\"og:image\" content=\"https:\/\/seipuntozero-haircare.it\/wp-content\/uploads\/2019\/11\/262182_sei_punto_zero_almond_karite_treatment_mask_1000ml.png\" \/>\n\t<meta property=\"og:image:width\" content=\"600\" \/>\n\t<meta property=\"og:image:height\" content=\"600\" \/>\n\t<meta property=\"og:image:type\" content=\"image\/png\" \/>\n<meta name=\"twitter:card\" content=\"summary_large_image\" \/>\n<meta name=\"twitter:label1\" content=\"Szacowany czas czytania\" \/>\n\t<meta name=\"twitter:data1\" content=\"1 minuta\" \/>\n<script type=\"application\/ld+json\" class=\"yoast-schema-graph\">{\"@context\":\"https:\/\/schema.org\",\"@graph\":[{\"@type\":\"WebPage\",\"@id\":\"https:\/\/seipuntozero-haircare.it\/pl\/prodotto\/almond-karite-treatment-odzywcza-maska-do-wlosow-poddanych-zabiegom-i-farbowanych\/\",\"url\":\"https:\/\/seipuntozero-haircare.it\/pl\/prodotto\/almond-karite-treatment-odzywcza-maska-do-wlosow-poddanych-zabiegom-i-farbowanych\/\",\"name\":\"Almond & Karit\u00e9 Treatment\",\"isPartOf\":{\"@id\":\"https:\/\/seipuntozero-haircare.it\/pl\/#website\"},\"primaryImageOfPage\":{\"@id\":\"https:\/\/seipuntozero-haircare.it\/pl\/prodotto\/almond-karite-treatment-odzywcza-maska-do-wlosow-poddanych-zabiegom-i-farbowanych\/#primaryimage\"},\"image\":{\"@id\":\"https:\/\/seipuntozero-haircare.it\/pl\/prodotto\/almond-karite-treatment-odzywcza-maska-do-wlosow-poddanych-zabiegom-i-farbowanych\/#primaryimage\"},\"thumbnailUrl\":\"https:\/\/seipuntozero-haircare.it\/wp-content\/uploads\/2019\/11\/262182_sei_punto_zero_almond_karite_treatment_mask_1000ml.png\",\"datePublished\":\"2017-03-15T14:33:27+00:00\",\"dateModified\":\"2023-11-17T11:03:22+00:00\",\"description\":\"Almond & Karit\u00e9 Treatment, od\u017cywcza maska do w\u0142os\u00f3w poddanych zabiegom i farbowanych.\",\"breadcrumb\":{\"@id\":\"https:\/\/seipuntozero-haircare.it\/pl\/prodotto\/almond-karite-treatment-odzywcza-maska-do-wlosow-poddanych-zabiegom-i-farbowanych\/#breadcrumb\"},\"inLanguage\":\"pl-PL\",\"potentialAction\":[{\"@type\":\"ReadAction\",\"target\":[\"https:\/\/seipuntozero-haircare.it\/pl\/prodotto\/almond-karite-treatment-odzywcza-maska-do-wlosow-poddanych-zabiegom-i-farbowanych\/\"]}]},{\"@type\":\"ImageObject\",\"inLanguage\":\"pl-PL\",\"@id\":\"https:\/\/seipuntozero-haircare.it\/pl\/prodotto\/almond-karite-treatment-odzywcza-maska-do-wlosow-poddanych-zabiegom-i-farbowanych\/#primaryimage\",\"url\":\"https:\/\/seipuntozero-haircare.it\/wp-content\/uploads\/2019\/11\/262182_sei_punto_zero_almond_karite_treatment_mask_1000ml.png\",\"contentUrl\":\"https:\/\/seipuntozero-haircare.it\/wp-content\/uploads\/2019\/11\/262182_sei_punto_zero_almond_karite_treatment_mask_1000ml.png\",\"width\":600,\"height\":600},{\"@type\":\"BreadcrumbList\",\"@id\":\"https:\/\/seipuntozero-haircare.it\/pl\/prodotto\/almond-karite-treatment-odzywcza-maska-do-wlosow-poddanych-zabiegom-i-farbowanych\/#breadcrumb\",\"itemListElement\":[{\"@type\":\"ListItem\",\"position\":1,\"name\":\"Home\",\"item\":\"https:\/\/seipuntozero-haircare.it\/pl\/\"},{\"@type\":\"ListItem\",\"position\":2,\"name\":\"Prodotti\",\"item\":\"https:\/\/seipuntozero-haircare.it\/prodotti\/\"},{\"@type\":\"ListItem\",\"position\":3,\"name\":\"ALMOND &#038; KARIT\u00c9 TREATMENT Od\u017cywcza maska do w\u0142os\u00f3w poddanych zabiegom i farbowanych\"}]},{\"@type\":\"WebSite\",\"@id\":\"https:\/\/seipuntozero-haircare.it\/pl\/#website\",\"url\":\"https:\/\/seipuntozero-haircare.it\/pl\/\",\"name\":\"6.Zero\",\"description\":\"Essential Touch\",\"potentialAction\":[{\"@type\":\"SearchAction\",\"target\":{\"@type\":\"EntryPoint\",\"urlTemplate\":\"https:\/\/seipuntozero-haircare.it\/pl\/?s={search_term_string}\"},\"query-input\":{\"@type\":\"PropertyValueSpecification\",\"valueRequired\":true,\"valueName\":\"search_term_string\"}}],\"inLanguage\":\"pl-PL\"}]}<\/script>\n<!-- \/ Yoast SEO plugin. -->","yoast_head_json":{"title":"Almond & Karit\u00e9 Treatment","description":"Almond & Karit\u00e9 Treatment, od\u017cywcza maska do w\u0142os\u00f3w poddanych zabiegom i farbowanych.","robots":{"index":"index","follow":"follow","max-snippet":"max-snippet:-1","max-image-preview":"max-image-preview:large","max-video-preview":"max-video-preview:-1"},"canonical":"https:\/\/seipuntozero-haircare.it\/pl\/prodotto\/almond-karite-treatment-odzywcza-maska-do-wlosow-poddanych-zabiegom-i-farbowanych\/","og_locale":"pl_PL","og_type":"article","og_title":"Almond & Karit\u00e9 Treatment","og_description":"Almond & Karit\u00e9 Treatment, od\u017cywcza maska do w\u0142os\u00f3w poddanych zabiegom i farbowanych.","og_url":"https:\/\/seipuntozero-haircare.it\/pl\/prodotto\/almond-karite-treatment-odzywcza-maska-do-wlosow-poddanych-zabiegom-i-farbowanych\/","og_site_name":"6.Zero","article_modified_time":"2023-11-17T11:03:22+00:00","og_image":[{"width":600,"height":600,"url":"https:\/\/seipuntozero-haircare.it\/wp-content\/uploads\/2019\/11\/262182_sei_punto_zero_almond_karite_treatment_mask_1000ml.png","type":"image\/png"}],"twitter_card":"summary_large_image","twitter_misc":{"Szacowany czas czytania":"1 minuta"},"schema":{"@context":"https:\/\/schema.org","@graph":[{"@type":"WebPage","@id":"https:\/\/seipuntozero-haircare.it\/pl\/prodotto\/almond-karite-treatment-odzywcza-maska-do-wlosow-poddanych-zabiegom-i-farbowanych\/","url":"https:\/\/seipuntozero-haircare.it\/pl\/prodotto\/almond-karite-treatment-odzywcza-maska-do-wlosow-poddanych-zabiegom-i-farbowanych\/","name":"Almond & Karit\u00e9 Treatment","isPartOf":{"@id":"https:\/\/seipuntozero-haircare.it\/pl\/#website"},"primaryImageOfPage":{"@id":"https:\/\/seipuntozero-haircare.it\/pl\/prodotto\/almond-karite-treatment-odzywcza-maska-do-wlosow-poddanych-zabiegom-i-farbowanych\/#primaryimage"},"image":{"@id":"https:\/\/seipuntozero-haircare.it\/pl\/prodotto\/almond-karite-treatment-odzywcza-maska-do-wlosow-poddanych-zabiegom-i-farbowanych\/#primaryimage"},"thumbnailUrl":"https:\/\/seipuntozero-haircare.it\/wp-content\/uploads\/2019\/11\/262182_sei_punto_zero_almond_karite_treatment_mask_1000ml.png","datePublished":"2017-03-15T14:33:27+00:00","dateModified":"2023-11-17T11:03:22+00:00","description":"Almond & Karit\u00e9 Treatment, od\u017cywcza maska do w\u0142os\u00f3w poddanych zabiegom i farbowanych.","breadcrumb":{"@id":"https:\/\/seipuntozero-haircare.it\/pl\/prodotto\/almond-karite-treatment-odzywcza-maska-do-wlosow-poddanych-zabiegom-i-farbowanych\/#breadcrumb"},"inLanguage":"pl-PL","potentialAction":[{"@type":"ReadAction","target":["https:\/\/seipuntozero-haircare.it\/pl\/prodotto\/almond-karite-treatment-odzywcza-maska-do-wlosow-poddanych-zabiegom-i-farbowanych\/"]}]},{"@type":"ImageObject","inLanguage":"pl-PL","@id":"https:\/\/seipuntozero-haircare.it\/pl\/prodotto\/almond-karite-treatment-odzywcza-maska-do-wlosow-poddanych-zabiegom-i-farbowanych\/#primaryimage","url":"https:\/\/seipuntozero-haircare.it\/wp-content\/uploads\/2019\/11\/262182_sei_punto_zero_almond_karite_treatment_mask_1000ml.png","contentUrl":"https:\/\/seipuntozero-haircare.it\/wp-content\/uploads\/2019\/11\/262182_sei_punto_zero_almond_karite_treatment_mask_1000ml.png","width":600,"height":600},{"@type":"BreadcrumbList","@id":"https:\/\/seipuntozero-haircare.it\/pl\/prodotto\/almond-karite-treatment-odzywcza-maska-do-wlosow-poddanych-zabiegom-i-farbowanych\/#breadcrumb","itemListElement":[{"@type":"ListItem","position":1,"name":"Home","item":"https:\/\/seipuntozero-haircare.it\/pl\/"},{"@type":"ListItem","position":2,"name":"Prodotti","item":"https:\/\/seipuntozero-haircare.it\/prodotti\/"},{"@type":"ListItem","position":3,"name":"ALMOND &#038; KARIT\u00c9 TREATMENT Od\u017cywcza maska do w\u0142os\u00f3w poddanych zabiegom i farbowanych"}]},{"@type":"WebSite","@id":"https:\/\/seipuntozero-haircare.it\/pl\/#website","url":"https:\/\/seipuntozero-haircare.it\/pl\/","name":"6.Zero","description":"Essential Touch","potentialAction":[{"@type":"SearchAction","target":{"@type":"EntryPoint","urlTemplate":"https:\/\/seipuntozero-haircare.it\/pl\/?s={search_term_string}"},"query-input":{"@type":"PropertyValueSpecification","valueRequired":true,"valueName":"search_term_string"}}],"inLanguage":"pl-PL"}]}},"_links":{"self":[{"href":"https:\/\/seipuntozero-haircare.it\/pl\/wp-json\/wp\/v2\/product\/21842","targetHints":{"allow":["GET"]}}],"collection":[{"href":"https:\/\/seipuntozero-haircare.it\/pl\/wp-json\/wp\/v2\/product"}],"about":[{"href":"https:\/\/seipuntozero-haircare.it\/pl\/wp-json\/wp\/v2\/types\/product"}],"wp:featuredmedia":[{"embeddable":true,"href":"https:\/\/seipuntozero-haircare.it\/pl\/wp-json\/wp\/v2\/media\/21394"}],"wp:attachment":[{"href":"https:\/\/seipuntozero-haircare.it\/pl\/wp-json\/wp\/v2\/media?parent=21842"}],"wp:term":[{"taxonomy":"product_brand","embeddable":true,"href":"https:\/\/seipuntozero-haircare.it\/pl\/wp-json\/wp\/v2\/product_brand?post=21842"},{"taxonomy":"product_cat","embeddable":true,"href":"https:\/\/seipuntozero-haircare.it\/pl\/wp-json\/wp\/v2\/product_cat?post=21842"},{"taxonomy":"product_tag","embeddable":true,"href":"https:\/\/seipuntozero-haircare.it\/pl\/wp-json\/wp\/v2\/product_tag?post=21842"}],"curies":[{"name":"wp","href":"https:\/\/api.w.org\/{rel}","templated":true}]}}