{"id":21841,"date":"2017-03-15T14:57:47","date_gmt":"2017-03-15T13:57:47","guid":{"rendered":"https:\/\/seipuntozero-haircare.it\/prodotto\/nutri-salon-szampon-do-wlosow-suchych-i-lamliwych\/"},"modified":"2023-11-17T12:06:19","modified_gmt":"2023-11-17T11:06:19","slug":"nutri-salon-szampon-do-wlosow-suchych-i-lamliwych","status":"publish","type":"product","link":"https:\/\/seipuntozero-haircare.it\/pl\/prodotto\/nutri-salon-szampon-do-wlosow-suchych-i-lamliwych\/","title":{"rendered":"NUTRI SALON <br> Szampon do w\u0142os\u00f3w suchych i \u0142amliwych"},"content":{"rendered":"<ul>\n<li style=\"font-weight: 400;\" aria-level=\"1\"><span style=\"font-weight: 400;\">Prawdziwe panaceum na suche i \u0142amliwe w\u0142osy<\/span><\/li>\n<li style=\"font-weight: 400;\" aria-level=\"1\"><span style=\"font-weight: 400;\">Od\u017cywia i nawil\u017ca w\u0142\u00f3kno w\u0142osa<\/span><\/li>\n<li style=\"font-weight: 400;\" aria-level=\"1\"><span style=\"font-weight: 400;\">Sprawia, \u017ce w\u0142osy staj\u0105 si\u0119 lekkie i pe\u0142ne blasku<\/span><\/li>\n<\/ul>\n","protected":false},"excerpt":{"rendered":"<p><span style=\"font-weight: 400;\">Nutri Salon, szampon do w\u0142os\u00f3w suchych i \u0142amliwych. Delikatnie oczyszcza i przywraca optymalny poziom nawil\u017cenia w\u0142os\u00f3w, sprawiaj\u0105c, \u017ce staj\u0105 si\u0119 one niezwykle mi\u0119kkie i jedwabiste. Pomaga zapobiega\u0107 rozdwajaniu si\u0119 ko\u0144c\u00f3wek, wzmacnia i od\u017cywia w\u0142\u00f3kno w\u0142os\u00f3w dzi\u0119ki wszechstronnemu dzia\u0142aniu sk\u0142adnik\u00f3w aktywnych zawartych w formule: dzi\u0119ki Olejkowi ze S\u0142odkich Migda\u0142\u00f3w i Mas\u0142u Shea szampon do w\u0142os\u00f3w suchych i \u0142amliwych sprawia, \u017ce w\u0142osy staj\u0105 si\u0119 mi\u0119kkie, zregenerowane i b\u0142yszcz\u0105ce.<\/span><\/p>\n<p><span style=\"font-weight: 400;\">Do u\u017cytku profesjonalnego<\/span><\/p>\n<p><span style=\"font-weight: 400;\">Butelka 1000 ml<\/span><\/p>\n","protected":false},"featured_media":21398,"template":"","meta":[],"product_brand":[],"product_cat":[1202],"product_tag":[],"class_list":["post-21841","product","type-product","status-publish","has-post-thumbnail","hentry","product_cat-salon-treatments-pl"],"yoast_head":"<!-- This site is optimized with the Yoast SEO plugin v27.1.1 - https:\/\/yoast.com\/product\/yoast-seo-wordpress\/ -->\n<title>Nutri Salon \u2013 Szampon do w\u0142os\u00f3w suchych i \u0142amliwych<\/title>\n<meta name=\"description\" content=\"Nutri Salon, szampon do w\u0142os\u00f3w suchych i \u0142amliwych. Delikatnie oczyszcza i przywraca optymalny poziom nawil\u017cenia w\u0142os\u00f3w,\" \/>\n<meta name=\"robots\" content=\"index, follow, max-snippet:-1, max-image-preview:large, max-video-preview:-1\" \/>\n<link rel=\"canonical\" href=\"https:\/\/seipuntozero-haircare.it\/pl\/prodotto\/nutri-salon-szampon-do-wlosow-suchych-i-lamliwych\/\" \/>\n<meta property=\"og:locale\" content=\"pl_PL\" \/>\n<meta property=\"og:type\" content=\"article\" \/>\n<meta property=\"og:title\" content=\"Nutri Salon \u2013 Szampon do w\u0142os\u00f3w suchych i \u0142amliwych\" \/>\n<meta property=\"og:description\" content=\"Nutri Salon, szampon do w\u0142os\u00f3w suchych i \u0142amliwych. Delikatnie oczyszcza i przywraca optymalny poziom nawil\u017cenia w\u0142os\u00f3w,\" \/>\n<meta property=\"og:url\" content=\"https:\/\/seipuntozero-haircare.it\/pl\/prodotto\/nutri-salon-szampon-do-wlosow-suchych-i-lamliwych\/\" \/>\n<meta property=\"og:site_name\" content=\"6.Zero\" \/>\n<meta property=\"article:modified_time\" content=\"2023-11-17T11:06:19+00:00\" \/>\n<meta property=\"og:image\" content=\"https:\/\/seipuntozero-haircare.it\/wp-content\/uploads\/2017\/03\/262137_sei_punto_zero_nutri_salon_shampoo_1000ml.png\" \/>\n\t<meta property=\"og:image:width\" content=\"600\" \/>\n\t<meta property=\"og:image:height\" content=\"600\" \/>\n\t<meta property=\"og:image:type\" content=\"image\/png\" \/>\n<meta name=\"twitter:card\" content=\"summary_large_image\" \/>\n<meta name=\"twitter:label1\" content=\"Szacowany czas czytania\" \/>\n\t<meta name=\"twitter:data1\" content=\"1 minuta\" \/>\n<script type=\"application\/ld+json\" class=\"yoast-schema-graph\">{\"@context\":\"https:\/\/schema.org\",\"@graph\":[{\"@type\":\"WebPage\",\"@id\":\"https:\/\/seipuntozero-haircare.it\/pl\/prodotto\/nutri-salon-szampon-do-wlosow-suchych-i-lamliwych\/\",\"url\":\"https:\/\/seipuntozero-haircare.it\/pl\/prodotto\/nutri-salon-szampon-do-wlosow-suchych-i-lamliwych\/\",\"name\":\"Nutri Salon \u2013 Szampon do w\u0142os\u00f3w suchych i \u0142amliwych\",\"isPartOf\":{\"@id\":\"https:\/\/seipuntozero-haircare.it\/pl\/#website\"},\"primaryImageOfPage\":{\"@id\":\"https:\/\/seipuntozero-haircare.it\/pl\/prodotto\/nutri-salon-szampon-do-wlosow-suchych-i-lamliwych\/#primaryimage\"},\"image\":{\"@id\":\"https:\/\/seipuntozero-haircare.it\/pl\/prodotto\/nutri-salon-szampon-do-wlosow-suchych-i-lamliwych\/#primaryimage\"},\"thumbnailUrl\":\"https:\/\/seipuntozero-haircare.it\/wp-content\/uploads\/2017\/03\/262137_sei_punto_zero_nutri_salon_shampoo_1000ml.png\",\"datePublished\":\"2017-03-15T13:57:47+00:00\",\"dateModified\":\"2023-11-17T11:06:19+00:00\",\"description\":\"Nutri Salon, szampon do w\u0142os\u00f3w suchych i \u0142amliwych. Delikatnie oczyszcza i przywraca optymalny poziom nawil\u017cenia w\u0142os\u00f3w,\",\"breadcrumb\":{\"@id\":\"https:\/\/seipuntozero-haircare.it\/pl\/prodotto\/nutri-salon-szampon-do-wlosow-suchych-i-lamliwych\/#breadcrumb\"},\"inLanguage\":\"pl-PL\",\"potentialAction\":[{\"@type\":\"ReadAction\",\"target\":[\"https:\/\/seipuntozero-haircare.it\/pl\/prodotto\/nutri-salon-szampon-do-wlosow-suchych-i-lamliwych\/\"]}]},{\"@type\":\"ImageObject\",\"inLanguage\":\"pl-PL\",\"@id\":\"https:\/\/seipuntozero-haircare.it\/pl\/prodotto\/nutri-salon-szampon-do-wlosow-suchych-i-lamliwych\/#primaryimage\",\"url\":\"https:\/\/seipuntozero-haircare.it\/wp-content\/uploads\/2017\/03\/262137_sei_punto_zero_nutri_salon_shampoo_1000ml.png\",\"contentUrl\":\"https:\/\/seipuntozero-haircare.it\/wp-content\/uploads\/2017\/03\/262137_sei_punto_zero_nutri_salon_shampoo_1000ml.png\",\"width\":600,\"height\":600},{\"@type\":\"BreadcrumbList\",\"@id\":\"https:\/\/seipuntozero-haircare.it\/pl\/prodotto\/nutri-salon-szampon-do-wlosow-suchych-i-lamliwych\/#breadcrumb\",\"itemListElement\":[{\"@type\":\"ListItem\",\"position\":1,\"name\":\"Home\",\"item\":\"https:\/\/seipuntozero-haircare.it\/pl\/\"},{\"@type\":\"ListItem\",\"position\":2,\"name\":\"Prodotti\",\"item\":\"https:\/\/seipuntozero-haircare.it\/prodotti\/\"},{\"@type\":\"ListItem\",\"position\":3,\"name\":\"NUTRI SALON Szampon do w\u0142os\u00f3w suchych i \u0142amliwych\"}]},{\"@type\":\"WebSite\",\"@id\":\"https:\/\/seipuntozero-haircare.it\/pl\/#website\",\"url\":\"https:\/\/seipuntozero-haircare.it\/pl\/\",\"name\":\"6.Zero\",\"description\":\"Essential Touch\",\"potentialAction\":[{\"@type\":\"SearchAction\",\"target\":{\"@type\":\"EntryPoint\",\"urlTemplate\":\"https:\/\/seipuntozero-haircare.it\/pl\/?s={search_term_string}\"},\"query-input\":{\"@type\":\"PropertyValueSpecification\",\"valueRequired\":true,\"valueName\":\"search_term_string\"}}],\"inLanguage\":\"pl-PL\"}]}<\/script>\n<!-- \/ Yoast SEO plugin. -->","yoast_head_json":{"title":"Nutri Salon \u2013 Szampon do w\u0142os\u00f3w suchych i \u0142amliwych","description":"Nutri Salon, szampon do w\u0142os\u00f3w suchych i \u0142amliwych. Delikatnie oczyszcza i przywraca optymalny poziom nawil\u017cenia w\u0142os\u00f3w,","robots":{"index":"index","follow":"follow","max-snippet":"max-snippet:-1","max-image-preview":"max-image-preview:large","max-video-preview":"max-video-preview:-1"},"canonical":"https:\/\/seipuntozero-haircare.it\/pl\/prodotto\/nutri-salon-szampon-do-wlosow-suchych-i-lamliwych\/","og_locale":"pl_PL","og_type":"article","og_title":"Nutri Salon \u2013 Szampon do w\u0142os\u00f3w suchych i \u0142amliwych","og_description":"Nutri Salon, szampon do w\u0142os\u00f3w suchych i \u0142amliwych. Delikatnie oczyszcza i przywraca optymalny poziom nawil\u017cenia w\u0142os\u00f3w,","og_url":"https:\/\/seipuntozero-haircare.it\/pl\/prodotto\/nutri-salon-szampon-do-wlosow-suchych-i-lamliwych\/","og_site_name":"6.Zero","article_modified_time":"2023-11-17T11:06:19+00:00","og_image":[{"width":600,"height":600,"url":"https:\/\/seipuntozero-haircare.it\/wp-content\/uploads\/2017\/03\/262137_sei_punto_zero_nutri_salon_shampoo_1000ml.png","type":"image\/png"}],"twitter_card":"summary_large_image","twitter_misc":{"Szacowany czas czytania":"1 minuta"},"schema":{"@context":"https:\/\/schema.org","@graph":[{"@type":"WebPage","@id":"https:\/\/seipuntozero-haircare.it\/pl\/prodotto\/nutri-salon-szampon-do-wlosow-suchych-i-lamliwych\/","url":"https:\/\/seipuntozero-haircare.it\/pl\/prodotto\/nutri-salon-szampon-do-wlosow-suchych-i-lamliwych\/","name":"Nutri Salon \u2013 Szampon do w\u0142os\u00f3w suchych i \u0142amliwych","isPartOf":{"@id":"https:\/\/seipuntozero-haircare.it\/pl\/#website"},"primaryImageOfPage":{"@id":"https:\/\/seipuntozero-haircare.it\/pl\/prodotto\/nutri-salon-szampon-do-wlosow-suchych-i-lamliwych\/#primaryimage"},"image":{"@id":"https:\/\/seipuntozero-haircare.it\/pl\/prodotto\/nutri-salon-szampon-do-wlosow-suchych-i-lamliwych\/#primaryimage"},"thumbnailUrl":"https:\/\/seipuntozero-haircare.it\/wp-content\/uploads\/2017\/03\/262137_sei_punto_zero_nutri_salon_shampoo_1000ml.png","datePublished":"2017-03-15T13:57:47+00:00","dateModified":"2023-11-17T11:06:19+00:00","description":"Nutri Salon, szampon do w\u0142os\u00f3w suchych i \u0142amliwych. Delikatnie oczyszcza i przywraca optymalny poziom nawil\u017cenia w\u0142os\u00f3w,","breadcrumb":{"@id":"https:\/\/seipuntozero-haircare.it\/pl\/prodotto\/nutri-salon-szampon-do-wlosow-suchych-i-lamliwych\/#breadcrumb"},"inLanguage":"pl-PL","potentialAction":[{"@type":"ReadAction","target":["https:\/\/seipuntozero-haircare.it\/pl\/prodotto\/nutri-salon-szampon-do-wlosow-suchych-i-lamliwych\/"]}]},{"@type":"ImageObject","inLanguage":"pl-PL","@id":"https:\/\/seipuntozero-haircare.it\/pl\/prodotto\/nutri-salon-szampon-do-wlosow-suchych-i-lamliwych\/#primaryimage","url":"https:\/\/seipuntozero-haircare.it\/wp-content\/uploads\/2017\/03\/262137_sei_punto_zero_nutri_salon_shampoo_1000ml.png","contentUrl":"https:\/\/seipuntozero-haircare.it\/wp-content\/uploads\/2017\/03\/262137_sei_punto_zero_nutri_salon_shampoo_1000ml.png","width":600,"height":600},{"@type":"BreadcrumbList","@id":"https:\/\/seipuntozero-haircare.it\/pl\/prodotto\/nutri-salon-szampon-do-wlosow-suchych-i-lamliwych\/#breadcrumb","itemListElement":[{"@type":"ListItem","position":1,"name":"Home","item":"https:\/\/seipuntozero-haircare.it\/pl\/"},{"@type":"ListItem","position":2,"name":"Prodotti","item":"https:\/\/seipuntozero-haircare.it\/prodotti\/"},{"@type":"ListItem","position":3,"name":"NUTRI SALON Szampon do w\u0142os\u00f3w suchych i \u0142amliwych"}]},{"@type":"WebSite","@id":"https:\/\/seipuntozero-haircare.it\/pl\/#website","url":"https:\/\/seipuntozero-haircare.it\/pl\/","name":"6.Zero","description":"Essential Touch","potentialAction":[{"@type":"SearchAction","target":{"@type":"EntryPoint","urlTemplate":"https:\/\/seipuntozero-haircare.it\/pl\/?s={search_term_string}"},"query-input":{"@type":"PropertyValueSpecification","valueRequired":true,"valueName":"search_term_string"}}],"inLanguage":"pl-PL"}]}},"_links":{"self":[{"href":"https:\/\/seipuntozero-haircare.it\/pl\/wp-json\/wp\/v2\/product\/21841","targetHints":{"allow":["GET"]}}],"collection":[{"href":"https:\/\/seipuntozero-haircare.it\/pl\/wp-json\/wp\/v2\/product"}],"about":[{"href":"https:\/\/seipuntozero-haircare.it\/pl\/wp-json\/wp\/v2\/types\/product"}],"wp:featuredmedia":[{"embeddable":true,"href":"https:\/\/seipuntozero-haircare.it\/pl\/wp-json\/wp\/v2\/media\/21398"}],"wp:attachment":[{"href":"https:\/\/seipuntozero-haircare.it\/pl\/wp-json\/wp\/v2\/media?parent=21841"}],"wp:term":[{"taxonomy":"product_brand","embeddable":true,"href":"https:\/\/seipuntozero-haircare.it\/pl\/wp-json\/wp\/v2\/product_brand?post=21841"},{"taxonomy":"product_cat","embeddable":true,"href":"https:\/\/seipuntozero-haircare.it\/pl\/wp-json\/wp\/v2\/product_cat?post=21841"},{"taxonomy":"product_tag","embeddable":true,"href":"https:\/\/seipuntozero-haircare.it\/pl\/wp-json\/wp\/v2\/product_tag?post=21841"}],"curies":[{"name":"wp","href":"https:\/\/api.w.org\/{rel}","templated":true}]}}