{"id":21839,"date":"2019-11-19T12:00:15","date_gmt":"2019-11-19T11:00:15","guid":{"rendered":"https:\/\/seipuntozero-haircare.it\/prodotto\/regular-salon-odzywka-do-czestego-stosowania\/"},"modified":"2023-11-17T12:02:33","modified_gmt":"2023-11-17T11:02:33","slug":"regular-salon-odzywka-do-czestego-stosowania","status":"publish","type":"product","link":"https:\/\/seipuntozero-haircare.it\/pl\/prodotto\/regular-salon-odzywka-do-czestego-stosowania\/","title":{"rendered":"REGULAR SALON <br> Od\u017cywka do cz\u0119stego stosowania"},"content":{"rendered":"<ul>\n<li style=\"font-weight: 400;\" aria-level=\"1\"><span style=\"font-weight: 400;\">Rozpl\u0105tuje w\u0142osy i u\u0142atwia ich rozczesywanie<\/span><\/li>\n<li style=\"font-weight: 400;\" aria-level=\"1\"><span style=\"font-weight: 400;\">Sprawia, \u017ce w\u0142osy s\u0105 mi\u0119kkie i jedwabiste<\/span><\/li>\n<li style=\"font-weight: 400;\" aria-level=\"1\"><span style=\"font-weight: 400;\">Chroni rozdwojone ko\u0144c\u00f3wki<\/span><\/li>\n<li style=\"font-weight: 400;\" aria-level=\"1\"><span style=\"font-weight: 400;\">Idealna do cz\u0119stego stosowania<\/span><\/li>\n<\/ul>\n","protected":false},"excerpt":{"rendered":"<p><span style=\"font-weight: 400;\">Od\u017cywka do w\u0142os\u00f3w Regular Salon zosta\u0142a przeznaczona do cz\u0119stego stosowania.<\/span><\/p>\n<p><span style=\"font-weight: 400;\">Bogata w specjalne sk\u0142adniki aktywne u\u0142atwiaj\u0105ce rozczesywanie i zmi\u0119kczanie jest idealnym sprzymierze\u0144cem w\u0142os\u00f3w wymagaj\u0105cych codziennej piel\u0119gnacji. W\u0142osy staj\u0105 si\u0119 nie tylko mocniejsze i \u0142atwiejsze w rozczesywaniu dzi\u0119ki cz\u0119stemu stosowaniu od\u017cywki Regular Salon, ale i mi\u0119kkie jak jedwab i niewiarygodnie pe\u0142ne blasku. Delikatna formu\u0142a od\u017cywki 6.Zero chroni rozdwojone ko\u0144c\u00f3wki, nie obci\u0105\u017caj\u0105c w\u0142os\u00f3w.<\/span><\/p>\n<p><span style=\"font-weight: 400;\">Pojemno\u015b\u0107 1000 ml<\/span><\/p>\n","protected":false},"featured_media":21395,"template":"","meta":[],"product_brand":[],"product_cat":[1202],"product_tag":[],"class_list":["post-21839","product","type-product","status-publish","has-post-thumbnail","hentry","product_cat-salon-treatments-pl"],"yoast_head":"<!-- This site is optimized with the Yoast SEO plugin v27.1.1 - https:\/\/yoast.com\/product\/yoast-seo-wordpress\/ -->\n<title>Regular Salon - Od\u017cywka do cz\u0119stego stosowania<\/title>\n<meta name=\"description\" content=\"Bogata w specjalne sk\u0142adniki aktywne u\u0142atwiaj\u0105ce rozczesywanie i zmi\u0119kczanie jest idealnym sprzymierze\u0144cem w\u0142os\u00f3w wymagaj\u0105cych codziennej piel\u0119gnacji.\" \/>\n<meta name=\"robots\" content=\"index, follow, max-snippet:-1, max-image-preview:large, max-video-preview:-1\" \/>\n<link rel=\"canonical\" href=\"https:\/\/seipuntozero-haircare.it\/pl\/prodotto\/regular-salon-odzywka-do-czestego-stosowania\/\" \/>\n<meta property=\"og:locale\" content=\"pl_PL\" \/>\n<meta property=\"og:type\" content=\"article\" \/>\n<meta property=\"og:title\" content=\"Regular Salon - Od\u017cywka do cz\u0119stego stosowania\" \/>\n<meta property=\"og:description\" content=\"Bogata w specjalne sk\u0142adniki aktywne u\u0142atwiaj\u0105ce rozczesywanie i zmi\u0119kczanie jest idealnym sprzymierze\u0144cem w\u0142os\u00f3w wymagaj\u0105cych codziennej piel\u0119gnacji.\" \/>\n<meta property=\"og:url\" content=\"https:\/\/seipuntozero-haircare.it\/pl\/prodotto\/regular-salon-odzywka-do-czestego-stosowania\/\" \/>\n<meta property=\"og:site_name\" content=\"6.Zero\" \/>\n<meta property=\"article:modified_time\" content=\"2023-11-17T11:02:33+00:00\" \/>\n<meta property=\"og:image\" content=\"https:\/\/seipuntozero-haircare.it\/wp-content\/uploads\/2019\/11\/263127_sei_punto_zero_regular_salon_conditioner_1000ml.png\" \/>\n\t<meta property=\"og:image:width\" content=\"600\" \/>\n\t<meta property=\"og:image:height\" content=\"600\" \/>\n\t<meta property=\"og:image:type\" content=\"image\/png\" \/>\n<meta name=\"twitter:card\" content=\"summary_large_image\" \/>\n<meta name=\"twitter:label1\" content=\"Szacowany czas czytania\" \/>\n\t<meta name=\"twitter:data1\" content=\"1 minuta\" \/>\n<script type=\"application\/ld+json\" class=\"yoast-schema-graph\">{\"@context\":\"https:\/\/schema.org\",\"@graph\":[{\"@type\":\"WebPage\",\"@id\":\"https:\/\/seipuntozero-haircare.it\/pl\/prodotto\/regular-salon-odzywka-do-czestego-stosowania\/\",\"url\":\"https:\/\/seipuntozero-haircare.it\/pl\/prodotto\/regular-salon-odzywka-do-czestego-stosowania\/\",\"name\":\"Regular Salon - Od\u017cywka do cz\u0119stego stosowania\",\"isPartOf\":{\"@id\":\"https:\/\/seipuntozero-haircare.it\/pl\/#website\"},\"primaryImageOfPage\":{\"@id\":\"https:\/\/seipuntozero-haircare.it\/pl\/prodotto\/regular-salon-odzywka-do-czestego-stosowania\/#primaryimage\"},\"image\":{\"@id\":\"https:\/\/seipuntozero-haircare.it\/pl\/prodotto\/regular-salon-odzywka-do-czestego-stosowania\/#primaryimage\"},\"thumbnailUrl\":\"https:\/\/seipuntozero-haircare.it\/wp-content\/uploads\/2019\/11\/263127_sei_punto_zero_regular_salon_conditioner_1000ml.png\",\"datePublished\":\"2019-11-19T11:00:15+00:00\",\"dateModified\":\"2023-11-17T11:02:33+00:00\",\"description\":\"Bogata w specjalne sk\u0142adniki aktywne u\u0142atwiaj\u0105ce rozczesywanie i zmi\u0119kczanie jest idealnym sprzymierze\u0144cem w\u0142os\u00f3w wymagaj\u0105cych codziennej piel\u0119gnacji.\",\"breadcrumb\":{\"@id\":\"https:\/\/seipuntozero-haircare.it\/pl\/prodotto\/regular-salon-odzywka-do-czestego-stosowania\/#breadcrumb\"},\"inLanguage\":\"pl-PL\",\"potentialAction\":[{\"@type\":\"ReadAction\",\"target\":[\"https:\/\/seipuntozero-haircare.it\/pl\/prodotto\/regular-salon-odzywka-do-czestego-stosowania\/\"]}]},{\"@type\":\"ImageObject\",\"inLanguage\":\"pl-PL\",\"@id\":\"https:\/\/seipuntozero-haircare.it\/pl\/prodotto\/regular-salon-odzywka-do-czestego-stosowania\/#primaryimage\",\"url\":\"https:\/\/seipuntozero-haircare.it\/wp-content\/uploads\/2019\/11\/263127_sei_punto_zero_regular_salon_conditioner_1000ml.png\",\"contentUrl\":\"https:\/\/seipuntozero-haircare.it\/wp-content\/uploads\/2019\/11\/263127_sei_punto_zero_regular_salon_conditioner_1000ml.png\",\"width\":600,\"height\":600},{\"@type\":\"BreadcrumbList\",\"@id\":\"https:\/\/seipuntozero-haircare.it\/pl\/prodotto\/regular-salon-odzywka-do-czestego-stosowania\/#breadcrumb\",\"itemListElement\":[{\"@type\":\"ListItem\",\"position\":1,\"name\":\"Home\",\"item\":\"https:\/\/seipuntozero-haircare.it\/pl\/\"},{\"@type\":\"ListItem\",\"position\":2,\"name\":\"Prodotti\",\"item\":\"https:\/\/seipuntozero-haircare.it\/prodotti\/\"},{\"@type\":\"ListItem\",\"position\":3,\"name\":\"REGULAR SALON Od\u017cywka do cz\u0119stego stosowania\"}]},{\"@type\":\"WebSite\",\"@id\":\"https:\/\/seipuntozero-haircare.it\/pl\/#website\",\"url\":\"https:\/\/seipuntozero-haircare.it\/pl\/\",\"name\":\"6.Zero\",\"description\":\"Essential Touch\",\"potentialAction\":[{\"@type\":\"SearchAction\",\"target\":{\"@type\":\"EntryPoint\",\"urlTemplate\":\"https:\/\/seipuntozero-haircare.it\/pl\/?s={search_term_string}\"},\"query-input\":{\"@type\":\"PropertyValueSpecification\",\"valueRequired\":true,\"valueName\":\"search_term_string\"}}],\"inLanguage\":\"pl-PL\"}]}<\/script>\n<!-- \/ Yoast SEO plugin. -->","yoast_head_json":{"title":"Regular Salon - Od\u017cywka do cz\u0119stego stosowania","description":"Bogata w specjalne sk\u0142adniki aktywne u\u0142atwiaj\u0105ce rozczesywanie i zmi\u0119kczanie jest idealnym sprzymierze\u0144cem w\u0142os\u00f3w wymagaj\u0105cych codziennej piel\u0119gnacji.","robots":{"index":"index","follow":"follow","max-snippet":"max-snippet:-1","max-image-preview":"max-image-preview:large","max-video-preview":"max-video-preview:-1"},"canonical":"https:\/\/seipuntozero-haircare.it\/pl\/prodotto\/regular-salon-odzywka-do-czestego-stosowania\/","og_locale":"pl_PL","og_type":"article","og_title":"Regular Salon - Od\u017cywka do cz\u0119stego stosowania","og_description":"Bogata w specjalne sk\u0142adniki aktywne u\u0142atwiaj\u0105ce rozczesywanie i zmi\u0119kczanie jest idealnym sprzymierze\u0144cem w\u0142os\u00f3w wymagaj\u0105cych codziennej piel\u0119gnacji.","og_url":"https:\/\/seipuntozero-haircare.it\/pl\/prodotto\/regular-salon-odzywka-do-czestego-stosowania\/","og_site_name":"6.Zero","article_modified_time":"2023-11-17T11:02:33+00:00","og_image":[{"width":600,"height":600,"url":"https:\/\/seipuntozero-haircare.it\/wp-content\/uploads\/2019\/11\/263127_sei_punto_zero_regular_salon_conditioner_1000ml.png","type":"image\/png"}],"twitter_card":"summary_large_image","twitter_misc":{"Szacowany czas czytania":"1 minuta"},"schema":{"@context":"https:\/\/schema.org","@graph":[{"@type":"WebPage","@id":"https:\/\/seipuntozero-haircare.it\/pl\/prodotto\/regular-salon-odzywka-do-czestego-stosowania\/","url":"https:\/\/seipuntozero-haircare.it\/pl\/prodotto\/regular-salon-odzywka-do-czestego-stosowania\/","name":"Regular Salon - Od\u017cywka do cz\u0119stego stosowania","isPartOf":{"@id":"https:\/\/seipuntozero-haircare.it\/pl\/#website"},"primaryImageOfPage":{"@id":"https:\/\/seipuntozero-haircare.it\/pl\/prodotto\/regular-salon-odzywka-do-czestego-stosowania\/#primaryimage"},"image":{"@id":"https:\/\/seipuntozero-haircare.it\/pl\/prodotto\/regular-salon-odzywka-do-czestego-stosowania\/#primaryimage"},"thumbnailUrl":"https:\/\/seipuntozero-haircare.it\/wp-content\/uploads\/2019\/11\/263127_sei_punto_zero_regular_salon_conditioner_1000ml.png","datePublished":"2019-11-19T11:00:15+00:00","dateModified":"2023-11-17T11:02:33+00:00","description":"Bogata w specjalne sk\u0142adniki aktywne u\u0142atwiaj\u0105ce rozczesywanie i zmi\u0119kczanie jest idealnym sprzymierze\u0144cem w\u0142os\u00f3w wymagaj\u0105cych codziennej piel\u0119gnacji.","breadcrumb":{"@id":"https:\/\/seipuntozero-haircare.it\/pl\/prodotto\/regular-salon-odzywka-do-czestego-stosowania\/#breadcrumb"},"inLanguage":"pl-PL","potentialAction":[{"@type":"ReadAction","target":["https:\/\/seipuntozero-haircare.it\/pl\/prodotto\/regular-salon-odzywka-do-czestego-stosowania\/"]}]},{"@type":"ImageObject","inLanguage":"pl-PL","@id":"https:\/\/seipuntozero-haircare.it\/pl\/prodotto\/regular-salon-odzywka-do-czestego-stosowania\/#primaryimage","url":"https:\/\/seipuntozero-haircare.it\/wp-content\/uploads\/2019\/11\/263127_sei_punto_zero_regular_salon_conditioner_1000ml.png","contentUrl":"https:\/\/seipuntozero-haircare.it\/wp-content\/uploads\/2019\/11\/263127_sei_punto_zero_regular_salon_conditioner_1000ml.png","width":600,"height":600},{"@type":"BreadcrumbList","@id":"https:\/\/seipuntozero-haircare.it\/pl\/prodotto\/regular-salon-odzywka-do-czestego-stosowania\/#breadcrumb","itemListElement":[{"@type":"ListItem","position":1,"name":"Home","item":"https:\/\/seipuntozero-haircare.it\/pl\/"},{"@type":"ListItem","position":2,"name":"Prodotti","item":"https:\/\/seipuntozero-haircare.it\/prodotti\/"},{"@type":"ListItem","position":3,"name":"REGULAR SALON Od\u017cywka do cz\u0119stego stosowania"}]},{"@type":"WebSite","@id":"https:\/\/seipuntozero-haircare.it\/pl\/#website","url":"https:\/\/seipuntozero-haircare.it\/pl\/","name":"6.Zero","description":"Essential Touch","potentialAction":[{"@type":"SearchAction","target":{"@type":"EntryPoint","urlTemplate":"https:\/\/seipuntozero-haircare.it\/pl\/?s={search_term_string}"},"query-input":{"@type":"PropertyValueSpecification","valueRequired":true,"valueName":"search_term_string"}}],"inLanguage":"pl-PL"}]}},"_links":{"self":[{"href":"https:\/\/seipuntozero-haircare.it\/pl\/wp-json\/wp\/v2\/product\/21839","targetHints":{"allow":["GET"]}}],"collection":[{"href":"https:\/\/seipuntozero-haircare.it\/pl\/wp-json\/wp\/v2\/product"}],"about":[{"href":"https:\/\/seipuntozero-haircare.it\/pl\/wp-json\/wp\/v2\/types\/product"}],"wp:featuredmedia":[{"embeddable":true,"href":"https:\/\/seipuntozero-haircare.it\/pl\/wp-json\/wp\/v2\/media\/21395"}],"wp:attachment":[{"href":"https:\/\/seipuntozero-haircare.it\/pl\/wp-json\/wp\/v2\/media?parent=21839"}],"wp:term":[{"taxonomy":"product_brand","embeddable":true,"href":"https:\/\/seipuntozero-haircare.it\/pl\/wp-json\/wp\/v2\/product_brand?post=21839"},{"taxonomy":"product_cat","embeddable":true,"href":"https:\/\/seipuntozero-haircare.it\/pl\/wp-json\/wp\/v2\/product_cat?post=21839"},{"taxonomy":"product_tag","embeddable":true,"href":"https:\/\/seipuntozero-haircare.it\/pl\/wp-json\/wp\/v2\/product_tag?post=21839"}],"curies":[{"name":"wp","href":"https:\/\/api.w.org\/{rel}","templated":true}]}}